{"id":16853,"date":"2024-06-01T19:59:33","date_gmt":"2024-06-01T19:59:33","guid":{"rendered":"https:\/\/www.haartick-extensions.de\/wordpress\/?page_id=16853"},"modified":"2026-01-04T15:52:47","modified_gmt":"2026-01-04T15:52:47","slug":"preise","status":"publish","type":"page","link":"https:\/\/www.haartick-extensions.de\/de\/preise\/","title":{"rendered":"Preise"},"content":{"rendered":"\t\t<div data-elementor-type=\"wp-page\" data-elementor-id=\"16853\" class=\"elementor elementor-16853\" data-elementor-post-type=\"page\">\n\t\t\t\t\t\t<section class=\"wd-negative-gap elementor-section elementor-top-section elementor-element elementor-element-614585d elementor-section-full_width elementor-section-height-default elementor-section-height-default\" data-id=\"614585d\" data-element_type=\"section\">\n\t\t\t\t\t\t<div class=\"elementor-container elementor-column-gap-default\">\n\t\t\t\t\t<div class=\"elementor-column elementor-col-100 elementor-top-column elementor-element elementor-element-60a610ba\" data-id=\"60a610ba\" data-element_type=\"column\">\n\t\t\t<div class=\"elementor-widget-wrap elementor-element-populated\">\n\t\t\t\t\t\t<div class=\"elementor-element elementor-element-6d68330d wd-width-100 elementor-widget elementor-widget-wd_title\" data-id=\"6d68330d\" data-element_type=\"widget\" data-widget_type=\"wd_title.default\">\n\t\t\t\t<div class=\"elementor-widget-container\">\n\t\t\t\t\t\t\t<div class=\"title-wrapper wd-set-mb reset-last-child wd-title-color-primary wd-title-style-bordered wd-title-size-default text-center\">\n\n\t\t\t\t\t\t\t\t\t\t\t<div class=\"title-subtitle subtitle-color-primary subtitle-style-default wd-fontsize-xs\">\n\t\t\t\t\tg\u00fcltig ab 01.01.2026\t\t\t\t<\/div>\n\t\t\t\n\t\t\t<div class=\"liner-continer\">\n\t\t\t\t<h4 class=\"woodmart-title-container title wd-fontsize-l\">Preisliste Haartick-Extensions <\/h4> \n\t\t\t\t\t\t\t<\/div>\n\n\t\t\t\t\t<\/div>\n\t\t\t\t\t\t<\/div>\n\t\t\t\t<\/div>\n\t\t\t\t<div class=\"elementor-element elementor-element-8339643 color-scheme-inherit text-left elementor-widget elementor-widget-text-editor\" data-id=\"8339643\" data-element_type=\"widget\" data-widget_type=\"text-editor.default\">\n\t\t\t\t<div class=\"elementor-widget-container\">\n\t\t\t\t\t\t\t\t\t<div style=\"background: #fcf0f2; padding: 10px;\"><strong>Bonding-Methode<\/strong>\ninkl. wiederverwendbares, 100% Echthaar &#8211; glatt, gewellt, lockig<\/div>\n<div style=\"background: #fcf0f2; padding: 10px;\"><span>Beratung, Einsetzen &amp; Anpassungsschnitt der Extensions<\/span><\/div>\t\t\t\t\t\t\t\t<\/div>\n\t\t\t\t<\/div>\n\t\t\t\t<div class=\"elementor-element elementor-element-85dff58 text-center color-scheme-inherit elementor-widget elementor-widget-text-editor\" data-id=\"85dff58\" data-element_type=\"widget\" data-widget_type=\"text-editor.default\">\n\t\t\t\t<div class=\"elementor-widget-container\">\n\t\t\t\t\t\t\t\t\t<table style=\"border: 1px solid #0000001b;\">\n<thead style=\"border-top: 1px solid #0000001b;\">\n<tr>\n<td colspan=\"2\"><strong style=\"color: #d57988;\">40cm (0,8 Gramm pro Str\u00e4hne)<\/strong><\/td>\n<\/tr>\n<\/thead>\n<tbody>\n<tr>\n<td>100 Str\u00e4hnen<\/td>\n<td>359 \u20ac<\/td>\n<\/tr>\n<tr>\n<td>125 Str\u00e4hnen<\/td>\n<td>449 \u20ac<\/td>\n<\/tr>\n<tr>\n<td>150 Str\u00e4hnen<\/td>\n<td>535 \u20ac<\/td>\n<\/tr>\n<tr>\n<td>175 Str\u00e4hnen<\/td>\n<td>615 \u20ac<\/td>\n<\/tr>\n<tr>\n<td>200 Str\u00e4hnen<\/td>\n<td>705 \u20ac<\/td>\n<\/tr>\n<\/tbody>\n<\/table>\n<table style=\"border: 1px solid #0000001b;\">\n<thead style=\"border-top: 1px solid #0000001b;\">\n<tr>\n<td colspan=\"2\"><strong style=\"color: #d57988;\">50cm (0,8 Gramm pro Str\u00e4hne)<\/strong><\/td>\n<\/tr>\n<\/thead>\n<tbody>\n<tr>\n<td>100 Str\u00e4hnen<\/td>\n<td>399 \u20ac<\/td>\n<\/tr>\n<tr>\n<td>125 Str\u00e4hnen<\/td>\n<td>499 \u20ac<\/td>\n<\/tr>\n<tr>\n<td>150 Str\u00e4hnen<\/td>\n<td>589 \u20ac<\/td>\n<\/tr>\n<tr>\n<td>175 Str\u00e4hnen<\/td>\n<td>689 \u20ac<\/td>\n<\/tr>\n<tr>\n<td>200 Str\u00e4hnen<\/td>\n<td>789 \u20ac<\/td>\n<\/tr>\n<\/tbody>\n<\/table>\n<table style=\"border: 1px solid #0000001b;\">\n<thead style=\"border-top: 1px solid #0000001b;\">\n<tr>\n<td colspan=\"2\"><strong style=\"color: #d57988;\">60cm (0,8 Gramm pro Str\u00e4hne)<\/strong><\/td>\n<\/tr>\n<\/thead>\n<tbody>\n<tr>\n<td>100 Str\u00e4hnen<\/td>\n<td>435 \u20ac<\/td>\n<\/tr>\n<tr>\n<td>125 Str\u00e4hnen<\/td>\n<td>539 \u20ac<\/td>\n<\/tr>\n<tr>\n<td>150 Str\u00e4hnen<\/td>\n<td>645 \u20ac<\/td>\n<\/tr>\n<tr>\n<td>175 Str\u00e4hnen<\/td>\n<td>749 \u20ac<\/td>\n<\/tr>\n<tr>\n<td>200 Str\u00e4hnen<\/td>\n<td>855 \u20ac<\/td>\n<\/tr>\n<\/tbody>\n<\/table>\n<table style=\"border: 1px solid #0000001b;\">\n<thead style=\"border-top: 1px solid #0000001b;\">\n<tr>\n<td colspan=\"2\"><strong style=\"color: #d57988;\">70cm (1 Gramm pro Str\u00e4hne)<\/strong><\/td>\n<\/tr>\n<\/thead>\n<tbody>\n<tr>\n<td>100 Str\u00e4hnen<\/td>\n<td>575 \u20ac<\/td>\n<\/tr>\n<tr>\n<td>125 Str\u00e4hnen<\/td>\n<td>719 \u20ac<\/td>\n<\/tr>\n<tr>\n<td>150 Str\u00e4hnen<\/td>\n<td>865 \u20ac<\/td>\n<\/tr>\n<tr>\n<td>175 Str\u00e4hnen<\/td>\n<td>999 \u20ac<\/td>\n<\/tr>\n<tr>\n<td>200 Str\u00e4hnen<\/td>\n<td>1139 \u20ac<\/td>\n<\/tr>\n<\/tbody>\n<\/table>\t\t\t\t\t\t\t\t<\/div>\n\t\t\t\t<\/div>\n\t\t\t\t<div class=\"elementor-element elementor-element-2ac83a2 color-scheme-inherit text-left elementor-widget elementor-widget-text-editor\" data-id=\"2ac83a2\" data-element_type=\"widget\" data-widget_type=\"text-editor.default\">\n\t\t\t\t<div class=\"elementor-widget-container\">\n\t\t\t\t\t\t\t\t\t<div style=\"background: #fcf0f2; padding: 10px;\"><strong>Tape-Methode<\/strong><br>inkl. wiederverwendbares, 100% Echthaar &#8211; glatt<\/div>\n<div style=\"background: #fcf0f2; padding: 10px;\">Beratung, Einsetzen &amp; Anpassungsschnitt der Extensions<\/div>\t\t\t\t\t\t\t\t<\/div>\n\t\t\t\t<\/div>\n\t\t\t\t<div class=\"elementor-element elementor-element-752cb65 color-scheme-inherit text-left elementor-widget elementor-widget-text-editor\" data-id=\"752cb65\" data-element_type=\"widget\" data-widget_type=\"text-editor.default\">\n\t\t\t\t<div class=\"elementor-widget-container\">\n\t\t\t\t\t\t\t\t\t<div style=\"background: #fcf0f2; padding: 10px;\"><strong>50cm <\/strong>wiederverwendbares Haar <strong>glatt<\/strong> <strong>Tape Methode<\/strong>, inklusive einsetzen und Anpassungsschnitt der Extensions:<\/div>\t\t\t\t\t\t\t\t<\/div>\n\t\t\t\t<\/div>\n\t\t\t\t<div class=\"elementor-element elementor-element-5bcef81 text-center color-scheme-inherit elementor-widget elementor-widget-text-editor\" data-id=\"5bcef81\" data-element_type=\"widget\" data-widget_type=\"text-editor.default\">\n\t\t\t\t<div class=\"elementor-widget-container\">\n\t\t\t\t\t\t\t\t\t<table style=\"border: 1px solid #0000001b;\"><thead style=\"border-top: 1px solid #0000001b;\"><\/thead><tbody><tr><td>40 Tape<\/td><td>409 \u20ac<\/td><\/tr><tr><td>50 Tape<\/td><td>505 \u20ac<\/td><\/tr><tr><td>60 Tape<\/td><td>599 \u20ac<\/td><\/tr><tr><td>70 Tape<\/td><td>689 \u20ac<\/td><\/tr><tr><td>80 Tape<\/td><td>785 \u20ac<\/td><\/tr><\/tbody><\/table>\t\t\t\t\t\t\t\t<\/div>\n\t\t\t\t<\/div>\n\t\t\t\t<div class=\"elementor-element elementor-element-adf2714 color-scheme-inherit text-left elementor-widget elementor-widget-text-editor\" data-id=\"adf2714\" data-element_type=\"widget\" data-widget_type=\"text-editor.default\">\n\t\t\t\t<div class=\"elementor-widget-container\">\n\t\t\t\t\t\t\t\t\t<div style=\"background: #fcf0f2; padding: 10px;\"><strong>60cm <\/strong>wiederverwendbares Haar <strong>glatt<\/strong> <strong>Tape Methode<\/strong>, inklusive einsetzen und Anpassungsschnitt der Extensions:<\/div>\t\t\t\t\t\t\t\t<\/div>\n\t\t\t\t<\/div>\n\t\t\t\t<div class=\"elementor-element elementor-element-5855f83 text-center color-scheme-inherit elementor-widget elementor-widget-text-editor\" data-id=\"5855f83\" data-element_type=\"widget\" data-widget_type=\"text-editor.default\">\n\t\t\t\t<div class=\"elementor-widget-container\">\n\t\t\t\t\t\t\t\t\t<table style=\"border: 1px solid #0000001b;\">\n<tbody>\n<tr>\n<td>40 Tape<\/td>\n<td>459 \u20ac<\/td>\n<\/tr>\n<tr>\n<td>50 Tape<\/td>\n<td>565 \u20ac<\/td>\n<\/tr>\n<tr>\n<td>60 Tape<\/td>\n<td>669 \u20ac<\/td>\n<\/tr>\n<tr>\n<td>70 Tape<\/td>\n<td>779 \u20ac<\/td>\n<\/tr>\n<tr>\n<td>80 Tape<\/td>\n<td>885 \u20ac<\/td>\n<\/tr>\n<\/tbody>\n<\/table>\t\t\t\t\t\t\t\t<\/div>\n\t\t\t\t<\/div>\n\t\t\t\t<div class=\"elementor-element elementor-element-e42547c color-scheme-inherit text-left elementor-widget elementor-widget-text-editor\" data-id=\"e42547c\" data-element_type=\"widget\" data-widget_type=\"text-editor.default\">\n\t\t\t\t<div class=\"elementor-widget-container\">\n\t\t\t\t\t\t\t\t\t<p><strong style=\"color: #d57988;\">Rausnehmen &amp; rausk\u00e4mmen<\/strong> <strong style=\"color: #d57988;\">pro Mitarbeiter und Stunde<\/strong> ab 70 \u20ac je nach Aufwand und Zustand<\/p>\n<p><strong style=\"color: #d57988;\">Haarw\u00e4sche (selber f\u00f6hnen<\/strong>) im Anschluss Extensions wieder einsetzen 25 \u20ac<\/p>\n<p><strong style=\"color: #d57988;\">Haarw\u00e4sche inkl. F\u00f6hnen <\/strong>im Anschluss Extensions nicht mehr einsetzen 30 \u20ac<\/p>\n<p><strong style=\"color: #d57988;\">Haare gl\u00e4tten<\/strong> im Anschluss Extensions nicht mehr einsetzen 15 \u20ac<\/p>\n<p><strong style=\"color: #d57988;\">Locken, Wellen<\/strong> inkl Haarspray 40 \u20ac<\/p>\n<p><strong style=\"color: #d57988;\">Reinigungsschnitt<\/strong> <strong style=\"color: #d57988;\">pro Mitarbeiter und halbe Stunde<\/strong> ab 40 \u20ac je nach Aufwand und Zustand<\/p>\n<p><strong style=\"color: #d57988;\">Rebonden <\/strong>0,90 \u20ac pro Str\u00e4hne (bei schlechtem Zustand der Haare, oder nicht sortierten Str\u00e4hnen nach L\u00e4ngen \u2013&nbsp; Aufpreis)<\/p>\t\t\t\t\t\t\t\t<\/div>\n\t\t\t\t<\/div>\n\t\t\t\t<div class=\"elementor-element elementor-element-fb9654f color-scheme-inherit text-left elementor-widget elementor-widget-text-editor\" data-id=\"fb9654f\" data-element_type=\"widget\" data-widget_type=\"text-editor.default\">\n\t\t\t\t<div class=\"elementor-widget-container\">\n\t\t\t\t\t\t\t\t\t<div style=\"background: #fcf0f2; padding: 10px;\"><p><strong>Bondings nur einsetzen<\/strong>\u00a0(Je nach Menge)<\/p><\/div>\t\t\t\t\t\t\t\t<\/div>\n\t\t\t\t<\/div>\n\t\t\t\t<div class=\"elementor-element elementor-element-ba4d285 text-center color-scheme-inherit elementor-widget elementor-widget-text-editor\" data-id=\"ba4d285\" data-element_type=\"widget\" data-widget_type=\"text-editor.default\">\n\t\t\t\t<div class=\"elementor-widget-container\">\n\t\t\t\t\t\t\t\t\t<table style=\"border: 1px solid #0000001b;\"><tbody><tr><td>1-24 Str\u00e4hnen<\/td><td>39 \u20ac<\/td><\/tr><tr><td>25-49 Str\u00e4hnen<\/td><td>75 \u20ac<\/td><\/tr><tr><td>50-100 Str\u00e4hnen<\/td><td>150 \u20ac<\/td><\/tr><tr><td>pro jeder weiteren Str\u00e4hne<\/td><td>1,50 \u20ac<\/td><\/tr><\/tbody><\/table>\t\t\t\t\t\t\t\t<\/div>\n\t\t\t\t<\/div>\n\t\t\t\t<div class=\"elementor-element elementor-element-23c1e94 color-scheme-inherit text-left elementor-widget elementor-widget-text-editor\" data-id=\"23c1e94\" data-element_type=\"widget\" data-widget_type=\"text-editor.default\">\n\t\t\t\t<div class=\"elementor-widget-container\">\n\t\t\t\t\t\t\t\t\t<div style=\"background: #fcf0f2; padding: 10px;\"><p><strong>Fremde Bondings einsetzen<\/strong>\u00a0(Je nach Menge)<\/p><\/div>\t\t\t\t\t\t\t\t<\/div>\n\t\t\t\t<\/div>\n\t\t\t\t<div class=\"elementor-element elementor-element-ba27ceb text-center color-scheme-inherit elementor-widget elementor-widget-text-editor\" data-id=\"ba27ceb\" data-element_type=\"widget\" data-widget_type=\"text-editor.default\">\n\t\t\t\t<div class=\"elementor-widget-container\">\n\t\t\t\t\t\t\t\t\t<table style=\"border: 1px solid #0000001b;\"><tbody><tr><td>1-24 Str\u00e4hnen<\/td><td>44 \u20ac<\/td><\/tr><tr><td>25-49 Str\u00e4hnen<\/td><td>87 \u20ac<\/td><\/tr><tr><td>50-100 Str\u00e4hnen<\/td><td>175 \u20ac<\/td><\/tr><tr><td>pro jeder weiteren Str\u00e4hne<\/td><td>1,75 \u20ac<\/td><\/tr><\/tbody><\/table>\t\t\t\t\t\t\t\t<\/div>\n\t\t\t\t<\/div>\n\t\t\t\t<div class=\"elementor-element elementor-element-b5acff4 color-scheme-inherit text-left elementor-widget elementor-widget-text-editor\" data-id=\"b5acff4\" data-element_type=\"widget\" data-widget_type=\"text-editor.default\">\n\t\t\t\t<div class=\"elementor-widget-container\">\n\t\t\t\t\t\t\t\t\t<div style=\"background: #fcf0f2; padding: 10px;\"><p><strong>Tape nur einsetzen<\/strong> ab 75 \u20ac (Je nach Menge)<\/p><\/div>\t\t\t\t\t\t\t\t<\/div>\n\t\t\t\t<\/div>\n\t\t\t\t<div class=\"elementor-element elementor-element-8b0614a text-center color-scheme-inherit elementor-widget elementor-widget-text-editor\" data-id=\"8b0614a\" data-element_type=\"widget\" data-widget_type=\"text-editor.default\">\n\t\t\t\t<div class=\"elementor-widget-container\">\n\t\t\t\t\t\t\t\t\t<table style=\"border: 1px solid #0000001b;\"><tbody><tr><td>0-40 Tape\u00a0 \u00a0\u00a0<\/td><td>75 \u20ac<\/td><\/tr><tr><td>40-50 Tape<\/td><td>85 \u20ac<\/td><\/tr><tr><td>50-60 Tape<\/td><td>95 \u20ac<\/td><\/tr><tr><td>60-70 Tape<\/td><td>105 \u20ac<\/td><\/tr><tr><td>70-80 Tape<\/td><td>115 \u20ac<\/td><\/tr><\/tbody><\/table>\t\t\t\t\t\t\t\t<\/div>\n\t\t\t\t<\/div>\n\t\t\t\t<div class=\"elementor-element elementor-element-f96e1c2 color-scheme-inherit text-left elementor-widget elementor-widget-text-editor\" data-id=\"f96e1c2\" data-element_type=\"widget\" data-widget_type=\"text-editor.default\">\n\t\t\t\t<div class=\"elementor-widget-container\">\n\t\t\t\t\t\t\t\t\t<div style=\"background: #fcf0f2; padding: 10px;\"><p><strong>Tapes retapen<\/strong> ab 45 \u20ac (bei schlechtem Zustand oder nicht nach L\u00e4ngen sortiert &#8211; Aufpreis)<\/p><\/div>\t\t\t\t\t\t\t\t<\/div>\n\t\t\t\t<\/div>\n\t\t\t\t<div class=\"elementor-element elementor-element-feb826d text-center color-scheme-inherit elementor-widget elementor-widget-text-editor\" data-id=\"feb826d\" data-element_type=\"widget\" data-widget_type=\"text-editor.default\">\n\t\t\t\t<div class=\"elementor-widget-container\">\n\t\t\t\t\t\t\t\t\t<table style=\"border: 1px solid #0000001b;\"><tbody><tr><td>0-40 Tape\u00a0 \u00a0\u00a0<\/td><td>45 \u20ac<\/td><\/tr><tr><td>40-50 Tape<\/td><td>55 \u20ac<\/td><\/tr><tr><td>50-60 Tape<\/td><td>65 \u20ac<\/td><\/tr><tr><td>60-70 Tape<\/td><td>75 \u20ac<\/td><\/tr><tr><td>70-80 Tape<\/td><td>85 \u20ac<\/td><\/tr><\/tbody><\/table>\t\t\t\t\t\t\t\t<\/div>\n\t\t\t\t<\/div>\n\t\t\t\t<div class=\"elementor-element elementor-element-00f96da color-scheme-inherit text-left elementor-widget elementor-widget-text-editor\" data-id=\"00f96da\" data-element_type=\"widget\" data-widget_type=\"text-editor.default\">\n\t\t\t\t<div class=\"elementor-widget-container\">\n\t\t\t\t\t\t\t\t\t<div style=\"background: #fcf0f2; padding: 10px;\"><p><strong>Tapes reinigen<\/strong> ab 35 \u20ac (bei schlechtem Zustand oder nicht nach L\u00e4ngen sortiert &#8211; Aufpreis)<\/p><\/div>\t\t\t\t\t\t\t\t<\/div>\n\t\t\t\t<\/div>\n\t\t\t\t<div class=\"elementor-element elementor-element-65026ee text-center color-scheme-inherit elementor-widget elementor-widget-text-editor\" data-id=\"65026ee\" data-element_type=\"widget\" data-widget_type=\"text-editor.default\">\n\t\t\t\t<div class=\"elementor-widget-container\">\n\t\t\t\t\t\t\t\t\t<table style=\"border: 1px solid #0000001b;\"><tbody><tr><td>0-40 Tape\u00a0 \u00a0\u00a0<\/td><td>35 \u20ac<\/td><\/tr><tr><td>40-50 Tape<\/td><td>45 \u20ac<\/td><\/tr><tr><td>50-60 Tape<\/td><td>55 \u20ac<\/td><\/tr><tr><td>60-70 Tape<\/td><td>65 \u20ac<\/td><\/tr><tr><td>70-80 Tape<\/td><td>75 \u20ac<\/td><\/tr><\/tbody><\/table>\t\t\t\t\t\t\t\t<\/div>\n\t\t\t\t<\/div>\n\t\t\t\t<div class=\"elementor-element elementor-element-3a7b926 color-scheme-inherit text-left elementor-widget elementor-widget-text-editor\" data-id=\"3a7b926\" data-element_type=\"widget\" data-widget_type=\"text-editor.default\">\n\t\t\t\t<div class=\"elementor-widget-container\">\n\t\t\t\t\t\t\t\t\t<p><strong style=\"color: #d57988;\">Biokeratingl\u00e4ttung<\/strong><\/p><p>inkl. Haarmaske und Shampoo<\/p><p>D\u00fcnnes, kurzes Haar 270 \u20ac<\/p><p>Mittlere Haarl\u00e4nge und -dichte 285 \u20ac<\/p><p>Langes, dichtes Haar 310 \u20ac<\/p>\t\t\t\t\t\t\t\t<\/div>\n\t\t\t\t<\/div>\n\t\t\t\t\t<\/div>\n\t\t<\/div>\n\t\t\t\t\t<\/div>\n\t\t<\/section>\n\t\t\t\t<\/div>\n\t\t","protected":false},"excerpt":{"rendered":"<p>g\u00fcltig ab 01.01.2026 Preisliste Haartick-Extensions Bonding-Methode inkl. wiederverwendbares, 100% Echthaar &#8211; glatt, gewellt, lockig Beratung, Einsetzen &amp; Anpassungsschnitt der Extensions<\/p>\n","protected":false},"author":1,"featured_media":0,"parent":0,"menu_order":0,"comment_status":"closed","ping_status":"closed","template":"","meta":{"_joinchat":[],"footnotes":""},"class_list":["post-16853","page","type-page","status-publish","hentry"],"yoast_head":"<!-- This site is optimized with the Yoast SEO plugin v25.6 - https:\/\/yoast.com\/wordpress\/plugins\/seo\/ -->\n<title>Preise - Haartick-Extensions<\/title>\n<meta name=\"description\" content=\"Preisliste Haartick-Extensions\" \/>\n<meta name=\"robots\" content=\"index, follow, max-snippet:-1, max-image-preview:large, max-video-preview:-1\" \/>\n<link rel=\"canonical\" href=\"https:\/\/www.haartick-extensions.de\/de\/preise\/\" \/>\n<meta property=\"og:locale\" content=\"de_DE\" \/>\n<meta property=\"og:type\" content=\"article\" \/>\n<meta property=\"og:title\" content=\"Preise - Haartick-Extensions\" \/>\n<meta property=\"og:description\" content=\"Preisliste Haartick-Extensions\" \/>\n<meta property=\"og:url\" content=\"https:\/\/www.haartick-extensions.de\/de\/preise\/\" \/>\n<meta property=\"og:site_name\" content=\"Haartick-Extensions\" \/>\n<meta property=\"article:modified_time\" content=\"2026-01-04T15:52:47+00:00\" \/>\n<meta name=\"twitter:card\" content=\"summary_large_image\" \/>\n<meta name=\"twitter:label1\" content=\"Gesch\u00e4tzte Lesezeit\" \/>\n\t<meta name=\"twitter:data1\" content=\"3\u00a0Minuten\" \/>\n<script type=\"application\/ld+json\" class=\"yoast-schema-graph\">{\"@context\":\"https:\/\/schema.org\",\"@graph\":[{\"@type\":\"WebPage\",\"@id\":\"https:\/\/www.haartick-extensions.de\/de\/preise\/\",\"url\":\"https:\/\/www.haartick-extensions.de\/de\/preise\/\",\"name\":\"Preise - Haartick-Extensions\",\"isPartOf\":{\"@id\":\"https:\/\/www.haartick-extensions.de\/it\/#website\"},\"datePublished\":\"2024-06-01T19:59:33+00:00\",\"dateModified\":\"2026-01-04T15:52:47+00:00\",\"description\":\"Preisliste Haartick-Extensions\",\"breadcrumb\":{\"@id\":\"https:\/\/www.haartick-extensions.de\/de\/preise\/#breadcrumb\"},\"inLanguage\":\"de\",\"potentialAction\":[{\"@type\":\"ReadAction\",\"target\":[\"https:\/\/www.haartick-extensions.de\/de\/preise\/\"]}]},{\"@type\":\"BreadcrumbList\",\"@id\":\"https:\/\/www.haartick-extensions.de\/de\/preise\/#breadcrumb\",\"itemListElement\":[{\"@type\":\"ListItem\",\"position\":1,\"name\":\"Startseite\",\"item\":\"https:\/\/www.haartick-extensions.de\/it\/\"},{\"@type\":\"ListItem\",\"position\":2,\"name\":\"Preise\"}]},{\"@type\":\"WebSite\",\"@id\":\"https:\/\/www.haartick-extensions.de\/it\/#website\",\"url\":\"https:\/\/www.haartick-extensions.de\/it\/\",\"name\":\"Haartick-Extensions\",\"description\":\"Professionelle Haarverl\u00e4ngerund \/ Haarverdichtung mit 100% Echthaar.\",\"publisher\":{\"@id\":\"https:\/\/www.haartick-extensions.de\/it\/#organization\"},\"potentialAction\":[{\"@type\":\"SearchAction\",\"target\":{\"@type\":\"EntryPoint\",\"urlTemplate\":\"https:\/\/www.haartick-extensions.de\/it\/?s={search_term_string}\"},\"query-input\":{\"@type\":\"PropertyValueSpecification\",\"valueRequired\":true,\"valueName\":\"search_term_string\"}}],\"inLanguage\":\"de\"},{\"@type\":\"Organization\",\"@id\":\"https:\/\/www.haartick-extensions.de\/it\/#organization\",\"name\":\"Haartick Extensions\",\"url\":\"https:\/\/www.haartick-extensions.de\/it\/\",\"logo\":{\"@type\":\"ImageObject\",\"inLanguage\":\"de\",\"@id\":\"https:\/\/www.haartick-extensions.de\/it\/#\/schema\/logo\/image\/\",\"url\":\"https:\/\/www.haartick-extensions.de\/wp-content\/uploads\/2024\/05\/cropped-Logo-mark-charm.png\",\"contentUrl\":\"https:\/\/www.haartick-extensions.de\/wp-content\/uploads\/2024\/05\/cropped-Logo-mark-charm.png\",\"width\":512,\"height\":512,\"caption\":\"Haartick Extensions\"},\"image\":{\"@id\":\"https:\/\/www.haartick-extensions.de\/it\/#\/schema\/logo\/image\/\"}}]}<\/script>\n<!-- \/ Yoast SEO plugin. -->","yoast_head_json":{"title":"Preise - Haartick-Extensions","description":"Preisliste Haartick-Extensions","robots":{"index":"index","follow":"follow","max-snippet":"max-snippet:-1","max-image-preview":"max-image-preview:large","max-video-preview":"max-video-preview:-1"},"canonical":"https:\/\/www.haartick-extensions.de\/de\/preise\/","og_locale":"de_DE","og_type":"article","og_title":"Preise - Haartick-Extensions","og_description":"Preisliste Haartick-Extensions","og_url":"https:\/\/www.haartick-extensions.de\/de\/preise\/","og_site_name":"Haartick-Extensions","article_modified_time":"2026-01-04T15:52:47+00:00","twitter_card":"summary_large_image","twitter_misc":{"Gesch\u00e4tzte Lesezeit":"3\u00a0Minuten"},"schema":{"@context":"https:\/\/schema.org","@graph":[{"@type":"WebPage","@id":"https:\/\/www.haartick-extensions.de\/de\/preise\/","url":"https:\/\/www.haartick-extensions.de\/de\/preise\/","name":"Preise - Haartick-Extensions","isPartOf":{"@id":"https:\/\/www.haartick-extensions.de\/it\/#website"},"datePublished":"2024-06-01T19:59:33+00:00","dateModified":"2026-01-04T15:52:47+00:00","description":"Preisliste Haartick-Extensions","breadcrumb":{"@id":"https:\/\/www.haartick-extensions.de\/de\/preise\/#breadcrumb"},"inLanguage":"de","potentialAction":[{"@type":"ReadAction","target":["https:\/\/www.haartick-extensions.de\/de\/preise\/"]}]},{"@type":"BreadcrumbList","@id":"https:\/\/www.haartick-extensions.de\/de\/preise\/#breadcrumb","itemListElement":[{"@type":"ListItem","position":1,"name":"Startseite","item":"https:\/\/www.haartick-extensions.de\/it\/"},{"@type":"ListItem","position":2,"name":"Preise"}]},{"@type":"WebSite","@id":"https:\/\/www.haartick-extensions.de\/it\/#website","url":"https:\/\/www.haartick-extensions.de\/it\/","name":"Haartick-Extensions","description":"Professionelle Haarverl\u00e4ngerund \/ Haarverdichtung mit 100% Echthaar.","publisher":{"@id":"https:\/\/www.haartick-extensions.de\/it\/#organization"},"potentialAction":[{"@type":"SearchAction","target":{"@type":"EntryPoint","urlTemplate":"https:\/\/www.haartick-extensions.de\/it\/?s={search_term_string}"},"query-input":{"@type":"PropertyValueSpecification","valueRequired":true,"valueName":"search_term_string"}}],"inLanguage":"de"},{"@type":"Organization","@id":"https:\/\/www.haartick-extensions.de\/it\/#organization","name":"Haartick Extensions","url":"https:\/\/www.haartick-extensions.de\/it\/","logo":{"@type":"ImageObject","inLanguage":"de","@id":"https:\/\/www.haartick-extensions.de\/it\/#\/schema\/logo\/image\/","url":"https:\/\/www.haartick-extensions.de\/wp-content\/uploads\/2024\/05\/cropped-Logo-mark-charm.png","contentUrl":"https:\/\/www.haartick-extensions.de\/wp-content\/uploads\/2024\/05\/cropped-Logo-mark-charm.png","width":512,"height":512,"caption":"Haartick Extensions"},"image":{"@id":"https:\/\/www.haartick-extensions.de\/it\/#\/schema\/logo\/image\/"}}]}},"_links":{"self":[{"href":"https:\/\/www.haartick-extensions.de\/de\/wp-json\/wp\/v2\/pages\/16853","targetHints":{"allow":["GET"]}}],"collection":[{"href":"https:\/\/www.haartick-extensions.de\/de\/wp-json\/wp\/v2\/pages"}],"about":[{"href":"https:\/\/www.haartick-extensions.de\/de\/wp-json\/wp\/v2\/types\/page"}],"author":[{"embeddable":true,"href":"https:\/\/www.haartick-extensions.de\/de\/wp-json\/wp\/v2\/users\/1"}],"replies":[{"embeddable":true,"href":"https:\/\/www.haartick-extensions.de\/de\/wp-json\/wp\/v2\/comments?post=16853"}],"version-history":[{"count":10,"href":"https:\/\/www.haartick-extensions.de\/de\/wp-json\/wp\/v2\/pages\/16853\/revisions"}],"predecessor-version":[{"id":24966,"href":"https:\/\/www.haartick-extensions.de\/de\/wp-json\/wp\/v2\/pages\/16853\/revisions\/24966"}],"wp:attachment":[{"href":"https:\/\/www.haartick-extensions.de\/de\/wp-json\/wp\/v2\/media?parent=16853"}],"curies":[{"name":"wp","href":"https:\/\/api.w.org\/{rel}","templated":true}]}}