{"id":21641,"date":"2024-10-24T11:27:52","date_gmt":"2024-10-24T11:27:52","guid":{"rendered":"https:\/\/www.haartick-extensions.de\/wordpress\/?page_id=21641"},"modified":"2025-06-03T17:17:23","modified_gmt":"2025-06-03T17:17:23","slug":"garantiebedingungen","status":"publish","type":"page","link":"https:\/\/www.haartick-extensions.de\/de\/garantiebedingungen\/","title":{"rendered":"Garantiebedingungen"},"content":{"rendered":"\t\t<div data-elementor-type=\"wp-page\" data-elementor-id=\"21641\" class=\"elementor elementor-21641\" data-elementor-post-type=\"page\">\n\t\t\t\t\t\t<section class=\"wd-negative-gap elementor-section elementor-top-section elementor-element elementor-element-8bf3fc7 elementor-section-content-middle elementor-reverse-tablet elementor-reverse-mobile elementor-section-boxed elementor-section-height-default elementor-section-height-default\" data-id=\"8bf3fc7\" data-element_type=\"section\">\n\t\t\t\t\t\t<div class=\"elementor-container elementor-column-gap-extended\">\n\t\t\t\t\t<div class=\"elementor-column elementor-col-100 elementor-top-column elementor-element elementor-element-1a19c7a\" data-id=\"1a19c7a\" data-element_type=\"column\">\n\t\t\t<div class=\"elementor-widget-wrap elementor-element-populated\">\n\t\t\t\t\t\t<div class=\"elementor-element elementor-element-46dc4da wd-width-100 elementor-widget elementor-widget-wd_title\" data-id=\"46dc4da\" data-element_type=\"widget\" data-widget_type=\"wd_title.default\">\n\t\t\t\t<div class=\"elementor-widget-container\">\n\t\t\t\t\t\t\t<div class=\"title-wrapper wd-set-mb reset-last-child wd-title-color-default wd-title-style-default wd-title-size-default text-left\">\n\n\t\t\t\n\t\t\t<div class=\"liner-continer\">\n\t\t\t\t<h4 class=\"woodmart-title-container title wd-fontsize-l\">Zu den Garantiebedingungen:<\/h4> \n\t\t\t\t\t\t\t<\/div>\n\n\t\t\t\t\t<\/div>\n\t\t\t\t\t\t<\/div>\n\t\t\t\t<\/div>\n\t\t\t\t<div class=\"elementor-element elementor-element-5b99400 elementor-widget elementor-widget-wd_text_block\" data-id=\"5b99400\" data-element_type=\"widget\" data-widget_type=\"wd_text_block.default\">\n\t\t\t\t<div class=\"elementor-widget-container\">\n\t\t\t\t\t\t\t<div class=\"wd-text-block reset-last-child text-left\">\n\t\t\t\n\t\t\t<p>Da wir von der Qualit\u00e4t unserer Extensions \u00fcberzeugt sind, bieten wir Ihnen eine freiwillige 3-monatige Garantie.<\/p><p><span style=\"font-size: 13px; text-align: var(--text-align);\">Die Garantie beginnt ab dem Kaufdatum. Sollten Ihre Echthaar-Extensions Verfilzungen oder Verknotungen in den L\u00e4ngen und Spitzen aufweisen, erhalten Sie einen gleichwertigen Ersatzartikel, sobald die besch\u00e4digten Extensions an uns zur\u00fcckgesendet wurden. Der Anbieter beh\u00e4lt sich das Recht vor, bei unsachgem\u00e4\u00dfer Behandlung oder mutwilliger Besch\u00e4digung der Extensions eine Ersatzlieferung abzulehnen. Die Ersatzleistungsanspr\u00fcche beschr\u00e4nken sich nur auf die Extensions, nicht auf das Anbringen und Entfernen der Haarverl\u00e4ngerung oder andere Kosten, die mit der Haarverl\u00e4ngerung in Verbindung stehen k\u00f6nnten.<\/span><\/p><p>Die Voraussetzung f\u00fcr die Garantie ist, dass die von uns angebotenen Pflegeprodukte (Shampoo, Maske, Haar\u00f6l und Hitzeschutz) zus\u00e4tzlich zu den Extensions in unserem Shop gekauft werden. Die Garantie verf\u00e4llt, wenn fremde Pflegeprodukte verwendet werden. Sollte ein bestimmtes Produkt aus gesundheitlichen Gr\u00fcnden f\u00fcr Sie unabdingbar sein, ist dies vorab mit uns abzusprechen. Eine Ausnahme kann einger\u00e4umt werden, muss jedoch schriftlich oder per E-Mail von uns best\u00e4tigt werden. Sie m\u00fcssen sich zudem an unsere Pflegehinweise halten. Jegliche erkennbare Missachtung f\u00fchrt zum vollst\u00e4ndigen Verfall der Garantie. Jegliche chemische Behandlung der Extensions, wie das F\u00e4rben, T\u00f6nen, Blondieren oder Dauerwellen der Haare, f\u00fchrt ebenfalls zum Verfall der Garantie.<\/p><p>Ein Garantieanspruch besteht nur, wenn die Extensions <b>unbrauchbar sind, trotz richtiger Anwendung unserer <a href=\"https:\/\/www.haartick-extensions.de\/pflegetipps\/\"><span style=\"text-decoration: underline;\">Pflegehinweise<\/span><\/a><\/b>. Normale Abnutzungserscheinungen wie Spliss, trockene Spitzen oder Haarbruch sind von der Garantie ausgeschlossen. Ebenfalls ausgeschlossen sind Verf\u00e4rbungen aufgrund von beispielsweise Sonneneinstrahlung, Salz- sowie Chlorwasser. Wir \u00fcbernehmen keine Garantie f\u00fcr die Wellen und Locken der Extensions. Sie sind selbst daf\u00fcr verantwortlich, dass die Locken erhalten bleiben. Gerne geben wir hierzu Tipps. Garantieanspr\u00fcche aufgrund von Allergien gegen Fremdhaar und Verbindungselemente sind ausgeschlossen.<\/p><p>Im Garantiefall wenden Sie sich bitte an:<\/p><p><b>Haartick-Extensions<\/b><\/p><p><b style=\"font-size: 13px; text-align: var(--text-align); color: var(--wd-text-color);\">Alina Jureva<\/b><\/p><p><b>Hauptstra\u00dfe 369<\/b><\/p><p><b>53639 K\u00f6nigswinter<\/b><\/p><p><b>Deutschland<\/b><\/p><p><b>info@haartick-extensions.de<\/b><\/p><p>Um die Garantieleistung in Anspruch zu nehmen, muss die Ware zur Pr\u00fcfung an den Garantiegeber geschickt werden. Achten Sie dabei auf eine sichere Verpackung, um Transportsch\u00e4den zu vermeiden.<\/p><p>F\u00fcr die Beantragung der Garantieleistung kann der Garantiegeber einen Kaufnachweis der Echthaar-Extensions verlangen, z. B. in Form einer Kopie der Originalrechnung. Zudem sind Name und Anschrift des K\u00e4ufers anzugeben, sofern diese nicht aus dem Kaufnachweis ersichtlich sind oder sich ge\u00e4ndert haben. Die R\u00fccksendung erfolgt frachtfrei durch Bereitstellung eines Retourenlabels.<\/p><p>Bitte beachten Sie, dass Ihre gesetzlichen Rechte bei M\u00e4ngeln durch diese Garantie nicht eingeschr\u00e4nkt und weiterhin uneingeschr\u00e4nkt in Anspruch genommen werden k\u00f6nnen. Eventuelle gesetzliche Gew\u00e4hrleistungsrechte bleiben somit von dieser Garantie unber\u00fchrt<\/p>\n\t\t\t\t\t<\/div>\n\t\t\t\t\t\t<\/div>\n\t\t\t\t<\/div>\n\t\t\t\t\t<\/div>\n\t\t<\/div>\n\t\t\t\t\t<\/div>\n\t\t<\/section>\n\t\t\t\t<\/div>\n\t\t","protected":false},"excerpt":{"rendered":"<p>Zu den Garantiebedingungen: Da wir von der Qualit\u00e4t unserer Extensions \u00fcberzeugt sind, bieten wir Ihnen eine freiwillige 3-monatige Garantie. Die<\/p>\n","protected":false},"author":1,"featured_media":0,"parent":0,"menu_order":0,"comment_status":"closed","ping_status":"closed","template":"","meta":{"_joinchat":[],"footnotes":""},"class_list":["post-21641","page","type-page","status-publish","hentry"],"yoast_head":"<!-- This site is optimized with the Yoast SEO plugin v25.6 - https:\/\/yoast.com\/wordpress\/plugins\/seo\/ -->\n<title>Garantiebedingungen - Haartick-Extensions<\/title>\n<meta name=\"robots\" content=\"index, follow, max-snippet:-1, max-image-preview:large, max-video-preview:-1\" \/>\n<link rel=\"canonical\" href=\"https:\/\/www.haartick-extensions.de\/de\/garantiebedingungen\/\" \/>\n<meta property=\"og:locale\" content=\"de_DE\" \/>\n<meta property=\"og:type\" content=\"article\" \/>\n<meta property=\"og:title\" content=\"Garantiebedingungen - Haartick-Extensions\" \/>\n<meta property=\"og:description\" content=\"Zu den Garantiebedingungen: Da wir von der Qualit\u00e4t unserer Extensions \u00fcberzeugt sind, bieten wir Ihnen eine freiwillige 3-monatige Garantie. Die\" \/>\n<meta property=\"og:url\" content=\"https:\/\/www.haartick-extensions.de\/de\/garantiebedingungen\/\" \/>\n<meta property=\"og:site_name\" content=\"Haartick-Extensions\" \/>\n<meta property=\"article:modified_time\" content=\"2025-06-03T17:17:23+00:00\" \/>\n<meta name=\"twitter:card\" content=\"summary_large_image\" \/>\n<meta name=\"twitter:label1\" content=\"Gesch\u00e4tzte Lesezeit\" \/>\n\t<meta name=\"twitter:data1\" content=\"2\u00a0Minuten\" \/>\n<script type=\"application\/ld+json\" class=\"yoast-schema-graph\">{\"@context\":\"https:\/\/schema.org\",\"@graph\":[{\"@type\":\"WebPage\",\"@id\":\"https:\/\/www.haartick-extensions.de\/it\/garantiebedingungen\/\",\"url\":\"https:\/\/www.haartick-extensions.de\/it\/garantiebedingungen\/\",\"name\":\"Garantiebedingungen - Haartick-Extensions\",\"isPartOf\":{\"@id\":\"https:\/\/www.haartick-extensions.de\/it\/#website\"},\"datePublished\":\"2024-10-24T11:27:52+00:00\",\"dateModified\":\"2025-06-03T17:17:23+00:00\",\"breadcrumb\":{\"@id\":\"https:\/\/www.haartick-extensions.de\/it\/garantiebedingungen\/#breadcrumb\"},\"inLanguage\":\"de\",\"potentialAction\":[{\"@type\":\"ReadAction\",\"target\":[\"https:\/\/www.haartick-extensions.de\/it\/garantiebedingungen\/\"]}]},{\"@type\":\"BreadcrumbList\",\"@id\":\"https:\/\/www.haartick-extensions.de\/it\/garantiebedingungen\/#breadcrumb\",\"itemListElement\":[{\"@type\":\"ListItem\",\"position\":1,\"name\":\"Startseite\",\"item\":\"https:\/\/www.haartick-extensions.de\/it\/\"},{\"@type\":\"ListItem\",\"position\":2,\"name\":\"Garantiebedingungen\"}]},{\"@type\":\"WebSite\",\"@id\":\"https:\/\/www.haartick-extensions.de\/it\/#website\",\"url\":\"https:\/\/www.haartick-extensions.de\/it\/\",\"name\":\"Haartick-Extensions\",\"description\":\"Professionelle Haarverl\u00e4ngerund \/ Haarverdichtung mit 100% Echthaar.\",\"publisher\":{\"@id\":\"https:\/\/www.haartick-extensions.de\/it\/#organization\"},\"potentialAction\":[{\"@type\":\"SearchAction\",\"target\":{\"@type\":\"EntryPoint\",\"urlTemplate\":\"https:\/\/www.haartick-extensions.de\/it\/?s={search_term_string}\"},\"query-input\":{\"@type\":\"PropertyValueSpecification\",\"valueRequired\":true,\"valueName\":\"search_term_string\"}}],\"inLanguage\":\"de\"},{\"@type\":\"Organization\",\"@id\":\"https:\/\/www.haartick-extensions.de\/it\/#organization\",\"name\":\"Haartick Extensions\",\"url\":\"https:\/\/www.haartick-extensions.de\/it\/\",\"logo\":{\"@type\":\"ImageObject\",\"inLanguage\":\"de\",\"@id\":\"https:\/\/www.haartick-extensions.de\/it\/#\/schema\/logo\/image\/\",\"url\":\"https:\/\/www.haartick-extensions.de\/wp-content\/uploads\/2024\/05\/cropped-Logo-mark-charm.png\",\"contentUrl\":\"https:\/\/www.haartick-extensions.de\/wp-content\/uploads\/2024\/05\/cropped-Logo-mark-charm.png\",\"width\":512,\"height\":512,\"caption\":\"Haartick Extensions\"},\"image\":{\"@id\":\"https:\/\/www.haartick-extensions.de\/it\/#\/schema\/logo\/image\/\"}}]}<\/script>\n<!-- \/ Yoast SEO plugin. -->","yoast_head_json":{"title":"Garantiebedingungen - Haartick-Extensions","robots":{"index":"index","follow":"follow","max-snippet":"max-snippet:-1","max-image-preview":"max-image-preview:large","max-video-preview":"max-video-preview:-1"},"canonical":"https:\/\/www.haartick-extensions.de\/de\/garantiebedingungen\/","og_locale":"de_DE","og_type":"article","og_title":"Garantiebedingungen - Haartick-Extensions","og_description":"Zu den Garantiebedingungen: Da wir von der Qualit\u00e4t unserer Extensions \u00fcberzeugt sind, bieten wir Ihnen eine freiwillige 3-monatige Garantie. Die","og_url":"https:\/\/www.haartick-extensions.de\/de\/garantiebedingungen\/","og_site_name":"Haartick-Extensions","article_modified_time":"2025-06-03T17:17:23+00:00","twitter_card":"summary_large_image","twitter_misc":{"Gesch\u00e4tzte Lesezeit":"2\u00a0Minuten"},"schema":{"@context":"https:\/\/schema.org","@graph":[{"@type":"WebPage","@id":"https:\/\/www.haartick-extensions.de\/it\/garantiebedingungen\/","url":"https:\/\/www.haartick-extensions.de\/it\/garantiebedingungen\/","name":"Garantiebedingungen - Haartick-Extensions","isPartOf":{"@id":"https:\/\/www.haartick-extensions.de\/it\/#website"},"datePublished":"2024-10-24T11:27:52+00:00","dateModified":"2025-06-03T17:17:23+00:00","breadcrumb":{"@id":"https:\/\/www.haartick-extensions.de\/it\/garantiebedingungen\/#breadcrumb"},"inLanguage":"de","potentialAction":[{"@type":"ReadAction","target":["https:\/\/www.haartick-extensions.de\/it\/garantiebedingungen\/"]}]},{"@type":"BreadcrumbList","@id":"https:\/\/www.haartick-extensions.de\/it\/garantiebedingungen\/#breadcrumb","itemListElement":[{"@type":"ListItem","position":1,"name":"Startseite","item":"https:\/\/www.haartick-extensions.de\/it\/"},{"@type":"ListItem","position":2,"name":"Garantiebedingungen"}]},{"@type":"WebSite","@id":"https:\/\/www.haartick-extensions.de\/it\/#website","url":"https:\/\/www.haartick-extensions.de\/it\/","name":"Haartick-Extensions","description":"Professionelle Haarverl\u00e4ngerund \/ Haarverdichtung mit 100% Echthaar.","publisher":{"@id":"https:\/\/www.haartick-extensions.de\/it\/#organization"},"potentialAction":[{"@type":"SearchAction","target":{"@type":"EntryPoint","urlTemplate":"https:\/\/www.haartick-extensions.de\/it\/?s={search_term_string}"},"query-input":{"@type":"PropertyValueSpecification","valueRequired":true,"valueName":"search_term_string"}}],"inLanguage":"de"},{"@type":"Organization","@id":"https:\/\/www.haartick-extensions.de\/it\/#organization","name":"Haartick Extensions","url":"https:\/\/www.haartick-extensions.de\/it\/","logo":{"@type":"ImageObject","inLanguage":"de","@id":"https:\/\/www.haartick-extensions.de\/it\/#\/schema\/logo\/image\/","url":"https:\/\/www.haartick-extensions.de\/wp-content\/uploads\/2024\/05\/cropped-Logo-mark-charm.png","contentUrl":"https:\/\/www.haartick-extensions.de\/wp-content\/uploads\/2024\/05\/cropped-Logo-mark-charm.png","width":512,"height":512,"caption":"Haartick Extensions"},"image":{"@id":"https:\/\/www.haartick-extensions.de\/it\/#\/schema\/logo\/image\/"}}]}},"_links":{"self":[{"href":"https:\/\/www.haartick-extensions.de\/de\/wp-json\/wp\/v2\/pages\/21641","targetHints":{"allow":["GET"]}}],"collection":[{"href":"https:\/\/www.haartick-extensions.de\/de\/wp-json\/wp\/v2\/pages"}],"about":[{"href":"https:\/\/www.haartick-extensions.de\/de\/wp-json\/wp\/v2\/types\/page"}],"author":[{"embeddable":true,"href":"https:\/\/www.haartick-extensions.de\/de\/wp-json\/wp\/v2\/users\/1"}],"replies":[{"embeddable":true,"href":"https:\/\/www.haartick-extensions.de\/de\/wp-json\/wp\/v2\/comments?post=21641"}],"version-history":[{"count":6,"href":"https:\/\/www.haartick-extensions.de\/de\/wp-json\/wp\/v2\/pages\/21641\/revisions"}],"predecessor-version":[{"id":23976,"href":"https:\/\/www.haartick-extensions.de\/de\/wp-json\/wp\/v2\/pages\/21641\/revisions\/23976"}],"wp:attachment":[{"href":"https:\/\/www.haartick-extensions.de\/de\/wp-json\/wp\/v2\/media?parent=21641"}],"curies":[{"name":"wp","href":"https:\/\/api.w.org\/{rel}","templated":true}]}}