{"id":21647,"date":"2024-10-24T11:41:56","date_gmt":"2024-10-24T11:41:56","guid":{"rendered":"https:\/\/www.haartick-extensions.de\/wordpress\/?page_id=21647"},"modified":"2025-05-08T12:16:42","modified_gmt":"2025-05-08T12:16:42","slug":"ruecksendung-und-versand","status":"publish","type":"page","link":"https:\/\/www.haartick-extensions.de\/de\/ruecksendung-und-versand\/","title":{"rendered":"R\u00fccksendung und Versand"},"content":{"rendered":"\t\t<div data-elementor-type=\"wp-page\" data-elementor-id=\"21647\" class=\"elementor elementor-21647\" data-elementor-post-type=\"page\">\n\t\t\t\t\t\t<section class=\"wd-negative-gap elementor-section elementor-top-section elementor-element elementor-element-d947561 elementor-section-content-middle elementor-reverse-tablet elementor-reverse-mobile elementor-section-boxed elementor-section-height-default elementor-section-height-default\" data-id=\"d947561\" data-element_type=\"section\">\n\t\t\t\t\t\t<div class=\"elementor-container elementor-column-gap-extended\">\n\t\t\t\t\t<div class=\"elementor-column elementor-col-100 elementor-top-column elementor-element elementor-element-3fbe701\" data-id=\"3fbe701\" data-element_type=\"column\">\n\t\t\t<div class=\"elementor-widget-wrap elementor-element-populated\">\n\t\t\t\t\t\t<div class=\"elementor-element elementor-element-ee4fc28 elementor-widget elementor-widget-wd_text_block\" data-id=\"ee4fc28\" data-element_type=\"widget\" data-widget_type=\"wd_text_block.default\">\n\t\t\t\t<div class=\"elementor-widget-container\">\n\t\t\t\t\t\t\t<div class=\"wd-text-block reset-last-child text-left\">\n\t\t\t\n\t\t\t<h4><strong>R\u00fccksendung<\/strong><\/h4><p>Sie haben die M\u00f6glichkeit, innerhalb von 14 Tagen unerw\u00fcnschte Produkte unkompliziert zur\u00fcckzusenden. Beachten Sie bitte, dass Artikel mit Hygienesiegeln nur in unversehrtem Zustand zur\u00fcckgenommen werden k\u00f6nnen. Sie k\u00f6nnen die Produkte jedoch aus der Verpackung nehmen, um sie anzufassen und die Qualit\u00e4t oder Farbnuance zu pr\u00fcfen. Bei R\u00fccksendungen sollten jedoch keine Verbindungspunkte abgeschnitten, Haare gef\u00e4rbt oder die Artikel anderweitig bearbeitet oder besch\u00e4digt werden.<\/p><h4><strong>Umtausch<\/strong><\/h4><p>Sollten Sie einen Umtausch w\u00fcnschen, senden Sie die entsprechenden Artikel einfach als regul\u00e4re R\u00fccksendung zur\u00fcck und bestellen das gew\u00fcnschte Ersatzprodukt erneut in unserem Online-Shop. Bitte beachten Sie, dass Spezialanfertigungen vom Umtausch ausgeschlossen sind.<\/p><h4><strong>R\u00fccksendungsverfahren<\/strong><\/h4><p>Die Kosten f\u00fcr die R\u00fccksendung und den urspr\u00fcnglichen Versand m\u00fcssen Sie leider selbst tragen. Wir erstatten nur die Produktkosten. Unfreie Sendungen k\u00f6nnen wir nicht annehmen. Um die R\u00fccksendung anzumelden, senden Sie uns bitte eine E-<strong>Mail<\/strong> an <a href=\"mailto:info@haartick-extensions.de\">info@haartick-extensions.de<\/a>.<\/p><h4><strong>Bearbeitungszeit und Erstattung<\/strong><\/h4><p>Wir bem\u00fchen uns, Ihre R\u00fccksendung innerhalb einer Woche nach Erhalt zu bearbeiten, h\u00e4ufig erfolgt dies auch schneller. Die Erstattung des Kaufpreises erfolgt \u00fcber die Zahlungsmethode, die Sie bei der Bestellung verwendet haben, unmittelbar nach der Bearbeitung.<\/p><p>Weitere Informationen finden Sie in unserer Widerrufsbelehrung.<\/p><h4><strong>Versandinformationen<\/strong><\/h4><p>Bestellungen, die an Werktagen bis 15 Uhr eingehen, werden in der Regel noch am selben Tag als DHL-Paket versendet.<\/p><h4><strong>Versandkosten &amp; Lieferzeiten<\/strong><\/h4>\n\t\t\t\t\t<\/div>\n\t\t\t\t\t\t<\/div>\n\t\t\t\t<\/div>\n\t\t\t\t<div class=\"elementor-element elementor-element-e12067c elementor-widget elementor-widget-wd_accordion\" data-id=\"e12067c\" data-element_type=\"widget\" data-widget_type=\"wd_accordion.default\">\n\t\t\t\t<div class=\"elementor-widget-container\">\n\t\t\t\t\t\n\t\t<div class=\"wd-accordion wd-style-default wd-border-off wd-titles-left wd-opener-pos-right wd-opener-style-arrow\" data-state=\"all_closed\">\n\t\t\t\t\t\t\t\n\t\t\t\t<div class=\"wd-accordion-item\">\n\t\t\t\t\t<div class=\"wd-accordion-title wd-role-btn\" data-accordion-index=\"0\" tabindex=\"0\">\n\t\t\t\t\t\t<div class=\"wd-accordion-title-text\">\n\t\t\t\t\t\t\t\t\t\t\t\t\t\t<span>\n\t\t\t\t\t\t\t\tDeutschland\t\t\t\t\t\t\t<\/span>\n\t\t\t\t\t\t<\/div>\n\t\t\t\t\t\t<span class=\"wd-accordion-opener\"><\/span>\n\t\t\t\t\t<\/div>\n\n\t\t\t\t\t<div class=\"wd-accordion-content wd-entry-content\" data-accordion-index=\"0\">\n\t\t\t\t\t\t\t\t\t\t\t\t\t\n\t\t\t\t\t\t\t<ul><li>Innerhalb Deutschlands versandkostenfrei ab einem Bestellwert von 49 \u20ac, darunter fallen 6,19 \u20ac Versandkosten an.<\/li><li>Bei der Versendung sperriger G\u00fcter berechnen wir 36,36 \u20ac. Sperrige G\u00fcter sind als solche in der Artikelbeschreibung gekennzeichnet.<\/li><li>Lieferung an DHL-Packstationen in Deutschland m\u00f6glich.<\/li><li>Lieferzeit: 1-2 Werktage<\/li><li>Versandart: DHL-Paket<\/li><\/ul>\n\t\t\t\t\t\t\t\t\t\t\t\t\t\t\t\t\t\t<\/div>\n\t\t\t\t<\/div>\n\t\t\t\t\t\t\t\n\t\t\t\t<div class=\"wd-accordion-item\">\n\t\t\t\t\t<div class=\"wd-accordion-title wd-role-btn\" data-accordion-index=\"1\" tabindex=\"0\">\n\t\t\t\t\t\t<div class=\"wd-accordion-title-text\">\n\t\t\t\t\t\t\t\t\t\t\t\t\t\t<span>\n\t\t\t\t\t\t\t\tEurop\u00e4ische Union\t\t\t\t\t\t\t<\/span>\n\t\t\t\t\t\t<\/div>\n\t\t\t\t\t\t<span class=\"wd-accordion-opener\"><\/span>\n\t\t\t\t\t<\/div>\n\n\t\t\t\t\t<div class=\"wd-accordion-content wd-entry-content\" data-accordion-index=\"1\">\n\t\t\t\t\t\t\t\t\t\t\t\t\t\n\t\t\t\t\t\t\t<ul><li>Versandkosten: 14,49 \u20ac<\/li><li>Bei der Versendung sperriger G\u00fcter berechnen wir 46,99 \u20ac. Sperrige G\u00fcter sind als solche in der Artikelbeschreibung gekennzeichnet.<\/li><li>Lieferzeit: 1-3 Werktage<\/li><li>Eventuell anfallende Z\u00f6lle und Steuern sind von Ihnen zu tragen.<\/li><li>Versandart: DHL-Paket<\/li><\/ul>\n\t\t\t\t\t\t\t\t\t\t\t\t\t\t\t\t\t\t<\/div>\n\t\t\t\t<\/div>\n\t\t\t\t\t\t\t\n\t\t\t\t<div class=\"wd-accordion-item\">\n\t\t\t\t\t<div class=\"wd-accordion-title wd-role-btn\" data-accordion-index=\"2\" tabindex=\"0\">\n\t\t\t\t\t\t<div class=\"wd-accordion-title-text\">\n\t\t\t\t\t\t\t\t\t\t\t\t\t\t<span>\n\t\t\t\t\t\t\t\tGro\u00dfbritanninen, Nordirland, Schweiz\t\t\t\t\t\t\t<\/span>\n\t\t\t\t\t\t<\/div>\n\t\t\t\t\t\t<span class=\"wd-accordion-opener\"><\/span>\n\t\t\t\t\t<\/div>\n\n\t\t\t\t\t<div class=\"wd-accordion-content wd-entry-content\" data-accordion-index=\"2\">\n\t\t\t\t\t\t\t\t\t\t\t\t\t\n\t\t\t\t\t\t\t<ul><li>Versandkosten: 26,99 \u20ac<\/li><li>Bei der Versendung sperriger G\u00fcter berechnen wir 56,99 \u20ac. Sperrige G\u00fcter sind als solche in der Artikelbeschreibung gekennzeichnet.<\/li><li>Lieferzeit: 5-10 Werktage<\/li><li>Versandart: DHL-Paket<\/li><\/ul>\n\t\t\t\t\t\t\t\t\t\t\t\t\t\t\t\t\t\t<\/div>\n\t\t\t\t<\/div>\n\t\t\t\t\t\t\t\n\t\t\t\t<div class=\"wd-accordion-item\">\n\t\t\t\t\t<div class=\"wd-accordion-title wd-role-btn\" data-accordion-index=\"3\" tabindex=\"0\">\n\t\t\t\t\t\t<div class=\"wd-accordion-title-text\">\n\t\t\t\t\t\t\t\t\t\t\t\t\t\t<span>\n\t\t\t\t\t\t\t\tRest von Europa\t\t\t\t\t\t\t<\/span>\n\t\t\t\t\t\t<\/div>\n\t\t\t\t\t\t<span class=\"wd-accordion-opener\"><\/span>\n\t\t\t\t\t<\/div>\n\n\t\t\t\t\t<div class=\"wd-accordion-content wd-entry-content\" data-accordion-index=\"3\">\n\t\t\t\t\t\t\t\t\t\t\t\t\t\n\t\t\t\t\t\t\t<ul><li>Versandkosten: 29,99 \u20ac<\/li><li>Bei der Versendung sperriger G\u00fcter berechnen wir 59,99 \u20ac. Sperrige G\u00fcter sind als solche in der Artikelbeschreibung gekennzeichnet.<\/li><li>Lieferzeit: 5-10 Werktage<\/li><li>Eventuell anfallende Z\u00f6lle und Steuern sind von Ihnen zu tragen.<\/li><li>Versandart: DHL-Paket<\/li><\/ul>\n\t\t\t\t\t\t\t\t\t\t\t\t\t\t\t\t\t\t<\/div>\n\t\t\t\t<\/div>\n\t\t\t\t\t\t\t\n\t\t\t\t<div class=\"wd-accordion-item\">\n\t\t\t\t\t<div class=\"wd-accordion-title wd-role-btn\" data-accordion-index=\"4\" tabindex=\"0\">\n\t\t\t\t\t\t<div class=\"wd-accordion-title-text\">\n\t\t\t\t\t\t\t\t\t\t\t\t\t\t<span>\n\t\t\t\t\t\t\t\tRussische F\u00f6deration\t\t\t\t\t\t\t<\/span>\n\t\t\t\t\t\t<\/div>\n\t\t\t\t\t\t<span class=\"wd-accordion-opener\"><\/span>\n\t\t\t\t\t<\/div>\n\n\t\t\t\t\t<div class=\"wd-accordion-content wd-entry-content\" data-accordion-index=\"4\">\n\t\t\t\t\t\t\t\t\t\t\t\t\t\n\t\t\t\t\t\t\t<ul><li>Versandkosten: 34,99 \u20ac<\/li><li>Die Versendung sperriger G\u00fcter in diese Region ist nicht m\u00f6glich. Sperrige G\u00fcter sind als solche in der Artikelbeschreibung gekennzeichnet.<\/li><li>Lieferzeit: 5-10 Werktage<\/li><li>Eventuell anfallende Z\u00f6lle und Steuern sind von Ihnen zu tragen.<\/li><li>Versandart: DHL-Paket<\/li><\/ul>\n\t\t\t\t\t\t\t\t\t\t\t\t\t\t\t\t\t\t<\/div>\n\t\t\t\t<\/div>\n\t\t\t\t\t\t\t\n\t\t\t\t<div class=\"wd-accordion-item\">\n\t\t\t\t\t<div class=\"wd-accordion-title wd-role-btn\" data-accordion-index=\"5\" tabindex=\"0\">\n\t\t\t\t\t\t<div class=\"wd-accordion-title-text\">\n\t\t\t\t\t\t\t\t\t\t\t\t\t\t<span>\n\t\t\t\t\t\t\t\tNord-, Mittel- und S\u00fcdamerika\t\t\t\t\t\t\t<\/span>\n\t\t\t\t\t\t<\/div>\n\t\t\t\t\t\t<span class=\"wd-accordion-opener\"><\/span>\n\t\t\t\t\t<\/div>\n\n\t\t\t\t\t<div class=\"wd-accordion-content wd-entry-content\" data-accordion-index=\"5\">\n\t\t\t\t\t\t\t\t\t\t\t\t\t\n\t\t\t\t\t\t\t<ul><li>Versandkosten: 47,99 \u20ac<\/li><li><span style=\"font-family: 'Readex Pro', Arial, Helvetica, sans-serif; font-size: 13px; font-style: normal; font-variant-ligatures: normal; font-variant-caps: normal; font-weight: 400;\">Die Versendung sperriger G\u00fcter in diese Region ist nicht m\u00f6glich<\/span>. Sperrige G\u00fcter sind als solche in der Artikelbeschreibung gekennzeichnet.<\/li><li>Lieferzeit: 7-21 Werktage<\/li><li>Eventuell anfallende Z\u00f6lle und Steuern sind von Ihnen zu tragen.<\/li><li>Versandart: DHL-Paket<\/li><\/ul>\n\t\t\t\t\t\t\t\t\t\t\t\t\t\t\t\t\t\t<\/div>\n\t\t\t\t<\/div>\n\t\t\t\t\t\t\t\n\t\t\t\t<div class=\"wd-accordion-item\">\n\t\t\t\t\t<div class=\"wd-accordion-title wd-role-btn\" data-accordion-index=\"6\" tabindex=\"0\">\n\t\t\t\t\t\t<div class=\"wd-accordion-title-text\">\n\t\t\t\t\t\t\t\t\t\t\t\t\t\t<span>\n\t\t\t\t\t\t\t\tNordafrika, Naher Osten\t\t\t\t\t\t\t<\/span>\n\t\t\t\t\t\t<\/div>\n\t\t\t\t\t\t<span class=\"wd-accordion-opener\"><\/span>\n\t\t\t\t\t<\/div>\n\n\t\t\t\t\t<div class=\"wd-accordion-content wd-entry-content\" data-accordion-index=\"6\">\n\t\t\t\t\t\t\t\t\t\t\t\t\t\n\t\t\t\t\t\t\t<ul><li>Versandkosten: 47,99 \u20ac<\/li><li>Bei der Versendung sperriger G\u00fcter berechnen wir 77,99 \u20ac. Sperrige G\u00fcter sind als solche in der Artikelbeschreibung gekennzeichnet.<\/li><li>Lieferzeit: 7-21 Werktage<\/li><li>Eventuell anfallende Z\u00f6lle und Steuern sind von Ihnen zu tragen.<\/li><li>Versandart: DHL-Paket<\/li><\/ul>\n\t\t\t\t\t\t\t\t\t\t\t\t\t\t\t\t\t\t<\/div>\n\t\t\t\t<\/div>\n\t\t\t\t\t\t\t\n\t\t\t\t<div class=\"wd-accordion-item\">\n\t\t\t\t\t<div class=\"wd-accordion-title wd-role-btn\" data-accordion-index=\"7\" tabindex=\"0\">\n\t\t\t\t\t\t<div class=\"wd-accordion-title-text\">\n\t\t\t\t\t\t\t\t\t\t\t\t\t\t<span>\n\t\t\t\t\t\t\t\tAsien, Afrika (ohne Nordafrika, Naher Osten)  \t\t\t\t\t\t\t<\/span>\n\t\t\t\t\t\t<\/div>\n\t\t\t\t\t\t<span class=\"wd-accordion-opener\"><\/span>\n\t\t\t\t\t<\/div>\n\n\t\t\t\t\t<div class=\"wd-accordion-content wd-entry-content\" data-accordion-index=\"7\">\n\t\t\t\t\t\t\t\t\t\t\t\t\t\n\t\t\t\t\t\t\t<ul><li>Versandkosten: 45,99 \u20ac<\/li><li>Bei der Versendung sperriger G\u00fcter berechnen wir 75,99 \u20ac. Sperrige G\u00fcter sind als solche in der Artikelbeschreibung gekennzeichnet.<\/li><li>Lieferzeit: 7-21 Werktage<\/li><li>Eventuell anfallende Z\u00f6lle und Steuern sind von Ihnen zu tragen.<\/li><li>Versandart: DHL-Paket<\/li><\/ul>\n\t\t\t\t\t\t\t\t\t\t\t\t\t\t\t\t\t\t<\/div>\n\t\t\t\t<\/div>\n\t\t\t\t\t\t\t\n\t\t\t\t<div class=\"wd-accordion-item\">\n\t\t\t\t\t<div class=\"wd-accordion-title wd-role-btn\" data-accordion-index=\"8\" tabindex=\"0\">\n\t\t\t\t\t\t<div class=\"wd-accordion-title-text\">\n\t\t\t\t\t\t\t\t\t\t\t\t\t\t<span>\n\t\t\t\t\t\t\t\tAustralien, Ozeanien\t\t\t\t\t\t\t<\/span>\n\t\t\t\t\t\t<\/div>\n\t\t\t\t\t\t<span class=\"wd-accordion-opener\"><\/span>\n\t\t\t\t\t<\/div>\n\n\t\t\t\t\t<div class=\"wd-accordion-content wd-entry-content\" data-accordion-index=\"8\">\n\t\t\t\t\t\t\t\t\t\t\t\t\t\n\t\t\t\t\t\t\t<ul><li>Versandkosten: 49,99 \u20ac<\/li><li><span style=\"font-family: 'Readex Pro', Arial, Helvetica, sans-serif; font-size: 13px; font-style: normal; font-variant-ligatures: normal; font-variant-caps: normal; font-weight: 400;\">Die Versendung sperriger G\u00fcter in diese Region ist nicht m\u00f6glich<\/span>. Sperrige G\u00fcter sind als solche in der Artikelbeschreibung gekennzeichnet.<\/li><li>Lieferzeit: 7-21 Werktage<\/li><li>Eventuell anfallende Z\u00f6lle und Steuern sind von Ihnen zu tragen.<\/li><li>Versandart: DHL-Paket<\/li><\/ul>\n\t\t\t\t\t\t\t\t\t\t\t\t\t\t\t\t\t\t<\/div>\n\t\t\t\t<\/div>\n\t\t\t\t\t<\/div>\n\t\t\t\t\t\t<\/div>\n\t\t\t\t<\/div>\n\t\t\t\t\t<\/div>\n\t\t<\/div>\n\t\t\t\t\t<\/div>\n\t\t<\/section>\n\t\t\t\t<\/div>\n\t\t","protected":false},"excerpt":{"rendered":"<p>R\u00fccksendung Sie haben die M\u00f6glichkeit, innerhalb von 14 Tagen unerw\u00fcnschte Produkte unkompliziert zur\u00fcckzusenden. Beachten Sie bitte, dass Artikel mit Hygienesiegeln<\/p>\n","protected":false},"author":1,"featured_media":0,"parent":0,"menu_order":0,"comment_status":"closed","ping_status":"closed","template":"","meta":{"_joinchat":[],"footnotes":""},"class_list":["post-21647","page","type-page","status-publish","hentry"],"yoast_head":"<!-- This site is optimized with the Yoast SEO plugin v25.6 - https:\/\/yoast.com\/wordpress\/plugins\/seo\/ -->\n<title>R\u00fccksendung und Versand - Haartick-Extensions<\/title>\n<meta name=\"robots\" content=\"index, follow, max-snippet:-1, max-image-preview:large, max-video-preview:-1\" \/>\n<link rel=\"canonical\" href=\"https:\/\/www.haartick-extensions.de\/de\/ruecksendung-und-versand\/\" \/>\n<meta property=\"og:locale\" content=\"de_DE\" \/>\n<meta property=\"og:type\" content=\"article\" \/>\n<meta property=\"og:title\" content=\"R\u00fccksendung und Versand - Haartick-Extensions\" \/>\n<meta property=\"og:description\" content=\"R\u00fccksendung Sie haben die M\u00f6glichkeit, innerhalb von 14 Tagen unerw\u00fcnschte Produkte unkompliziert zur\u00fcckzusenden. Beachten Sie bitte, dass Artikel mit Hygienesiegeln\" \/>\n<meta property=\"og:url\" content=\"https:\/\/www.haartick-extensions.de\/de\/ruecksendung-und-versand\/\" \/>\n<meta property=\"og:site_name\" content=\"Haartick-Extensions\" \/>\n<meta property=\"article:modified_time\" content=\"2025-05-08T12:16:42+00:00\" \/>\n<meta name=\"twitter:card\" content=\"summary_large_image\" \/>\n<meta name=\"twitter:label1\" content=\"Gesch\u00e4tzte Lesezeit\" \/>\n\t<meta name=\"twitter:data1\" content=\"3\u00a0Minuten\" \/>\n<script type=\"application\/ld+json\" class=\"yoast-schema-graph\">{\"@context\":\"https:\/\/schema.org\",\"@graph\":[{\"@type\":\"WebPage\",\"@id\":\"https:\/\/www.haartick-extensions.de\/fr\/ruecksendung-und-versand\/\",\"url\":\"https:\/\/www.haartick-extensions.de\/fr\/ruecksendung-und-versand\/\",\"name\":\"R\u00fccksendung und Versand - Haartick-Extensions\",\"isPartOf\":{\"@id\":\"https:\/\/www.haartick-extensions.de\/it\/#website\"},\"datePublished\":\"2024-10-24T11:41:56+00:00\",\"dateModified\":\"2025-05-08T12:16:42+00:00\",\"breadcrumb\":{\"@id\":\"https:\/\/www.haartick-extensions.de\/fr\/ruecksendung-und-versand\/#breadcrumb\"},\"inLanguage\":\"de\",\"potentialAction\":[{\"@type\":\"ReadAction\",\"target\":[\"https:\/\/www.haartick-extensions.de\/fr\/ruecksendung-und-versand\/\"]}]},{\"@type\":\"BreadcrumbList\",\"@id\":\"https:\/\/www.haartick-extensions.de\/fr\/ruecksendung-und-versand\/#breadcrumb\",\"itemListElement\":[{\"@type\":\"ListItem\",\"position\":1,\"name\":\"Startseite\",\"item\":\"https:\/\/www.haartick-extensions.de\/it\/\"},{\"@type\":\"ListItem\",\"position\":2,\"name\":\"R\u00fccksendung und Versand\"}]},{\"@type\":\"WebSite\",\"@id\":\"https:\/\/www.haartick-extensions.de\/it\/#website\",\"url\":\"https:\/\/www.haartick-extensions.de\/it\/\",\"name\":\"Haartick-Extensions\",\"description\":\"Professionelle Haarverl\u00e4ngerund \/ Haarverdichtung mit 100% Echthaar.\",\"publisher\":{\"@id\":\"https:\/\/www.haartick-extensions.de\/it\/#organization\"},\"potentialAction\":[{\"@type\":\"SearchAction\",\"target\":{\"@type\":\"EntryPoint\",\"urlTemplate\":\"https:\/\/www.haartick-extensions.de\/it\/?s={search_term_string}\"},\"query-input\":{\"@type\":\"PropertyValueSpecification\",\"valueRequired\":true,\"valueName\":\"search_term_string\"}}],\"inLanguage\":\"de\"},{\"@type\":\"Organization\",\"@id\":\"https:\/\/www.haartick-extensions.de\/it\/#organization\",\"name\":\"Haartick Extensions\",\"url\":\"https:\/\/www.haartick-extensions.de\/it\/\",\"logo\":{\"@type\":\"ImageObject\",\"inLanguage\":\"de\",\"@id\":\"https:\/\/www.haartick-extensions.de\/it\/#\/schema\/logo\/image\/\",\"url\":\"https:\/\/www.haartick-extensions.de\/wp-content\/uploads\/2024\/05\/cropped-Logo-mark-charm.png\",\"contentUrl\":\"https:\/\/www.haartick-extensions.de\/wp-content\/uploads\/2024\/05\/cropped-Logo-mark-charm.png\",\"width\":512,\"height\":512,\"caption\":\"Haartick Extensions\"},\"image\":{\"@id\":\"https:\/\/www.haartick-extensions.de\/it\/#\/schema\/logo\/image\/\"}}]}<\/script>\n<!-- \/ Yoast SEO plugin. -->","yoast_head_json":{"title":"R\u00fccksendung und Versand - Haartick-Extensions","robots":{"index":"index","follow":"follow","max-snippet":"max-snippet:-1","max-image-preview":"max-image-preview:large","max-video-preview":"max-video-preview:-1"},"canonical":"https:\/\/www.haartick-extensions.de\/de\/ruecksendung-und-versand\/","og_locale":"de_DE","og_type":"article","og_title":"R\u00fccksendung und Versand - Haartick-Extensions","og_description":"R\u00fccksendung Sie haben die M\u00f6glichkeit, innerhalb von 14 Tagen unerw\u00fcnschte Produkte unkompliziert zur\u00fcckzusenden. Beachten Sie bitte, dass Artikel mit Hygienesiegeln","og_url":"https:\/\/www.haartick-extensions.de\/de\/ruecksendung-und-versand\/","og_site_name":"Haartick-Extensions","article_modified_time":"2025-05-08T12:16:42+00:00","twitter_card":"summary_large_image","twitter_misc":{"Gesch\u00e4tzte Lesezeit":"3\u00a0Minuten"},"schema":{"@context":"https:\/\/schema.org","@graph":[{"@type":"WebPage","@id":"https:\/\/www.haartick-extensions.de\/fr\/ruecksendung-und-versand\/","url":"https:\/\/www.haartick-extensions.de\/fr\/ruecksendung-und-versand\/","name":"R\u00fccksendung und Versand - Haartick-Extensions","isPartOf":{"@id":"https:\/\/www.haartick-extensions.de\/it\/#website"},"datePublished":"2024-10-24T11:41:56+00:00","dateModified":"2025-05-08T12:16:42+00:00","breadcrumb":{"@id":"https:\/\/www.haartick-extensions.de\/fr\/ruecksendung-und-versand\/#breadcrumb"},"inLanguage":"de","potentialAction":[{"@type":"ReadAction","target":["https:\/\/www.haartick-extensions.de\/fr\/ruecksendung-und-versand\/"]}]},{"@type":"BreadcrumbList","@id":"https:\/\/www.haartick-extensions.de\/fr\/ruecksendung-und-versand\/#breadcrumb","itemListElement":[{"@type":"ListItem","position":1,"name":"Startseite","item":"https:\/\/www.haartick-extensions.de\/it\/"},{"@type":"ListItem","position":2,"name":"R\u00fccksendung und Versand"}]},{"@type":"WebSite","@id":"https:\/\/www.haartick-extensions.de\/it\/#website","url":"https:\/\/www.haartick-extensions.de\/it\/","name":"Haartick-Extensions","description":"Professionelle Haarverl\u00e4ngerund \/ Haarverdichtung mit 100% Echthaar.","publisher":{"@id":"https:\/\/www.haartick-extensions.de\/it\/#organization"},"potentialAction":[{"@type":"SearchAction","target":{"@type":"EntryPoint","urlTemplate":"https:\/\/www.haartick-extensions.de\/it\/?s={search_term_string}"},"query-input":{"@type":"PropertyValueSpecification","valueRequired":true,"valueName":"search_term_string"}}],"inLanguage":"de"},{"@type":"Organization","@id":"https:\/\/www.haartick-extensions.de\/it\/#organization","name":"Haartick Extensions","url":"https:\/\/www.haartick-extensions.de\/it\/","logo":{"@type":"ImageObject","inLanguage":"de","@id":"https:\/\/www.haartick-extensions.de\/it\/#\/schema\/logo\/image\/","url":"https:\/\/www.haartick-extensions.de\/wp-content\/uploads\/2024\/05\/cropped-Logo-mark-charm.png","contentUrl":"https:\/\/www.haartick-extensions.de\/wp-content\/uploads\/2024\/05\/cropped-Logo-mark-charm.png","width":512,"height":512,"caption":"Haartick Extensions"},"image":{"@id":"https:\/\/www.haartick-extensions.de\/it\/#\/schema\/logo\/image\/"}}]}},"_links":{"self":[{"href":"https:\/\/www.haartick-extensions.de\/de\/wp-json\/wp\/v2\/pages\/21647","targetHints":{"allow":["GET"]}}],"collection":[{"href":"https:\/\/www.haartick-extensions.de\/de\/wp-json\/wp\/v2\/pages"}],"about":[{"href":"https:\/\/www.haartick-extensions.de\/de\/wp-json\/wp\/v2\/types\/page"}],"author":[{"embeddable":true,"href":"https:\/\/www.haartick-extensions.de\/de\/wp-json\/wp\/v2\/users\/1"}],"replies":[{"embeddable":true,"href":"https:\/\/www.haartick-extensions.de\/de\/wp-json\/wp\/v2\/comments?post=21647"}],"version-history":[{"count":21,"href":"https:\/\/www.haartick-extensions.de\/de\/wp-json\/wp\/v2\/pages\/21647\/revisions"}],"predecessor-version":[{"id":23917,"href":"https:\/\/www.haartick-extensions.de\/de\/wp-json\/wp\/v2\/pages\/21647\/revisions\/23917"}],"wp:attachment":[{"href":"https:\/\/www.haartick-extensions.de\/de\/wp-json\/wp\/v2\/media?parent=21647"}],"curies":[{"name":"wp","href":"https:\/\/api.w.org\/{rel}","templated":true}]}}