{"id":20075,"date":"2024-09-06T11:45:36","date_gmt":"2024-09-06T11:45:36","guid":{"rendered":"https:\/\/www.haartick-extensions.de\/wordpress\/?post_type=product&#038;p=20075"},"modified":"2025-07-02T19:08:57","modified_gmt":"2025-07-02T19:08:57","slug":"plastikklammer-grob","status":"publish","type":"product","link":"https:\/\/www.haartick-extensions.de\/de\/shop\/plastikklammer-grob\/","title":{"rendered":"10x Plastikklammer Gro\u00df"},"content":{"rendered":"<p>Haarklammern k\u00f6nnen vielseitig eingesetzt werden. Sie k\u00f6nnen beispielsweise zum Kreieren von Frisuren genutzt werden, oder zum Hochstecken des Eigenhaars bei der Anbringung von Extensions, um eine sauber separierte Abteilung zu erm\u00f6glichen, die man bei der Einarbeitung von Extensions ben\u00f6tigt.<\/p>\n<p><strong>Material : Plastik 12 cm<\/strong><\/p>\n","protected":false},"excerpt":{"rendered":"<p>Haarklammern k\u00f6nnen vielseitig eingesetzt werden. Sie k\u00f6nnen beispielsweise zum Kreieren von Frisuren genutzt werden, oder zum Hochstecken des Eigenhaars bei<\/p>\n","protected":false},"featured_media":22668,"comment_status":"open","ping_status":"closed","template":"","meta":{"_joinchat":[]},"product_brand":[],"product_cat":[28],"product_tag":[],"class_list":{"0":"post-20075","1":"product","2":"type-product","3":"status-publish","4":"has-post-thumbnail","6":"product_cat-zubehoer","8":"first","9":"instock","10":"taxable","11":"shipping-taxable","12":"purchasable","13":"product-type-variable","14":"has-default-attributes"},"yoast_head":"<!-- This site is optimized with the Yoast SEO plugin v25.6 - https:\/\/yoast.com\/wordpress\/plugins\/seo\/ -->\n<title>10x Plastikklammer Gro\u00df - Haartick-Extensions<\/title>\n<meta name=\"robots\" content=\"index, follow, max-snippet:-1, max-image-preview:large, max-video-preview:-1\" \/>\n<link rel=\"canonical\" href=\"https:\/\/www.haartick-extensions.de\/de\/shop\/plastikklammer-grob\/\" \/>\n<meta property=\"og:locale\" content=\"de_DE\" \/>\n<meta property=\"og:type\" content=\"article\" \/>\n<meta property=\"og:title\" content=\"10x Plastikklammer Gro\u00df - Haartick-Extensions\" \/>\n<meta property=\"og:description\" content=\"Haarklammern k\u00f6nnen vielseitig eingesetzt werden. Sie k\u00f6nnen beispielsweise zum Kreieren von Frisuren genutzt werden, oder zum Hochstecken des Eigenhaars bei\" \/>\n<meta property=\"og:url\" content=\"https:\/\/www.haartick-extensions.de\/de\/shop\/plastikklammer-grob\/\" \/>\n<meta property=\"og:site_name\" content=\"Haartick-Extensions\" \/>\n<meta property=\"article:modified_time\" content=\"2025-07-02T19:08:57+00:00\" \/>\n<meta property=\"og:image\" content=\"https:\/\/www.haartick-extensions.de\/wp-content\/uploads\/2024\/09\/spange-rosa-1-1-1.webp\" \/>\n\t<meta property=\"og:image:width\" content=\"1873\" \/>\n\t<meta property=\"og:image:height\" content=\"2497\" \/>\n\t<meta property=\"og:image:type\" content=\"image\/jpeg\" \/>\n<meta name=\"twitter:card\" content=\"summary_large_image\" \/>\n<script type=\"application\/ld+json\" class=\"yoast-schema-graph\">{\"@context\":\"https:\/\/schema.org\",\"@graph\":[{\"@type\":\"WebPage\",\"@id\":\"https:\/\/www.haartick-extensions.de\/de\/shop\/plastikklammer-grob\/\",\"url\":\"https:\/\/www.haartick-extensions.de\/de\/shop\/plastikklammer-grob\/\",\"name\":\"10x Plastikklammer Gro\u00df - Haartick-Extensions\",\"isPartOf\":{\"@id\":\"https:\/\/www.haartick-extensions.de\/it\/#website\"},\"primaryImageOfPage\":{\"@id\":\"https:\/\/www.haartick-extensions.de\/de\/shop\/plastikklammer-grob\/#primaryimage\"},\"image\":{\"@id\":\"https:\/\/www.haartick-extensions.de\/de\/shop\/plastikklammer-grob\/#primaryimage\"},\"thumbnailUrl\":\"https:\/\/www.haartick-extensions.de\/wp-content\/uploads\/2024\/09\/spange-rosa-1-1-1.webp\",\"datePublished\":\"2024-09-06T11:45:36+00:00\",\"dateModified\":\"2025-07-02T19:08:57+00:00\",\"breadcrumb\":{\"@id\":\"https:\/\/www.haartick-extensions.de\/de\/shop\/plastikklammer-grob\/#breadcrumb\"},\"inLanguage\":\"de\",\"potentialAction\":[{\"@type\":\"ReadAction\",\"target\":[\"https:\/\/www.haartick-extensions.de\/de\/shop\/plastikklammer-grob\/\"]}]},{\"@type\":\"ImageObject\",\"inLanguage\":\"de\",\"@id\":\"https:\/\/www.haartick-extensions.de\/de\/shop\/plastikklammer-grob\/#primaryimage\",\"url\":\"https:\/\/www.haartick-extensions.de\/wp-content\/uploads\/2024\/09\/spange-rosa-1-1-1.webp\",\"contentUrl\":\"https:\/\/www.haartick-extensions.de\/wp-content\/uploads\/2024\/09\/spange-rosa-1-1-1.webp\",\"width\":1873,\"height\":2497},{\"@type\":\"BreadcrumbList\",\"@id\":\"https:\/\/www.haartick-extensions.de\/de\/shop\/plastikklammer-grob\/#breadcrumb\",\"itemListElement\":[{\"@type\":\"ListItem\",\"position\":1,\"name\":\"Startseite\",\"item\":\"https:\/\/www.haartick-extensions.de\/it\/\"},{\"@type\":\"ListItem\",\"position\":2,\"name\":\"Shop\",\"item\":\"https:\/\/www.haartick-extensions.de\/ru\/shop\/\"},{\"@type\":\"ListItem\",\"position\":3,\"name\":\"10x Plastikklammer Gro\u00df\"}]},{\"@type\":\"WebSite\",\"@id\":\"https:\/\/www.haartick-extensions.de\/it\/#website\",\"url\":\"https:\/\/www.haartick-extensions.de\/it\/\",\"name\":\"Haartick-Extensions\",\"description\":\"Professionelle Haarverl\u00e4ngerund \/ Haarverdichtung mit 100% Echthaar.\",\"publisher\":{\"@id\":\"https:\/\/www.haartick-extensions.de\/it\/#organization\"},\"potentialAction\":[{\"@type\":\"SearchAction\",\"target\":{\"@type\":\"EntryPoint\",\"urlTemplate\":\"https:\/\/www.haartick-extensions.de\/it\/?s={search_term_string}\"},\"query-input\":{\"@type\":\"PropertyValueSpecification\",\"valueRequired\":true,\"valueName\":\"search_term_string\"}}],\"inLanguage\":\"de\"},{\"@type\":\"Organization\",\"@id\":\"https:\/\/www.haartick-extensions.de\/it\/#organization\",\"name\":\"Haartick Extensions\",\"url\":\"https:\/\/www.haartick-extensions.de\/it\/\",\"logo\":{\"@type\":\"ImageObject\",\"inLanguage\":\"de\",\"@id\":\"https:\/\/www.haartick-extensions.de\/it\/#\/schema\/logo\/image\/\",\"url\":\"https:\/\/www.haartick-extensions.de\/wp-content\/uploads\/2024\/05\/cropped-Logo-mark-charm.png\",\"contentUrl\":\"https:\/\/www.haartick-extensions.de\/wp-content\/uploads\/2024\/05\/cropped-Logo-mark-charm.png\",\"width\":512,\"height\":512,\"caption\":\"Haartick Extensions\"},\"image\":{\"@id\":\"https:\/\/www.haartick-extensions.de\/it\/#\/schema\/logo\/image\/\"}}]}<\/script>\n<!-- \/ Yoast SEO plugin. -->","yoast_head_json":{"title":"10x Plastikklammer Gro\u00df - Haartick-Extensions","robots":{"index":"index","follow":"follow","max-snippet":"max-snippet:-1","max-image-preview":"max-image-preview:large","max-video-preview":"max-video-preview:-1"},"canonical":"https:\/\/www.haartick-extensions.de\/de\/shop\/plastikklammer-grob\/","og_locale":"de_DE","og_type":"article","og_title":"10x Plastikklammer Gro\u00df - Haartick-Extensions","og_description":"Haarklammern k\u00f6nnen vielseitig eingesetzt werden. Sie k\u00f6nnen beispielsweise zum Kreieren von Frisuren genutzt werden, oder zum Hochstecken des Eigenhaars bei","og_url":"https:\/\/www.haartick-extensions.de\/de\/shop\/plastikklammer-grob\/","og_site_name":"Haartick-Extensions","article_modified_time":"2025-07-02T19:08:57+00:00","og_image":[{"width":1873,"height":2497,"url":"https:\/\/www.haartick-extensions.de\/wp-content\/uploads\/2024\/09\/spange-rosa-1-1-1.webp","type":"image\/jpeg"}],"twitter_card":"summary_large_image","schema":{"@context":"https:\/\/schema.org","@graph":[{"@type":"WebPage","@id":"https:\/\/www.haartick-extensions.de\/de\/shop\/plastikklammer-grob\/","url":"https:\/\/www.haartick-extensions.de\/de\/shop\/plastikklammer-grob\/","name":"10x Plastikklammer Gro\u00df - Haartick-Extensions","isPartOf":{"@id":"https:\/\/www.haartick-extensions.de\/it\/#website"},"primaryImageOfPage":{"@id":"https:\/\/www.haartick-extensions.de\/de\/shop\/plastikklammer-grob\/#primaryimage"},"image":{"@id":"https:\/\/www.haartick-extensions.de\/de\/shop\/plastikklammer-grob\/#primaryimage"},"thumbnailUrl":"https:\/\/www.haartick-extensions.de\/wp-content\/uploads\/2024\/09\/spange-rosa-1-1-1.webp","datePublished":"2024-09-06T11:45:36+00:00","dateModified":"2025-07-02T19:08:57+00:00","breadcrumb":{"@id":"https:\/\/www.haartick-extensions.de\/de\/shop\/plastikklammer-grob\/#breadcrumb"},"inLanguage":"de","potentialAction":[{"@type":"ReadAction","target":["https:\/\/www.haartick-extensions.de\/de\/shop\/plastikklammer-grob\/"]}]},{"@type":"ImageObject","inLanguage":"de","@id":"https:\/\/www.haartick-extensions.de\/de\/shop\/plastikklammer-grob\/#primaryimage","url":"https:\/\/www.haartick-extensions.de\/wp-content\/uploads\/2024\/09\/spange-rosa-1-1-1.webp","contentUrl":"https:\/\/www.haartick-extensions.de\/wp-content\/uploads\/2024\/09\/spange-rosa-1-1-1.webp","width":1873,"height":2497},{"@type":"BreadcrumbList","@id":"https:\/\/www.haartick-extensions.de\/de\/shop\/plastikklammer-grob\/#breadcrumb","itemListElement":[{"@type":"ListItem","position":1,"name":"Startseite","item":"https:\/\/www.haartick-extensions.de\/it\/"},{"@type":"ListItem","position":2,"name":"Shop","item":"https:\/\/www.haartick-extensions.de\/ru\/shop\/"},{"@type":"ListItem","position":3,"name":"10x Plastikklammer Gro\u00df"}]},{"@type":"WebSite","@id":"https:\/\/www.haartick-extensions.de\/it\/#website","url":"https:\/\/www.haartick-extensions.de\/it\/","name":"Haartick-Extensions","description":"Professionelle Haarverl\u00e4ngerund \/ Haarverdichtung mit 100% Echthaar.","publisher":{"@id":"https:\/\/www.haartick-extensions.de\/it\/#organization"},"potentialAction":[{"@type":"SearchAction","target":{"@type":"EntryPoint","urlTemplate":"https:\/\/www.haartick-extensions.de\/it\/?s={search_term_string}"},"query-input":{"@type":"PropertyValueSpecification","valueRequired":true,"valueName":"search_term_string"}}],"inLanguage":"de"},{"@type":"Organization","@id":"https:\/\/www.haartick-extensions.de\/it\/#organization","name":"Haartick Extensions","url":"https:\/\/www.haartick-extensions.de\/it\/","logo":{"@type":"ImageObject","inLanguage":"de","@id":"https:\/\/www.haartick-extensions.de\/it\/#\/schema\/logo\/image\/","url":"https:\/\/www.haartick-extensions.de\/wp-content\/uploads\/2024\/05\/cropped-Logo-mark-charm.png","contentUrl":"https:\/\/www.haartick-extensions.de\/wp-content\/uploads\/2024\/05\/cropped-Logo-mark-charm.png","width":512,"height":512,"caption":"Haartick Extensions"},"image":{"@id":"https:\/\/www.haartick-extensions.de\/it\/#\/schema\/logo\/image\/"}}]}},"_links":{"self":[{"href":"https:\/\/www.haartick-extensions.de\/de\/wp-json\/wp\/v2\/product\/20075","targetHints":{"allow":["GET"]}}],"collection":[{"href":"https:\/\/www.haartick-extensions.de\/de\/wp-json\/wp\/v2\/product"}],"about":[{"href":"https:\/\/www.haartick-extensions.de\/de\/wp-json\/wp\/v2\/types\/product"}],"replies":[{"embeddable":true,"href":"https:\/\/www.haartick-extensions.de\/de\/wp-json\/wp\/v2\/comments?post=20075"}],"version-history":[{"count":0,"href":"https:\/\/www.haartick-extensions.de\/de\/wp-json\/wp\/v2\/product\/20075\/revisions"}],"wp:featuredmedia":[{"embeddable":true,"href":"https:\/\/www.haartick-extensions.de\/de\/wp-json\/wp\/v2\/media\/22668"}],"wp:attachment":[{"href":"https:\/\/www.haartick-extensions.de\/de\/wp-json\/wp\/v2\/media?parent=20075"}],"wp:term":[{"taxonomy":"product_brand","embeddable":true,"href":"https:\/\/www.haartick-extensions.de\/de\/wp-json\/wp\/v2\/product_brand?post=20075"},{"taxonomy":"product_cat","embeddable":true,"href":"https:\/\/www.haartick-extensions.de\/de\/wp-json\/wp\/v2\/product_cat?post=20075"},{"taxonomy":"product_tag","embeddable":true,"href":"https:\/\/www.haartick-extensions.de\/de\/wp-json\/wp\/v2\/product_tag?post=20075"}],"curies":[{"name":"wp","href":"https:\/\/api.w.org\/{rel}","templated":true}]}}