{"id":20225,"date":"2024-09-27T18:17:26","date_gmt":"2024-09-27T18:17:26","guid":{"rendered":"https:\/\/www.haartick-extensions.de\/wordpress\/?post_type=product&#038;p=20225"},"modified":"2026-04-16T15:13:49","modified_gmt":"2026-04-16T15:13:49","slug":"fidentia-tape-und-bondingloeser-spray","status":"publish","type":"product","link":"https:\/\/www.haartick-extensions.de\/de\/shop\/fidentia-tape-und-bondingloeser-spray\/","title":{"rendered":"Fidentia Tape- und Bondingl\u00f6ser Spray"},"content":{"rendered":"<p>Zum schonenden L\u00f6sen von Extensions, Haarteilen &amp; Per\u00fccken<\/p>\n<p>Schont Kopfhaut &amp; Extensions<\/p>\n<p>Mit Pro Vitamin B5<\/p>\n<p>F\u00fcr Keratinbondings und Tapes geeignet<\/p>\n<p>Hergestellt in Deutschland<\/p>\n<p>L\u00f6sen Sie Ihre Tape-In, Keratin Bonding Extensions oder Ihr Zweithaar schonend und entfernen Sie wirksam Klebereste. Verzichten Sie auf aggressive Mittel, die Ihrem Haar und Ihrer Gesundheit schaden k\u00f6nnten. Der Fidentia Tape- &amp; Bondingl\u00f6ser schont Kopfhaut und Echthaar.<br \/>\nEr besteht aus einer in Deutschland hergestellten Rezeptur, ausschlie\u00dflich mit gepr\u00fcften Inhaltsstoffen. Eine sorgf\u00e4ltig abgestimmte Pflegeformel mit Provitamin B5 und die sanfte Wirkweise sind besonders angenehm in der Anwendung. Sie ersparen sich l\u00e4stiges Knibbeln und Ziehen. Auch Keratinbondings werden problemlos und schnell entfernt.<\/p>\n<p>&#8211; Keine Tierversuche<br \/>\n&#8211; Verzicht auf hohe Konzentration von Duft und Konservierungsstoffen<\/p>\n<p>Fidentia-Qualit\u00e4t (Made in Germany)<\/p>\n<p>Inhaltsstoffe:<br \/>\nAlcohol Denat, Isopropyl Alcohol, Aqua, Panthenol, Parfum, Benzyl Salicylate, Limonene, Benzyl Benzoate, Geraniol, Citronellol.<\/p>\n<p>Anwendung:<\/p>\n<p>Bei Tape:<br \/>\nGro\u00dfz\u00fcgig einspr\u00fchen und langsam entfernen. Klebereste werden nur aufgeweicht, nicht aufgel\u00f6st. Bitte keine aggressiven L\u00f6ser oder gar Nagellackentferner benutzen. Nehmen Sie sich lieber etwas Zeit und spr\u00fchen Sie die Klebereste ein, k\u00e4mmen Sie sie mit einem Nissenkamm aus und wiederholen Sie dies mehrmals. Das kann durchaus bei vielen Str\u00e4hnen eine Stunde dauern. Anschlie\u00dfend waschen Sie die Extensions mit einem Shampoo 2-3 Mal aus.<\/p>\n<p>Bondings:<br \/>\nEinspr\u00fchen und langsam mit einer speziellen, abgeschliffenen Extensionszange Bondings vorsichtig dr\u00fccken, bei Bedarf wiederholen. Am Ansatz das Haar festhalten und die Extensions langsam rausziehen. Im Anschluss eigene Haare entknoten und ausk\u00e4mmen.<\/p>\n","protected":false},"excerpt":{"rendered":"<p>Zum schonenden L\u00f6sen von Extensions, Haarteilen &amp; Per\u00fccken Schont Kopfhaut &amp; Extensions Mit Pro Vitamin B5 F\u00fcr Keratinbondings und Tapes<\/p>\n","protected":false},"featured_media":22376,"comment_status":"open","ping_status":"closed","template":"","meta":{"_joinchat":[]},"product_brand":[],"product_cat":[28],"product_tag":[],"class_list":{"0":"post-20225","1":"product","2":"type-product","3":"status-publish","4":"has-post-thumbnail","6":"product_cat-zubehoer","8":"first","9":"instock","10":"taxable","11":"shipping-taxable","12":"purchasable","13":"product-type-variable","14":"has-default-attributes"},"yoast_head":"<!-- This site is optimized with the Yoast SEO plugin v25.6 - https:\/\/yoast.com\/wordpress\/plugins\/seo\/ -->\n<title>Fidentia Tape- und Bondingl\u00f6ser Spray - Haartick-Extensions<\/title>\n<meta name=\"robots\" content=\"index, follow, max-snippet:-1, max-image-preview:large, max-video-preview:-1\" \/>\n<link rel=\"canonical\" href=\"https:\/\/www.haartick-extensions.de\/de\/shop\/fidentia-tape-und-bondingloeser-spray\/\" \/>\n<meta property=\"og:locale\" content=\"de_DE\" \/>\n<meta property=\"og:type\" content=\"article\" \/>\n<meta property=\"og:title\" content=\"Fidentia Tape- und Bondingl\u00f6ser Spray - Haartick-Extensions\" \/>\n<meta property=\"og:description\" content=\"Zum schonenden L\u00f6sen von Extensions, Haarteilen &amp; Per\u00fccken Schont Kopfhaut &amp; Extensions Mit Pro Vitamin B5 F\u00fcr Keratinbondings und Tapes\" \/>\n<meta property=\"og:url\" content=\"https:\/\/www.haartick-extensions.de\/de\/shop\/fidentia-tape-und-bondingloeser-spray\/\" \/>\n<meta property=\"og:site_name\" content=\"Haartick-Extensions\" \/>\n<meta property=\"article:modified_time\" content=\"2026-04-16T15:13:49+00:00\" \/>\n<meta property=\"og:image\" content=\"https:\/\/www.haartick-extensions.de\/wp-content\/uploads\/2024\/09\/extension-removing-spray@2x-100-scaled-2.webp\" \/>\n\t<meta property=\"og:image:width\" content=\"1920\" \/>\n\t<meta property=\"og:image:height\" content=\"2560\" \/>\n\t<meta property=\"og:image:type\" content=\"image\/jpeg\" \/>\n<meta name=\"twitter:card\" content=\"summary_large_image\" \/>\n<meta name=\"twitter:label1\" content=\"Gesch\u00e4tzte Lesezeit\" \/>\n\t<meta name=\"twitter:data1\" content=\"2\u00a0Minuten\" \/>\n<script type=\"application\/ld+json\" class=\"yoast-schema-graph\">{\"@context\":\"https:\/\/schema.org\",\"@graph\":[{\"@type\":\"WebPage\",\"@id\":\"https:\/\/www.haartick-extensions.de\/it\/shop\/fidentia-tape-und-bondingloeser-spray\/\",\"url\":\"https:\/\/www.haartick-extensions.de\/it\/shop\/fidentia-tape-und-bondingloeser-spray\/\",\"name\":\"Fidentia Tape- und Bondingl\u00f6ser Spray - Haartick-Extensions\",\"isPartOf\":{\"@id\":\"https:\/\/www.haartick-extensions.de\/it\/#website\"},\"primaryImageOfPage\":{\"@id\":\"https:\/\/www.haartick-extensions.de\/it\/shop\/fidentia-tape-und-bondingloeser-spray\/#primaryimage\"},\"image\":{\"@id\":\"https:\/\/www.haartick-extensions.de\/it\/shop\/fidentia-tape-und-bondingloeser-spray\/#primaryimage\"},\"thumbnailUrl\":\"https:\/\/www.haartick-extensions.de\/wp-content\/uploads\/2024\/09\/extension-removing-spray@2x-100-scaled-2.webp\",\"datePublished\":\"2024-09-27T18:17:26+00:00\",\"dateModified\":\"2026-04-16T15:13:49+00:00\",\"breadcrumb\":{\"@id\":\"https:\/\/www.haartick-extensions.de\/it\/shop\/fidentia-tape-und-bondingloeser-spray\/#breadcrumb\"},\"inLanguage\":\"de\",\"potentialAction\":[{\"@type\":\"ReadAction\",\"target\":[\"https:\/\/www.haartick-extensions.de\/it\/shop\/fidentia-tape-und-bondingloeser-spray\/\"]}]},{\"@type\":\"ImageObject\",\"inLanguage\":\"de\",\"@id\":\"https:\/\/www.haartick-extensions.de\/it\/shop\/fidentia-tape-und-bondingloeser-spray\/#primaryimage\",\"url\":\"https:\/\/www.haartick-extensions.de\/wp-content\/uploads\/2024\/09\/extension-removing-spray@2x-100-scaled-2.webp\",\"contentUrl\":\"https:\/\/www.haartick-extensions.de\/wp-content\/uploads\/2024\/09\/extension-removing-spray@2x-100-scaled-2.webp\",\"width\":1920,\"height\":2560},{\"@type\":\"BreadcrumbList\",\"@id\":\"https:\/\/www.haartick-extensions.de\/it\/shop\/fidentia-tape-und-bondingloeser-spray\/#breadcrumb\",\"itemListElement\":[{\"@type\":\"ListItem\",\"position\":1,\"name\":\"Startseite\",\"item\":\"https:\/\/www.haartick-extensions.de\/it\/\"},{\"@type\":\"ListItem\",\"position\":2,\"name\":\"Shop\",\"item\":\"https:\/\/www.haartick-extensions.de\/ru\/shop\/\"},{\"@type\":\"ListItem\",\"position\":3,\"name\":\"Fidentia Tape- und Bondingl\u00f6ser Spray\"}]},{\"@type\":\"WebSite\",\"@id\":\"https:\/\/www.haartick-extensions.de\/it\/#website\",\"url\":\"https:\/\/www.haartick-extensions.de\/it\/\",\"name\":\"Haartick-Extensions\",\"description\":\"Professionelle Haarverl\u00e4ngerund \/ Haarverdichtung mit 100% Echthaar.\",\"publisher\":{\"@id\":\"https:\/\/www.haartick-extensions.de\/it\/#organization\"},\"potentialAction\":[{\"@type\":\"SearchAction\",\"target\":{\"@type\":\"EntryPoint\",\"urlTemplate\":\"https:\/\/www.haartick-extensions.de\/it\/?s={search_term_string}\"},\"query-input\":{\"@type\":\"PropertyValueSpecification\",\"valueRequired\":true,\"valueName\":\"search_term_string\"}}],\"inLanguage\":\"de\"},{\"@type\":\"Organization\",\"@id\":\"https:\/\/www.haartick-extensions.de\/it\/#organization\",\"name\":\"Haartick Extensions\",\"url\":\"https:\/\/www.haartick-extensions.de\/it\/\",\"logo\":{\"@type\":\"ImageObject\",\"inLanguage\":\"de\",\"@id\":\"https:\/\/www.haartick-extensions.de\/it\/#\/schema\/logo\/image\/\",\"url\":\"https:\/\/www.haartick-extensions.de\/wp-content\/uploads\/2024\/05\/cropped-Logo-mark-charm.png\",\"contentUrl\":\"https:\/\/www.haartick-extensions.de\/wp-content\/uploads\/2024\/05\/cropped-Logo-mark-charm.png\",\"width\":512,\"height\":512,\"caption\":\"Haartick Extensions\"},\"image\":{\"@id\":\"https:\/\/www.haartick-extensions.de\/it\/#\/schema\/logo\/image\/\"}}]}<\/script>\n<!-- \/ Yoast SEO plugin. -->","yoast_head_json":{"title":"Fidentia Tape- und Bondingl\u00f6ser Spray - Haartick-Extensions","robots":{"index":"index","follow":"follow","max-snippet":"max-snippet:-1","max-image-preview":"max-image-preview:large","max-video-preview":"max-video-preview:-1"},"canonical":"https:\/\/www.haartick-extensions.de\/de\/shop\/fidentia-tape-und-bondingloeser-spray\/","og_locale":"de_DE","og_type":"article","og_title":"Fidentia Tape- und Bondingl\u00f6ser Spray - Haartick-Extensions","og_description":"Zum schonenden L\u00f6sen von Extensions, Haarteilen &amp; Per\u00fccken Schont Kopfhaut &amp; Extensions Mit Pro Vitamin B5 F\u00fcr Keratinbondings und Tapes","og_url":"https:\/\/www.haartick-extensions.de\/de\/shop\/fidentia-tape-und-bondingloeser-spray\/","og_site_name":"Haartick-Extensions","article_modified_time":"2026-04-16T15:13:49+00:00","og_image":[{"width":1920,"height":2560,"url":"https:\/\/www.haartick-extensions.de\/wp-content\/uploads\/2024\/09\/extension-removing-spray@2x-100-scaled-2.webp","type":"image\/jpeg"}],"twitter_card":"summary_large_image","twitter_misc":{"Gesch\u00e4tzte Lesezeit":"2\u00a0Minuten"},"schema":{"@context":"https:\/\/schema.org","@graph":[{"@type":"WebPage","@id":"https:\/\/www.haartick-extensions.de\/it\/shop\/fidentia-tape-und-bondingloeser-spray\/","url":"https:\/\/www.haartick-extensions.de\/it\/shop\/fidentia-tape-und-bondingloeser-spray\/","name":"Fidentia Tape- und Bondingl\u00f6ser Spray - Haartick-Extensions","isPartOf":{"@id":"https:\/\/www.haartick-extensions.de\/it\/#website"},"primaryImageOfPage":{"@id":"https:\/\/www.haartick-extensions.de\/it\/shop\/fidentia-tape-und-bondingloeser-spray\/#primaryimage"},"image":{"@id":"https:\/\/www.haartick-extensions.de\/it\/shop\/fidentia-tape-und-bondingloeser-spray\/#primaryimage"},"thumbnailUrl":"https:\/\/www.haartick-extensions.de\/wp-content\/uploads\/2024\/09\/extension-removing-spray@2x-100-scaled-2.webp","datePublished":"2024-09-27T18:17:26+00:00","dateModified":"2026-04-16T15:13:49+00:00","breadcrumb":{"@id":"https:\/\/www.haartick-extensions.de\/it\/shop\/fidentia-tape-und-bondingloeser-spray\/#breadcrumb"},"inLanguage":"de","potentialAction":[{"@type":"ReadAction","target":["https:\/\/www.haartick-extensions.de\/it\/shop\/fidentia-tape-und-bondingloeser-spray\/"]}]},{"@type":"ImageObject","inLanguage":"de","@id":"https:\/\/www.haartick-extensions.de\/it\/shop\/fidentia-tape-und-bondingloeser-spray\/#primaryimage","url":"https:\/\/www.haartick-extensions.de\/wp-content\/uploads\/2024\/09\/extension-removing-spray@2x-100-scaled-2.webp","contentUrl":"https:\/\/www.haartick-extensions.de\/wp-content\/uploads\/2024\/09\/extension-removing-spray@2x-100-scaled-2.webp","width":1920,"height":2560},{"@type":"BreadcrumbList","@id":"https:\/\/www.haartick-extensions.de\/it\/shop\/fidentia-tape-und-bondingloeser-spray\/#breadcrumb","itemListElement":[{"@type":"ListItem","position":1,"name":"Startseite","item":"https:\/\/www.haartick-extensions.de\/it\/"},{"@type":"ListItem","position":2,"name":"Shop","item":"https:\/\/www.haartick-extensions.de\/ru\/shop\/"},{"@type":"ListItem","position":3,"name":"Fidentia Tape- und Bondingl\u00f6ser Spray"}]},{"@type":"WebSite","@id":"https:\/\/www.haartick-extensions.de\/it\/#website","url":"https:\/\/www.haartick-extensions.de\/it\/","name":"Haartick-Extensions","description":"Professionelle Haarverl\u00e4ngerund \/ Haarverdichtung mit 100% Echthaar.","publisher":{"@id":"https:\/\/www.haartick-extensions.de\/it\/#organization"},"potentialAction":[{"@type":"SearchAction","target":{"@type":"EntryPoint","urlTemplate":"https:\/\/www.haartick-extensions.de\/it\/?s={search_term_string}"},"query-input":{"@type":"PropertyValueSpecification","valueRequired":true,"valueName":"search_term_string"}}],"inLanguage":"de"},{"@type":"Organization","@id":"https:\/\/www.haartick-extensions.de\/it\/#organization","name":"Haartick Extensions","url":"https:\/\/www.haartick-extensions.de\/it\/","logo":{"@type":"ImageObject","inLanguage":"de","@id":"https:\/\/www.haartick-extensions.de\/it\/#\/schema\/logo\/image\/","url":"https:\/\/www.haartick-extensions.de\/wp-content\/uploads\/2024\/05\/cropped-Logo-mark-charm.png","contentUrl":"https:\/\/www.haartick-extensions.de\/wp-content\/uploads\/2024\/05\/cropped-Logo-mark-charm.png","width":512,"height":512,"caption":"Haartick Extensions"},"image":{"@id":"https:\/\/www.haartick-extensions.de\/it\/#\/schema\/logo\/image\/"}}]}},"_links":{"self":[{"href":"https:\/\/www.haartick-extensions.de\/de\/wp-json\/wp\/v2\/product\/20225","targetHints":{"allow":["GET"]}}],"collection":[{"href":"https:\/\/www.haartick-extensions.de\/de\/wp-json\/wp\/v2\/product"}],"about":[{"href":"https:\/\/www.haartick-extensions.de\/de\/wp-json\/wp\/v2\/types\/product"}],"replies":[{"embeddable":true,"href":"https:\/\/www.haartick-extensions.de\/de\/wp-json\/wp\/v2\/comments?post=20225"}],"version-history":[{"count":3,"href":"https:\/\/www.haartick-extensions.de\/de\/wp-json\/wp\/v2\/product\/20225\/revisions"}],"predecessor-version":[{"id":25266,"href":"https:\/\/www.haartick-extensions.de\/de\/wp-json\/wp\/v2\/product\/20225\/revisions\/25266"}],"wp:featuredmedia":[{"embeddable":true,"href":"https:\/\/www.haartick-extensions.de\/de\/wp-json\/wp\/v2\/media\/22376"}],"wp:attachment":[{"href":"https:\/\/www.haartick-extensions.de\/de\/wp-json\/wp\/v2\/media?parent=20225"}],"wp:term":[{"taxonomy":"product_brand","embeddable":true,"href":"https:\/\/www.haartick-extensions.de\/de\/wp-json\/wp\/v2\/product_brand?post=20225"},{"taxonomy":"product_cat","embeddable":true,"href":"https:\/\/www.haartick-extensions.de\/de\/wp-json\/wp\/v2\/product_cat?post=20225"},{"taxonomy":"product_tag","embeddable":true,"href":"https:\/\/www.haartick-extensions.de\/de\/wp-json\/wp\/v2\/product_tag?post=20225"}],"curies":[{"name":"wp","href":"https:\/\/api.w.org\/{rel}","templated":true}]}}