{"id":22212,"date":"2024-11-12T15:38:04","date_gmt":"2024-11-12T15:38:04","guid":{"rendered":"https:\/\/www.haartick-extensions.de\/wordpress\/?post_type=product&#038;p=22212"},"modified":"2025-11-05T18:55:38","modified_gmt":"2025-11-05T18:55:38","slug":"kallos-cosmetics-vegan-soul-hair-mask","status":"publish","type":"product","link":"https:\/\/www.haartick-extensions.de\/de\/shop\/kallos-cosmetics-vegan-soul-hair-mask\/","title":{"rendered":"Kallos Cosmetics Vegan Soul Hair Mask"},"content":{"rendered":"<div><strong>Beschreibung:<\/strong><\/div>\n<ul>\n<li>Ideal f\u00fcr feines Haar<\/li>\n<li>Enth\u00e4lt eine spezielle Mischung aus st\u00e4rkenden Vitaminen, Bambusextrakt, Ginsengextrakt und Kokos\u00f6l<\/li>\n<li>Verbessert die Flexibilit\u00e4t und verleiht dem Haar zus\u00e4tzlichen Glanz<\/li>\n<li>Frei von Parabenen, Silikonen und tierischen Inhaltsstoffen<\/li>\n<\/ul>\n<div><\/div>\n<div><strong>Anwendung:<\/strong><\/div>\n<ul>\n<li>Nach der Haarw\u00e4sche auf das handtuchtrockene Haar auftragen und 5 Minuten einwirken lassen, anschlie\u00dfend gr\u00fcndlich aussp\u00fclen<\/li>\n<li>Bei Extensions nur auf die L\u00e4ngen und Spitzen auftragen<\/li>\n<\/ul>\n<div><\/div>\n<div><strong>Inhaltsstoffe:<\/strong><\/div>\n<div>Aqua, Cetearyl Alcohol, Cetrimonium Chloride, Parfum, Glycerin, Cyclopentasiloxane, Dimethiconol, Aloe Barbadensis Leaf Juice, Helianthus Annuus Seed Oil, Linum Usitatissimum Seed Oil, Persea Gratissima Oil, Argania Spinosa Kernel Oil, Equisetum Arvense Leaf Extract, Panax Ginseng Root Extract, Bambusa Vulgaris Leaf\/Stem Extract, Cocos Nucifera Oil, Olea Europaea Fruit Oil, Tocopheryl Acetate, Panthenol, Ascorbyl Phosphate, Sodium Benzoate, Potassium Sorbate, Propylene Glycol, Benzyl Alcohol, Phenoxyethanol, Ethylhexylglycerin, Citric Acid, Hydroxycitronellal, Linalool, Hexyl Cinnamal<\/div>\n<p><strong>Durch Verpackungsaktualisierungen durch den Hersteller kann die Produktverpackung von der Abbildung abweichen.<\/strong><\/p>\n","protected":false},"excerpt":{"rendered":"<p><strong>Inhalt: 1000ml.<\/strong><\/p>\n<p style=\"color: red;\"><strong>Hinweis<\/strong>: Hygieneprodukte wie Shampoos, Masken, Hitzeschutzmittel, \u00d6le und L\u00f6sungen f\u00fcr Haarverl\u00e4ngerungen k\u00f6nnen wir ausschlie\u00dflich zur\u00fccknehmen, wenn sie unbenutzt, originalversiegelt und in einwandfreiem\u00a0Zustand\u00a0sind.<\/p>\n","protected":false},"featured_media":22208,"comment_status":"open","ping_status":"closed","template":"","meta":{"_joinchat":[]},"product_brand":[],"product_cat":[94],"product_tag":[],"class_list":{"0":"post-22212","1":"product","2":"type-product","3":"status-publish","4":"has-post-thumbnail","6":"product_cat-pflegeprodukte","8":"first","9":"instock","10":"taxable","11":"shipping-taxable","12":"purchasable","13":"product-type-simple"},"yoast_head":"<!-- This site is optimized with the Yoast SEO plugin v25.6 - https:\/\/yoast.com\/wordpress\/plugins\/seo\/ -->\n<title>Kallos Cosmetics Vegan Soul Hair Mask - Haartick-Extensions<\/title>\n<meta name=\"robots\" content=\"index, follow, max-snippet:-1, max-image-preview:large, max-video-preview:-1\" \/>\n<link rel=\"canonical\" href=\"https:\/\/www.haartick-extensions.de\/de\/shop\/kallos-cosmetics-vegan-soul-hair-mask\/\" \/>\n<meta property=\"og:locale\" content=\"de_DE\" \/>\n<meta property=\"og:type\" content=\"article\" \/>\n<meta property=\"og:title\" content=\"Kallos Cosmetics Vegan Soul Hair Mask - Haartick-Extensions\" \/>\n<meta property=\"og:description\" content=\"Inhalt: 1000ml. Hinweis: Hygieneprodukte wie Shampoos, Masken, Hitzeschutzmittel, \u00d6le und L\u00f6sungen f\u00fcr Haarverl\u00e4ngerungen k\u00f6nnen wir ausschlie\u00dflich zur\u00fccknehmen, wenn sie unbenutzt, originalversiegelt und in einwandfreiem\u00a0Zustand\u00a0sind.\" \/>\n<meta property=\"og:url\" content=\"https:\/\/www.haartick-extensions.de\/de\/shop\/kallos-cosmetics-vegan-soul-hair-mask\/\" \/>\n<meta property=\"og:site_name\" content=\"Haartick-Extensions\" \/>\n<meta property=\"article:modified_time\" content=\"2025-11-05T18:55:38+00:00\" \/>\n<meta property=\"og:image\" content=\"https:\/\/www.haartick-extensions.de\/wp-content\/uploads\/2024\/11\/kls-vegan-soul-volumizing-mask-1l.jpg\" \/>\n\t<meta property=\"og:image:width\" content=\"800\" \/>\n\t<meta property=\"og:image:height\" content=\"800\" \/>\n\t<meta property=\"og:image:type\" content=\"image\/jpeg\" \/>\n<meta name=\"twitter:card\" content=\"summary_large_image\" \/>\n<meta name=\"twitter:label1\" content=\"Gesch\u00e4tzte Lesezeit\" \/>\n\t<meta name=\"twitter:data1\" content=\"1\u00a0Minute\" \/>\n<script type=\"application\/ld+json\" class=\"yoast-schema-graph\">{\"@context\":\"https:\/\/schema.org\",\"@graph\":[{\"@type\":\"WebPage\",\"@id\":\"https:\/\/www.haartick-extensions.de\/fr\/shop\/kallos-cosmetics-vegan-soul-hair-mask\/\",\"url\":\"https:\/\/www.haartick-extensions.de\/fr\/shop\/kallos-cosmetics-vegan-soul-hair-mask\/\",\"name\":\"Kallos Cosmetics Vegan Soul Hair Mask - Haartick-Extensions\",\"isPartOf\":{\"@id\":\"https:\/\/www.haartick-extensions.de\/it\/#website\"},\"primaryImageOfPage\":{\"@id\":\"https:\/\/www.haartick-extensions.de\/fr\/shop\/kallos-cosmetics-vegan-soul-hair-mask\/#primaryimage\"},\"image\":{\"@id\":\"https:\/\/www.haartick-extensions.de\/fr\/shop\/kallos-cosmetics-vegan-soul-hair-mask\/#primaryimage\"},\"thumbnailUrl\":\"https:\/\/www.haartick-extensions.de\/wp-content\/uploads\/2024\/11\/kls-vegan-soul-volumizing-mask-1l.jpg\",\"datePublished\":\"2024-11-12T15:38:04+00:00\",\"dateModified\":\"2025-11-05T18:55:38+00:00\",\"breadcrumb\":{\"@id\":\"https:\/\/www.haartick-extensions.de\/fr\/shop\/kallos-cosmetics-vegan-soul-hair-mask\/#breadcrumb\"},\"inLanguage\":\"de\",\"potentialAction\":[{\"@type\":\"ReadAction\",\"target\":[\"https:\/\/www.haartick-extensions.de\/fr\/shop\/kallos-cosmetics-vegan-soul-hair-mask\/\"]}]},{\"@type\":\"ImageObject\",\"inLanguage\":\"de\",\"@id\":\"https:\/\/www.haartick-extensions.de\/fr\/shop\/kallos-cosmetics-vegan-soul-hair-mask\/#primaryimage\",\"url\":\"https:\/\/www.haartick-extensions.de\/wp-content\/uploads\/2024\/11\/kls-vegan-soul-volumizing-mask-1l.jpg\",\"contentUrl\":\"https:\/\/www.haartick-extensions.de\/wp-content\/uploads\/2024\/11\/kls-vegan-soul-volumizing-mask-1l.jpg\",\"width\":800,\"height\":800},{\"@type\":\"BreadcrumbList\",\"@id\":\"https:\/\/www.haartick-extensions.de\/fr\/shop\/kallos-cosmetics-vegan-soul-hair-mask\/#breadcrumb\",\"itemListElement\":[{\"@type\":\"ListItem\",\"position\":1,\"name\":\"Startseite\",\"item\":\"https:\/\/www.haartick-extensions.de\/it\/\"},{\"@type\":\"ListItem\",\"position\":2,\"name\":\"Shop\",\"item\":\"https:\/\/www.haartick-extensions.de\/it\/shop\/\"},{\"@type\":\"ListItem\",\"position\":3,\"name\":\"Kallos Cosmetics Vegan Soul Hair Mask\"}]},{\"@type\":\"WebSite\",\"@id\":\"https:\/\/www.haartick-extensions.de\/it\/#website\",\"url\":\"https:\/\/www.haartick-extensions.de\/it\/\",\"name\":\"Haartick-Extensions\",\"description\":\"Professionelle Haarverl\u00e4ngerund \/ Haarverdichtung mit 100% Echthaar.\",\"publisher\":{\"@id\":\"https:\/\/www.haartick-extensions.de\/it\/#organization\"},\"potentialAction\":[{\"@type\":\"SearchAction\",\"target\":{\"@type\":\"EntryPoint\",\"urlTemplate\":\"https:\/\/www.haartick-extensions.de\/it\/?s={search_term_string}\"},\"query-input\":{\"@type\":\"PropertyValueSpecification\",\"valueRequired\":true,\"valueName\":\"search_term_string\"}}],\"inLanguage\":\"de\"},{\"@type\":\"Organization\",\"@id\":\"https:\/\/www.haartick-extensions.de\/it\/#organization\",\"name\":\"Haartick Extensions\",\"url\":\"https:\/\/www.haartick-extensions.de\/it\/\",\"logo\":{\"@type\":\"ImageObject\",\"inLanguage\":\"de\",\"@id\":\"https:\/\/www.haartick-extensions.de\/it\/#\/schema\/logo\/image\/\",\"url\":\"https:\/\/www.haartick-extensions.de\/wp-content\/uploads\/2024\/05\/cropped-Logo-mark-charm.png\",\"contentUrl\":\"https:\/\/www.haartick-extensions.de\/wp-content\/uploads\/2024\/05\/cropped-Logo-mark-charm.png\",\"width\":512,\"height\":512,\"caption\":\"Haartick Extensions\"},\"image\":{\"@id\":\"https:\/\/www.haartick-extensions.de\/it\/#\/schema\/logo\/image\/\"}}]}<\/script>\n<!-- \/ Yoast SEO plugin. -->","yoast_head_json":{"title":"Kallos Cosmetics Vegan Soul Hair Mask - Haartick-Extensions","robots":{"index":"index","follow":"follow","max-snippet":"max-snippet:-1","max-image-preview":"max-image-preview:large","max-video-preview":"max-video-preview:-1"},"canonical":"https:\/\/www.haartick-extensions.de\/de\/shop\/kallos-cosmetics-vegan-soul-hair-mask\/","og_locale":"de_DE","og_type":"article","og_title":"Kallos Cosmetics Vegan Soul Hair Mask - Haartick-Extensions","og_description":"Inhalt: 1000ml. Hinweis: Hygieneprodukte wie Shampoos, Masken, Hitzeschutzmittel, \u00d6le und L\u00f6sungen f\u00fcr Haarverl\u00e4ngerungen k\u00f6nnen wir ausschlie\u00dflich zur\u00fccknehmen, wenn sie unbenutzt, originalversiegelt und in einwandfreiem\u00a0Zustand\u00a0sind.","og_url":"https:\/\/www.haartick-extensions.de\/de\/shop\/kallos-cosmetics-vegan-soul-hair-mask\/","og_site_name":"Haartick-Extensions","article_modified_time":"2025-11-05T18:55:38+00:00","og_image":[{"width":800,"height":800,"url":"https:\/\/www.haartick-extensions.de\/wp-content\/uploads\/2024\/11\/kls-vegan-soul-volumizing-mask-1l.jpg","type":"image\/jpeg"}],"twitter_card":"summary_large_image","twitter_misc":{"Gesch\u00e4tzte Lesezeit":"1\u00a0Minute"},"schema":{"@context":"https:\/\/schema.org","@graph":[{"@type":"WebPage","@id":"https:\/\/www.haartick-extensions.de\/fr\/shop\/kallos-cosmetics-vegan-soul-hair-mask\/","url":"https:\/\/www.haartick-extensions.de\/fr\/shop\/kallos-cosmetics-vegan-soul-hair-mask\/","name":"Kallos Cosmetics Vegan Soul Hair Mask - Haartick-Extensions","isPartOf":{"@id":"https:\/\/www.haartick-extensions.de\/it\/#website"},"primaryImageOfPage":{"@id":"https:\/\/www.haartick-extensions.de\/fr\/shop\/kallos-cosmetics-vegan-soul-hair-mask\/#primaryimage"},"image":{"@id":"https:\/\/www.haartick-extensions.de\/fr\/shop\/kallos-cosmetics-vegan-soul-hair-mask\/#primaryimage"},"thumbnailUrl":"https:\/\/www.haartick-extensions.de\/wp-content\/uploads\/2024\/11\/kls-vegan-soul-volumizing-mask-1l.jpg","datePublished":"2024-11-12T15:38:04+00:00","dateModified":"2025-11-05T18:55:38+00:00","breadcrumb":{"@id":"https:\/\/www.haartick-extensions.de\/fr\/shop\/kallos-cosmetics-vegan-soul-hair-mask\/#breadcrumb"},"inLanguage":"de","potentialAction":[{"@type":"ReadAction","target":["https:\/\/www.haartick-extensions.de\/fr\/shop\/kallos-cosmetics-vegan-soul-hair-mask\/"]}]},{"@type":"ImageObject","inLanguage":"de","@id":"https:\/\/www.haartick-extensions.de\/fr\/shop\/kallos-cosmetics-vegan-soul-hair-mask\/#primaryimage","url":"https:\/\/www.haartick-extensions.de\/wp-content\/uploads\/2024\/11\/kls-vegan-soul-volumizing-mask-1l.jpg","contentUrl":"https:\/\/www.haartick-extensions.de\/wp-content\/uploads\/2024\/11\/kls-vegan-soul-volumizing-mask-1l.jpg","width":800,"height":800},{"@type":"BreadcrumbList","@id":"https:\/\/www.haartick-extensions.de\/fr\/shop\/kallos-cosmetics-vegan-soul-hair-mask\/#breadcrumb","itemListElement":[{"@type":"ListItem","position":1,"name":"Startseite","item":"https:\/\/www.haartick-extensions.de\/it\/"},{"@type":"ListItem","position":2,"name":"Shop","item":"https:\/\/www.haartick-extensions.de\/it\/shop\/"},{"@type":"ListItem","position":3,"name":"Kallos Cosmetics Vegan Soul Hair Mask"}]},{"@type":"WebSite","@id":"https:\/\/www.haartick-extensions.de\/it\/#website","url":"https:\/\/www.haartick-extensions.de\/it\/","name":"Haartick-Extensions","description":"Professionelle Haarverl\u00e4ngerund \/ Haarverdichtung mit 100% Echthaar.","publisher":{"@id":"https:\/\/www.haartick-extensions.de\/it\/#organization"},"potentialAction":[{"@type":"SearchAction","target":{"@type":"EntryPoint","urlTemplate":"https:\/\/www.haartick-extensions.de\/it\/?s={search_term_string}"},"query-input":{"@type":"PropertyValueSpecification","valueRequired":true,"valueName":"search_term_string"}}],"inLanguage":"de"},{"@type":"Organization","@id":"https:\/\/www.haartick-extensions.de\/it\/#organization","name":"Haartick Extensions","url":"https:\/\/www.haartick-extensions.de\/it\/","logo":{"@type":"ImageObject","inLanguage":"de","@id":"https:\/\/www.haartick-extensions.de\/it\/#\/schema\/logo\/image\/","url":"https:\/\/www.haartick-extensions.de\/wp-content\/uploads\/2024\/05\/cropped-Logo-mark-charm.png","contentUrl":"https:\/\/www.haartick-extensions.de\/wp-content\/uploads\/2024\/05\/cropped-Logo-mark-charm.png","width":512,"height":512,"caption":"Haartick Extensions"},"image":{"@id":"https:\/\/www.haartick-extensions.de\/it\/#\/schema\/logo\/image\/"}}]}},"_links":{"self":[{"href":"https:\/\/www.haartick-extensions.de\/de\/wp-json\/wp\/v2\/product\/22212","targetHints":{"allow":["GET"]}}],"collection":[{"href":"https:\/\/www.haartick-extensions.de\/de\/wp-json\/wp\/v2\/product"}],"about":[{"href":"https:\/\/www.haartick-extensions.de\/de\/wp-json\/wp\/v2\/types\/product"}],"replies":[{"embeddable":true,"href":"https:\/\/www.haartick-extensions.de\/de\/wp-json\/wp\/v2\/comments?post=22212"}],"version-history":[{"count":1,"href":"https:\/\/www.haartick-extensions.de\/de\/wp-json\/wp\/v2\/product\/22212\/revisions"}],"predecessor-version":[{"id":23374,"href":"https:\/\/www.haartick-extensions.de\/de\/wp-json\/wp\/v2\/product\/22212\/revisions\/23374"}],"wp:featuredmedia":[{"embeddable":true,"href":"https:\/\/www.haartick-extensions.de\/de\/wp-json\/wp\/v2\/media\/22208"}],"wp:attachment":[{"href":"https:\/\/www.haartick-extensions.de\/de\/wp-json\/wp\/v2\/media?parent=22212"}],"wp:term":[{"taxonomy":"product_brand","embeddable":true,"href":"https:\/\/www.haartick-extensions.de\/de\/wp-json\/wp\/v2\/product_brand?post=22212"},{"taxonomy":"product_cat","embeddable":true,"href":"https:\/\/www.haartick-extensions.de\/de\/wp-json\/wp\/v2\/product_cat?post=22212"},{"taxonomy":"product_tag","embeddable":true,"href":"https:\/\/www.haartick-extensions.de\/de\/wp-json\/wp\/v2\/product_tag?post=22212"}],"curies":[{"name":"wp","href":"https:\/\/api.w.org\/{rel}","templated":true}]}}