{"id":25135,"date":"2026-02-20T15:55:23","date_gmt":"2026-02-20T15:55:23","guid":{"rendered":"https:\/\/www.haartick-extensions.de\/?post_type=product&#038;p=25135"},"modified":"2026-03-10T08:35:57","modified_gmt":"2026-03-10T08:35:57","slug":"botanic-harmony-oel","status":"publish","type":"product","link":"https:\/\/www.haartick-extensions.de\/de\/shop\/botanic-harmony-oel\/","title":{"rendered":"Botanic Harmony \u00d6l"},"content":{"rendered":"<div>\n<p><strong>Beschreibung:<\/strong><\/p>\n<p>Ein leichtes, nat\u00fcrliches \u00d6l zur Pflege aller Haartypen, die Glanz und Pflege ben\u00f6tigen. Auf der Basis nat\u00fcrlicher Weichmacher mit der Zugabe von kaltgepressten \u00d6len aus Himbeer- und Sanddornsamen hergestellt, verleiht es Weichheit und unglaublichen Glanz. Verhindert das Kr\u00e4useln der Haare, ohne sie zu beschweren. Die Zusammensetzung des \u00d6ls ist mit Vitamin E angereichert, das f\u00fcr seine antioxidativen Eigenschaften bekannt ist. Es ist nichts anderes als ein Schutz vor den sch\u00e4dlichen Auswirkungen \u00e4u\u00dferer Faktoren. Perfekt f\u00fcr die Pflege von Extensions und dem Eigenhaar.<\/p>\n<p>&#8211; Es sch\u00fctzt und pflegt<br \/>\n&#8211; Verleiht Glanz und Weichheit<br \/>\n&#8211; Verhindert Frizz<br \/>\n&#8211; Sch\u00fctzt vor den sch\u00e4dlichen Auswirkungen \u00e4u\u00dferer Faktoren<\/p>\n<p><strong>Inhaltsstoffe:<\/strong><\/p>\n<p>&#8211; 99,4 % Inhaltsstoffe nat\u00fcrlichen Ursprungs<br \/>\n&#8211; leichte, nicht beschwerende Formel<br \/>\n&#8211; Enth\u00e4lt kaltgepresste \u00d6le und Vitamin E<br \/>\n&#8211; Enth\u00e4lt keine Parabene, SLS, SLES und k\u00fcnstliche Farbstoffe<\/p>\n<p><strong>Anwendung:<\/strong><\/p>\n<ul>\n<li>3-4 Tropfen \u00d6l in den H\u00e4nden verreiben und auf das trockene oder leicht feuchte Haar auftragen. Ohne Aussp\u00fclen einwirken lassen.<\/li>\n<\/ul>\n<\/div>\n<p><strong>Durch Verpackungsaktualisierungen durch den Hersteller kann die Produktverpackung von der Abbildung abweichen.<\/strong><\/p>\n","protected":false},"excerpt":{"rendered":"<p><strong>Inhalt: 28ml.<\/strong><\/p>\n<p style=\"color: red;\"><strong>Hinweis<\/strong>: Hygieneprodukte wie Shampoos, Masken, Hitzeschutzmittel, \u00d6le und L\u00f6sungen f\u00fcr Haarverl\u00e4ngerungen k\u00f6nnen wir ausschlie\u00dflich zur\u00fccknehmen, wenn sie unbenutzt, originalversiegelt und in einwandfreiem Zustand sind. Dieses Pflegeprodukt kann bei helleren\/aschigen Extensions zu Verf\u00e4rbungen f\u00fchren. Nur f\u00fcr dunkle Extensions geeignet.<\/p>\n","protected":false},"featured_media":25136,"comment_status":"open","ping_status":"closed","template":"","meta":{"_joinchat":[]},"product_brand":[],"product_cat":[94],"product_tag":[],"class_list":{"0":"post-25135","1":"product","2":"type-product","3":"status-publish","4":"has-post-thumbnail","6":"product_cat-pflegeprodukte","8":"first","9":"instock","10":"taxable","11":"shipping-taxable","12":"purchasable","13":"product-type-simple"},"yoast_head":"<!-- This site is optimized with the Yoast SEO plugin v25.6 - https:\/\/yoast.com\/wordpress\/plugins\/seo\/ -->\n<title>Botanic Harmony \u00d6l - Haartick-Extensions<\/title>\n<meta name=\"robots\" content=\"index, follow, max-snippet:-1, max-image-preview:large, max-video-preview:-1\" \/>\n<link rel=\"canonical\" href=\"https:\/\/www.haartick-extensions.de\/de\/shop\/botanic-harmony-oel\/\" \/>\n<meta property=\"og:locale\" content=\"de_DE\" \/>\n<meta property=\"og:type\" content=\"article\" \/>\n<meta property=\"og:title\" content=\"Botanic Harmony \u00d6l - Haartick-Extensions\" \/>\n<meta property=\"og:description\" content=\"Inhalt: 28ml. Hinweis: Hygieneprodukte wie Shampoos, Masken, Hitzeschutzmittel, \u00d6le und L\u00f6sungen f\u00fcr Haarverl\u00e4ngerungen k\u00f6nnen wir ausschlie\u00dflich zur\u00fccknehmen, wenn sie unbenutzt, originalversiegelt und in einwandfreiem Zustand sind. Dieses Pflegeprodukt kann bei helleren\/aschigen Extensions zu Verf\u00e4rbungen f\u00fchren. Nur f\u00fcr dunkle Extensions geeignet.\" \/>\n<meta property=\"og:url\" content=\"https:\/\/www.haartick-extensions.de\/de\/shop\/botanic-harmony-oel\/\" \/>\n<meta property=\"og:site_name\" content=\"Haartick-Extensions\" \/>\n<meta property=\"article:modified_time\" content=\"2026-03-10T08:35:57+00:00\" \/>\n<meta property=\"og:image\" content=\"https:\/\/www.haartick-extensions.de\/wp-content\/uploads\/2026\/02\/stapiz-professional-botanic-harmony-oil-naturalny-olejek-nadajacy-polysk-i-miekkosc-28ml_8f56488d-4ea4-4324-89d2-d1f6365b14b7.jpg.jpeg\" \/>\n\t<meta property=\"og:image:width\" content=\"550\" \/>\n\t<meta property=\"og:image:height\" content=\"550\" \/>\n\t<meta property=\"og:image:type\" content=\"image\/jpeg\" \/>\n<meta name=\"twitter:card\" content=\"summary_large_image\" \/>\n<meta name=\"twitter:label1\" content=\"Gesch\u00e4tzte Lesezeit\" \/>\n\t<meta name=\"twitter:data1\" content=\"2\u00a0Minuten\" \/>\n<script type=\"application\/ld+json\" class=\"yoast-schema-graph\">{\"@context\":\"https:\/\/schema.org\",\"@graph\":[{\"@type\":\"WebPage\",\"@id\":\"https:\/\/www.haartick-extensions.de\/de\/shop\/botanic-harmony-oel\/\",\"url\":\"https:\/\/www.haartick-extensions.de\/de\/shop\/botanic-harmony-oel\/\",\"name\":\"Botanic Harmony \u00d6l - Haartick-Extensions\",\"isPartOf\":{\"@id\":\"https:\/\/www.haartick-extensions.de\/it\/#website\"},\"primaryImageOfPage\":{\"@id\":\"https:\/\/www.haartick-extensions.de\/de\/shop\/botanic-harmony-oel\/#primaryimage\"},\"image\":{\"@id\":\"https:\/\/www.haartick-extensions.de\/de\/shop\/botanic-harmony-oel\/#primaryimage\"},\"thumbnailUrl\":\"https:\/\/www.haartick-extensions.de\/wp-content\/uploads\/2026\/02\/stapiz-professional-botanic-harmony-oil-naturalny-olejek-nadajacy-polysk-i-miekkosc-28ml_8f56488d-4ea4-4324-89d2-d1f6365b14b7.jpg.jpeg\",\"datePublished\":\"2026-02-20T15:55:23+00:00\",\"dateModified\":\"2026-03-10T08:35:57+00:00\",\"breadcrumb\":{\"@id\":\"https:\/\/www.haartick-extensions.de\/de\/shop\/botanic-harmony-oel\/#breadcrumb\"},\"inLanguage\":\"de\",\"potentialAction\":[{\"@type\":\"ReadAction\",\"target\":[\"https:\/\/www.haartick-extensions.de\/de\/shop\/botanic-harmony-oel\/\"]}]},{\"@type\":\"ImageObject\",\"inLanguage\":\"de\",\"@id\":\"https:\/\/www.haartick-extensions.de\/de\/shop\/botanic-harmony-oel\/#primaryimage\",\"url\":\"https:\/\/www.haartick-extensions.de\/wp-content\/uploads\/2026\/02\/stapiz-professional-botanic-harmony-oil-naturalny-olejek-nadajacy-polysk-i-miekkosc-28ml_8f56488d-4ea4-4324-89d2-d1f6365b14b7.jpg.jpeg\",\"contentUrl\":\"https:\/\/www.haartick-extensions.de\/wp-content\/uploads\/2026\/02\/stapiz-professional-botanic-harmony-oil-naturalny-olejek-nadajacy-polysk-i-miekkosc-28ml_8f56488d-4ea4-4324-89d2-d1f6365b14b7.jpg.jpeg\",\"width\":550,\"height\":550},{\"@type\":\"BreadcrumbList\",\"@id\":\"https:\/\/www.haartick-extensions.de\/de\/shop\/botanic-harmony-oel\/#breadcrumb\",\"itemListElement\":[{\"@type\":\"ListItem\",\"position\":1,\"name\":\"Startseite\",\"item\":\"https:\/\/www.haartick-extensions.de\/it\/\"},{\"@type\":\"ListItem\",\"position\":2,\"name\":\"Shop\",\"item\":\"https:\/\/www.haartick-extensions.de\/ru\/shop\/\"},{\"@type\":\"ListItem\",\"position\":3,\"name\":\"Botanic Harmony \u00d6l\"}]},{\"@type\":\"WebSite\",\"@id\":\"https:\/\/www.haartick-extensions.de\/it\/#website\",\"url\":\"https:\/\/www.haartick-extensions.de\/it\/\",\"name\":\"Haartick-Extensions\",\"description\":\"Professionelle Haarverl\u00e4ngerund \/ Haarverdichtung mit 100% Echthaar.\",\"publisher\":{\"@id\":\"https:\/\/www.haartick-extensions.de\/it\/#organization\"},\"potentialAction\":[{\"@type\":\"SearchAction\",\"target\":{\"@type\":\"EntryPoint\",\"urlTemplate\":\"https:\/\/www.haartick-extensions.de\/it\/?s={search_term_string}\"},\"query-input\":{\"@type\":\"PropertyValueSpecification\",\"valueRequired\":true,\"valueName\":\"search_term_string\"}}],\"inLanguage\":\"de\"},{\"@type\":\"Organization\",\"@id\":\"https:\/\/www.haartick-extensions.de\/it\/#organization\",\"name\":\"Haartick Extensions\",\"url\":\"https:\/\/www.haartick-extensions.de\/it\/\",\"logo\":{\"@type\":\"ImageObject\",\"inLanguage\":\"de\",\"@id\":\"https:\/\/www.haartick-extensions.de\/it\/#\/schema\/logo\/image\/\",\"url\":\"https:\/\/www.haartick-extensions.de\/wp-content\/uploads\/2024\/05\/cropped-Logo-mark-charm.png\",\"contentUrl\":\"https:\/\/www.haartick-extensions.de\/wp-content\/uploads\/2024\/05\/cropped-Logo-mark-charm.png\",\"width\":512,\"height\":512,\"caption\":\"Haartick Extensions\"},\"image\":{\"@id\":\"https:\/\/www.haartick-extensions.de\/it\/#\/schema\/logo\/image\/\"}}]}<\/script>\n<!-- \/ Yoast SEO plugin. -->","yoast_head_json":{"title":"Botanic Harmony \u00d6l - Haartick-Extensions","robots":{"index":"index","follow":"follow","max-snippet":"max-snippet:-1","max-image-preview":"max-image-preview:large","max-video-preview":"max-video-preview:-1"},"canonical":"https:\/\/www.haartick-extensions.de\/de\/shop\/botanic-harmony-oel\/","og_locale":"de_DE","og_type":"article","og_title":"Botanic Harmony \u00d6l - Haartick-Extensions","og_description":"Inhalt: 28ml. Hinweis: Hygieneprodukte wie Shampoos, Masken, Hitzeschutzmittel, \u00d6le und L\u00f6sungen f\u00fcr Haarverl\u00e4ngerungen k\u00f6nnen wir ausschlie\u00dflich zur\u00fccknehmen, wenn sie unbenutzt, originalversiegelt und in einwandfreiem Zustand sind. Dieses Pflegeprodukt kann bei helleren\/aschigen Extensions zu Verf\u00e4rbungen f\u00fchren. Nur f\u00fcr dunkle Extensions geeignet.","og_url":"https:\/\/www.haartick-extensions.de\/de\/shop\/botanic-harmony-oel\/","og_site_name":"Haartick-Extensions","article_modified_time":"2026-03-10T08:35:57+00:00","og_image":[{"width":550,"height":550,"url":"https:\/\/www.haartick-extensions.de\/wp-content\/uploads\/2026\/02\/stapiz-professional-botanic-harmony-oil-naturalny-olejek-nadajacy-polysk-i-miekkosc-28ml_8f56488d-4ea4-4324-89d2-d1f6365b14b7.jpg.jpeg","type":"image\/jpeg"}],"twitter_card":"summary_large_image","twitter_misc":{"Gesch\u00e4tzte Lesezeit":"2\u00a0Minuten"},"schema":{"@context":"https:\/\/schema.org","@graph":[{"@type":"WebPage","@id":"https:\/\/www.haartick-extensions.de\/de\/shop\/botanic-harmony-oel\/","url":"https:\/\/www.haartick-extensions.de\/de\/shop\/botanic-harmony-oel\/","name":"Botanic Harmony \u00d6l - Haartick-Extensions","isPartOf":{"@id":"https:\/\/www.haartick-extensions.de\/it\/#website"},"primaryImageOfPage":{"@id":"https:\/\/www.haartick-extensions.de\/de\/shop\/botanic-harmony-oel\/#primaryimage"},"image":{"@id":"https:\/\/www.haartick-extensions.de\/de\/shop\/botanic-harmony-oel\/#primaryimage"},"thumbnailUrl":"https:\/\/www.haartick-extensions.de\/wp-content\/uploads\/2026\/02\/stapiz-professional-botanic-harmony-oil-naturalny-olejek-nadajacy-polysk-i-miekkosc-28ml_8f56488d-4ea4-4324-89d2-d1f6365b14b7.jpg.jpeg","datePublished":"2026-02-20T15:55:23+00:00","dateModified":"2026-03-10T08:35:57+00:00","breadcrumb":{"@id":"https:\/\/www.haartick-extensions.de\/de\/shop\/botanic-harmony-oel\/#breadcrumb"},"inLanguage":"de","potentialAction":[{"@type":"ReadAction","target":["https:\/\/www.haartick-extensions.de\/de\/shop\/botanic-harmony-oel\/"]}]},{"@type":"ImageObject","inLanguage":"de","@id":"https:\/\/www.haartick-extensions.de\/de\/shop\/botanic-harmony-oel\/#primaryimage","url":"https:\/\/www.haartick-extensions.de\/wp-content\/uploads\/2026\/02\/stapiz-professional-botanic-harmony-oil-naturalny-olejek-nadajacy-polysk-i-miekkosc-28ml_8f56488d-4ea4-4324-89d2-d1f6365b14b7.jpg.jpeg","contentUrl":"https:\/\/www.haartick-extensions.de\/wp-content\/uploads\/2026\/02\/stapiz-professional-botanic-harmony-oil-naturalny-olejek-nadajacy-polysk-i-miekkosc-28ml_8f56488d-4ea4-4324-89d2-d1f6365b14b7.jpg.jpeg","width":550,"height":550},{"@type":"BreadcrumbList","@id":"https:\/\/www.haartick-extensions.de\/de\/shop\/botanic-harmony-oel\/#breadcrumb","itemListElement":[{"@type":"ListItem","position":1,"name":"Startseite","item":"https:\/\/www.haartick-extensions.de\/it\/"},{"@type":"ListItem","position":2,"name":"Shop","item":"https:\/\/www.haartick-extensions.de\/ru\/shop\/"},{"@type":"ListItem","position":3,"name":"Botanic Harmony \u00d6l"}]},{"@type":"WebSite","@id":"https:\/\/www.haartick-extensions.de\/it\/#website","url":"https:\/\/www.haartick-extensions.de\/it\/","name":"Haartick-Extensions","description":"Professionelle Haarverl\u00e4ngerund \/ Haarverdichtung mit 100% Echthaar.","publisher":{"@id":"https:\/\/www.haartick-extensions.de\/it\/#organization"},"potentialAction":[{"@type":"SearchAction","target":{"@type":"EntryPoint","urlTemplate":"https:\/\/www.haartick-extensions.de\/it\/?s={search_term_string}"},"query-input":{"@type":"PropertyValueSpecification","valueRequired":true,"valueName":"search_term_string"}}],"inLanguage":"de"},{"@type":"Organization","@id":"https:\/\/www.haartick-extensions.de\/it\/#organization","name":"Haartick Extensions","url":"https:\/\/www.haartick-extensions.de\/it\/","logo":{"@type":"ImageObject","inLanguage":"de","@id":"https:\/\/www.haartick-extensions.de\/it\/#\/schema\/logo\/image\/","url":"https:\/\/www.haartick-extensions.de\/wp-content\/uploads\/2024\/05\/cropped-Logo-mark-charm.png","contentUrl":"https:\/\/www.haartick-extensions.de\/wp-content\/uploads\/2024\/05\/cropped-Logo-mark-charm.png","width":512,"height":512,"caption":"Haartick Extensions"},"image":{"@id":"https:\/\/www.haartick-extensions.de\/it\/#\/schema\/logo\/image\/"}}]}},"_links":{"self":[{"href":"https:\/\/www.haartick-extensions.de\/de\/wp-json\/wp\/v2\/product\/25135","targetHints":{"allow":["GET"]}}],"collection":[{"href":"https:\/\/www.haartick-extensions.de\/de\/wp-json\/wp\/v2\/product"}],"about":[{"href":"https:\/\/www.haartick-extensions.de\/de\/wp-json\/wp\/v2\/types\/product"}],"replies":[{"embeddable":true,"href":"https:\/\/www.haartick-extensions.de\/de\/wp-json\/wp\/v2\/comments?post=25135"}],"version-history":[{"count":2,"href":"https:\/\/www.haartick-extensions.de\/de\/wp-json\/wp\/v2\/product\/25135\/revisions"}],"predecessor-version":[{"id":25184,"href":"https:\/\/www.haartick-extensions.de\/de\/wp-json\/wp\/v2\/product\/25135\/revisions\/25184"}],"wp:featuredmedia":[{"embeddable":true,"href":"https:\/\/www.haartick-extensions.de\/de\/wp-json\/wp\/v2\/media\/25136"}],"wp:attachment":[{"href":"https:\/\/www.haartick-extensions.de\/de\/wp-json\/wp\/v2\/media?parent=25135"}],"wp:term":[{"taxonomy":"product_brand","embeddable":true,"href":"https:\/\/www.haartick-extensions.de\/de\/wp-json\/wp\/v2\/product_brand?post=25135"},{"taxonomy":"product_cat","embeddable":true,"href":"https:\/\/www.haartick-extensions.de\/de\/wp-json\/wp\/v2\/product_cat?post=25135"},{"taxonomy":"product_tag","embeddable":true,"href":"https:\/\/www.haartick-extensions.de\/de\/wp-json\/wp\/v2\/product_tag?post=25135"}],"curies":[{"name":"wp","href":"https:\/\/api.w.org\/{rel}","templated":true}]}}