{"id":24500,"date":"2025-08-20T11:26:45","date_gmt":"2025-08-20T11:26:45","guid":{"rendered":"https:\/\/www.haartick-extensions.de\/?page_id=24500"},"modified":"2025-08-22T09:10:36","modified_gmt":"2025-08-22T09:10:36","slug":"finde-deine-perfekte-extensions-methode","status":"publish","type":"page","link":"https:\/\/www.haartick-extensions.de\/en\/finde-deine-perfekte-extensions-methode\/","title":{"rendered":"Your extension quiz"},"content":{"rendered":"<div data-elementor-type=\"wp-page\" data-elementor-id=\"24500\" class=\"elementor elementor-24500\" data-elementor-post-type=\"page\">\n\t\t\t\t<div class=\"wd-negative-gap elementor-element elementor-element-1a812fb e-flex e-con-boxed e-con e-parent\" data-id=\"1a812fb\" data-element_type=\"container\">\n\t\t\t\t\t<div class=\"e-con-inner\">\n\t\t\t\t<div class=\"elementor-element elementor-element-fb9c679 elementor-widget elementor-widget-shortcode\" data-id=\"fb9c679\" data-element_type=\"widget\" data-widget_type=\"shortcode.default\">\n\t\t\t\t<div class=\"elementor-widget-container\">\n\t\t\t\t\t\t\t<div class=\"elementor-shortcode\"><form id=\"forminator-module-24520\" class=\"forminator-custom-form forminator-custom-form-24520\" method=\"post\" data-forminator-render=\"0\" data-uid=\"6a03ac9d9b6df\" action=\"\"><div role=\"alert\" aria-live=\"polite\" class=\"forminator-response-message forminator-error\" aria-hidden=\"true\"><\/div><input type=\"hidden\" name=\"trp-form-language\" value=\"en\"\/><\/form><\/div>\n\t\t\t\t\t\t<\/div>\n\t\t\t\t<\/div>\n\t\t\t\t\t<\/div>\n\t\t\t\t<\/div>\n\t\t<div class=\"wd-negative-gap elementor-element elementor-element-5f79fbf e-flex e-con-boxed e-con e-parent\" data-id=\"5f79fbf\" data-element_type=\"container\">\n\t\t\t\t\t<div class=\"e-con-inner\">\n\t\t\t\t<div class=\"elementor-element elementor-element-f151bbf elementor-widget elementor-widget-shortcode\" data-id=\"f151bbf\" data-element_type=\"widget\" data-widget_type=\"shortcode.default\">\n\t\t\t\t<div class=\"elementor-widget-container\">\n\t\t\t\t\t\t\t<div class=\"elementor-shortcode\"><script>const form = document.querySelector(\"#forminator-module-24520\");\r\n\r\njQuery(document).on(\"forminator:form:submit:success\", function(event, formId, response){\r\ndocument.getElementById(\"bar1\").style.width = \"0%\";\r\ndocument.getElementById(\"bar2\").style.width = \"0%\";\r\ndocument.getElementById(\"bar3\").style.width = \"0%\";\r\n\r\nlet scores = {A: 0, B: 0, C: 0};\r\nlet total = 0;\r\n\r\n\/\/ check answers by input value\r\ndocument.querySelectorAll(\".forminator-is_checked > input\").forEach(input => {\r\n\tswitch(input.value) {\r\n\t\tcase \"q1a1\": scores.A += 1; scores.C += 1; break;\r\n\t\tcase \"q1a2\": scores.B += 1; break;\r\n\t\tcase \"q1a3\": scores.A += 1; scores.C += 1; break;\r\n\r\n\t\tcase \"q2a1\": scores.B += 1; break;\r\n\t\tcase \"q2a2\": scores.A += 1; scores.B += 1; scores.C += 1; break;\r\n\t\tcase \"q2a3\": scores.A += 1; scores.B += 1; scores.C += 1; break;\r\n\t\t\r\n\t\tcase \"q3a1\": scores.A += 1; scores.C += 1; break;\r\n\t\tcase \"q3a2\": scores.B += 1; scores.C += 1; break;\r\n\t\tcase \"q3a3\": scores.A += 1; scores.B += 1; scores.C += 1; break;\r\n\t\t\t\r\n\t\tcase \"q4a1\": scores.A += 1; scores.B += 1; break;\r\n\t\tcase \"q4a2\": scores.A += 1; scores.B += 1; break;\r\n\t\tcase \"q4a3\": scores.C += 1; break;\r\n\t\t\r\n\t\tcase \"q5a1\": scores.C += 1; break;\r\n\t\tcase \"q5a2\": scores.A += 1; break;\r\n\t\tcase \"q5a3\": scores.B += 1; break;\r\n\t\t\t\r\n\t\tcase \"q6a1\": scores.A += 1; break;\r\n\t\tcase \"q6a2\": scores.B += 1; break;\r\n\t\tcase \"q6a3\": scores.C += 1; break;\r\n\t}\r\n});\r\n\r\n\/\/ calculate total\r\ntotal = scores.A + scores.B + scores.C;\r\nconsole.log(total);\r\n\r\n\/\/ avoid division by 0\r\nif (total === 0) total = 1;\r\n\r\n\/\/ percentages\r\nlet pA = Math.round((scores.A \/ total) * 100);\r\nlet pB = Math.round((scores.B \/ total) * 100);\r\nlet pC = Math.round((scores.C \/ total) * 100);\r\n\r\n\/\/ show results\r\ndocument.getElementById(\"results\").style.display = \"block\";\r\ndocument.getElementById(\"bar1\").style.width = pA + \"%\";\r\ndocument.getElementById(\"bar1\").textContent = \"Tapes \" + pA + \"%\";\r\ndocument.getElementById(\"bar2\").style.width = pB + \"%\";\r\ndocument.getElementById(\"bar2\").textContent = \"Bondings \" + pB + \"%\";\r\ndocument.getElementById(\"bar3\").style.width = pC + \"%\";\r\ndocument.getElementById(\"bar3\").textContent = \"Clip-ins \" + pC + \"%\";\r\n\r\nlet title = \"\";\r\nlet description = \"\";\r\nlet benefits = \"\";\r\nif(pA >= pB && pA >= pC){\r\n\ttitle = \"Du bist der Tape-Typ!\";\r\n\tdescription = \"Tapes sind ideal, wenn du dir eine schnelle und unkomplizierte Methode w\u00fcnschst. Der Friseurtermin geht fix, allerdings m\u00fcssen die Tapes alle paar Wochen hochgesetzt werden. Perfekt sind sie, wenn du deine Haare meist offen oder in einem einfachen Zopf tr\u00e4gst. Am besten eignen sich Tapes bei normalem bis kr\u00e4ftigem Haar, da sie hier optimal halten und unsichtbar wirken.\";\r\n\tbenefits = \"Dein Vorteil: schnell, praktisch und nat\u00fcrlich aussehend.\";\r\n}\r\nif(pB >= pA && pB >= pC){\r\n\ttitle = \"Du bist der Bonding-Typ!\";\r\n\tdescription = \"Bondings sind perfekt, wenn du dir lange Haltbarkeit und maximale Stylingfreiheit w\u00fcnschst. Nach einem l\u00e4ngeren Einsatztermin kannst du sie mehrere Monate tragen \u2013 und wirklich alle Frisuren machen, vom Zopf bis zur Hochsteckfrisur. Besonders bei feinem oder d\u00fcnnem Haar sind Bondings eine super Wahl, da sie sehr unauff\u00e4llig sind und das Gewicht gleichm\u00e4\u00dfig verteilt wird.\";\r\n\tbenefits = \"Dein Vorteil: lange Haltbarkeit, unsichtbar und vielseitig im Styling.\";\r\n}\r\nif(pC >= pB && pC >= pA){\r\n\ttitle = \"Du bist der Clip-in-Typ!\";\r\n\tdescription = \"Clip-ins sind die perfekte L\u00f6sung f\u00fcr dich, wenn du maximale Flexibilit\u00e4t willst. Du setzt sie dir in wenigen Minuten selbst ein und nimmst sie genauso schnell wieder heraus. Ideal also f\u00fcr Partys, besondere Anl\u00e4sse oder spontane Looks. Einmal gekauft, kannst du sie lange nutzen \u2013 ganz ohne Friseurbesuche. Clip-ins sind sehr schonend und eher f\u00fcr mitteleres bis robustes Haar geeignet.\";\r\n\tbenefits = \"Dein Vorteil: flexibel, kostensparend und sofort\u00a0einsatzbereit.\";\r\n}\r\ndocument.querySelector(\".result-title\").innerHTML = title;\r\ndocument.querySelector(\".result-description\").innerHTML = description;\r\ndocument.querySelector(\".result-benefits\").innerHTML = benefits;\r\n});<\/script><\/div>\n\t\t\t\t\t\t<\/div>\n\t\t\t\t<\/div>\n\t\t\t\t\t<\/div>\n\t\t\t\t<\/div>\n\t\t\t\t<\/div>","protected":false},"excerpt":{"rendered":"","protected":false},"author":1,"featured_media":0,"parent":0,"menu_order":0,"comment_status":"closed","ping_status":"closed","template":"","meta":{"_joinchat":[],"footnotes":""},"class_list":["post-24500","page","type-page","status-publish","hentry"],"yoast_head":"<!-- This site is optimized with the Yoast SEO plugin v25.6 - https:\/\/yoast.com\/wordpress\/plugins\/seo\/ -->\n<title>Dein Extensions-Quiz - Haartick-Extensions<\/title>\n<meta name=\"robots\" content=\"index, follow, max-snippet:-1, max-image-preview:large, max-video-preview:-1\" \/>\n<link rel=\"canonical\" href=\"https:\/\/www.haartick-extensions.de\/en\/finde-deine-perfekte-extensions-methode\/\" \/>\n<meta property=\"og:locale\" content=\"en_GB\" \/>\n<meta property=\"og:type\" content=\"article\" \/>\n<meta property=\"og:title\" content=\"Dein Extensions-Quiz - Haartick-Extensions\" \/>\n<meta property=\"og:url\" content=\"https:\/\/www.haartick-extensions.de\/en\/finde-deine-perfekte-extensions-methode\/\" \/>\n<meta property=\"og:site_name\" content=\"Haartick-Extensions\" \/>\n<meta property=\"article:modified_time\" content=\"2025-08-22T09:10:36+00:00\" \/>\n<meta name=\"twitter:card\" content=\"summary_large_image\" \/>\n<script type=\"application\/ld+json\" class=\"yoast-schema-graph\">{\"@context\":\"https:\/\/schema.org\",\"@graph\":[{\"@type\":\"WebPage\",\"@id\":\"https:\/\/www.haartick-extensions.de\/en\/finde-deine-perfekte-extensions-methode\/\",\"url\":\"https:\/\/www.haartick-extensions.de\/en\/finde-deine-perfekte-extensions-methode\/\",\"name\":\"Dein Extensions-Quiz - Haartick-Extensions\",\"isPartOf\":{\"@id\":\"https:\/\/www.haartick-extensions.de\/it\/#website\"},\"datePublished\":\"2025-08-20T11:26:45+00:00\",\"dateModified\":\"2025-08-22T09:10:36+00:00\",\"breadcrumb\":{\"@id\":\"https:\/\/www.haartick-extensions.de\/en\/finde-deine-perfekte-extensions-methode\/#breadcrumb\"},\"inLanguage\":\"en-GB\",\"potentialAction\":[{\"@type\":\"ReadAction\",\"target\":[\"https:\/\/www.haartick-extensions.de\/en\/finde-deine-perfekte-extensions-methode\/\"]}]},{\"@type\":\"BreadcrumbList\",\"@id\":\"https:\/\/www.haartick-extensions.de\/en\/finde-deine-perfekte-extensions-methode\/#breadcrumb\",\"itemListElement\":[{\"@type\":\"ListItem\",\"position\":1,\"name\":\"Startseite\",\"item\":\"https:\/\/www.haartick-extensions.de\/it\/\"},{\"@type\":\"ListItem\",\"position\":2,\"name\":\"Dein Extensions-Quiz\"}]},{\"@type\":\"WebSite\",\"@id\":\"https:\/\/www.haartick-extensions.de\/it\/#website\",\"url\":\"https:\/\/www.haartick-extensions.de\/it\/\",\"name\":\"Haartick-Extensions\",\"description\":\"Professionelle Haarverl\u00e4ngerund \/ Haarverdichtung mit 100% Echthaar.\",\"publisher\":{\"@id\":\"https:\/\/www.haartick-extensions.de\/it\/#organization\"},\"potentialAction\":[{\"@type\":\"SearchAction\",\"target\":{\"@type\":\"EntryPoint\",\"urlTemplate\":\"https:\/\/www.haartick-extensions.de\/it\/?s={search_term_string}\"},\"query-input\":{\"@type\":\"PropertyValueSpecification\",\"valueRequired\":true,\"valueName\":\"search_term_string\"}}],\"inLanguage\":\"en-GB\"},{\"@type\":\"Organization\",\"@id\":\"https:\/\/www.haartick-extensions.de\/it\/#organization\",\"name\":\"Haartick Extensions\",\"url\":\"https:\/\/www.haartick-extensions.de\/it\/\",\"logo\":{\"@type\":\"ImageObject\",\"inLanguage\":\"en-GB\",\"@id\":\"https:\/\/www.haartick-extensions.de\/it\/#\/schema\/logo\/image\/\",\"url\":\"https:\/\/www.haartick-extensions.de\/wp-content\/uploads\/2024\/05\/cropped-Logo-mark-charm.png\",\"contentUrl\":\"https:\/\/www.haartick-extensions.de\/wp-content\/uploads\/2024\/05\/cropped-Logo-mark-charm.png\",\"width\":512,\"height\":512,\"caption\":\"Haartick Extensions\"},\"image\":{\"@id\":\"https:\/\/www.haartick-extensions.de\/it\/#\/schema\/logo\/image\/\"}}]}<\/script>\n<!-- \/ Yoast SEO plugin. -->","yoast_head_json":{"title":"Dein Extensions-Quiz - Haartick-Extensions","robots":{"index":"index","follow":"follow","max-snippet":"max-snippet:-1","max-image-preview":"max-image-preview:large","max-video-preview":"max-video-preview:-1"},"canonical":"https:\/\/www.haartick-extensions.de\/en\/finde-deine-perfekte-extensions-methode\/","og_locale":"en_GB","og_type":"article","og_title":"Dein Extensions-Quiz - Haartick-Extensions","og_url":"https:\/\/www.haartick-extensions.de\/en\/finde-deine-perfekte-extensions-methode\/","og_site_name":"Haartick-Extensions","article_modified_time":"2025-08-22T09:10:36+00:00","twitter_card":"summary_large_image","schema":{"@context":"https:\/\/schema.org","@graph":[{"@type":"WebPage","@id":"https:\/\/www.haartick-extensions.de\/en\/finde-deine-perfekte-extensions-methode\/","url":"https:\/\/www.haartick-extensions.de\/en\/finde-deine-perfekte-extensions-methode\/","name":"Dein Extensions-Quiz - Haartick-Extensions","isPartOf":{"@id":"https:\/\/www.haartick-extensions.de\/it\/#website"},"datePublished":"2025-08-20T11:26:45+00:00","dateModified":"2025-08-22T09:10:36+00:00","breadcrumb":{"@id":"https:\/\/www.haartick-extensions.de\/en\/finde-deine-perfekte-extensions-methode\/#breadcrumb"},"inLanguage":"en-GB","potentialAction":[{"@type":"ReadAction","target":["https:\/\/www.haartick-extensions.de\/en\/finde-deine-perfekte-extensions-methode\/"]}]},{"@type":"BreadcrumbList","@id":"https:\/\/www.haartick-extensions.de\/en\/finde-deine-perfekte-extensions-methode\/#breadcrumb","itemListElement":[{"@type":"ListItem","position":1,"name":"Startseite","item":"https:\/\/www.haartick-extensions.de\/it\/"},{"@type":"ListItem","position":2,"name":"Dein Extensions-Quiz"}]},{"@type":"WebSite","@id":"https:\/\/www.haartick-extensions.de\/it\/#website","url":"https:\/\/www.haartick-extensions.de\/it\/","name":"Hair stick extensions","description":"Professional hair lengthening and thickening with 100% human hair.","publisher":{"@id":"https:\/\/www.haartick-extensions.de\/it\/#organization"},"potentialAction":[{"@type":"SearchAction","target":{"@type":"EntryPoint","urlTemplate":"https:\/\/www.haartick-extensions.de\/it\/?s={search_term_string}"},"query-input":{"@type":"PropertyValueSpecification","valueRequired":true,"valueName":"search_term_string"}}],"inLanguage":"en-GB"},{"@type":"Organization","@id":"https:\/\/www.haartick-extensions.de\/it\/#organization","name":"Haartick Extensions","url":"https:\/\/www.haartick-extensions.de\/it\/","logo":{"@type":"ImageObject","inLanguage":"en-GB","@id":"https:\/\/www.haartick-extensions.de\/it\/#\/schema\/logo\/image\/","url":"https:\/\/www.haartick-extensions.de\/wp-content\/uploads\/2024\/05\/cropped-Logo-mark-charm.png","contentUrl":"https:\/\/www.haartick-extensions.de\/wp-content\/uploads\/2024\/05\/cropped-Logo-mark-charm.png","width":512,"height":512,"caption":"Haartick Extensions"},"image":{"@id":"https:\/\/www.haartick-extensions.de\/it\/#\/schema\/logo\/image\/"}}]}},"_links":{"self":[{"href":"https:\/\/www.haartick-extensions.de\/en\/wp-json\/wp\/v2\/pages\/24500","targetHints":{"allow":["GET"]}}],"collection":[{"href":"https:\/\/www.haartick-extensions.de\/en\/wp-json\/wp\/v2\/pages"}],"about":[{"href":"https:\/\/www.haartick-extensions.de\/en\/wp-json\/wp\/v2\/types\/page"}],"author":[{"embeddable":true,"href":"https:\/\/www.haartick-extensions.de\/en\/wp-json\/wp\/v2\/users\/1"}],"replies":[{"embeddable":true,"href":"https:\/\/www.haartick-extensions.de\/en\/wp-json\/wp\/v2\/comments?post=24500"}],"version-history":[{"count":0,"href":"https:\/\/www.haartick-extensions.de\/en\/wp-json\/wp\/v2\/pages\/24500\/revisions"}],"wp:attachment":[{"href":"https:\/\/www.haartick-extensions.de\/en\/wp-json\/wp\/v2\/media?parent=24500"}],"curies":[{"name":"wp","href":"https:\/\/api.w.org\/{rel}","templated":true}]}}