{"id":20170,"date":"2024-09-07T11:36:26","date_gmt":"2024-09-07T11:36:26","guid":{"rendered":"https:\/\/www.haartick-extensions.de\/wordpress\/?post_type=product&#038;p=20170"},"modified":"2026-02-03T16:00:11","modified_gmt":"2026-02-03T16:00:11","slug":"fidentia-hitzeschutzspray","status":"publish","type":"product","link":"https:\/\/www.haartick-extensions.de\/en\/shop\/fidentia-hitzeschutzspray\/","title":{"rendered":"Fidentia heat protection spray"},"content":{"rendered":"<p>Protect your hair from heat damage<br \/>\nSUITABLE FOR REAL HAIR, EXTENSIONS &amp; SECOND HAIR WITHOUT SILICONE LAYER<br \/>\nWITH HIGH-QUALITY SILK PROTEIN<br \/>\nMULTI-FACTOR - against frizz, split ends and knots<br \/>\nWITHOUT ALCOHOL AND SILICONES - extra gentle<br \/>\nPROTECT YOUR HAIR FROM HEAT DAMAGE - from styling, sun, sauna or solarium<\/p>\n<p>High temperatures can cause massive damage to the hair structure, so hair urgently needs protection. This is especially true for fine hair and extensions. The Fidentia heat protection spray is extra gentle as it does not contain alcohol or silicones. It wraps itself around each individual hair like a protective coat and ensures that no moisture is extracted. Your hair will thank you for this in the long term. The multi-factor of the spray helps against frizz, split ends and knots in the hair. The silk protein provides additional vitality. The spray is suitable for real hair, hair extensions, wefts and wigs without silicone layers. It protects against heat in general. Therefore, use it not only when straightening and blow-drying but also in strong sunlight, on the sunbed or in the sauna.<\/p>\n<p><strong>Application:<\/strong><\/p>\n<p>After shampooing, spray evenly onto the lengths of damp hair. Try to avoid the roots as much as possible, as the glossy effect can otherwise appear greasy. Then comb through the hair again and blow-dry. Only use styling tools such as straighteners or curling irons when the hair is dry. It is also advisable to protect the hair with heat protection spray before sunbathing.<\/p>\n<p><strong>Ingredients:<\/strong><\/p>\n<p>Aqua, PVP, Phenoxyethanol, Ethylhexylglycerin, Hydrolyzed Silk, Laurdimonium Hydroxypropyl Hydrolyzed Wheat Protein, PEG-40 Hydrogenated Castor Oil, Cetrimonium Chloride, Parfum, Hexylcinnamal, Linalool, Limonene, Phosphoric Acid.<\/p>\n<p><strong>Due to packaging updates by the manufacturer, the product packaging may differ from the illustration.<\/strong><\/p>","protected":false},"excerpt":{"rendered":"<p><strong>Contents: 200ml.<\/strong><\/p>\n<p style=\"color: red;\"><strong>Hint<\/strong>Hygiene products such as shampoos, masks, heat protection products, oils and solutions for hair extensions can only be taken back if they are unused, originally sealed and in perfect condition.<\/p>","protected":false},"featured_media":22752,"comment_status":"open","ping_status":"closed","template":"","meta":{"_joinchat":[]},"product_brand":[],"product_cat":[94],"product_tag":[],"class_list":{"0":"post-20170","1":"product","2":"type-product","3":"status-publish","4":"has-post-thumbnail","6":"product_cat-pflegeprodukte","8":"first","9":"instock","10":"taxable","11":"shipping-taxable","12":"purchasable","13":"product-type-simple"},"yoast_head":"<!-- This site is optimized with the Yoast SEO plugin v25.6 - https:\/\/yoast.com\/wordpress\/plugins\/seo\/ -->\n<title>Fidentia Hitzeschutzspray - Haartick-Extensions<\/title>\n<meta name=\"robots\" content=\"index, follow, max-snippet:-1, max-image-preview:large, max-video-preview:-1\" \/>\n<link rel=\"canonical\" href=\"https:\/\/www.haartick-extensions.de\/en\/shop\/fidentia-hitzeschutzspray\/\" \/>\n<meta property=\"og:locale\" content=\"en_GB\" \/>\n<meta property=\"og:type\" content=\"article\" \/>\n<meta property=\"og:title\" content=\"Fidentia Hitzeschutzspray - Haartick-Extensions\" \/>\n<meta property=\"og:description\" content=\"Inhalt: 200ml. Hinweis: Hygieneprodukte wie Shampoos, Masken, Hitzeschutzmittel, \u00d6le und L\u00f6sungen f\u00fcr Haarverl\u00e4ngerungen k\u00f6nnen wir ausschlie\u00dflich zur\u00fccknehmen, wenn sie unbenutzt, originalversiegelt und in einwandfreiem\u00a0Zustand\u00a0sind.\" \/>\n<meta property=\"og:url\" content=\"https:\/\/www.haartick-extensions.de\/en\/shop\/fidentia-hitzeschutzspray\/\" \/>\n<meta property=\"og:site_name\" content=\"Haartick-Extensions\" \/>\n<meta property=\"article:modified_time\" content=\"2026-02-03T16:00:11+00:00\" \/>\n<meta property=\"og:image\" content=\"https:\/\/www.haartick-extensions.de\/wp-content\/uploads\/2024\/09\/spray-1.webp\" \/>\n\t<meta property=\"og:image:width\" content=\"800\" \/>\n\t<meta property=\"og:image:height\" content=\"800\" \/>\n\t<meta property=\"og:image:type\" content=\"image\/webp\" \/>\n<meta name=\"twitter:card\" content=\"summary_large_image\" \/>\n<meta name=\"twitter:label1\" content=\"Estimated reading time\" \/>\n\t<meta name=\"twitter:data1\" content=\"2 minutes\" \/>\n<script type=\"application\/ld+json\" class=\"yoast-schema-graph\">{\"@context\":\"https:\/\/schema.org\",\"@graph\":[{\"@type\":\"WebPage\",\"@id\":\"https:\/\/www.haartick-extensions.de\/de\/shop\/fidentia-hitzeschutzspray\/\",\"url\":\"https:\/\/www.haartick-extensions.de\/de\/shop\/fidentia-hitzeschutzspray\/\",\"name\":\"Fidentia Hitzeschutzspray - Haartick-Extensions\",\"isPartOf\":{\"@id\":\"https:\/\/www.haartick-extensions.de\/it\/#website\"},\"primaryImageOfPage\":{\"@id\":\"https:\/\/www.haartick-extensions.de\/de\/shop\/fidentia-hitzeschutzspray\/#primaryimage\"},\"image\":{\"@id\":\"https:\/\/www.haartick-extensions.de\/de\/shop\/fidentia-hitzeschutzspray\/#primaryimage\"},\"thumbnailUrl\":\"https:\/\/www.haartick-extensions.de\/wp-content\/uploads\/2024\/09\/spray-1.webp\",\"datePublished\":\"2024-09-07T11:36:26+00:00\",\"dateModified\":\"2026-02-03T16:00:11+00:00\",\"breadcrumb\":{\"@id\":\"https:\/\/www.haartick-extensions.de\/de\/shop\/fidentia-hitzeschutzspray\/#breadcrumb\"},\"inLanguage\":\"en-GB\",\"potentialAction\":[{\"@type\":\"ReadAction\",\"target\":[\"https:\/\/www.haartick-extensions.de\/de\/shop\/fidentia-hitzeschutzspray\/\"]}]},{\"@type\":\"ImageObject\",\"inLanguage\":\"en-GB\",\"@id\":\"https:\/\/www.haartick-extensions.de\/de\/shop\/fidentia-hitzeschutzspray\/#primaryimage\",\"url\":\"https:\/\/www.haartick-extensions.de\/wp-content\/uploads\/2024\/09\/spray-1.webp\",\"contentUrl\":\"https:\/\/www.haartick-extensions.de\/wp-content\/uploads\/2024\/09\/spray-1.webp\",\"width\":800,\"height\":800},{\"@type\":\"BreadcrumbList\",\"@id\":\"https:\/\/www.haartick-extensions.de\/de\/shop\/fidentia-hitzeschutzspray\/#breadcrumb\",\"itemListElement\":[{\"@type\":\"ListItem\",\"position\":1,\"name\":\"Startseite\",\"item\":\"https:\/\/www.haartick-extensions.de\/it\/\"},{\"@type\":\"ListItem\",\"position\":2,\"name\":\"Shop\",\"item\":\"https:\/\/www.haartick-extensions.de\/ru\/shop\/\"},{\"@type\":\"ListItem\",\"position\":3,\"name\":\"Fidentia Hitzeschutzspray\"}]},{\"@type\":\"WebSite\",\"@id\":\"https:\/\/www.haartick-extensions.de\/it\/#website\",\"url\":\"https:\/\/www.haartick-extensions.de\/it\/\",\"name\":\"Haartick-Extensions\",\"description\":\"Professionelle Haarverl\u00e4ngerund \/ Haarverdichtung mit 100% Echthaar.\",\"publisher\":{\"@id\":\"https:\/\/www.haartick-extensions.de\/it\/#organization\"},\"potentialAction\":[{\"@type\":\"SearchAction\",\"target\":{\"@type\":\"EntryPoint\",\"urlTemplate\":\"https:\/\/www.haartick-extensions.de\/it\/?s={search_term_string}\"},\"query-input\":{\"@type\":\"PropertyValueSpecification\",\"valueRequired\":true,\"valueName\":\"search_term_string\"}}],\"inLanguage\":\"en-GB\"},{\"@type\":\"Organization\",\"@id\":\"https:\/\/www.haartick-extensions.de\/it\/#organization\",\"name\":\"Haartick Extensions\",\"url\":\"https:\/\/www.haartick-extensions.de\/it\/\",\"logo\":{\"@type\":\"ImageObject\",\"inLanguage\":\"en-GB\",\"@id\":\"https:\/\/www.haartick-extensions.de\/it\/#\/schema\/logo\/image\/\",\"url\":\"https:\/\/www.haartick-extensions.de\/wp-content\/uploads\/2024\/05\/cropped-Logo-mark-charm.png\",\"contentUrl\":\"https:\/\/www.haartick-extensions.de\/wp-content\/uploads\/2024\/05\/cropped-Logo-mark-charm.png\",\"width\":512,\"height\":512,\"caption\":\"Haartick Extensions\"},\"image\":{\"@id\":\"https:\/\/www.haartick-extensions.de\/it\/#\/schema\/logo\/image\/\"}}]}<\/script>\n<!-- \/ Yoast SEO plugin. -->","yoast_head_json":{"title":"Fidentia Hitzeschutzspray - Haartick-Extensions","robots":{"index":"index","follow":"follow","max-snippet":"max-snippet:-1","max-image-preview":"max-image-preview:large","max-video-preview":"max-video-preview:-1"},"canonical":"https:\/\/www.haartick-extensions.de\/en\/shop\/fidentia-hitzeschutzspray\/","og_locale":"en_GB","og_type":"article","og_title":"Fidentia Hitzeschutzspray - Haartick-Extensions","og_description":"Inhalt: 200ml. Hinweis: Hygieneprodukte wie Shampoos, Masken, Hitzeschutzmittel, \u00d6le und L\u00f6sungen f\u00fcr Haarverl\u00e4ngerungen k\u00f6nnen wir ausschlie\u00dflich zur\u00fccknehmen, wenn sie unbenutzt, originalversiegelt und in einwandfreiem\u00a0Zustand\u00a0sind.","og_url":"https:\/\/www.haartick-extensions.de\/en\/shop\/fidentia-hitzeschutzspray\/","og_site_name":"Haartick-Extensions","article_modified_time":"2026-02-03T16:00:11+00:00","og_image":[{"width":800,"height":800,"url":"https:\/\/www.haartick-extensions.de\/wp-content\/uploads\/2024\/09\/spray-1.webp","type":"image\/webp"}],"twitter_card":"summary_large_image","twitter_misc":{"Estimated reading time":"2 minutes"},"schema":{"@context":"https:\/\/schema.org","@graph":[{"@type":"WebPage","@id":"https:\/\/www.haartick-extensions.de\/de\/shop\/fidentia-hitzeschutzspray\/","url":"https:\/\/www.haartick-extensions.de\/de\/shop\/fidentia-hitzeschutzspray\/","name":"Fidentia Hitzeschutzspray - Haartick-Extensions","isPartOf":{"@id":"https:\/\/www.haartick-extensions.de\/it\/#website"},"primaryImageOfPage":{"@id":"https:\/\/www.haartick-extensions.de\/de\/shop\/fidentia-hitzeschutzspray\/#primaryimage"},"image":{"@id":"https:\/\/www.haartick-extensions.de\/de\/shop\/fidentia-hitzeschutzspray\/#primaryimage"},"thumbnailUrl":"https:\/\/www.haartick-extensions.de\/wp-content\/uploads\/2024\/09\/spray-1.webp","datePublished":"2024-09-07T11:36:26+00:00","dateModified":"2026-02-03T16:00:11+00:00","breadcrumb":{"@id":"https:\/\/www.haartick-extensions.de\/de\/shop\/fidentia-hitzeschutzspray\/#breadcrumb"},"inLanguage":"en-GB","potentialAction":[{"@type":"ReadAction","target":["https:\/\/www.haartick-extensions.de\/de\/shop\/fidentia-hitzeschutzspray\/"]}]},{"@type":"ImageObject","inLanguage":"en-GB","@id":"https:\/\/www.haartick-extensions.de\/de\/shop\/fidentia-hitzeschutzspray\/#primaryimage","url":"https:\/\/www.haartick-extensions.de\/wp-content\/uploads\/2024\/09\/spray-1.webp","contentUrl":"https:\/\/www.haartick-extensions.de\/wp-content\/uploads\/2024\/09\/spray-1.webp","width":800,"height":800},{"@type":"BreadcrumbList","@id":"https:\/\/www.haartick-extensions.de\/de\/shop\/fidentia-hitzeschutzspray\/#breadcrumb","itemListElement":[{"@type":"ListItem","position":1,"name":"Startseite","item":"https:\/\/www.haartick-extensions.de\/it\/"},{"@type":"ListItem","position":2,"name":"Shop","item":"https:\/\/www.haartick-extensions.de\/ru\/shop\/"},{"@type":"ListItem","position":3,"name":"Fidentia Hitzeschutzspray"}]},{"@type":"WebSite","@id":"https:\/\/www.haartick-extensions.de\/it\/#website","url":"https:\/\/www.haartick-extensions.de\/it\/","name":"Hair stick extensions","description":"Professional hair lengthening and thickening with 100% human hair.","publisher":{"@id":"https:\/\/www.haartick-extensions.de\/it\/#organization"},"potentialAction":[{"@type":"SearchAction","target":{"@type":"EntryPoint","urlTemplate":"https:\/\/www.haartick-extensions.de\/it\/?s={search_term_string}"},"query-input":{"@type":"PropertyValueSpecification","valueRequired":true,"valueName":"search_term_string"}}],"inLanguage":"en-GB"},{"@type":"Organization","@id":"https:\/\/www.haartick-extensions.de\/it\/#organization","name":"Haartick Extensions","url":"https:\/\/www.haartick-extensions.de\/it\/","logo":{"@type":"ImageObject","inLanguage":"en-GB","@id":"https:\/\/www.haartick-extensions.de\/it\/#\/schema\/logo\/image\/","url":"https:\/\/www.haartick-extensions.de\/wp-content\/uploads\/2024\/05\/cropped-Logo-mark-charm.png","contentUrl":"https:\/\/www.haartick-extensions.de\/wp-content\/uploads\/2024\/05\/cropped-Logo-mark-charm.png","width":512,"height":512,"caption":"Haartick Extensions"},"image":{"@id":"https:\/\/www.haartick-extensions.de\/it\/#\/schema\/logo\/image\/"}}]}},"_links":{"self":[{"href":"https:\/\/www.haartick-extensions.de\/en\/wp-json\/wp\/v2\/product\/20170","targetHints":{"allow":["GET"]}}],"collection":[{"href":"https:\/\/www.haartick-extensions.de\/en\/wp-json\/wp\/v2\/product"}],"about":[{"href":"https:\/\/www.haartick-extensions.de\/en\/wp-json\/wp\/v2\/types\/product"}],"replies":[{"embeddable":true,"href":"https:\/\/www.haartick-extensions.de\/en\/wp-json\/wp\/v2\/comments?post=20170"}],"version-history":[{"count":0,"href":"https:\/\/www.haartick-extensions.de\/en\/wp-json\/wp\/v2\/product\/20170\/revisions"}],"wp:featuredmedia":[{"embeddable":true,"href":"https:\/\/www.haartick-extensions.de\/en\/wp-json\/wp\/v2\/media\/22752"}],"wp:attachment":[{"href":"https:\/\/www.haartick-extensions.de\/en\/wp-json\/wp\/v2\/media?parent=20170"}],"wp:term":[{"taxonomy":"product_brand","embeddable":true,"href":"https:\/\/www.haartick-extensions.de\/en\/wp-json\/wp\/v2\/product_brand?post=20170"},{"taxonomy":"product_cat","embeddable":true,"href":"https:\/\/www.haartick-extensions.de\/en\/wp-json\/wp\/v2\/product_cat?post=20170"},{"taxonomy":"product_tag","embeddable":true,"href":"https:\/\/www.haartick-extensions.de\/en\/wp-json\/wp\/v2\/product_tag?post=20170"}],"curies":[{"name":"wp","href":"https:\/\/api.w.org\/{rel}","templated":true}]}}