{"id":20174,"date":"2024-09-07T11:38:48","date_gmt":"2024-09-07T11:38:48","guid":{"rendered":"https:\/\/www.haartick-extensions.de\/wordpress\/?post_type=product&#038;p=20174"},"modified":"2026-05-05T14:05:15","modified_gmt":"2026-05-05T14:05:15","slug":"echosline-maqui-3-all-in-oil-brightening-vegan-two-phase-oil-for-dry-and-treated-hair","status":"publish","type":"product","link":"https:\/\/www.haartick-extensions.de\/en\/shop\/echosline-maqui-3-all-in-oil-brightening-vegan-two-phase-oil-for-dry-and-treated-hair\/","title":{"rendered":"Water-based oil with heat protection content | Echosline Maqui 3 All-In Oil Brightening Vegan Two Phase Oil for Dry and Treated Hair"},"content":{"rendered":"<p>Shine-enhancing 2-phase oil for dry and treated hair<br \/>\n- Reduces the frizz effect<br \/>\n- Provides suppleness and care<br \/>\n- Has a frizz-inhibiting effect<br \/>\n- Vegan formula<br \/>\n- Without silicones, parabens and sulphates<\/p>\n<p><strong>Application:<\/strong><\/p>\n<p>Spray onto towel-dried hair, do not rinse and then style. Shake before use.<\/p>\n<p><strong>Ingredients:<\/strong><\/p>\n<p>Aqua (Water), Dicaprylyl Carbonate, Phenoxyethanol, Cocos Nucifera (Coconut) Water, Parfum (Fragrance), Polyquaternium-7, Sodium Gluconate, Hydrolyzed Vegetable Protein PG-Propyl Silanetriol, Ethylhexylglycerin, Linalool, Limonene, Leuconostoc\/Radish Root Ferment Filtrate, Disodium EDTA, Potassium Sorbate, Citronellol, Tocopherol, Geraniol, Macadamia Ternifolia Seed Oil, Cocos Nucifera Oil (Cocos Nucifera (Coconut) Oil), Persea Gratissima Oil (Persea Gratissima (Avocado) Oil), Simmondsia Chinensis Seed Oil (Simmondsia Chinensis (Jojoba) Seed Oil), Tocopheryl Acetate, Propanediol, Aristotelia chilensis leaf extract.<\/p>\n<p><strong>Due to packaging updates by the manufacturer, the product packaging may differ from the illustration.<\/strong><\/p>","protected":false},"excerpt":{"rendered":"<p><strong>Contents: 100ml.<\/strong><\/p>\n<p style=\"color: red;\"><strong>Hint<\/strong>Hygiene products such as shampoos, masks, heat protection products, oils and solutions for hair extensions can only be taken back if they are unused, originally sealed and in perfect condition.<\/p>","protected":false},"featured_media":22742,"comment_status":"open","ping_status":"closed","template":"","meta":{"_joinchat":[]},"product_brand":[],"product_cat":[94],"product_tag":[],"class_list":{"0":"post-20174","1":"product","2":"type-product","3":"status-publish","4":"has-post-thumbnail","6":"product_cat-pflegeprodukte","8":"first","9":"instock","10":"taxable","11":"shipping-taxable","12":"purchasable","13":"product-type-simple"},"yoast_head":"<!-- This site is optimized with the Yoast SEO plugin v25.6 - https:\/\/yoast.com\/wordpress\/plugins\/seo\/ -->\n<title>\u00d6l auf Wasserbasis mit Hitzeschutz Anteil | Echosline Maqui 3 All-In Oil Brightening Vegan Two Phase Oil for Dry and Treated Hair - Haartick-Extensions<\/title>\n<meta name=\"robots\" content=\"index, follow, max-snippet:-1, max-image-preview:large, max-video-preview:-1\" \/>\n<link rel=\"canonical\" href=\"https:\/\/www.haartick-extensions.de\/en\/shop\/echosline-maqui-3-all-in-oil-brightening-vegan-two-phase-oil-for-dry-and-treated-hair\/\" \/>\n<meta property=\"og:locale\" content=\"en_GB\" \/>\n<meta property=\"og:type\" content=\"article\" \/>\n<meta property=\"og:title\" content=\"\u00d6l auf Wasserbasis mit Hitzeschutz Anteil | Echosline Maqui 3 All-In Oil Brightening Vegan Two Phase Oil for Dry and Treated Hair - Haartick-Extensions\" \/>\n<meta property=\"og:description\" content=\"Inhalt: 100ml. Hinweis: Hygieneprodukte wie Shampoos, Masken, Hitzeschutzmittel, \u00d6le und L\u00f6sungen f\u00fcr Haarverl\u00e4ngerungen k\u00f6nnen wir ausschlie\u00dflich zur\u00fccknehmen, wenn sie unbenutzt, originalversiegelt und in einwandfreiem\u00a0Zustand\u00a0sind.\" \/>\n<meta property=\"og:url\" content=\"https:\/\/www.haartick-extensions.de\/en\/shop\/echosline-maqui-3-all-in-oil-brightening-vegan-two-phase-oil-for-dry-and-treated-hair\/\" \/>\n<meta property=\"og:site_name\" content=\"Haartick-Extensions\" \/>\n<meta property=\"article:modified_time\" content=\"2026-05-05T14:05:15+00:00\" \/>\n<meta property=\"og:image\" content=\"https:\/\/www.haartick-extensions.de\/wp-content\/uploads\/2024\/09\/ECHOS-LINE-Maqui-3-All-In-Oil-Brightening-Vegan-TwoPhase-Oil-for-Dry-and-Treated-Hair-100-ml-1.webp\" \/>\n\t<meta property=\"og:image:width\" content=\"800\" \/>\n\t<meta property=\"og:image:height\" content=\"800\" \/>\n\t<meta property=\"og:image:type\" content=\"image\/webp\" \/>\n<meta name=\"twitter:card\" content=\"summary_large_image\" \/>\n<meta name=\"twitter:label1\" content=\"Estimated reading time\" \/>\n\t<meta name=\"twitter:data1\" content=\"1 minute\" \/>\n<script type=\"application\/ld+json\" class=\"yoast-schema-graph\">{\"@context\":\"https:\/\/schema.org\",\"@graph\":[{\"@type\":\"WebPage\",\"@id\":\"https:\/\/www.haartick-extensions.de\/es\/shop\/echosline-maqui-3-all-in-oil-brightening-vegan-two-phase-oil-for-dry-and-treated-hair\/\",\"url\":\"https:\/\/www.haartick-extensions.de\/es\/shop\/echosline-maqui-3-all-in-oil-brightening-vegan-two-phase-oil-for-dry-and-treated-hair\/\",\"name\":\"\u00d6l auf Wasserbasis mit Hitzeschutz Anteil | Echosline Maqui 3 All-In Oil Brightening Vegan Two Phase Oil for Dry and Treated Hair - Haartick-Extensions\",\"isPartOf\":{\"@id\":\"https:\/\/www.haartick-extensions.de\/it\/#website\"},\"primaryImageOfPage\":{\"@id\":\"https:\/\/www.haartick-extensions.de\/es\/shop\/echosline-maqui-3-all-in-oil-brightening-vegan-two-phase-oil-for-dry-and-treated-hair\/#primaryimage\"},\"image\":{\"@id\":\"https:\/\/www.haartick-extensions.de\/es\/shop\/echosline-maqui-3-all-in-oil-brightening-vegan-two-phase-oil-for-dry-and-treated-hair\/#primaryimage\"},\"thumbnailUrl\":\"https:\/\/www.haartick-extensions.de\/wp-content\/uploads\/2024\/09\/ECHOS-LINE-Maqui-3-All-In-Oil-Brightening-Vegan-TwoPhase-Oil-for-Dry-and-Treated-Hair-100-ml-1.webp\",\"datePublished\":\"2024-09-07T11:38:48+00:00\",\"dateModified\":\"2026-05-05T14:05:15+00:00\",\"breadcrumb\":{\"@id\":\"https:\/\/www.haartick-extensions.de\/es\/shop\/echosline-maqui-3-all-in-oil-brightening-vegan-two-phase-oil-for-dry-and-treated-hair\/#breadcrumb\"},\"inLanguage\":\"en-GB\",\"potentialAction\":[{\"@type\":\"ReadAction\",\"target\":[\"https:\/\/www.haartick-extensions.de\/es\/shop\/echosline-maqui-3-all-in-oil-brightening-vegan-two-phase-oil-for-dry-and-treated-hair\/\"]}]},{\"@type\":\"ImageObject\",\"inLanguage\":\"en-GB\",\"@id\":\"https:\/\/www.haartick-extensions.de\/es\/shop\/echosline-maqui-3-all-in-oil-brightening-vegan-two-phase-oil-for-dry-and-treated-hair\/#primaryimage\",\"url\":\"https:\/\/www.haartick-extensions.de\/wp-content\/uploads\/2024\/09\/ECHOS-LINE-Maqui-3-All-In-Oil-Brightening-Vegan-TwoPhase-Oil-for-Dry-and-Treated-Hair-100-ml-1.webp\",\"contentUrl\":\"https:\/\/www.haartick-extensions.de\/wp-content\/uploads\/2024\/09\/ECHOS-LINE-Maqui-3-All-In-Oil-Brightening-Vegan-TwoPhase-Oil-for-Dry-and-Treated-Hair-100-ml-1.webp\",\"width\":800,\"height\":800},{\"@type\":\"BreadcrumbList\",\"@id\":\"https:\/\/www.haartick-extensions.de\/es\/shop\/echosline-maqui-3-all-in-oil-brightening-vegan-two-phase-oil-for-dry-and-treated-hair\/#breadcrumb\",\"itemListElement\":[{\"@type\":\"ListItem\",\"position\":1,\"name\":\"Startseite\",\"item\":\"https:\/\/www.haartick-extensions.de\/it\/\"},{\"@type\":\"ListItem\",\"position\":2,\"name\":\"Shop\",\"item\":\"https:\/\/www.haartick-extensions.de\/ru\/shop\/\"},{\"@type\":\"ListItem\",\"position\":3,\"name\":\"\u00d6l auf Wasserbasis mit Hitzeschutz Anteil | Echosline Maqui 3 All-In Oil Brightening Vegan Two Phase Oil for Dry and Treated Hair\"}]},{\"@type\":\"WebSite\",\"@id\":\"https:\/\/www.haartick-extensions.de\/it\/#website\",\"url\":\"https:\/\/www.haartick-extensions.de\/it\/\",\"name\":\"Haartick-Extensions\",\"description\":\"Professionelle Haarverl\u00e4ngerund \/ Haarverdichtung mit 100% Echthaar.\",\"publisher\":{\"@id\":\"https:\/\/www.haartick-extensions.de\/it\/#organization\"},\"potentialAction\":[{\"@type\":\"SearchAction\",\"target\":{\"@type\":\"EntryPoint\",\"urlTemplate\":\"https:\/\/www.haartick-extensions.de\/it\/?s={search_term_string}\"},\"query-input\":{\"@type\":\"PropertyValueSpecification\",\"valueRequired\":true,\"valueName\":\"search_term_string\"}}],\"inLanguage\":\"en-GB\"},{\"@type\":\"Organization\",\"@id\":\"https:\/\/www.haartick-extensions.de\/it\/#organization\",\"name\":\"Haartick Extensions\",\"url\":\"https:\/\/www.haartick-extensions.de\/it\/\",\"logo\":{\"@type\":\"ImageObject\",\"inLanguage\":\"en-GB\",\"@id\":\"https:\/\/www.haartick-extensions.de\/it\/#\/schema\/logo\/image\/\",\"url\":\"https:\/\/www.haartick-extensions.de\/wp-content\/uploads\/2024\/05\/cropped-Logo-mark-charm.png\",\"contentUrl\":\"https:\/\/www.haartick-extensions.de\/wp-content\/uploads\/2024\/05\/cropped-Logo-mark-charm.png\",\"width\":512,\"height\":512,\"caption\":\"Haartick Extensions\"},\"image\":{\"@id\":\"https:\/\/www.haartick-extensions.de\/it\/#\/schema\/logo\/image\/\"}}]}<\/script>\n<!-- \/ Yoast SEO plugin. -->","yoast_head_json":{"title":"\u00d6l auf Wasserbasis mit Hitzeschutz Anteil | Echosline Maqui 3 All-In Oil Brightening Vegan Two Phase Oil for Dry and Treated Hair - Haartick-Extensions","robots":{"index":"index","follow":"follow","max-snippet":"max-snippet:-1","max-image-preview":"max-image-preview:large","max-video-preview":"max-video-preview:-1"},"canonical":"https:\/\/www.haartick-extensions.de\/en\/shop\/echosline-maqui-3-all-in-oil-brightening-vegan-two-phase-oil-for-dry-and-treated-hair\/","og_locale":"en_GB","og_type":"article","og_title":"\u00d6l auf Wasserbasis mit Hitzeschutz Anteil | Echosline Maqui 3 All-In Oil Brightening Vegan Two Phase Oil for Dry and Treated Hair - Haartick-Extensions","og_description":"Inhalt: 100ml. Hinweis: Hygieneprodukte wie Shampoos, Masken, Hitzeschutzmittel, \u00d6le und L\u00f6sungen f\u00fcr Haarverl\u00e4ngerungen k\u00f6nnen wir ausschlie\u00dflich zur\u00fccknehmen, wenn sie unbenutzt, originalversiegelt und in einwandfreiem\u00a0Zustand\u00a0sind.","og_url":"https:\/\/www.haartick-extensions.de\/en\/shop\/echosline-maqui-3-all-in-oil-brightening-vegan-two-phase-oil-for-dry-and-treated-hair\/","og_site_name":"Haartick-Extensions","article_modified_time":"2026-05-05T14:05:15+00:00","og_image":[{"width":800,"height":800,"url":"https:\/\/www.haartick-extensions.de\/wp-content\/uploads\/2024\/09\/ECHOS-LINE-Maqui-3-All-In-Oil-Brightening-Vegan-TwoPhase-Oil-for-Dry-and-Treated-Hair-100-ml-1.webp","type":"image\/webp"}],"twitter_card":"summary_large_image","twitter_misc":{"Estimated reading time":"1 minute"},"schema":{"@context":"https:\/\/schema.org","@graph":[{"@type":"WebPage","@id":"https:\/\/www.haartick-extensions.de\/es\/shop\/echosline-maqui-3-all-in-oil-brightening-vegan-two-phase-oil-for-dry-and-treated-hair\/","url":"https:\/\/www.haartick-extensions.de\/es\/shop\/echosline-maqui-3-all-in-oil-brightening-vegan-two-phase-oil-for-dry-and-treated-hair\/","name":"\u00d6l auf Wasserbasis mit Hitzeschutz Anteil | Echosline Maqui 3 All-In Oil Brightening Vegan Two Phase Oil for Dry and Treated Hair - Haartick-Extensions","isPartOf":{"@id":"https:\/\/www.haartick-extensions.de\/it\/#website"},"primaryImageOfPage":{"@id":"https:\/\/www.haartick-extensions.de\/es\/shop\/echosline-maqui-3-all-in-oil-brightening-vegan-two-phase-oil-for-dry-and-treated-hair\/#primaryimage"},"image":{"@id":"https:\/\/www.haartick-extensions.de\/es\/shop\/echosline-maqui-3-all-in-oil-brightening-vegan-two-phase-oil-for-dry-and-treated-hair\/#primaryimage"},"thumbnailUrl":"https:\/\/www.haartick-extensions.de\/wp-content\/uploads\/2024\/09\/ECHOS-LINE-Maqui-3-All-In-Oil-Brightening-Vegan-TwoPhase-Oil-for-Dry-and-Treated-Hair-100-ml-1.webp","datePublished":"2024-09-07T11:38:48+00:00","dateModified":"2026-05-05T14:05:15+00:00","breadcrumb":{"@id":"https:\/\/www.haartick-extensions.de\/es\/shop\/echosline-maqui-3-all-in-oil-brightening-vegan-two-phase-oil-for-dry-and-treated-hair\/#breadcrumb"},"inLanguage":"en-GB","potentialAction":[{"@type":"ReadAction","target":["https:\/\/www.haartick-extensions.de\/es\/shop\/echosline-maqui-3-all-in-oil-brightening-vegan-two-phase-oil-for-dry-and-treated-hair\/"]}]},{"@type":"ImageObject","inLanguage":"en-GB","@id":"https:\/\/www.haartick-extensions.de\/es\/shop\/echosline-maqui-3-all-in-oil-brightening-vegan-two-phase-oil-for-dry-and-treated-hair\/#primaryimage","url":"https:\/\/www.haartick-extensions.de\/wp-content\/uploads\/2024\/09\/ECHOS-LINE-Maqui-3-All-In-Oil-Brightening-Vegan-TwoPhase-Oil-for-Dry-and-Treated-Hair-100-ml-1.webp","contentUrl":"https:\/\/www.haartick-extensions.de\/wp-content\/uploads\/2024\/09\/ECHOS-LINE-Maqui-3-All-In-Oil-Brightening-Vegan-TwoPhase-Oil-for-Dry-and-Treated-Hair-100-ml-1.webp","width":800,"height":800},{"@type":"BreadcrumbList","@id":"https:\/\/www.haartick-extensions.de\/es\/shop\/echosline-maqui-3-all-in-oil-brightening-vegan-two-phase-oil-for-dry-and-treated-hair\/#breadcrumb","itemListElement":[{"@type":"ListItem","position":1,"name":"Startseite","item":"https:\/\/www.haartick-extensions.de\/it\/"},{"@type":"ListItem","position":2,"name":"Shop","item":"https:\/\/www.haartick-extensions.de\/ru\/shop\/"},{"@type":"ListItem","position":3,"name":"\u00d6l auf Wasserbasis mit Hitzeschutz Anteil | Echosline Maqui 3 All-In Oil Brightening Vegan Two Phase Oil for Dry and Treated Hair"}]},{"@type":"WebSite","@id":"https:\/\/www.haartick-extensions.de\/it\/#website","url":"https:\/\/www.haartick-extensions.de\/it\/","name":"Hair stick extensions","description":"Professional hair lengthening and thickening with 100% human hair.","publisher":{"@id":"https:\/\/www.haartick-extensions.de\/it\/#organization"},"potentialAction":[{"@type":"SearchAction","target":{"@type":"EntryPoint","urlTemplate":"https:\/\/www.haartick-extensions.de\/it\/?s={search_term_string}"},"query-input":{"@type":"PropertyValueSpecification","valueRequired":true,"valueName":"search_term_string"}}],"inLanguage":"en-GB"},{"@type":"Organization","@id":"https:\/\/www.haartick-extensions.de\/it\/#organization","name":"Haartick Extensions","url":"https:\/\/www.haartick-extensions.de\/it\/","logo":{"@type":"ImageObject","inLanguage":"en-GB","@id":"https:\/\/www.haartick-extensions.de\/it\/#\/schema\/logo\/image\/","url":"https:\/\/www.haartick-extensions.de\/wp-content\/uploads\/2024\/05\/cropped-Logo-mark-charm.png","contentUrl":"https:\/\/www.haartick-extensions.de\/wp-content\/uploads\/2024\/05\/cropped-Logo-mark-charm.png","width":512,"height":512,"caption":"Haartick Extensions"},"image":{"@id":"https:\/\/www.haartick-extensions.de\/it\/#\/schema\/logo\/image\/"}}]}},"_links":{"self":[{"href":"https:\/\/www.haartick-extensions.de\/en\/wp-json\/wp\/v2\/product\/20174","targetHints":{"allow":["GET"]}}],"collection":[{"href":"https:\/\/www.haartick-extensions.de\/en\/wp-json\/wp\/v2\/product"}],"about":[{"href":"https:\/\/www.haartick-extensions.de\/en\/wp-json\/wp\/v2\/types\/product"}],"replies":[{"embeddable":true,"href":"https:\/\/www.haartick-extensions.de\/en\/wp-json\/wp\/v2\/comments?post=20174"}],"version-history":[{"count":0,"href":"https:\/\/www.haartick-extensions.de\/en\/wp-json\/wp\/v2\/product\/20174\/revisions"}],"wp:featuredmedia":[{"embeddable":true,"href":"https:\/\/www.haartick-extensions.de\/en\/wp-json\/wp\/v2\/media\/22742"}],"wp:attachment":[{"href":"https:\/\/www.haartick-extensions.de\/en\/wp-json\/wp\/v2\/media?parent=20174"}],"wp:term":[{"taxonomy":"product_brand","embeddable":true,"href":"https:\/\/www.haartick-extensions.de\/en\/wp-json\/wp\/v2\/product_brand?post=20174"},{"taxonomy":"product_cat","embeddable":true,"href":"https:\/\/www.haartick-extensions.de\/en\/wp-json\/wp\/v2\/product_cat?post=20174"},{"taxonomy":"product_tag","embeddable":true,"href":"https:\/\/www.haartick-extensions.de\/en\/wp-json\/wp\/v2\/product_tag?post=20174"}],"curies":[{"name":"wp","href":"https:\/\/api.w.org\/{rel}","templated":true}]}}