{"id":20225,"date":"2024-09-27T18:17:26","date_gmt":"2024-09-27T18:17:26","guid":{"rendered":"https:\/\/www.haartick-extensions.de\/wordpress\/?post_type=product&#038;p=20225"},"modified":"2026-04-16T15:13:49","modified_gmt":"2026-04-16T15:13:49","slug":"fidentia-tape-und-bondingloeser-spray","status":"publish","type":"product","link":"https:\/\/www.haartick-extensions.de\/en\/shop\/fidentia-tape-und-bondingloeser-spray\/","title":{"rendered":"Fidentia tape and bonding remover spray"},"content":{"rendered":"<p>For gentle detachment of extensions, hairpieces &amp; wigs<\/p>\n<p>Gentle on scalp &amp; extensions<\/p>\n<p>With Pro Vitamin B5<\/p>\n<p>Suitable for keratin bonding and tapes<\/p>\n<p>Made in Germany<\/p>\n<p>Gently loosen your tape-in, keratin bonding extensions or second hair and effectively remove adhesive residue. Avoid aggressive products that could damage your hair and your health. The Fidentia tape &amp; bonding remover is gentle on the scalp and real hair.<br \/>\nIt consists of a formula made in Germany, exclusively with tested ingredients. A carefully balanced care formula with provitamin B5 and the gentle mode of action are particularly pleasant to use. You are spared the hassle of tugging and pulling. Keratin bonds are also removed quickly and easily.<\/p>\n<p>\u2013 No animal testing<br \/>\n\u2013 Avoidance of high concentrations of fragrances and preservatives<\/p>\n<p>Fidentia quality (Made in Germany)<\/p>\n<p>Ingredients:<br \/>\nAlcohol Denat, Isopropyl Alcohol, Aqua, Panthenol, Parfum, Benzyl Salicylate, Limonene, Benzyl Benzoate, Geraniol, Citronellol.<\/p>\n<p>Application:<\/p>\n<p>With Tape:<br \/>\nSpray generously and remove slowly. Adhesive residues are only softened, not dissolved. Please do not use aggressive solvents or even nail varnish remover. Instead, take your time and spray the glue residue, comb it out with a nit comb and repeat this several times. This may well take an hour if you have a lot of strands. Then wash out the extensions 2-3 times with a shampoo.<\/p>\n<p>Bondings:<br \/>\nSpray in and slowly press the bondings carefully with special, sharpened extension pliers, repeat if necessary. Hold the hair at the roots and slowly pull out the extensions. Then detangle your own hair and comb out.<\/p>","protected":false},"excerpt":{"rendered":"<p>Zum schonenden L\u00f6sen von Extensions, Haarteilen &amp; Per\u00fccken Schont Kopfhaut &amp; Extensions Mit Pro Vitamin B5 F\u00fcr Keratinbondings und Tapes<\/p>","protected":false},"featured_media":22376,"comment_status":"open","ping_status":"closed","template":"","meta":{"_joinchat":[]},"product_brand":[],"product_cat":[28],"product_tag":[],"class_list":{"0":"post-20225","1":"product","2":"type-product","3":"status-publish","4":"has-post-thumbnail","6":"product_cat-zubehoer","8":"first","9":"instock","10":"taxable","11":"shipping-taxable","12":"purchasable","13":"product-type-variable","14":"has-default-attributes"},"yoast_head":"<!-- This site is optimized with the Yoast SEO plugin v25.6 - https:\/\/yoast.com\/wordpress\/plugins\/seo\/ -->\n<title>Fidentia Tape- und Bondingl\u00f6ser Spray - Haartick-Extensions<\/title>\n<meta name=\"robots\" content=\"index, follow, max-snippet:-1, max-image-preview:large, max-video-preview:-1\" \/>\n<link rel=\"canonical\" href=\"https:\/\/www.haartick-extensions.de\/en\/shop\/fidentia-tape-und-bondingloeser-spray\/\" \/>\n<meta property=\"og:locale\" content=\"en_GB\" \/>\n<meta property=\"og:type\" content=\"article\" \/>\n<meta property=\"og:title\" content=\"Fidentia Tape- und Bondingl\u00f6ser Spray - Haartick-Extensions\" \/>\n<meta property=\"og:description\" content=\"Zum schonenden L\u00f6sen von Extensions, Haarteilen &amp; Per\u00fccken Schont Kopfhaut &amp; Extensions Mit Pro Vitamin B5 F\u00fcr Keratinbondings und Tapes\" \/>\n<meta property=\"og:url\" content=\"https:\/\/www.haartick-extensions.de\/en\/shop\/fidentia-tape-und-bondingloeser-spray\/\" \/>\n<meta property=\"og:site_name\" content=\"Haartick-Extensions\" \/>\n<meta property=\"article:modified_time\" content=\"2026-04-16T15:13:49+00:00\" \/>\n<meta property=\"og:image\" content=\"https:\/\/www.haartick-extensions.de\/wp-content\/uploads\/2024\/09\/extension-removing-spray@2x-100-scaled-2.webp\" \/>\n\t<meta property=\"og:image:width\" content=\"1920\" \/>\n\t<meta property=\"og:image:height\" content=\"2560\" \/>\n\t<meta property=\"og:image:type\" content=\"image\/jpeg\" \/>\n<meta name=\"twitter:card\" content=\"summary_large_image\" \/>\n<meta name=\"twitter:label1\" content=\"Estimated reading time\" \/>\n\t<meta name=\"twitter:data1\" content=\"2 minutes\" \/>\n<script type=\"application\/ld+json\" class=\"yoast-schema-graph\">{\"@context\":\"https:\/\/schema.org\",\"@graph\":[{\"@type\":\"WebPage\",\"@id\":\"https:\/\/www.haartick-extensions.de\/it\/shop\/fidentia-tape-und-bondingloeser-spray\/\",\"url\":\"https:\/\/www.haartick-extensions.de\/it\/shop\/fidentia-tape-und-bondingloeser-spray\/\",\"name\":\"Fidentia Tape- und Bondingl\u00f6ser Spray - Haartick-Extensions\",\"isPartOf\":{\"@id\":\"https:\/\/www.haartick-extensions.de\/it\/#website\"},\"primaryImageOfPage\":{\"@id\":\"https:\/\/www.haartick-extensions.de\/it\/shop\/fidentia-tape-und-bondingloeser-spray\/#primaryimage\"},\"image\":{\"@id\":\"https:\/\/www.haartick-extensions.de\/it\/shop\/fidentia-tape-und-bondingloeser-spray\/#primaryimage\"},\"thumbnailUrl\":\"https:\/\/www.haartick-extensions.de\/wp-content\/uploads\/2024\/09\/extension-removing-spray@2x-100-scaled-2.webp\",\"datePublished\":\"2024-09-27T18:17:26+00:00\",\"dateModified\":\"2026-04-16T15:13:49+00:00\",\"breadcrumb\":{\"@id\":\"https:\/\/www.haartick-extensions.de\/it\/shop\/fidentia-tape-und-bondingloeser-spray\/#breadcrumb\"},\"inLanguage\":\"en-GB\",\"potentialAction\":[{\"@type\":\"ReadAction\",\"target\":[\"https:\/\/www.haartick-extensions.de\/it\/shop\/fidentia-tape-und-bondingloeser-spray\/\"]}]},{\"@type\":\"ImageObject\",\"inLanguage\":\"en-GB\",\"@id\":\"https:\/\/www.haartick-extensions.de\/it\/shop\/fidentia-tape-und-bondingloeser-spray\/#primaryimage\",\"url\":\"https:\/\/www.haartick-extensions.de\/wp-content\/uploads\/2024\/09\/extension-removing-spray@2x-100-scaled-2.webp\",\"contentUrl\":\"https:\/\/www.haartick-extensions.de\/wp-content\/uploads\/2024\/09\/extension-removing-spray@2x-100-scaled-2.webp\",\"width\":1920,\"height\":2560},{\"@type\":\"BreadcrumbList\",\"@id\":\"https:\/\/www.haartick-extensions.de\/it\/shop\/fidentia-tape-und-bondingloeser-spray\/#breadcrumb\",\"itemListElement\":[{\"@type\":\"ListItem\",\"position\":1,\"name\":\"Startseite\",\"item\":\"https:\/\/www.haartick-extensions.de\/it\/\"},{\"@type\":\"ListItem\",\"position\":2,\"name\":\"Shop\",\"item\":\"https:\/\/www.haartick-extensions.de\/ru\/shop\/\"},{\"@type\":\"ListItem\",\"position\":3,\"name\":\"Fidentia Tape- und Bondingl\u00f6ser Spray\"}]},{\"@type\":\"WebSite\",\"@id\":\"https:\/\/www.haartick-extensions.de\/it\/#website\",\"url\":\"https:\/\/www.haartick-extensions.de\/it\/\",\"name\":\"Haartick-Extensions\",\"description\":\"Professionelle Haarverl\u00e4ngerund \/ Haarverdichtung mit 100% Echthaar.\",\"publisher\":{\"@id\":\"https:\/\/www.haartick-extensions.de\/it\/#organization\"},\"potentialAction\":[{\"@type\":\"SearchAction\",\"target\":{\"@type\":\"EntryPoint\",\"urlTemplate\":\"https:\/\/www.haartick-extensions.de\/it\/?s={search_term_string}\"},\"query-input\":{\"@type\":\"PropertyValueSpecification\",\"valueRequired\":true,\"valueName\":\"search_term_string\"}}],\"inLanguage\":\"en-GB\"},{\"@type\":\"Organization\",\"@id\":\"https:\/\/www.haartick-extensions.de\/it\/#organization\",\"name\":\"Haartick Extensions\",\"url\":\"https:\/\/www.haartick-extensions.de\/it\/\",\"logo\":{\"@type\":\"ImageObject\",\"inLanguage\":\"en-GB\",\"@id\":\"https:\/\/www.haartick-extensions.de\/it\/#\/schema\/logo\/image\/\",\"url\":\"https:\/\/www.haartick-extensions.de\/wp-content\/uploads\/2024\/05\/cropped-Logo-mark-charm.png\",\"contentUrl\":\"https:\/\/www.haartick-extensions.de\/wp-content\/uploads\/2024\/05\/cropped-Logo-mark-charm.png\",\"width\":512,\"height\":512,\"caption\":\"Haartick Extensions\"},\"image\":{\"@id\":\"https:\/\/www.haartick-extensions.de\/it\/#\/schema\/logo\/image\/\"}}]}<\/script>\n<!-- \/ Yoast SEO plugin. -->","yoast_head_json":{"title":"Fidentia Tape- und Bondingl\u00f6ser Spray - Haartick-Extensions","robots":{"index":"index","follow":"follow","max-snippet":"max-snippet:-1","max-image-preview":"max-image-preview:large","max-video-preview":"max-video-preview:-1"},"canonical":"https:\/\/www.haartick-extensions.de\/en\/shop\/fidentia-tape-und-bondingloeser-spray\/","og_locale":"en_GB","og_type":"article","og_title":"Fidentia Tape- und Bondingl\u00f6ser Spray - Haartick-Extensions","og_description":"Zum schonenden L\u00f6sen von Extensions, Haarteilen &amp; Per\u00fccken Schont Kopfhaut &amp; Extensions Mit Pro Vitamin B5 F\u00fcr Keratinbondings und Tapes","og_url":"https:\/\/www.haartick-extensions.de\/en\/shop\/fidentia-tape-und-bondingloeser-spray\/","og_site_name":"Haartick-Extensions","article_modified_time":"2026-04-16T15:13:49+00:00","og_image":[{"width":1920,"height":2560,"url":"https:\/\/www.haartick-extensions.de\/wp-content\/uploads\/2024\/09\/extension-removing-spray@2x-100-scaled-2.webp","type":"image\/jpeg"}],"twitter_card":"summary_large_image","twitter_misc":{"Estimated reading time":"2 minutes"},"schema":{"@context":"https:\/\/schema.org","@graph":[{"@type":"WebPage","@id":"https:\/\/www.haartick-extensions.de\/it\/shop\/fidentia-tape-und-bondingloeser-spray\/","url":"https:\/\/www.haartick-extensions.de\/it\/shop\/fidentia-tape-und-bondingloeser-spray\/","name":"Fidentia Tape- und Bondingl\u00f6ser Spray - Haartick-Extensions","isPartOf":{"@id":"https:\/\/www.haartick-extensions.de\/it\/#website"},"primaryImageOfPage":{"@id":"https:\/\/www.haartick-extensions.de\/it\/shop\/fidentia-tape-und-bondingloeser-spray\/#primaryimage"},"image":{"@id":"https:\/\/www.haartick-extensions.de\/it\/shop\/fidentia-tape-und-bondingloeser-spray\/#primaryimage"},"thumbnailUrl":"https:\/\/www.haartick-extensions.de\/wp-content\/uploads\/2024\/09\/extension-removing-spray@2x-100-scaled-2.webp","datePublished":"2024-09-27T18:17:26+00:00","dateModified":"2026-04-16T15:13:49+00:00","breadcrumb":{"@id":"https:\/\/www.haartick-extensions.de\/it\/shop\/fidentia-tape-und-bondingloeser-spray\/#breadcrumb"},"inLanguage":"en-GB","potentialAction":[{"@type":"ReadAction","target":["https:\/\/www.haartick-extensions.de\/it\/shop\/fidentia-tape-und-bondingloeser-spray\/"]}]},{"@type":"ImageObject","inLanguage":"en-GB","@id":"https:\/\/www.haartick-extensions.de\/it\/shop\/fidentia-tape-und-bondingloeser-spray\/#primaryimage","url":"https:\/\/www.haartick-extensions.de\/wp-content\/uploads\/2024\/09\/extension-removing-spray@2x-100-scaled-2.webp","contentUrl":"https:\/\/www.haartick-extensions.de\/wp-content\/uploads\/2024\/09\/extension-removing-spray@2x-100-scaled-2.webp","width":1920,"height":2560},{"@type":"BreadcrumbList","@id":"https:\/\/www.haartick-extensions.de\/it\/shop\/fidentia-tape-und-bondingloeser-spray\/#breadcrumb","itemListElement":[{"@type":"ListItem","position":1,"name":"Startseite","item":"https:\/\/www.haartick-extensions.de\/it\/"},{"@type":"ListItem","position":2,"name":"Shop","item":"https:\/\/www.haartick-extensions.de\/ru\/shop\/"},{"@type":"ListItem","position":3,"name":"Fidentia Tape- und Bondingl\u00f6ser Spray"}]},{"@type":"WebSite","@id":"https:\/\/www.haartick-extensions.de\/it\/#website","url":"https:\/\/www.haartick-extensions.de\/it\/","name":"Hair stick extensions","description":"Professional hair lengthening and thickening with 100% human hair.","publisher":{"@id":"https:\/\/www.haartick-extensions.de\/it\/#organization"},"potentialAction":[{"@type":"SearchAction","target":{"@type":"EntryPoint","urlTemplate":"https:\/\/www.haartick-extensions.de\/it\/?s={search_term_string}"},"query-input":{"@type":"PropertyValueSpecification","valueRequired":true,"valueName":"search_term_string"}}],"inLanguage":"en-GB"},{"@type":"Organization","@id":"https:\/\/www.haartick-extensions.de\/it\/#organization","name":"Haartick Extensions","url":"https:\/\/www.haartick-extensions.de\/it\/","logo":{"@type":"ImageObject","inLanguage":"en-GB","@id":"https:\/\/www.haartick-extensions.de\/it\/#\/schema\/logo\/image\/","url":"https:\/\/www.haartick-extensions.de\/wp-content\/uploads\/2024\/05\/cropped-Logo-mark-charm.png","contentUrl":"https:\/\/www.haartick-extensions.de\/wp-content\/uploads\/2024\/05\/cropped-Logo-mark-charm.png","width":512,"height":512,"caption":"Haartick Extensions"},"image":{"@id":"https:\/\/www.haartick-extensions.de\/it\/#\/schema\/logo\/image\/"}}]}},"_links":{"self":[{"href":"https:\/\/www.haartick-extensions.de\/en\/wp-json\/wp\/v2\/product\/20225","targetHints":{"allow":["GET"]}}],"collection":[{"href":"https:\/\/www.haartick-extensions.de\/en\/wp-json\/wp\/v2\/product"}],"about":[{"href":"https:\/\/www.haartick-extensions.de\/en\/wp-json\/wp\/v2\/types\/product"}],"replies":[{"embeddable":true,"href":"https:\/\/www.haartick-extensions.de\/en\/wp-json\/wp\/v2\/comments?post=20225"}],"version-history":[{"count":0,"href":"https:\/\/www.haartick-extensions.de\/en\/wp-json\/wp\/v2\/product\/20225\/revisions"}],"wp:featuredmedia":[{"embeddable":true,"href":"https:\/\/www.haartick-extensions.de\/en\/wp-json\/wp\/v2\/media\/22376"}],"wp:attachment":[{"href":"https:\/\/www.haartick-extensions.de\/en\/wp-json\/wp\/v2\/media?parent=20225"}],"wp:term":[{"taxonomy":"product_brand","embeddable":true,"href":"https:\/\/www.haartick-extensions.de\/en\/wp-json\/wp\/v2\/product_brand?post=20225"},{"taxonomy":"product_cat","embeddable":true,"href":"https:\/\/www.haartick-extensions.de\/en\/wp-json\/wp\/v2\/product_cat?post=20225"},{"taxonomy":"product_tag","embeddable":true,"href":"https:\/\/www.haartick-extensions.de\/en\/wp-json\/wp\/v2\/product_tag?post=20225"}],"curies":[{"name":"wp","href":"https:\/\/api.w.org\/{rel}","templated":true}]}}