{"id":22207,"date":"2024-11-12T15:32:09","date_gmt":"2024-11-12T15:32:09","guid":{"rendered":"https:\/\/www.haartick-extensions.de\/wordpress\/?post_type=product&#038;p=22207"},"modified":"2026-05-05T14:04:36","modified_gmt":"2026-05-05T14:04:36","slug":"kallos-cosmetics-vegan-soul-shampoo","status":"publish","type":"product","link":"https:\/\/www.haartick-extensions.de\/en\/shop\/kallos-cosmetics-vegan-soul-shampoo\/","title":{"rendered":"Kallos Cosmetics Vegan Soul Shampoo"},"content":{"rendered":"<p><strong>Description:<\/strong><\/p>\n<ul>\n<li>Vegan volumising shampoo especially for fine hair<\/li>\n<li>Enriched with bamboo extract, coconut oil, vitamins, aloe vera and ginseng extracts<\/li>\n<li>Gives the hair more volume, flexibility and shine<\/li>\n<li>Ensures voluminous, flexible and shiny hair<\/li>\n<li>Free from silicones, parabens, colourants and animal ingredients<\/li>\n<li>Suitable for daily use<\/li>\n<li>Also ideal for extensions<\/li>\n<\/ul>\n<p><strong>Application:<\/strong><\/p>\n<ul>\n<li>Suitable for daily use<\/li>\n<li>Apply a small amount of shampoo to wet hair and massage gently into the scalp, then rinse thoroughly with clear water<\/li>\n<li>For optimum results, use the Vegan Soul care mask afterwards<\/li>\n<\/ul>\n<p><strong>Ingredients:<\/strong><br \/>\nAqua, Sodium Laureth Sulfate, Sodium Chloride, Cocamidopropyl Betaine, Cocamide DEA, Parfum, PEG-7 Glyceryl Cocoate, Glycol Distearate, Laureth-4, PEG-120 Methyl Glucose Dioleate, Coco-Glucoside, Glyceryl Oleate, PEG-40 Hydrogenated Castor Oil, Urtica Dioica (Nettle) Extract, Helianthus Annuus (Sunflower) Seed Oil, Linum Usitatissimum Seed Oil, Persea Gratissima Oil, Argania Spinosa Kernel Oil, Equisetum Arvense Leaf Extract, Aloe Barbadensis Leaf Juice, Panax Ginseng Root Extract, Bambusa Vulgaris Leaf\/Stem Extract, Olea Europaea (Olive) Fruit Oil, Cocos Nucifera (Coconut) Oil, Triticum Vulgare Germ Oil, PEG-15 Distearate, Panthenol, Tocopheryl Acetate, Sodium Benzoate, Potassium Sorbate, Propylene Glycol, Benzyl Alcohol, Phenoxyethanol, Ethylhexylglycerin, Citric Acid, Ascorbyl Phosphate, Sodium Hydroxide, Methylchloroisothiazolinone, Methylisothiazolinone, CI 42090<\/p>\n<p><strong>Due to packaging updates by the manufacturer, the product packaging may differ from the illustration.<\/strong><\/p>","protected":false},"excerpt":{"rendered":"<p><strong>Contents: 1000ml.<\/strong><\/p>\n<p style=\"color: red;\"><strong>Hint<\/strong>Hygiene products such as shampoos, masks, heat protection products, oils and solutions for hair extensions can only be taken back if they are unused, originally sealed and in perfect condition.<\/p>","protected":false},"featured_media":22213,"comment_status":"open","ping_status":"closed","template":"","meta":{"_joinchat":[]},"product_brand":[],"product_cat":[94],"product_tag":[],"class_list":{"0":"post-22207","1":"product","2":"type-product","3":"status-publish","4":"has-post-thumbnail","6":"product_cat-pflegeprodukte","8":"first","9":"instock","10":"taxable","11":"shipping-taxable","12":"purchasable","13":"product-type-simple"},"yoast_head":"<!-- This site is optimized with the Yoast SEO plugin v25.6 - https:\/\/yoast.com\/wordpress\/plugins\/seo\/ -->\n<title>Kallos Cosmetics Vegan Soul Shampoo - Haartick-Extensions<\/title>\n<meta name=\"robots\" content=\"index, follow, max-snippet:-1, max-image-preview:large, max-video-preview:-1\" \/>\n<link rel=\"canonical\" href=\"https:\/\/www.haartick-extensions.de\/en\/shop\/kallos-cosmetics-vegan-soul-shampoo\/\" \/>\n<meta property=\"og:locale\" content=\"en_GB\" \/>\n<meta property=\"og:type\" content=\"article\" \/>\n<meta property=\"og:title\" content=\"Kallos Cosmetics Vegan Soul Shampoo - Haartick-Extensions\" \/>\n<meta property=\"og:description\" content=\"Inhalt: 1000ml. Hinweis: Hygieneprodukte wie Shampoos, Masken, Hitzeschutzmittel, \u00d6le und L\u00f6sungen f\u00fcr Haarverl\u00e4ngerungen k\u00f6nnen wir ausschlie\u00dflich zur\u00fccknehmen, wenn sie unbenutzt, originalversiegelt und in einwandfreiem\u00a0Zustand\u00a0sind.\" \/>\n<meta property=\"og:url\" content=\"https:\/\/www.haartick-extensions.de\/en\/shop\/kallos-cosmetics-vegan-soul-shampoo\/\" \/>\n<meta property=\"og:site_name\" content=\"Haartick-Extensions\" \/>\n<meta property=\"article:modified_time\" content=\"2026-05-05T14:04:36+00:00\" \/>\n<meta property=\"og:image\" content=\"https:\/\/www.haartick-extensions.de\/wp-content\/uploads\/2024\/11\/kallos-vegan-soul-volumen-shampoo-1000ml.jpg\" \/>\n\t<meta property=\"og:image:width\" content=\"800\" \/>\n\t<meta property=\"og:image:height\" content=\"800\" \/>\n\t<meta property=\"og:image:type\" content=\"image\/jpeg\" \/>\n<meta name=\"twitter:card\" content=\"summary_large_image\" \/>\n<meta name=\"twitter:label1\" content=\"Estimated reading time\" \/>\n\t<meta name=\"twitter:data1\" content=\"2 minutes\" \/>\n<script type=\"application\/ld+json\" class=\"yoast-schema-graph\">{\"@context\":\"https:\/\/schema.org\",\"@graph\":[{\"@type\":\"WebPage\",\"@id\":\"https:\/\/www.haartick-extensions.de\/ru\/shop\/kallos-cosmetics-vegan-soul-shampoo\/\",\"url\":\"https:\/\/www.haartick-extensions.de\/ru\/shop\/kallos-cosmetics-vegan-soul-shampoo\/\",\"name\":\"Kallos Cosmetics Vegan Soul Shampoo - Haartick-Extensions\",\"isPartOf\":{\"@id\":\"https:\/\/www.haartick-extensions.de\/it\/#website\"},\"primaryImageOfPage\":{\"@id\":\"https:\/\/www.haartick-extensions.de\/ru\/shop\/kallos-cosmetics-vegan-soul-shampoo\/#primaryimage\"},\"image\":{\"@id\":\"https:\/\/www.haartick-extensions.de\/ru\/shop\/kallos-cosmetics-vegan-soul-shampoo\/#primaryimage\"},\"thumbnailUrl\":\"https:\/\/www.haartick-extensions.de\/wp-content\/uploads\/2024\/11\/kallos-vegan-soul-volumen-shampoo-1000ml.jpg\",\"datePublished\":\"2024-11-12T15:32:09+00:00\",\"dateModified\":\"2026-05-05T14:04:36+00:00\",\"breadcrumb\":{\"@id\":\"https:\/\/www.haartick-extensions.de\/ru\/shop\/kallos-cosmetics-vegan-soul-shampoo\/#breadcrumb\"},\"inLanguage\":\"en-GB\",\"potentialAction\":[{\"@type\":\"ReadAction\",\"target\":[\"https:\/\/www.haartick-extensions.de\/ru\/shop\/kallos-cosmetics-vegan-soul-shampoo\/\"]}]},{\"@type\":\"ImageObject\",\"inLanguage\":\"en-GB\",\"@id\":\"https:\/\/www.haartick-extensions.de\/ru\/shop\/kallos-cosmetics-vegan-soul-shampoo\/#primaryimage\",\"url\":\"https:\/\/www.haartick-extensions.de\/wp-content\/uploads\/2024\/11\/kallos-vegan-soul-volumen-shampoo-1000ml.jpg\",\"contentUrl\":\"https:\/\/www.haartick-extensions.de\/wp-content\/uploads\/2024\/11\/kallos-vegan-soul-volumen-shampoo-1000ml.jpg\",\"width\":800,\"height\":800},{\"@type\":\"BreadcrumbList\",\"@id\":\"https:\/\/www.haartick-extensions.de\/ru\/shop\/kallos-cosmetics-vegan-soul-shampoo\/#breadcrumb\",\"itemListElement\":[{\"@type\":\"ListItem\",\"position\":1,\"name\":\"Startseite\",\"item\":\"https:\/\/www.haartick-extensions.de\/it\/\"},{\"@type\":\"ListItem\",\"position\":2,\"name\":\"Shop\",\"item\":\"https:\/\/www.haartick-extensions.de\/ru\/shop\/\"},{\"@type\":\"ListItem\",\"position\":3,\"name\":\"Kallos Cosmetics Vegan Soul Shampoo\"}]},{\"@type\":\"WebSite\",\"@id\":\"https:\/\/www.haartick-extensions.de\/it\/#website\",\"url\":\"https:\/\/www.haartick-extensions.de\/it\/\",\"name\":\"Haartick-Extensions\",\"description\":\"Professionelle Haarverl\u00e4ngerund \/ Haarverdichtung mit 100% Echthaar.\",\"publisher\":{\"@id\":\"https:\/\/www.haartick-extensions.de\/it\/#organization\"},\"potentialAction\":[{\"@type\":\"SearchAction\",\"target\":{\"@type\":\"EntryPoint\",\"urlTemplate\":\"https:\/\/www.haartick-extensions.de\/it\/?s={search_term_string}\"},\"query-input\":{\"@type\":\"PropertyValueSpecification\",\"valueRequired\":true,\"valueName\":\"search_term_string\"}}],\"inLanguage\":\"en-GB\"},{\"@type\":\"Organization\",\"@id\":\"https:\/\/www.haartick-extensions.de\/it\/#organization\",\"name\":\"Haartick Extensions\",\"url\":\"https:\/\/www.haartick-extensions.de\/it\/\",\"logo\":{\"@type\":\"ImageObject\",\"inLanguage\":\"en-GB\",\"@id\":\"https:\/\/www.haartick-extensions.de\/it\/#\/schema\/logo\/image\/\",\"url\":\"https:\/\/www.haartick-extensions.de\/wp-content\/uploads\/2024\/05\/cropped-Logo-mark-charm.png\",\"contentUrl\":\"https:\/\/www.haartick-extensions.de\/wp-content\/uploads\/2024\/05\/cropped-Logo-mark-charm.png\",\"width\":512,\"height\":512,\"caption\":\"Haartick Extensions\"},\"image\":{\"@id\":\"https:\/\/www.haartick-extensions.de\/it\/#\/schema\/logo\/image\/\"}}]}<\/script>\n<!-- \/ Yoast SEO plugin. -->","yoast_head_json":{"title":"Kallos Cosmetics Vegan Soul Shampoo - Haartick-Extensions","robots":{"index":"index","follow":"follow","max-snippet":"max-snippet:-1","max-image-preview":"max-image-preview:large","max-video-preview":"max-video-preview:-1"},"canonical":"https:\/\/www.haartick-extensions.de\/en\/shop\/kallos-cosmetics-vegan-soul-shampoo\/","og_locale":"en_GB","og_type":"article","og_title":"Kallos Cosmetics Vegan Soul Shampoo - Haartick-Extensions","og_description":"Inhalt: 1000ml. Hinweis: Hygieneprodukte wie Shampoos, Masken, Hitzeschutzmittel, \u00d6le und L\u00f6sungen f\u00fcr Haarverl\u00e4ngerungen k\u00f6nnen wir ausschlie\u00dflich zur\u00fccknehmen, wenn sie unbenutzt, originalversiegelt und in einwandfreiem\u00a0Zustand\u00a0sind.","og_url":"https:\/\/www.haartick-extensions.de\/en\/shop\/kallos-cosmetics-vegan-soul-shampoo\/","og_site_name":"Haartick-Extensions","article_modified_time":"2026-05-05T14:04:36+00:00","og_image":[{"width":800,"height":800,"url":"https:\/\/www.haartick-extensions.de\/wp-content\/uploads\/2024\/11\/kallos-vegan-soul-volumen-shampoo-1000ml.jpg","type":"image\/jpeg"}],"twitter_card":"summary_large_image","twitter_misc":{"Estimated reading time":"2 minutes"},"schema":{"@context":"https:\/\/schema.org","@graph":[{"@type":"WebPage","@id":"https:\/\/www.haartick-extensions.de\/ru\/shop\/kallos-cosmetics-vegan-soul-shampoo\/","url":"https:\/\/www.haartick-extensions.de\/ru\/shop\/kallos-cosmetics-vegan-soul-shampoo\/","name":"Kallos Cosmetics Vegan Soul Shampoo - Haartick-Extensions","isPartOf":{"@id":"https:\/\/www.haartick-extensions.de\/it\/#website"},"primaryImageOfPage":{"@id":"https:\/\/www.haartick-extensions.de\/ru\/shop\/kallos-cosmetics-vegan-soul-shampoo\/#primaryimage"},"image":{"@id":"https:\/\/www.haartick-extensions.de\/ru\/shop\/kallos-cosmetics-vegan-soul-shampoo\/#primaryimage"},"thumbnailUrl":"https:\/\/www.haartick-extensions.de\/wp-content\/uploads\/2024\/11\/kallos-vegan-soul-volumen-shampoo-1000ml.jpg","datePublished":"2024-11-12T15:32:09+00:00","dateModified":"2026-05-05T14:04:36+00:00","breadcrumb":{"@id":"https:\/\/www.haartick-extensions.de\/ru\/shop\/kallos-cosmetics-vegan-soul-shampoo\/#breadcrumb"},"inLanguage":"en-GB","potentialAction":[{"@type":"ReadAction","target":["https:\/\/www.haartick-extensions.de\/ru\/shop\/kallos-cosmetics-vegan-soul-shampoo\/"]}]},{"@type":"ImageObject","inLanguage":"en-GB","@id":"https:\/\/www.haartick-extensions.de\/ru\/shop\/kallos-cosmetics-vegan-soul-shampoo\/#primaryimage","url":"https:\/\/www.haartick-extensions.de\/wp-content\/uploads\/2024\/11\/kallos-vegan-soul-volumen-shampoo-1000ml.jpg","contentUrl":"https:\/\/www.haartick-extensions.de\/wp-content\/uploads\/2024\/11\/kallos-vegan-soul-volumen-shampoo-1000ml.jpg","width":800,"height":800},{"@type":"BreadcrumbList","@id":"https:\/\/www.haartick-extensions.de\/ru\/shop\/kallos-cosmetics-vegan-soul-shampoo\/#breadcrumb","itemListElement":[{"@type":"ListItem","position":1,"name":"Startseite","item":"https:\/\/www.haartick-extensions.de\/it\/"},{"@type":"ListItem","position":2,"name":"Shop","item":"https:\/\/www.haartick-extensions.de\/ru\/shop\/"},{"@type":"ListItem","position":3,"name":"Kallos Cosmetics Vegan Soul Shampoo"}]},{"@type":"WebSite","@id":"https:\/\/www.haartick-extensions.de\/it\/#website","url":"https:\/\/www.haartick-extensions.de\/it\/","name":"Hair stick extensions","description":"Professional hair lengthening and thickening with 100% human hair.","publisher":{"@id":"https:\/\/www.haartick-extensions.de\/it\/#organization"},"potentialAction":[{"@type":"SearchAction","target":{"@type":"EntryPoint","urlTemplate":"https:\/\/www.haartick-extensions.de\/it\/?s={search_term_string}"},"query-input":{"@type":"PropertyValueSpecification","valueRequired":true,"valueName":"search_term_string"}}],"inLanguage":"en-GB"},{"@type":"Organization","@id":"https:\/\/www.haartick-extensions.de\/it\/#organization","name":"Haartick Extensions","url":"https:\/\/www.haartick-extensions.de\/it\/","logo":{"@type":"ImageObject","inLanguage":"en-GB","@id":"https:\/\/www.haartick-extensions.de\/it\/#\/schema\/logo\/image\/","url":"https:\/\/www.haartick-extensions.de\/wp-content\/uploads\/2024\/05\/cropped-Logo-mark-charm.png","contentUrl":"https:\/\/www.haartick-extensions.de\/wp-content\/uploads\/2024\/05\/cropped-Logo-mark-charm.png","width":512,"height":512,"caption":"Haartick Extensions"},"image":{"@id":"https:\/\/www.haartick-extensions.de\/it\/#\/schema\/logo\/image\/"}}]}},"_links":{"self":[{"href":"https:\/\/www.haartick-extensions.de\/en\/wp-json\/wp\/v2\/product\/22207","targetHints":{"allow":["GET"]}}],"collection":[{"href":"https:\/\/www.haartick-extensions.de\/en\/wp-json\/wp\/v2\/product"}],"about":[{"href":"https:\/\/www.haartick-extensions.de\/en\/wp-json\/wp\/v2\/types\/product"}],"replies":[{"embeddable":true,"href":"https:\/\/www.haartick-extensions.de\/en\/wp-json\/wp\/v2\/comments?post=22207"}],"version-history":[{"count":0,"href":"https:\/\/www.haartick-extensions.de\/en\/wp-json\/wp\/v2\/product\/22207\/revisions"}],"wp:featuredmedia":[{"embeddable":true,"href":"https:\/\/www.haartick-extensions.de\/en\/wp-json\/wp\/v2\/media\/22213"}],"wp:attachment":[{"href":"https:\/\/www.haartick-extensions.de\/en\/wp-json\/wp\/v2\/media?parent=22207"}],"wp:term":[{"taxonomy":"product_brand","embeddable":true,"href":"https:\/\/www.haartick-extensions.de\/en\/wp-json\/wp\/v2\/product_brand?post=22207"},{"taxonomy":"product_cat","embeddable":true,"href":"https:\/\/www.haartick-extensions.de\/en\/wp-json\/wp\/v2\/product_cat?post=22207"},{"taxonomy":"product_tag","embeddable":true,"href":"https:\/\/www.haartick-extensions.de\/en\/wp-json\/wp\/v2\/product_tag?post=22207"}],"curies":[{"name":"wp","href":"https:\/\/api.w.org\/{rel}","templated":true}]}}