{"id":16853,"date":"2024-06-01T19:59:33","date_gmt":"2024-06-01T19:59:33","guid":{"rendered":"https:\/\/www.haartick-extensions.de\/wordpress\/?page_id=16853"},"modified":"2026-01-04T15:52:47","modified_gmt":"2026-01-04T15:52:47","slug":"preise","status":"publish","type":"page","link":"https:\/\/www.haartick-extensions.de\/es\/preise\/","title":{"rendered":"Precios"},"content":{"rendered":"<div data-elementor-type=\"wp-page\" data-elementor-id=\"16853\" class=\"elementor elementor-16853\" data-elementor-post-type=\"page\">\n\t\t\t\t\t\t<section class=\"wd-negative-gap elementor-section elementor-top-section elementor-element elementor-element-614585d elementor-section-full_width elementor-section-height-default elementor-section-height-default\" data-id=\"614585d\" data-element_type=\"section\">\n\t\t\t\t\t\t<div class=\"elementor-container elementor-column-gap-default\">\n\t\t\t\t\t<div class=\"elementor-column elementor-col-100 elementor-top-column elementor-element elementor-element-60a610ba\" data-id=\"60a610ba\" data-element_type=\"column\">\n\t\t\t<div class=\"elementor-widget-wrap elementor-element-populated\">\n\t\t\t\t\t\t<div class=\"elementor-element elementor-element-6d68330d wd-width-100 elementor-widget elementor-widget-wd_title\" data-id=\"6d68330d\" data-element_type=\"widget\" data-widget_type=\"wd_title.default\">\n\t\t\t\t<div class=\"elementor-widget-container\">\n\t\t\t\t\t\t\t<div class=\"title-wrapper wd-set-mb reset-last-child wd-title-color-primary wd-title-style-bordered wd-title-size-default text-center\">\n\n\t\t\t\t\t\t\t\t\t\t\t<div class=\"title-subtitle subtitle-color-primary subtitle-style-default wd-fontsize-xs\">\n\t\t\t\t\tv\u00e1lido a partir del 01.01.2026\t\t\t\t<\/div>\n\t\t\t\n\t\t\t<div class=\"liner-continer\">\n\t\t\t\t<h4 class=\"woodmart-title-container title wd-fontsize-l\">Lista de precios de las extensiones Haartick <\/h4> \n\t\t\t\t\t\t\t<\/div>\n\n\t\t\t\t\t<\/div>\n\t\t\t\t\t\t<\/div>\n\t\t\t\t<\/div>\n\t\t\t\t<div class=\"elementor-element elementor-element-8339643 color-scheme-inherit text-left elementor-widget elementor-widget-text-editor\" data-id=\"8339643\" data-element_type=\"widget\" data-widget_type=\"text-editor.default\">\n\t\t\t\t<div class=\"elementor-widget-container\">\n\t\t\t\t\t\t\t\t\t<div style=\"background: #fcf0f2; padding: 10px;\"><strong>M\u00e9todo de uni\u00f3n<\/strong>\nincl. reutilizable, 100% cabello humano - liso, ondulado, rizado<\/div>\n<div style=\"background: #fcf0f2; padding: 10px;\"><span>Consulta, inserci\u00f3n y corte de ajuste de las extensiones<\/span><\/div>\t\t\t\t\t\t\t\t<\/div>\n\t\t\t\t<\/div>\n\t\t\t\t<div class=\"elementor-element elementor-element-85dff58 text-center color-scheme-inherit elementor-widget elementor-widget-text-editor\" data-id=\"85dff58\" data-element_type=\"widget\" data-widget_type=\"text-editor.default\">\n\t\t\t\t<div class=\"elementor-widget-container\">\n\t\t\t\t\t\t\t\t\t<table style=\"border: 1px solid #0000001b;\">\n<thead style=\"border-top: 1px solid #0000001b;\">\n<tr>\n<td colspan=\"2\"><strong style=\"color: #d57988;\">40 cm (0,8 gramos por hebra)<\/strong><\/td>\n<\/tr>\n<\/thead>\n<tbody>\n<tr>\n<td>100 hilos<\/td>\n<td>359 \u20ac<\/td>\n<\/tr>\n<tr>\n<td>125 hilos<\/td>\n<td>449 \u20ac<\/td>\n<\/tr>\n<tr>\n<td>150 hilos<\/td>\n<td>535 \u20ac<\/td>\n<\/tr>\n<tr>\n<td>175 hilos<\/td>\n<td>615 \u20ac<\/td>\n<\/tr>\n<tr>\n<td>200 hilos<\/td>\n<td>705 \u20ac<\/td>\n<\/tr>\n<\/tbody>\n<\/table>\n<table style=\"border: 1px solid #0000001b;\">\n<thead style=\"border-top: 1px solid #0000001b;\">\n<tr>\n<td colspan=\"2\"><strong style=\"color: #d57988;\">50 cm (0,8 gramos por hebra)<\/strong><\/td>\n<\/tr>\n<\/thead>\n<tbody>\n<tr>\n<td>100 hilos<\/td>\n<td>399 \u20ac<\/td>\n<\/tr>\n<tr>\n<td>125 hilos<\/td>\n<td>499 \u20ac<\/td>\n<\/tr>\n<tr>\n<td>150 hilos<\/td>\n<td>589 \u20ac<\/td>\n<\/tr>\n<tr>\n<td>175 hilos<\/td>\n<td>689 \u20ac<\/td>\n<\/tr>\n<tr>\n<td>200 hilos<\/td>\n<td>789 \u20ac<\/td>\n<\/tr>\n<\/tbody>\n<\/table>\n<table style=\"border: 1px solid #0000001b;\">\n<thead style=\"border-top: 1px solid #0000001b;\">\n<tr>\n<td colspan=\"2\"><strong style=\"color: #d57988;\">60 cm (0,8 gramos por hebra)<\/strong><\/td>\n<\/tr>\n<\/thead>\n<tbody>\n<tr>\n<td>100 hilos<\/td>\n<td>435 \u20ac<\/td>\n<\/tr>\n<tr>\n<td>125 hilos<\/td>\n<td>539 \u20ac<\/td>\n<\/tr>\n<tr>\n<td>150 hilos<\/td>\n<td>645 \u20ac<\/td>\n<\/tr>\n<tr>\n<td>175 hilos<\/td>\n<td>749 \u20ac<\/td>\n<\/tr>\n<tr>\n<td>200 hilos<\/td>\n<td>855 \u20ac<\/td>\n<\/tr>\n<\/tbody>\n<\/table>\n<table style=\"border: 1px solid #0000001b;\">\n<thead style=\"border-top: 1px solid #0000001b;\">\n<tr>\n<td colspan=\"2\"><strong style=\"color: #d57988;\">70 cm (1 gramo por hebra)<\/strong><\/td>\n<\/tr>\n<\/thead>\n<tbody>\n<tr>\n<td>100 hilos<\/td>\n<td>575 \u20ac<\/td>\n<\/tr>\n<tr>\n<td>125 hilos<\/td>\n<td>719 \u20ac<\/td>\n<\/tr>\n<tr>\n<td>150 hilos<\/td>\n<td>865 \u20ac<\/td>\n<\/tr>\n<tr>\n<td>175 hilos<\/td>\n<td>999 \u20ac<\/td>\n<\/tr>\n<tr>\n<td>200 hilos<\/td>\n<td>1139 \u20ac<\/td>\n<\/tr>\n<\/tbody>\n<\/table>\t\t\t\t\t\t\t\t<\/div>\n\t\t\t\t<\/div>\n\t\t\t\t<div class=\"elementor-element elementor-element-2ac83a2 color-scheme-inherit text-left elementor-widget elementor-widget-text-editor\" data-id=\"2ac83a2\" data-element_type=\"widget\" data-widget_type=\"text-editor.default\">\n\t\t\t\t<div class=\"elementor-widget-container\">\n\t\t\t\t\t\t\t\t\t<div style=\"background: #fcf0f2; padding: 10px;\"><strong>M\u00e9todo de cinta<\/strong><br>incl. reutilizable, 100% cabello humano - liso<\/div>\n<div style=\"background: #fcf0f2; padding: 10px;\">Consulta, inserci\u00f3n y corte de ajuste de las extensiones<\/div>\t\t\t\t\t\t\t\t<\/div>\n\t\t\t\t<\/div>\n\t\t\t\t<div class=\"elementor-element elementor-element-752cb65 color-scheme-inherit text-left elementor-widget elementor-widget-text-editor\" data-id=\"752cb65\" data-element_type=\"widget\" data-widget_type=\"text-editor.default\">\n\t\t\t\t<div class=\"elementor-widget-container\">\n\t\t\t\t\t\t\t\t\t<div style=\"background: #fcf0f2; padding: 10px;\"><strong>50 cm <\/strong>Cabello reutilizable <strong>suave<\/strong> <strong>M\u00e9todo de cinta<\/strong>incluida la inserci\u00f3n y el ajuste de las extensiones:<\/div>\t\t\t\t\t\t\t\t<\/div>\n\t\t\t\t<\/div>\n\t\t\t\t<div class=\"elementor-element elementor-element-5bcef81 text-center color-scheme-inherit elementor-widget elementor-widget-text-editor\" data-id=\"5bcef81\" data-element_type=\"widget\" data-widget_type=\"text-editor.default\">\n\t\t\t\t<div class=\"elementor-widget-container\">\n\t\t\t\t\t\t\t\t\t<table style=\"border: 1px solid #0000001b;\"><thead style=\"border-top: 1px solid #0000001b;\"><\/thead><tbody><tr><td>40 Cinta<\/td><td>409 \u20ac<\/td><\/tr><tr><td>50 cintas<\/td><td>505 \u20ac<\/td><\/tr><tr><td>60 Cinta<\/td><td>599 \u20ac<\/td><\/tr><tr><td>70 Cinta<\/td><td>689 \u20ac<\/td><\/tr><tr><td>80 Cinta<\/td><td>785 \u20ac<\/td><\/tr><\/tbody><\/table>\t\t\t\t\t\t\t\t<\/div>\n\t\t\t\t<\/div>\n\t\t\t\t<div class=\"elementor-element elementor-element-adf2714 color-scheme-inherit text-left elementor-widget elementor-widget-text-editor\" data-id=\"adf2714\" data-element_type=\"widget\" data-widget_type=\"text-editor.default\">\n\t\t\t\t<div class=\"elementor-widget-container\">\n\t\t\t\t\t\t\t\t\t<div style=\"background: #fcf0f2; padding: 10px;\"><strong>60 cm <\/strong>Cabello reutilizable <strong>suave<\/strong> <strong>M\u00e9todo de cinta<\/strong>incluida la inserci\u00f3n y el ajuste de las extensiones:<\/div>\t\t\t\t\t\t\t\t<\/div>\n\t\t\t\t<\/div>\n\t\t\t\t<div class=\"elementor-element elementor-element-5855f83 text-center color-scheme-inherit elementor-widget elementor-widget-text-editor\" data-id=\"5855f83\" data-element_type=\"widget\" data-widget_type=\"text-editor.default\">\n\t\t\t\t<div class=\"elementor-widget-container\">\n\t\t\t\t\t\t\t\t\t<table style=\"border: 1px solid #0000001b;\">\n<tbody>\n<tr>\n<td>40 Cinta<\/td>\n<td>459 \u20ac<\/td>\n<\/tr>\n<tr>\n<td>50 cintas<\/td>\n<td>565 \u20ac<\/td>\n<\/tr>\n<tr>\n<td>60 Cinta<\/td>\n<td>669 \u20ac<\/td>\n<\/tr>\n<tr>\n<td>70 Cinta<\/td>\n<td>779 \u20ac<\/td>\n<\/tr>\n<tr>\n<td>80 Cinta<\/td>\n<td>885 \u20ac<\/td>\n<\/tr>\n<\/tbody>\n<\/table>\t\t\t\t\t\t\t\t<\/div>\n\t\t\t\t<\/div>\n\t\t\t\t<div class=\"elementor-element elementor-element-e42547c color-scheme-inherit text-left elementor-widget elementor-widget-text-editor\" data-id=\"e42547c\" data-element_type=\"widget\" data-widget_type=\"text-editor.default\">\n\t\t\t\t<div class=\"elementor-widget-container\">\n\t\t\t\t\t\t\t\t\t<p><strong style=\"color: #d57988;\">Sacar y peinar<\/strong> <strong style=\"color: #d57988;\">por empleado y hora<\/strong> a partir de 70 euros seg\u00fan coste y estado<\/p>\n<p><strong style=\"color: #d57988;\">Lavado del cabello (secado usted mismo)<\/strong>) y, a continuaci\u00f3n, vuelva a insertar las extensiones 25<\/p>\n<p><strong style=\"color: #d57988;\">Lavado de pelo con secado incluido <\/strong>No utilizar extensiones despu\u00e9s 30<\/p>\n<p><strong style=\"color: #d57988;\">Alisar el cabello<\/strong> No utilizar extensiones despu\u00e9s 15<\/p>\n<p><strong style=\"color: #d57988;\">Rizos, ondas<\/strong> incl. laca 40<\/p>\n<p><strong style=\"color: #d57988;\">Corte de limpieza<\/strong> <strong style=\"color: #d57988;\">por empleado y media hora<\/strong> a partir de 40 euros seg\u00fan coste y estado<\/p>\n<p><strong style=\"color: #d57988;\">Rebonden <\/strong>0,90 \u20ac por mech\u00f3n (en caso de mal estado del cabello o de mechones no clasificados por longitud - recargo)<\/p>\t\t\t\t\t\t\t\t<\/div>\n\t\t\t\t<\/div>\n\t\t\t\t<div class=\"elementor-element elementor-element-fb9654f color-scheme-inherit text-left elementor-widget elementor-widget-text-editor\" data-id=\"fb9654f\" data-element_type=\"widget\" data-widget_type=\"text-editor.default\">\n\t\t\t\t<div class=\"elementor-widget-container\">\n\t\t\t\t\t\t\t\t\t<div style=\"background: #fcf0f2; padding: 10px;\"><p><strong>S\u00f3lo uni\u00f3n por inserci\u00f3n<\/strong>\u00a0(dependiendo de la cantidad)<\/p><\/div>\t\t\t\t\t\t\t\t<\/div>\n\t\t\t\t<\/div>\n\t\t\t\t<div class=\"elementor-element elementor-element-ba4d285 text-center color-scheme-inherit elementor-widget elementor-widget-text-editor\" data-id=\"ba4d285\" data-element_type=\"widget\" data-widget_type=\"text-editor.default\">\n\t\t\t\t<div class=\"elementor-widget-container\">\n\t\t\t\t\t\t\t\t\t<table style=\"border: 1px solid #0000001b;\"><tbody><tr><td>1-24 hilos<\/td><td>39 \u20ac<\/td><\/tr><tr><td>25-49 hilos<\/td><td>75 \u20ac<\/td><\/tr><tr><td>50-100 hilos<\/td><td>150 \u20ac<\/td><\/tr><tr><td>por cada ramal adicional<\/td><td>1,50 \u20ac<\/td><\/tr><\/tbody><\/table>\t\t\t\t\t\t\t\t<\/div>\n\t\t\t\t<\/div>\n\t\t\t\t<div class=\"elementor-element elementor-element-23c1e94 color-scheme-inherit text-left elementor-widget elementor-widget-text-editor\" data-id=\"23c1e94\" data-element_type=\"widget\" data-widget_type=\"text-editor.default\">\n\t\t\t\t<div class=\"elementor-widget-container\">\n\t\t\t\t\t\t\t\t\t<div style=\"background: #fcf0f2; padding: 10px;\"><p><strong>Utilizar fianzas de terceros<\/strong>\u00a0(dependiendo de la cantidad)<\/p><\/div>\t\t\t\t\t\t\t\t<\/div>\n\t\t\t\t<\/div>\n\t\t\t\t<div class=\"elementor-element elementor-element-ba27ceb text-center color-scheme-inherit elementor-widget elementor-widget-text-editor\" data-id=\"ba27ceb\" data-element_type=\"widget\" data-widget_type=\"text-editor.default\">\n\t\t\t\t<div class=\"elementor-widget-container\">\n\t\t\t\t\t\t\t\t\t<table style=\"border: 1px solid #0000001b;\"><tbody><tr><td>1-24 hilos<\/td><td>44 \u20ac<\/td><\/tr><tr><td>25-49 hilos<\/td><td>87 \u20ac<\/td><\/tr><tr><td>50-100 hilos<\/td><td>175 \u20ac<\/td><\/tr><tr><td>por cada ramal adicional<\/td><td>1,75 \u20ac<\/td><\/tr><\/tbody><\/table>\t\t\t\t\t\t\t\t<\/div>\n\t\t\t\t<\/div>\n\t\t\t\t<div class=\"elementor-element elementor-element-b5acff4 color-scheme-inherit text-left elementor-widget elementor-widget-text-editor\" data-id=\"b5acff4\" data-element_type=\"widget\" data-widget_type=\"text-editor.default\">\n\t\t\t\t<div class=\"elementor-widget-container\">\n\t\t\t\t\t\t\t\t\t<div style=\"background: #fcf0f2; padding: 10px;\"><p><strong>Inserte s\u00f3lo la cinta<\/strong> a partir de 75 euros (seg\u00fan cantidad)<\/p><\/div>\t\t\t\t\t\t\t\t<\/div>\n\t\t\t\t<\/div>\n\t\t\t\t<div class=\"elementor-element elementor-element-8b0614a text-center color-scheme-inherit elementor-widget elementor-widget-text-editor\" data-id=\"8b0614a\" data-element_type=\"widget\" data-widget_type=\"text-editor.default\">\n\t\t\t\t<div class=\"elementor-widget-container\">\n\t\t\t\t\t\t\t\t\t<table style=\"border: 1px solid #0000001b;\"><tbody><tr><td>0-40 Cinta\u00a0 \u00a0\u00a0<\/td><td>75 \u20ac<\/td><\/tr><tr><td>40-50 Cinta<\/td><td>85 \u20ac<\/td><\/tr><tr><td>Cinta 50-60<\/td><td>95 \u20ac<\/td><\/tr><tr><td>60-70 Cinta<\/td><td>105 \u20ac<\/td><\/tr><tr><td>70-80 Cinta<\/td><td>115 \u20ac<\/td><\/tr><\/tbody><\/table>\t\t\t\t\t\t\t\t<\/div>\n\t\t\t\t<\/div>\n\t\t\t\t<div class=\"elementor-element elementor-element-f96e1c2 color-scheme-inherit text-left elementor-widget elementor-widget-text-editor\" data-id=\"f96e1c2\" data-element_type=\"widget\" data-widget_type=\"text-editor.default\">\n\t\t\t\t<div class=\"elementor-widget-container\">\n\t\t\t\t\t\t\t\t\t<div style=\"background: #fcf0f2; padding: 10px;\"><p><strong>Volver a grabar cintas<\/strong> a partir de 45 euros (si est\u00e1 en mal estado o no est\u00e1 clasificado por longitud - recargo)<\/p><\/div>\t\t\t\t\t\t\t\t<\/div>\n\t\t\t\t<\/div>\n\t\t\t\t<div class=\"elementor-element elementor-element-feb826d text-center color-scheme-inherit elementor-widget elementor-widget-text-editor\" data-id=\"feb826d\" data-element_type=\"widget\" data-widget_type=\"text-editor.default\">\n\t\t\t\t<div class=\"elementor-widget-container\">\n\t\t\t\t\t\t\t\t\t<table style=\"border: 1px solid #0000001b;\"><tbody><tr><td>0-40 Cinta\u00a0 \u00a0\u00a0<\/td><td>45 \u20ac<\/td><\/tr><tr><td>40-50 Cinta<\/td><td>55 \u20ac<\/td><\/tr><tr><td>Cinta 50-60<\/td><td>65 \u20ac<\/td><\/tr><tr><td>60-70 Cinta<\/td><td>75 \u20ac<\/td><\/tr><tr><td>70-80 Cinta<\/td><td>85 \u20ac<\/td><\/tr><\/tbody><\/table>\t\t\t\t\t\t\t\t<\/div>\n\t\t\t\t<\/div>\n\t\t\t\t<div class=\"elementor-element elementor-element-00f96da color-scheme-inherit text-left elementor-widget elementor-widget-text-editor\" data-id=\"00f96da\" data-element_type=\"widget\" data-widget_type=\"text-editor.default\">\n\t\t\t\t<div class=\"elementor-widget-container\">\n\t\t\t\t\t\t\t\t\t<div style=\"background: #fcf0f2; padding: 10px;\"><p><strong>Cintas de limpieza<\/strong> a partir de 35 euros (para mal estado o no ordenados por longitud - recargo)<\/p><\/div>\t\t\t\t\t\t\t\t<\/div>\n\t\t\t\t<\/div>\n\t\t\t\t<div class=\"elementor-element elementor-element-65026ee text-center color-scheme-inherit elementor-widget elementor-widget-text-editor\" data-id=\"65026ee\" data-element_type=\"widget\" data-widget_type=\"text-editor.default\">\n\t\t\t\t<div class=\"elementor-widget-container\">\n\t\t\t\t\t\t\t\t\t<table style=\"border: 1px solid #0000001b;\"><tbody><tr><td>0-40 Cinta\u00a0 \u00a0\u00a0<\/td><td>35 \u20ac<\/td><\/tr><tr><td>40-50 Cinta<\/td><td>45 \u20ac<\/td><\/tr><tr><td>Cinta 50-60<\/td><td>55 \u20ac<\/td><\/tr><tr><td>60-70 Cinta<\/td><td>65 \u20ac<\/td><\/tr><tr><td>70-80 Cinta<\/td><td>75 \u20ac<\/td><\/tr><\/tbody><\/table>\t\t\t\t\t\t\t\t<\/div>\n\t\t\t\t<\/div>\n\t\t\t\t<div class=\"elementor-element elementor-element-3a7b926 color-scheme-inherit text-left elementor-widget elementor-widget-text-editor\" data-id=\"3a7b926\" data-element_type=\"widget\" data-widget_type=\"text-editor.default\">\n\t\t\t\t<div class=\"elementor-widget-container\">\n\t\t\t\t\t\t\t\t\t<p><strong style=\"color: #d57988;\">Alisado con bioqueratina<\/strong><\/p><p>incl. mascarilla capilar y champ\u00fa<\/p><p>Cabello fino y corto 270<\/p><p>Longitud y densidad media del cabello 285<\/p><p>Pelo largo y grueso 310<\/p>\t\t\t\t\t\t\t\t<\/div>\n\t\t\t\t<\/div>\n\t\t\t\t\t<\/div>\n\t\t<\/div>\n\t\t\t\t\t<\/div>\n\t\t<\/section>\n\t\t\t\t<\/div>","protected":false},"excerpt":{"rendered":"<p>g\u00fcltig ab 01.01.2026 Preisliste Haartick-Extensions Bonding-Methode inkl. wiederverwendbares, 100% Echthaar &#8211; glatt, gewellt, lockig Beratung, Einsetzen &amp; Anpassungsschnitt der Extensions<\/p>","protected":false},"author":1,"featured_media":0,"parent":0,"menu_order":0,"comment_status":"closed","ping_status":"closed","template":"","meta":{"_joinchat":[],"footnotes":""},"class_list":["post-16853","page","type-page","status-publish","hentry"],"yoast_head":"<!-- This site is optimized with the Yoast SEO plugin v25.6 - https:\/\/yoast.com\/wordpress\/plugins\/seo\/ -->\n<title>Preise - Haartick-Extensions<\/title>\n<meta name=\"description\" content=\"Preisliste Haartick-Extensions\" \/>\n<meta name=\"robots\" content=\"index, follow, max-snippet:-1, max-image-preview:large, max-video-preview:-1\" \/>\n<link rel=\"canonical\" href=\"https:\/\/www.haartick-extensions.de\/es\/preise\/\" \/>\n<meta property=\"og:locale\" content=\"es_ES\" \/>\n<meta property=\"og:type\" content=\"article\" \/>\n<meta property=\"og:title\" content=\"Preise - Haartick-Extensions\" \/>\n<meta property=\"og:description\" content=\"Preisliste Haartick-Extensions\" \/>\n<meta property=\"og:url\" content=\"https:\/\/www.haartick-extensions.de\/es\/preise\/\" \/>\n<meta property=\"og:site_name\" content=\"Haartick-Extensions\" \/>\n<meta property=\"article:modified_time\" content=\"2026-01-04T15:52:47+00:00\" \/>\n<meta name=\"twitter:card\" content=\"summary_large_image\" \/>\n<meta name=\"twitter:label1\" content=\"Tiempo de lectura\" \/>\n\t<meta name=\"twitter:data1\" content=\"3 minutos\" \/>\n<script type=\"application\/ld+json\" class=\"yoast-schema-graph\">{\"@context\":\"https:\/\/schema.org\",\"@graph\":[{\"@type\":\"WebPage\",\"@id\":\"https:\/\/www.haartick-extensions.de\/de\/preise\/\",\"url\":\"https:\/\/www.haartick-extensions.de\/de\/preise\/\",\"name\":\"Preise - Haartick-Extensions\",\"isPartOf\":{\"@id\":\"https:\/\/www.haartick-extensions.de\/it\/#website\"},\"datePublished\":\"2024-06-01T19:59:33+00:00\",\"dateModified\":\"2026-01-04T15:52:47+00:00\",\"description\":\"Preisliste Haartick-Extensions\",\"breadcrumb\":{\"@id\":\"https:\/\/www.haartick-extensions.de\/de\/preise\/#breadcrumb\"},\"inLanguage\":\"es\",\"potentialAction\":[{\"@type\":\"ReadAction\",\"target\":[\"https:\/\/www.haartick-extensions.de\/de\/preise\/\"]}]},{\"@type\":\"BreadcrumbList\",\"@id\":\"https:\/\/www.haartick-extensions.de\/de\/preise\/#breadcrumb\",\"itemListElement\":[{\"@type\":\"ListItem\",\"position\":1,\"name\":\"Startseite\",\"item\":\"https:\/\/www.haartick-extensions.de\/it\/\"},{\"@type\":\"ListItem\",\"position\":2,\"name\":\"Preise\"}]},{\"@type\":\"WebSite\",\"@id\":\"https:\/\/www.haartick-extensions.de\/it\/#website\",\"url\":\"https:\/\/www.haartick-extensions.de\/it\/\",\"name\":\"Haartick-Extensions\",\"description\":\"Professionelle Haarverl\u00e4ngerund \/ Haarverdichtung mit 100% Echthaar.\",\"publisher\":{\"@id\":\"https:\/\/www.haartick-extensions.de\/it\/#organization\"},\"potentialAction\":[{\"@type\":\"SearchAction\",\"target\":{\"@type\":\"EntryPoint\",\"urlTemplate\":\"https:\/\/www.haartick-extensions.de\/it\/?s={search_term_string}\"},\"query-input\":{\"@type\":\"PropertyValueSpecification\",\"valueRequired\":true,\"valueName\":\"search_term_string\"}}],\"inLanguage\":\"es\"},{\"@type\":\"Organization\",\"@id\":\"https:\/\/www.haartick-extensions.de\/it\/#organization\",\"name\":\"Haartick Extensions\",\"url\":\"https:\/\/www.haartick-extensions.de\/it\/\",\"logo\":{\"@type\":\"ImageObject\",\"inLanguage\":\"es\",\"@id\":\"https:\/\/www.haartick-extensions.de\/it\/#\/schema\/logo\/image\/\",\"url\":\"https:\/\/www.haartick-extensions.de\/wp-content\/uploads\/2024\/05\/cropped-Logo-mark-charm.png\",\"contentUrl\":\"https:\/\/www.haartick-extensions.de\/wp-content\/uploads\/2024\/05\/cropped-Logo-mark-charm.png\",\"width\":512,\"height\":512,\"caption\":\"Haartick Extensions\"},\"image\":{\"@id\":\"https:\/\/www.haartick-extensions.de\/it\/#\/schema\/logo\/image\/\"}}]}<\/script>\n<!-- \/ Yoast SEO plugin. -->","yoast_head_json":{"title":"Preise - Haartick-Extensions","description":"Lista de precios de las extensiones Haartick","robots":{"index":"index","follow":"follow","max-snippet":"max-snippet:-1","max-image-preview":"max-image-preview:large","max-video-preview":"max-video-preview:-1"},"canonical":"https:\/\/www.haartick-extensions.de\/es\/preise\/","og_locale":"es_ES","og_type":"article","og_title":"Preise - Haartick-Extensions","og_description":"Preisliste Haartick-Extensions","og_url":"https:\/\/www.haartick-extensions.de\/es\/preise\/","og_site_name":"Haartick-Extensions","article_modified_time":"2026-01-04T15:52:47+00:00","twitter_card":"summary_large_image","twitter_misc":{"Tiempo de lectura":"3 minutos"},"schema":{"@context":"https:\/\/schema.org","@graph":[{"@type":"WebPage","@id":"https:\/\/www.haartick-extensions.de\/de\/preise\/","url":"https:\/\/www.haartick-extensions.de\/de\/preise\/","name":"Preise - Haartick-Extensions","isPartOf":{"@id":"https:\/\/www.haartick-extensions.de\/it\/#website"},"datePublished":"2024-06-01T19:59:33+00:00","dateModified":"2026-01-04T15:52:47+00:00","description":"Lista de precios de las extensiones Haartick","breadcrumb":{"@id":"https:\/\/www.haartick-extensions.de\/de\/preise\/#breadcrumb"},"inLanguage":"es","potentialAction":[{"@type":"ReadAction","target":["https:\/\/www.haartick-extensions.de\/de\/preise\/"]}]},{"@type":"BreadcrumbList","@id":"https:\/\/www.haartick-extensions.de\/de\/preise\/#breadcrumb","itemListElement":[{"@type":"ListItem","position":1,"name":"Startseite","item":"https:\/\/www.haartick-extensions.de\/it\/"},{"@type":"ListItem","position":2,"name":"Preise"}]},{"@type":"WebSite","@id":"https:\/\/www.haartick-extensions.de\/it\/#website","url":"https:\/\/www.haartick-extensions.de\/it\/","name":"Extensiones en barra","description":"Alargamiento y engrosamiento profesional del cabello con cabello humano 100%.","publisher":{"@id":"https:\/\/www.haartick-extensions.de\/it\/#organization"},"potentialAction":[{"@type":"SearchAction","target":{"@type":"EntryPoint","urlTemplate":"https:\/\/www.haartick-extensions.de\/it\/?s={search_term_string}"},"query-input":{"@type":"PropertyValueSpecification","valueRequired":true,"valueName":"search_term_string"}}],"inLanguage":"es"},{"@type":"Organization","@id":"https:\/\/www.haartick-extensions.de\/it\/#organization","name":"Extensiones Haartick","url":"https:\/\/www.haartick-extensions.de\/it\/","logo":{"@type":"ImageObject","inLanguage":"es","@id":"https:\/\/www.haartick-extensions.de\/it\/#\/schema\/logo\/image\/","url":"https:\/\/www.haartick-extensions.de\/wp-content\/uploads\/2024\/05\/cropped-Logo-mark-charm.png","contentUrl":"https:\/\/www.haartick-extensions.de\/wp-content\/uploads\/2024\/05\/cropped-Logo-mark-charm.png","width":512,"height":512,"caption":"Haartick Extensions"},"image":{"@id":"https:\/\/www.haartick-extensions.de\/it\/#\/schema\/logo\/image\/"}}]}},"_links":{"self":[{"href":"https:\/\/www.haartick-extensions.de\/es\/wp-json\/wp\/v2\/pages\/16853","targetHints":{"allow":["GET"]}}],"collection":[{"href":"https:\/\/www.haartick-extensions.de\/es\/wp-json\/wp\/v2\/pages"}],"about":[{"href":"https:\/\/www.haartick-extensions.de\/es\/wp-json\/wp\/v2\/types\/page"}],"author":[{"embeddable":true,"href":"https:\/\/www.haartick-extensions.de\/es\/wp-json\/wp\/v2\/users\/1"}],"replies":[{"embeddable":true,"href":"https:\/\/www.haartick-extensions.de\/es\/wp-json\/wp\/v2\/comments?post=16853"}],"version-history":[{"count":0,"href":"https:\/\/www.haartick-extensions.de\/es\/wp-json\/wp\/v2\/pages\/16853\/revisions"}],"wp:attachment":[{"href":"https:\/\/www.haartick-extensions.de\/es\/wp-json\/wp\/v2\/media?parent=16853"}],"curies":[{"name":"wp","href":"https:\/\/api.w.org\/{rel}","templated":true}]}}