{"id":17797,"date":"2024-11-26T14:32:41","date_gmt":"2024-11-26T14:32:41","guid":{"rendered":"https:\/\/www.haartick-extensions.de\/wordpress\/?page_id=17797"},"modified":"2024-11-26T14:32:41","modified_gmt":"2024-11-26T14:32:41","slug":"widerruf","status":"publish","type":"page","link":"https:\/\/www.haartick-extensions.de\/es\/widerruf\/","title":{"rendered":"Revocaci\u00f3n"},"content":{"rendered":"<div data-elementor-type=\"wp-page\" data-elementor-id=\"17797\" class=\"elementor elementor-17797\" data-elementor-post-type=\"page\">\n\t\t\t\t<div class=\"wd-negative-gap elementor-element elementor-element-6520e74 e-flex e-con-boxed e-con e-parent\" data-id=\"6520e74\" data-element_type=\"container\">\n\t\t\t\t\t<div class=\"e-con-inner\">\n\t\t\t\t\t<\/div>\n\t\t\t\t<\/div>\n\t\t<div class=\"wd-negative-gap elementor-element elementor-element-fb3e2cb e-flex e-con-boxed e-con e-parent\" data-id=\"fb3e2cb\" data-element_type=\"container\">\n\t\t\t\t\t<div class=\"e-con-inner\">\n\t\t\t\t<div class=\"elementor-element elementor-element-c2500e4 color-scheme-inherit text-left elementor-widget elementor-widget-text-editor\" data-id=\"c2500e4\" data-element_type=\"widget\" data-widget_type=\"text-editor.default\">\n\t\t\t\t<div class=\"elementor-widget-container\">\n\t\t\t\t\t\t\t\t\t<div  class=\"agb_content agb_revocation  notranslate\"><div><h2>A. Pol\u00edtica de anulaci\u00f3n<\/h2>\n\n<h3>Introducci\u00f3n<\/h3>\n\n<p>Los consumidores tienen derecho de cancelaci\u00f3n de conformidad con las siguientes disposiciones, en virtud de las cuales se considera consumidor a toda persona f\u00edsica que celebre un negocio jur\u00eddico con fines que no puedan atribuirse predominantemente ni a su actividad comercial ni a su actividad profesional independiente:<\/p>\n\n<h3>Derecho de anulaci\u00f3n<\/h3>\n\n<p>Tiene derecho a rescindir este contrato en un plazo de catorce d\u00edas sin necesidad de justificaci\u00f3n.<\/p>\n\n<p>El plazo de desistimiento es de catorce d\u00edas a partir del d\u00eda en que usted o un tercero nombrado por usted, que no sea el transportista, tom\u00f3 posesi\u00f3n de la \u00faltima mercanc\u00eda.<\/p>\n\n<p>Para ejercer el derecho de cancelaci\u00f3n, deber\u00e1 informarnos (Alina Jureva, Hauptstra\u00dfe 369, 53639 K\u00f6nigswinter, Deutschland, Tel.: +49 174 3786091, E-Mail: info@haartick-extensions.de) de su decisi\u00f3n de cancelar este contrato mediante una declaraci\u00f3n clara (por ejemplo, una carta enviada por correo postal o electr\u00f3nico). Puede utilizar el modelo de formulario de cancelaci\u00f3n adjunto, pero no es obligatorio.<\/p>\n\n<p>Para cumplir el plazo de cancelaci\u00f3n, basta con que env\u00ede su notificaci\u00f3n de ejercicio del derecho de cancelaci\u00f3n antes de que expire el plazo de cancelaci\u00f3n.<\/p>\n\n<h3>Consecuencias de la anulaci\u00f3n<\/h3>\n\n<p>Si desiste del presente contrato, le reembolsaremos todos los pagos que hayamos recibido de usted, incluidos los gastos de entrega (con excepci\u00f3n de los gastos suplementarios resultantes de la elecci\u00f3n por su parte de un tipo de entrega distinto del tipo menos costoso de entrega ordinaria que ofrezcamos), sin ninguna demora indebida y, en cualquier caso, a m\u00e1s tardar 14 d\u00edas a partir del d\u00eda en que se nos informe de su decisi\u00f3n de desistir del presente contrato. Para este reembolso, utilizaremos el mismo medio de pago que usted utiliz\u00f3 para la transacci\u00f3n original, salvo que se haya acordado expresamente otra cosa con usted; en ning\u00fan caso se le cobrar\u00e1n comisiones por este reembolso. Podremos retener el reembolso hasta que hayamos recibido los bienes de vuelta o hasta que usted haya presentado una prueba de que ha devuelto los bienes, seg\u00fan qu\u00e9 condici\u00f3n se cumpla primero.<\/p>\n\n<p>Debe devolvernos o entregarnos los bienes inmediatamente y, en cualquier caso, en un plazo m\u00e1ximo de catorce d\u00edas a partir del d\u00eda en que nos informe de la rescisi\u00f3n del presente contrato. El plazo se cumple si usted env\u00eda los bienes antes de que haya expirado el plazo de catorce d\u00edas.<\/p>\n\n<p>Usted corre con los gastos directos de devoluci\u00f3n de la mercanc\u00eda.<\/p>\n\n<p>S\u00f3lo tiene que pagar la p\u00e9rdida de valor de los bienes si \u00e9sta se debe a una manipulaci\u00f3n de los bienes que no sea necesaria para comprobar su estado, propiedades y funcionalidad.<\/p>\n\n<h3>Exclusi\u00f3n o expiraci\u00f3n prematura del derecho de cancelaci\u00f3n<\/h3>\n\n<p>El derecho de rescisi\u00f3n no se aplica a los contratos de suministro de bienes que no sean prefabricados y para cuya fabricaci\u00f3n sea decisiva una selecci\u00f3n o determinaci\u00f3n individual por parte del consumidor o que est\u00e9n claramente adaptados a las necesidades personales del consumidor.<\/p>\n\n<h3>Informaci\u00f3n general<\/h3>\n\n<p>1) Evite da\u00f1ar o contaminar la mercanc\u00eda. Devu\u00e9lvanos la mercanc\u00eda en su embalaje original con todos los accesorios y componentes del embalaje. Si es necesario, utilice un embalaje exterior protector. Si ya no dispone del embalaje original, utilice un embalaje adecuado que garantice una protecci\u00f3n suficiente contra da\u00f1os durante el transporte.<br \/>\n2) No nos env\u00ede la mercanc\u00eda a portes debidos.<br \/>\n3) Tenga en cuenta que las cl\u00e1usulas 1-2 antes mencionadas no son un requisito previo para el ejercicio efectivo del derecho de cancelaci\u00f3n.<\/p>\n\n<h2>B. Formulario de anulaci\u00f3n<\/h2>\n\n<p>Si desea rescindir el contrato, rellene y env\u00ede este formulario.<\/p>\n\n<p>A<\/p>\n\n<p>Alina Jureva<br \/>\nCalle principal 369<br \/>\n53639 K\u00f6nigswinter<br \/>\nAlemania<\/p>\n\n<p>Correo electr\u00f3nico: info@haartick-extensions.de<\/p>\n\n<p>Por la presente, yo\/nosotros (*) rescindimos el contrato celebrado por m\u00ed\/nosotros (*) para la adquisici\u00f3n de los siguientes bienes (*)\/la prestaci\u00f3n del siguiente servicio (*)<\/p>\n\n<p>_______________________________________________________<\/p>\n\n<p>_______________________________________________________<\/p>\n\n<p>Pedido el (*) ____________ \/ recibido el (*) __________________<\/p>\n\n<p>________________________________________________________<br \/>\nNombre del consumidor o consumidores<\/p>\n\n<p>________________________________________________________<br \/>\nDirecci\u00f3n del consumidor o consumidores<\/p>\n\n<p>________________________________________________________<br \/>\nFirma del consumidor o consumidores (s\u00f3lo para notificaciones en papel)<\/p>\n\n<p>_________________________<br \/>\nfecha<\/p>\n\n<p>(*) T\u00e1chese lo que no proceda<\/p><\/div><div id=\"itkanzlei_txt_copyright\" style=\"font-size: 12px; margin-top: 8em;\"><div style=\"display: inline-block; vertical-align: top;\"><a href=\"https:\/\/www.it-recht-kanzlei.de\/\" target=\"_blank\"><img decoding=\"async\" src=\"https:\/\/www.it-recht-kanzlei.de\/logo\/Copyright-Logo_Widerrufsbelehrung.png?i=57a70-3e1f2-39c9-907f-1\" id=\"itkanzlei_img_copyright\" alt=\"&copy; IT-Recht Kanzlei\" title=\"Bufete de abogados inform\u00e1ticos\" style=\"margin-top: -20px; border-style: none; max-width: 100%;\" \/><\/a><\/div><div style=\"display: inline-block; vertical-align: top; margin-left: 5px; float: right; white-space: nowrap;\">Estado: 26\/11\/2024, 15:32:37<\/div><div style=\"clear: right;\"><\/div><\/div><\/div>\n\n<style>\n*{text-transform: none !important;}\n<\/style>\t\t\t\t\t\t\t\t<\/div>\n\t\t\t\t<\/div>\n\t\t\t\t\t<\/div>\n\t\t\t\t<\/div>\n\t\t\t\t<\/div>","protected":false},"excerpt":{"rendered":"<p>*{text-transform: none !important;}<\/p>","protected":false},"author":1,"featured_media":0,"parent":0,"menu_order":0,"comment_status":"closed","ping_status":"closed","template":"","meta":{"_joinchat":[],"footnotes":""},"class_list":["post-17797","page","type-page","status-publish","hentry"],"yoast_head":"<!-- This site is optimized with the Yoast SEO plugin v25.6 - https:\/\/yoast.com\/wordpress\/plugins\/seo\/ -->\n<title>Widerruf - Haartick-Extensions<\/title>\n<meta name=\"robots\" content=\"index, follow, max-snippet:-1, max-image-preview:large, max-video-preview:-1\" \/>\n<link rel=\"canonical\" href=\"https:\/\/www.haartick-extensions.de\/es\/widerruf\/\" \/>\n<meta property=\"og:locale\" content=\"es_ES\" \/>\n<meta property=\"og:type\" content=\"article\" \/>\n<meta property=\"og:title\" content=\"Widerruf - Haartick-Extensions\" \/>\n<meta property=\"og:description\" content=\"*{text-transform: none !important;}\" \/>\n<meta property=\"og:url\" content=\"https:\/\/www.haartick-extensions.de\/es\/widerruf\/\" \/>\n<meta property=\"og:site_name\" content=\"Haartick-Extensions\" \/>\n<meta name=\"twitter:card\" content=\"summary_large_image\" \/>\n<script type=\"application\/ld+json\" class=\"yoast-schema-graph\">{\"@context\":\"https:\/\/schema.org\",\"@graph\":[{\"@type\":\"WebPage\",\"@id\":\"https:\/\/www.haartick-extensions.de\/it\/widerruf\/\",\"url\":\"https:\/\/www.haartick-extensions.de\/it\/widerruf\/\",\"name\":\"Widerruf - Haartick-Extensions\",\"isPartOf\":{\"@id\":\"https:\/\/www.haartick-extensions.de\/it\/#website\"},\"datePublished\":\"2024-11-26T14:32:41+00:00\",\"breadcrumb\":{\"@id\":\"https:\/\/www.haartick-extensions.de\/it\/widerruf\/#breadcrumb\"},\"inLanguage\":\"es\",\"potentialAction\":[{\"@type\":\"ReadAction\",\"target\":[\"https:\/\/www.haartick-extensions.de\/it\/widerruf\/\"]}]},{\"@type\":\"BreadcrumbList\",\"@id\":\"https:\/\/www.haartick-extensions.de\/it\/widerruf\/#breadcrumb\",\"itemListElement\":[{\"@type\":\"ListItem\",\"position\":1,\"name\":\"Startseite\",\"item\":\"https:\/\/www.haartick-extensions.de\/it\/\"},{\"@type\":\"ListItem\",\"position\":2,\"name\":\"Widerruf\"}]},{\"@type\":\"WebSite\",\"@id\":\"https:\/\/www.haartick-extensions.de\/it\/#website\",\"url\":\"https:\/\/www.haartick-extensions.de\/it\/\",\"name\":\"Haartick-Extensions\",\"description\":\"Professionelle Haarverl\u00e4ngerund \/ Haarverdichtung mit 100% Echthaar.\",\"publisher\":{\"@id\":\"https:\/\/www.haartick-extensions.de\/it\/#organization\"},\"potentialAction\":[{\"@type\":\"SearchAction\",\"target\":{\"@type\":\"EntryPoint\",\"urlTemplate\":\"https:\/\/www.haartick-extensions.de\/it\/?s={search_term_string}\"},\"query-input\":{\"@type\":\"PropertyValueSpecification\",\"valueRequired\":true,\"valueName\":\"search_term_string\"}}],\"inLanguage\":\"es\"},{\"@type\":\"Organization\",\"@id\":\"https:\/\/www.haartick-extensions.de\/it\/#organization\",\"name\":\"Haartick Extensions\",\"url\":\"https:\/\/www.haartick-extensions.de\/it\/\",\"logo\":{\"@type\":\"ImageObject\",\"inLanguage\":\"es\",\"@id\":\"https:\/\/www.haartick-extensions.de\/it\/#\/schema\/logo\/image\/\",\"url\":\"https:\/\/www.haartick-extensions.de\/wp-content\/uploads\/2024\/05\/cropped-Logo-mark-charm.png\",\"contentUrl\":\"https:\/\/www.haartick-extensions.de\/wp-content\/uploads\/2024\/05\/cropped-Logo-mark-charm.png\",\"width\":512,\"height\":512,\"caption\":\"Haartick Extensions\"},\"image\":{\"@id\":\"https:\/\/www.haartick-extensions.de\/it\/#\/schema\/logo\/image\/\"}}]}<\/script>\n<!-- \/ Yoast SEO plugin. -->","yoast_head_json":{"title":"Widerruf - Haartick-Extensions","robots":{"index":"index","follow":"follow","max-snippet":"max-snippet:-1","max-image-preview":"max-image-preview:large","max-video-preview":"max-video-preview:-1"},"canonical":"https:\/\/www.haartick-extensions.de\/es\/widerruf\/","og_locale":"es_ES","og_type":"article","og_title":"Widerruf - Haartick-Extensions","og_description":"*{text-transform: none !important;}","og_url":"https:\/\/www.haartick-extensions.de\/es\/widerruf\/","og_site_name":"Haartick-Extensions","twitter_card":"summary_large_image","schema":{"@context":"https:\/\/schema.org","@graph":[{"@type":"WebPage","@id":"https:\/\/www.haartick-extensions.de\/it\/widerruf\/","url":"https:\/\/www.haartick-extensions.de\/it\/widerruf\/","name":"Widerruf - Haartick-Extensions","isPartOf":{"@id":"https:\/\/www.haartick-extensions.de\/it\/#website"},"datePublished":"2024-11-26T14:32:41+00:00","breadcrumb":{"@id":"https:\/\/www.haartick-extensions.de\/it\/widerruf\/#breadcrumb"},"inLanguage":"es","potentialAction":[{"@type":"ReadAction","target":["https:\/\/www.haartick-extensions.de\/it\/widerruf\/"]}]},{"@type":"BreadcrumbList","@id":"https:\/\/www.haartick-extensions.de\/it\/widerruf\/#breadcrumb","itemListElement":[{"@type":"ListItem","position":1,"name":"Startseite","item":"https:\/\/www.haartick-extensions.de\/it\/"},{"@type":"ListItem","position":2,"name":"Widerruf"}]},{"@type":"WebSite","@id":"https:\/\/www.haartick-extensions.de\/it\/#website","url":"https:\/\/www.haartick-extensions.de\/it\/","name":"Extensiones en barra","description":"Alargamiento y engrosamiento profesional del cabello con cabello humano 100%.","publisher":{"@id":"https:\/\/www.haartick-extensions.de\/it\/#organization"},"potentialAction":[{"@type":"SearchAction","target":{"@type":"EntryPoint","urlTemplate":"https:\/\/www.haartick-extensions.de\/it\/?s={search_term_string}"},"query-input":{"@type":"PropertyValueSpecification","valueRequired":true,"valueName":"search_term_string"}}],"inLanguage":"es"},{"@type":"Organization","@id":"https:\/\/www.haartick-extensions.de\/it\/#organization","name":"Extensiones Haartick","url":"https:\/\/www.haartick-extensions.de\/it\/","logo":{"@type":"ImageObject","inLanguage":"es","@id":"https:\/\/www.haartick-extensions.de\/it\/#\/schema\/logo\/image\/","url":"https:\/\/www.haartick-extensions.de\/wp-content\/uploads\/2024\/05\/cropped-Logo-mark-charm.png","contentUrl":"https:\/\/www.haartick-extensions.de\/wp-content\/uploads\/2024\/05\/cropped-Logo-mark-charm.png","width":512,"height":512,"caption":"Haartick Extensions"},"image":{"@id":"https:\/\/www.haartick-extensions.de\/it\/#\/schema\/logo\/image\/"}}]}},"_links":{"self":[{"href":"https:\/\/www.haartick-extensions.de\/es\/wp-json\/wp\/v2\/pages\/17797","targetHints":{"allow":["GET"]}}],"collection":[{"href":"https:\/\/www.haartick-extensions.de\/es\/wp-json\/wp\/v2\/pages"}],"about":[{"href":"https:\/\/www.haartick-extensions.de\/es\/wp-json\/wp\/v2\/types\/page"}],"author":[{"embeddable":true,"href":"https:\/\/www.haartick-extensions.de\/es\/wp-json\/wp\/v2\/users\/1"}],"replies":[{"embeddable":true,"href":"https:\/\/www.haartick-extensions.de\/es\/wp-json\/wp\/v2\/comments?post=17797"}],"version-history":[{"count":0,"href":"https:\/\/www.haartick-extensions.de\/es\/wp-json\/wp\/v2\/pages\/17797\/revisions"}],"wp:attachment":[{"href":"https:\/\/www.haartick-extensions.de\/es\/wp-json\/wp\/v2\/media?parent=17797"}],"curies":[{"name":"wp","href":"https:\/\/api.w.org\/{rel}","templated":true}]}}