{"id":21280,"date":"2024-10-21T17:42:46","date_gmt":"2024-10-21T17:42:46","guid":{"rendered":"https:\/\/www.haartick-extensions.de\/wordpress\/?page_id=21280"},"modified":"2025-06-24T16:03:51","modified_gmt":"2025-06-24T16:03:51","slug":"extensions-grosshandel-fuer-friseure-haartick-gewerbekunden","status":"publish","type":"page","link":"https:\/\/www.haartick-extensions.de\/es\/extensions-grosshandel-fuer-friseure-haartick-gewerbekunden\/","title":{"rendered":"Clientes comerciales"},"content":{"rendered":"<div data-elementor-type=\"wp-page\" data-elementor-id=\"21280\" class=\"elementor elementor-21280\" data-elementor-post-type=\"page\">\n\t\t\t\t<div class=\"wd-negative-gap elementor-element elementor-element-392ab3f e-flex e-con-boxed e-con e-parent\" data-id=\"392ab3f\" data-element_type=\"container\">\n\t\t\t\t\t<div class=\"e-con-inner\">\n\t\t<div class=\"elementor-element elementor-element-d983581 e-con-full e-flex e-con e-child\" data-id=\"d983581\" data-element_type=\"container\">\n\t\t<div class=\"elementor-element elementor-element-60319aa e-con-full e-flex e-con e-child\" data-id=\"60319aa\" data-element_type=\"container\">\n\t\t\t\t<div class=\"elementor-element elementor-element-b255d9c wd-width-100 elementor-widget elementor-widget-wd_title\" data-id=\"b255d9c\" data-element_type=\"widget\" data-widget_type=\"wd_title.default\">\n\t\t\t\t<div class=\"elementor-widget-container\">\n\t\t\t\t\t\t\t<div class=\"title-wrapper wd-set-mb reset-last-child wd-title-color-default wd-title-style-default wd-title-size-default text-left\">\n\n\t\t\t\n\t\t\t<div class=\"liner-continer\">\n\t\t\t\t<h4 class=\"woodmart-title-container title wd-fontsize-l\">Los mejores precios para nuestros clientes comerciales<\/h4> \n\t\t\t\t\t\t\t<\/div>\n\n\t\t\t\t\t<\/div>\n\t\t\t\t\t\t<\/div>\n\t\t\t\t<\/div>\n\t\t\t\t<div class=\"elementor-element elementor-element-935e5ca color-scheme-inherit text-left elementor-widget elementor-widget-text-editor\" data-id=\"935e5ca\" data-element_type=\"widget\" data-widget_type=\"text-editor.default\">\n\t\t\t\t<div class=\"elementor-widget-container\">\n\t\t\t\t\t\t\t\t\t<p>\u00bfEs usted un cliente comercial y desea comprar nuestro cabello o nuestros productos en condiciones exclusivas? <br \/>\u00a1Ofrecemos precios especiales para clientes comerciales! Para beneficiarse de estas ventajas, s\u00f3lo tiene que enviarnos su licencia comercial en el sector de la peluquer\u00eda para que podamos confirmar su actividad como cliente comercial. Puede enviarnos la prueba de las siguientes maneras:<\/p><p><strong>Por correo electr\u00f3nico: info@haartick-extensions.de<\/strong><\/p><p><strong>Por correo:<\/strong><br \/>Jureva Alina<br \/>Extensiones en barra<br \/>Hauptstr. 369<br \/>53639 K\u00f6nigswinter<\/p><p><strong>O c\u00f3modamente por WhatsApp:<\/strong> +49 174 3786091<\/p><p>Tras recibir su licencia comercial, le enviaremos nuestras listas de precios especiales para clientes comerciales. Tambi\u00e9n estamos a su disposici\u00f3n para responder a sus preguntas por tel\u00e9fono: +49 174 3786091.<\/p><p>Estamos deseando trabajar con usted.<\/p>\t\t\t\t\t\t\t\t<\/div>\n\t\t\t\t<\/div>\n\t\t\t\t<\/div>\n\t\t<div class=\"elementor-element elementor-element-9527f02 e-con-full e-flex e-con e-child\" data-id=\"9527f02\" data-element_type=\"container\">\n\t\t\t\t<div class=\"elementor-element elementor-element-314fc89 wd-width-100 elementor-widget elementor-widget-wd_title\" data-id=\"314fc89\" data-element_type=\"widget\" data-widget_type=\"wd_title.default\">\n\t\t\t\t<div class=\"elementor-widget-container\">\n\t\t\t\t\t\t\t<div class=\"title-wrapper wd-set-mb reset-last-child wd-title-color-default wd-title-style-default wd-title-size-default text-left\">\n\n\t\t\t\n\t\t\t<div class=\"liner-continer\">\n\t\t\t\t<h4 class=\"woodmart-title-container title wd-fontsize-l\">Cargue su licencia comercial<\/h4> \n\t\t\t\t\t\t\t<\/div>\n\n\t\t\t\t\t<\/div>\n\t\t\t\t\t\t<\/div>\n\t\t\t\t<\/div>\n\t\t\t\t<div class=\"elementor-element elementor-element-beb0103 wd-cf7 elementor-widget elementor-widget-wd_contact_form_7\" data-id=\"beb0103\" data-element_type=\"widget\" data-widget_type=\"wd_contact_form_7.default\">\n\t\t\t\t<div class=\"elementor-widget-container\">\n\t\t\t\t\t\n<div class=\"wpcf7 no-js\" id=\"wpcf7-f5-o1\" lang=\"de-DE\" dir=\"ltr\" data-wpcf7-id=\"5\">\n<div class=\"screen-reader-response\"><p role=\"status\" aria-live=\"polite\" aria-atomic=\"true\"><\/p> <ul><\/ul><\/div>\n<form action=\"\/es\/wp-json\/wp\/v2\/pages\/21280#wpcf7-f5-o1\" method=\"post\" class=\"wpcf7-form init\" aria-label=\"Kontaktformular\" enctype=\"multipart\/form-data\" novalidate=\"novalidate\" data-status=\"init\" data-trp-original-action=\"\/es\/wp-json\/wp\/v2\/pages\/21280#wpcf7-f5-o1\">\n<fieldset class=\"hidden-fields-container\"><input type=\"hidden\" name=\"_wpcf7\" value=\"5\" \/><input type=\"hidden\" name=\"_wpcf7_version\" value=\"6.1.1\" \/><input type=\"hidden\" name=\"_wpcf7_locale\" value=\"de_DE\" \/><input type=\"hidden\" name=\"_wpcf7_unit_tag\" value=\"wpcf7-f5-o1\" \/><input type=\"hidden\" name=\"_wpcf7_container_post\" value=\"0\" \/><input type=\"hidden\" name=\"_wpcf7_posted_data_hash\" value=\"\" \/>\n<\/fieldset>\n<p><label> Su nombre<br \/>\n<span class=\"wpcf7-form-control-wrap\" data-name=\"your-name\"><input size=\"40\" maxlength=\"400\" class=\"wpcf7-form-control wpcf7-text wpcf7-validates-as-required\" aria-required=\"true\" aria-invalid=\"false\" value=\"\" type=\"text\" name=\"your-name\" \/><\/span> <\/label>\n<\/p>\n<p><label> Su direcci\u00f3n de correo electr\u00f3nico<br \/>\n<span class=\"wpcf7-form-control-wrap\" data-name=\"your-email\"><input size=\"40\" maxlength=\"400\" class=\"wpcf7-form-control wpcf7-email wpcf7-validates-as-required wpcf7-text wpcf7-validates-as-email\" aria-required=\"true\" aria-invalid=\"false\" value=\"\" type=\"email\" name=\"your-email\" \/><\/span> <\/label>\n<\/p>\n<p><label> N\u00famero de tel\u00e9fono<br \/>\n<span class=\"wpcf7-form-control-wrap\" data-name=\"tel-611\"><input size=\"40\" maxlength=\"400\" class=\"wpcf7-form-control wpcf7-tel wpcf7-validates-as-required wpcf7-text wpcf7-validates-as-tel\" aria-required=\"true\" aria-invalid=\"false\" value=\"\" type=\"tel\" name=\"tel-611\" \/><\/span> <\/label>\n<\/p>\n<p><label> Nombre del sal\u00f3n<br \/>\n<span class=\"wpcf7-form-control-wrap\" data-name=\"text-salon\"><input size=\"40\" maxlength=\"400\" class=\"wpcf7-form-control wpcf7-text wpcf7-validates-as-required\" aria-required=\"true\" aria-invalid=\"false\" value=\"\" type=\"text\" name=\"text-salon\" \/><\/span> <\/label>\n<\/p>\n<p><label> Licencia comercial<br \/>\n<span class=\"wpcf7-form-control-wrap\" data-name=\"file-271\"><input size=\"40\" class=\"wpcf7-form-control wpcf7-file wpcf7-validates-as-required\" accept=\".txt,.docx,.pdf\" aria-required=\"true\" aria-invalid=\"false\" type=\"file\" name=\"file-271\" \/><\/span> <\/label>\n<\/p>\n<p><input class=\"wpcf7-form-control wpcf7-submit has-spinner btn\" type=\"submit\" value=\"Enviar\" \/>\n<\/p><div class=\"wpcf7-response-output\" aria-hidden=\"true\"><\/div>\n<input type=\"hidden\" name=\"trp-form-language\" value=\"es\"\/><\/form>\n<\/div>\n\t\t\t\t<\/div>\n\t\t\t\t<\/div>\n\t\t\t\t<\/div>\n\t\t\t\t<\/div>\n\t\t\t\t\t<\/div>\n\t\t\t\t<\/div>\n\t\t\t\t<\/div>","protected":false},"excerpt":{"rendered":"<p>Beste Preise f\u00fcr unsere Gewerbekunden Sie sind Gewerbekunde und m\u00f6chten unsere Haare oder Produkte zu exklusiven Konditionen kaufen? Wir bieten<\/p>","protected":false},"author":1,"featured_media":0,"parent":0,"menu_order":0,"comment_status":"closed","ping_status":"closed","template":"","meta":{"_joinchat":[],"footnotes":""},"class_list":["post-21280","page","type-page","status-publish","hentry"],"yoast_head":"<!-- This site is optimized with the Yoast SEO plugin v25.6 - https:\/\/yoast.com\/wordpress\/plugins\/seo\/ -->\n<title>Gewerbekunden - Haartick-Extensions<\/title>\n<meta name=\"description\" content=\"B2B Haarverl\u00e4ngerungen f\u00fcr Friseure: Hochwertige Extensions, faire Preise und zuverl\u00e4ssiger Service. Jetzt als Gewerbekunde bei Haartick registrieren!\" \/>\n<meta name=\"robots\" content=\"index, follow, max-snippet:-1, max-image-preview:large, max-video-preview:-1\" \/>\n<link rel=\"canonical\" href=\"https:\/\/www.haartick-extensions.de\/es\/extensions-grosshandel-fuer-friseure-haartick-gewerbekunden\/\" \/>\n<meta property=\"og:locale\" content=\"es_ES\" \/>\n<meta property=\"og:type\" content=\"article\" \/>\n<meta property=\"og:title\" content=\"Extensions Gro\u00dfhandel f\u00fcr Friseure \u2013 Haartick Gewerbekunden\" \/>\n<meta property=\"og:description\" content=\"B2B Haarverl\u00e4ngerungen f\u00fcr Friseure: Hochwertige Extensions, faire Preise und zuverl\u00e4ssiger Service. Jetzt als Gewerbekunde bei Haartick registrieren!\" \/>\n<meta property=\"og:url\" content=\"https:\/\/www.haartick-extensions.de\/es\/extensions-grosshandel-fuer-friseure-haartick-gewerbekunden\/\" \/>\n<meta property=\"og:site_name\" content=\"Haartick-Extensions\" \/>\n<meta property=\"article:modified_time\" content=\"2025-06-24T16:03:51+00:00\" \/>\n<meta name=\"twitter:card\" content=\"summary_large_image\" \/>\n<meta name=\"twitter:label1\" content=\"Tiempo de lectura\" \/>\n\t<meta name=\"twitter:data1\" content=\"1 minuto\" \/>\n<script type=\"application\/ld+json\" class=\"yoast-schema-graph\">{\"@context\":\"https:\/\/schema.org\",\"@graph\":[{\"@type\":\"WebPage\",\"@id\":\"https:\/\/www.haartick-extensions.de\/de\/extensions-grosshandel-fuer-friseure-haartick-gewerbekunden\/\",\"url\":\"https:\/\/www.haartick-extensions.de\/de\/extensions-grosshandel-fuer-friseure-haartick-gewerbekunden\/\",\"name\":\"Gewerbekunden - Haartick-Extensions\",\"isPartOf\":{\"@id\":\"https:\/\/www.haartick-extensions.de\/it\/#website\"},\"datePublished\":\"2024-10-21T17:42:46+00:00\",\"dateModified\":\"2025-06-24T16:03:51+00:00\",\"description\":\"B2B Haarverl\u00e4ngerungen f\u00fcr Friseure: Hochwertige Extensions, faire Preise und zuverl\u00e4ssiger Service. Jetzt als Gewerbekunde bei Haartick registrieren!\",\"breadcrumb\":{\"@id\":\"https:\/\/www.haartick-extensions.de\/de\/extensions-grosshandel-fuer-friseure-haartick-gewerbekunden\/#breadcrumb\"},\"inLanguage\":\"es\",\"potentialAction\":[{\"@type\":\"ReadAction\",\"target\":[\"https:\/\/www.haartick-extensions.de\/de\/extensions-grosshandel-fuer-friseure-haartick-gewerbekunden\/\"]}]},{\"@type\":\"BreadcrumbList\",\"@id\":\"https:\/\/www.haartick-extensions.de\/de\/extensions-grosshandel-fuer-friseure-haartick-gewerbekunden\/#breadcrumb\",\"itemListElement\":[{\"@type\":\"ListItem\",\"position\":1,\"name\":\"Startseite\",\"item\":\"https:\/\/www.haartick-extensions.de\/it\/\"},{\"@type\":\"ListItem\",\"position\":2,\"name\":\"Gewerbekunden\"}]},{\"@type\":\"WebSite\",\"@id\":\"https:\/\/www.haartick-extensions.de\/it\/#website\",\"url\":\"https:\/\/www.haartick-extensions.de\/it\/\",\"name\":\"Haartick-Extensions\",\"description\":\"Professionelle Haarverl\u00e4ngerund \/ Haarverdichtung mit 100% Echthaar.\",\"publisher\":{\"@id\":\"https:\/\/www.haartick-extensions.de\/it\/#organization\"},\"potentialAction\":[{\"@type\":\"SearchAction\",\"target\":{\"@type\":\"EntryPoint\",\"urlTemplate\":\"https:\/\/www.haartick-extensions.de\/it\/?s={search_term_string}\"},\"query-input\":{\"@type\":\"PropertyValueSpecification\",\"valueRequired\":true,\"valueName\":\"search_term_string\"}}],\"inLanguage\":\"es\"},{\"@type\":\"Organization\",\"@id\":\"https:\/\/www.haartick-extensions.de\/it\/#organization\",\"name\":\"Haartick Extensions\",\"url\":\"https:\/\/www.haartick-extensions.de\/it\/\",\"logo\":{\"@type\":\"ImageObject\",\"inLanguage\":\"es\",\"@id\":\"https:\/\/www.haartick-extensions.de\/it\/#\/schema\/logo\/image\/\",\"url\":\"https:\/\/www.haartick-extensions.de\/wp-content\/uploads\/2024\/05\/cropped-Logo-mark-charm.png\",\"contentUrl\":\"https:\/\/www.haartick-extensions.de\/wp-content\/uploads\/2024\/05\/cropped-Logo-mark-charm.png\",\"width\":512,\"height\":512,\"caption\":\"Haartick Extensions\"},\"image\":{\"@id\":\"https:\/\/www.haartick-extensions.de\/it\/#\/schema\/logo\/image\/\"}}]}<\/script>\n<!-- \/ Yoast SEO plugin. -->","yoast_head_json":{"title":"Gewerbekunden - Haartick-Extensions","description":"B2B Haarverl\u00e4ngerungen f\u00fcr Friseure: Hochwertige Extensions, faire Preise und zuverl\u00e4ssiger Service. Jetzt als Gewerbekunde bei Haartick registrieren!","robots":{"index":"index","follow":"follow","max-snippet":"max-snippet:-1","max-image-preview":"max-image-preview:large","max-video-preview":"max-video-preview:-1"},"canonical":"https:\/\/www.haartick-extensions.de\/es\/extensions-grosshandel-fuer-friseure-haartick-gewerbekunden\/","og_locale":"es_ES","og_type":"article","og_title":"Extensions Gro\u00dfhandel f\u00fcr Friseure \u2013 Haartick Gewerbekunden","og_description":"B2B Haarverl\u00e4ngerungen f\u00fcr Friseure: Hochwertige Extensions, faire Preise und zuverl\u00e4ssiger Service. Jetzt als Gewerbekunde bei Haartick registrieren!","og_url":"https:\/\/www.haartick-extensions.de\/es\/extensions-grosshandel-fuer-friseure-haartick-gewerbekunden\/","og_site_name":"Haartick-Extensions","article_modified_time":"2025-06-24T16:03:51+00:00","twitter_card":"summary_large_image","twitter_misc":{"Tiempo de lectura":"1 minuto"},"schema":{"@context":"https:\/\/schema.org","@graph":[{"@type":"WebPage","@id":"https:\/\/www.haartick-extensions.de\/de\/extensions-grosshandel-fuer-friseure-haartick-gewerbekunden\/","url":"https:\/\/www.haartick-extensions.de\/de\/extensions-grosshandel-fuer-friseure-haartick-gewerbekunden\/","name":"Gewerbekunden - Haartick-Extensions","isPartOf":{"@id":"https:\/\/www.haartick-extensions.de\/it\/#website"},"datePublished":"2024-10-21T17:42:46+00:00","dateModified":"2025-06-24T16:03:51+00:00","description":"B2B Haarverl\u00e4ngerungen f\u00fcr Friseure: Hochwertige Extensions, faire Preise und zuverl\u00e4ssiger Service. Jetzt als Gewerbekunde bei Haartick registrieren!","breadcrumb":{"@id":"https:\/\/www.haartick-extensions.de\/de\/extensions-grosshandel-fuer-friseure-haartick-gewerbekunden\/#breadcrumb"},"inLanguage":"es","potentialAction":[{"@type":"ReadAction","target":["https:\/\/www.haartick-extensions.de\/de\/extensions-grosshandel-fuer-friseure-haartick-gewerbekunden\/"]}]},{"@type":"BreadcrumbList","@id":"https:\/\/www.haartick-extensions.de\/de\/extensions-grosshandel-fuer-friseure-haartick-gewerbekunden\/#breadcrumb","itemListElement":[{"@type":"ListItem","position":1,"name":"Startseite","item":"https:\/\/www.haartick-extensions.de\/it\/"},{"@type":"ListItem","position":2,"name":"Gewerbekunden"}]},{"@type":"WebSite","@id":"https:\/\/www.haartick-extensions.de\/it\/#website","url":"https:\/\/www.haartick-extensions.de\/it\/","name":"Extensiones en barra","description":"Alargamiento y engrosamiento profesional del cabello con cabello humano 100%.","publisher":{"@id":"https:\/\/www.haartick-extensions.de\/it\/#organization"},"potentialAction":[{"@type":"SearchAction","target":{"@type":"EntryPoint","urlTemplate":"https:\/\/www.haartick-extensions.de\/it\/?s={search_term_string}"},"query-input":{"@type":"PropertyValueSpecification","valueRequired":true,"valueName":"search_term_string"}}],"inLanguage":"es"},{"@type":"Organization","@id":"https:\/\/www.haartick-extensions.de\/it\/#organization","name":"Extensiones Haartick","url":"https:\/\/www.haartick-extensions.de\/it\/","logo":{"@type":"ImageObject","inLanguage":"es","@id":"https:\/\/www.haartick-extensions.de\/it\/#\/schema\/logo\/image\/","url":"https:\/\/www.haartick-extensions.de\/wp-content\/uploads\/2024\/05\/cropped-Logo-mark-charm.png","contentUrl":"https:\/\/www.haartick-extensions.de\/wp-content\/uploads\/2024\/05\/cropped-Logo-mark-charm.png","width":512,"height":512,"caption":"Haartick Extensions"},"image":{"@id":"https:\/\/www.haartick-extensions.de\/it\/#\/schema\/logo\/image\/"}}]}},"_links":{"self":[{"href":"https:\/\/www.haartick-extensions.de\/es\/wp-json\/wp\/v2\/pages\/21280","targetHints":{"allow":["GET"]}}],"collection":[{"href":"https:\/\/www.haartick-extensions.de\/es\/wp-json\/wp\/v2\/pages"}],"about":[{"href":"https:\/\/www.haartick-extensions.de\/es\/wp-json\/wp\/v2\/types\/page"}],"author":[{"embeddable":true,"href":"https:\/\/www.haartick-extensions.de\/es\/wp-json\/wp\/v2\/users\/1"}],"replies":[{"embeddable":true,"href":"https:\/\/www.haartick-extensions.de\/es\/wp-json\/wp\/v2\/comments?post=21280"}],"version-history":[{"count":0,"href":"https:\/\/www.haartick-extensions.de\/es\/wp-json\/wp\/v2\/pages\/21280\/revisions"}],"wp:attachment":[{"href":"https:\/\/www.haartick-extensions.de\/es\/wp-json\/wp\/v2\/media?parent=21280"}],"curies":[{"name":"wp","href":"https:\/\/api.w.org\/{rel}","templated":true}]}}