{"id":21641,"date":"2024-10-24T11:27:52","date_gmt":"2024-10-24T11:27:52","guid":{"rendered":"https:\/\/www.haartick-extensions.de\/wordpress\/?page_id=21641"},"modified":"2025-06-03T17:17:23","modified_gmt":"2025-06-03T17:17:23","slug":"garantiebedingungen","status":"publish","type":"page","link":"https:\/\/www.haartick-extensions.de\/es\/garantiebedingungen\/","title":{"rendered":"Condiciones de garant\u00eda"},"content":{"rendered":"<div data-elementor-type=\"wp-page\" data-elementor-id=\"21641\" class=\"elementor elementor-21641\" data-elementor-post-type=\"page\">\n\t\t\t\t\t\t<section class=\"wd-negative-gap elementor-section elementor-top-section elementor-element elementor-element-8bf3fc7 elementor-section-content-middle elementor-reverse-tablet elementor-reverse-mobile elementor-section-boxed elementor-section-height-default elementor-section-height-default\" data-id=\"8bf3fc7\" data-element_type=\"section\">\n\t\t\t\t\t\t<div class=\"elementor-container elementor-column-gap-extended\">\n\t\t\t\t\t<div class=\"elementor-column elementor-col-100 elementor-top-column elementor-element elementor-element-1a19c7a\" data-id=\"1a19c7a\" data-element_type=\"column\">\n\t\t\t<div class=\"elementor-widget-wrap elementor-element-populated\">\n\t\t\t\t\t\t<div class=\"elementor-element elementor-element-46dc4da wd-width-100 elementor-widget elementor-widget-wd_title\" data-id=\"46dc4da\" data-element_type=\"widget\" data-widget_type=\"wd_title.default\">\n\t\t\t\t<div class=\"elementor-widget-container\">\n\t\t\t\t\t\t\t<div class=\"title-wrapper wd-set-mb reset-last-child wd-title-color-default wd-title-style-default wd-title-size-default text-left\">\n\n\t\t\t\n\t\t\t<div class=\"liner-continer\">\n\t\t\t\t<h4 class=\"woodmart-title-container title wd-fontsize-l\">Sobre las condiciones de garant\u00eda:<\/h4> \n\t\t\t\t\t\t\t<\/div>\n\n\t\t\t\t\t<\/div>\n\t\t\t\t\t\t<\/div>\n\t\t\t\t<\/div>\n\t\t\t\t<div class=\"elementor-element elementor-element-5b99400 elementor-widget elementor-widget-wd_text_block\" data-id=\"5b99400\" data-element_type=\"widget\" data-widget_type=\"wd_text_block.default\">\n\t\t\t\t<div class=\"elementor-widget-container\">\n\t\t\t\t\t\t\t<div class=\"wd-text-block reset-last-child text-left\">\n\t\t\t\n\t\t\t<p>Como estamos convencidos de la calidad de nuestras extensiones, le ofrecemos una garant\u00eda voluntaria de 3 meses.<\/p><p><span style=\"font-size: 13px; text-align: var(--text-align);\">La garant\u00eda comienza a partir de la fecha de compra. Si sus extensiones de cabello humano se enredan o anudan en los largos y las puntas, recibir\u00e1 un art\u00edculo de sustituci\u00f3n de igual valor en cuanto nos haya devuelto las extensiones da\u00f1adas. El proveedor se reserva el derecho a rechazar una entrega de sustituci\u00f3n en caso de manipulaci\u00f3n indebida o da\u00f1o intencionado de las extensiones. Las reclamaciones de indemnizaci\u00f3n se limitan \u00fanicamente a las extensiones, no a la instalaci\u00f3n y retirada de la extensi\u00f3n de cabello ni a otros costes que puedan estar asociados a la extensi\u00f3n de cabello.<\/span><\/p><p>El requisito previo para la garant\u00eda es que los productos de cuidado que ofrecemos (champ\u00fa, mascarilla, aceite capilar y protector t\u00e9rmico) se adquieran adem\u00e1s de las extensiones en nuestra tienda. La garant\u00eda caduca si se utilizan otros productos de cuidado. Si un producto en particular es esencial para usted por razones de salud, esto debe ser acordado con nosotros de antemano. Se puede conceder una excepci\u00f3n, pero debe ser confirmada por nosotros por escrito o por correo electr\u00f3nico. Tambi\u00e9n debe seguir nuestras instrucciones de cuidado. Cualquier inobservancia manifiesta conllevar\u00e1 la p\u00e9rdida total de la garant\u00eda. Cualquier tratamiento qu\u00edmico de las extensiones, como coloraci\u00f3n, tinte, decoloraci\u00f3n o permanente, tambi\u00e9n invalidar\u00e1 la garant\u00eda.<\/p><p>S\u00f3lo existe un derecho de garant\u00eda si las extensiones <b>son inutilizables, a pesar de la correcta aplicaci\u00f3n de nuestra <a href=\"https:\/\/www.haartick-extensions.de\/es\/pflegetipps\/\"><span style=\"text-decoration: underline;\">Instrucciones de cuidado<\/span><\/a><\/b>. Quedan excluidos de la garant\u00eda los signos normales de desgaste, como puntas abiertas, puntas secas o rotura del cabello. Tambi\u00e9n se excluye la decoloraci\u00f3n debida a la luz solar, la sal y el agua clorada, por ejemplo. No garantizamos las ondas ni los rizos de las extensiones. Usted es responsable de mantener los rizos. Estaremos encantados de darle consejos al respecto. Quedan excluidas las reclamaciones de garant\u00eda debidas a alergias a pelos extra\u00f1os y elementos de uni\u00f3n.<\/p><p>En caso de reclamaci\u00f3n de garant\u00eda, p\u00f3ngase en contacto con<\/p><p><b>Extensiones en barra<\/b><\/p><p><b style=\"font-size: 13px; text-align: var(--text-align); color: var(--wd-text-color);\">Alina Jureva<\/b><\/p><p><b>Calle principal 369<\/b><\/p><p><b>53639 K\u00f6nigswinter<\/b><\/p><p><b>Alemania<\/b><\/p><p><b>info@haartick-extensions.de<\/b><\/p><p>Para presentar una reclamaci\u00f3n en virtud de la garant\u00eda, la mercanc\u00eda debe enviarse al garante para su inspecci\u00f3n. Aseg\u00farate de que el embalaje es seguro para evitar da\u00f1os durante el transporte.<\/p><p>El garante puede solicitar una prueba de compra de las extensiones de cabello real, por ejemplo, en forma de copia de la factura original, para solicitar el servicio de garant\u00eda. Adem\u00e1s, deber\u00e1 indicarse el nombre y la direcci\u00f3n del comprador si \u00e9stos no resultan evidentes en el justificante de compra o han cambiado. Las devoluciones se realizan a portes pagados mediante la entrega de una etiqueta de devoluci\u00f3n.<\/p><p>Tenga en cuenta que sus derechos legales en caso de defectos no se ven limitados por esta garant\u00eda y pueden seguir utiliz\u00e1ndose sin restricciones. Por lo tanto, esta garant\u00eda no afecta a los derechos de garant\u00eda legales.<\/p>\n\t\t\t\t\t<\/div>\n\t\t\t\t\t\t<\/div>\n\t\t\t\t<\/div>\n\t\t\t\t\t<\/div>\n\t\t<\/div>\n\t\t\t\t\t<\/div>\n\t\t<\/section>\n\t\t\t\t<\/div>","protected":false},"excerpt":{"rendered":"<p>Zu den Garantiebedingungen: Da wir von der Qualit\u00e4t unserer Extensions \u00fcberzeugt sind, bieten wir Ihnen eine freiwillige 3-monatige Garantie. Die<\/p>","protected":false},"author":1,"featured_media":0,"parent":0,"menu_order":0,"comment_status":"closed","ping_status":"closed","template":"","meta":{"_joinchat":[],"footnotes":""},"class_list":["post-21641","page","type-page","status-publish","hentry"],"yoast_head":"<!-- This site is optimized with the Yoast SEO plugin v25.6 - https:\/\/yoast.com\/wordpress\/plugins\/seo\/ -->\n<title>Garantiebedingungen - Haartick-Extensions<\/title>\n<meta name=\"robots\" content=\"index, follow, max-snippet:-1, max-image-preview:large, max-video-preview:-1\" \/>\n<link rel=\"canonical\" href=\"https:\/\/www.haartick-extensions.de\/es\/garantiebedingungen\/\" \/>\n<meta property=\"og:locale\" content=\"es_ES\" \/>\n<meta property=\"og:type\" content=\"article\" \/>\n<meta property=\"og:title\" content=\"Garantiebedingungen - Haartick-Extensions\" \/>\n<meta property=\"og:description\" content=\"Zu den Garantiebedingungen: Da wir von der Qualit\u00e4t unserer Extensions \u00fcberzeugt sind, bieten wir Ihnen eine freiwillige 3-monatige Garantie. Die\" \/>\n<meta property=\"og:url\" content=\"https:\/\/www.haartick-extensions.de\/es\/garantiebedingungen\/\" \/>\n<meta property=\"og:site_name\" content=\"Haartick-Extensions\" \/>\n<meta property=\"article:modified_time\" content=\"2025-06-03T17:17:23+00:00\" \/>\n<meta name=\"twitter:card\" content=\"summary_large_image\" \/>\n<meta name=\"twitter:label1\" content=\"Tiempo de lectura\" \/>\n\t<meta name=\"twitter:data1\" content=\"2 minutos\" \/>\n<script type=\"application\/ld+json\" class=\"yoast-schema-graph\">{\"@context\":\"https:\/\/schema.org\",\"@graph\":[{\"@type\":\"WebPage\",\"@id\":\"https:\/\/www.haartick-extensions.de\/it\/garantiebedingungen\/\",\"url\":\"https:\/\/www.haartick-extensions.de\/it\/garantiebedingungen\/\",\"name\":\"Garantiebedingungen - Haartick-Extensions\",\"isPartOf\":{\"@id\":\"https:\/\/www.haartick-extensions.de\/it\/#website\"},\"datePublished\":\"2024-10-24T11:27:52+00:00\",\"dateModified\":\"2025-06-03T17:17:23+00:00\",\"breadcrumb\":{\"@id\":\"https:\/\/www.haartick-extensions.de\/it\/garantiebedingungen\/#breadcrumb\"},\"inLanguage\":\"es\",\"potentialAction\":[{\"@type\":\"ReadAction\",\"target\":[\"https:\/\/www.haartick-extensions.de\/it\/garantiebedingungen\/\"]}]},{\"@type\":\"BreadcrumbList\",\"@id\":\"https:\/\/www.haartick-extensions.de\/it\/garantiebedingungen\/#breadcrumb\",\"itemListElement\":[{\"@type\":\"ListItem\",\"position\":1,\"name\":\"Startseite\",\"item\":\"https:\/\/www.haartick-extensions.de\/it\/\"},{\"@type\":\"ListItem\",\"position\":2,\"name\":\"Garantiebedingungen\"}]},{\"@type\":\"WebSite\",\"@id\":\"https:\/\/www.haartick-extensions.de\/it\/#website\",\"url\":\"https:\/\/www.haartick-extensions.de\/it\/\",\"name\":\"Haartick-Extensions\",\"description\":\"Professionelle Haarverl\u00e4ngerund \/ Haarverdichtung mit 100% Echthaar.\",\"publisher\":{\"@id\":\"https:\/\/www.haartick-extensions.de\/it\/#organization\"},\"potentialAction\":[{\"@type\":\"SearchAction\",\"target\":{\"@type\":\"EntryPoint\",\"urlTemplate\":\"https:\/\/www.haartick-extensions.de\/it\/?s={search_term_string}\"},\"query-input\":{\"@type\":\"PropertyValueSpecification\",\"valueRequired\":true,\"valueName\":\"search_term_string\"}}],\"inLanguage\":\"es\"},{\"@type\":\"Organization\",\"@id\":\"https:\/\/www.haartick-extensions.de\/it\/#organization\",\"name\":\"Haartick Extensions\",\"url\":\"https:\/\/www.haartick-extensions.de\/it\/\",\"logo\":{\"@type\":\"ImageObject\",\"inLanguage\":\"es\",\"@id\":\"https:\/\/www.haartick-extensions.de\/it\/#\/schema\/logo\/image\/\",\"url\":\"https:\/\/www.haartick-extensions.de\/wp-content\/uploads\/2024\/05\/cropped-Logo-mark-charm.png\",\"contentUrl\":\"https:\/\/www.haartick-extensions.de\/wp-content\/uploads\/2024\/05\/cropped-Logo-mark-charm.png\",\"width\":512,\"height\":512,\"caption\":\"Haartick Extensions\"},\"image\":{\"@id\":\"https:\/\/www.haartick-extensions.de\/it\/#\/schema\/logo\/image\/\"}}]}<\/script>\n<!-- \/ Yoast SEO plugin. -->","yoast_head_json":{"title":"Garantiebedingungen - Haartick-Extensions","robots":{"index":"index","follow":"follow","max-snippet":"max-snippet:-1","max-image-preview":"max-image-preview:large","max-video-preview":"max-video-preview:-1"},"canonical":"https:\/\/www.haartick-extensions.de\/es\/garantiebedingungen\/","og_locale":"es_ES","og_type":"article","og_title":"Garantiebedingungen - Haartick-Extensions","og_description":"Zu den Garantiebedingungen: Da wir von der Qualit\u00e4t unserer Extensions \u00fcberzeugt sind, bieten wir Ihnen eine freiwillige 3-monatige Garantie. Die","og_url":"https:\/\/www.haartick-extensions.de\/es\/garantiebedingungen\/","og_site_name":"Haartick-Extensions","article_modified_time":"2025-06-03T17:17:23+00:00","twitter_card":"summary_large_image","twitter_misc":{"Tiempo de lectura":"2 minutos"},"schema":{"@context":"https:\/\/schema.org","@graph":[{"@type":"WebPage","@id":"https:\/\/www.haartick-extensions.de\/it\/garantiebedingungen\/","url":"https:\/\/www.haartick-extensions.de\/it\/garantiebedingungen\/","name":"Garantiebedingungen - Haartick-Extensions","isPartOf":{"@id":"https:\/\/www.haartick-extensions.de\/it\/#website"},"datePublished":"2024-10-24T11:27:52+00:00","dateModified":"2025-06-03T17:17:23+00:00","breadcrumb":{"@id":"https:\/\/www.haartick-extensions.de\/it\/garantiebedingungen\/#breadcrumb"},"inLanguage":"es","potentialAction":[{"@type":"ReadAction","target":["https:\/\/www.haartick-extensions.de\/it\/garantiebedingungen\/"]}]},{"@type":"BreadcrumbList","@id":"https:\/\/www.haartick-extensions.de\/it\/garantiebedingungen\/#breadcrumb","itemListElement":[{"@type":"ListItem","position":1,"name":"Startseite","item":"https:\/\/www.haartick-extensions.de\/it\/"},{"@type":"ListItem","position":2,"name":"Garantiebedingungen"}]},{"@type":"WebSite","@id":"https:\/\/www.haartick-extensions.de\/it\/#website","url":"https:\/\/www.haartick-extensions.de\/it\/","name":"Extensiones en barra","description":"Alargamiento y engrosamiento profesional del cabello con cabello humano 100%.","publisher":{"@id":"https:\/\/www.haartick-extensions.de\/it\/#organization"},"potentialAction":[{"@type":"SearchAction","target":{"@type":"EntryPoint","urlTemplate":"https:\/\/www.haartick-extensions.de\/it\/?s={search_term_string}"},"query-input":{"@type":"PropertyValueSpecification","valueRequired":true,"valueName":"search_term_string"}}],"inLanguage":"es"},{"@type":"Organization","@id":"https:\/\/www.haartick-extensions.de\/it\/#organization","name":"Extensiones Haartick","url":"https:\/\/www.haartick-extensions.de\/it\/","logo":{"@type":"ImageObject","inLanguage":"es","@id":"https:\/\/www.haartick-extensions.de\/it\/#\/schema\/logo\/image\/","url":"https:\/\/www.haartick-extensions.de\/wp-content\/uploads\/2024\/05\/cropped-Logo-mark-charm.png","contentUrl":"https:\/\/www.haartick-extensions.de\/wp-content\/uploads\/2024\/05\/cropped-Logo-mark-charm.png","width":512,"height":512,"caption":"Haartick Extensions"},"image":{"@id":"https:\/\/www.haartick-extensions.de\/it\/#\/schema\/logo\/image\/"}}]}},"_links":{"self":[{"href":"https:\/\/www.haartick-extensions.de\/es\/wp-json\/wp\/v2\/pages\/21641","targetHints":{"allow":["GET"]}}],"collection":[{"href":"https:\/\/www.haartick-extensions.de\/es\/wp-json\/wp\/v2\/pages"}],"about":[{"href":"https:\/\/www.haartick-extensions.de\/es\/wp-json\/wp\/v2\/types\/page"}],"author":[{"embeddable":true,"href":"https:\/\/www.haartick-extensions.de\/es\/wp-json\/wp\/v2\/users\/1"}],"replies":[{"embeddable":true,"href":"https:\/\/www.haartick-extensions.de\/es\/wp-json\/wp\/v2\/comments?post=21641"}],"version-history":[{"count":0,"href":"https:\/\/www.haartick-extensions.de\/es\/wp-json\/wp\/v2\/pages\/21641\/revisions"}],"wp:attachment":[{"href":"https:\/\/www.haartick-extensions.de\/es\/wp-json\/wp\/v2\/media?parent=21641"}],"curies":[{"name":"wp","href":"https:\/\/api.w.org\/{rel}","templated":true}]}}