{"id":21647,"date":"2024-10-24T11:41:56","date_gmt":"2024-10-24T11:41:56","guid":{"rendered":"https:\/\/www.haartick-extensions.de\/wordpress\/?page_id=21647"},"modified":"2025-05-08T12:16:42","modified_gmt":"2025-05-08T12:16:42","slug":"ruecksendung-und-versand","status":"publish","type":"page","link":"https:\/\/www.haartick-extensions.de\/es\/ruecksendung-und-versand\/","title":{"rendered":"Devoluciones y env\u00edos"},"content":{"rendered":"<div data-elementor-type=\"wp-page\" data-elementor-id=\"21647\" class=\"elementor elementor-21647\" data-elementor-post-type=\"page\">\n\t\t\t\t\t\t<section class=\"wd-negative-gap elementor-section elementor-top-section elementor-element elementor-element-d947561 elementor-section-content-middle elementor-reverse-tablet elementor-reverse-mobile elementor-section-boxed elementor-section-height-default elementor-section-height-default\" data-id=\"d947561\" data-element_type=\"section\">\n\t\t\t\t\t\t<div class=\"elementor-container elementor-column-gap-extended\">\n\t\t\t\t\t<div class=\"elementor-column elementor-col-100 elementor-top-column elementor-element elementor-element-3fbe701\" data-id=\"3fbe701\" data-element_type=\"column\">\n\t\t\t<div class=\"elementor-widget-wrap elementor-element-populated\">\n\t\t\t\t\t\t<div class=\"elementor-element elementor-element-ee4fc28 elementor-widget elementor-widget-wd_text_block\" data-id=\"ee4fc28\" data-element_type=\"widget\" data-widget_type=\"wd_text_block.default\">\n\t\t\t\t<div class=\"elementor-widget-container\">\n\t\t\t\t\t\t\t<div class=\"wd-text-block reset-last-child text-left\">\n\t\t\t\n\t\t\t<h4><strong>Devoluci\u00f3n<\/strong><\/h4><p>Tiene la posibilidad de devolver los productos no deseados en un plazo de 14 d\u00edas sin complicaciones. Tenga en cuenta que los art\u00edculos con precintos higi\u00e9nicos s\u00f3lo pueden devolverse si est\u00e1n intactos. No obstante, puede sacar los productos del embalaje para tocarlos y comprobar la calidad o el tono del color. No obstante, cuando devuelva los art\u00edculos, no corte ning\u00fan punto de conexi\u00f3n, no ti\u00f1a el pelo ni manipule o da\u00f1e los art\u00edculos de ninguna otra forma.<\/p><h4><strong>Intercambio<\/strong><\/h4><p>Si desea un cambio, s\u00f3lo tiene que enviar el art\u00edculo como una devoluci\u00f3n normal y volver a pedir el producto de sustituci\u00f3n deseado en nuestra tienda en l\u00ednea. Ten en cuenta que los productos personalizados no se pueden cambiar.<\/p><h4><strong>Procedimiento de devoluci\u00f3n<\/strong><\/h4><p>Lamentablemente, tendr\u00e1 que correr usted mismo con los gastos de la devoluci\u00f3n y del env\u00edo original. S\u00f3lo reembolsaremos los costes del producto. No podemos aceptar env\u00edos a portes debidos. Para notificarnos la devoluci\u00f3n, env\u00edenos un correo electr\u00f3nico.<strong>Correo<\/strong> en <a href=\"mailto:info@haartick-extensions.de\">info@haartick-extensions.de<\/a>.<\/p><h4><strong>Plazo de tramitaci\u00f3n y reembolso<\/strong><\/h4><p>Nos esforzamos por tramitar su devoluci\u00f3n en el plazo de una semana a partir de la fecha de recepci\u00f3n, aunque a menudo es m\u00e1s r\u00e1pido. El reembolso del precio de compra se efectuar\u00e1 a trav\u00e9s del m\u00e9todo de pago que utiliz\u00f3 al realizar el pedido inmediatamente despu\u00e9s de su tramitaci\u00f3n.<\/p><p>Encontrar\u00e1 m\u00e1s informaci\u00f3n en nuestra pol\u00edtica de cancelaci\u00f3n.<\/p><h4><strong>Informaci\u00f3n de env\u00edo<\/strong><\/h4><p>Los pedidos recibidos antes de las 15.00 horas en d\u00edas laborables suelen enviarse el mismo d\u00eda como paquete DHL.<\/p><h4><strong>Gastos de env\u00edo y plazos de entrega<\/strong><\/h4>\n\t\t\t\t\t<\/div>\n\t\t\t\t\t\t<\/div>\n\t\t\t\t<\/div>\n\t\t\t\t<div class=\"elementor-element elementor-element-e12067c elementor-widget elementor-widget-wd_accordion\" data-id=\"e12067c\" data-element_type=\"widget\" data-widget_type=\"wd_accordion.default\">\n\t\t\t\t<div class=\"elementor-widget-container\">\n\t\t\t\t\t\n\t\t<div class=\"wd-accordion wd-style-default wd-border-off wd-titles-left wd-opener-pos-right wd-opener-style-arrow\" data-state=\"all_closed\">\n\t\t\t\t\t\t\t\n\t\t\t\t<div class=\"wd-accordion-item\">\n\t\t\t\t\t<div class=\"wd-accordion-title wd-role-btn\" data-accordion-index=\"0\" tabindex=\"0\">\n\t\t\t\t\t\t<div class=\"wd-accordion-title-text\">\n\t\t\t\t\t\t\t\t\t\t\t\t\t\t<span>\n\t\t\t\t\t\t\t\tAlemania\t\t\t\t\t\t\t<\/span>\n\t\t\t\t\t\t<\/div>\n\t\t\t\t\t\t<span class=\"wd-accordion-opener\"><\/span>\n\t\t\t\t\t<\/div>\n\n\t\t\t\t\t<div class=\"wd-accordion-content wd-entry-content\" data-accordion-index=\"0\">\n\t\t\t\t\t\t\t\t\t\t\t\t\t\n\t\t\t\t\t\t\t<ul><li>Env\u00edo gratuito dentro de Alemania a partir de un valor de pedido de 49 euros, por debajo se aplican 6,19 euros de gastos de env\u00edo.<\/li><li>Cobramos 36,36 euros por el env\u00edo de mercanc\u00edas voluminosas. Los art\u00edculos voluminosos se etiquetan como tales en la descripci\u00f3n del art\u00edculo.<\/li><li>Posibilidad de entrega en centros de embalaje de DHL en Alemania.<\/li><li>Plazo de entrega: 1-2 d\u00edas laborables<\/li><li>M\u00e9todo de env\u00edo: Paquete DHL<\/li><\/ul>\n\t\t\t\t\t\t\t\t\t\t\t\t\t\t\t\t\t\t<\/div>\n\t\t\t\t<\/div>\n\t\t\t\t\t\t\t\n\t\t\t\t<div class=\"wd-accordion-item\">\n\t\t\t\t\t<div class=\"wd-accordion-title wd-role-btn\" data-accordion-index=\"1\" tabindex=\"0\">\n\t\t\t\t\t\t<div class=\"wd-accordion-title-text\">\n\t\t\t\t\t\t\t\t\t\t\t\t\t\t<span>\n\t\t\t\t\t\t\t\tUni\u00f3n Europea\t\t\t\t\t\t\t<\/span>\n\t\t\t\t\t\t<\/div>\n\t\t\t\t\t\t<span class=\"wd-accordion-opener\"><\/span>\n\t\t\t\t\t<\/div>\n\n\t\t\t\t\t<div class=\"wd-accordion-content wd-entry-content\" data-accordion-index=\"1\">\n\t\t\t\t\t\t\t\t\t\t\t\t\t\n\t\t\t\t\t\t\t<ul><li>Gastos de env\u00edo: 14,49<\/li><li>Cobramos 46,99 euros por el env\u00edo de mercanc\u00edas voluminosas. Los art\u00edculos voluminosos se etiquetan como tales en la descripci\u00f3n del art\u00edculo.<\/li><li>Plazo de entrega: 1-3 d\u00edas laborables<\/li><li>Todos los derechos de aduana e impuestos incurridos correr\u00e1n a su cargo.<\/li><li>M\u00e9todo de env\u00edo: Paquete DHL<\/li><\/ul>\n\t\t\t\t\t\t\t\t\t\t\t\t\t\t\t\t\t\t<\/div>\n\t\t\t\t<\/div>\n\t\t\t\t\t\t\t\n\t\t\t\t<div class=\"wd-accordion-item\">\n\t\t\t\t\t<div class=\"wd-accordion-title wd-role-btn\" data-accordion-index=\"2\" tabindex=\"0\">\n\t\t\t\t\t\t<div class=\"wd-accordion-title-text\">\n\t\t\t\t\t\t\t\t\t\t\t\t\t\t<span>\n\t\t\t\t\t\t\t\tGran Breta\u00f1a, Irlanda del Norte, Suiza\t\t\t\t\t\t\t<\/span>\n\t\t\t\t\t\t<\/div>\n\t\t\t\t\t\t<span class=\"wd-accordion-opener\"><\/span>\n\t\t\t\t\t<\/div>\n\n\t\t\t\t\t<div class=\"wd-accordion-content wd-entry-content\" data-accordion-index=\"2\">\n\t\t\t\t\t\t\t\t\t\t\t\t\t\n\t\t\t\t\t\t\t<ul><li>Gastos de env\u00edo: 26,99<\/li><li>Cobramos 56,99 euros por el env\u00edo de mercanc\u00edas voluminosas. Los art\u00edculos voluminosos se etiquetan como tales en la descripci\u00f3n del art\u00edculo.<\/li><li>Plazo de entrega: 5-10 d\u00edas laborables<\/li><li>M\u00e9todo de env\u00edo: Paquete DHL<\/li><\/ul>\n\t\t\t\t\t\t\t\t\t\t\t\t\t\t\t\t\t\t<\/div>\n\t\t\t\t<\/div>\n\t\t\t\t\t\t\t\n\t\t\t\t<div class=\"wd-accordion-item\">\n\t\t\t\t\t<div class=\"wd-accordion-title wd-role-btn\" data-accordion-index=\"3\" tabindex=\"0\">\n\t\t\t\t\t\t<div class=\"wd-accordion-title-text\">\n\t\t\t\t\t\t\t\t\t\t\t\t\t\t<span>\n\t\t\t\t\t\t\t\tResto de Europa\t\t\t\t\t\t\t<\/span>\n\t\t\t\t\t\t<\/div>\n\t\t\t\t\t\t<span class=\"wd-accordion-opener\"><\/span>\n\t\t\t\t\t<\/div>\n\n\t\t\t\t\t<div class=\"wd-accordion-content wd-entry-content\" data-accordion-index=\"3\">\n\t\t\t\t\t\t\t\t\t\t\t\t\t\n\t\t\t\t\t\t\t<ul><li>Gastos de env\u00edo: 29,99<\/li><li>Cobramos 59,99 euros por el env\u00edo de mercanc\u00edas voluminosas. Los art\u00edculos voluminosos se etiquetan como tales en la descripci\u00f3n del art\u00edculo.<\/li><li>Plazo de entrega: 5-10 d\u00edas laborables<\/li><li>Todos los derechos de aduana e impuestos incurridos correr\u00e1n a su cargo.<\/li><li>M\u00e9todo de env\u00edo: Paquete DHL<\/li><\/ul>\n\t\t\t\t\t\t\t\t\t\t\t\t\t\t\t\t\t\t<\/div>\n\t\t\t\t<\/div>\n\t\t\t\t\t\t\t\n\t\t\t\t<div class=\"wd-accordion-item\">\n\t\t\t\t\t<div class=\"wd-accordion-title wd-role-btn\" data-accordion-index=\"4\" tabindex=\"0\">\n\t\t\t\t\t\t<div class=\"wd-accordion-title-text\">\n\t\t\t\t\t\t\t\t\t\t\t\t\t\t<span>\n\t\t\t\t\t\t\t\tFederaci\u00f3n de Rusia\t\t\t\t\t\t\t<\/span>\n\t\t\t\t\t\t<\/div>\n\t\t\t\t\t\t<span class=\"wd-accordion-opener\"><\/span>\n\t\t\t\t\t<\/div>\n\n\t\t\t\t\t<div class=\"wd-accordion-content wd-entry-content\" data-accordion-index=\"4\">\n\t\t\t\t\t\t\t\t\t\t\t\t\t\n\t\t\t\t\t\t\t<ul><li>Gastos de env\u00edo: 34,99<\/li><li>No es posible enviar mercanc\u00edas voluminosas a esta regi\u00f3n. Los art\u00edculos voluminosos se etiquetan como tales en la descripci\u00f3n del art\u00edculo.<\/li><li>Plazo de entrega: 5-10 d\u00edas laborables<\/li><li>Todos los derechos de aduana e impuestos incurridos correr\u00e1n a su cargo.<\/li><li>M\u00e9todo de env\u00edo: Paquete DHL<\/li><\/ul>\n\t\t\t\t\t\t\t\t\t\t\t\t\t\t\t\t\t\t<\/div>\n\t\t\t\t<\/div>\n\t\t\t\t\t\t\t\n\t\t\t\t<div class=\"wd-accordion-item\">\n\t\t\t\t\t<div class=\"wd-accordion-title wd-role-btn\" data-accordion-index=\"5\" tabindex=\"0\">\n\t\t\t\t\t\t<div class=\"wd-accordion-title-text\">\n\t\t\t\t\t\t\t\t\t\t\t\t\t\t<span>\n\t\t\t\t\t\t\t\tAm\u00e9rica del Norte, Central y del Sur\t\t\t\t\t\t\t<\/span>\n\t\t\t\t\t\t<\/div>\n\t\t\t\t\t\t<span class=\"wd-accordion-opener\"><\/span>\n\t\t\t\t\t<\/div>\n\n\t\t\t\t\t<div class=\"wd-accordion-content wd-entry-content\" data-accordion-index=\"5\">\n\t\t\t\t\t\t\t\t\t\t\t\t\t\n\t\t\t\t\t\t\t<ul><li>Gastos de env\u00edo: 47,99<\/li><li><span style=\"font-family: 'Readex Pro', Arial, Helvetica, sans-serif; font-size: 13px; font-style: normal; font-variant-ligatures: normal; font-variant-caps: normal; font-weight: 400;\">No es posible enviar mercanc\u00edas voluminosas a esta regi\u00f3n<\/span>. Los productos voluminosos se etiquetan como tales en la descripci\u00f3n del art\u00edculo.<\/li><li>Plazo de entrega: 7-21 d\u00edas laborables<\/li><li>Todos los derechos de aduana e impuestos incurridos correr\u00e1n a su cargo.<\/li><li>M\u00e9todo de env\u00edo: Paquete DHL<\/li><\/ul>\n\t\t\t\t\t\t\t\t\t\t\t\t\t\t\t\t\t\t<\/div>\n\t\t\t\t<\/div>\n\t\t\t\t\t\t\t\n\t\t\t\t<div class=\"wd-accordion-item\">\n\t\t\t\t\t<div class=\"wd-accordion-title wd-role-btn\" data-accordion-index=\"6\" tabindex=\"0\">\n\t\t\t\t\t\t<div class=\"wd-accordion-title-text\">\n\t\t\t\t\t\t\t\t\t\t\t\t\t\t<span>\n\t\t\t\t\t\t\t\tNorte de \u00c1frica, Oriente Pr\u00f3ximo\t\t\t\t\t\t\t<\/span>\n\t\t\t\t\t\t<\/div>\n\t\t\t\t\t\t<span class=\"wd-accordion-opener\"><\/span>\n\t\t\t\t\t<\/div>\n\n\t\t\t\t\t<div class=\"wd-accordion-content wd-entry-content\" data-accordion-index=\"6\">\n\t\t\t\t\t\t\t\t\t\t\t\t\t\n\t\t\t\t\t\t\t<ul><li>Gastos de env\u00edo: 47,99<\/li><li>Cobramos 77,99 euros por el env\u00edo de mercanc\u00edas voluminosas. Los art\u00edculos voluminosos se etiquetan como tales en la descripci\u00f3n del art\u00edculo.<\/li><li>Plazo de entrega: 7-21 d\u00edas laborables<\/li><li>Todos los derechos de aduana e impuestos incurridos correr\u00e1n a su cargo.<\/li><li>M\u00e9todo de env\u00edo: Paquete DHL<\/li><\/ul>\n\t\t\t\t\t\t\t\t\t\t\t\t\t\t\t\t\t\t<\/div>\n\t\t\t\t<\/div>\n\t\t\t\t\t\t\t\n\t\t\t\t<div class=\"wd-accordion-item\">\n\t\t\t\t\t<div class=\"wd-accordion-title wd-role-btn\" data-accordion-index=\"7\" tabindex=\"0\">\n\t\t\t\t\t\t<div class=\"wd-accordion-title-text\">\n\t\t\t\t\t\t\t\t\t\t\t\t\t\t<span>\n\t\t\t\t\t\t\t\tAsia, \u00c1frica (excepto Norte de \u00c1frica y Oriente Medio)  \t\t\t\t\t\t\t<\/span>\n\t\t\t\t\t\t<\/div>\n\t\t\t\t\t\t<span class=\"wd-accordion-opener\"><\/span>\n\t\t\t\t\t<\/div>\n\n\t\t\t\t\t<div class=\"wd-accordion-content wd-entry-content\" data-accordion-index=\"7\">\n\t\t\t\t\t\t\t\t\t\t\t\t\t\n\t\t\t\t\t\t\t<ul><li>Gastos de env\u00edo: 45,99<\/li><li>Cobramos 75,99 euros por el env\u00edo de mercanc\u00edas voluminosas. Los art\u00edculos voluminosos se etiquetan como tales en la descripci\u00f3n del art\u00edculo.<\/li><li>Plazo de entrega: 7-21 d\u00edas laborables<\/li><li>Todos los derechos de aduana e impuestos incurridos correr\u00e1n a su cargo.<\/li><li>M\u00e9todo de env\u00edo: Paquete DHL<\/li><\/ul>\n\t\t\t\t\t\t\t\t\t\t\t\t\t\t\t\t\t\t<\/div>\n\t\t\t\t<\/div>\n\t\t\t\t\t\t\t\n\t\t\t\t<div class=\"wd-accordion-item\">\n\t\t\t\t\t<div class=\"wd-accordion-title wd-role-btn\" data-accordion-index=\"8\" tabindex=\"0\">\n\t\t\t\t\t\t<div class=\"wd-accordion-title-text\">\n\t\t\t\t\t\t\t\t\t\t\t\t\t\t<span>\n\t\t\t\t\t\t\t\tAustralia, Ocean\u00eda\t\t\t\t\t\t\t<\/span>\n\t\t\t\t\t\t<\/div>\n\t\t\t\t\t\t<span class=\"wd-accordion-opener\"><\/span>\n\t\t\t\t\t<\/div>\n\n\t\t\t\t\t<div class=\"wd-accordion-content wd-entry-content\" data-accordion-index=\"8\">\n\t\t\t\t\t\t\t\t\t\t\t\t\t\n\t\t\t\t\t\t\t<ul><li>Gastos de env\u00edo: 49,99<\/li><li><span style=\"font-family: 'Readex Pro', Arial, Helvetica, sans-serif; font-size: 13px; font-style: normal; font-variant-ligatures: normal; font-variant-caps: normal; font-weight: 400;\">No es posible enviar mercanc\u00edas voluminosas a esta regi\u00f3n<\/span>. Los productos voluminosos se etiquetan como tales en la descripci\u00f3n del art\u00edculo.<\/li><li>Plazo de entrega: 7-21 d\u00edas laborables<\/li><li>Todos los derechos de aduana e impuestos incurridos correr\u00e1n a su cargo.<\/li><li>M\u00e9todo de env\u00edo: Paquete DHL<\/li><\/ul>\n\t\t\t\t\t\t\t\t\t\t\t\t\t\t\t\t\t\t<\/div>\n\t\t\t\t<\/div>\n\t\t\t\t\t<\/div>\n\t\t\t\t\t\t<\/div>\n\t\t\t\t<\/div>\n\t\t\t\t\t<\/div>\n\t\t<\/div>\n\t\t\t\t\t<\/div>\n\t\t<\/section>\n\t\t\t\t<\/div>","protected":false},"excerpt":{"rendered":"<p>R\u00fccksendung Sie haben die M\u00f6glichkeit, innerhalb von 14 Tagen unerw\u00fcnschte Produkte unkompliziert zur\u00fcckzusenden. Beachten Sie bitte, dass Artikel mit Hygienesiegeln<\/p>","protected":false},"author":1,"featured_media":0,"parent":0,"menu_order":0,"comment_status":"closed","ping_status":"closed","template":"","meta":{"_joinchat":[],"footnotes":""},"class_list":["post-21647","page","type-page","status-publish","hentry"],"yoast_head":"<!-- This site is optimized with the Yoast SEO plugin v25.6 - https:\/\/yoast.com\/wordpress\/plugins\/seo\/ -->\n<title>R\u00fccksendung und Versand - Haartick-Extensions<\/title>\n<meta name=\"robots\" content=\"index, follow, max-snippet:-1, max-image-preview:large, max-video-preview:-1\" \/>\n<link rel=\"canonical\" href=\"https:\/\/www.haartick-extensions.de\/es\/ruecksendung-und-versand\/\" \/>\n<meta property=\"og:locale\" content=\"es_ES\" \/>\n<meta property=\"og:type\" content=\"article\" \/>\n<meta property=\"og:title\" content=\"R\u00fccksendung und Versand - Haartick-Extensions\" \/>\n<meta property=\"og:description\" content=\"R\u00fccksendung Sie haben die M\u00f6glichkeit, innerhalb von 14 Tagen unerw\u00fcnschte Produkte unkompliziert zur\u00fcckzusenden. Beachten Sie bitte, dass Artikel mit Hygienesiegeln\" \/>\n<meta property=\"og:url\" content=\"https:\/\/www.haartick-extensions.de\/es\/ruecksendung-und-versand\/\" \/>\n<meta property=\"og:site_name\" content=\"Haartick-Extensions\" \/>\n<meta property=\"article:modified_time\" content=\"2025-05-08T12:16:42+00:00\" \/>\n<meta name=\"twitter:card\" content=\"summary_large_image\" \/>\n<meta name=\"twitter:label1\" content=\"Tiempo de lectura\" \/>\n\t<meta name=\"twitter:data1\" content=\"3 minutos\" \/>\n<script type=\"application\/ld+json\" class=\"yoast-schema-graph\">{\"@context\":\"https:\/\/schema.org\",\"@graph\":[{\"@type\":\"WebPage\",\"@id\":\"https:\/\/www.haartick-extensions.de\/fr\/ruecksendung-und-versand\/\",\"url\":\"https:\/\/www.haartick-extensions.de\/fr\/ruecksendung-und-versand\/\",\"name\":\"R\u00fccksendung und Versand - Haartick-Extensions\",\"isPartOf\":{\"@id\":\"https:\/\/www.haartick-extensions.de\/it\/#website\"},\"datePublished\":\"2024-10-24T11:41:56+00:00\",\"dateModified\":\"2025-05-08T12:16:42+00:00\",\"breadcrumb\":{\"@id\":\"https:\/\/www.haartick-extensions.de\/fr\/ruecksendung-und-versand\/#breadcrumb\"},\"inLanguage\":\"es\",\"potentialAction\":[{\"@type\":\"ReadAction\",\"target\":[\"https:\/\/www.haartick-extensions.de\/fr\/ruecksendung-und-versand\/\"]}]},{\"@type\":\"BreadcrumbList\",\"@id\":\"https:\/\/www.haartick-extensions.de\/fr\/ruecksendung-und-versand\/#breadcrumb\",\"itemListElement\":[{\"@type\":\"ListItem\",\"position\":1,\"name\":\"Startseite\",\"item\":\"https:\/\/www.haartick-extensions.de\/it\/\"},{\"@type\":\"ListItem\",\"position\":2,\"name\":\"R\u00fccksendung und Versand\"}]},{\"@type\":\"WebSite\",\"@id\":\"https:\/\/www.haartick-extensions.de\/it\/#website\",\"url\":\"https:\/\/www.haartick-extensions.de\/it\/\",\"name\":\"Haartick-Extensions\",\"description\":\"Professionelle Haarverl\u00e4ngerund \/ Haarverdichtung mit 100% Echthaar.\",\"publisher\":{\"@id\":\"https:\/\/www.haartick-extensions.de\/it\/#organization\"},\"potentialAction\":[{\"@type\":\"SearchAction\",\"target\":{\"@type\":\"EntryPoint\",\"urlTemplate\":\"https:\/\/www.haartick-extensions.de\/it\/?s={search_term_string}\"},\"query-input\":{\"@type\":\"PropertyValueSpecification\",\"valueRequired\":true,\"valueName\":\"search_term_string\"}}],\"inLanguage\":\"es\"},{\"@type\":\"Organization\",\"@id\":\"https:\/\/www.haartick-extensions.de\/it\/#organization\",\"name\":\"Haartick Extensions\",\"url\":\"https:\/\/www.haartick-extensions.de\/it\/\",\"logo\":{\"@type\":\"ImageObject\",\"inLanguage\":\"es\",\"@id\":\"https:\/\/www.haartick-extensions.de\/it\/#\/schema\/logo\/image\/\",\"url\":\"https:\/\/www.haartick-extensions.de\/wp-content\/uploads\/2024\/05\/cropped-Logo-mark-charm.png\",\"contentUrl\":\"https:\/\/www.haartick-extensions.de\/wp-content\/uploads\/2024\/05\/cropped-Logo-mark-charm.png\",\"width\":512,\"height\":512,\"caption\":\"Haartick Extensions\"},\"image\":{\"@id\":\"https:\/\/www.haartick-extensions.de\/it\/#\/schema\/logo\/image\/\"}}]}<\/script>\n<!-- \/ Yoast SEO plugin. -->","yoast_head_json":{"title":"R\u00fccksendung und Versand - Haartick-Extensions","robots":{"index":"index","follow":"follow","max-snippet":"max-snippet:-1","max-image-preview":"max-image-preview:large","max-video-preview":"max-video-preview:-1"},"canonical":"https:\/\/www.haartick-extensions.de\/es\/ruecksendung-und-versand\/","og_locale":"es_ES","og_type":"article","og_title":"R\u00fccksendung und Versand - Haartick-Extensions","og_description":"R\u00fccksendung Sie haben die M\u00f6glichkeit, innerhalb von 14 Tagen unerw\u00fcnschte Produkte unkompliziert zur\u00fcckzusenden. Beachten Sie bitte, dass Artikel mit Hygienesiegeln","og_url":"https:\/\/www.haartick-extensions.de\/es\/ruecksendung-und-versand\/","og_site_name":"Haartick-Extensions","article_modified_time":"2025-05-08T12:16:42+00:00","twitter_card":"summary_large_image","twitter_misc":{"Tiempo de lectura":"3 minutos"},"schema":{"@context":"https:\/\/schema.org","@graph":[{"@type":"WebPage","@id":"https:\/\/www.haartick-extensions.de\/fr\/ruecksendung-und-versand\/","url":"https:\/\/www.haartick-extensions.de\/fr\/ruecksendung-und-versand\/","name":"R\u00fccksendung und Versand - Haartick-Extensions","isPartOf":{"@id":"https:\/\/www.haartick-extensions.de\/it\/#website"},"datePublished":"2024-10-24T11:41:56+00:00","dateModified":"2025-05-08T12:16:42+00:00","breadcrumb":{"@id":"https:\/\/www.haartick-extensions.de\/fr\/ruecksendung-und-versand\/#breadcrumb"},"inLanguage":"es","potentialAction":[{"@type":"ReadAction","target":["https:\/\/www.haartick-extensions.de\/fr\/ruecksendung-und-versand\/"]}]},{"@type":"BreadcrumbList","@id":"https:\/\/www.haartick-extensions.de\/fr\/ruecksendung-und-versand\/#breadcrumb","itemListElement":[{"@type":"ListItem","position":1,"name":"Startseite","item":"https:\/\/www.haartick-extensions.de\/it\/"},{"@type":"ListItem","position":2,"name":"R\u00fccksendung und Versand"}]},{"@type":"WebSite","@id":"https:\/\/www.haartick-extensions.de\/it\/#website","url":"https:\/\/www.haartick-extensions.de\/it\/","name":"Extensiones en barra","description":"Alargamiento y engrosamiento profesional del cabello con cabello humano 100%.","publisher":{"@id":"https:\/\/www.haartick-extensions.de\/it\/#organization"},"potentialAction":[{"@type":"SearchAction","target":{"@type":"EntryPoint","urlTemplate":"https:\/\/www.haartick-extensions.de\/it\/?s={search_term_string}"},"query-input":{"@type":"PropertyValueSpecification","valueRequired":true,"valueName":"search_term_string"}}],"inLanguage":"es"},{"@type":"Organization","@id":"https:\/\/www.haartick-extensions.de\/it\/#organization","name":"Extensiones Haartick","url":"https:\/\/www.haartick-extensions.de\/it\/","logo":{"@type":"ImageObject","inLanguage":"es","@id":"https:\/\/www.haartick-extensions.de\/it\/#\/schema\/logo\/image\/","url":"https:\/\/www.haartick-extensions.de\/wp-content\/uploads\/2024\/05\/cropped-Logo-mark-charm.png","contentUrl":"https:\/\/www.haartick-extensions.de\/wp-content\/uploads\/2024\/05\/cropped-Logo-mark-charm.png","width":512,"height":512,"caption":"Haartick Extensions"},"image":{"@id":"https:\/\/www.haartick-extensions.de\/it\/#\/schema\/logo\/image\/"}}]}},"_links":{"self":[{"href":"https:\/\/www.haartick-extensions.de\/es\/wp-json\/wp\/v2\/pages\/21647","targetHints":{"allow":["GET"]}}],"collection":[{"href":"https:\/\/www.haartick-extensions.de\/es\/wp-json\/wp\/v2\/pages"}],"about":[{"href":"https:\/\/www.haartick-extensions.de\/es\/wp-json\/wp\/v2\/types\/page"}],"author":[{"embeddable":true,"href":"https:\/\/www.haartick-extensions.de\/es\/wp-json\/wp\/v2\/users\/1"}],"replies":[{"embeddable":true,"href":"https:\/\/www.haartick-extensions.de\/es\/wp-json\/wp\/v2\/comments?post=21647"}],"version-history":[{"count":0,"href":"https:\/\/www.haartick-extensions.de\/es\/wp-json\/wp\/v2\/pages\/21647\/revisions"}],"wp:attachment":[{"href":"https:\/\/www.haartick-extensions.de\/es\/wp-json\/wp\/v2\/media?parent=21647"}],"curies":[{"name":"wp","href":"https:\/\/api.w.org\/{rel}","templated":true}]}}