{"id":22045,"date":"2024-11-01T11:43:45","date_gmt":"2024-11-01T11:43:45","guid":{"rendered":"https:\/\/www.haartick-extensions.de\/wordpress\/?page_id=22045"},"modified":"2025-08-28T16:54:08","modified_gmt":"2025-08-28T16:54:08","slug":"faq-haarverlaengerung-antworten-zu-extensions-pflege","status":"publish","type":"page","link":"https:\/\/www.haartick-extensions.de\/es\/faq-haarverlaengerung-antworten-zu-extensions-pflege\/","title":{"rendered":"PREGUNTAS Y RESPUESTAS"},"content":{"rendered":"<div data-elementor-type=\"wp-page\" data-elementor-id=\"22045\" class=\"elementor elementor-22045\" data-elementor-post-type=\"page\">\n\t\t\t\t<div class=\"wd-negative-gap elementor-element elementor-element-83884ab e-flex e-con-boxed e-con e-parent\" data-id=\"83884ab\" data-element_type=\"container\">\n\t\t\t\t\t<div class=\"e-con-inner\">\n\t\t\t\t<div class=\"elementor-element elementor-element-0f8e80b elementor-widget elementor-widget-wd_accordion\" data-id=\"0f8e80b\" data-element_type=\"widget\" data-widget_type=\"wd_accordion.default\">\n\t\t\t\t<div class=\"elementor-widget-container\">\n\t\t\t\t\t\n\t\t<div class=\"wd-accordion wd-style-default wd-border-off wd-titles-left wd-opener-pos-right wd-opener-style-arrow\" data-state=\"all_closed\">\n\t\t\t\t\t\t\t\n\t\t\t\t<div class=\"wd-accordion-item\">\n\t\t\t\t\t<div class=\"wd-accordion-title wd-role-btn\" data-accordion-index=\"0\" tabindex=\"0\">\n\t\t\t\t\t\t<div class=\"wd-accordion-title-text\">\n\t\t\t\t\t\t\t\t\t\t\t\t\t\t<span>\n\t\t\t\t\t\t\t\t\u00bfLas extensiones da\u00f1an el propio cabello?\t\t\t\t\t\t\t<\/span>\n\t\t\t\t\t\t<\/div>\n\t\t\t\t\t\t<span class=\"wd-accordion-opener\"><\/span>\n\t\t\t\t\t<\/div>\n\n\t\t\t\t\t<div class=\"wd-accordion-content wd-entry-content\" data-accordion-index=\"0\">\n\t\t\t\t\t\t\t\t\t\t\t\t\t\n\t\t\t\t\t\t\t<p>Si las extensiones las coloca y retira un peluquero con experiencia o un profesional en el campo de las extensiones de cabello despu\u00e9s de que los mechones hayan crecido, adem\u00e1s de cuidar adecuadamente el cabello, no hay ning\u00fan riesgo para su propio cabello.<\/p>\n\t\t\t\t\t\t\t\t\t\t\t\t\t\t\t\t\t\t<\/div>\n\t\t\t\t<\/div>\n\t\t\t\t\t\t\t\n\t\t\t\t<div class=\"wd-accordion-item\">\n\t\t\t\t\t<div class=\"wd-accordion-title wd-role-btn\" data-accordion-index=\"1\" tabindex=\"0\">\n\t\t\t\t\t\t<div class=\"wd-accordion-title-text\">\n\t\t\t\t\t\t\t\t\t\t\t\t\t\t<span>\n\t\t\t\t\t\t\t\t\u00bfC\u00f3mo se colocan las extensiones? Cu\u00e1nto tiempo puedo llevar las extensiones?\t\t\t\t\t\t\t<\/span>\n\t\t\t\t\t\t<\/div>\n\t\t\t\t\t\t<span class=\"wd-accordion-opener\"><\/span>\n\t\t\t\t\t<\/div>\n\n\t\t\t\t\t<div class=\"wd-accordion-content wd-entry-content\" data-accordion-index=\"1\">\n\t\t\t\t\t\t\t\t\t\t\t\t\t\n\t\t\t\t\t\t\t<p><strong>M\u00e9todo de uni\u00f3n:<\/strong><\/p><p>Las extensiones se fijan al propio cabello con pinzas t\u00e9rmicas. As\u00ed no se da\u00f1a el propio cabello. Con este m\u00e9todo, las extensiones duran hasta 6 meses.<\/p><p><strong>M\u00e9todo de la cinta:<\/strong><\/p><p>El pelo se inserta con tiras adhesivas. Tampoco en este caso hay riesgo para el propio cabello. Con este m\u00e9todo, las extensiones duran hasta 8 semanas.<\/p>\n\t\t\t\t\t\t\t\t\t\t\t\t\t\t\t\t\t\t<\/div>\n\t\t\t\t<\/div>\n\t\t\t\t\t\t\t\n\t\t\t\t<div class=\"wd-accordion-item\">\n\t\t\t\t\t<div class=\"wd-accordion-title wd-role-btn\" data-accordion-index=\"2\" tabindex=\"0\">\n\t\t\t\t\t\t<div class=\"wd-accordion-title-text\">\n\t\t\t\t\t\t\t\t\t\t\t\t\t\t<span>\n\t\t\t\t\t\t\t\t\u00bfQu\u00e9 m\u00e9todo de extensi\u00f3n me conviene m\u00e1s?\t\t\t\t\t\t\t<\/span>\n\t\t\t\t\t\t<\/div>\n\t\t\t\t\t\t<span class=\"wd-accordion-opener\"><\/span>\n\t\t\t\t\t<\/div>\n\n\t\t\t\t\t<div class=\"wd-accordion-content wd-entry-content\" data-accordion-index=\"2\">\n\t\t\t\t\t\t\t\t\t\t\t\t\t\n\t\t\t\t\t\t\t<p>Visite <span style=\"text-decoration: underline;\"><strong><a href=\"https:\/\/www.haartick-extensions.de\/es\/finde-deine-perfekte-extensions-methode\/\">aqu\u00ed<\/a><\/strong><\/span>\u00a0realice un breve cuestionario y reciba directamente nuestra recomendaci\u00f3n.<\/p>\n\t\t\t\t\t\t\t\t\t\t\t\t\t\t\t\t\t\t<\/div>\n\t\t\t\t<\/div>\n\t\t\t\t\t\t\t\n\t\t\t\t<div class=\"wd-accordion-item\">\n\t\t\t\t\t<div class=\"wd-accordion-title wd-role-btn\" data-accordion-index=\"3\" tabindex=\"0\">\n\t\t\t\t\t\t<div class=\"wd-accordion-title-text\">\n\t\t\t\t\t\t\t\t\t\t\t\t\t\t<span>\n\t\t\t\t\t\t\t\tCantidad recomendada\t\t\t\t\t\t\t<\/span>\n\t\t\t\t\t\t<\/div>\n\t\t\t\t\t\t<span class=\"wd-accordion-opener\"><\/span>\n\t\t\t\t\t<\/div>\n\n\t\t\t\t\t<div class=\"wd-accordion-content wd-entry-content\" data-accordion-index=\"3\">\n\t\t\t\t\t\t\t\t\t\t\t\t\t\n\t\t\t\t\t\t\t<p>Haga clic en <span style=\"text-decoration: underline;\"><a href=\"https:\/\/www.haartick-extensions.de\/es\/mengenempfehlung\/\"><b>aqu\u00ed<\/b><\/a><\/span>\u00a0para una visi\u00f3n general<\/p>\n\t\t\t\t\t\t\t\t\t\t\t\t\t\t\t\t\t\t<\/div>\n\t\t\t\t<\/div>\n\t\t\t\t\t\t\t\n\t\t\t\t<div class=\"wd-accordion-item\">\n\t\t\t\t\t<div class=\"wd-accordion-title wd-role-btn\" data-accordion-index=\"4\" tabindex=\"0\">\n\t\t\t\t\t\t<div class=\"wd-accordion-title-text\">\n\t\t\t\t\t\t\t\t\t\t\t\t\t\t<span>\n\t\t\t\t\t\t\t\tRiesgos y efectos secundarios\t\t\t\t\t\t\t<\/span>\n\t\t\t\t\t\t<\/div>\n\t\t\t\t\t\t<span class=\"wd-accordion-opener\"><\/span>\n\t\t\t\t\t<\/div>\n\n\t\t\t\t\t<div class=\"wd-accordion-content wd-entry-content\" data-accordion-index=\"4\">\n\t\t\t\t\t\t\t\t\t\t\t\t\t\n\t\t\t\t\t\t\t<p><b>Las extensiones se caen:<\/b><\/p><p>Puede deberse a un cabello extremadamente liso, al efecto del calor sobre los enlaces de queratina, a un cuero cabelludo graso o a productos de cuidado incorrectos. En casos extremos, ponte en contacto con tu estilista.<b><\/b><\/p><p><b>El pelo parece seco:<\/b><\/p><p>Al igual que el cabello natural, el cabello humano puede ser propenso a la sequedad y a las puntas abiertas. Lee la secci\u00f3n \"Cuidados\" y sigue los consejos de cuidado.<b><\/b><\/p><p><b>Anuda el pelo:<\/b><\/p><p>Esto ocurre si los cuidados no son los adecuados. Cepilla el pelo regularmente con un cepillo especial para extensiones y s\u00e9calo siempre con secador despu\u00e9s de lavarlo.<b><\/b><\/p><p><b>El pelo se apelmaza:<\/b><\/p><p>Esto puede deberse a un cuidado incorrecto o a un cabello muy estresado (tratamientos qu\u00edmicos). Utilice tratamientos de cuidado intensivo y l\u00edquido para puntas<b>.<\/b><\/p><p><b>Picor:<\/b><\/p><p>Las extensiones de pelo pueden provocar picores al principio. Utiliza un champ\u00fa suave y evita los champ\u00fas anticaspa.<b>.<\/b><\/p><p><b>Dolor de cabeza:<\/b><\/p><p>Los dolores de cabeza iniciales son normales y desaparecer\u00e1n en cuanto tu cuero cabelludo se acostumbre al peso extra.<b><\/b><\/p><p><b>Las extensiones se sueltan:<\/b><\/p><p>Esto puede deberse a tratamientos qu\u00edmicos o a un cuidado incorrecto. En casos extremos, ponte en contacto con tu estilista.<b><\/b><\/p><p><b>La uni\u00f3n de la queratina es suave y pegajosa:<\/b><\/p><p>El uso prolongado cuando est\u00e1 mojado o la sudoraci\u00f3n excesiva pueden hacer que la queratina se vuelva quebradiza.<b>.<\/b><\/p><p><b>\u00bfQu\u00e9 debo tener en cuenta antes de la inserci\u00f3n?<\/b><\/p><p>Independientemente de si opta por las extensiones adhesivas o de cinta, su propio cabello debe lavarse a fondo con un champ\u00fa de limpieza profunda antes de la inserci\u00f3n. Si el cabello no se ha lavado a fondo y a\u00fan quedan residuos de productos de peinado en \u00e9l, por ejemplo, la queratina o el adhesivo no podr\u00e1n adherirse a su propio cabello. Esto puede hacer que las extensiones se deslicen hacia abajo.<\/p>\n\t\t\t\t\t\t\t\t\t\t\t\t\t\t\t\t\t\t<\/div>\n\t\t\t\t<\/div>\n\t\t\t\t\t\t\t\n\t\t\t\t<div class=\"wd-accordion-item\">\n\t\t\t\t\t<div class=\"wd-accordion-title wd-role-btn\" data-accordion-index=\"5\" tabindex=\"0\">\n\t\t\t\t\t\t<div class=\"wd-accordion-title-text\">\n\t\t\t\t\t\t\t\t\t\t\t\t\t\t<span>\n\t\t\t\t\t\t\t\t\u00bfSe pueden hacer pedidos por tel\u00e9fono?\t\t\t\t\t\t\t<\/span>\n\t\t\t\t\t\t<\/div>\n\t\t\t\t\t\t<span class=\"wd-accordion-opener\"><\/span>\n\t\t\t\t\t<\/div>\n\n\t\t\t\t\t<div class=\"wd-accordion-content wd-entry-content\" data-accordion-index=\"5\">\n\t\t\t\t\t\t\t\t\t\t\t\t\t\n\t\t\t\t\t\t\t<p>Tambi\u00e9n podemos atender sus pedidos por tel\u00e9fono en +491743786091. Sin embargo, solo podemos ofrecerle los m\u00e9todos de pago Paypal, transferencia bancaria instant\u00e1nea, pago por adelantado o pago contra reembolso cuando realice el pedido por tel\u00e9fono.<\/p>\n\t\t\t\t\t\t\t\t\t\t\t\t\t\t\t\t\t\t<\/div>\n\t\t\t\t<\/div>\n\t\t\t\t\t\t\t\n\t\t\t\t<div class=\"wd-accordion-item\">\n\t\t\t\t\t<div class=\"wd-accordion-title wd-role-btn\" data-accordion-index=\"6\" tabindex=\"0\">\n\t\t\t\t\t\t<div class=\"wd-accordion-title-text\">\n\t\t\t\t\t\t\t\t\t\t\t\t\t\t<span>\n\t\t\t\t\t\t\t\t\u00bfRecibir\u00e9 una confirmaci\u00f3n del pedido?\t\t\t\t\t\t\t<\/span>\n\t\t\t\t\t\t<\/div>\n\t\t\t\t\t\t<span class=\"wd-accordion-opener\"><\/span>\n\t\t\t\t\t<\/div>\n\n\t\t\t\t\t<div class=\"wd-accordion-content wd-entry-content\" data-accordion-index=\"6\">\n\t\t\t\t\t\t\t\t\t\t\t\t\t\n\t\t\t\t\t\t\t<p>S\u00ed, recibir\u00e1 una confirmaci\u00f3n de pedido por correo electr\u00f3nico cuando hayamos recibido su pedido. Si tiene una cuenta de cliente, tambi\u00e9n podr\u00e1 ver all\u00ed sus pedidos.<\/p>\n\t\t\t\t\t\t\t\t\t\t\t\t\t\t\t\t\t\t<\/div>\n\t\t\t\t<\/div>\n\t\t\t\t\t\t\t\n\t\t\t\t<div class=\"wd-accordion-item\">\n\t\t\t\t\t<div class=\"wd-accordion-title wd-role-btn\" data-accordion-index=\"7\" tabindex=\"0\">\n\t\t\t\t\t\t<div class=\"wd-accordion-title-text\">\n\t\t\t\t\t\t\t\t\t\t\t\t\t\t<span>\n\t\t\t\t\t\t\t\t\u00bfNecesito una cuenta de cliente para hacer un pedido?\t\t\t\t\t\t\t<\/span>\n\t\t\t\t\t\t<\/div>\n\t\t\t\t\t\t<span class=\"wd-accordion-opener\"><\/span>\n\t\t\t\t\t<\/div>\n\n\t\t\t\t\t<div class=\"wd-accordion-content wd-entry-content\" data-accordion-index=\"7\">\n\t\t\t\t\t\t\t\t\t\t\t\t\t\n\t\t\t\t\t\t\t<p>No, tambi\u00e9n puede hacer pedidos como invitado sin tener una cuenta de cliente. Sin embargo, crear una cuenta de cliente le permite ver sus pedidos y el estado de los env\u00edos.<\/p>\n\t\t\t\t\t\t\t\t\t\t\t\t\t\t\t\t\t\t<\/div>\n\t\t\t\t<\/div>\n\t\t\t\t\t\t\t\n\t\t\t\t<div class=\"wd-accordion-item\">\n\t\t\t\t\t<div class=\"wd-accordion-title wd-role-btn\" data-accordion-index=\"8\" tabindex=\"0\">\n\t\t\t\t\t\t<div class=\"wd-accordion-title-text\">\n\t\t\t\t\t\t\t\t\t\t\t\t\t\t<span>\n\t\t\t\t\t\t\t\t\u00bfQu\u00e9 tengo que hacer si quiero cambiar la contrase\u00f1a de mi cuenta de cliente o la he olvidado?\t\t\t\t\t\t\t<\/span>\n\t\t\t\t\t\t<\/div>\n\t\t\t\t\t\t<span class=\"wd-accordion-opener\"><\/span>\n\t\t\t\t\t<\/div>\n\n\t\t\t\t\t<div class=\"wd-accordion-content wd-entry-content\" data-accordion-index=\"8\">\n\t\t\t\t\t\t\t\t\t\t\t\t\t\n\t\t\t\t\t\t\t<p>Si desea cambiar su contrase\u00f1a o la ha olvidado, puede hacerlo mediante la opci\u00f3n <a href=\"https:\/\/www.haartick-extensions.de\/es\/mein-konto\/lost-password\/\">\"Contrase\u00f1a olvidada\"<\/a> crear una nueva contrase\u00f1a.<\/p>\n\t\t\t\t\t\t\t\t\t\t\t\t\t\t\t\t\t\t<\/div>\n\t\t\t\t<\/div>\n\t\t\t\t\t\t\t\n\t\t\t\t<div class=\"wd-accordion-item\">\n\t\t\t\t\t<div class=\"wd-accordion-title wd-role-btn\" data-accordion-index=\"9\" tabindex=\"0\">\n\t\t\t\t\t\t<div class=\"wd-accordion-title-text\">\n\t\t\t\t\t\t\t\t\t\t\t\t\t\t<span>\n\t\t\t\t\t\t\t\t\u00bfQu\u00e9 puedo hacer si el art\u00edculo que quiero est\u00e1 agotado?\t\t\t\t\t\t\t<\/span>\n\t\t\t\t\t\t<\/div>\n\t\t\t\t\t\t<span class=\"wd-accordion-opener\"><\/span>\n\t\t\t\t\t<\/div>\n\n\t\t\t\t\t<div class=\"wd-accordion-content wd-entry-content\" data-accordion-index=\"9\">\n\t\t\t\t\t\t\t\t\t\t\t\t\t\n\t\t\t\t\t\t\t<p>Tiene la posibilidad de registrarse para recibir una notificaci\u00f3n directamente en el producto con su direcci\u00f3n de correo electr\u00f3nico. En cuanto el art\u00edculo vuelva a estar disponible, le informaremos inmediatamente por correo electr\u00f3nico. <br \/>Tambi\u00e9n puede ponerse en contacto con nosotros por WhatsApp o por tel\u00e9fono para que podamos asesorarle en caso necesario y recomendarle colores y productos alternativos disponibles.<\/p>\n\t\t\t\t\t\t\t\t\t\t\t\t\t\t\t\t\t\t<\/div>\n\t\t\t\t<\/div>\n\t\t\t\t\t\t\t\n\t\t\t\t<div class=\"wd-accordion-item\">\n\t\t\t\t\t<div class=\"wd-accordion-title wd-role-btn\" data-accordion-index=\"10\" tabindex=\"0\">\n\t\t\t\t\t\t<div class=\"wd-accordion-title-text\">\n\t\t\t\t\t\t\t\t\t\t\t\t\t\t<span>\n\t\t\t\t\t\t\t\tHe olvidado canjear mi c\u00f3digo de descuento. Es posible hacerlo a posteriori?\t\t\t\t\t\t\t<\/span>\n\t\t\t\t\t\t<\/div>\n\t\t\t\t\t\t<span class=\"wd-accordion-opener\"><\/span>\n\t\t\t\t\t<\/div>\n\n\t\t\t\t\t<div class=\"wd-accordion-content wd-entry-content\" data-accordion-index=\"10\">\n\t\t\t\t\t\t\t\t\t\t\t\t\t\n\t\t\t\t\t\t\t<p>No, lamentablemente no puede canjear c\u00f3digos de descuento retrospectivamente. Sin embargo, puedes utilizarlo en tu pr\u00f3ximo pedido.<\/p>\n\t\t\t\t\t\t\t\t\t\t\t\t\t\t\t\t\t\t<\/div>\n\t\t\t\t<\/div>\n\t\t\t\t\t\t\t\n\t\t\t\t<div class=\"wd-accordion-item\">\n\t\t\t\t\t<div class=\"wd-accordion-title wd-role-btn\" data-accordion-index=\"11\" tabindex=\"0\">\n\t\t\t\t\t\t<div class=\"wd-accordion-title-text\">\n\t\t\t\t\t\t\t\t\t\t\t\t\t\t<span>\n\t\t\t\t\t\t\t\t\u00bfPuedo modificar\/cancelar posteriormente mi pedido o cambiar mi direcci\u00f3n de entrega?\t\t\t\t\t\t\t<\/span>\n\t\t\t\t\t\t<\/div>\n\t\t\t\t\t\t<span class=\"wd-accordion-opener\"><\/span>\n\t\t\t\t\t<\/div>\n\n\t\t\t\t\t<div class=\"wd-accordion-content wd-entry-content\" data-accordion-index=\"11\">\n\t\t\t\t\t\t\t\t\t\t\t\t\t\n\t\t\t\t\t\t\t<p>Le rogamos que comprenda que no podr\u00e1 realizar ning\u00fan cambio una vez recibido correctamente su pedido, ya que s\u00f3lo as\u00ed podremos ofrecerle los plazos de entrega m\u00e1s r\u00e1pidos posibles.<\/p>\n\t\t\t\t\t\t\t\t\t\t\t\t\t\t\t\t\t\t<\/div>\n\t\t\t\t<\/div>\n\t\t\t\t\t\t\t\n\t\t\t\t<div class=\"wd-accordion-item\">\n\t\t\t\t\t<div class=\"wd-accordion-title wd-role-btn\" data-accordion-index=\"12\" tabindex=\"0\">\n\t\t\t\t\t\t<div class=\"wd-accordion-title-text\">\n\t\t\t\t\t\t\t\t\t\t\t\t\t\t<span>\n\t\t\t\t\t\t\t\t\u00bfEs posible devolver o cambiar el producto si no me gusta?\t\t\t\t\t\t\t<\/span>\n\t\t\t\t\t\t<\/div>\n\t\t\t\t\t\t<span class=\"wd-accordion-opener\"><\/span>\n\t\t\t\t\t<\/div>\n\n\t\t\t\t\t<div class=\"wd-accordion-content wd-entry-content\" data-accordion-index=\"12\">\n\t\t\t\t\t\t\t\t\t\t\t\t\t\n\t\t\t\t\t\t\t<p>Tiene la opci\u00f3n de devolver los productos no deseados en un plazo de 14 d\u00edas como una devoluci\u00f3n normal sin ninguna complicaci\u00f3n. <br \/>Tenga en cuenta que los art\u00edculos con precintos higi\u00e9nicos s\u00f3lo pueden devolverse en perfecto estado. No obstante, puede sacar los productos del embalaje para tocarlos y comprobar la calidad o el tono del color. No obstante, cuando devuelva los art\u00edculos, no corte ning\u00fan punto de conexi\u00f3n, no ti\u00f1a el pelo ni manipule o da\u00f1e los art\u00edculos de ninguna otra forma. <br \/>Si desea un producto de sustituci\u00f3n, solic\u00edtelo de nuevo en nuestra tienda en l\u00ednea. <br \/>Tenga en cuenta que los productos personalizados y los pedidos especiales no se pueden cambiar.<\/p>\n\t\t\t\t\t\t\t\t\t\t\t\t\t\t\t\t\t\t<\/div>\n\t\t\t\t<\/div>\n\t\t\t\t\t<\/div>\n\t\t\t\t\t\t<\/div>\n\t\t\t\t<\/div>\n\t\t\t\t\t<\/div>\n\t\t\t\t<\/div>\n\t\t\t\t<\/div>","protected":false},"excerpt":{"rendered":"<p>Schaden Extensions dem eigenen Haar? Wenn Sie die Extensions von einem erfahrenen Friseur oder Profi im Bereich Haarverl\u00e4ngerung einarbeiten und<\/p>","protected":false},"author":1,"featured_media":0,"parent":0,"menu_order":0,"comment_status":"closed","ping_status":"closed","template":"elementor_header_footer","meta":{"_joinchat":[],"footnotes":""},"class_list":["post-22045","page","type-page","status-publish","hentry"],"yoast_head":"<!-- This site is optimized with the Yoast SEO plugin v25.6 - https:\/\/yoast.com\/wordpress\/plugins\/seo\/ -->\n<title>Q&amp;A - Haartick-Extensions<\/title>\n<meta name=\"description\" content=\"Hier findest du alle wichtigen Antworten zu Haarverl\u00e4ngerung, Echthaar Extensions und Pflege. Klare Tipps und Infos f\u00fcr deine perfekte Haarverl\u00e4ngerung.\" \/>\n<meta name=\"robots\" content=\"index, follow, max-snippet:-1, max-image-preview:large, max-video-preview:-1\" \/>\n<link rel=\"canonical\" href=\"https:\/\/www.haartick-extensions.de\/es\/faq-haarverlaengerung-antworten-zu-extensions-pflege\/\" \/>\n<meta property=\"og:locale\" content=\"es_ES\" \/>\n<meta property=\"og:type\" content=\"article\" \/>\n<meta property=\"og:title\" content=\"FAQ Haarverl\u00e4ngerung \u2013 Antworten zu Extensions &amp; Pflege\" \/>\n<meta property=\"og:description\" content=\"Hier findest du alle wichtigen Antworten zu Haarverl\u00e4ngerung, Echthaar Extensions und Pflege. Klare Tipps und Infos f\u00fcr deine perfekte Haarverl\u00e4ngerung.\" \/>\n<meta property=\"og:url\" content=\"https:\/\/www.haartick-extensions.de\/es\/faq-haarverlaengerung-antworten-zu-extensions-pflege\/\" \/>\n<meta property=\"og:site_name\" content=\"Haartick-Extensions\" \/>\n<meta property=\"article:modified_time\" content=\"2025-08-28T16:54:08+00:00\" \/>\n<meta name=\"twitter:card\" content=\"summary_large_image\" \/>\n<meta name=\"twitter:label1\" content=\"Tiempo de lectura\" \/>\n\t<meta name=\"twitter:data1\" content=\"5 minutos\" \/>\n<script type=\"application\/ld+json\" class=\"yoast-schema-graph\">{\"@context\":\"https:\/\/schema.org\",\"@graph\":[{\"@type\":\"WebPage\",\"@id\":\"https:\/\/www.haartick-extensions.de\/it\/faq-haarverlaengerung-antworten-zu-extensions-pflege\/\",\"url\":\"https:\/\/www.haartick-extensions.de\/it\/faq-haarverlaengerung-antworten-zu-extensions-pflege\/\",\"name\":\"Q&A - Haartick-Extensions\",\"isPartOf\":{\"@id\":\"https:\/\/www.haartick-extensions.de\/it\/#website\"},\"datePublished\":\"2024-11-01T11:43:45+00:00\",\"dateModified\":\"2025-08-28T16:54:08+00:00\",\"description\":\"Hier findest du alle wichtigen Antworten zu Haarverl\u00e4ngerung, Echthaar Extensions und Pflege. Klare Tipps und Infos f\u00fcr deine perfekte Haarverl\u00e4ngerung.\",\"breadcrumb\":{\"@id\":\"https:\/\/www.haartick-extensions.de\/it\/faq-haarverlaengerung-antworten-zu-extensions-pflege\/#breadcrumb\"},\"inLanguage\":\"es\",\"potentialAction\":[{\"@type\":\"ReadAction\",\"target\":[\"https:\/\/www.haartick-extensions.de\/it\/faq-haarverlaengerung-antworten-zu-extensions-pflege\/\"]}]},{\"@type\":\"BreadcrumbList\",\"@id\":\"https:\/\/www.haartick-extensions.de\/it\/faq-haarverlaengerung-antworten-zu-extensions-pflege\/#breadcrumb\",\"itemListElement\":[{\"@type\":\"ListItem\",\"position\":1,\"name\":\"Startseite\",\"item\":\"https:\/\/www.haartick-extensions.de\/it\/\"},{\"@type\":\"ListItem\",\"position\":2,\"name\":\"Q&#038;A\"}]},{\"@type\":\"WebSite\",\"@id\":\"https:\/\/www.haartick-extensions.de\/it\/#website\",\"url\":\"https:\/\/www.haartick-extensions.de\/it\/\",\"name\":\"Haartick-Extensions\",\"description\":\"Professionelle Haarverl\u00e4ngerund \/ Haarverdichtung mit 100% Echthaar.\",\"publisher\":{\"@id\":\"https:\/\/www.haartick-extensions.de\/it\/#organization\"},\"potentialAction\":[{\"@type\":\"SearchAction\",\"target\":{\"@type\":\"EntryPoint\",\"urlTemplate\":\"https:\/\/www.haartick-extensions.de\/it\/?s={search_term_string}\"},\"query-input\":{\"@type\":\"PropertyValueSpecification\",\"valueRequired\":true,\"valueName\":\"search_term_string\"}}],\"inLanguage\":\"es\"},{\"@type\":\"Organization\",\"@id\":\"https:\/\/www.haartick-extensions.de\/it\/#organization\",\"name\":\"Haartick Extensions\",\"url\":\"https:\/\/www.haartick-extensions.de\/it\/\",\"logo\":{\"@type\":\"ImageObject\",\"inLanguage\":\"es\",\"@id\":\"https:\/\/www.haartick-extensions.de\/it\/#\/schema\/logo\/image\/\",\"url\":\"https:\/\/www.haartick-extensions.de\/wp-content\/uploads\/2024\/05\/cropped-Logo-mark-charm.png\",\"contentUrl\":\"https:\/\/www.haartick-extensions.de\/wp-content\/uploads\/2024\/05\/cropped-Logo-mark-charm.png\",\"width\":512,\"height\":512,\"caption\":\"Haartick Extensions\"},\"image\":{\"@id\":\"https:\/\/www.haartick-extensions.de\/it\/#\/schema\/logo\/image\/\"}}]}<\/script>\n<!-- \/ Yoast SEO plugin. -->","yoast_head_json":{"title":"Q&A - Haartick-Extensions","description":"Hier findest du alle wichtigen Antworten zu Haarverl\u00e4ngerung, Echthaar Extensions und Pflege. Klare Tipps und Infos f\u00fcr deine perfekte Haarverl\u00e4ngerung.","robots":{"index":"index","follow":"follow","max-snippet":"max-snippet:-1","max-image-preview":"max-image-preview:large","max-video-preview":"max-video-preview:-1"},"canonical":"https:\/\/www.haartick-extensions.de\/es\/faq-haarverlaengerung-antworten-zu-extensions-pflege\/","og_locale":"es_ES","og_type":"article","og_title":"FAQ Haarverl\u00e4ngerung \u2013 Antworten zu Extensions & Pflege","og_description":"Hier findest du alle wichtigen Antworten zu Haarverl\u00e4ngerung, Echthaar Extensions und Pflege. Klare Tipps und Infos f\u00fcr deine perfekte Haarverl\u00e4ngerung.","og_url":"https:\/\/www.haartick-extensions.de\/es\/faq-haarverlaengerung-antworten-zu-extensions-pflege\/","og_site_name":"Haartick-Extensions","article_modified_time":"2025-08-28T16:54:08+00:00","twitter_card":"summary_large_image","twitter_misc":{"Tiempo de lectura":"5 minutos"},"schema":{"@context":"https:\/\/schema.org","@graph":[{"@type":"WebPage","@id":"https:\/\/www.haartick-extensions.de\/it\/faq-haarverlaengerung-antworten-zu-extensions-pflege\/","url":"https:\/\/www.haartick-extensions.de\/it\/faq-haarverlaengerung-antworten-zu-extensions-pflege\/","name":"Q&A - Haartick-Extensions","isPartOf":{"@id":"https:\/\/www.haartick-extensions.de\/it\/#website"},"datePublished":"2024-11-01T11:43:45+00:00","dateModified":"2025-08-28T16:54:08+00:00","description":"Hier findest du alle wichtigen Antworten zu Haarverl\u00e4ngerung, Echthaar Extensions und Pflege. Klare Tipps und Infos f\u00fcr deine perfekte Haarverl\u00e4ngerung.","breadcrumb":{"@id":"https:\/\/www.haartick-extensions.de\/it\/faq-haarverlaengerung-antworten-zu-extensions-pflege\/#breadcrumb"},"inLanguage":"es","potentialAction":[{"@type":"ReadAction","target":["https:\/\/www.haartick-extensions.de\/it\/faq-haarverlaengerung-antworten-zu-extensions-pflege\/"]}]},{"@type":"BreadcrumbList","@id":"https:\/\/www.haartick-extensions.de\/it\/faq-haarverlaengerung-antworten-zu-extensions-pflege\/#breadcrumb","itemListElement":[{"@type":"ListItem","position":1,"name":"Startseite","item":"https:\/\/www.haartick-extensions.de\/it\/"},{"@type":"ListItem","position":2,"name":"Q&#038;A"}]},{"@type":"WebSite","@id":"https:\/\/www.haartick-extensions.de\/it\/#website","url":"https:\/\/www.haartick-extensions.de\/it\/","name":"Extensiones en barra","description":"Alargamiento y engrosamiento profesional del cabello con cabello humano 100%.","publisher":{"@id":"https:\/\/www.haartick-extensions.de\/it\/#organization"},"potentialAction":[{"@type":"SearchAction","target":{"@type":"EntryPoint","urlTemplate":"https:\/\/www.haartick-extensions.de\/it\/?s={search_term_string}"},"query-input":{"@type":"PropertyValueSpecification","valueRequired":true,"valueName":"search_term_string"}}],"inLanguage":"es"},{"@type":"Organization","@id":"https:\/\/www.haartick-extensions.de\/it\/#organization","name":"Extensiones Haartick","url":"https:\/\/www.haartick-extensions.de\/it\/","logo":{"@type":"ImageObject","inLanguage":"es","@id":"https:\/\/www.haartick-extensions.de\/it\/#\/schema\/logo\/image\/","url":"https:\/\/www.haartick-extensions.de\/wp-content\/uploads\/2024\/05\/cropped-Logo-mark-charm.png","contentUrl":"https:\/\/www.haartick-extensions.de\/wp-content\/uploads\/2024\/05\/cropped-Logo-mark-charm.png","width":512,"height":512,"caption":"Haartick Extensions"},"image":{"@id":"https:\/\/www.haartick-extensions.de\/it\/#\/schema\/logo\/image\/"}}]}},"_links":{"self":[{"href":"https:\/\/www.haartick-extensions.de\/es\/wp-json\/wp\/v2\/pages\/22045","targetHints":{"allow":["GET"]}}],"collection":[{"href":"https:\/\/www.haartick-extensions.de\/es\/wp-json\/wp\/v2\/pages"}],"about":[{"href":"https:\/\/www.haartick-extensions.de\/es\/wp-json\/wp\/v2\/types\/page"}],"author":[{"embeddable":true,"href":"https:\/\/www.haartick-extensions.de\/es\/wp-json\/wp\/v2\/users\/1"}],"replies":[{"embeddable":true,"href":"https:\/\/www.haartick-extensions.de\/es\/wp-json\/wp\/v2\/comments?post=22045"}],"version-history":[{"count":0,"href":"https:\/\/www.haartick-extensions.de\/es\/wp-json\/wp\/v2\/pages\/22045\/revisions"}],"wp:attachment":[{"href":"https:\/\/www.haartick-extensions.de\/es\/wp-json\/wp\/v2\/media?parent=22045"}],"curies":[{"name":"wp","href":"https:\/\/api.w.org\/{rel}","templated":true}]}}