{"id":20108,"date":"2024-09-06T13:04:38","date_gmt":"2024-09-06T13:04:38","guid":{"rendered":"https:\/\/www.haartick-extensions.de\/wordpress\/?post_type=product&#038;p=20108"},"modified":"2026-04-05T01:51:45","modified_gmt":"2026-04-05T01:51:45","slug":"leichte-folie-fuer-tape-extensions-3-meter","status":"publish","type":"product","link":"https:\/\/www.haartick-extensions.de\/es\/shop\/leichte-folie-fuer-tape-extensions-3-meter\/","title":{"rendered":"Film ligero para extensiones de cinta de 3 metros"},"content":{"rendered":"<p>El adhesivo ligero utilizado en las extensiones de cinta tiene muchas ventajas que lo convierten en una buena elecci\u00f3n para las extensiones de pelo. A pesar de su ligereza, el adhesivo ofrece un buen poder de fijaci\u00f3n, lo que garantiza que las extensiones se adhieran con firmeza y de forma duradera al cabello natural. El pegamento est\u00e1 especialmente formulado para ser respetuoso con la piel, lo que significa que no causar\u00e1 irritaciones ni alergias en la mayor\u00eda de las personas. Esto es especialmente importante para quienes tienen el cuero cabelludo sensible. Como el adhesivo es transparente, permanece invisible en el pelo, lo que contribuye a darle un aspecto natural. La pel\u00edcula fina y ligera hace que las extensiones apenas se noten y se mezclen bien con el cabello natural. El adhesivo es resistente al agua y puede soportar actividades cotidianas como ducharse, nadar y hacer deporte sin perder su fuerza adhesiva. Esto aumenta la longevidad de las extensiones y garantiza una aplicaci\u00f3n fiable durante m\u00e1s tiempo. El ligero adhesivo puede retirarse f\u00e1cilmente sin dejar residuos y sin da\u00f1ar el cabello natural. Esto resulta especialmente pr\u00e1ctico para aplicaciones temporales o si las extensiones se cambian con frecuencia. En general, el adhesivo ligero para extensiones de cinta est\u00e1 calificado como muy bueno debido a su buena fuerza adhesiva, su inocuidad para la piel y su aplicaci\u00f3n invisible. Si busca extensiones de cinta de alta calidad, estas propiedades son sin duda una gran ventaja. Recomendado para cabellos finos.<\/p>","protected":false},"excerpt":{"rendered":"<p>Der leichte Kleber, der in Tape-Extensions verwendet wird, hat viele Vorteile, die ihn zu einer guten Wahl f\u00fcr Haarverl\u00e4ngerungen machen.<\/p>","protected":false},"featured_media":22449,"comment_status":"open","ping_status":"closed","template":"","meta":{"_joinchat":[]},"product_brand":[],"product_cat":[28],"product_tag":[],"class_list":{"0":"post-20108","1":"product","2":"type-product","3":"status-publish","4":"has-post-thumbnail","6":"product_cat-zubehoer","8":"first","9":"instock","10":"taxable","11":"shipping-taxable","12":"purchasable","13":"product-type-simple"},"yoast_head":"<!-- This site is optimized with the Yoast SEO plugin v25.6 - https:\/\/yoast.com\/wordpress\/plugins\/seo\/ -->\n<title>Leichte Folie f\u00fcr Tape Extensions 3 Meter - Haartick-Extensions<\/title>\n<meta name=\"robots\" content=\"index, follow, max-snippet:-1, max-image-preview:large, max-video-preview:-1\" \/>\n<link rel=\"canonical\" href=\"https:\/\/www.haartick-extensions.de\/es\/shop\/leichte-folie-fuer-tape-extensions-3-meter\/\" \/>\n<meta property=\"og:locale\" content=\"es_ES\" \/>\n<meta property=\"og:type\" content=\"article\" \/>\n<meta property=\"og:title\" content=\"Leichte Folie f\u00fcr Tape Extensions 3 Meter - Haartick-Extensions\" \/>\n<meta property=\"og:description\" content=\"Der leichte Kleber, der in Tape-Extensions verwendet wird, hat viele Vorteile, die ihn zu einer guten Wahl f\u00fcr Haarverl\u00e4ngerungen machen.\" \/>\n<meta property=\"og:url\" content=\"https:\/\/www.haartick-extensions.de\/es\/shop\/leichte-folie-fuer-tape-extensions-3-meter\/\" \/>\n<meta property=\"og:site_name\" content=\"Haartick-Extensions\" \/>\n<meta property=\"article:modified_time\" content=\"2026-04-05T01:51:45+00:00\" \/>\n<meta property=\"og:image\" content=\"https:\/\/www.haartick-extensions.de\/wp-content\/uploads\/2024\/09\/folie-schwach-1-scaled.jpg\" \/>\n\t<meta property=\"og:image:width\" content=\"1920\" \/>\n\t<meta property=\"og:image:height\" content=\"2560\" \/>\n\t<meta property=\"og:image:type\" content=\"image\/jpeg\" \/>\n<meta name=\"twitter:card\" content=\"summary_large_image\" \/>\n<meta name=\"twitter:label1\" content=\"Tiempo de lectura\" \/>\n\t<meta name=\"twitter:data1\" content=\"2 minutos\" \/>\n<script type=\"application\/ld+json\" class=\"yoast-schema-graph\">{\"@context\":\"https:\/\/schema.org\",\"@graph\":[{\"@type\":\"WebPage\",\"@id\":\"https:\/\/www.haartick-extensions.de\/nl\/shop\/leichte-folie-fuer-tape-extensions-3-meter\/\",\"url\":\"https:\/\/www.haartick-extensions.de\/nl\/shop\/leichte-folie-fuer-tape-extensions-3-meter\/\",\"name\":\"Leichte Folie f\u00fcr Tape Extensions 3 Meter - Haartick-Extensions\",\"isPartOf\":{\"@id\":\"https:\/\/www.haartick-extensions.de\/it\/#website\"},\"primaryImageOfPage\":{\"@id\":\"https:\/\/www.haartick-extensions.de\/nl\/shop\/leichte-folie-fuer-tape-extensions-3-meter\/#primaryimage\"},\"image\":{\"@id\":\"https:\/\/www.haartick-extensions.de\/nl\/shop\/leichte-folie-fuer-tape-extensions-3-meter\/#primaryimage\"},\"thumbnailUrl\":\"https:\/\/www.haartick-extensions.de\/wp-content\/uploads\/2024\/09\/folie-schwach-1-scaled.jpg\",\"datePublished\":\"2024-09-06T13:04:38+00:00\",\"dateModified\":\"2026-04-05T01:51:45+00:00\",\"breadcrumb\":{\"@id\":\"https:\/\/www.haartick-extensions.de\/nl\/shop\/leichte-folie-fuer-tape-extensions-3-meter\/#breadcrumb\"},\"inLanguage\":\"es\",\"potentialAction\":[{\"@type\":\"ReadAction\",\"target\":[\"https:\/\/www.haartick-extensions.de\/nl\/shop\/leichte-folie-fuer-tape-extensions-3-meter\/\"]}]},{\"@type\":\"ImageObject\",\"inLanguage\":\"es\",\"@id\":\"https:\/\/www.haartick-extensions.de\/nl\/shop\/leichte-folie-fuer-tape-extensions-3-meter\/#primaryimage\",\"url\":\"https:\/\/www.haartick-extensions.de\/wp-content\/uploads\/2024\/09\/folie-schwach-1-scaled.jpg\",\"contentUrl\":\"https:\/\/www.haartick-extensions.de\/wp-content\/uploads\/2024\/09\/folie-schwach-1-scaled.jpg\",\"width\":1920,\"height\":2560},{\"@type\":\"BreadcrumbList\",\"@id\":\"https:\/\/www.haartick-extensions.de\/nl\/shop\/leichte-folie-fuer-tape-extensions-3-meter\/#breadcrumb\",\"itemListElement\":[{\"@type\":\"ListItem\",\"position\":1,\"name\":\"Startseite\",\"item\":\"https:\/\/www.haartick-extensions.de\/it\/\"},{\"@type\":\"ListItem\",\"position\":2,\"name\":\"Shop\",\"item\":\"https:\/\/www.haartick-extensions.de\/ru\/shop\/\"},{\"@type\":\"ListItem\",\"position\":3,\"name\":\"Leichte Folie f\u00fcr Tape Extensions 3 Meter\"}]},{\"@type\":\"WebSite\",\"@id\":\"https:\/\/www.haartick-extensions.de\/it\/#website\",\"url\":\"https:\/\/www.haartick-extensions.de\/it\/\",\"name\":\"Haartick-Extensions\",\"description\":\"Professionelle Haarverl\u00e4ngerund \/ Haarverdichtung mit 100% Echthaar.\",\"publisher\":{\"@id\":\"https:\/\/www.haartick-extensions.de\/it\/#organization\"},\"potentialAction\":[{\"@type\":\"SearchAction\",\"target\":{\"@type\":\"EntryPoint\",\"urlTemplate\":\"https:\/\/www.haartick-extensions.de\/it\/?s={search_term_string}\"},\"query-input\":{\"@type\":\"PropertyValueSpecification\",\"valueRequired\":true,\"valueName\":\"search_term_string\"}}],\"inLanguage\":\"es\"},{\"@type\":\"Organization\",\"@id\":\"https:\/\/www.haartick-extensions.de\/it\/#organization\",\"name\":\"Haartick Extensions\",\"url\":\"https:\/\/www.haartick-extensions.de\/it\/\",\"logo\":{\"@type\":\"ImageObject\",\"inLanguage\":\"es\",\"@id\":\"https:\/\/www.haartick-extensions.de\/it\/#\/schema\/logo\/image\/\",\"url\":\"https:\/\/www.haartick-extensions.de\/wp-content\/uploads\/2024\/05\/cropped-Logo-mark-charm.png\",\"contentUrl\":\"https:\/\/www.haartick-extensions.de\/wp-content\/uploads\/2024\/05\/cropped-Logo-mark-charm.png\",\"width\":512,\"height\":512,\"caption\":\"Haartick Extensions\"},\"image\":{\"@id\":\"https:\/\/www.haartick-extensions.de\/it\/#\/schema\/logo\/image\/\"}}]}<\/script>\n<!-- \/ Yoast SEO plugin. -->","yoast_head_json":{"title":"Leichte Folie f\u00fcr Tape Extensions 3 Meter - Haartick-Extensions","robots":{"index":"index","follow":"follow","max-snippet":"max-snippet:-1","max-image-preview":"max-image-preview:large","max-video-preview":"max-video-preview:-1"},"canonical":"https:\/\/www.haartick-extensions.de\/es\/shop\/leichte-folie-fuer-tape-extensions-3-meter\/","og_locale":"es_ES","og_type":"article","og_title":"Leichte Folie f\u00fcr Tape Extensions 3 Meter - Haartick-Extensions","og_description":"Der leichte Kleber, der in Tape-Extensions verwendet wird, hat viele Vorteile, die ihn zu einer guten Wahl f\u00fcr Haarverl\u00e4ngerungen machen.","og_url":"https:\/\/www.haartick-extensions.de\/es\/shop\/leichte-folie-fuer-tape-extensions-3-meter\/","og_site_name":"Haartick-Extensions","article_modified_time":"2026-04-05T01:51:45+00:00","og_image":[{"width":1920,"height":2560,"url":"https:\/\/www.haartick-extensions.de\/wp-content\/uploads\/2024\/09\/folie-schwach-1-scaled.jpg","type":"image\/jpeg"}],"twitter_card":"summary_large_image","twitter_misc":{"Tiempo de lectura":"2 minutos"},"schema":{"@context":"https:\/\/schema.org","@graph":[{"@type":"WebPage","@id":"https:\/\/www.haartick-extensions.de\/nl\/shop\/leichte-folie-fuer-tape-extensions-3-meter\/","url":"https:\/\/www.haartick-extensions.de\/nl\/shop\/leichte-folie-fuer-tape-extensions-3-meter\/","name":"Leichte Folie f\u00fcr Tape Extensions 3 Meter - Haartick-Extensions","isPartOf":{"@id":"https:\/\/www.haartick-extensions.de\/it\/#website"},"primaryImageOfPage":{"@id":"https:\/\/www.haartick-extensions.de\/nl\/shop\/leichte-folie-fuer-tape-extensions-3-meter\/#primaryimage"},"image":{"@id":"https:\/\/www.haartick-extensions.de\/nl\/shop\/leichte-folie-fuer-tape-extensions-3-meter\/#primaryimage"},"thumbnailUrl":"https:\/\/www.haartick-extensions.de\/wp-content\/uploads\/2024\/09\/folie-schwach-1-scaled.jpg","datePublished":"2024-09-06T13:04:38+00:00","dateModified":"2026-04-05T01:51:45+00:00","breadcrumb":{"@id":"https:\/\/www.haartick-extensions.de\/nl\/shop\/leichte-folie-fuer-tape-extensions-3-meter\/#breadcrumb"},"inLanguage":"es","potentialAction":[{"@type":"ReadAction","target":["https:\/\/www.haartick-extensions.de\/nl\/shop\/leichte-folie-fuer-tape-extensions-3-meter\/"]}]},{"@type":"ImageObject","inLanguage":"es","@id":"https:\/\/www.haartick-extensions.de\/nl\/shop\/leichte-folie-fuer-tape-extensions-3-meter\/#primaryimage","url":"https:\/\/www.haartick-extensions.de\/wp-content\/uploads\/2024\/09\/folie-schwach-1-scaled.jpg","contentUrl":"https:\/\/www.haartick-extensions.de\/wp-content\/uploads\/2024\/09\/folie-schwach-1-scaled.jpg","width":1920,"height":2560},{"@type":"BreadcrumbList","@id":"https:\/\/www.haartick-extensions.de\/nl\/shop\/leichte-folie-fuer-tape-extensions-3-meter\/#breadcrumb","itemListElement":[{"@type":"ListItem","position":1,"name":"Startseite","item":"https:\/\/www.haartick-extensions.de\/it\/"},{"@type":"ListItem","position":2,"name":"Shop","item":"https:\/\/www.haartick-extensions.de\/ru\/shop\/"},{"@type":"ListItem","position":3,"name":"Leichte Folie f\u00fcr Tape Extensions 3 Meter"}]},{"@type":"WebSite","@id":"https:\/\/www.haartick-extensions.de\/it\/#website","url":"https:\/\/www.haartick-extensions.de\/it\/","name":"Extensiones en barra","description":"Alargamiento y engrosamiento profesional del cabello con cabello humano 100%.","publisher":{"@id":"https:\/\/www.haartick-extensions.de\/it\/#organization"},"potentialAction":[{"@type":"SearchAction","target":{"@type":"EntryPoint","urlTemplate":"https:\/\/www.haartick-extensions.de\/it\/?s={search_term_string}"},"query-input":{"@type":"PropertyValueSpecification","valueRequired":true,"valueName":"search_term_string"}}],"inLanguage":"es"},{"@type":"Organization","@id":"https:\/\/www.haartick-extensions.de\/it\/#organization","name":"Extensiones Haartick","url":"https:\/\/www.haartick-extensions.de\/it\/","logo":{"@type":"ImageObject","inLanguage":"es","@id":"https:\/\/www.haartick-extensions.de\/it\/#\/schema\/logo\/image\/","url":"https:\/\/www.haartick-extensions.de\/wp-content\/uploads\/2024\/05\/cropped-Logo-mark-charm.png","contentUrl":"https:\/\/www.haartick-extensions.de\/wp-content\/uploads\/2024\/05\/cropped-Logo-mark-charm.png","width":512,"height":512,"caption":"Haartick Extensions"},"image":{"@id":"https:\/\/www.haartick-extensions.de\/it\/#\/schema\/logo\/image\/"}}]}},"_links":{"self":[{"href":"https:\/\/www.haartick-extensions.de\/es\/wp-json\/wp\/v2\/product\/20108","targetHints":{"allow":["GET"]}}],"collection":[{"href":"https:\/\/www.haartick-extensions.de\/es\/wp-json\/wp\/v2\/product"}],"about":[{"href":"https:\/\/www.haartick-extensions.de\/es\/wp-json\/wp\/v2\/types\/product"}],"replies":[{"embeddable":true,"href":"https:\/\/www.haartick-extensions.de\/es\/wp-json\/wp\/v2\/comments?post=20108"}],"version-history":[{"count":0,"href":"https:\/\/www.haartick-extensions.de\/es\/wp-json\/wp\/v2\/product\/20108\/revisions"}],"wp:featuredmedia":[{"embeddable":true,"href":"https:\/\/www.haartick-extensions.de\/es\/wp-json\/wp\/v2\/media\/22449"}],"wp:attachment":[{"href":"https:\/\/www.haartick-extensions.de\/es\/wp-json\/wp\/v2\/media?parent=20108"}],"wp:term":[{"taxonomy":"product_brand","embeddable":true,"href":"https:\/\/www.haartick-extensions.de\/es\/wp-json\/wp\/v2\/product_brand?post=20108"},{"taxonomy":"product_cat","embeddable":true,"href":"https:\/\/www.haartick-extensions.de\/es\/wp-json\/wp\/v2\/product_cat?post=20108"},{"taxonomy":"product_tag","embeddable":true,"href":"https:\/\/www.haartick-extensions.de\/es\/wp-json\/wp\/v2\/product_tag?post=20108"}],"curies":[{"name":"wp","href":"https:\/\/api.w.org\/{rel}","templated":true}]}}