{"id":20170,"date":"2024-09-07T11:36:26","date_gmt":"2024-09-07T11:36:26","guid":{"rendered":"https:\/\/www.haartick-extensions.de\/wordpress\/?post_type=product&#038;p=20170"},"modified":"2026-02-03T16:00:11","modified_gmt":"2026-02-03T16:00:11","slug":"fidentia-hitzeschutzspray","status":"publish","type":"product","link":"https:\/\/www.haartick-extensions.de\/es\/shop\/fidentia-hitzeschutzspray\/","title":{"rendered":"Spray protector t\u00e9rmico Fidentia"},"content":{"rendered":"<p>Protege tu cabello de los da\u00f1os del calor<br \/>\nAPTO PARA CABELLO NATURAL, EXTENSIONES Y CABELLO SECUNDARIO SIN CAPA DE SILICONA<br \/>\nCON PROTE\u00cdNA DE SEDA DE ALTA CALIDAD<br \/>\nMULTI-FACTOR - contra el encrespamiento, las puntas abiertas y los nudos<br \/>\nSIN ALCOHOL Y SILICONAS - extra suave<br \/>\nPROTEGE TU CABELLO DE LOS DA\u00d1OS PRODUCIDOS POR EL CALOR - peinado, sol, sauna o sol\u00e1rium<\/p>\n<p>Las altas temperaturas pueden causar da\u00f1os masivos en la estructura capilar, por lo que el cabello necesita protecci\u00f3n urgentemente. Esto es especialmente cierto para el cabello fino y las extensiones. El spray protector del calor Fidentia es muy suave, ya que no contiene alcohol ni siliconas. Envuelve cada cabello como una capa protectora y garantiza que no se extraiga la humedad. Tu cabello te lo agradecer\u00e1 a largo plazo. El multifactor del spray ayuda a combatir el encrespamiento, las puntas abiertas y los nudos del cabello. La prote\u00edna de seda aporta vitalidad adicional. El spray es adecuado para cabello real, extensiones, tramas y pelucas sin capas de silicona. Protege contra el calor en general. Por lo tanto, util\u00edcelo no s\u00f3lo para alisar y secar el cabello, sino tambi\u00e9n bajo la luz solar intensa, en la tumbona o en la sauna.<\/p>\n<p><strong>Aplicaci\u00f3n:<\/strong><\/p>\n<p>Despu\u00e9s del champ\u00fa, pulveriza uniformemente sobre la longitud del cabello h\u00famedo. Intenta evitar las ra\u00edces en la medida de lo posible, ya que de lo contrario el efecto brillante puede parecer grasiento. A continuaci\u00f3n, peina de nuevo el cabello y s\u00e9calo con secador. Utiliza herramientas de peinado como planchas o rizadores s\u00f3lo cuando el pelo est\u00e9 seco. Tambi\u00e9n es aconsejable proteger el cabello con un spray protector del calor antes de tomar el sol.<\/p>\n<p><strong>Ingredientes:<\/strong><\/p>\n<p>Aqua, PVP, Fenoxietanol, Etilhexilglicerina, Seda Hidrolizada, Laurdimonium Hidroxipropil Prote\u00edna de Trigo Hidrolizada, PEG-40 Aceite de Ricino Hidrogenado, Cloruro de Cetrimonio, Parfum, Hexilcinamal, Linalool, Limoneno, \u00c1cido Fosf\u00f3rico.<\/p>\n<p><strong>Debido a las actualizaciones de embalaje realizadas por el fabricante, el embalaje del producto puede diferir de la ilustraci\u00f3n.<\/strong><\/p>","protected":false},"excerpt":{"rendered":"<p><strong>Contenido: 200 ml.<\/strong><\/p>\n<p style=\"color: red;\"><strong>Sugerencia<\/strong>Los productos de higiene como champ\u00fas, mascarillas, productos de protecci\u00f3n contra el calor, aceites y soluciones para extensiones de cabello s\u00f3lo pueden devolverse si no se han utilizado, est\u00e1n precintados de origen y en perfecto estado.<\/p>","protected":false},"featured_media":22752,"comment_status":"open","ping_status":"closed","template":"","meta":{"_joinchat":[]},"product_brand":[],"product_cat":[94],"product_tag":[],"class_list":{"0":"post-20170","1":"product","2":"type-product","3":"status-publish","4":"has-post-thumbnail","6":"product_cat-pflegeprodukte","8":"first","9":"instock","10":"taxable","11":"shipping-taxable","12":"purchasable","13":"product-type-simple"},"yoast_head":"<!-- This site is optimized with the Yoast SEO plugin v25.6 - https:\/\/yoast.com\/wordpress\/plugins\/seo\/ -->\n<title>Fidentia Hitzeschutzspray - Haartick-Extensions<\/title>\n<meta name=\"robots\" content=\"index, follow, max-snippet:-1, max-image-preview:large, max-video-preview:-1\" \/>\n<link rel=\"canonical\" href=\"https:\/\/www.haartick-extensions.de\/es\/shop\/fidentia-hitzeschutzspray\/\" \/>\n<meta property=\"og:locale\" content=\"es_ES\" \/>\n<meta property=\"og:type\" content=\"article\" \/>\n<meta property=\"og:title\" content=\"Fidentia Hitzeschutzspray - Haartick-Extensions\" \/>\n<meta property=\"og:description\" content=\"Inhalt: 200ml. Hinweis: Hygieneprodukte wie Shampoos, Masken, Hitzeschutzmittel, \u00d6le und L\u00f6sungen f\u00fcr Haarverl\u00e4ngerungen k\u00f6nnen wir ausschlie\u00dflich zur\u00fccknehmen, wenn sie unbenutzt, originalversiegelt und in einwandfreiem\u00a0Zustand\u00a0sind.\" \/>\n<meta property=\"og:url\" content=\"https:\/\/www.haartick-extensions.de\/es\/shop\/fidentia-hitzeschutzspray\/\" \/>\n<meta property=\"og:site_name\" content=\"Haartick-Extensions\" \/>\n<meta property=\"article:modified_time\" content=\"2026-02-03T16:00:11+00:00\" \/>\n<meta property=\"og:image\" content=\"https:\/\/www.haartick-extensions.de\/wp-content\/uploads\/2024\/09\/spray-1.webp\" \/>\n\t<meta property=\"og:image:width\" content=\"800\" \/>\n\t<meta property=\"og:image:height\" content=\"800\" \/>\n\t<meta property=\"og:image:type\" content=\"image\/webp\" \/>\n<meta name=\"twitter:card\" content=\"summary_large_image\" \/>\n<meta name=\"twitter:label1\" content=\"Tiempo de lectura\" \/>\n\t<meta name=\"twitter:data1\" content=\"2 minutos\" \/>\n<script type=\"application\/ld+json\" class=\"yoast-schema-graph\">{\"@context\":\"https:\/\/schema.org\",\"@graph\":[{\"@type\":\"WebPage\",\"@id\":\"https:\/\/www.haartick-extensions.de\/de\/shop\/fidentia-hitzeschutzspray\/\",\"url\":\"https:\/\/www.haartick-extensions.de\/de\/shop\/fidentia-hitzeschutzspray\/\",\"name\":\"Fidentia Hitzeschutzspray - Haartick-Extensions\",\"isPartOf\":{\"@id\":\"https:\/\/www.haartick-extensions.de\/it\/#website\"},\"primaryImageOfPage\":{\"@id\":\"https:\/\/www.haartick-extensions.de\/de\/shop\/fidentia-hitzeschutzspray\/#primaryimage\"},\"image\":{\"@id\":\"https:\/\/www.haartick-extensions.de\/de\/shop\/fidentia-hitzeschutzspray\/#primaryimage\"},\"thumbnailUrl\":\"https:\/\/www.haartick-extensions.de\/wp-content\/uploads\/2024\/09\/spray-1.webp\",\"datePublished\":\"2024-09-07T11:36:26+00:00\",\"dateModified\":\"2026-02-03T16:00:11+00:00\",\"breadcrumb\":{\"@id\":\"https:\/\/www.haartick-extensions.de\/de\/shop\/fidentia-hitzeschutzspray\/#breadcrumb\"},\"inLanguage\":\"es\",\"potentialAction\":[{\"@type\":\"ReadAction\",\"target\":[\"https:\/\/www.haartick-extensions.de\/de\/shop\/fidentia-hitzeschutzspray\/\"]}]},{\"@type\":\"ImageObject\",\"inLanguage\":\"es\",\"@id\":\"https:\/\/www.haartick-extensions.de\/de\/shop\/fidentia-hitzeschutzspray\/#primaryimage\",\"url\":\"https:\/\/www.haartick-extensions.de\/wp-content\/uploads\/2024\/09\/spray-1.webp\",\"contentUrl\":\"https:\/\/www.haartick-extensions.de\/wp-content\/uploads\/2024\/09\/spray-1.webp\",\"width\":800,\"height\":800},{\"@type\":\"BreadcrumbList\",\"@id\":\"https:\/\/www.haartick-extensions.de\/de\/shop\/fidentia-hitzeschutzspray\/#breadcrumb\",\"itemListElement\":[{\"@type\":\"ListItem\",\"position\":1,\"name\":\"Startseite\",\"item\":\"https:\/\/www.haartick-extensions.de\/it\/\"},{\"@type\":\"ListItem\",\"position\":2,\"name\":\"Shop\",\"item\":\"https:\/\/www.haartick-extensions.de\/ru\/shop\/\"},{\"@type\":\"ListItem\",\"position\":3,\"name\":\"Fidentia Hitzeschutzspray\"}]},{\"@type\":\"WebSite\",\"@id\":\"https:\/\/www.haartick-extensions.de\/it\/#website\",\"url\":\"https:\/\/www.haartick-extensions.de\/it\/\",\"name\":\"Haartick-Extensions\",\"description\":\"Professionelle Haarverl\u00e4ngerund \/ Haarverdichtung mit 100% Echthaar.\",\"publisher\":{\"@id\":\"https:\/\/www.haartick-extensions.de\/it\/#organization\"},\"potentialAction\":[{\"@type\":\"SearchAction\",\"target\":{\"@type\":\"EntryPoint\",\"urlTemplate\":\"https:\/\/www.haartick-extensions.de\/it\/?s={search_term_string}\"},\"query-input\":{\"@type\":\"PropertyValueSpecification\",\"valueRequired\":true,\"valueName\":\"search_term_string\"}}],\"inLanguage\":\"es\"},{\"@type\":\"Organization\",\"@id\":\"https:\/\/www.haartick-extensions.de\/it\/#organization\",\"name\":\"Haartick Extensions\",\"url\":\"https:\/\/www.haartick-extensions.de\/it\/\",\"logo\":{\"@type\":\"ImageObject\",\"inLanguage\":\"es\",\"@id\":\"https:\/\/www.haartick-extensions.de\/it\/#\/schema\/logo\/image\/\",\"url\":\"https:\/\/www.haartick-extensions.de\/wp-content\/uploads\/2024\/05\/cropped-Logo-mark-charm.png\",\"contentUrl\":\"https:\/\/www.haartick-extensions.de\/wp-content\/uploads\/2024\/05\/cropped-Logo-mark-charm.png\",\"width\":512,\"height\":512,\"caption\":\"Haartick Extensions\"},\"image\":{\"@id\":\"https:\/\/www.haartick-extensions.de\/it\/#\/schema\/logo\/image\/\"}}]}<\/script>\n<!-- \/ Yoast SEO plugin. -->","yoast_head_json":{"title":"Fidentia Hitzeschutzspray - Haartick-Extensions","robots":{"index":"index","follow":"follow","max-snippet":"max-snippet:-1","max-image-preview":"max-image-preview:large","max-video-preview":"max-video-preview:-1"},"canonical":"https:\/\/www.haartick-extensions.de\/es\/shop\/fidentia-hitzeschutzspray\/","og_locale":"es_ES","og_type":"article","og_title":"Fidentia Hitzeschutzspray - Haartick-Extensions","og_description":"Inhalt: 200ml. Hinweis: Hygieneprodukte wie Shampoos, Masken, Hitzeschutzmittel, \u00d6le und L\u00f6sungen f\u00fcr Haarverl\u00e4ngerungen k\u00f6nnen wir ausschlie\u00dflich zur\u00fccknehmen, wenn sie unbenutzt, originalversiegelt und in einwandfreiem\u00a0Zustand\u00a0sind.","og_url":"https:\/\/www.haartick-extensions.de\/es\/shop\/fidentia-hitzeschutzspray\/","og_site_name":"Haartick-Extensions","article_modified_time":"2026-02-03T16:00:11+00:00","og_image":[{"width":800,"height":800,"url":"https:\/\/www.haartick-extensions.de\/wp-content\/uploads\/2024\/09\/spray-1.webp","type":"image\/webp"}],"twitter_card":"summary_large_image","twitter_misc":{"Tiempo de lectura":"2 minutos"},"schema":{"@context":"https:\/\/schema.org","@graph":[{"@type":"WebPage","@id":"https:\/\/www.haartick-extensions.de\/de\/shop\/fidentia-hitzeschutzspray\/","url":"https:\/\/www.haartick-extensions.de\/de\/shop\/fidentia-hitzeschutzspray\/","name":"Fidentia Hitzeschutzspray - Haartick-Extensions","isPartOf":{"@id":"https:\/\/www.haartick-extensions.de\/it\/#website"},"primaryImageOfPage":{"@id":"https:\/\/www.haartick-extensions.de\/de\/shop\/fidentia-hitzeschutzspray\/#primaryimage"},"image":{"@id":"https:\/\/www.haartick-extensions.de\/de\/shop\/fidentia-hitzeschutzspray\/#primaryimage"},"thumbnailUrl":"https:\/\/www.haartick-extensions.de\/wp-content\/uploads\/2024\/09\/spray-1.webp","datePublished":"2024-09-07T11:36:26+00:00","dateModified":"2026-02-03T16:00:11+00:00","breadcrumb":{"@id":"https:\/\/www.haartick-extensions.de\/de\/shop\/fidentia-hitzeschutzspray\/#breadcrumb"},"inLanguage":"es","potentialAction":[{"@type":"ReadAction","target":["https:\/\/www.haartick-extensions.de\/de\/shop\/fidentia-hitzeschutzspray\/"]}]},{"@type":"ImageObject","inLanguage":"es","@id":"https:\/\/www.haartick-extensions.de\/de\/shop\/fidentia-hitzeschutzspray\/#primaryimage","url":"https:\/\/www.haartick-extensions.de\/wp-content\/uploads\/2024\/09\/spray-1.webp","contentUrl":"https:\/\/www.haartick-extensions.de\/wp-content\/uploads\/2024\/09\/spray-1.webp","width":800,"height":800},{"@type":"BreadcrumbList","@id":"https:\/\/www.haartick-extensions.de\/de\/shop\/fidentia-hitzeschutzspray\/#breadcrumb","itemListElement":[{"@type":"ListItem","position":1,"name":"Startseite","item":"https:\/\/www.haartick-extensions.de\/it\/"},{"@type":"ListItem","position":2,"name":"Shop","item":"https:\/\/www.haartick-extensions.de\/ru\/shop\/"},{"@type":"ListItem","position":3,"name":"Fidentia Hitzeschutzspray"}]},{"@type":"WebSite","@id":"https:\/\/www.haartick-extensions.de\/it\/#website","url":"https:\/\/www.haartick-extensions.de\/it\/","name":"Extensiones en barra","description":"Alargamiento y engrosamiento profesional del cabello con cabello humano 100%.","publisher":{"@id":"https:\/\/www.haartick-extensions.de\/it\/#organization"},"potentialAction":[{"@type":"SearchAction","target":{"@type":"EntryPoint","urlTemplate":"https:\/\/www.haartick-extensions.de\/it\/?s={search_term_string}"},"query-input":{"@type":"PropertyValueSpecification","valueRequired":true,"valueName":"search_term_string"}}],"inLanguage":"es"},{"@type":"Organization","@id":"https:\/\/www.haartick-extensions.de\/it\/#organization","name":"Extensiones Haartick","url":"https:\/\/www.haartick-extensions.de\/it\/","logo":{"@type":"ImageObject","inLanguage":"es","@id":"https:\/\/www.haartick-extensions.de\/it\/#\/schema\/logo\/image\/","url":"https:\/\/www.haartick-extensions.de\/wp-content\/uploads\/2024\/05\/cropped-Logo-mark-charm.png","contentUrl":"https:\/\/www.haartick-extensions.de\/wp-content\/uploads\/2024\/05\/cropped-Logo-mark-charm.png","width":512,"height":512,"caption":"Haartick Extensions"},"image":{"@id":"https:\/\/www.haartick-extensions.de\/it\/#\/schema\/logo\/image\/"}}]}},"_links":{"self":[{"href":"https:\/\/www.haartick-extensions.de\/es\/wp-json\/wp\/v2\/product\/20170","targetHints":{"allow":["GET"]}}],"collection":[{"href":"https:\/\/www.haartick-extensions.de\/es\/wp-json\/wp\/v2\/product"}],"about":[{"href":"https:\/\/www.haartick-extensions.de\/es\/wp-json\/wp\/v2\/types\/product"}],"replies":[{"embeddable":true,"href":"https:\/\/www.haartick-extensions.de\/es\/wp-json\/wp\/v2\/comments?post=20170"}],"version-history":[{"count":0,"href":"https:\/\/www.haartick-extensions.de\/es\/wp-json\/wp\/v2\/product\/20170\/revisions"}],"wp:featuredmedia":[{"embeddable":true,"href":"https:\/\/www.haartick-extensions.de\/es\/wp-json\/wp\/v2\/media\/22752"}],"wp:attachment":[{"href":"https:\/\/www.haartick-extensions.de\/es\/wp-json\/wp\/v2\/media?parent=20170"}],"wp:term":[{"taxonomy":"product_brand","embeddable":true,"href":"https:\/\/www.haartick-extensions.de\/es\/wp-json\/wp\/v2\/product_brand?post=20170"},{"taxonomy":"product_cat","embeddable":true,"href":"https:\/\/www.haartick-extensions.de\/es\/wp-json\/wp\/v2\/product_cat?post=20170"},{"taxonomy":"product_tag","embeddable":true,"href":"https:\/\/www.haartick-extensions.de\/es\/wp-json\/wp\/v2\/product_tag?post=20170"}],"curies":[{"name":"wp","href":"https:\/\/api.w.org\/{rel}","templated":true}]}}