{"id":22207,"date":"2024-11-12T15:32:09","date_gmt":"2024-11-12T15:32:09","guid":{"rendered":"https:\/\/www.haartick-extensions.de\/wordpress\/?post_type=product&#038;p=22207"},"modified":"2026-05-05T14:04:36","modified_gmt":"2026-05-05T14:04:36","slug":"kallos-cosmetics-vegan-soul-shampoo","status":"publish","type":"product","link":"https:\/\/www.haartick-extensions.de\/es\/shop\/kallos-cosmetics-vegan-soul-shampoo\/","title":{"rendered":"Champ\u00fa Vegano Soul de Kallos Cosmetics"},"content":{"rendered":"<p><strong>Descripci\u00f3n:<\/strong><\/p>\n<ul>\n<li>Champ\u00fa voluminizador vegano especial para cabellos finos<\/li>\n<li>Enriquecido con extracto de bamb\u00fa, aceite de coco, vitaminas, aloe vera y extractos de ginseng<\/li>\n<li>Aporta al cabello m\u00e1s volumen, flexibilidad y brillo<\/li>\n<li>Asegura un cabello voluminoso, flexible y brillante<\/li>\n<li>Sin siliconas, parabenos, colorantes ni ingredientes de origen animal<\/li>\n<li>Adecuado para el uso diario<\/li>\n<li>Ideal tambi\u00e9n para ampliaciones<\/li>\n<\/ul>\n<p><strong>Aplicaci\u00f3n:<\/strong><\/p>\n<ul>\n<li>Adecuado para el uso diario<\/li>\n<li>Aplicar una peque\u00f1a cantidad de champ\u00fa sobre el cabello mojado y masajear suavemente el cuero cabelludo; a continuaci\u00f3n, aclarar con abundante agua limpia.<\/li>\n<li>Para un resultado \u00f3ptimo, utiliza despu\u00e9s la mascarilla Vegan Soul care<\/li>\n<\/ul>\n<p><strong>Ingredientes:<\/strong><br \/>\nAgua, sulfato s\u00f3dico de laureth, cloruro s\u00f3dico, cocamidopropil beta\u00edna, cocamida DEA, perfume, PEG-7 gliceril cocoato, diestearato de glicol, laureth-4, dioleato de metilglucosa PEG-120, gluc\u00f3sido de coco, oleato de glicerilo, Aceite de Ricino Hidrogenado PEG-40, Extracto de Urtica Dioica (Ortiga), Aceite de Semilla de Helianthus Annuus (Girasol), Aceite de Semilla de Linum Usitatissimum, Aceite de Persea Gratissima, Aceite de Semilla de Argania Spinosa, Extracto de Hoja de Equisetum Arvense, Jugo de hoja de Aloe Barbadensis, Extracto de ra\u00edz de Panax Ginseng, Extracto de hoja\/tallo de Bambusa Vulgaris, Aceite de Olea Europaea (Oliva), Aceite de Cocos Nucifera (Coco), Aceite de germen de Triticum Vulgare, PEG-15 Distearate, Pantenol, Acetato de tocoferilo, Benzoato s\u00f3dico, Sorbato pot\u00e1sico, Propilenglicol, Alcohol benc\u00edlico, Fenoxietanol, Etilhexilglicerina, \u00c1cido c\u00edtrico, Fosfato de ascorbilo, Hidr\u00f3xido s\u00f3dico, Metilcloroisotiazolinona, Metilisotiazolinona, CI 42090<\/p>\n<p><strong>Debido a las actualizaciones de embalaje realizadas por el fabricante, el embalaje del producto puede diferir de la ilustraci\u00f3n.<\/strong><\/p>","protected":false},"excerpt":{"rendered":"<p><strong>Contenido: 1000ml.<\/strong><\/p>\n<p style=\"color: red;\"><strong>Sugerencia<\/strong>Los productos de higiene como champ\u00fas, mascarillas, productos de protecci\u00f3n contra el calor, aceites y soluciones para extensiones de cabello s\u00f3lo pueden devolverse si no se han utilizado, est\u00e1n precintados de origen y en perfecto estado.<\/p>","protected":false},"featured_media":22213,"comment_status":"open","ping_status":"closed","template":"","meta":{"_joinchat":[]},"product_brand":[],"product_cat":[94],"product_tag":[],"class_list":{"0":"post-22207","1":"product","2":"type-product","3":"status-publish","4":"has-post-thumbnail","6":"product_cat-pflegeprodukte","8":"first","9":"instock","10":"taxable","11":"shipping-taxable","12":"purchasable","13":"product-type-simple"},"yoast_head":"<!-- This site is optimized with the Yoast SEO plugin v25.6 - https:\/\/yoast.com\/wordpress\/plugins\/seo\/ -->\n<title>Kallos Cosmetics Vegan Soul Shampoo - Haartick-Extensions<\/title>\n<meta name=\"robots\" content=\"index, follow, max-snippet:-1, max-image-preview:large, max-video-preview:-1\" \/>\n<link rel=\"canonical\" href=\"https:\/\/www.haartick-extensions.de\/es\/shop\/kallos-cosmetics-vegan-soul-shampoo\/\" \/>\n<meta property=\"og:locale\" content=\"es_ES\" \/>\n<meta property=\"og:type\" content=\"article\" \/>\n<meta property=\"og:title\" content=\"Kallos Cosmetics Vegan Soul Shampoo - Haartick-Extensions\" \/>\n<meta property=\"og:description\" content=\"Inhalt: 1000ml. Hinweis: Hygieneprodukte wie Shampoos, Masken, Hitzeschutzmittel, \u00d6le und L\u00f6sungen f\u00fcr Haarverl\u00e4ngerungen k\u00f6nnen wir ausschlie\u00dflich zur\u00fccknehmen, wenn sie unbenutzt, originalversiegelt und in einwandfreiem\u00a0Zustand\u00a0sind.\" \/>\n<meta property=\"og:url\" content=\"https:\/\/www.haartick-extensions.de\/es\/shop\/kallos-cosmetics-vegan-soul-shampoo\/\" \/>\n<meta property=\"og:site_name\" content=\"Haartick-Extensions\" \/>\n<meta property=\"article:modified_time\" content=\"2026-05-05T14:04:36+00:00\" \/>\n<meta property=\"og:image\" content=\"https:\/\/www.haartick-extensions.de\/wp-content\/uploads\/2024\/11\/kallos-vegan-soul-volumen-shampoo-1000ml.jpg\" \/>\n\t<meta property=\"og:image:width\" content=\"800\" \/>\n\t<meta property=\"og:image:height\" content=\"800\" \/>\n\t<meta property=\"og:image:type\" content=\"image\/jpeg\" \/>\n<meta name=\"twitter:card\" content=\"summary_large_image\" \/>\n<meta name=\"twitter:label1\" content=\"Tiempo de lectura\" \/>\n\t<meta name=\"twitter:data1\" content=\"2 minutos\" \/>\n<script type=\"application\/ld+json\" class=\"yoast-schema-graph\">{\"@context\":\"https:\/\/schema.org\",\"@graph\":[{\"@type\":\"WebPage\",\"@id\":\"https:\/\/www.haartick-extensions.de\/ru\/shop\/kallos-cosmetics-vegan-soul-shampoo\/\",\"url\":\"https:\/\/www.haartick-extensions.de\/ru\/shop\/kallos-cosmetics-vegan-soul-shampoo\/\",\"name\":\"Kallos Cosmetics Vegan Soul Shampoo - Haartick-Extensions\",\"isPartOf\":{\"@id\":\"https:\/\/www.haartick-extensions.de\/it\/#website\"},\"primaryImageOfPage\":{\"@id\":\"https:\/\/www.haartick-extensions.de\/ru\/shop\/kallos-cosmetics-vegan-soul-shampoo\/#primaryimage\"},\"image\":{\"@id\":\"https:\/\/www.haartick-extensions.de\/ru\/shop\/kallos-cosmetics-vegan-soul-shampoo\/#primaryimage\"},\"thumbnailUrl\":\"https:\/\/www.haartick-extensions.de\/wp-content\/uploads\/2024\/11\/kallos-vegan-soul-volumen-shampoo-1000ml.jpg\",\"datePublished\":\"2024-11-12T15:32:09+00:00\",\"dateModified\":\"2026-05-05T14:04:36+00:00\",\"breadcrumb\":{\"@id\":\"https:\/\/www.haartick-extensions.de\/ru\/shop\/kallos-cosmetics-vegan-soul-shampoo\/#breadcrumb\"},\"inLanguage\":\"es\",\"potentialAction\":[{\"@type\":\"ReadAction\",\"target\":[\"https:\/\/www.haartick-extensions.de\/ru\/shop\/kallos-cosmetics-vegan-soul-shampoo\/\"]}]},{\"@type\":\"ImageObject\",\"inLanguage\":\"es\",\"@id\":\"https:\/\/www.haartick-extensions.de\/ru\/shop\/kallos-cosmetics-vegan-soul-shampoo\/#primaryimage\",\"url\":\"https:\/\/www.haartick-extensions.de\/wp-content\/uploads\/2024\/11\/kallos-vegan-soul-volumen-shampoo-1000ml.jpg\",\"contentUrl\":\"https:\/\/www.haartick-extensions.de\/wp-content\/uploads\/2024\/11\/kallos-vegan-soul-volumen-shampoo-1000ml.jpg\",\"width\":800,\"height\":800},{\"@type\":\"BreadcrumbList\",\"@id\":\"https:\/\/www.haartick-extensions.de\/ru\/shop\/kallos-cosmetics-vegan-soul-shampoo\/#breadcrumb\",\"itemListElement\":[{\"@type\":\"ListItem\",\"position\":1,\"name\":\"Startseite\",\"item\":\"https:\/\/www.haartick-extensions.de\/it\/\"},{\"@type\":\"ListItem\",\"position\":2,\"name\":\"Shop\",\"item\":\"https:\/\/www.haartick-extensions.de\/ru\/shop\/\"},{\"@type\":\"ListItem\",\"position\":3,\"name\":\"Kallos Cosmetics Vegan Soul Shampoo\"}]},{\"@type\":\"WebSite\",\"@id\":\"https:\/\/www.haartick-extensions.de\/it\/#website\",\"url\":\"https:\/\/www.haartick-extensions.de\/it\/\",\"name\":\"Haartick-Extensions\",\"description\":\"Professionelle Haarverl\u00e4ngerund \/ Haarverdichtung mit 100% Echthaar.\",\"publisher\":{\"@id\":\"https:\/\/www.haartick-extensions.de\/it\/#organization\"},\"potentialAction\":[{\"@type\":\"SearchAction\",\"target\":{\"@type\":\"EntryPoint\",\"urlTemplate\":\"https:\/\/www.haartick-extensions.de\/it\/?s={search_term_string}\"},\"query-input\":{\"@type\":\"PropertyValueSpecification\",\"valueRequired\":true,\"valueName\":\"search_term_string\"}}],\"inLanguage\":\"es\"},{\"@type\":\"Organization\",\"@id\":\"https:\/\/www.haartick-extensions.de\/it\/#organization\",\"name\":\"Haartick Extensions\",\"url\":\"https:\/\/www.haartick-extensions.de\/it\/\",\"logo\":{\"@type\":\"ImageObject\",\"inLanguage\":\"es\",\"@id\":\"https:\/\/www.haartick-extensions.de\/it\/#\/schema\/logo\/image\/\",\"url\":\"https:\/\/www.haartick-extensions.de\/wp-content\/uploads\/2024\/05\/cropped-Logo-mark-charm.png\",\"contentUrl\":\"https:\/\/www.haartick-extensions.de\/wp-content\/uploads\/2024\/05\/cropped-Logo-mark-charm.png\",\"width\":512,\"height\":512,\"caption\":\"Haartick Extensions\"},\"image\":{\"@id\":\"https:\/\/www.haartick-extensions.de\/it\/#\/schema\/logo\/image\/\"}}]}<\/script>\n<!-- \/ Yoast SEO plugin. -->","yoast_head_json":{"title":"Kallos Cosmetics Vegan Soul Shampoo - Haartick-Extensions","robots":{"index":"index","follow":"follow","max-snippet":"max-snippet:-1","max-image-preview":"max-image-preview:large","max-video-preview":"max-video-preview:-1"},"canonical":"https:\/\/www.haartick-extensions.de\/es\/shop\/kallos-cosmetics-vegan-soul-shampoo\/","og_locale":"es_ES","og_type":"article","og_title":"Kallos Cosmetics Vegan Soul Shampoo - Haartick-Extensions","og_description":"Inhalt: 1000ml. Hinweis: Hygieneprodukte wie Shampoos, Masken, Hitzeschutzmittel, \u00d6le und L\u00f6sungen f\u00fcr Haarverl\u00e4ngerungen k\u00f6nnen wir ausschlie\u00dflich zur\u00fccknehmen, wenn sie unbenutzt, originalversiegelt und in einwandfreiem\u00a0Zustand\u00a0sind.","og_url":"https:\/\/www.haartick-extensions.de\/es\/shop\/kallos-cosmetics-vegan-soul-shampoo\/","og_site_name":"Haartick-Extensions","article_modified_time":"2026-05-05T14:04:36+00:00","og_image":[{"width":800,"height":800,"url":"https:\/\/www.haartick-extensions.de\/wp-content\/uploads\/2024\/11\/kallos-vegan-soul-volumen-shampoo-1000ml.jpg","type":"image\/jpeg"}],"twitter_card":"summary_large_image","twitter_misc":{"Tiempo de lectura":"2 minutos"},"schema":{"@context":"https:\/\/schema.org","@graph":[{"@type":"WebPage","@id":"https:\/\/www.haartick-extensions.de\/ru\/shop\/kallos-cosmetics-vegan-soul-shampoo\/","url":"https:\/\/www.haartick-extensions.de\/ru\/shop\/kallos-cosmetics-vegan-soul-shampoo\/","name":"Kallos Cosmetics Vegan Soul Shampoo - Haartick-Extensions","isPartOf":{"@id":"https:\/\/www.haartick-extensions.de\/it\/#website"},"primaryImageOfPage":{"@id":"https:\/\/www.haartick-extensions.de\/ru\/shop\/kallos-cosmetics-vegan-soul-shampoo\/#primaryimage"},"image":{"@id":"https:\/\/www.haartick-extensions.de\/ru\/shop\/kallos-cosmetics-vegan-soul-shampoo\/#primaryimage"},"thumbnailUrl":"https:\/\/www.haartick-extensions.de\/wp-content\/uploads\/2024\/11\/kallos-vegan-soul-volumen-shampoo-1000ml.jpg","datePublished":"2024-11-12T15:32:09+00:00","dateModified":"2026-05-05T14:04:36+00:00","breadcrumb":{"@id":"https:\/\/www.haartick-extensions.de\/ru\/shop\/kallos-cosmetics-vegan-soul-shampoo\/#breadcrumb"},"inLanguage":"es","potentialAction":[{"@type":"ReadAction","target":["https:\/\/www.haartick-extensions.de\/ru\/shop\/kallos-cosmetics-vegan-soul-shampoo\/"]}]},{"@type":"ImageObject","inLanguage":"es","@id":"https:\/\/www.haartick-extensions.de\/ru\/shop\/kallos-cosmetics-vegan-soul-shampoo\/#primaryimage","url":"https:\/\/www.haartick-extensions.de\/wp-content\/uploads\/2024\/11\/kallos-vegan-soul-volumen-shampoo-1000ml.jpg","contentUrl":"https:\/\/www.haartick-extensions.de\/wp-content\/uploads\/2024\/11\/kallos-vegan-soul-volumen-shampoo-1000ml.jpg","width":800,"height":800},{"@type":"BreadcrumbList","@id":"https:\/\/www.haartick-extensions.de\/ru\/shop\/kallos-cosmetics-vegan-soul-shampoo\/#breadcrumb","itemListElement":[{"@type":"ListItem","position":1,"name":"Startseite","item":"https:\/\/www.haartick-extensions.de\/it\/"},{"@type":"ListItem","position":2,"name":"Shop","item":"https:\/\/www.haartick-extensions.de\/ru\/shop\/"},{"@type":"ListItem","position":3,"name":"Kallos Cosmetics Vegan Soul Shampoo"}]},{"@type":"WebSite","@id":"https:\/\/www.haartick-extensions.de\/it\/#website","url":"https:\/\/www.haartick-extensions.de\/it\/","name":"Extensiones en barra","description":"Alargamiento y engrosamiento profesional del cabello con cabello humano 100%.","publisher":{"@id":"https:\/\/www.haartick-extensions.de\/it\/#organization"},"potentialAction":[{"@type":"SearchAction","target":{"@type":"EntryPoint","urlTemplate":"https:\/\/www.haartick-extensions.de\/it\/?s={search_term_string}"},"query-input":{"@type":"PropertyValueSpecification","valueRequired":true,"valueName":"search_term_string"}}],"inLanguage":"es"},{"@type":"Organization","@id":"https:\/\/www.haartick-extensions.de\/it\/#organization","name":"Extensiones Haartick","url":"https:\/\/www.haartick-extensions.de\/it\/","logo":{"@type":"ImageObject","inLanguage":"es","@id":"https:\/\/www.haartick-extensions.de\/it\/#\/schema\/logo\/image\/","url":"https:\/\/www.haartick-extensions.de\/wp-content\/uploads\/2024\/05\/cropped-Logo-mark-charm.png","contentUrl":"https:\/\/www.haartick-extensions.de\/wp-content\/uploads\/2024\/05\/cropped-Logo-mark-charm.png","width":512,"height":512,"caption":"Haartick Extensions"},"image":{"@id":"https:\/\/www.haartick-extensions.de\/it\/#\/schema\/logo\/image\/"}}]}},"_links":{"self":[{"href":"https:\/\/www.haartick-extensions.de\/es\/wp-json\/wp\/v2\/product\/22207","targetHints":{"allow":["GET"]}}],"collection":[{"href":"https:\/\/www.haartick-extensions.de\/es\/wp-json\/wp\/v2\/product"}],"about":[{"href":"https:\/\/www.haartick-extensions.de\/es\/wp-json\/wp\/v2\/types\/product"}],"replies":[{"embeddable":true,"href":"https:\/\/www.haartick-extensions.de\/es\/wp-json\/wp\/v2\/comments?post=22207"}],"version-history":[{"count":0,"href":"https:\/\/www.haartick-extensions.de\/es\/wp-json\/wp\/v2\/product\/22207\/revisions"}],"wp:featuredmedia":[{"embeddable":true,"href":"https:\/\/www.haartick-extensions.de\/es\/wp-json\/wp\/v2\/media\/22213"}],"wp:attachment":[{"href":"https:\/\/www.haartick-extensions.de\/es\/wp-json\/wp\/v2\/media?parent=22207"}],"wp:term":[{"taxonomy":"product_brand","embeddable":true,"href":"https:\/\/www.haartick-extensions.de\/es\/wp-json\/wp\/v2\/product_brand?post=22207"},{"taxonomy":"product_cat","embeddable":true,"href":"https:\/\/www.haartick-extensions.de\/es\/wp-json\/wp\/v2\/product_cat?post=22207"},{"taxonomy":"product_tag","embeddable":true,"href":"https:\/\/www.haartick-extensions.de\/es\/wp-json\/wp\/v2\/product_tag?post=22207"}],"curies":[{"name":"wp","href":"https:\/\/api.w.org\/{rel}","templated":true}]}}