{"id":22228,"date":"2024-11-12T16:15:41","date_gmt":"2024-11-12T16:15:41","guid":{"rendered":"https:\/\/www.haartick-extensions.de\/wordpress\/?post_type=product&#038;p=22228"},"modified":"2025-08-23T09:40:48","modified_gmt":"2025-08-23T09:40:48","slug":"echosline-curl-fluid","status":"publish","type":"product","link":"https:\/\/www.haartick-extensions.de\/es\/shop\/echosline-curl-fluid\/","title":{"rendered":"Fluido para rizos Echosline"},"content":{"rendered":"<div>\n<p><strong>Descripci\u00f3n:<\/strong><\/p>\n<ul>\n<li>Fluido modelador de rizos<\/li>\n<li>Su f\u00f3rmula sin SLES define los rizos y los hidrata sin encresparlos<\/li>\n<\/ul>\n<p><strong>Aplicaci\u00f3n:<\/strong><\/p>\n<ul>\n<li>Aplicar sobre el cabello secado con toalla antes del peinado, no aclarar<\/li>\n<li>tambi\u00e9n se puede utilizar en d\u00edas consecutivos para definir los rizos<\/li>\n<\/ul>\n<p><strong>Ingredientes:<\/strong><br \/>\nAqua (Agua), Polyacrylamidomethy\/propane Sullonic Aid Des Medowfoamale, PEG-40 Hydrogenated Castor Oil, PEG\/ PPG-25\/25 imehce t Eryhriol, Propylene Glycol, Panthenol, Sodium Hydroxide, Parlum (Fragancia) Eipes Cinamal, \u00a1Limoneno, Quinoa hidrolizada, Alcohol benc\u00edlico, Sorbole de potasio, \u00c1cido sodm), Dimeticona PEG-8 a L PEG\/ PPC-25\/25 dimeticona, Fenoxietanol, ia hidoruro, Parfum (Fragancia), Etilhexilglicerina, Hexy! de\/Acohol, Polossium Sorbate, Sodium Benzoale.<\/p>\n<\/div>\n<p><strong>Debido a las actualizaciones de embalaje realizadas por el fabricante, el embalaje del producto puede diferir de la ilustraci\u00f3n.<\/strong><\/p>","protected":false},"excerpt":{"rendered":"<p><strong>Contenido: 200 ml.<\/strong><\/p>\n<p style=\"color: red;\"><strong>Sugerencia<\/strong>Los productos de higiene como champ\u00fas, mascarillas, productos de protecci\u00f3n contra el calor, aceites y soluciones para extensiones de cabello s\u00f3lo pueden devolverse si no se han utilizado, est\u00e1n precintados de origen y en perfecto estado.<\/p>","protected":false},"featured_media":22229,"comment_status":"open","ping_status":"closed","template":"","meta":{"_joinchat":[]},"product_brand":[],"product_cat":[94],"product_tag":[],"class_list":{"0":"post-22228","1":"product","2":"type-product","3":"status-publish","4":"has-post-thumbnail","6":"product_cat-pflegeprodukte","8":"first","9":"instock","10":"taxable","11":"shipping-taxable","12":"purchasable","13":"product-type-simple"},"yoast_head":"<!-- This site is optimized with the Yoast SEO plugin v25.6 - https:\/\/yoast.com\/wordpress\/plugins\/seo\/ -->\n<title>Echosline Curl Fluid - Haartick-Extensions<\/title>\n<meta name=\"robots\" content=\"index, follow, max-snippet:-1, max-image-preview:large, max-video-preview:-1\" \/>\n<link rel=\"canonical\" href=\"https:\/\/www.haartick-extensions.de\/es\/shop\/echosline-curl-fluid\/\" \/>\n<meta property=\"og:locale\" content=\"es_ES\" \/>\n<meta property=\"og:type\" content=\"article\" \/>\n<meta property=\"og:title\" content=\"Echosline Curl Fluid - Haartick-Extensions\" \/>\n<meta property=\"og:description\" content=\"Inhalt: 200ml. Hinweis: Hygieneprodukte wie Shampoos, Masken, Hitzeschutzmittel, \u00d6le und L\u00f6sungen f\u00fcr Haarverl\u00e4ngerungen k\u00f6nnen wir ausschlie\u00dflich zur\u00fccknehmen, wenn sie unbenutzt, originalversiegelt und in einwandfreiem\u00a0Zustand\u00a0sind.\" \/>\n<meta property=\"og:url\" content=\"https:\/\/www.haartick-extensions.de\/es\/shop\/echosline-curl-fluid\/\" \/>\n<meta property=\"og:site_name\" content=\"Haartick-Extensions\" \/>\n<meta property=\"article:modified_time\" content=\"2025-08-23T09:40:48+00:00\" \/>\n<meta property=\"og:image\" content=\"https:\/\/www.haartick-extensions.de\/wp-content\/uploads\/2024\/11\/echosline-curl-fluid-vegan-fluessiges-veganes-fluid-zur-modellierung-von-lockigem-haar-200ml.jpg\" \/>\n\t<meta property=\"og:image:width\" content=\"800\" \/>\n\t<meta property=\"og:image:height\" content=\"800\" \/>\n\t<meta property=\"og:image:type\" content=\"image\/jpeg\" \/>\n<meta name=\"twitter:card\" content=\"summary_large_image\" \/>\n<meta name=\"twitter:label1\" content=\"Tiempo de lectura\" \/>\n\t<meta name=\"twitter:data1\" content=\"1 minuto\" \/>\n<script type=\"application\/ld+json\" class=\"yoast-schema-graph\">{\"@context\":\"https:\/\/schema.org\",\"@graph\":[{\"@type\":\"WebPage\",\"@id\":\"https:\/\/www.haartick-extensions.de\/fr\/shop\/echosline-curl-fluid\/\",\"url\":\"https:\/\/www.haartick-extensions.de\/fr\/shop\/echosline-curl-fluid\/\",\"name\":\"Echosline Curl Fluid - Haartick-Extensions\",\"isPartOf\":{\"@id\":\"https:\/\/www.haartick-extensions.de\/it\/#website\"},\"primaryImageOfPage\":{\"@id\":\"https:\/\/www.haartick-extensions.de\/fr\/shop\/echosline-curl-fluid\/#primaryimage\"},\"image\":{\"@id\":\"https:\/\/www.haartick-extensions.de\/fr\/shop\/echosline-curl-fluid\/#primaryimage\"},\"thumbnailUrl\":\"https:\/\/www.haartick-extensions.de\/wp-content\/uploads\/2024\/11\/echosline-curl-fluid-vegan-fluessiges-veganes-fluid-zur-modellierung-von-lockigem-haar-200ml.jpg\",\"datePublished\":\"2024-11-12T16:15:41+00:00\",\"dateModified\":\"2025-08-23T09:40:48+00:00\",\"breadcrumb\":{\"@id\":\"https:\/\/www.haartick-extensions.de\/fr\/shop\/echosline-curl-fluid\/#breadcrumb\"},\"inLanguage\":\"es\",\"potentialAction\":[{\"@type\":\"ReadAction\",\"target\":[\"https:\/\/www.haartick-extensions.de\/fr\/shop\/echosline-curl-fluid\/\"]}]},{\"@type\":\"ImageObject\",\"inLanguage\":\"es\",\"@id\":\"https:\/\/www.haartick-extensions.de\/fr\/shop\/echosline-curl-fluid\/#primaryimage\",\"url\":\"https:\/\/www.haartick-extensions.de\/wp-content\/uploads\/2024\/11\/echosline-curl-fluid-vegan-fluessiges-veganes-fluid-zur-modellierung-von-lockigem-haar-200ml.jpg\",\"contentUrl\":\"https:\/\/www.haartick-extensions.de\/wp-content\/uploads\/2024\/11\/echosline-curl-fluid-vegan-fluessiges-veganes-fluid-zur-modellierung-von-lockigem-haar-200ml.jpg\",\"width\":800,\"height\":800},{\"@type\":\"BreadcrumbList\",\"@id\":\"https:\/\/www.haartick-extensions.de\/fr\/shop\/echosline-curl-fluid\/#breadcrumb\",\"itemListElement\":[{\"@type\":\"ListItem\",\"position\":1,\"name\":\"Startseite\",\"item\":\"https:\/\/www.haartick-extensions.de\/it\/\"},{\"@type\":\"ListItem\",\"position\":2,\"name\":\"Shop\",\"item\":\"https:\/\/www.haartick-extensions.de\/ru\/shop\/\"},{\"@type\":\"ListItem\",\"position\":3,\"name\":\"Echosline Curl Fluid\"}]},{\"@type\":\"WebSite\",\"@id\":\"https:\/\/www.haartick-extensions.de\/it\/#website\",\"url\":\"https:\/\/www.haartick-extensions.de\/it\/\",\"name\":\"Haartick-Extensions\",\"description\":\"Professionelle Haarverl\u00e4ngerund \/ Haarverdichtung mit 100% Echthaar.\",\"publisher\":{\"@id\":\"https:\/\/www.haartick-extensions.de\/it\/#organization\"},\"potentialAction\":[{\"@type\":\"SearchAction\",\"target\":{\"@type\":\"EntryPoint\",\"urlTemplate\":\"https:\/\/www.haartick-extensions.de\/it\/?s={search_term_string}\"},\"query-input\":{\"@type\":\"PropertyValueSpecification\",\"valueRequired\":true,\"valueName\":\"search_term_string\"}}],\"inLanguage\":\"es\"},{\"@type\":\"Organization\",\"@id\":\"https:\/\/www.haartick-extensions.de\/it\/#organization\",\"name\":\"Haartick Extensions\",\"url\":\"https:\/\/www.haartick-extensions.de\/it\/\",\"logo\":{\"@type\":\"ImageObject\",\"inLanguage\":\"es\",\"@id\":\"https:\/\/www.haartick-extensions.de\/it\/#\/schema\/logo\/image\/\",\"url\":\"https:\/\/www.haartick-extensions.de\/wp-content\/uploads\/2024\/05\/cropped-Logo-mark-charm.png\",\"contentUrl\":\"https:\/\/www.haartick-extensions.de\/wp-content\/uploads\/2024\/05\/cropped-Logo-mark-charm.png\",\"width\":512,\"height\":512,\"caption\":\"Haartick Extensions\"},\"image\":{\"@id\":\"https:\/\/www.haartick-extensions.de\/it\/#\/schema\/logo\/image\/\"}}]}<\/script>\n<!-- \/ Yoast SEO plugin. -->","yoast_head_json":{"title":"Echosline Curl Fluid - Haartick-Extensions","robots":{"index":"index","follow":"follow","max-snippet":"max-snippet:-1","max-image-preview":"max-image-preview:large","max-video-preview":"max-video-preview:-1"},"canonical":"https:\/\/www.haartick-extensions.de\/es\/shop\/echosline-curl-fluid\/","og_locale":"es_ES","og_type":"article","og_title":"Echosline Curl Fluid - Haartick-Extensions","og_description":"Inhalt: 200ml. Hinweis: Hygieneprodukte wie Shampoos, Masken, Hitzeschutzmittel, \u00d6le und L\u00f6sungen f\u00fcr Haarverl\u00e4ngerungen k\u00f6nnen wir ausschlie\u00dflich zur\u00fccknehmen, wenn sie unbenutzt, originalversiegelt und in einwandfreiem\u00a0Zustand\u00a0sind.","og_url":"https:\/\/www.haartick-extensions.de\/es\/shop\/echosline-curl-fluid\/","og_site_name":"Haartick-Extensions","article_modified_time":"2025-08-23T09:40:48+00:00","og_image":[{"width":800,"height":800,"url":"https:\/\/www.haartick-extensions.de\/wp-content\/uploads\/2024\/11\/echosline-curl-fluid-vegan-fluessiges-veganes-fluid-zur-modellierung-von-lockigem-haar-200ml.jpg","type":"image\/jpeg"}],"twitter_card":"summary_large_image","twitter_misc":{"Tiempo de lectura":"1 minuto"},"schema":{"@context":"https:\/\/schema.org","@graph":[{"@type":"WebPage","@id":"https:\/\/www.haartick-extensions.de\/fr\/shop\/echosline-curl-fluid\/","url":"https:\/\/www.haartick-extensions.de\/fr\/shop\/echosline-curl-fluid\/","name":"Echosline Curl Fluid - Haartick-Extensions","isPartOf":{"@id":"https:\/\/www.haartick-extensions.de\/it\/#website"},"primaryImageOfPage":{"@id":"https:\/\/www.haartick-extensions.de\/fr\/shop\/echosline-curl-fluid\/#primaryimage"},"image":{"@id":"https:\/\/www.haartick-extensions.de\/fr\/shop\/echosline-curl-fluid\/#primaryimage"},"thumbnailUrl":"https:\/\/www.haartick-extensions.de\/wp-content\/uploads\/2024\/11\/echosline-curl-fluid-vegan-fluessiges-veganes-fluid-zur-modellierung-von-lockigem-haar-200ml.jpg","datePublished":"2024-11-12T16:15:41+00:00","dateModified":"2025-08-23T09:40:48+00:00","breadcrumb":{"@id":"https:\/\/www.haartick-extensions.de\/fr\/shop\/echosline-curl-fluid\/#breadcrumb"},"inLanguage":"es","potentialAction":[{"@type":"ReadAction","target":["https:\/\/www.haartick-extensions.de\/fr\/shop\/echosline-curl-fluid\/"]}]},{"@type":"ImageObject","inLanguage":"es","@id":"https:\/\/www.haartick-extensions.de\/fr\/shop\/echosline-curl-fluid\/#primaryimage","url":"https:\/\/www.haartick-extensions.de\/wp-content\/uploads\/2024\/11\/echosline-curl-fluid-vegan-fluessiges-veganes-fluid-zur-modellierung-von-lockigem-haar-200ml.jpg","contentUrl":"https:\/\/www.haartick-extensions.de\/wp-content\/uploads\/2024\/11\/echosline-curl-fluid-vegan-fluessiges-veganes-fluid-zur-modellierung-von-lockigem-haar-200ml.jpg","width":800,"height":800},{"@type":"BreadcrumbList","@id":"https:\/\/www.haartick-extensions.de\/fr\/shop\/echosline-curl-fluid\/#breadcrumb","itemListElement":[{"@type":"ListItem","position":1,"name":"Startseite","item":"https:\/\/www.haartick-extensions.de\/it\/"},{"@type":"ListItem","position":2,"name":"Shop","item":"https:\/\/www.haartick-extensions.de\/ru\/shop\/"},{"@type":"ListItem","position":3,"name":"Echosline Curl Fluid"}]},{"@type":"WebSite","@id":"https:\/\/www.haartick-extensions.de\/it\/#website","url":"https:\/\/www.haartick-extensions.de\/it\/","name":"Extensiones en barra","description":"Alargamiento y engrosamiento profesional del cabello con cabello humano 100%.","publisher":{"@id":"https:\/\/www.haartick-extensions.de\/it\/#organization"},"potentialAction":[{"@type":"SearchAction","target":{"@type":"EntryPoint","urlTemplate":"https:\/\/www.haartick-extensions.de\/it\/?s={search_term_string}"},"query-input":{"@type":"PropertyValueSpecification","valueRequired":true,"valueName":"search_term_string"}}],"inLanguage":"es"},{"@type":"Organization","@id":"https:\/\/www.haartick-extensions.de\/it\/#organization","name":"Extensiones Haartick","url":"https:\/\/www.haartick-extensions.de\/it\/","logo":{"@type":"ImageObject","inLanguage":"es","@id":"https:\/\/www.haartick-extensions.de\/it\/#\/schema\/logo\/image\/","url":"https:\/\/www.haartick-extensions.de\/wp-content\/uploads\/2024\/05\/cropped-Logo-mark-charm.png","contentUrl":"https:\/\/www.haartick-extensions.de\/wp-content\/uploads\/2024\/05\/cropped-Logo-mark-charm.png","width":512,"height":512,"caption":"Haartick Extensions"},"image":{"@id":"https:\/\/www.haartick-extensions.de\/it\/#\/schema\/logo\/image\/"}}]}},"_links":{"self":[{"href":"https:\/\/www.haartick-extensions.de\/es\/wp-json\/wp\/v2\/product\/22228","targetHints":{"allow":["GET"]}}],"collection":[{"href":"https:\/\/www.haartick-extensions.de\/es\/wp-json\/wp\/v2\/product"}],"about":[{"href":"https:\/\/www.haartick-extensions.de\/es\/wp-json\/wp\/v2\/types\/product"}],"replies":[{"embeddable":true,"href":"https:\/\/www.haartick-extensions.de\/es\/wp-json\/wp\/v2\/comments?post=22228"}],"version-history":[{"count":0,"href":"https:\/\/www.haartick-extensions.de\/es\/wp-json\/wp\/v2\/product\/22228\/revisions"}],"wp:featuredmedia":[{"embeddable":true,"href":"https:\/\/www.haartick-extensions.de\/es\/wp-json\/wp\/v2\/media\/22229"}],"wp:attachment":[{"href":"https:\/\/www.haartick-extensions.de\/es\/wp-json\/wp\/v2\/media?parent=22228"}],"wp:term":[{"taxonomy":"product_brand","embeddable":true,"href":"https:\/\/www.haartick-extensions.de\/es\/wp-json\/wp\/v2\/product_brand?post=22228"},{"taxonomy":"product_cat","embeddable":true,"href":"https:\/\/www.haartick-extensions.de\/es\/wp-json\/wp\/v2\/product_cat?post=22228"},{"taxonomy":"product_tag","embeddable":true,"href":"https:\/\/www.haartick-extensions.de\/es\/wp-json\/wp\/v2\/product_tag?post=22228"}],"curies":[{"name":"wp","href":"https:\/\/api.w.org\/{rel}","templated":true}]}}