{"id":23931,"date":"2025-05-20T18:27:28","date_gmt":"2025-05-20T18:27:28","guid":{"rendered":"https:\/\/www.haartick-extensions.de\/?post_type=product&#038;p=23931"},"modified":"2026-02-20T21:02:50","modified_gmt":"2026-02-20T21:02:50","slug":"professioneller-farbring-fuer-extensions-31-brillante-farben-inkl-fantasytoene","status":"publish","type":"product","link":"https:\/\/www.haartick-extensions.de\/es\/shop\/professioneller-farbring-fuer-extensions-31-brillante-farben-inkl-fantasytoene\/","title":{"rendered":"Anillo de color profesional para extensiones - 32 colores brillantes incl. tonos fantas\u00eda"},"content":{"rendered":"<div>Descubra toda la gama de colores con nuestro anillo de color de alta calidad para extensiones: la herramienta perfecta para peluqueros, estilistas y cualquier persona que trabaje con extensiones profesionales.<\/div>\n<div><\/div>\n<div>Con 32 tonos cuidadosamente seleccionados, el anillo de color ofrece una visi\u00f3n completa de todos los matices disponibles: desde tonos rubios, casta\u00f1os, negros y rojos naturales hasta expresivos tonos fantas\u00eda como el rojo, el burdeos o el naranja.<\/div>\n<div><\/div>\n<div>Cada color individual est\u00e1 etiquetado con un nombre de color claro y se presenta en un mech\u00f3n de cabello real de alta calidad, para una evaluaci\u00f3n realista del color, el brillo y la textura.<\/div>\n<div><\/div>\n<div><strong>Ideal para:<\/strong><\/div>\n<ul>\n<li>Consultas de color en el sal\u00f3n<\/li>\n<li>El color perfecto para las extensiones<\/li>\n<li>Clientes que quieren comparar diferentes tonos<\/li>\n<li>Looks creativos con colores naturales e inusuales<\/li>\n<\/ul>\n<div><\/div>\n<div><strong>Detalles del producto:<\/strong><\/div>\n<ul>\n<li>32 mechones de cabello humano (de color resistente y procesado de alta calidad)<\/li>\n<li>Pr\u00e1cticamente atado en una anilla resistente<\/li>\n<li>Compacto, manejable y f\u00e1cil de transportar<\/li>\n<li>Perfecto para el uso diario en el sal\u00f3n<\/li>\n<\/ul>\n<div><\/div>\n<div>Haga que la selecci\u00f3n de colores sea m\u00e1s f\u00e1cil y profesional para sus clientes: con este anillo de colores, siempre dar\u00e1 en el clavo.<\/div>","protected":false},"excerpt":{"rendered":"<div class=\"woocommerce-variation-description\">\n<p style=\"color: red;\">Tenga en cuenta que se trata de un pedido personalizado. Por lo tanto, no se admiten devoluciones y el plazo de entrega puede demorarse un poco m\u00e1s. Debido a la especial personalizaci\u00f3n y a los requisitos asociados a esta producci\u00f3n, concedemos especial importancia a la m\u00e1xima precisi\u00f3n y calidad. Esto requiere tiempo extra y una producci\u00f3n cuidadosa, as\u00ed como una inspecci\u00f3n minuciosa de su pedido.<\/p>\n<\/div>","protected":false},"featured_media":24560,"comment_status":"open","ping_status":"closed","template":"","meta":{"_joinchat":[]},"product_brand":[],"product_cat":[28],"product_tag":[],"class_list":{"0":"post-23931","1":"product","2":"type-product","3":"status-publish","4":"has-post-thumbnail","6":"product_cat-zubehoer","8":"first","9":"instock","10":"taxable","11":"shipping-taxable","12":"purchasable","13":"product-type-simple"},"yoast_head":"<!-- This site is optimized with the Yoast SEO plugin v25.6 - https:\/\/yoast.com\/wordpress\/plugins\/seo\/ -->\n<title>Professioneller Farbring f\u00fcr Extensions \u2013 32 brillante Farben inkl. Fantasyt\u00f6ne - Haartick-Extensions<\/title>\n<meta name=\"robots\" content=\"index, follow, max-snippet:-1, max-image-preview:large, max-video-preview:-1\" \/>\n<link rel=\"canonical\" href=\"https:\/\/www.haartick-extensions.de\/es\/shop\/professioneller-farbring-fuer-extensions-31-brillante-farben-inkl-fantasytoene\/\" \/>\n<meta property=\"og:locale\" content=\"es_ES\" \/>\n<meta property=\"og:type\" content=\"article\" \/>\n<meta property=\"og:title\" content=\"Professioneller Farbring f\u00fcr Extensions \u2013 32 brillante Farben inkl. Fantasyt\u00f6ne - Haartick-Extensions\" \/>\n<meta property=\"og:description\" content=\"Bitte beachten Sie, dass es sich um eine individuell angefertigte Bestellung handelt. Eine R\u00fcckgabe ist daher ausgeschlossen, und die Lieferzeit kann etwas l\u00e4nger dauern. Aufgrund der speziellen Anpassungen und Anforderungen, die mit dieser Anfertigung verbunden sind, legen wir besonderen Wert auf h\u00f6chste Pr\u00e4zision und Qualit\u00e4t. Dies erfordert zus\u00e4tzliche Zeit und eine sorgf\u00e4ltige Fertigung sowie eine gr\u00fcndliche Pr\u00fcfung Ihrer Bestellung.\" \/>\n<meta property=\"og:url\" content=\"https:\/\/www.haartick-extensions.de\/es\/shop\/professioneller-farbring-fuer-extensions-31-brillante-farben-inkl-fantasytoene\/\" \/>\n<meta property=\"og:site_name\" content=\"Haartick-Extensions\" \/>\n<meta property=\"article:modified_time\" content=\"2026-02-20T21:02:50+00:00\" \/>\n<meta property=\"og:image\" content=\"https:\/\/www.haartick-extensions.de\/wp-content\/uploads\/2025\/05\/Farbring.webp\" \/>\n\t<meta property=\"og:image:width\" content=\"1500\" \/>\n\t<meta property=\"og:image:height\" content=\"2000\" \/>\n\t<meta property=\"og:image:type\" content=\"image\/webp\" \/>\n<meta name=\"twitter:card\" content=\"summary_large_image\" \/>\n<meta name=\"twitter:label1\" content=\"Tiempo de lectura\" \/>\n\t<meta name=\"twitter:data1\" content=\"2 minutos\" \/>\n<script type=\"application\/ld+json\" class=\"yoast-schema-graph\">{\"@context\":\"https:\/\/schema.org\",\"@graph\":[{\"@type\":\"WebPage\",\"@id\":\"https:\/\/www.haartick-extensions.de\/de\/shop\/professioneller-farbring-fuer-extensions-31-brillante-farben-inkl-fantasytoene\/\",\"url\":\"https:\/\/www.haartick-extensions.de\/de\/shop\/professioneller-farbring-fuer-extensions-31-brillante-farben-inkl-fantasytoene\/\",\"name\":\"Professioneller Farbring f\u00fcr Extensions \u2013 32 brillante Farben inkl. Fantasyt\u00f6ne - Haartick-Extensions\",\"isPartOf\":{\"@id\":\"https:\/\/www.haartick-extensions.de\/it\/#website\"},\"primaryImageOfPage\":{\"@id\":\"https:\/\/www.haartick-extensions.de\/de\/shop\/professioneller-farbring-fuer-extensions-31-brillante-farben-inkl-fantasytoene\/#primaryimage\"},\"image\":{\"@id\":\"https:\/\/www.haartick-extensions.de\/de\/shop\/professioneller-farbring-fuer-extensions-31-brillante-farben-inkl-fantasytoene\/#primaryimage\"},\"thumbnailUrl\":\"https:\/\/www.haartick-extensions.de\/wp-content\/uploads\/2025\/05\/Farbring.webp\",\"datePublished\":\"2025-05-20T18:27:28+00:00\",\"dateModified\":\"2026-02-20T21:02:50+00:00\",\"breadcrumb\":{\"@id\":\"https:\/\/www.haartick-extensions.de\/de\/shop\/professioneller-farbring-fuer-extensions-31-brillante-farben-inkl-fantasytoene\/#breadcrumb\"},\"inLanguage\":\"es\",\"potentialAction\":[{\"@type\":\"ReadAction\",\"target\":[\"https:\/\/www.haartick-extensions.de\/de\/shop\/professioneller-farbring-fuer-extensions-31-brillante-farben-inkl-fantasytoene\/\"]}]},{\"@type\":\"ImageObject\",\"inLanguage\":\"es\",\"@id\":\"https:\/\/www.haartick-extensions.de\/de\/shop\/professioneller-farbring-fuer-extensions-31-brillante-farben-inkl-fantasytoene\/#primaryimage\",\"url\":\"https:\/\/www.haartick-extensions.de\/wp-content\/uploads\/2025\/05\/Farbring.webp\",\"contentUrl\":\"https:\/\/www.haartick-extensions.de\/wp-content\/uploads\/2025\/05\/Farbring.webp\",\"width\":1500,\"height\":2000},{\"@type\":\"BreadcrumbList\",\"@id\":\"https:\/\/www.haartick-extensions.de\/de\/shop\/professioneller-farbring-fuer-extensions-31-brillante-farben-inkl-fantasytoene\/#breadcrumb\",\"itemListElement\":[{\"@type\":\"ListItem\",\"position\":1,\"name\":\"Startseite\",\"item\":\"https:\/\/www.haartick-extensions.de\/it\/\"},{\"@type\":\"ListItem\",\"position\":2,\"name\":\"Shop\",\"item\":\"https:\/\/www.haartick-extensions.de\/ru\/shop\/\"},{\"@type\":\"ListItem\",\"position\":3,\"name\":\"Professioneller Farbring f\u00fcr Extensions \u2013 32 brillante Farben inkl. Fantasyt\u00f6ne\"}]},{\"@type\":\"WebSite\",\"@id\":\"https:\/\/www.haartick-extensions.de\/it\/#website\",\"url\":\"https:\/\/www.haartick-extensions.de\/it\/\",\"name\":\"Haartick-Extensions\",\"description\":\"Professionelle Haarverl\u00e4ngerund \/ Haarverdichtung mit 100% Echthaar.\",\"publisher\":{\"@id\":\"https:\/\/www.haartick-extensions.de\/it\/#organization\"},\"potentialAction\":[{\"@type\":\"SearchAction\",\"target\":{\"@type\":\"EntryPoint\",\"urlTemplate\":\"https:\/\/www.haartick-extensions.de\/it\/?s={search_term_string}\"},\"query-input\":{\"@type\":\"PropertyValueSpecification\",\"valueRequired\":true,\"valueName\":\"search_term_string\"}}],\"inLanguage\":\"es\"},{\"@type\":\"Organization\",\"@id\":\"https:\/\/www.haartick-extensions.de\/it\/#organization\",\"name\":\"Haartick Extensions\",\"url\":\"https:\/\/www.haartick-extensions.de\/it\/\",\"logo\":{\"@type\":\"ImageObject\",\"inLanguage\":\"es\",\"@id\":\"https:\/\/www.haartick-extensions.de\/it\/#\/schema\/logo\/image\/\",\"url\":\"https:\/\/www.haartick-extensions.de\/wp-content\/uploads\/2024\/05\/cropped-Logo-mark-charm.png\",\"contentUrl\":\"https:\/\/www.haartick-extensions.de\/wp-content\/uploads\/2024\/05\/cropped-Logo-mark-charm.png\",\"width\":512,\"height\":512,\"caption\":\"Haartick Extensions\"},\"image\":{\"@id\":\"https:\/\/www.haartick-extensions.de\/it\/#\/schema\/logo\/image\/\"}}]}<\/script>\n<!-- \/ Yoast SEO plugin. -->","yoast_head_json":{"title":"Professioneller Farbring f\u00fcr Extensions \u2013 32 brillante Farben inkl. Fantasyt\u00f6ne - Haartick-Extensions","robots":{"index":"index","follow":"follow","max-snippet":"max-snippet:-1","max-image-preview":"max-image-preview:large","max-video-preview":"max-video-preview:-1"},"canonical":"https:\/\/www.haartick-extensions.de\/es\/shop\/professioneller-farbring-fuer-extensions-31-brillante-farben-inkl-fantasytoene\/","og_locale":"es_ES","og_type":"article","og_title":"Professioneller Farbring f\u00fcr Extensions \u2013 32 brillante Farben inkl. Fantasyt\u00f6ne - Haartick-Extensions","og_description":"Bitte beachten Sie, dass es sich um eine individuell angefertigte Bestellung handelt. Eine R\u00fcckgabe ist daher ausgeschlossen, und die Lieferzeit kann etwas l\u00e4nger dauern. Aufgrund der speziellen Anpassungen und Anforderungen, die mit dieser Anfertigung verbunden sind, legen wir besonderen Wert auf h\u00f6chste Pr\u00e4zision und Qualit\u00e4t. Dies erfordert zus\u00e4tzliche Zeit und eine sorgf\u00e4ltige Fertigung sowie eine gr\u00fcndliche Pr\u00fcfung Ihrer Bestellung.","og_url":"https:\/\/www.haartick-extensions.de\/es\/shop\/professioneller-farbring-fuer-extensions-31-brillante-farben-inkl-fantasytoene\/","og_site_name":"Haartick-Extensions","article_modified_time":"2026-02-20T21:02:50+00:00","og_image":[{"width":1500,"height":2000,"url":"https:\/\/www.haartick-extensions.de\/wp-content\/uploads\/2025\/05\/Farbring.webp","type":"image\/webp"}],"twitter_card":"summary_large_image","twitter_misc":{"Tiempo de lectura":"2 minutos"},"schema":{"@context":"https:\/\/schema.org","@graph":[{"@type":"WebPage","@id":"https:\/\/www.haartick-extensions.de\/de\/shop\/professioneller-farbring-fuer-extensions-31-brillante-farben-inkl-fantasytoene\/","url":"https:\/\/www.haartick-extensions.de\/de\/shop\/professioneller-farbring-fuer-extensions-31-brillante-farben-inkl-fantasytoene\/","name":"Professioneller Farbring f\u00fcr Extensions \u2013 32 brillante Farben inkl. Fantasyt\u00f6ne - Haartick-Extensions","isPartOf":{"@id":"https:\/\/www.haartick-extensions.de\/it\/#website"},"primaryImageOfPage":{"@id":"https:\/\/www.haartick-extensions.de\/de\/shop\/professioneller-farbring-fuer-extensions-31-brillante-farben-inkl-fantasytoene\/#primaryimage"},"image":{"@id":"https:\/\/www.haartick-extensions.de\/de\/shop\/professioneller-farbring-fuer-extensions-31-brillante-farben-inkl-fantasytoene\/#primaryimage"},"thumbnailUrl":"https:\/\/www.haartick-extensions.de\/wp-content\/uploads\/2025\/05\/Farbring.webp","datePublished":"2025-05-20T18:27:28+00:00","dateModified":"2026-02-20T21:02:50+00:00","breadcrumb":{"@id":"https:\/\/www.haartick-extensions.de\/de\/shop\/professioneller-farbring-fuer-extensions-31-brillante-farben-inkl-fantasytoene\/#breadcrumb"},"inLanguage":"es","potentialAction":[{"@type":"ReadAction","target":["https:\/\/www.haartick-extensions.de\/de\/shop\/professioneller-farbring-fuer-extensions-31-brillante-farben-inkl-fantasytoene\/"]}]},{"@type":"ImageObject","inLanguage":"es","@id":"https:\/\/www.haartick-extensions.de\/de\/shop\/professioneller-farbring-fuer-extensions-31-brillante-farben-inkl-fantasytoene\/#primaryimage","url":"https:\/\/www.haartick-extensions.de\/wp-content\/uploads\/2025\/05\/Farbring.webp","contentUrl":"https:\/\/www.haartick-extensions.de\/wp-content\/uploads\/2025\/05\/Farbring.webp","width":1500,"height":2000},{"@type":"BreadcrumbList","@id":"https:\/\/www.haartick-extensions.de\/de\/shop\/professioneller-farbring-fuer-extensions-31-brillante-farben-inkl-fantasytoene\/#breadcrumb","itemListElement":[{"@type":"ListItem","position":1,"name":"Startseite","item":"https:\/\/www.haartick-extensions.de\/it\/"},{"@type":"ListItem","position":2,"name":"Shop","item":"https:\/\/www.haartick-extensions.de\/ru\/shop\/"},{"@type":"ListItem","position":3,"name":"Professioneller Farbring f\u00fcr Extensions \u2013 32 brillante Farben inkl. Fantasyt\u00f6ne"}]},{"@type":"WebSite","@id":"https:\/\/www.haartick-extensions.de\/it\/#website","url":"https:\/\/www.haartick-extensions.de\/it\/","name":"Extensiones en barra","description":"Alargamiento y engrosamiento profesional del cabello con cabello humano 100%.","publisher":{"@id":"https:\/\/www.haartick-extensions.de\/it\/#organization"},"potentialAction":[{"@type":"SearchAction","target":{"@type":"EntryPoint","urlTemplate":"https:\/\/www.haartick-extensions.de\/it\/?s={search_term_string}"},"query-input":{"@type":"PropertyValueSpecification","valueRequired":true,"valueName":"search_term_string"}}],"inLanguage":"es"},{"@type":"Organization","@id":"https:\/\/www.haartick-extensions.de\/it\/#organization","name":"Extensiones Haartick","url":"https:\/\/www.haartick-extensions.de\/it\/","logo":{"@type":"ImageObject","inLanguage":"es","@id":"https:\/\/www.haartick-extensions.de\/it\/#\/schema\/logo\/image\/","url":"https:\/\/www.haartick-extensions.de\/wp-content\/uploads\/2024\/05\/cropped-Logo-mark-charm.png","contentUrl":"https:\/\/www.haartick-extensions.de\/wp-content\/uploads\/2024\/05\/cropped-Logo-mark-charm.png","width":512,"height":512,"caption":"Haartick Extensions"},"image":{"@id":"https:\/\/www.haartick-extensions.de\/it\/#\/schema\/logo\/image\/"}}]}},"_links":{"self":[{"href":"https:\/\/www.haartick-extensions.de\/es\/wp-json\/wp\/v2\/product\/23931","targetHints":{"allow":["GET"]}}],"collection":[{"href":"https:\/\/www.haartick-extensions.de\/es\/wp-json\/wp\/v2\/product"}],"about":[{"href":"https:\/\/www.haartick-extensions.de\/es\/wp-json\/wp\/v2\/types\/product"}],"replies":[{"embeddable":true,"href":"https:\/\/www.haartick-extensions.de\/es\/wp-json\/wp\/v2\/comments?post=23931"}],"version-history":[{"count":0,"href":"https:\/\/www.haartick-extensions.de\/es\/wp-json\/wp\/v2\/product\/23931\/revisions"}],"wp:featuredmedia":[{"embeddable":true,"href":"https:\/\/www.haartick-extensions.de\/es\/wp-json\/wp\/v2\/media\/24560"}],"wp:attachment":[{"href":"https:\/\/www.haartick-extensions.de\/es\/wp-json\/wp\/v2\/media?parent=23931"}],"wp:term":[{"taxonomy":"product_brand","embeddable":true,"href":"https:\/\/www.haartick-extensions.de\/es\/wp-json\/wp\/v2\/product_brand?post=23931"},{"taxonomy":"product_cat","embeddable":true,"href":"https:\/\/www.haartick-extensions.de\/es\/wp-json\/wp\/v2\/product_cat?post=23931"},{"taxonomy":"product_tag","embeddable":true,"href":"https:\/\/www.haartick-extensions.de\/es\/wp-json\/wp\/v2\/product_tag?post=23931"}],"curies":[{"name":"wp","href":"https:\/\/api.w.org\/{rel}","templated":true}]}}