{"id":16853,"date":"2024-06-01T19:59:33","date_gmt":"2024-06-01T19:59:33","guid":{"rendered":"https:\/\/www.haartick-extensions.de\/wordpress\/?page_id=16853"},"modified":"2026-01-04T15:52:47","modified_gmt":"2026-01-04T15:52:47","slug":"preise","status":"publish","type":"page","link":"https:\/\/www.haartick-extensions.de\/fr\/preise\/","title":{"rendered":"Prix"},"content":{"rendered":"<div data-elementor-type=\"wp-page\" data-elementor-id=\"16853\" class=\"elementor elementor-16853\" data-elementor-post-type=\"page\">\n\t\t\t\t\t\t<section class=\"wd-negative-gap elementor-section elementor-top-section elementor-element elementor-element-614585d elementor-section-full_width elementor-section-height-default elementor-section-height-default\" data-id=\"614585d\" data-element_type=\"section\">\n\t\t\t\t\t\t<div class=\"elementor-container elementor-column-gap-default\">\n\t\t\t\t\t<div class=\"elementor-column elementor-col-100 elementor-top-column elementor-element elementor-element-60a610ba\" data-id=\"60a610ba\" data-element_type=\"column\">\n\t\t\t<div class=\"elementor-widget-wrap elementor-element-populated\">\n\t\t\t\t\t\t<div class=\"elementor-element elementor-element-6d68330d wd-width-100 elementor-widget elementor-widget-wd_title\" data-id=\"6d68330d\" data-element_type=\"widget\" data-widget_type=\"wd_title.default\">\n\t\t\t\t<div class=\"elementor-widget-container\">\n\t\t\t\t\t\t\t<div class=\"title-wrapper wd-set-mb reset-last-child wd-title-color-primary wd-title-style-bordered wd-title-size-default text-center\">\n\n\t\t\t\t\t\t\t\t\t\t\t<div class=\"title-subtitle subtitle-color-primary subtitle-style-default wd-fontsize-xs\">\n\t\t\t\t\tvalable \u00e0 partir du 01.01.2026\t\t\t\t<\/div>\n\t\t\t\n\t\t\t<div class=\"liner-continer\">\n\t\t\t\t<h4 class=\"woodmart-title-container title wd-fontsize-l\">Liste de prix extensions de cheveux <\/h4> \n\t\t\t\t\t\t\t<\/div>\n\n\t\t\t\t\t<\/div>\n\t\t\t\t\t\t<\/div>\n\t\t\t\t<\/div>\n\t\t\t\t<div class=\"elementor-element elementor-element-8339643 color-scheme-inherit text-left elementor-widget elementor-widget-text-editor\" data-id=\"8339643\" data-element_type=\"widget\" data-widget_type=\"text-editor.default\">\n\t\t\t\t<div class=\"elementor-widget-container\">\n\t\t\t\t\t\t\t\t\t<div style=\"background: #fcf0f2; padding: 10px;\"><strong>M\u00e9thode de bonding<\/strong>\ny compris les cheveux humains r\u00e9utilisables 100% - lisses, ondul\u00e9s, boucl\u00e9s<\/div>\n<div style=\"background: #fcf0f2; padding: 10px;\"><span>Conseil, pose &amp; coupe d'adaptation des extensions<\/span><\/div>\t\t\t\t\t\t\t\t<\/div>\n\t\t\t\t<\/div>\n\t\t\t\t<div class=\"elementor-element elementor-element-85dff58 text-center color-scheme-inherit elementor-widget elementor-widget-text-editor\" data-id=\"85dff58\" data-element_type=\"widget\" data-widget_type=\"text-editor.default\">\n\t\t\t\t<div class=\"elementor-widget-container\">\n\t\t\t\t\t\t\t\t\t<table style=\"border: 1px solid #0000001b;\">\n<thead style=\"border-top: 1px solid #0000001b;\">\n<tr>\n<td colspan=\"2\"><strong style=\"color: #d57988;\">40cm (0,8 grammes par m\u00e8che)<\/strong><\/td>\n<\/tr>\n<\/thead>\n<tbody>\n<tr>\n<td>100 m\u00e8ches<\/td>\n<td>359 \u20ac<\/td>\n<\/tr>\n<tr>\n<td>125 m\u00e8ches<\/td>\n<td>449 \u20ac<\/td>\n<\/tr>\n<tr>\n<td>150 m\u00e8ches<\/td>\n<td>535 \u20ac<\/td>\n<\/tr>\n<tr>\n<td>175 m\u00e8ches<\/td>\n<td>615 \u20ac<\/td>\n<\/tr>\n<tr>\n<td>200 m\u00e8ches<\/td>\n<td>705 \u20ac<\/td>\n<\/tr>\n<\/tbody>\n<\/table>\n<table style=\"border: 1px solid #0000001b;\">\n<thead style=\"border-top: 1px solid #0000001b;\">\n<tr>\n<td colspan=\"2\"><strong style=\"color: #d57988;\">50cm (0,8 grammes par m\u00e8che)<\/strong><\/td>\n<\/tr>\n<\/thead>\n<tbody>\n<tr>\n<td>100 m\u00e8ches<\/td>\n<td>399 \u20ac<\/td>\n<\/tr>\n<tr>\n<td>125 m\u00e8ches<\/td>\n<td>499 \u20ac<\/td>\n<\/tr>\n<tr>\n<td>150 m\u00e8ches<\/td>\n<td>589 \u20ac<\/td>\n<\/tr>\n<tr>\n<td>175 m\u00e8ches<\/td>\n<td>689 \u20ac<\/td>\n<\/tr>\n<tr>\n<td>200 m\u00e8ches<\/td>\n<td>789 \u20ac<\/td>\n<\/tr>\n<\/tbody>\n<\/table>\n<table style=\"border: 1px solid #0000001b;\">\n<thead style=\"border-top: 1px solid #0000001b;\">\n<tr>\n<td colspan=\"2\"><strong style=\"color: #d57988;\">60cm (0,8 grammes par m\u00e8che)<\/strong><\/td>\n<\/tr>\n<\/thead>\n<tbody>\n<tr>\n<td>100 m\u00e8ches<\/td>\n<td>435 \u20ac<\/td>\n<\/tr>\n<tr>\n<td>125 m\u00e8ches<\/td>\n<td>539 \u20ac<\/td>\n<\/tr>\n<tr>\n<td>150 m\u00e8ches<\/td>\n<td>645 \u20ac<\/td>\n<\/tr>\n<tr>\n<td>175 m\u00e8ches<\/td>\n<td>749 \u20ac<\/td>\n<\/tr>\n<tr>\n<td>200 m\u00e8ches<\/td>\n<td>855 \u20ac<\/td>\n<\/tr>\n<\/tbody>\n<\/table>\n<table style=\"border: 1px solid #0000001b;\">\n<thead style=\"border-top: 1px solid #0000001b;\">\n<tr>\n<td colspan=\"2\"><strong style=\"color: #d57988;\">70cm (1 gramme par m\u00e8che)<\/strong><\/td>\n<\/tr>\n<\/thead>\n<tbody>\n<tr>\n<td>100 m\u00e8ches<\/td>\n<td>575 \u20ac<\/td>\n<\/tr>\n<tr>\n<td>125 m\u00e8ches<\/td>\n<td>719 \u20ac<\/td>\n<\/tr>\n<tr>\n<td>150 m\u00e8ches<\/td>\n<td>865 \u20ac<\/td>\n<\/tr>\n<tr>\n<td>175 m\u00e8ches<\/td>\n<td>999 \u20ac<\/td>\n<\/tr>\n<tr>\n<td>200 m\u00e8ches<\/td>\n<td>1139 \u20ac<\/td>\n<\/tr>\n<\/tbody>\n<\/table>\t\t\t\t\t\t\t\t<\/div>\n\t\t\t\t<\/div>\n\t\t\t\t<div class=\"elementor-element elementor-element-2ac83a2 color-scheme-inherit text-left elementor-widget elementor-widget-text-editor\" data-id=\"2ac83a2\" data-element_type=\"widget\" data-widget_type=\"text-editor.default\">\n\t\t\t\t<div class=\"elementor-widget-container\">\n\t\t\t\t\t\t\t\t\t<div style=\"background: #fcf0f2; padding: 10px;\"><strong>M\u00e9thode Tape<\/strong><br>y compris les cheveux humains r\u00e9utilisables 100% - lisses<\/div>\n<div style=\"background: #fcf0f2; padding: 10px;\">Conseil, pose &amp; coupe d'adaptation des extensions<\/div>\t\t\t\t\t\t\t\t<\/div>\n\t\t\t\t<\/div>\n\t\t\t\t<div class=\"elementor-element elementor-element-752cb65 color-scheme-inherit text-left elementor-widget elementor-widget-text-editor\" data-id=\"752cb65\" data-element_type=\"widget\" data-widget_type=\"text-editor.default\">\n\t\t\t\t<div class=\"elementor-widget-container\">\n\t\t\t\t\t\t\t\t\t<div style=\"background: #fcf0f2; padding: 10px;\"><strong>50cm <\/strong>cheveux r\u00e9utilisables <strong>lisse<\/strong> <strong>M\u00e9thode du tape<\/strong>La pose et l'adaptation des extensions sont incluses :<\/div>\t\t\t\t\t\t\t\t<\/div>\n\t\t\t\t<\/div>\n\t\t\t\t<div class=\"elementor-element elementor-element-5bcef81 text-center color-scheme-inherit elementor-widget elementor-widget-text-editor\" data-id=\"5bcef81\" data-element_type=\"widget\" data-widget_type=\"text-editor.default\">\n\t\t\t\t<div class=\"elementor-widget-container\">\n\t\t\t\t\t\t\t\t\t<table style=\"border: 1px solid #0000001b;\"><thead style=\"border-top: 1px solid #0000001b;\"><\/thead><tbody><tr><td>40 Tape<\/td><td>409 \u20ac<\/td><\/tr><tr><td>50 Tape<\/td><td>505 \u20ac<\/td><\/tr><tr><td>60 Tape<\/td><td>599 \u20ac<\/td><\/tr><tr><td>70 Tape<\/td><td>689 \u20ac<\/td><\/tr><tr><td>80 Tape<\/td><td>785 \u20ac<\/td><\/tr><\/tbody><\/table>\t\t\t\t\t\t\t\t<\/div>\n\t\t\t\t<\/div>\n\t\t\t\t<div class=\"elementor-element elementor-element-adf2714 color-scheme-inherit text-left elementor-widget elementor-widget-text-editor\" data-id=\"adf2714\" data-element_type=\"widget\" data-widget_type=\"text-editor.default\">\n\t\t\t\t<div class=\"elementor-widget-container\">\n\t\t\t\t\t\t\t\t\t<div style=\"background: #fcf0f2; padding: 10px;\"><strong>60cm <\/strong>cheveux r\u00e9utilisables <strong>lisse<\/strong> <strong>M\u00e9thode du tape<\/strong>La pose et l'adaptation des extensions sont incluses :<\/div>\t\t\t\t\t\t\t\t<\/div>\n\t\t\t\t<\/div>\n\t\t\t\t<div class=\"elementor-element elementor-element-5855f83 text-center color-scheme-inherit elementor-widget elementor-widget-text-editor\" data-id=\"5855f83\" data-element_type=\"widget\" data-widget_type=\"text-editor.default\">\n\t\t\t\t<div class=\"elementor-widget-container\">\n\t\t\t\t\t\t\t\t\t<table style=\"border: 1px solid #0000001b;\">\n<tbody>\n<tr>\n<td>40 Tape<\/td>\n<td>459 \u20ac<\/td>\n<\/tr>\n<tr>\n<td>50 Tape<\/td>\n<td>565 \u20ac<\/td>\n<\/tr>\n<tr>\n<td>60 Tape<\/td>\n<td>669 \u20ac<\/td>\n<\/tr>\n<tr>\n<td>70 Tape<\/td>\n<td>779 \u20ac<\/td>\n<\/tr>\n<tr>\n<td>80 Tape<\/td>\n<td>885 \u20ac<\/td>\n<\/tr>\n<\/tbody>\n<\/table>\t\t\t\t\t\t\t\t<\/div>\n\t\t\t\t<\/div>\n\t\t\t\t<div class=\"elementor-element elementor-element-e42547c color-scheme-inherit text-left elementor-widget elementor-widget-text-editor\" data-id=\"e42547c\" data-element_type=\"widget\" data-widget_type=\"text-editor.default\">\n\t\t\t\t<div class=\"elementor-widget-container\">\n\t\t\t\t\t\t\t\t\t<p><strong style=\"color: #d57988;\">Enlever &amp; peigner<\/strong> <strong style=\"color: #d57988;\">par employ\u00e9 et par heure<\/strong> \u00e0 partir de 70 \u20ac selon le travail et l'\u00e9tat<\/p>\n<p><strong style=\"color: #d57988;\">Lavage des cheveux (se s\u00e9cher les cheveux soi-m\u00eame)<\/strong>) Remettre les extensions apr\u00e8s 25 \u20ac.<\/p>\n<p><strong style=\"color: #d57988;\">Lavage des cheveux, y compris le s\u00e9chage <\/strong>ne plus utiliser d'extensions par la suite 30 \u20ac.<\/p>\n<p><strong style=\"color: #d57988;\">Lisser les cheveux<\/strong> ne plus utiliser d'extensions par la suite 15 \u20ac.<\/p>\n<p><strong style=\"color: #d57988;\">Boucles, ondulations<\/strong> y compris laque pour cheveux 40 \u20ac.<\/p>\n<p><strong style=\"color: #d57988;\">Coupe de nettoyage<\/strong> <strong style=\"color: #d57988;\">par collaborateur et par demi-heure<\/strong> \u00e0 partir de 40 \u20ac selon le travail et l'\u00e9tat<\/p>\n<p><strong style=\"color: #d57988;\">Rebonden <\/strong>0,90 \u20ac par m\u00e8che (si les cheveux sont en mauvais \u00e9tat, ou si les m\u00e8ches ne sont pas tri\u00e9es par longueur - suppl\u00e9ment)<\/p>\t\t\t\t\t\t\t\t<\/div>\n\t\t\t\t<\/div>\n\t\t\t\t<div class=\"elementor-element elementor-element-fb9654f color-scheme-inherit text-left elementor-widget elementor-widget-text-editor\" data-id=\"fb9654f\" data-element_type=\"widget\" data-widget_type=\"text-editor.default\">\n\t\t\t\t<div class=\"elementor-widget-container\">\n\t\t\t\t\t\t\t\t\t<div style=\"background: #fcf0f2; padding: 10px;\"><p><strong>Utiliser uniquement les bondings<\/strong>\u00a0(selon la quantit\u00e9)<\/p><\/div>\t\t\t\t\t\t\t\t<\/div>\n\t\t\t\t<\/div>\n\t\t\t\t<div class=\"elementor-element elementor-element-ba4d285 text-center color-scheme-inherit elementor-widget elementor-widget-text-editor\" data-id=\"ba4d285\" data-element_type=\"widget\" data-widget_type=\"text-editor.default\">\n\t\t\t\t<div class=\"elementor-widget-container\">\n\t\t\t\t\t\t\t\t\t<table style=\"border: 1px solid #0000001b;\"><tbody><tr><td>1-24 m\u00e8ches<\/td><td>39 \u20ac<\/td><\/tr><tr><td>25-49 m\u00e8ches<\/td><td>75 \u20ac<\/td><\/tr><tr><td>50-100 m\u00e8ches<\/td><td>150 \u20ac<\/td><\/tr><tr><td>par m\u00e8che suppl\u00e9mentaire<\/td><td>1,50 \u20ac<\/td><\/tr><\/tbody><\/table>\t\t\t\t\t\t\t\t<\/div>\n\t\t\t\t<\/div>\n\t\t\t\t<div class=\"elementor-element elementor-element-23c1e94 color-scheme-inherit text-left elementor-widget elementor-widget-text-editor\" data-id=\"23c1e94\" data-element_type=\"widget\" data-widget_type=\"text-editor.default\">\n\t\t\t\t<div class=\"elementor-widget-container\">\n\t\t\t\t\t\t\t\t\t<div style=\"background: #fcf0f2; padding: 10px;\"><p><strong>Utiliser des bondings \u00e9trangers<\/strong>\u00a0(selon la quantit\u00e9)<\/p><\/div>\t\t\t\t\t\t\t\t<\/div>\n\t\t\t\t<\/div>\n\t\t\t\t<div class=\"elementor-element elementor-element-ba27ceb text-center color-scheme-inherit elementor-widget elementor-widget-text-editor\" data-id=\"ba27ceb\" data-element_type=\"widget\" data-widget_type=\"text-editor.default\">\n\t\t\t\t<div class=\"elementor-widget-container\">\n\t\t\t\t\t\t\t\t\t<table style=\"border: 1px solid #0000001b;\"><tbody><tr><td>1-24 m\u00e8ches<\/td><td>44 \u20ac<\/td><\/tr><tr><td>25-49 m\u00e8ches<\/td><td>87 \u20ac<\/td><\/tr><tr><td>50-100 m\u00e8ches<\/td><td>175 \u20ac<\/td><\/tr><tr><td>par m\u00e8che suppl\u00e9mentaire<\/td><td>1,75 \u20ac<\/td><\/tr><\/tbody><\/table>\t\t\t\t\t\t\t\t<\/div>\n\t\t\t\t<\/div>\n\t\t\t\t<div class=\"elementor-element elementor-element-b5acff4 color-scheme-inherit text-left elementor-widget elementor-widget-text-editor\" data-id=\"b5acff4\" data-element_type=\"widget\" data-widget_type=\"text-editor.default\">\n\t\t\t\t<div class=\"elementor-widget-container\">\n\t\t\t\t\t\t\t\t\t<div style=\"background: #fcf0f2; padding: 10px;\"><p><strong>Utiliser uniquement du ruban adh\u00e9sif<\/strong> \u00e0 partir de 75 \u20ac (selon la quantit\u00e9)<\/p><\/div>\t\t\t\t\t\t\t\t<\/div>\n\t\t\t\t<\/div>\n\t\t\t\t<div class=\"elementor-element elementor-element-8b0614a text-center color-scheme-inherit elementor-widget elementor-widget-text-editor\" data-id=\"8b0614a\" data-element_type=\"widget\" data-widget_type=\"text-editor.default\">\n\t\t\t\t<div class=\"elementor-widget-container\">\n\t\t\t\t\t\t\t\t\t<table style=\"border: 1px solid #0000001b;\"><tbody><tr><td>0-40 Tape\u00a0 \u00a0\u00a0<\/td><td>75 \u20ac<\/td><\/tr><tr><td>40-50 Tape<\/td><td>85 \u20ac<\/td><\/tr><tr><td>50-60 Tape<\/td><td>95 \u20ac<\/td><\/tr><tr><td>60-70 Tape<\/td><td>105 \u20ac<\/td><\/tr><tr><td>70-80 Tape<\/td><td>115 \u20ac<\/td><\/tr><\/tbody><\/table>\t\t\t\t\t\t\t\t<\/div>\n\t\t\t\t<\/div>\n\t\t\t\t<div class=\"elementor-element elementor-element-f96e1c2 color-scheme-inherit text-left elementor-widget elementor-widget-text-editor\" data-id=\"f96e1c2\" data-element_type=\"widget\" data-widget_type=\"text-editor.default\">\n\t\t\t\t<div class=\"elementor-widget-container\">\n\t\t\t\t\t\t\t\t\t<div style=\"background: #fcf0f2; padding: 10px;\"><p><strong>Retaper les bandes<\/strong> \u00e0 partir de 45 \u20ac (en cas de mauvais \u00e9tat ou non tri\u00e9 par longueur - suppl\u00e9ment)<\/p><\/div>\t\t\t\t\t\t\t\t<\/div>\n\t\t\t\t<\/div>\n\t\t\t\t<div class=\"elementor-element elementor-element-feb826d text-center color-scheme-inherit elementor-widget elementor-widget-text-editor\" data-id=\"feb826d\" data-element_type=\"widget\" data-widget_type=\"text-editor.default\">\n\t\t\t\t<div class=\"elementor-widget-container\">\n\t\t\t\t\t\t\t\t\t<table style=\"border: 1px solid #0000001b;\"><tbody><tr><td>0-40 Tape\u00a0 \u00a0\u00a0<\/td><td>45 \u20ac<\/td><\/tr><tr><td>40-50 Tape<\/td><td>55 \u20ac<\/td><\/tr><tr><td>50-60 Tape<\/td><td>65 \u20ac<\/td><\/tr><tr><td>60-70 Tape<\/td><td>75 \u20ac<\/td><\/tr><tr><td>70-80 Tape<\/td><td>85 \u20ac<\/td><\/tr><\/tbody><\/table>\t\t\t\t\t\t\t\t<\/div>\n\t\t\t\t<\/div>\n\t\t\t\t<div class=\"elementor-element elementor-element-00f96da color-scheme-inherit text-left elementor-widget elementor-widget-text-editor\" data-id=\"00f96da\" data-element_type=\"widget\" data-widget_type=\"text-editor.default\">\n\t\t\t\t<div class=\"elementor-widget-container\">\n\t\t\t\t\t\t\t\t\t<div style=\"background: #fcf0f2; padding: 10px;\"><p><strong>Nettoyer les bandes<\/strong> \u00e0 partir de 35 \u20ac (en cas de mauvais \u00e9tat ou non tri\u00e9s par longueur - suppl\u00e9ment)<\/p><\/div>\t\t\t\t\t\t\t\t<\/div>\n\t\t\t\t<\/div>\n\t\t\t\t<div class=\"elementor-element elementor-element-65026ee text-center color-scheme-inherit elementor-widget elementor-widget-text-editor\" data-id=\"65026ee\" data-element_type=\"widget\" data-widget_type=\"text-editor.default\">\n\t\t\t\t<div class=\"elementor-widget-container\">\n\t\t\t\t\t\t\t\t\t<table style=\"border: 1px solid #0000001b;\"><tbody><tr><td>0-40 Tape\u00a0 \u00a0\u00a0<\/td><td>35 \u20ac<\/td><\/tr><tr><td>40-50 Tape<\/td><td>45 \u20ac<\/td><\/tr><tr><td>50-60 Tape<\/td><td>55 \u20ac<\/td><\/tr><tr><td>60-70 Tape<\/td><td>65 \u20ac<\/td><\/tr><tr><td>70-80 Tape<\/td><td>75 \u20ac<\/td><\/tr><\/tbody><\/table>\t\t\t\t\t\t\t\t<\/div>\n\t\t\t\t<\/div>\n\t\t\t\t<div class=\"elementor-element elementor-element-3a7b926 color-scheme-inherit text-left elementor-widget elementor-widget-text-editor\" data-id=\"3a7b926\" data-element_type=\"widget\" data-widget_type=\"text-editor.default\">\n\t\t\t\t<div class=\"elementor-widget-container\">\n\t\t\t\t\t\t\t\t\t<p><strong style=\"color: #d57988;\">Lissage du biok\u00e9rat<\/strong><\/p><p>masque capillaire et shampooing inclus<\/p><p>Cheveux fins, courts 270 \u20ac<\/p><p>Longueur et densit\u00e9 moyennes des cheveux 285 \u20ac<\/p><p>Cheveux longs et \u00e9pais 310 \u20ac<\/p>\t\t\t\t\t\t\t\t<\/div>\n\t\t\t\t<\/div>\n\t\t\t\t\t<\/div>\n\t\t<\/div>\n\t\t\t\t\t<\/div>\n\t\t<\/section>\n\t\t\t\t<\/div>","protected":false},"excerpt":{"rendered":"<p>g\u00fcltig ab 01.01.2026 Preisliste Haartick-Extensions Bonding-Methode inkl. wiederverwendbares, 100% Echthaar &#8211; glatt, gewellt, lockig Beratung, Einsetzen &amp; Anpassungsschnitt der Extensions<\/p>","protected":false},"author":1,"featured_media":0,"parent":0,"menu_order":0,"comment_status":"closed","ping_status":"closed","template":"","meta":{"_joinchat":[],"footnotes":""},"class_list":["post-16853","page","type-page","status-publish","hentry"],"yoast_head":"<!-- This site is optimized with the Yoast SEO plugin v25.6 - https:\/\/yoast.com\/wordpress\/plugins\/seo\/ -->\n<title>Preise - Haartick-Extensions<\/title>\n<meta name=\"description\" content=\"Preisliste Haartick-Extensions\" \/>\n<meta name=\"robots\" content=\"index, follow, max-snippet:-1, max-image-preview:large, max-video-preview:-1\" \/>\n<link rel=\"canonical\" href=\"https:\/\/www.haartick-extensions.de\/fr\/preise\/\" \/>\n<meta property=\"og:locale\" content=\"fr_FR\" \/>\n<meta property=\"og:type\" content=\"article\" \/>\n<meta property=\"og:title\" content=\"Preise - Haartick-Extensions\" \/>\n<meta property=\"og:description\" content=\"Preisliste Haartick-Extensions\" \/>\n<meta property=\"og:url\" content=\"https:\/\/www.haartick-extensions.de\/fr\/preise\/\" \/>\n<meta property=\"og:site_name\" content=\"Haartick-Extensions\" \/>\n<meta property=\"article:modified_time\" content=\"2026-01-04T15:52:47+00:00\" \/>\n<meta name=\"twitter:card\" content=\"summary_large_image\" \/>\n<meta name=\"twitter:label1\" content=\"Dur\u00e9e de lecture estim\u00e9e\" \/>\n\t<meta name=\"twitter:data1\" content=\"3 minutes\" \/>\n<script type=\"application\/ld+json\" class=\"yoast-schema-graph\">{\"@context\":\"https:\/\/schema.org\",\"@graph\":[{\"@type\":\"WebPage\",\"@id\":\"https:\/\/www.haartick-extensions.de\/de\/preise\/\",\"url\":\"https:\/\/www.haartick-extensions.de\/de\/preise\/\",\"name\":\"Preise - Haartick-Extensions\",\"isPartOf\":{\"@id\":\"https:\/\/www.haartick-extensions.de\/it\/#website\"},\"datePublished\":\"2024-06-01T19:59:33+00:00\",\"dateModified\":\"2026-01-04T15:52:47+00:00\",\"description\":\"Preisliste Haartick-Extensions\",\"breadcrumb\":{\"@id\":\"https:\/\/www.haartick-extensions.de\/de\/preise\/#breadcrumb\"},\"inLanguage\":\"fr-FR\",\"potentialAction\":[{\"@type\":\"ReadAction\",\"target\":[\"https:\/\/www.haartick-extensions.de\/de\/preise\/\"]}]},{\"@type\":\"BreadcrumbList\",\"@id\":\"https:\/\/www.haartick-extensions.de\/de\/preise\/#breadcrumb\",\"itemListElement\":[{\"@type\":\"ListItem\",\"position\":1,\"name\":\"Startseite\",\"item\":\"https:\/\/www.haartick-extensions.de\/it\/\"},{\"@type\":\"ListItem\",\"position\":2,\"name\":\"Preise\"}]},{\"@type\":\"WebSite\",\"@id\":\"https:\/\/www.haartick-extensions.de\/it\/#website\",\"url\":\"https:\/\/www.haartick-extensions.de\/it\/\",\"name\":\"Haartick-Extensions\",\"description\":\"Professionelle Haarverl\u00e4ngerund \/ Haarverdichtung mit 100% Echthaar.\",\"publisher\":{\"@id\":\"https:\/\/www.haartick-extensions.de\/it\/#organization\"},\"potentialAction\":[{\"@type\":\"SearchAction\",\"target\":{\"@type\":\"EntryPoint\",\"urlTemplate\":\"https:\/\/www.haartick-extensions.de\/it\/?s={search_term_string}\"},\"query-input\":{\"@type\":\"PropertyValueSpecification\",\"valueRequired\":true,\"valueName\":\"search_term_string\"}}],\"inLanguage\":\"fr-FR\"},{\"@type\":\"Organization\",\"@id\":\"https:\/\/www.haartick-extensions.de\/it\/#organization\",\"name\":\"Haartick Extensions\",\"url\":\"https:\/\/www.haartick-extensions.de\/it\/\",\"logo\":{\"@type\":\"ImageObject\",\"inLanguage\":\"fr-FR\",\"@id\":\"https:\/\/www.haartick-extensions.de\/it\/#\/schema\/logo\/image\/\",\"url\":\"https:\/\/www.haartick-extensions.de\/wp-content\/uploads\/2024\/05\/cropped-Logo-mark-charm.png\",\"contentUrl\":\"https:\/\/www.haartick-extensions.de\/wp-content\/uploads\/2024\/05\/cropped-Logo-mark-charm.png\",\"width\":512,\"height\":512,\"caption\":\"Haartick Extensions\"},\"image\":{\"@id\":\"https:\/\/www.haartick-extensions.de\/it\/#\/schema\/logo\/image\/\"}}]}<\/script>\n<!-- \/ Yoast SEO plugin. -->","yoast_head_json":{"title":"Preise - Haartick-Extensions","description":"Liste de prix extensions de cheveux","robots":{"index":"index","follow":"follow","max-snippet":"max-snippet:-1","max-image-preview":"max-image-preview:large","max-video-preview":"max-video-preview:-1"},"canonical":"https:\/\/www.haartick-extensions.de\/fr\/preise\/","og_locale":"fr_FR","og_type":"article","og_title":"Preise - Haartick-Extensions","og_description":"Preisliste Haartick-Extensions","og_url":"https:\/\/www.haartick-extensions.de\/fr\/preise\/","og_site_name":"Haartick-Extensions","article_modified_time":"2026-01-04T15:52:47+00:00","twitter_card":"summary_large_image","twitter_misc":{"Dur\u00e9e de lecture estim\u00e9e":"3 minutes"},"schema":{"@context":"https:\/\/schema.org","@graph":[{"@type":"WebPage","@id":"https:\/\/www.haartick-extensions.de\/de\/preise\/","url":"https:\/\/www.haartick-extensions.de\/de\/preise\/","name":"Preise - Haartick-Extensions","isPartOf":{"@id":"https:\/\/www.haartick-extensions.de\/it\/#website"},"datePublished":"2024-06-01T19:59:33+00:00","dateModified":"2026-01-04T15:52:47+00:00","description":"Liste de prix extensions de cheveux","breadcrumb":{"@id":"https:\/\/www.haartick-extensions.de\/de\/preise\/#breadcrumb"},"inLanguage":"fr-FR","potentialAction":[{"@type":"ReadAction","target":["https:\/\/www.haartick-extensions.de\/de\/preise\/"]}]},{"@type":"BreadcrumbList","@id":"https:\/\/www.haartick-extensions.de\/de\/preise\/#breadcrumb","itemListElement":[{"@type":"ListItem","position":1,"name":"Startseite","item":"https:\/\/www.haartick-extensions.de\/it\/"},{"@type":"ListItem","position":2,"name":"Preise"}]},{"@type":"WebSite","@id":"https:\/\/www.haartick-extensions.de\/it\/#website","url":"https:\/\/www.haartick-extensions.de\/it\/","name":"Extensions de tic de cheveux","description":"Extension et \u00e9paississement professionnels des cheveux avec 100% cheveux humains.","publisher":{"@id":"https:\/\/www.haartick-extensions.de\/it\/#organization"},"potentialAction":[{"@type":"SearchAction","target":{"@type":"EntryPoint","urlTemplate":"https:\/\/www.haartick-extensions.de\/it\/?s={search_term_string}"},"query-input":{"@type":"PropertyValueSpecification","valueRequired":true,"valueName":"search_term_string"}}],"inLanguage":"fr-FR"},{"@type":"Organization","@id":"https:\/\/www.haartick-extensions.de\/it\/#organization","name":"Extensions de cheveux","url":"https:\/\/www.haartick-extensions.de\/it\/","logo":{"@type":"ImageObject","inLanguage":"fr-FR","@id":"https:\/\/www.haartick-extensions.de\/it\/#\/schema\/logo\/image\/","url":"https:\/\/www.haartick-extensions.de\/wp-content\/uploads\/2024\/05\/cropped-Logo-mark-charm.png","contentUrl":"https:\/\/www.haartick-extensions.de\/wp-content\/uploads\/2024\/05\/cropped-Logo-mark-charm.png","width":512,"height":512,"caption":"Haartick Extensions"},"image":{"@id":"https:\/\/www.haartick-extensions.de\/it\/#\/schema\/logo\/image\/"}}]}},"_links":{"self":[{"href":"https:\/\/www.haartick-extensions.de\/fr\/wp-json\/wp\/v2\/pages\/16853","targetHints":{"allow":["GET"]}}],"collection":[{"href":"https:\/\/www.haartick-extensions.de\/fr\/wp-json\/wp\/v2\/pages"}],"about":[{"href":"https:\/\/www.haartick-extensions.de\/fr\/wp-json\/wp\/v2\/types\/page"}],"author":[{"embeddable":true,"href":"https:\/\/www.haartick-extensions.de\/fr\/wp-json\/wp\/v2\/users\/1"}],"replies":[{"embeddable":true,"href":"https:\/\/www.haartick-extensions.de\/fr\/wp-json\/wp\/v2\/comments?post=16853"}],"version-history":[{"count":0,"href":"https:\/\/www.haartick-extensions.de\/fr\/wp-json\/wp\/v2\/pages\/16853\/revisions"}],"wp:attachment":[{"href":"https:\/\/www.haartick-extensions.de\/fr\/wp-json\/wp\/v2\/media?parent=16853"}],"curies":[{"name":"wp","href":"https:\/\/api.w.org\/{rel}","templated":true}]}}