{"id":21641,"date":"2024-10-24T11:27:52","date_gmt":"2024-10-24T11:27:52","guid":{"rendered":"https:\/\/www.haartick-extensions.de\/wordpress\/?page_id=21641"},"modified":"2025-06-03T17:17:23","modified_gmt":"2025-06-03T17:17:23","slug":"garantiebedingungen","status":"publish","type":"page","link":"https:\/\/www.haartick-extensions.de\/fr\/garantiebedingungen\/","title":{"rendered":"Conditions de garantie"},"content":{"rendered":"<div data-elementor-type=\"wp-page\" data-elementor-id=\"21641\" class=\"elementor elementor-21641\" data-elementor-post-type=\"page\">\n\t\t\t\t\t\t<section class=\"wd-negative-gap elementor-section elementor-top-section elementor-element elementor-element-8bf3fc7 elementor-section-content-middle elementor-reverse-tablet elementor-reverse-mobile elementor-section-boxed elementor-section-height-default elementor-section-height-default\" data-id=\"8bf3fc7\" data-element_type=\"section\">\n\t\t\t\t\t\t<div class=\"elementor-container elementor-column-gap-extended\">\n\t\t\t\t\t<div class=\"elementor-column elementor-col-100 elementor-top-column elementor-element elementor-element-1a19c7a\" data-id=\"1a19c7a\" data-element_type=\"column\">\n\t\t\t<div class=\"elementor-widget-wrap elementor-element-populated\">\n\t\t\t\t\t\t<div class=\"elementor-element elementor-element-46dc4da wd-width-100 elementor-widget elementor-widget-wd_title\" data-id=\"46dc4da\" data-element_type=\"widget\" data-widget_type=\"wd_title.default\">\n\t\t\t\t<div class=\"elementor-widget-container\">\n\t\t\t\t\t\t\t<div class=\"title-wrapper wd-set-mb reset-last-child wd-title-color-default wd-title-style-default wd-title-size-default text-left\">\n\n\t\t\t\n\t\t\t<div class=\"liner-continer\">\n\t\t\t\t<h4 class=\"woodmart-title-container title wd-fontsize-l\">Concernant les conditions de garantie :<\/h4> \n\t\t\t\t\t\t\t<\/div>\n\n\t\t\t\t\t<\/div>\n\t\t\t\t\t\t<\/div>\n\t\t\t\t<\/div>\n\t\t\t\t<div class=\"elementor-element elementor-element-5b99400 elementor-widget elementor-widget-wd_text_block\" data-id=\"5b99400\" data-element_type=\"widget\" data-widget_type=\"wd_text_block.default\">\n\t\t\t\t<div class=\"elementor-widget-container\">\n\t\t\t\t\t\t\t<div class=\"wd-text-block reset-last-child text-left\">\n\t\t\t\n\t\t\t<p>Comme nous sommes convaincus de la qualit\u00e9 de nos extensions, nous vous offrons une garantie volontaire de 3 mois.<\/p><p><span style=\"font-size: 13px; text-align: var(--text-align);\">La garantie prend effet \u00e0 partir de la date d'achat. Si vos extensions de cheveux humains pr\u00e9sentent des enchev\u00eatrements ou des n\u0153uds dans les longueurs et les pointes, vous recevrez un article de remplacement \u00e9quivalent d\u00e8s que les extensions endommag\u00e9es nous auront \u00e9t\u00e9 retourn\u00e9es. Le prestataire se r\u00e9serve le droit de refuser une livraison de remplacement en cas de traitement inappropri\u00e9 ou de d\u00e9t\u00e9rioration intentionnelle des extensions. Le droit au remplacement se limite uniquement aux extensions, et non \u00e0 la pose et au retrait des extensions de cheveux ou \u00e0 d'autres frais qui pourraient \u00eatre li\u00e9s \u00e0 l'extension de cheveux.<\/span><\/p><p>La condition pr\u00e9alable \u00e0 la garantie est que les produits de soin que nous proposons (shampooing, masque, huile capillaire et protection thermique) soient achet\u00e9s dans notre boutique en plus des extensions. La garantie est annul\u00e9e si des produits de soin d'une autre marque sont utilis\u00e9s. Si un produit particulier vous est indispensable pour des raisons de sant\u00e9, il convient de nous en parler au pr\u00e9alable. Une exception peut \u00eatre accord\u00e9e, mais elle doit \u00eatre confirm\u00e9e par \u00e9crit ou par e-mail de notre part. Vous devez en outre vous conformer \u00e0 nos conseils d'entretien. Tout non-respect manifeste entra\u00eene l'annulation compl\u00e8te de la garantie. Tout traitement chimique des extensions, comme la coloration, la teinture, la d\u00e9coloration ou la permanente des cheveux, entra\u00eene \u00e9galement l'annulation de la garantie.<\/p><p>Un droit \u00e0 la garantie n'existe que si les extensions <b>sont inutilisables, malgr\u00e9 une application correcte de nos <a href=\"https:\/\/www.haartick-extensions.de\/fr\/pflegetipps\/\"><span style=\"text-decoration: underline;\">Conseils d'entretien<\/span><\/a><\/b>. Les signes d'usure normaux comme les fourches, les pointes s\u00e8ches ou les cheveux cass\u00e9s sont exclus de la garantie. Sont \u00e9galement exclues les d\u00e9colorations dues par exemple \u00e0 l'exposition au soleil, \u00e0 l'eau sal\u00e9e ou chlor\u00e9e. Nous ne garantissons pas les ondulations et les boucles des extensions. Vous \u00eates vous-m\u00eame responsable de la conservation des boucles. Nous vous donnons volontiers des conseils \u00e0 ce sujet. Les demandes de garantie pour cause d'allergie aux cheveux \u00e9trangers et aux \u00e9l\u00e9ments de connexion sont exclues.<\/p><p>En cas de recours \u00e0 la garantie, veuillez vous adresser \u00e0 :<\/p><p><b>Extensions de tic de cheveux<\/b><\/p><p><b style=\"font-size: 13px; text-align: var(--text-align); color: var(--wd-text-color);\">Alina Jureva<\/b><\/p><p><b>369, rue principale<\/b><\/p><p><b>53639 K\u00f6nigswinter<\/b><\/p><p><b>Allemagne<\/b><\/p><p><b>info@haartick-extensions.de<\/b><\/p><p>Pour pouvoir b\u00e9n\u00e9ficier de la garantie, la marchandise doit \u00eatre envoy\u00e9e au garant pour examen. Veillez \u00e0 ce que l'emballage soit s\u00fbr afin d'\u00e9viter tout dommage pendant le transport.<\/p><p>Pour faire une demande de garantie, le garant peut exiger une preuve d'achat des extensions de cheveux humains, par exemple sous la forme d'une copie de la facture originale. En outre, le nom et l'adresse de l'acheteur doivent \u00eatre indiqu\u00e9s s'ils ne figurent pas sur la preuve d'achat ou s'ils ont chang\u00e9. Le retour s'effectue franco de port en fournissant une \u00e9tiquette de retour.<\/p><p>Veuillez noter que vos droits l\u00e9gaux en cas de d\u00e9fauts ne sont pas limit\u00e9s par cette garantie et qu'ils peuvent continuer \u00e0 \u00eatre exerc\u00e9s sans restriction. Les \u00e9ventuels droits de garantie l\u00e9gaux ne sont donc pas affect\u00e9s par cette garantie.<\/p>\n\t\t\t\t\t<\/div>\n\t\t\t\t\t\t<\/div>\n\t\t\t\t<\/div>\n\t\t\t\t\t<\/div>\n\t\t<\/div>\n\t\t\t\t\t<\/div>\n\t\t<\/section>\n\t\t\t\t<\/div>","protected":false},"excerpt":{"rendered":"<p>Zu den Garantiebedingungen: Da wir von der Qualit\u00e4t unserer Extensions \u00fcberzeugt sind, bieten wir Ihnen eine freiwillige 3-monatige Garantie. Die<\/p>","protected":false},"author":1,"featured_media":0,"parent":0,"menu_order":0,"comment_status":"closed","ping_status":"closed","template":"","meta":{"_joinchat":[],"footnotes":""},"class_list":["post-21641","page","type-page","status-publish","hentry"],"yoast_head":"<!-- This site is optimized with the Yoast SEO plugin v25.6 - https:\/\/yoast.com\/wordpress\/plugins\/seo\/ -->\n<title>Garantiebedingungen - Haartick-Extensions<\/title>\n<meta name=\"robots\" content=\"index, follow, max-snippet:-1, max-image-preview:large, max-video-preview:-1\" \/>\n<link rel=\"canonical\" href=\"https:\/\/www.haartick-extensions.de\/fr\/garantiebedingungen\/\" \/>\n<meta property=\"og:locale\" content=\"fr_FR\" \/>\n<meta property=\"og:type\" content=\"article\" \/>\n<meta property=\"og:title\" content=\"Garantiebedingungen - Haartick-Extensions\" \/>\n<meta property=\"og:description\" content=\"Zu den Garantiebedingungen: Da wir von der Qualit\u00e4t unserer Extensions \u00fcberzeugt sind, bieten wir Ihnen eine freiwillige 3-monatige Garantie. Die\" \/>\n<meta property=\"og:url\" content=\"https:\/\/www.haartick-extensions.de\/fr\/garantiebedingungen\/\" \/>\n<meta property=\"og:site_name\" content=\"Haartick-Extensions\" \/>\n<meta property=\"article:modified_time\" content=\"2025-06-03T17:17:23+00:00\" \/>\n<meta name=\"twitter:card\" content=\"summary_large_image\" \/>\n<meta name=\"twitter:label1\" content=\"Dur\u00e9e de lecture estim\u00e9e\" \/>\n\t<meta name=\"twitter:data1\" content=\"2 minutes\" \/>\n<script type=\"application\/ld+json\" class=\"yoast-schema-graph\">{\"@context\":\"https:\/\/schema.org\",\"@graph\":[{\"@type\":\"WebPage\",\"@id\":\"https:\/\/www.haartick-extensions.de\/it\/garantiebedingungen\/\",\"url\":\"https:\/\/www.haartick-extensions.de\/it\/garantiebedingungen\/\",\"name\":\"Garantiebedingungen - Haartick-Extensions\",\"isPartOf\":{\"@id\":\"https:\/\/www.haartick-extensions.de\/it\/#website\"},\"datePublished\":\"2024-10-24T11:27:52+00:00\",\"dateModified\":\"2025-06-03T17:17:23+00:00\",\"breadcrumb\":{\"@id\":\"https:\/\/www.haartick-extensions.de\/it\/garantiebedingungen\/#breadcrumb\"},\"inLanguage\":\"fr-FR\",\"potentialAction\":[{\"@type\":\"ReadAction\",\"target\":[\"https:\/\/www.haartick-extensions.de\/it\/garantiebedingungen\/\"]}]},{\"@type\":\"BreadcrumbList\",\"@id\":\"https:\/\/www.haartick-extensions.de\/it\/garantiebedingungen\/#breadcrumb\",\"itemListElement\":[{\"@type\":\"ListItem\",\"position\":1,\"name\":\"Startseite\",\"item\":\"https:\/\/www.haartick-extensions.de\/it\/\"},{\"@type\":\"ListItem\",\"position\":2,\"name\":\"Garantiebedingungen\"}]},{\"@type\":\"WebSite\",\"@id\":\"https:\/\/www.haartick-extensions.de\/it\/#website\",\"url\":\"https:\/\/www.haartick-extensions.de\/it\/\",\"name\":\"Haartick-Extensions\",\"description\":\"Professionelle Haarverl\u00e4ngerund \/ Haarverdichtung mit 100% Echthaar.\",\"publisher\":{\"@id\":\"https:\/\/www.haartick-extensions.de\/it\/#organization\"},\"potentialAction\":[{\"@type\":\"SearchAction\",\"target\":{\"@type\":\"EntryPoint\",\"urlTemplate\":\"https:\/\/www.haartick-extensions.de\/it\/?s={search_term_string}\"},\"query-input\":{\"@type\":\"PropertyValueSpecification\",\"valueRequired\":true,\"valueName\":\"search_term_string\"}}],\"inLanguage\":\"fr-FR\"},{\"@type\":\"Organization\",\"@id\":\"https:\/\/www.haartick-extensions.de\/it\/#organization\",\"name\":\"Haartick Extensions\",\"url\":\"https:\/\/www.haartick-extensions.de\/it\/\",\"logo\":{\"@type\":\"ImageObject\",\"inLanguage\":\"fr-FR\",\"@id\":\"https:\/\/www.haartick-extensions.de\/it\/#\/schema\/logo\/image\/\",\"url\":\"https:\/\/www.haartick-extensions.de\/wp-content\/uploads\/2024\/05\/cropped-Logo-mark-charm.png\",\"contentUrl\":\"https:\/\/www.haartick-extensions.de\/wp-content\/uploads\/2024\/05\/cropped-Logo-mark-charm.png\",\"width\":512,\"height\":512,\"caption\":\"Haartick Extensions\"},\"image\":{\"@id\":\"https:\/\/www.haartick-extensions.de\/it\/#\/schema\/logo\/image\/\"}}]}<\/script>\n<!-- \/ Yoast SEO plugin. -->","yoast_head_json":{"title":"Garantiebedingungen - Haartick-Extensions","robots":{"index":"index","follow":"follow","max-snippet":"max-snippet:-1","max-image-preview":"max-image-preview:large","max-video-preview":"max-video-preview:-1"},"canonical":"https:\/\/www.haartick-extensions.de\/fr\/garantiebedingungen\/","og_locale":"fr_FR","og_type":"article","og_title":"Garantiebedingungen - Haartick-Extensions","og_description":"Zu den Garantiebedingungen: Da wir von der Qualit\u00e4t unserer Extensions \u00fcberzeugt sind, bieten wir Ihnen eine freiwillige 3-monatige Garantie. Die","og_url":"https:\/\/www.haartick-extensions.de\/fr\/garantiebedingungen\/","og_site_name":"Haartick-Extensions","article_modified_time":"2025-06-03T17:17:23+00:00","twitter_card":"summary_large_image","twitter_misc":{"Dur\u00e9e de lecture estim\u00e9e":"2 minutes"},"schema":{"@context":"https:\/\/schema.org","@graph":[{"@type":"WebPage","@id":"https:\/\/www.haartick-extensions.de\/it\/garantiebedingungen\/","url":"https:\/\/www.haartick-extensions.de\/it\/garantiebedingungen\/","name":"Garantiebedingungen - Haartick-Extensions","isPartOf":{"@id":"https:\/\/www.haartick-extensions.de\/it\/#website"},"datePublished":"2024-10-24T11:27:52+00:00","dateModified":"2025-06-03T17:17:23+00:00","breadcrumb":{"@id":"https:\/\/www.haartick-extensions.de\/it\/garantiebedingungen\/#breadcrumb"},"inLanguage":"fr-FR","potentialAction":[{"@type":"ReadAction","target":["https:\/\/www.haartick-extensions.de\/it\/garantiebedingungen\/"]}]},{"@type":"BreadcrumbList","@id":"https:\/\/www.haartick-extensions.de\/it\/garantiebedingungen\/#breadcrumb","itemListElement":[{"@type":"ListItem","position":1,"name":"Startseite","item":"https:\/\/www.haartick-extensions.de\/it\/"},{"@type":"ListItem","position":2,"name":"Garantiebedingungen"}]},{"@type":"WebSite","@id":"https:\/\/www.haartick-extensions.de\/it\/#website","url":"https:\/\/www.haartick-extensions.de\/it\/","name":"Extensions de tic de cheveux","description":"Extension et \u00e9paississement professionnels des cheveux avec 100% cheveux humains.","publisher":{"@id":"https:\/\/www.haartick-extensions.de\/it\/#organization"},"potentialAction":[{"@type":"SearchAction","target":{"@type":"EntryPoint","urlTemplate":"https:\/\/www.haartick-extensions.de\/it\/?s={search_term_string}"},"query-input":{"@type":"PropertyValueSpecification","valueRequired":true,"valueName":"search_term_string"}}],"inLanguage":"fr-FR"},{"@type":"Organization","@id":"https:\/\/www.haartick-extensions.de\/it\/#organization","name":"Extensions de cheveux","url":"https:\/\/www.haartick-extensions.de\/it\/","logo":{"@type":"ImageObject","inLanguage":"fr-FR","@id":"https:\/\/www.haartick-extensions.de\/it\/#\/schema\/logo\/image\/","url":"https:\/\/www.haartick-extensions.de\/wp-content\/uploads\/2024\/05\/cropped-Logo-mark-charm.png","contentUrl":"https:\/\/www.haartick-extensions.de\/wp-content\/uploads\/2024\/05\/cropped-Logo-mark-charm.png","width":512,"height":512,"caption":"Haartick Extensions"},"image":{"@id":"https:\/\/www.haartick-extensions.de\/it\/#\/schema\/logo\/image\/"}}]}},"_links":{"self":[{"href":"https:\/\/www.haartick-extensions.de\/fr\/wp-json\/wp\/v2\/pages\/21641","targetHints":{"allow":["GET"]}}],"collection":[{"href":"https:\/\/www.haartick-extensions.de\/fr\/wp-json\/wp\/v2\/pages"}],"about":[{"href":"https:\/\/www.haartick-extensions.de\/fr\/wp-json\/wp\/v2\/types\/page"}],"author":[{"embeddable":true,"href":"https:\/\/www.haartick-extensions.de\/fr\/wp-json\/wp\/v2\/users\/1"}],"replies":[{"embeddable":true,"href":"https:\/\/www.haartick-extensions.de\/fr\/wp-json\/wp\/v2\/comments?post=21641"}],"version-history":[{"count":0,"href":"https:\/\/www.haartick-extensions.de\/fr\/wp-json\/wp\/v2\/pages\/21641\/revisions"}],"wp:attachment":[{"href":"https:\/\/www.haartick-extensions.de\/fr\/wp-json\/wp\/v2\/media?parent=21641"}],"curies":[{"name":"wp","href":"https:\/\/api.w.org\/{rel}","templated":true}]}}