{"id":21647,"date":"2024-10-24T11:41:56","date_gmt":"2024-10-24T11:41:56","guid":{"rendered":"https:\/\/www.haartick-extensions.de\/wordpress\/?page_id=21647"},"modified":"2025-05-08T12:16:42","modified_gmt":"2025-05-08T12:16:42","slug":"ruecksendung-und-versand","status":"publish","type":"page","link":"https:\/\/www.haartick-extensions.de\/fr\/ruecksendung-und-versand\/","title":{"rendered":"Retour et exp\u00e9dition"},"content":{"rendered":"<div data-elementor-type=\"wp-page\" data-elementor-id=\"21647\" class=\"elementor elementor-21647\" data-elementor-post-type=\"page\">\n\t\t\t\t\t\t<section class=\"wd-negative-gap elementor-section elementor-top-section elementor-element elementor-element-d947561 elementor-section-content-middle elementor-reverse-tablet elementor-reverse-mobile elementor-section-boxed elementor-section-height-default elementor-section-height-default\" data-id=\"d947561\" data-element_type=\"section\">\n\t\t\t\t\t\t<div class=\"elementor-container elementor-column-gap-extended\">\n\t\t\t\t\t<div class=\"elementor-column elementor-col-100 elementor-top-column elementor-element elementor-element-3fbe701\" data-id=\"3fbe701\" data-element_type=\"column\">\n\t\t\t<div class=\"elementor-widget-wrap elementor-element-populated\">\n\t\t\t\t\t\t<div class=\"elementor-element elementor-element-ee4fc28 elementor-widget elementor-widget-wd_text_block\" data-id=\"ee4fc28\" data-element_type=\"widget\" data-widget_type=\"wd_text_block.default\">\n\t\t\t\t<div class=\"elementor-widget-container\">\n\t\t\t\t\t\t\t<div class=\"wd-text-block reset-last-child text-left\">\n\t\t\t\n\t\t\t<h4><strong>Retourner<\/strong><\/h4><p>Vous avez la possibilit\u00e9 de renvoyer facilement les produits non souhait\u00e9s dans un d\u00e9lai de 14 jours. Veuillez noter que les articles munis d'un sceau d'hygi\u00e8ne ne peuvent \u00eatre repris que s'ils sont intacts. Vous pouvez toutefois sortir les produits de leur emballage pour les toucher et v\u00e9rifier leur qualit\u00e9 ou leur nuance de couleur. Toutefois, lors des retours, les points de jonction ne doivent pas \u00eatre coup\u00e9s, les cheveux teints ou les articles trait\u00e9s ou endommag\u00e9s d'une autre mani\u00e8re.<\/p><h4><strong>\u00c9change<\/strong><\/h4><p>Si vous souhaitez un \u00e9change, il vous suffit de renvoyer les articles concern\u00e9s dans le cadre d'un retour normal et de commander \u00e0 nouveau le produit de remplacement souhait\u00e9 dans notre boutique en ligne. Veuillez noter que les articles fabriqu\u00e9s sur mesure ne peuvent pas \u00eatre \u00e9chang\u00e9s.<\/p><h4><strong>Proc\u00e9dure de retour<\/strong><\/h4><p>Les frais de retour et d'envoi initial sont malheureusement \u00e0 votre charge. Nous ne remboursons que les frais de produits. Nous ne pouvons pas accepter les envois en port d\u00fb. Pour nous signaler le retour, veuillez nous envoyer un e-mail<strong>Courrier \u00e9lectronique<\/strong> \u00e0 <a href=\"mailto:info@haartick-extensions.de\">info@haartick-extensions.de<\/a>.<\/p><h4><strong>D\u00e9lai de traitement et remboursement<\/strong><\/h4><p>Nous nous effor\u00e7ons de traiter votre retour dans un d\u00e9lai d'une semaine \u00e0 compter de la r\u00e9ception, souvent plus rapidement. Le remboursement du prix d'achat est effectu\u00e9 via le mode de paiement que vous avez utilis\u00e9 lors de la commande, imm\u00e9diatement apr\u00e8s le traitement.<\/p><p>Pour plus d'informations, veuillez consulter nos informations sur le droit de r\u00e9tractation.<\/p><h4><strong>Informations sur l'exp\u00e9dition<\/strong><\/h4><p>Les commandes pass\u00e9es avant 15 heures les jours ouvrables sont g\u00e9n\u00e9ralement envoy\u00e9es le jour m\u00eame par colis DHL.<\/p><h4><strong>Frais d'exp\u00e9dition &amp; d\u00e9lais de livraison<\/strong><\/h4>\n\t\t\t\t\t<\/div>\n\t\t\t\t\t\t<\/div>\n\t\t\t\t<\/div>\n\t\t\t\t<div class=\"elementor-element elementor-element-e12067c elementor-widget elementor-widget-wd_accordion\" data-id=\"e12067c\" data-element_type=\"widget\" data-widget_type=\"wd_accordion.default\">\n\t\t\t\t<div class=\"elementor-widget-container\">\n\t\t\t\t\t\n\t\t<div class=\"wd-accordion wd-style-default wd-border-off wd-titles-left wd-opener-pos-right wd-opener-style-arrow\" data-state=\"all_closed\">\n\t\t\t\t\t\t\t\n\t\t\t\t<div class=\"wd-accordion-item\">\n\t\t\t\t\t<div class=\"wd-accordion-title wd-role-btn\" data-accordion-index=\"0\" tabindex=\"0\">\n\t\t\t\t\t\t<div class=\"wd-accordion-title-text\">\n\t\t\t\t\t\t\t\t\t\t\t\t\t\t<span>\n\t\t\t\t\t\t\t\tAllemagne\t\t\t\t\t\t\t<\/span>\n\t\t\t\t\t\t<\/div>\n\t\t\t\t\t\t<span class=\"wd-accordion-opener\"><\/span>\n\t\t\t\t\t<\/div>\n\n\t\t\t\t\t<div class=\"wd-accordion-content wd-entry-content\" data-accordion-index=\"0\">\n\t\t\t\t\t\t\t\t\t\t\t\t\t\n\t\t\t\t\t\t\t<ul><li>En Allemagne, livraison gratuite \u00e0 partir de 49 \u20ac d'achat, en dessous de ce montant, les frais de livraison s'\u00e9l\u00e8vent \u00e0 6,19 \u20ac.<\/li><li>Pour l'envoi de marchandises volumineuses, nous facturons 36,36 \u20ac. Les marchandises encombrantes sont signal\u00e9es comme telles dans la description de l'article.<\/li><li>Livraison possible aux stations de colisage DHL en Allemagne.<\/li><li>D\u00e9lai de livraison : 1-2 jours ouvrables<\/li><li>Mode d'exp\u00e9dition : colis DHL<\/li><\/ul>\n\t\t\t\t\t\t\t\t\t\t\t\t\t\t\t\t\t\t<\/div>\n\t\t\t\t<\/div>\n\t\t\t\t\t\t\t\n\t\t\t\t<div class=\"wd-accordion-item\">\n\t\t\t\t\t<div class=\"wd-accordion-title wd-role-btn\" data-accordion-index=\"1\" tabindex=\"0\">\n\t\t\t\t\t\t<div class=\"wd-accordion-title-text\">\n\t\t\t\t\t\t\t\t\t\t\t\t\t\t<span>\n\t\t\t\t\t\t\t\tUnion europ\u00e9enne\t\t\t\t\t\t\t<\/span>\n\t\t\t\t\t\t<\/div>\n\t\t\t\t\t\t<span class=\"wd-accordion-opener\"><\/span>\n\t\t\t\t\t<\/div>\n\n\t\t\t\t\t<div class=\"wd-accordion-content wd-entry-content\" data-accordion-index=\"1\">\n\t\t\t\t\t\t\t\t\t\t\t\t\t\n\t\t\t\t\t\t\t<ul><li>Frais de port : 14,49 \u20ac<\/li><li>Pour l'envoi de marchandises volumineuses, nous facturons 46,99 \u20ac. Les marchandises encombrantes sont signal\u00e9es comme telles dans la description de l'article.<\/li><li>D\u00e9lai de livraison : 1-3 jours ouvrables<\/li><li>Les droits de douane et les taxes \u00e9ventuellement applicables sont \u00e0 votre charge.<\/li><li>Mode d'exp\u00e9dition : colis DHL<\/li><\/ul>\n\t\t\t\t\t\t\t\t\t\t\t\t\t\t\t\t\t\t<\/div>\n\t\t\t\t<\/div>\n\t\t\t\t\t\t\t\n\t\t\t\t<div class=\"wd-accordion-item\">\n\t\t\t\t\t<div class=\"wd-accordion-title wd-role-btn\" data-accordion-index=\"2\" tabindex=\"0\">\n\t\t\t\t\t\t<div class=\"wd-accordion-title-text\">\n\t\t\t\t\t\t\t\t\t\t\t\t\t\t<span>\n\t\t\t\t\t\t\t\tGrande-Bretagne, Irlande du Nord, Suisse\t\t\t\t\t\t\t<\/span>\n\t\t\t\t\t\t<\/div>\n\t\t\t\t\t\t<span class=\"wd-accordion-opener\"><\/span>\n\t\t\t\t\t<\/div>\n\n\t\t\t\t\t<div class=\"wd-accordion-content wd-entry-content\" data-accordion-index=\"2\">\n\t\t\t\t\t\t\t\t\t\t\t\t\t\n\t\t\t\t\t\t\t<ul><li>Frais de port : 26,99 \u20ac<\/li><li>Pour l'envoi de marchandises volumineuses, nous facturons 56,99 \u20ac. Les marchandises encombrantes sont signal\u00e9es comme telles dans la description de l'article.<\/li><li>D\u00e9lai de livraison : 5-10 jours ouvrables<\/li><li>Mode d'exp\u00e9dition : colis DHL<\/li><\/ul>\n\t\t\t\t\t\t\t\t\t\t\t\t\t\t\t\t\t\t<\/div>\n\t\t\t\t<\/div>\n\t\t\t\t\t\t\t\n\t\t\t\t<div class=\"wd-accordion-item\">\n\t\t\t\t\t<div class=\"wd-accordion-title wd-role-btn\" data-accordion-index=\"3\" tabindex=\"0\">\n\t\t\t\t\t\t<div class=\"wd-accordion-title-text\">\n\t\t\t\t\t\t\t\t\t\t\t\t\t\t<span>\n\t\t\t\t\t\t\t\tReste de l'Europe\t\t\t\t\t\t\t<\/span>\n\t\t\t\t\t\t<\/div>\n\t\t\t\t\t\t<span class=\"wd-accordion-opener\"><\/span>\n\t\t\t\t\t<\/div>\n\n\t\t\t\t\t<div class=\"wd-accordion-content wd-entry-content\" data-accordion-index=\"3\">\n\t\t\t\t\t\t\t\t\t\t\t\t\t\n\t\t\t\t\t\t\t<ul><li>Frais d'exp\u00e9dition : 29,99<\/li><li>Pour l'envoi de marchandises volumineuses, nous facturons 59,99 \u20ac. Les marchandises encombrantes sont signal\u00e9es comme telles dans la description de l'article.<\/li><li>D\u00e9lai de livraison : 5-10 jours ouvrables<\/li><li>Les droits de douane et les taxes \u00e9ventuellement applicables sont \u00e0 votre charge.<\/li><li>Mode d'exp\u00e9dition : colis DHL<\/li><\/ul>\n\t\t\t\t\t\t\t\t\t\t\t\t\t\t\t\t\t\t<\/div>\n\t\t\t\t<\/div>\n\t\t\t\t\t\t\t\n\t\t\t\t<div class=\"wd-accordion-item\">\n\t\t\t\t\t<div class=\"wd-accordion-title wd-role-btn\" data-accordion-index=\"4\" tabindex=\"0\">\n\t\t\t\t\t\t<div class=\"wd-accordion-title-text\">\n\t\t\t\t\t\t\t\t\t\t\t\t\t\t<span>\n\t\t\t\t\t\t\t\tF\u00e9d\u00e9ration de Russie\t\t\t\t\t\t\t<\/span>\n\t\t\t\t\t\t<\/div>\n\t\t\t\t\t\t<span class=\"wd-accordion-opener\"><\/span>\n\t\t\t\t\t<\/div>\n\n\t\t\t\t\t<div class=\"wd-accordion-content wd-entry-content\" data-accordion-index=\"4\">\n\t\t\t\t\t\t\t\t\t\t\t\t\t\n\t\t\t\t\t\t\t<ul><li>Frais de port : 34,99 \u20ac<\/li><li>L'envoi de marchandises volumineuses dans cette r\u00e9gion n'est pas possible. Les marchandises encombrantes sont signal\u00e9es comme telles dans la description de l'article.<\/li><li>D\u00e9lai de livraison : 5-10 jours ouvrables<\/li><li>Les droits de douane et les taxes \u00e9ventuellement applicables sont \u00e0 votre charge.<\/li><li>Mode d'exp\u00e9dition : colis DHL<\/li><\/ul>\n\t\t\t\t\t\t\t\t\t\t\t\t\t\t\t\t\t\t<\/div>\n\t\t\t\t<\/div>\n\t\t\t\t\t\t\t\n\t\t\t\t<div class=\"wd-accordion-item\">\n\t\t\t\t\t<div class=\"wd-accordion-title wd-role-btn\" data-accordion-index=\"5\" tabindex=\"0\">\n\t\t\t\t\t\t<div class=\"wd-accordion-title-text\">\n\t\t\t\t\t\t\t\t\t\t\t\t\t\t<span>\n\t\t\t\t\t\t\t\tAm\u00e9rique du Nord, Am\u00e9rique centrale et Am\u00e9rique du Sud\t\t\t\t\t\t\t<\/span>\n\t\t\t\t\t\t<\/div>\n\t\t\t\t\t\t<span class=\"wd-accordion-opener\"><\/span>\n\t\t\t\t\t<\/div>\n\n\t\t\t\t\t<div class=\"wd-accordion-content wd-entry-content\" data-accordion-index=\"5\">\n\t\t\t\t\t\t\t\t\t\t\t\t\t\n\t\t\t\t\t\t\t<ul><li>Frais de port : 47,99 \u20ac<\/li><li><span style=\"font-family: 'Readex Pro', Arial, Helvetica, sans-serif; font-size: 13px; font-style: normal; font-variant-ligatures: normal; font-variant-caps: normal; font-weight: 400;\">L'envoi de marchandises volumineuses dans cette r\u00e9gion n'est pas possible.<\/span>. Les marchandises encombrantes sont signal\u00e9es comme telles dans la description de l'article.<\/li><li>D\u00e9lai de livraison : 7-21 jours ouvrables<\/li><li>Les droits de douane et les taxes \u00e9ventuellement applicables sont \u00e0 votre charge.<\/li><li>Mode d'exp\u00e9dition : colis DHL<\/li><\/ul>\n\t\t\t\t\t\t\t\t\t\t\t\t\t\t\t\t\t\t<\/div>\n\t\t\t\t<\/div>\n\t\t\t\t\t\t\t\n\t\t\t\t<div class=\"wd-accordion-item\">\n\t\t\t\t\t<div class=\"wd-accordion-title wd-role-btn\" data-accordion-index=\"6\" tabindex=\"0\">\n\t\t\t\t\t\t<div class=\"wd-accordion-title-text\">\n\t\t\t\t\t\t\t\t\t\t\t\t\t\t<span>\n\t\t\t\t\t\t\t\tAfrique du Nord, Moyen-Orient\t\t\t\t\t\t\t<\/span>\n\t\t\t\t\t\t<\/div>\n\t\t\t\t\t\t<span class=\"wd-accordion-opener\"><\/span>\n\t\t\t\t\t<\/div>\n\n\t\t\t\t\t<div class=\"wd-accordion-content wd-entry-content\" data-accordion-index=\"6\">\n\t\t\t\t\t\t\t\t\t\t\t\t\t\n\t\t\t\t\t\t\t<ul><li>Frais de port : 47,99 \u20ac<\/li><li>Pour l'envoi de marchandises volumineuses, nous facturons 77,99 \u20ac. Les marchandises encombrantes sont signal\u00e9es comme telles dans la description de l'article.<\/li><li>D\u00e9lai de livraison : 7-21 jours ouvrables<\/li><li>Les droits de douane et les taxes \u00e9ventuellement applicables sont \u00e0 votre charge.<\/li><li>Mode d'exp\u00e9dition : colis DHL<\/li><\/ul>\n\t\t\t\t\t\t\t\t\t\t\t\t\t\t\t\t\t\t<\/div>\n\t\t\t\t<\/div>\n\t\t\t\t\t\t\t\n\t\t\t\t<div class=\"wd-accordion-item\">\n\t\t\t\t\t<div class=\"wd-accordion-title wd-role-btn\" data-accordion-index=\"7\" tabindex=\"0\">\n\t\t\t\t\t\t<div class=\"wd-accordion-title-text\">\n\t\t\t\t\t\t\t\t\t\t\t\t\t\t<span>\n\t\t\t\t\t\t\t\tAsie, Afrique (sauf Afrique du Nord, Moyen-Orient)  \t\t\t\t\t\t\t<\/span>\n\t\t\t\t\t\t<\/div>\n\t\t\t\t\t\t<span class=\"wd-accordion-opener\"><\/span>\n\t\t\t\t\t<\/div>\n\n\t\t\t\t\t<div class=\"wd-accordion-content wd-entry-content\" data-accordion-index=\"7\">\n\t\t\t\t\t\t\t\t\t\t\t\t\t\n\t\t\t\t\t\t\t<ul><li>Frais de port : 45,99 \u20ac<\/li><li>Pour l'envoi de marchandises volumineuses, nous facturons 75,99 \u20ac. Les marchandises encombrantes sont signal\u00e9es comme telles dans la description de l'article.<\/li><li>D\u00e9lai de livraison : 7-21 jours ouvrables<\/li><li>Les droits de douane et les taxes \u00e9ventuellement applicables sont \u00e0 votre charge.<\/li><li>Mode d'exp\u00e9dition : colis DHL<\/li><\/ul>\n\t\t\t\t\t\t\t\t\t\t\t\t\t\t\t\t\t\t<\/div>\n\t\t\t\t<\/div>\n\t\t\t\t\t\t\t\n\t\t\t\t<div class=\"wd-accordion-item\">\n\t\t\t\t\t<div class=\"wd-accordion-title wd-role-btn\" data-accordion-index=\"8\" tabindex=\"0\">\n\t\t\t\t\t\t<div class=\"wd-accordion-title-text\">\n\t\t\t\t\t\t\t\t\t\t\t\t\t\t<span>\n\t\t\t\t\t\t\t\tAustralie, Oc\u00e9anie\t\t\t\t\t\t\t<\/span>\n\t\t\t\t\t\t<\/div>\n\t\t\t\t\t\t<span class=\"wd-accordion-opener\"><\/span>\n\t\t\t\t\t<\/div>\n\n\t\t\t\t\t<div class=\"wd-accordion-content wd-entry-content\" data-accordion-index=\"8\">\n\t\t\t\t\t\t\t\t\t\t\t\t\t\n\t\t\t\t\t\t\t<ul><li>Frais d'exp\u00e9dition : 49,99<\/li><li><span style=\"font-family: 'Readex Pro', Arial, Helvetica, sans-serif; font-size: 13px; font-style: normal; font-variant-ligatures: normal; font-variant-caps: normal; font-weight: 400;\">L'envoi de marchandises volumineuses dans cette r\u00e9gion n'est pas possible.<\/span>. Les marchandises encombrantes sont signal\u00e9es comme telles dans la description de l'article.<\/li><li>D\u00e9lai de livraison : 7-21 jours ouvrables<\/li><li>Les droits de douane et les taxes \u00e9ventuellement applicables sont \u00e0 votre charge.<\/li><li>Mode d'exp\u00e9dition : colis DHL<\/li><\/ul>\n\t\t\t\t\t\t\t\t\t\t\t\t\t\t\t\t\t\t<\/div>\n\t\t\t\t<\/div>\n\t\t\t\t\t<\/div>\n\t\t\t\t\t\t<\/div>\n\t\t\t\t<\/div>\n\t\t\t\t\t<\/div>\n\t\t<\/div>\n\t\t\t\t\t<\/div>\n\t\t<\/section>\n\t\t\t\t<\/div>","protected":false},"excerpt":{"rendered":"<p>R\u00fccksendung Sie haben die M\u00f6glichkeit, innerhalb von 14 Tagen unerw\u00fcnschte Produkte unkompliziert zur\u00fcckzusenden. Beachten Sie bitte, dass Artikel mit Hygienesiegeln<\/p>","protected":false},"author":1,"featured_media":0,"parent":0,"menu_order":0,"comment_status":"closed","ping_status":"closed","template":"","meta":{"_joinchat":[],"footnotes":""},"class_list":["post-21647","page","type-page","status-publish","hentry"],"yoast_head":"<!-- This site is optimized with the Yoast SEO plugin v25.6 - https:\/\/yoast.com\/wordpress\/plugins\/seo\/ -->\n<title>R\u00fccksendung und Versand - Haartick-Extensions<\/title>\n<meta name=\"robots\" content=\"index, follow, max-snippet:-1, max-image-preview:large, max-video-preview:-1\" \/>\n<link rel=\"canonical\" href=\"https:\/\/www.haartick-extensions.de\/fr\/ruecksendung-und-versand\/\" \/>\n<meta property=\"og:locale\" content=\"fr_FR\" \/>\n<meta property=\"og:type\" content=\"article\" \/>\n<meta property=\"og:title\" content=\"R\u00fccksendung und Versand - Haartick-Extensions\" \/>\n<meta property=\"og:description\" content=\"R\u00fccksendung Sie haben die M\u00f6glichkeit, innerhalb von 14 Tagen unerw\u00fcnschte Produkte unkompliziert zur\u00fcckzusenden. Beachten Sie bitte, dass Artikel mit Hygienesiegeln\" \/>\n<meta property=\"og:url\" content=\"https:\/\/www.haartick-extensions.de\/fr\/ruecksendung-und-versand\/\" \/>\n<meta property=\"og:site_name\" content=\"Haartick-Extensions\" \/>\n<meta property=\"article:modified_time\" content=\"2025-05-08T12:16:42+00:00\" \/>\n<meta name=\"twitter:card\" content=\"summary_large_image\" \/>\n<meta name=\"twitter:label1\" content=\"Dur\u00e9e de lecture estim\u00e9e\" \/>\n\t<meta name=\"twitter:data1\" content=\"3 minutes\" \/>\n<script type=\"application\/ld+json\" class=\"yoast-schema-graph\">{\"@context\":\"https:\/\/schema.org\",\"@graph\":[{\"@type\":\"WebPage\",\"@id\":\"https:\/\/www.haartick-extensions.de\/fr\/ruecksendung-und-versand\/\",\"url\":\"https:\/\/www.haartick-extensions.de\/fr\/ruecksendung-und-versand\/\",\"name\":\"R\u00fccksendung und Versand - Haartick-Extensions\",\"isPartOf\":{\"@id\":\"https:\/\/www.haartick-extensions.de\/it\/#website\"},\"datePublished\":\"2024-10-24T11:41:56+00:00\",\"dateModified\":\"2025-05-08T12:16:42+00:00\",\"breadcrumb\":{\"@id\":\"https:\/\/www.haartick-extensions.de\/fr\/ruecksendung-und-versand\/#breadcrumb\"},\"inLanguage\":\"fr-FR\",\"potentialAction\":[{\"@type\":\"ReadAction\",\"target\":[\"https:\/\/www.haartick-extensions.de\/fr\/ruecksendung-und-versand\/\"]}]},{\"@type\":\"BreadcrumbList\",\"@id\":\"https:\/\/www.haartick-extensions.de\/fr\/ruecksendung-und-versand\/#breadcrumb\",\"itemListElement\":[{\"@type\":\"ListItem\",\"position\":1,\"name\":\"Startseite\",\"item\":\"https:\/\/www.haartick-extensions.de\/it\/\"},{\"@type\":\"ListItem\",\"position\":2,\"name\":\"R\u00fccksendung und Versand\"}]},{\"@type\":\"WebSite\",\"@id\":\"https:\/\/www.haartick-extensions.de\/it\/#website\",\"url\":\"https:\/\/www.haartick-extensions.de\/it\/\",\"name\":\"Haartick-Extensions\",\"description\":\"Professionelle Haarverl\u00e4ngerund \/ Haarverdichtung mit 100% Echthaar.\",\"publisher\":{\"@id\":\"https:\/\/www.haartick-extensions.de\/it\/#organization\"},\"potentialAction\":[{\"@type\":\"SearchAction\",\"target\":{\"@type\":\"EntryPoint\",\"urlTemplate\":\"https:\/\/www.haartick-extensions.de\/it\/?s={search_term_string}\"},\"query-input\":{\"@type\":\"PropertyValueSpecification\",\"valueRequired\":true,\"valueName\":\"search_term_string\"}}],\"inLanguage\":\"fr-FR\"},{\"@type\":\"Organization\",\"@id\":\"https:\/\/www.haartick-extensions.de\/it\/#organization\",\"name\":\"Haartick Extensions\",\"url\":\"https:\/\/www.haartick-extensions.de\/it\/\",\"logo\":{\"@type\":\"ImageObject\",\"inLanguage\":\"fr-FR\",\"@id\":\"https:\/\/www.haartick-extensions.de\/it\/#\/schema\/logo\/image\/\",\"url\":\"https:\/\/www.haartick-extensions.de\/wp-content\/uploads\/2024\/05\/cropped-Logo-mark-charm.png\",\"contentUrl\":\"https:\/\/www.haartick-extensions.de\/wp-content\/uploads\/2024\/05\/cropped-Logo-mark-charm.png\",\"width\":512,\"height\":512,\"caption\":\"Haartick Extensions\"},\"image\":{\"@id\":\"https:\/\/www.haartick-extensions.de\/it\/#\/schema\/logo\/image\/\"}}]}<\/script>\n<!-- \/ Yoast SEO plugin. -->","yoast_head_json":{"title":"R\u00fccksendung und Versand - Haartick-Extensions","robots":{"index":"index","follow":"follow","max-snippet":"max-snippet:-1","max-image-preview":"max-image-preview:large","max-video-preview":"max-video-preview:-1"},"canonical":"https:\/\/www.haartick-extensions.de\/fr\/ruecksendung-und-versand\/","og_locale":"fr_FR","og_type":"article","og_title":"R\u00fccksendung und Versand - Haartick-Extensions","og_description":"R\u00fccksendung Sie haben die M\u00f6glichkeit, innerhalb von 14 Tagen unerw\u00fcnschte Produkte unkompliziert zur\u00fcckzusenden. Beachten Sie bitte, dass Artikel mit Hygienesiegeln","og_url":"https:\/\/www.haartick-extensions.de\/fr\/ruecksendung-und-versand\/","og_site_name":"Haartick-Extensions","article_modified_time":"2025-05-08T12:16:42+00:00","twitter_card":"summary_large_image","twitter_misc":{"Dur\u00e9e de lecture estim\u00e9e":"3 minutes"},"schema":{"@context":"https:\/\/schema.org","@graph":[{"@type":"WebPage","@id":"https:\/\/www.haartick-extensions.de\/fr\/ruecksendung-und-versand\/","url":"https:\/\/www.haartick-extensions.de\/fr\/ruecksendung-und-versand\/","name":"R\u00fccksendung und Versand - Haartick-Extensions","isPartOf":{"@id":"https:\/\/www.haartick-extensions.de\/it\/#website"},"datePublished":"2024-10-24T11:41:56+00:00","dateModified":"2025-05-08T12:16:42+00:00","breadcrumb":{"@id":"https:\/\/www.haartick-extensions.de\/fr\/ruecksendung-und-versand\/#breadcrumb"},"inLanguage":"fr-FR","potentialAction":[{"@type":"ReadAction","target":["https:\/\/www.haartick-extensions.de\/fr\/ruecksendung-und-versand\/"]}]},{"@type":"BreadcrumbList","@id":"https:\/\/www.haartick-extensions.de\/fr\/ruecksendung-und-versand\/#breadcrumb","itemListElement":[{"@type":"ListItem","position":1,"name":"Startseite","item":"https:\/\/www.haartick-extensions.de\/it\/"},{"@type":"ListItem","position":2,"name":"R\u00fccksendung und Versand"}]},{"@type":"WebSite","@id":"https:\/\/www.haartick-extensions.de\/it\/#website","url":"https:\/\/www.haartick-extensions.de\/it\/","name":"Extensions de tic de cheveux","description":"Extension et \u00e9paississement professionnels des cheveux avec 100% cheveux humains.","publisher":{"@id":"https:\/\/www.haartick-extensions.de\/it\/#organization"},"potentialAction":[{"@type":"SearchAction","target":{"@type":"EntryPoint","urlTemplate":"https:\/\/www.haartick-extensions.de\/it\/?s={search_term_string}"},"query-input":{"@type":"PropertyValueSpecification","valueRequired":true,"valueName":"search_term_string"}}],"inLanguage":"fr-FR"},{"@type":"Organization","@id":"https:\/\/www.haartick-extensions.de\/it\/#organization","name":"Extensions de cheveux","url":"https:\/\/www.haartick-extensions.de\/it\/","logo":{"@type":"ImageObject","inLanguage":"fr-FR","@id":"https:\/\/www.haartick-extensions.de\/it\/#\/schema\/logo\/image\/","url":"https:\/\/www.haartick-extensions.de\/wp-content\/uploads\/2024\/05\/cropped-Logo-mark-charm.png","contentUrl":"https:\/\/www.haartick-extensions.de\/wp-content\/uploads\/2024\/05\/cropped-Logo-mark-charm.png","width":512,"height":512,"caption":"Haartick Extensions"},"image":{"@id":"https:\/\/www.haartick-extensions.de\/it\/#\/schema\/logo\/image\/"}}]}},"_links":{"self":[{"href":"https:\/\/www.haartick-extensions.de\/fr\/wp-json\/wp\/v2\/pages\/21647","targetHints":{"allow":["GET"]}}],"collection":[{"href":"https:\/\/www.haartick-extensions.de\/fr\/wp-json\/wp\/v2\/pages"}],"about":[{"href":"https:\/\/www.haartick-extensions.de\/fr\/wp-json\/wp\/v2\/types\/page"}],"author":[{"embeddable":true,"href":"https:\/\/www.haartick-extensions.de\/fr\/wp-json\/wp\/v2\/users\/1"}],"replies":[{"embeddable":true,"href":"https:\/\/www.haartick-extensions.de\/fr\/wp-json\/wp\/v2\/comments?post=21647"}],"version-history":[{"count":0,"href":"https:\/\/www.haartick-extensions.de\/fr\/wp-json\/wp\/v2\/pages\/21647\/revisions"}],"wp:attachment":[{"href":"https:\/\/www.haartick-extensions.de\/fr\/wp-json\/wp\/v2\/media?parent=21647"}],"curies":[{"name":"wp","href":"https:\/\/api.w.org\/{rel}","templated":true}]}}