{"id":22045,"date":"2024-11-01T11:43:45","date_gmt":"2024-11-01T11:43:45","guid":{"rendered":"https:\/\/www.haartick-extensions.de\/wordpress\/?page_id=22045"},"modified":"2025-08-28T16:54:08","modified_gmt":"2025-08-28T16:54:08","slug":"faq-haarverlaengerung-antworten-zu-extensions-pflege","status":"publish","type":"page","link":"https:\/\/www.haartick-extensions.de\/fr\/faq-haarverlaengerung-antworten-zu-extensions-pflege\/","title":{"rendered":"Q&amp;R"},"content":{"rendered":"<div data-elementor-type=\"wp-page\" data-elementor-id=\"22045\" class=\"elementor elementor-22045\" data-elementor-post-type=\"page\">\n\t\t\t\t<div class=\"wd-negative-gap elementor-element elementor-element-83884ab e-flex e-con-boxed e-con e-parent\" data-id=\"83884ab\" data-element_type=\"container\">\n\t\t\t\t\t<div class=\"e-con-inner\">\n\t\t\t\t<div class=\"elementor-element elementor-element-0f8e80b elementor-widget elementor-widget-wd_accordion\" data-id=\"0f8e80b\" data-element_type=\"widget\" data-widget_type=\"wd_accordion.default\">\n\t\t\t\t<div class=\"elementor-widget-container\">\n\t\t\t\t\t\n\t\t<div class=\"wd-accordion wd-style-default wd-border-off wd-titles-left wd-opener-pos-right wd-opener-style-arrow\" data-state=\"all_closed\">\n\t\t\t\t\t\t\t\n\t\t\t\t<div class=\"wd-accordion-item\">\n\t\t\t\t\t<div class=\"wd-accordion-title wd-role-btn\" data-accordion-index=\"0\" tabindex=\"0\">\n\t\t\t\t\t\t<div class=\"wd-accordion-title-text\">\n\t\t\t\t\t\t\t\t\t\t\t\t\t\t<span>\n\t\t\t\t\t\t\t\tLes extensions sont-elles nocives pour les cheveux ?\t\t\t\t\t\t\t<\/span>\n\t\t\t\t\t\t<\/div>\n\t\t\t\t\t\t<span class=\"wd-accordion-opener\"><\/span>\n\t\t\t\t\t<\/div>\n\n\t\t\t\t\t<div class=\"wd-accordion-content wd-entry-content\" data-accordion-index=\"0\">\n\t\t\t\t\t\t\t\t\t\t\t\t\t\n\t\t\t\t\t\t\t<p>Si vous confiez la pose et le retrait des extensions \u00e0 un coiffeur exp\u00e9riment\u00e9 ou \u00e0 un professionnel des extensions de cheveux, une fois que les m\u00e8ches ont pouss\u00e9, et que vous entretenez correctement vos cheveux, il n'y a aucun risque pour vos propres cheveux.<\/p>\n\t\t\t\t\t\t\t\t\t\t\t\t\t\t\t\t\t\t<\/div>\n\t\t\t\t<\/div>\n\t\t\t\t\t\t\t\n\t\t\t\t<div class=\"wd-accordion-item\">\n\t\t\t\t\t<div class=\"wd-accordion-title wd-role-btn\" data-accordion-index=\"1\" tabindex=\"0\">\n\t\t\t\t\t\t<div class=\"wd-accordion-title-text\">\n\t\t\t\t\t\t\t\t\t\t\t\t\t\t<span>\n\t\t\t\t\t\t\t\tComment les extensions sont-elles fix\u00e9es ? Combien de temps puis-je porter les extensions ?\t\t\t\t\t\t\t<\/span>\n\t\t\t\t\t\t<\/div>\n\t\t\t\t\t\t<span class=\"wd-accordion-opener\"><\/span>\n\t\t\t\t\t<\/div>\n\n\t\t\t\t\t<div class=\"wd-accordion-content wd-entry-content\" data-accordion-index=\"1\">\n\t\t\t\t\t\t\t\t\t\t\t\t\t\n\t\t\t\t\t\t\t<p><strong>M\u00e9thode de bonding :<\/strong><\/p><p>Les extensions sont fix\u00e9es aux propres cheveux \u00e0 l'aide d'une pince chauffante. Les propres cheveux ne sont pas endommag\u00e9s. Avec cette m\u00e9thode, les extensions durent jusqu'\u00e0 six mois.<\/p><p><strong>M\u00e9thode Tape :<\/strong><\/p><p>Les cheveux sont ins\u00e9r\u00e9s \u00e0 l'aide de bandes adh\u00e9sives. Ici aussi, il n'y a aucun risque pour les propres cheveux. Avec cette m\u00e9thode, les extensions tiennent jusqu'\u00e0 8 semaines.<\/p>\n\t\t\t\t\t\t\t\t\t\t\t\t\t\t\t\t\t\t<\/div>\n\t\t\t\t<\/div>\n\t\t\t\t\t\t\t\n\t\t\t\t<div class=\"wd-accordion-item\">\n\t\t\t\t\t<div class=\"wd-accordion-title wd-role-btn\" data-accordion-index=\"2\" tabindex=\"0\">\n\t\t\t\t\t\t<div class=\"wd-accordion-title-text\">\n\t\t\t\t\t\t\t\t\t\t\t\t\t\t<span>\n\t\t\t\t\t\t\t\tQuelle est la m\u00e9thode d'extension qui me convient le mieux ?\t\t\t\t\t\t\t<\/span>\n\t\t\t\t\t\t<\/div>\n\t\t\t\t\t\t<span class=\"wd-accordion-opener\"><\/span>\n\t\t\t\t\t<\/div>\n\n\t\t\t\t\t<div class=\"wd-accordion-content wd-entry-content\" data-accordion-index=\"2\">\n\t\t\t\t\t\t\t\t\t\t\t\t\t\n\t\t\t\t\t\t\t<p>Faites <span style=\"text-decoration: underline;\"><strong><a href=\"https:\/\/www.haartick-extensions.de\/fr\/finde-deine-perfekte-extensions-methode\/\">ici<\/a><\/strong><\/span>\u00a0un petit quiz et recevez directement notre recommandation.<\/p>\n\t\t\t\t\t\t\t\t\t\t\t\t\t\t\t\t\t\t<\/div>\n\t\t\t\t<\/div>\n\t\t\t\t\t\t\t\n\t\t\t\t<div class=\"wd-accordion-item\">\n\t\t\t\t\t<div class=\"wd-accordion-title wd-role-btn\" data-accordion-index=\"3\" tabindex=\"0\">\n\t\t\t\t\t\t<div class=\"wd-accordion-title-text\">\n\t\t\t\t\t\t\t\t\t\t\t\t\t\t<span>\n\t\t\t\t\t\t\t\tQuantit\u00e9 recommand\u00e9e\t\t\t\t\t\t\t<\/span>\n\t\t\t\t\t\t<\/div>\n\t\t\t\t\t\t<span class=\"wd-accordion-opener\"><\/span>\n\t\t\t\t\t<\/div>\n\n\t\t\t\t\t<div class=\"wd-accordion-content wd-entry-content\" data-accordion-index=\"3\">\n\t\t\t\t\t\t\t\t\t\t\t\t\t\n\t\t\t\t\t\t\t<p>Cliquez sur <span style=\"text-decoration: underline;\"><a href=\"https:\/\/www.haartick-extensions.de\/fr\/mengenempfehlung\/\"><b>ici<\/b><\/a><\/span>\u00a0pour un aper\u00e7u<\/p>\n\t\t\t\t\t\t\t\t\t\t\t\t\t\t\t\t\t\t<\/div>\n\t\t\t\t<\/div>\n\t\t\t\t\t\t\t\n\t\t\t\t<div class=\"wd-accordion-item\">\n\t\t\t\t\t<div class=\"wd-accordion-title wd-role-btn\" data-accordion-index=\"4\" tabindex=\"0\">\n\t\t\t\t\t\t<div class=\"wd-accordion-title-text\">\n\t\t\t\t\t\t\t\t\t\t\t\t\t\t<span>\n\t\t\t\t\t\t\t\tRisques et effets secondaires\t\t\t\t\t\t\t<\/span>\n\t\t\t\t\t\t<\/div>\n\t\t\t\t\t\t<span class=\"wd-accordion-opener\"><\/span>\n\t\t\t\t\t<\/div>\n\n\t\t\t\t\t<div class=\"wd-accordion-content wd-entry-content\" data-accordion-index=\"4\">\n\t\t\t\t\t\t\t\t\t\t\t\t\t\n\t\t\t\t\t\t\t<p><b>Les extensions tombent :<\/b><\/p><p>Cela peut \u00eatre d\u00fb \u00e0 des cheveux propres extr\u00eamement lisses, \u00e0 l'action de la chaleur sur les bondings \u00e0 la k\u00e9ratine, \u00e0 un cuir chevelu gras ou \u00e0 des produits de soin inappropri\u00e9s. Dans les cas extr\u00eames, contactez votre styliste.<b><\/b><\/p><p><b>Les cheveux ont l'air secs :<\/b><\/p><p>Les cheveux humains, comme les cheveux naturels, peuvent \u00eatre sujets \u00e0 la s\u00e9cheresse et aux fourches. Lisez la section \"Entretien\" et suivez les conseils d'entretien.<b><\/b><\/p><p><b>Nouer les cheveux :<\/b><\/p><p>Cela se produit lorsque les soins ne sont pas adapt\u00e9s. Brossez-vous r\u00e9guli\u00e8rement les cheveux avec une brosse sp\u00e9ciale pour extensions et s\u00e9chez toujours vos cheveux apr\u00e8s les avoir lav\u00e9s.<b><\/b><\/p><p><b>Les cheveux s'emm\u00ealent :<\/b><\/p><p>Cela peut \u00eatre d\u00fb \u00e0 des soins inadapt\u00e9s ou \u00e0 des cheveux fortement sollicit\u00e9s (traitements chimiques). Utilisez des cures de soins intensifs et un fluide pour les pointes.<b>.<\/b><\/p><p><b>D\u00e9mangeaisons :<\/b><\/p><p>Les extensions de cheveux peuvent provoquer des d\u00e9mangeaisons au d\u00e9but. Utilisez un shampooing doux et \u00e9vitez les shampooings antipelliculaires.<b>.<\/b><\/p><p><b>Maux de t\u00eate :<\/b><\/p><p>Les maux de t\u00eate initiaux sont normaux et disparaissent une fois que votre cuir chevelu s'est habitu\u00e9 au poids suppl\u00e9mentaire.<b><\/b><\/p><p><b>Les extensions se d\u00e9tachent :<\/b><\/p><p>Cela peut \u00eatre d\u00fb \u00e0 des traitements chimiques ou \u00e0 un mauvais entretien. Dans les cas extr\u00eames, contactez votre styliste.<b><\/b><\/p><p><b>Le bonding \u00e0 la k\u00e9ratine est doux et collant :<\/b><\/p><p>Un port prolong\u00e9 \u00e0 l'\u00e9tat humide ou une transpiration excessive peuvent fragiliser la k\u00e9ratine.<b>.<\/b><\/p><p><b>De quoi dois-je tenir compte avant la mise en place ?<\/b><\/p><p>Que vous optiez pour des extensions par bonding ou par bande, vos propres cheveux doivent \u00eatre soigneusement lav\u00e9s avec un shampooing nettoyant en profondeur avant la pose. Si les cheveux n'ont pas \u00e9t\u00e9 nettoy\u00e9s \u00e0 fond et qu'il y a encore des r\u00e9sidus de produits de coiffage sur vos cheveux, la k\u00e9ratine ou la colle ne peut pas se lier \u00e0 vos propres cheveux. Cela peut faire glisser les extensions.<\/p>\n\t\t\t\t\t\t\t\t\t\t\t\t\t\t\t\t\t\t<\/div>\n\t\t\t\t<\/div>\n\t\t\t\t\t\t\t\n\t\t\t\t<div class=\"wd-accordion-item\">\n\t\t\t\t\t<div class=\"wd-accordion-title wd-role-btn\" data-accordion-index=\"5\" tabindex=\"0\">\n\t\t\t\t\t\t<div class=\"wd-accordion-title-text\">\n\t\t\t\t\t\t\t\t\t\t\t\t\t\t<span>\n\t\t\t\t\t\t\t\tEst-il possible de commander par t\u00e9l\u00e9phone ?\t\t\t\t\t\t\t<\/span>\n\t\t\t\t\t\t<\/div>\n\t\t\t\t\t\t<span class=\"wd-accordion-opener\"><\/span>\n\t\t\t\t\t<\/div>\n\n\t\t\t\t\t<div class=\"wd-accordion-content wd-entry-content\" data-accordion-index=\"5\">\n\t\t\t\t\t\t\t\t\t\t\t\t\t\n\t\t\t\t\t\t\t<p>Nous prenons \u00e9galement volontiers votre commande par t\u00e9l\u00e9phone au num\u00e9ro +491743786091. Toutefois, nous ne pouvons vous proposer que les modes de paiement Paypal, virement imm\u00e9diat, paiement d'avance ou paiement en esp\u00e8ces lors de l'enl\u00e8vement.<\/p>\n\t\t\t\t\t\t\t\t\t\t\t\t\t\t\t\t\t\t<\/div>\n\t\t\t\t<\/div>\n\t\t\t\t\t\t\t\n\t\t\t\t<div class=\"wd-accordion-item\">\n\t\t\t\t\t<div class=\"wd-accordion-title wd-role-btn\" data-accordion-index=\"6\" tabindex=\"0\">\n\t\t\t\t\t\t<div class=\"wd-accordion-title-text\">\n\t\t\t\t\t\t\t\t\t\t\t\t\t\t<span>\n\t\t\t\t\t\t\t\tEst-ce que je re\u00e7ois une confirmation de commande ?\t\t\t\t\t\t\t<\/span>\n\t\t\t\t\t\t<\/div>\n\t\t\t\t\t\t<span class=\"wd-accordion-opener\"><\/span>\n\t\t\t\t\t<\/div>\n\n\t\t\t\t\t<div class=\"wd-accordion-content wd-entry-content\" data-accordion-index=\"6\">\n\t\t\t\t\t\t\t\t\t\t\t\t\t\n\t\t\t\t\t\t\t<p>Oui, vous recevrez une confirmation de commande par e-mail d\u00e8s r\u00e9ception de votre commande. Si vous avez un compte client, vous pouvez \u00e9galement y consulter vos commandes.<\/p>\n\t\t\t\t\t\t\t\t\t\t\t\t\t\t\t\t\t\t<\/div>\n\t\t\t\t<\/div>\n\t\t\t\t\t\t\t\n\t\t\t\t<div class=\"wd-accordion-item\">\n\t\t\t\t\t<div class=\"wd-accordion-title wd-role-btn\" data-accordion-index=\"7\" tabindex=\"0\">\n\t\t\t\t\t\t<div class=\"wd-accordion-title-text\">\n\t\t\t\t\t\t\t\t\t\t\t\t\t\t<span>\n\t\t\t\t\t\t\t\tAi-je besoin d'un compte client pour commander ?\t\t\t\t\t\t\t<\/span>\n\t\t\t\t\t\t<\/div>\n\t\t\t\t\t\t<span class=\"wd-accordion-opener\"><\/span>\n\t\t\t\t\t<\/div>\n\n\t\t\t\t\t<div class=\"wd-accordion-content wd-entry-content\" data-accordion-index=\"7\">\n\t\t\t\t\t\t\t\t\t\t\t\t\t\n\t\t\t\t\t\t\t<p>Non, vous pouvez \u00e9galement commander en tant qu'invit\u00e9 sans cr\u00e9er de compte client. La cr\u00e9ation d'un compte client vous permet toutefois de consulter vos commandes et l'\u00e9tat de l'exp\u00e9dition.<\/p>\n\t\t\t\t\t\t\t\t\t\t\t\t\t\t\t\t\t\t<\/div>\n\t\t\t\t<\/div>\n\t\t\t\t\t\t\t\n\t\t\t\t<div class=\"wd-accordion-item\">\n\t\t\t\t\t<div class=\"wd-accordion-title wd-role-btn\" data-accordion-index=\"8\" tabindex=\"0\">\n\t\t\t\t\t\t<div class=\"wd-accordion-title-text\">\n\t\t\t\t\t\t\t\t\t\t\t\t\t\t<span>\n\t\t\t\t\t\t\t\tQue dois-je faire si je souhaite modifier le mot de passe de mon compte client ou si je l'ai oubli\u00e9 ?\t\t\t\t\t\t\t<\/span>\n\t\t\t\t\t\t<\/div>\n\t\t\t\t\t\t<span class=\"wd-accordion-opener\"><\/span>\n\t\t\t\t\t<\/div>\n\n\t\t\t\t\t<div class=\"wd-accordion-content wd-entry-content\" data-accordion-index=\"8\">\n\t\t\t\t\t\t\t\t\t\t\t\t\t\n\t\t\t\t\t\t\t<p>Si vous souhaitez modifier votre mot de passe ou si vous l'avez oubli\u00e9, vous pouvez utiliser la fonction <a href=\"https:\/\/www.haartick-extensions.de\/fr\/mein-konto\/lost-password\/\">\"Mot de passe oubli\u00e9\"<\/a> cr\u00e9er un nouveau mot de passe.<\/p>\n\t\t\t\t\t\t\t\t\t\t\t\t\t\t\t\t\t\t<\/div>\n\t\t\t\t<\/div>\n\t\t\t\t\t\t\t\n\t\t\t\t<div class=\"wd-accordion-item\">\n\t\t\t\t\t<div class=\"wd-accordion-title wd-role-btn\" data-accordion-index=\"9\" tabindex=\"0\">\n\t\t\t\t\t\t<div class=\"wd-accordion-title-text\">\n\t\t\t\t\t\t\t\t\t\t\t\t\t\t<span>\n\t\t\t\t\t\t\t\tQue puis-je faire si l'article que je souhaite acheter est \u00e9puis\u00e9 ?\t\t\t\t\t\t\t<\/span>\n\t\t\t\t\t\t<\/div>\n\t\t\t\t\t\t<span class=\"wd-accordion-opener\"><\/span>\n\t\t\t\t\t<\/div>\n\n\t\t\t\t\t<div class=\"wd-accordion-content wd-entry-content\" data-accordion-index=\"9\">\n\t\t\t\t\t\t\t\t\t\t\t\t\t\n\t\t\t\t\t\t\t<p>Vous avez la possibilit\u00e9 de vous inscrire directement dans le produit avec votre adresse e-mail pour recevoir une notification. D\u00e8s que l'article sera \u00e0 nouveau disponible, nous vous en informerons imm\u00e9diatement par e-mail. <br \/>Vous pouvez \u00e9galement nous contacter par WhatsApp ou par t\u00e9l\u00e9phone, nous pourrons alors vous conseiller et vous recommander d'autres couleurs et produits disponibles.<\/p>\n\t\t\t\t\t\t\t\t\t\t\t\t\t\t\t\t\t\t<\/div>\n\t\t\t\t<\/div>\n\t\t\t\t\t\t\t\n\t\t\t\t<div class=\"wd-accordion-item\">\n\t\t\t\t\t<div class=\"wd-accordion-title wd-role-btn\" data-accordion-index=\"10\" tabindex=\"0\">\n\t\t\t\t\t\t<div class=\"wd-accordion-title-text\">\n\t\t\t\t\t\t\t\t\t\t\t\t\t\t<span>\n\t\t\t\t\t\t\t\tJ'ai oubli\u00e9 d'utiliser mon code de r\u00e9duction. Est-il possible de le faire ult\u00e9rieurement ?\t\t\t\t\t\t\t<\/span>\n\t\t\t\t\t\t<\/div>\n\t\t\t\t\t\t<span class=\"wd-accordion-opener\"><\/span>\n\t\t\t\t\t<\/div>\n\n\t\t\t\t\t<div class=\"wd-accordion-content wd-entry-content\" data-accordion-index=\"10\">\n\t\t\t\t\t\t\t\t\t\t\t\t\t\n\t\t\t\t\t\t\t<p>Non, malheureusement, vous ne pouvez pas utiliser de code de r\u00e9duction ult\u00e9rieurement. Vous pouvez toutefois l'utiliser lors de votre prochaine commande.<\/p>\n\t\t\t\t\t\t\t\t\t\t\t\t\t\t\t\t\t\t<\/div>\n\t\t\t\t<\/div>\n\t\t\t\t\t\t\t\n\t\t\t\t<div class=\"wd-accordion-item\">\n\t\t\t\t\t<div class=\"wd-accordion-title wd-role-btn\" data-accordion-index=\"11\" tabindex=\"0\">\n\t\t\t\t\t\t<div class=\"wd-accordion-title-text\">\n\t\t\t\t\t\t\t\t\t\t\t\t\t\t<span>\n\t\t\t\t\t\t\t\tPuis-je modifier\/annuler ma commande ou changer mon adresse de livraison ult\u00e9rieurement ?\t\t\t\t\t\t\t<\/span>\n\t\t\t\t\t\t<\/div>\n\t\t\t\t\t\t<span class=\"wd-accordion-opener\"><\/span>\n\t\t\t\t\t<\/div>\n\n\t\t\t\t\t<div class=\"wd-accordion-content wd-entry-content\" data-accordion-index=\"11\">\n\t\t\t\t\t\t\t\t\t\t\t\t\t\n\t\t\t\t\t\t\t<p>Nous vous prions de comprendre qu'une fois votre commande re\u00e7ue avec succ\u00e8s, vous ne pourrez plus y apporter de modifications, car c'est la seule fa\u00e7on pour nous de vous offrir des d\u00e9lais de livraison aussi rapides que possible.<\/p>\n\t\t\t\t\t\t\t\t\t\t\t\t\t\t\t\t\t\t<\/div>\n\t\t\t\t<\/div>\n\t\t\t\t\t\t\t\n\t\t\t\t<div class=\"wd-accordion-item\">\n\t\t\t\t\t<div class=\"wd-accordion-title wd-role-btn\" data-accordion-index=\"12\" tabindex=\"0\">\n\t\t\t\t\t\t<div class=\"wd-accordion-title-text\">\n\t\t\t\t\t\t\t\t\t\t\t\t\t\t<span>\n\t\t\t\t\t\t\t\tEst-il possible de renvoyer le produit ou de l'\u00e9changer si le produit ne me convient pas ?\t\t\t\t\t\t\t<\/span>\n\t\t\t\t\t\t<\/div>\n\t\t\t\t\t\t<span class=\"wd-accordion-opener\"><\/span>\n\t\t\t\t\t<\/div>\n\n\t\t\t\t\t<div class=\"wd-accordion-content wd-entry-content\" data-accordion-index=\"12\">\n\t\t\t\t\t\t\t\t\t\t\t\t\t\n\t\t\t\t\t\t\t<p>Vous avez la possibilit\u00e9 de renvoyer les produits non souhait\u00e9s dans un d\u00e9lai de 14 jours en tant que retour normal. <br \/>Veuillez noter que les articles munis d'un sceau d'hygi\u00e8ne ne peuvent \u00eatre repris que s'ils sont intacts. Vous pouvez toutefois sortir les produits de leur emballage pour les toucher et en v\u00e9rifier la qualit\u00e9 ou la nuance de couleur. Toutefois, lors des retours, les points de jonction ne doivent pas \u00eatre coup\u00e9s, les cheveux teints ou les articles trait\u00e9s ou endommag\u00e9s d'une autre mani\u00e8re. <br \/>Si vous souhaitez un produit de remplacement, veuillez le commander \u00e0 nouveau dans notre boutique en ligne. <br \/>Veuillez noter que les fabrications sp\u00e9ciales et les commandes sp\u00e9ciales ne peuvent pas \u00eatre \u00e9chang\u00e9es.<\/p>\n\t\t\t\t\t\t\t\t\t\t\t\t\t\t\t\t\t\t<\/div>\n\t\t\t\t<\/div>\n\t\t\t\t\t<\/div>\n\t\t\t\t\t\t<\/div>\n\t\t\t\t<\/div>\n\t\t\t\t\t<\/div>\n\t\t\t\t<\/div>\n\t\t\t\t<\/div>","protected":false},"excerpt":{"rendered":"<p>Schaden Extensions dem eigenen Haar? Wenn Sie die Extensions von einem erfahrenen Friseur oder Profi im Bereich Haarverl\u00e4ngerung einarbeiten und<\/p>","protected":false},"author":1,"featured_media":0,"parent":0,"menu_order":0,"comment_status":"closed","ping_status":"closed","template":"elementor_header_footer","meta":{"_joinchat":[],"footnotes":""},"class_list":["post-22045","page","type-page","status-publish","hentry"],"yoast_head":"<!-- This site is optimized with the Yoast SEO plugin v25.6 - https:\/\/yoast.com\/wordpress\/plugins\/seo\/ -->\n<title>Q&amp;A - Haartick-Extensions<\/title>\n<meta name=\"description\" content=\"Hier findest du alle wichtigen Antworten zu Haarverl\u00e4ngerung, Echthaar Extensions und Pflege. Klare Tipps und Infos f\u00fcr deine perfekte Haarverl\u00e4ngerung.\" \/>\n<meta name=\"robots\" content=\"index, follow, max-snippet:-1, max-image-preview:large, max-video-preview:-1\" \/>\n<link rel=\"canonical\" href=\"https:\/\/www.haartick-extensions.de\/fr\/faq-haarverlaengerung-antworten-zu-extensions-pflege\/\" \/>\n<meta property=\"og:locale\" content=\"fr_FR\" \/>\n<meta property=\"og:type\" content=\"article\" \/>\n<meta property=\"og:title\" content=\"FAQ Haarverl\u00e4ngerung \u2013 Antworten zu Extensions &amp; Pflege\" \/>\n<meta property=\"og:description\" content=\"Hier findest du alle wichtigen Antworten zu Haarverl\u00e4ngerung, Echthaar Extensions und Pflege. Klare Tipps und Infos f\u00fcr deine perfekte Haarverl\u00e4ngerung.\" \/>\n<meta property=\"og:url\" content=\"https:\/\/www.haartick-extensions.de\/fr\/faq-haarverlaengerung-antworten-zu-extensions-pflege\/\" \/>\n<meta property=\"og:site_name\" content=\"Haartick-Extensions\" \/>\n<meta property=\"article:modified_time\" content=\"2025-08-28T16:54:08+00:00\" \/>\n<meta name=\"twitter:card\" content=\"summary_large_image\" \/>\n<meta name=\"twitter:label1\" content=\"Dur\u00e9e de lecture estim\u00e9e\" \/>\n\t<meta name=\"twitter:data1\" content=\"5 minutes\" \/>\n<script type=\"application\/ld+json\" class=\"yoast-schema-graph\">{\"@context\":\"https:\/\/schema.org\",\"@graph\":[{\"@type\":\"WebPage\",\"@id\":\"https:\/\/www.haartick-extensions.de\/it\/faq-haarverlaengerung-antworten-zu-extensions-pflege\/\",\"url\":\"https:\/\/www.haartick-extensions.de\/it\/faq-haarverlaengerung-antworten-zu-extensions-pflege\/\",\"name\":\"Q&A - Haartick-Extensions\",\"isPartOf\":{\"@id\":\"https:\/\/www.haartick-extensions.de\/it\/#website\"},\"datePublished\":\"2024-11-01T11:43:45+00:00\",\"dateModified\":\"2025-08-28T16:54:08+00:00\",\"description\":\"Hier findest du alle wichtigen Antworten zu Haarverl\u00e4ngerung, Echthaar Extensions und Pflege. Klare Tipps und Infos f\u00fcr deine perfekte Haarverl\u00e4ngerung.\",\"breadcrumb\":{\"@id\":\"https:\/\/www.haartick-extensions.de\/it\/faq-haarverlaengerung-antworten-zu-extensions-pflege\/#breadcrumb\"},\"inLanguage\":\"fr-FR\",\"potentialAction\":[{\"@type\":\"ReadAction\",\"target\":[\"https:\/\/www.haartick-extensions.de\/it\/faq-haarverlaengerung-antworten-zu-extensions-pflege\/\"]}]},{\"@type\":\"BreadcrumbList\",\"@id\":\"https:\/\/www.haartick-extensions.de\/it\/faq-haarverlaengerung-antworten-zu-extensions-pflege\/#breadcrumb\",\"itemListElement\":[{\"@type\":\"ListItem\",\"position\":1,\"name\":\"Startseite\",\"item\":\"https:\/\/www.haartick-extensions.de\/it\/\"},{\"@type\":\"ListItem\",\"position\":2,\"name\":\"Q&#038;A\"}]},{\"@type\":\"WebSite\",\"@id\":\"https:\/\/www.haartick-extensions.de\/it\/#website\",\"url\":\"https:\/\/www.haartick-extensions.de\/it\/\",\"name\":\"Haartick-Extensions\",\"description\":\"Professionelle Haarverl\u00e4ngerund \/ Haarverdichtung mit 100% Echthaar.\",\"publisher\":{\"@id\":\"https:\/\/www.haartick-extensions.de\/it\/#organization\"},\"potentialAction\":[{\"@type\":\"SearchAction\",\"target\":{\"@type\":\"EntryPoint\",\"urlTemplate\":\"https:\/\/www.haartick-extensions.de\/it\/?s={search_term_string}\"},\"query-input\":{\"@type\":\"PropertyValueSpecification\",\"valueRequired\":true,\"valueName\":\"search_term_string\"}}],\"inLanguage\":\"fr-FR\"},{\"@type\":\"Organization\",\"@id\":\"https:\/\/www.haartick-extensions.de\/it\/#organization\",\"name\":\"Haartick Extensions\",\"url\":\"https:\/\/www.haartick-extensions.de\/it\/\",\"logo\":{\"@type\":\"ImageObject\",\"inLanguage\":\"fr-FR\",\"@id\":\"https:\/\/www.haartick-extensions.de\/it\/#\/schema\/logo\/image\/\",\"url\":\"https:\/\/www.haartick-extensions.de\/wp-content\/uploads\/2024\/05\/cropped-Logo-mark-charm.png\",\"contentUrl\":\"https:\/\/www.haartick-extensions.de\/wp-content\/uploads\/2024\/05\/cropped-Logo-mark-charm.png\",\"width\":512,\"height\":512,\"caption\":\"Haartick Extensions\"},\"image\":{\"@id\":\"https:\/\/www.haartick-extensions.de\/it\/#\/schema\/logo\/image\/\"}}]}<\/script>\n<!-- \/ Yoast SEO plugin. -->","yoast_head_json":{"title":"Q&A - Haartick-Extensions","description":"Hier findest du alle wichtigen Antworten zu Haarverl\u00e4ngerung, Echthaar Extensions und Pflege. Klare Tipps und Infos f\u00fcr deine perfekte Haarverl\u00e4ngerung.","robots":{"index":"index","follow":"follow","max-snippet":"max-snippet:-1","max-image-preview":"max-image-preview:large","max-video-preview":"max-video-preview:-1"},"canonical":"https:\/\/www.haartick-extensions.de\/fr\/faq-haarverlaengerung-antworten-zu-extensions-pflege\/","og_locale":"fr_FR","og_type":"article","og_title":"FAQ Haarverl\u00e4ngerung \u2013 Antworten zu Extensions & Pflege","og_description":"Hier findest du alle wichtigen Antworten zu Haarverl\u00e4ngerung, Echthaar Extensions und Pflege. Klare Tipps und Infos f\u00fcr deine perfekte Haarverl\u00e4ngerung.","og_url":"https:\/\/www.haartick-extensions.de\/fr\/faq-haarverlaengerung-antworten-zu-extensions-pflege\/","og_site_name":"Haartick-Extensions","article_modified_time":"2025-08-28T16:54:08+00:00","twitter_card":"summary_large_image","twitter_misc":{"Dur\u00e9e de lecture estim\u00e9e":"5 minutes"},"schema":{"@context":"https:\/\/schema.org","@graph":[{"@type":"WebPage","@id":"https:\/\/www.haartick-extensions.de\/it\/faq-haarverlaengerung-antworten-zu-extensions-pflege\/","url":"https:\/\/www.haartick-extensions.de\/it\/faq-haarverlaengerung-antworten-zu-extensions-pflege\/","name":"Q&A - Haartick-Extensions","isPartOf":{"@id":"https:\/\/www.haartick-extensions.de\/it\/#website"},"datePublished":"2024-11-01T11:43:45+00:00","dateModified":"2025-08-28T16:54:08+00:00","description":"Hier findest du alle wichtigen Antworten zu Haarverl\u00e4ngerung, Echthaar Extensions und Pflege. Klare Tipps und Infos f\u00fcr deine perfekte Haarverl\u00e4ngerung.","breadcrumb":{"@id":"https:\/\/www.haartick-extensions.de\/it\/faq-haarverlaengerung-antworten-zu-extensions-pflege\/#breadcrumb"},"inLanguage":"fr-FR","potentialAction":[{"@type":"ReadAction","target":["https:\/\/www.haartick-extensions.de\/it\/faq-haarverlaengerung-antworten-zu-extensions-pflege\/"]}]},{"@type":"BreadcrumbList","@id":"https:\/\/www.haartick-extensions.de\/it\/faq-haarverlaengerung-antworten-zu-extensions-pflege\/#breadcrumb","itemListElement":[{"@type":"ListItem","position":1,"name":"Startseite","item":"https:\/\/www.haartick-extensions.de\/it\/"},{"@type":"ListItem","position":2,"name":"Q&#038;A"}]},{"@type":"WebSite","@id":"https:\/\/www.haartick-extensions.de\/it\/#website","url":"https:\/\/www.haartick-extensions.de\/it\/","name":"Extensions de tic de cheveux","description":"Extension et \u00e9paississement professionnels des cheveux avec 100% cheveux humains.","publisher":{"@id":"https:\/\/www.haartick-extensions.de\/it\/#organization"},"potentialAction":[{"@type":"SearchAction","target":{"@type":"EntryPoint","urlTemplate":"https:\/\/www.haartick-extensions.de\/it\/?s={search_term_string}"},"query-input":{"@type":"PropertyValueSpecification","valueRequired":true,"valueName":"search_term_string"}}],"inLanguage":"fr-FR"},{"@type":"Organization","@id":"https:\/\/www.haartick-extensions.de\/it\/#organization","name":"Extensions de cheveux","url":"https:\/\/www.haartick-extensions.de\/it\/","logo":{"@type":"ImageObject","inLanguage":"fr-FR","@id":"https:\/\/www.haartick-extensions.de\/it\/#\/schema\/logo\/image\/","url":"https:\/\/www.haartick-extensions.de\/wp-content\/uploads\/2024\/05\/cropped-Logo-mark-charm.png","contentUrl":"https:\/\/www.haartick-extensions.de\/wp-content\/uploads\/2024\/05\/cropped-Logo-mark-charm.png","width":512,"height":512,"caption":"Haartick Extensions"},"image":{"@id":"https:\/\/www.haartick-extensions.de\/it\/#\/schema\/logo\/image\/"}}]}},"_links":{"self":[{"href":"https:\/\/www.haartick-extensions.de\/fr\/wp-json\/wp\/v2\/pages\/22045","targetHints":{"allow":["GET"]}}],"collection":[{"href":"https:\/\/www.haartick-extensions.de\/fr\/wp-json\/wp\/v2\/pages"}],"about":[{"href":"https:\/\/www.haartick-extensions.de\/fr\/wp-json\/wp\/v2\/types\/page"}],"author":[{"embeddable":true,"href":"https:\/\/www.haartick-extensions.de\/fr\/wp-json\/wp\/v2\/users\/1"}],"replies":[{"embeddable":true,"href":"https:\/\/www.haartick-extensions.de\/fr\/wp-json\/wp\/v2\/comments?post=22045"}],"version-history":[{"count":0,"href":"https:\/\/www.haartick-extensions.de\/fr\/wp-json\/wp\/v2\/pages\/22045\/revisions"}],"wp:attachment":[{"href":"https:\/\/www.haartick-extensions.de\/fr\/wp-json\/wp\/v2\/media?parent=22045"}],"curies":[{"name":"wp","href":"https:\/\/api.w.org\/{rel}","templated":true}]}}