{"id":22068,"date":"2024-11-04T11:31:58","date_gmt":"2024-11-04T11:31:58","guid":{"rendered":"https:\/\/www.haartick-extensions.de\/wordpress\/?page_id=22068"},"modified":"2024-11-24T14:19:06","modified_gmt":"2024-11-24T14:19:06","slug":"mengenempfehlung","status":"publish","type":"page","link":"https:\/\/www.haartick-extensions.de\/fr\/mengenempfehlung\/","title":{"rendered":"Quantit\u00e9 recommand\u00e9e"},"content":{"rendered":"<div data-elementor-type=\"wp-page\" data-elementor-id=\"22068\" class=\"elementor elementor-22068\" data-elementor-post-type=\"page\">\n\t\t\t\t<div class=\"wd-negative-gap elementor-element elementor-element-1674401 e-flex e-con-boxed e-con e-parent\" data-id=\"1674401\" data-element_type=\"container\">\n\t\t\t\t\t<div class=\"e-con-inner\">\n\t\t\t\t<div class=\"elementor-element elementor-element-75de0a4 elementor-widget elementor-widget-wd_text_block\" data-id=\"75de0a4\" data-element_type=\"widget\" data-widget_type=\"wd_text_block.default\">\n\t\t\t\t<div class=\"elementor-widget-container\">\n\t\t\t\t\t\t\t<div class=\"wd-text-block reset-last-child text-left\">\n\t\t\t\n\t\t\t<p>Comme chaque extension de cheveux est individuelle, la quantit\u00e9 n\u00e9cessaire varie en fonction de la nature des propres cheveux et du r\u00e9sultat souhait\u00e9.<span style=\"font-size: 16px; text-align: var(--text-align); color: var(--wd-text-color);\"><\/span><\/p>\n\t\t\t\t\t<\/div>\n\t\t\t\t\t\t<\/div>\n\t\t\t\t<\/div>\n\t\t\t\t<div class=\"elementor-element elementor-element-a0c6364 wd-width-100 elementor-widget elementor-widget-wd_title\" data-id=\"a0c6364\" data-element_type=\"widget\" data-widget_type=\"wd_title.default\">\n\t\t\t\t<div class=\"elementor-widget-container\">\n\t\t\t\t\t\t\t<div class=\"title-wrapper wd-set-mb reset-last-child wd-title-color-default wd-title-style-default wd-title-size-default text-left\">\n\n\t\t\t\n\t\t\t<div class=\"liner-continer\">\n\t\t\t\t<h4 class=\"woodmart-title-container title wd-fontsize-l\">Pour toutes celles qui souhaitent avoir des cheveux plus volumineux <\/h4> \n\t\t\t\t\t\t\t<\/div>\n\n\t\t\t\t\t<\/div>\n\t\t\t\t\t\t<\/div>\n\t\t\t\t<\/div>\n\t\t\t\t<div class=\"elementor-element elementor-element-e1910b6 elementor-widget elementor-widget-wd_text_block\" data-id=\"e1910b6\" data-element_type=\"widget\" data-widget_type=\"wd_text_block.default\">\n\t\t\t\t<div class=\"elementor-widget-container\">\n\t\t\t\t\t\t\t<div class=\"wd-text-block reset-last-child text-left\">\n\t\t\t\n\t\t\t<p>Si vous souhaitez obtenir plus de volume sans allonger vos cheveux, l'\u00e9paississement des cheveux est exactement ce qu'il vous faut. Pour une densification des cheveux, 50 grammes suffisent g\u00e9n\u00e9ralement.<\/p>\n\t\t\t\t\t<\/div>\n\t\t\t\t\t\t<\/div>\n\t\t\t\t<\/div>\n\t\t\t\t<div class=\"elementor-element elementor-element-db2495a wd-width-100 elementor-widget elementor-widget-wd_title\" data-id=\"db2495a\" data-element_type=\"widget\" data-widget_type=\"wd_title.default\">\n\t\t\t\t<div class=\"elementor-widget-container\">\n\t\t\t\t\t\t\t<div class=\"title-wrapper wd-set-mb reset-last-child wd-title-color-default wd-title-style-default wd-title-size-default text-left\">\n\n\t\t\t\n\t\t\t<div class=\"liner-continer\">\n\t\t\t\t<h4 class=\"woodmart-title-container title wd-fontsize-l\">Pour toutes celles qui ont des cheveux fins et qui souhaitent plus de longueur et de volume.<\/h4> \n\t\t\t\t\t\t\t<\/div>\n\n\t\t\t\t\t<\/div>\n\t\t\t\t\t\t<\/div>\n\t\t\t\t<\/div>\n\t\t\t\t<div class=\"elementor-element elementor-element-b74f43d elementor-widget elementor-widget-wd_text_block\" data-id=\"b74f43d\" data-element_type=\"widget\" data-widget_type=\"wd_text_block.default\">\n\t\t\t\t<div class=\"elementor-widget-container\">\n\t\t\t\t\t\t\t<div class=\"wd-text-block reset-last-child text-left\">\n\t\t\t\n\t\t\t<p>Si vos propres cheveux sont plut\u00f4t fins, 75 grammes d'extensions suffisent g\u00e9n\u00e9ralement pour obtenir un r\u00e9sultat plus volumineux, mais n\u00e9anmoins naturel. Toutefois, si vos propres cheveux sont tr\u00e8s courts et que vous avez une coupe de cheveux tr\u00e8s droite, nous vous recommandons d'ajouter jusqu'\u00e0 100 grammes d'extensions afin de masquer la transition entre vos propres cheveux et les extensions.<\/p><p><span style=\"text-align: var(--text-align);\">Pour les extensions ondul\u00e9es et boucl\u00e9es, la quantit\u00e9 n\u00e9cessaire peut \u00eatre moindre, car la structure cr\u00e9e d\u00e9j\u00e0 plus de volume.<\/span><\/p>\n\t\t\t\t\t<\/div>\n\t\t\t\t\t\t<\/div>\n\t\t\t\t<\/div>\n\t\t\t\t<div class=\"elementor-element elementor-element-cefba43 wd-width-100 elementor-widget elementor-widget-wd_title\" data-id=\"cefba43\" data-element_type=\"widget\" data-widget_type=\"wd_title.default\">\n\t\t\t\t<div class=\"elementor-widget-container\">\n\t\t\t\t\t\t\t<div class=\"title-wrapper wd-set-mb reset-last-child wd-title-color-default wd-title-style-default wd-title-size-default text-left\">\n\n\t\t\t\n\t\t\t<div class=\"liner-continer\">\n\t\t\t\t<h4 class=\"woodmart-title-container title wd-fontsize-l\">Pour tous ceux qui ont des cheveux de densit\u00e9 moyenne et qui souhaitent plus de longueur &amp; de volume<\/h4> \n\t\t\t\t\t\t\t<\/div>\n\n\t\t\t\t\t<\/div>\n\t\t\t\t\t\t<\/div>\n\t\t\t\t<\/div>\n\t\t\t\t<div class=\"elementor-element elementor-element-b91b951 elementor-widget elementor-widget-wd_text_block\" data-id=\"b91b951\" data-element_type=\"widget\" data-widget_type=\"wd_text_block.default\">\n\t\t\t\t<div class=\"elementor-widget-container\">\n\t\t\t\t\t\t\t<div class=\"wd-text-block reset-last-child text-left\">\n\t\t\t\n\t\t\t<p>Si vous avez des cheveux mi-longs et une densit\u00e9 moyenne, 100 \u00e0 150 grammes sont g\u00e9n\u00e9ralement id\u00e9aux pour une extension de cheveux. Si vos propres cheveux sont coup\u00e9s tr\u00e8s droit, nous vous recommandons d'utiliser 125 \u00e0 175 grammes d'extensions afin qu'aucune transition ne soit visible et que les extensions s'int\u00e8grent parfaitement \u00e0 vos propres cheveux.<\/p><p><span style=\"text-align: var(--text-align);\">Pour les extensions ondul\u00e9es et boucl\u00e9es, la quantit\u00e9 n\u00e9cessaire peut \u00eatre moindre, car la structure cr\u00e9e d\u00e9j\u00e0 plus de volume.<\/span><\/p>\n\t\t\t\t\t<\/div>\n\t\t\t\t\t\t<\/div>\n\t\t\t\t<\/div>\n\t\t<div class=\"elementor-element elementor-element-e38d422 e-con-full e-flex e-con e-child\" data-id=\"e38d422\" data-element_type=\"container\">\n\t\t\t\t<div class=\"elementor-element elementor-element-50c2341 elementor-widget__width-inherit wd-width-100 elementor-widget elementor-widget-wd_title\" data-id=\"50c2341\" data-element_type=\"widget\" data-widget_type=\"wd_title.default\">\n\t\t\t\t<div class=\"elementor-widget-container\">\n\t\t\t\t\t\t\t<div class=\"title-wrapper wd-set-mb reset-last-child wd-title-color-default wd-title-style-default wd-title-size-default text-left\">\n\n\t\t\t\n\t\t\t<div class=\"liner-continer\">\n\t\t\t\t<h4 class=\"woodmart-title-container title wd-fontsize-l\">Pour toutes celles qui ont les cheveux pleins et qui souhaitent plus de longueur et de volume.<\/h4> \n\t\t\t\t\t\t\t<\/div>\n\n\t\t\t\t\t<\/div>\n\t\t\t\t\t\t<\/div>\n\t\t\t\t<\/div>\n\t\t<div class=\"elementor-element elementor-element-9a29cd7 e-con-full e-flex e-con e-child\" data-id=\"9a29cd7\" data-element_type=\"container\">\n\t\t\t\t<div class=\"elementor-element elementor-element-8a9caa8 elementor-widget elementor-widget-wd_text_block\" data-id=\"8a9caa8\" data-element_type=\"widget\" data-widget_type=\"wd_text_block.default\">\n\t\t\t\t<div class=\"elementor-widget-container\">\n\t\t\t\t\t\t\t<div class=\"wd-text-block reset-last-child text-left\">\n\t\t\t\n\t\t\t<p>Si vous avez des cheveux naturels \u00e9pais, nous vous conseillons d'utiliser 150 \u00e0 200 grammes d'extensions pour obtenir un r\u00e9sultat naturel. Si vous avez une coupe de cheveux tr\u00e8s droite, il peut \u00eatre n\u00e9cessaire d'augmenter la quantit\u00e9 \u00e0 175 \u00e0 225 grammes afin de masquer la transition des cheveux naturels.<\/p><p><span style=\"text-align: var(--text-align);\">Pour les extensions ondul\u00e9es et boucl\u00e9es, la quantit\u00e9 n\u00e9cessaire peut \u00eatre moindre, car la structure cr\u00e9e d\u00e9j\u00e0 plus de volume.<\/span><\/p>\n\t\t\t\t\t<\/div>\n\t\t\t\t\t\t<\/div>\n\t\t\t\t<\/div>\n\t\t\t\t<\/div>\n\t\t\t\t<\/div>\n\t\t\t\t\t<\/div>\n\t\t\t\t<\/div>\n\t\t<div class=\"wd-negative-gap elementor-element elementor-element-5737989 e-grid e-con-boxed e-con e-parent\" data-id=\"5737989\" data-element_type=\"container\">\n\t\t\t\t\t<div class=\"e-con-inner\">\n\t\t\t\t<div class=\"elementor-element elementor-element-c39571a elementor-widget elementor-widget-wd_image_or_svg\" data-id=\"c39571a\" data-element_type=\"widget\" data-widget_type=\"wd_image_or_svg.default\">\n\t\t\t\t<div class=\"elementor-widget-container\">\n\t\t\t\t\t\n\t\t<div class=\"wd-image text-left\">\n\t\t\t\t\t\t\t\t<img loading=\"lazy\" decoding=\"async\" width=\"1080\" height=\"1080\" src=\"https:\/\/www.haartick-extensions.de\/wp-content\/uploads\/2024\/11\/50g.jpg\" class=\"attachment-full size-full\" alt=\"50 Gramm Beispiel\" srcset=\"https:\/\/www.haartick-extensions.de\/wp-content\/uploads\/2024\/11\/50g.jpg 1080w, https:\/\/www.haartick-extensions.de\/wp-content\/uploads\/2024\/11\/50g-600x600.jpg 600w, https:\/\/www.haartick-extensions.de\/wp-content\/uploads\/2024\/11\/50g-150x150.jpg 150w, https:\/\/www.haartick-extensions.de\/wp-content\/uploads\/2024\/11\/50g-300x300.jpg 300w, https:\/\/www.haartick-extensions.de\/wp-content\/uploads\/2024\/11\/50g-800x800.jpg 800w, https:\/\/www.haartick-extensions.de\/wp-content\/uploads\/2024\/11\/50g-768x768.jpg 768w, https:\/\/www.haartick-extensions.de\/wp-content\/uploads\/2024\/11\/50g-50x50.jpg 50w, https:\/\/www.haartick-extensions.de\/wp-content\/uploads\/2024\/11\/50g-100x100.jpg 100w\" sizes=\"auto, (max-width: 1080px) 100vw, 1080px\" \/>\t\t\t\t\t<\/div>\n\n\t\t\t\t\t\t<\/div>\n\t\t\t\t<\/div>\n\t\t\t\t<div class=\"elementor-element elementor-element-9cff4da elementor-widget elementor-widget-wd_image_or_svg\" data-id=\"9cff4da\" data-element_type=\"widget\" data-widget_type=\"wd_image_or_svg.default\">\n\t\t\t\t<div class=\"elementor-widget-container\">\n\t\t\t\t\t\n\t\t<div class=\"wd-image text-left\">\n\t\t\t\t\t\t\t\t<img loading=\"lazy\" decoding=\"async\" width=\"1080\" height=\"1080\" src=\"https:\/\/www.haartick-extensions.de\/wp-content\/uploads\/2024\/11\/75g.jpg\" class=\"attachment-full size-full\" alt=\"\" srcset=\"https:\/\/www.haartick-extensions.de\/wp-content\/uploads\/2024\/11\/75g.jpg 1080w, https:\/\/www.haartick-extensions.de\/wp-content\/uploads\/2024\/11\/75g-600x600.jpg 600w, https:\/\/www.haartick-extensions.de\/wp-content\/uploads\/2024\/11\/75g-150x150.jpg 150w, https:\/\/www.haartick-extensions.de\/wp-content\/uploads\/2024\/11\/75g-300x300.jpg 300w, https:\/\/www.haartick-extensions.de\/wp-content\/uploads\/2024\/11\/75g-800x800.jpg 800w, https:\/\/www.haartick-extensions.de\/wp-content\/uploads\/2024\/11\/75g-768x768.jpg 768w, https:\/\/www.haartick-extensions.de\/wp-content\/uploads\/2024\/11\/75g-50x50.jpg 50w, https:\/\/www.haartick-extensions.de\/wp-content\/uploads\/2024\/11\/75g-100x100.jpg 100w\" sizes=\"auto, (max-width: 1080px) 100vw, 1080px\" \/>\t\t\t\t\t<\/div>\n\n\t\t\t\t\t\t<\/div>\n\t\t\t\t<\/div>\n\t\t\t\t<div class=\"elementor-element elementor-element-a5493d1 elementor-widget elementor-widget-wd_image_or_svg\" data-id=\"a5493d1\" data-element_type=\"widget\" data-widget_type=\"wd_image_or_svg.default\">\n\t\t\t\t<div class=\"elementor-widget-container\">\n\t\t\t\t\t\n\t\t<div class=\"wd-image text-left\">\n\t\t\t\t\t\t\t\t<img loading=\"lazy\" decoding=\"async\" width=\"1080\" height=\"1080\" src=\"https:\/\/www.haartick-extensions.de\/wp-content\/uploads\/2024\/11\/100g.jpg\" class=\"attachment-full size-full\" alt=\"\" srcset=\"https:\/\/www.haartick-extensions.de\/wp-content\/uploads\/2024\/11\/100g.jpg 1080w, https:\/\/www.haartick-extensions.de\/wp-content\/uploads\/2024\/11\/100g-600x600.jpg 600w, https:\/\/www.haartick-extensions.de\/wp-content\/uploads\/2024\/11\/100g-150x150.jpg 150w, https:\/\/www.haartick-extensions.de\/wp-content\/uploads\/2024\/11\/100g-300x300.jpg 300w, https:\/\/www.haartick-extensions.de\/wp-content\/uploads\/2024\/11\/100g-800x800.jpg 800w, https:\/\/www.haartick-extensions.de\/wp-content\/uploads\/2024\/11\/100g-768x768.jpg 768w, https:\/\/www.haartick-extensions.de\/wp-content\/uploads\/2024\/11\/100g-50x50.jpg 50w, https:\/\/www.haartick-extensions.de\/wp-content\/uploads\/2024\/11\/100g-100x100.jpg 100w\" sizes=\"auto, (max-width: 1080px) 100vw, 1080px\" \/>\t\t\t\t\t<\/div>\n\n\t\t\t\t\t\t<\/div>\n\t\t\t\t<\/div>\n\t\t\t\t<div class=\"elementor-element elementor-element-fbc6576 elementor-widget elementor-widget-wd_image_or_svg\" data-id=\"fbc6576\" data-element_type=\"widget\" data-widget_type=\"wd_image_or_svg.default\">\n\t\t\t\t<div class=\"elementor-widget-container\">\n\t\t\t\t\t\n\t\t<div class=\"wd-image text-left\">\n\t\t\t\t\t\t\t\t<img loading=\"lazy\" decoding=\"async\" width=\"1080\" height=\"1080\" src=\"https:\/\/www.haartick-extensions.de\/wp-content\/uploads\/2024\/11\/125g.jpg\" class=\"attachment-full size-full\" alt=\"\" srcset=\"https:\/\/www.haartick-extensions.de\/wp-content\/uploads\/2024\/11\/125g.jpg 1080w, https:\/\/www.haartick-extensions.de\/wp-content\/uploads\/2024\/11\/125g-600x600.jpg 600w, https:\/\/www.haartick-extensions.de\/wp-content\/uploads\/2024\/11\/125g-150x150.jpg 150w, https:\/\/www.haartick-extensions.de\/wp-content\/uploads\/2024\/11\/125g-300x300.jpg 300w, https:\/\/www.haartick-extensions.de\/wp-content\/uploads\/2024\/11\/125g-800x800.jpg 800w, https:\/\/www.haartick-extensions.de\/wp-content\/uploads\/2024\/11\/125g-768x768.jpg 768w, https:\/\/www.haartick-extensions.de\/wp-content\/uploads\/2024\/11\/125g-50x50.jpg 50w, https:\/\/www.haartick-extensions.de\/wp-content\/uploads\/2024\/11\/125g-100x100.jpg 100w\" sizes=\"auto, (max-width: 1080px) 100vw, 1080px\" \/>\t\t\t\t\t<\/div>\n\n\t\t\t\t\t\t<\/div>\n\t\t\t\t<\/div>\n\t\t\t\t<div class=\"elementor-element elementor-element-94cb53d elementor-widget elementor-widget-wd_image_or_svg\" data-id=\"94cb53d\" data-element_type=\"widget\" data-widget_type=\"wd_image_or_svg.default\">\n\t\t\t\t<div class=\"elementor-widget-container\">\n\t\t\t\t\t\n\t\t<div class=\"wd-image text-left\">\n\t\t\t\t\t\t\t\t<img loading=\"lazy\" decoding=\"async\" width=\"1080\" height=\"1080\" src=\"https:\/\/www.haartick-extensions.de\/wp-content\/uploads\/2024\/11\/150g.jpg\" class=\"attachment-full size-full\" alt=\"\" srcset=\"https:\/\/www.haartick-extensions.de\/wp-content\/uploads\/2024\/11\/150g.jpg 1080w, https:\/\/www.haartick-extensions.de\/wp-content\/uploads\/2024\/11\/150g-600x600.jpg 600w, https:\/\/www.haartick-extensions.de\/wp-content\/uploads\/2024\/11\/150g-150x150.jpg 150w, https:\/\/www.haartick-extensions.de\/wp-content\/uploads\/2024\/11\/150g-300x300.jpg 300w, https:\/\/www.haartick-extensions.de\/wp-content\/uploads\/2024\/11\/150g-800x800.jpg 800w, https:\/\/www.haartick-extensions.de\/wp-content\/uploads\/2024\/11\/150g-768x768.jpg 768w, https:\/\/www.haartick-extensions.de\/wp-content\/uploads\/2024\/11\/150g-50x50.jpg 50w, https:\/\/www.haartick-extensions.de\/wp-content\/uploads\/2024\/11\/150g-100x100.jpg 100w\" sizes=\"auto, (max-width: 1080px) 100vw, 1080px\" \/>\t\t\t\t\t<\/div>\n\n\t\t\t\t\t\t<\/div>\n\t\t\t\t<\/div>\n\t\t\t\t<div class=\"elementor-element elementor-element-403a0c9 elementor-widget elementor-widget-wd_image_or_svg\" data-id=\"403a0c9\" data-element_type=\"widget\" data-widget_type=\"wd_image_or_svg.default\">\n\t\t\t\t<div class=\"elementor-widget-container\">\n\t\t\t\t\t\n\t\t<div class=\"wd-image text-left\">\n\t\t\t\t\t\t\t\t<img loading=\"lazy\" decoding=\"async\" width=\"1080\" height=\"1080\" src=\"https:\/\/www.haartick-extensions.de\/wp-content\/uploads\/2024\/11\/200g.jpg\" class=\"attachment-full size-full\" alt=\"\" srcset=\"https:\/\/www.haartick-extensions.de\/wp-content\/uploads\/2024\/11\/200g.jpg 1080w, https:\/\/www.haartick-extensions.de\/wp-content\/uploads\/2024\/11\/200g-600x600.jpg 600w, https:\/\/www.haartick-extensions.de\/wp-content\/uploads\/2024\/11\/200g-150x150.jpg 150w, https:\/\/www.haartick-extensions.de\/wp-content\/uploads\/2024\/11\/200g-300x300.jpg 300w, https:\/\/www.haartick-extensions.de\/wp-content\/uploads\/2024\/11\/200g-800x800.jpg 800w, https:\/\/www.haartick-extensions.de\/wp-content\/uploads\/2024\/11\/200g-768x768.jpg 768w, https:\/\/www.haartick-extensions.de\/wp-content\/uploads\/2024\/11\/200g-50x50.jpg 50w, https:\/\/www.haartick-extensions.de\/wp-content\/uploads\/2024\/11\/200g-100x100.jpg 100w\" sizes=\"auto, (max-width: 1080px) 100vw, 1080px\" \/>\t\t\t\t\t<\/div>\n\n\t\t\t\t\t\t<\/div>\n\t\t\t\t<\/div>\n\t\t\t\t\t<\/div>\n\t\t\t\t<\/div>\n\t\t\t\t<\/div>","protected":false},"excerpt":{"rendered":"<p>Da jede Haarverl\u00e4ngerung individuell ist, variiert die ben\u00f6tige Menge je nach Beschaffenheit des Eigenhaars und des gew\u00fcnschten Ergebnisses. F\u00fcr alle,<\/p>","protected":false},"author":1,"featured_media":0,"parent":0,"menu_order":0,"comment_status":"closed","ping_status":"closed","template":"elementor_header_footer","meta":{"_joinchat":[],"footnotes":""},"class_list":["post-22068","page","type-page","status-publish","hentry"],"yoast_head":"<!-- This site is optimized with the Yoast SEO plugin v25.6 - https:\/\/yoast.com\/wordpress\/plugins\/seo\/ -->\n<title>Mengenempfehlung - Haartick-Extensions<\/title>\n<meta name=\"robots\" content=\"index, follow, max-snippet:-1, max-image-preview:large, max-video-preview:-1\" \/>\n<link rel=\"canonical\" href=\"https:\/\/www.haartick-extensions.de\/fr\/mengenempfehlung\/\" \/>\n<meta property=\"og:locale\" content=\"fr_FR\" \/>\n<meta property=\"og:type\" content=\"article\" \/>\n<meta property=\"og:title\" content=\"Mengenempfehlung - Haartick-Extensions\" \/>\n<meta property=\"og:description\" content=\"Da jede Haarverl\u00e4ngerung individuell ist, variiert die ben\u00f6tige Menge je nach Beschaffenheit des Eigenhaars und des gew\u00fcnschten Ergebnisses. F\u00fcr alle,\" \/>\n<meta property=\"og:url\" content=\"https:\/\/www.haartick-extensions.de\/fr\/mengenempfehlung\/\" \/>\n<meta property=\"og:site_name\" content=\"Haartick-Extensions\" \/>\n<meta property=\"article:modified_time\" content=\"2024-11-24T14:19:06+00:00\" \/>\n<meta property=\"og:image\" content=\"https:\/\/www.haartick-extensions.de\/wp-content\/uploads\/2024\/11\/50g.jpg\" \/>\n<meta name=\"twitter:card\" content=\"summary_large_image\" \/>\n<meta name=\"twitter:label1\" content=\"Dur\u00e9e de lecture estim\u00e9e\" \/>\n\t<meta name=\"twitter:data1\" content=\"2 minutes\" \/>\n<script type=\"application\/ld+json\" class=\"yoast-schema-graph\">{\"@context\":\"https:\/\/schema.org\",\"@graph\":[{\"@type\":\"WebPage\",\"@id\":\"https:\/\/www.haartick-extensions.de\/de\/mengenempfehlung\/\",\"url\":\"https:\/\/www.haartick-extensions.de\/de\/mengenempfehlung\/\",\"name\":\"Mengenempfehlung - Haartick-Extensions\",\"isPartOf\":{\"@id\":\"https:\/\/www.haartick-extensions.de\/it\/#website\"},\"primaryImageOfPage\":{\"@id\":\"https:\/\/www.haartick-extensions.de\/de\/mengenempfehlung\/#primaryimage\"},\"image\":{\"@id\":\"https:\/\/www.haartick-extensions.de\/de\/mengenempfehlung\/#primaryimage\"},\"thumbnailUrl\":\"https:\/\/www.haartick-extensions.de\/wp-content\/uploads\/2024\/11\/50g.jpg\",\"datePublished\":\"2024-11-04T11:31:58+00:00\",\"dateModified\":\"2024-11-24T14:19:06+00:00\",\"breadcrumb\":{\"@id\":\"https:\/\/www.haartick-extensions.de\/de\/mengenempfehlung\/#breadcrumb\"},\"inLanguage\":\"fr-FR\",\"potentialAction\":[{\"@type\":\"ReadAction\",\"target\":[\"https:\/\/www.haartick-extensions.de\/de\/mengenempfehlung\/\"]}]},{\"@type\":\"ImageObject\",\"inLanguage\":\"fr-FR\",\"@id\":\"https:\/\/www.haartick-extensions.de\/de\/mengenempfehlung\/#primaryimage\",\"url\":\"https:\/\/www.haartick-extensions.de\/wp-content\/uploads\/2024\/11\/50g.jpg\",\"contentUrl\":\"https:\/\/www.haartick-extensions.de\/wp-content\/uploads\/2024\/11\/50g.jpg\"},{\"@type\":\"BreadcrumbList\",\"@id\":\"https:\/\/www.haartick-extensions.de\/de\/mengenempfehlung\/#breadcrumb\",\"itemListElement\":[{\"@type\":\"ListItem\",\"position\":1,\"name\":\"Startseite\",\"item\":\"https:\/\/www.haartick-extensions.de\/it\/\"},{\"@type\":\"ListItem\",\"position\":2,\"name\":\"Mengenempfehlung\"}]},{\"@type\":\"WebSite\",\"@id\":\"https:\/\/www.haartick-extensions.de\/it\/#website\",\"url\":\"https:\/\/www.haartick-extensions.de\/it\/\",\"name\":\"Haartick-Extensions\",\"description\":\"Professionelle Haarverl\u00e4ngerund \/ Haarverdichtung mit 100% Echthaar.\",\"publisher\":{\"@id\":\"https:\/\/www.haartick-extensions.de\/it\/#organization\"},\"potentialAction\":[{\"@type\":\"SearchAction\",\"target\":{\"@type\":\"EntryPoint\",\"urlTemplate\":\"https:\/\/www.haartick-extensions.de\/it\/?s={search_term_string}\"},\"query-input\":{\"@type\":\"PropertyValueSpecification\",\"valueRequired\":true,\"valueName\":\"search_term_string\"}}],\"inLanguage\":\"fr-FR\"},{\"@type\":\"Organization\",\"@id\":\"https:\/\/www.haartick-extensions.de\/it\/#organization\",\"name\":\"Haartick Extensions\",\"url\":\"https:\/\/www.haartick-extensions.de\/it\/\",\"logo\":{\"@type\":\"ImageObject\",\"inLanguage\":\"fr-FR\",\"@id\":\"https:\/\/www.haartick-extensions.de\/it\/#\/schema\/logo\/image\/\",\"url\":\"https:\/\/www.haartick-extensions.de\/wp-content\/uploads\/2024\/05\/cropped-Logo-mark-charm.png\",\"contentUrl\":\"https:\/\/www.haartick-extensions.de\/wp-content\/uploads\/2024\/05\/cropped-Logo-mark-charm.png\",\"width\":512,\"height\":512,\"caption\":\"Haartick Extensions\"},\"image\":{\"@id\":\"https:\/\/www.haartick-extensions.de\/it\/#\/schema\/logo\/image\/\"}}]}<\/script>\n<!-- \/ Yoast SEO plugin. -->","yoast_head_json":{"title":"Mengenempfehlung - Haartick-Extensions","robots":{"index":"index","follow":"follow","max-snippet":"max-snippet:-1","max-image-preview":"max-image-preview:large","max-video-preview":"max-video-preview:-1"},"canonical":"https:\/\/www.haartick-extensions.de\/fr\/mengenempfehlung\/","og_locale":"fr_FR","og_type":"article","og_title":"Mengenempfehlung - Haartick-Extensions","og_description":"Da jede Haarverl\u00e4ngerung individuell ist, variiert die ben\u00f6tige Menge je nach Beschaffenheit des Eigenhaars und des gew\u00fcnschten Ergebnisses. F\u00fcr alle,","og_url":"https:\/\/www.haartick-extensions.de\/fr\/mengenempfehlung\/","og_site_name":"Haartick-Extensions","article_modified_time":"2024-11-24T14:19:06+00:00","og_image":[{"url":"https:\/\/www.haartick-extensions.de\/wp-content\/uploads\/2024\/11\/50g.jpg","type":"","width":"","height":""}],"twitter_card":"summary_large_image","twitter_misc":{"Dur\u00e9e de lecture estim\u00e9e":"2 minutes"},"schema":{"@context":"https:\/\/schema.org","@graph":[{"@type":"WebPage","@id":"https:\/\/www.haartick-extensions.de\/de\/mengenempfehlung\/","url":"https:\/\/www.haartick-extensions.de\/de\/mengenempfehlung\/","name":"Mengenempfehlung - Haartick-Extensions","isPartOf":{"@id":"https:\/\/www.haartick-extensions.de\/it\/#website"},"primaryImageOfPage":{"@id":"https:\/\/www.haartick-extensions.de\/de\/mengenempfehlung\/#primaryimage"},"image":{"@id":"https:\/\/www.haartick-extensions.de\/de\/mengenempfehlung\/#primaryimage"},"thumbnailUrl":"https:\/\/www.haartick-extensions.de\/wp-content\/uploads\/2024\/11\/50g.jpg","datePublished":"2024-11-04T11:31:58+00:00","dateModified":"2024-11-24T14:19:06+00:00","breadcrumb":{"@id":"https:\/\/www.haartick-extensions.de\/de\/mengenempfehlung\/#breadcrumb"},"inLanguage":"fr-FR","potentialAction":[{"@type":"ReadAction","target":["https:\/\/www.haartick-extensions.de\/de\/mengenempfehlung\/"]}]},{"@type":"ImageObject","inLanguage":"fr-FR","@id":"https:\/\/www.haartick-extensions.de\/de\/mengenempfehlung\/#primaryimage","url":"https:\/\/www.haartick-extensions.de\/wp-content\/uploads\/2024\/11\/50g.jpg","contentUrl":"https:\/\/www.haartick-extensions.de\/wp-content\/uploads\/2024\/11\/50g.jpg"},{"@type":"BreadcrumbList","@id":"https:\/\/www.haartick-extensions.de\/de\/mengenempfehlung\/#breadcrumb","itemListElement":[{"@type":"ListItem","position":1,"name":"Startseite","item":"https:\/\/www.haartick-extensions.de\/it\/"},{"@type":"ListItem","position":2,"name":"Mengenempfehlung"}]},{"@type":"WebSite","@id":"https:\/\/www.haartick-extensions.de\/it\/#website","url":"https:\/\/www.haartick-extensions.de\/it\/","name":"Extensions de tic de cheveux","description":"Extension et \u00e9paississement professionnels des cheveux avec 100% cheveux humains.","publisher":{"@id":"https:\/\/www.haartick-extensions.de\/it\/#organization"},"potentialAction":[{"@type":"SearchAction","target":{"@type":"EntryPoint","urlTemplate":"https:\/\/www.haartick-extensions.de\/it\/?s={search_term_string}"},"query-input":{"@type":"PropertyValueSpecification","valueRequired":true,"valueName":"search_term_string"}}],"inLanguage":"fr-FR"},{"@type":"Organization","@id":"https:\/\/www.haartick-extensions.de\/it\/#organization","name":"Extensions de cheveux","url":"https:\/\/www.haartick-extensions.de\/it\/","logo":{"@type":"ImageObject","inLanguage":"fr-FR","@id":"https:\/\/www.haartick-extensions.de\/it\/#\/schema\/logo\/image\/","url":"https:\/\/www.haartick-extensions.de\/wp-content\/uploads\/2024\/05\/cropped-Logo-mark-charm.png","contentUrl":"https:\/\/www.haartick-extensions.de\/wp-content\/uploads\/2024\/05\/cropped-Logo-mark-charm.png","width":512,"height":512,"caption":"Haartick Extensions"},"image":{"@id":"https:\/\/www.haartick-extensions.de\/it\/#\/schema\/logo\/image\/"}}]}},"_links":{"self":[{"href":"https:\/\/www.haartick-extensions.de\/fr\/wp-json\/wp\/v2\/pages\/22068","targetHints":{"allow":["GET"]}}],"collection":[{"href":"https:\/\/www.haartick-extensions.de\/fr\/wp-json\/wp\/v2\/pages"}],"about":[{"href":"https:\/\/www.haartick-extensions.de\/fr\/wp-json\/wp\/v2\/types\/page"}],"author":[{"embeddable":true,"href":"https:\/\/www.haartick-extensions.de\/fr\/wp-json\/wp\/v2\/users\/1"}],"replies":[{"embeddable":true,"href":"https:\/\/www.haartick-extensions.de\/fr\/wp-json\/wp\/v2\/comments?post=22068"}],"version-history":[{"count":0,"href":"https:\/\/www.haartick-extensions.de\/fr\/wp-json\/wp\/v2\/pages\/22068\/revisions"}],"wp:attachment":[{"href":"https:\/\/www.haartick-extensions.de\/fr\/wp-json\/wp\/v2\/media?parent=22068"}],"curies":[{"name":"wp","href":"https:\/\/api.w.org\/{rel}","templated":true}]}}