{"id":18115,"date":"2024-06-29T21:35:26","date_gmt":"2024-06-29T21:35:26","guid":{"rendered":"https:\/\/www.haartick-extensions.de\/wordpress\/?post_type=product&#038;p=18115"},"modified":"2026-03-31T22:26:39","modified_gmt":"2026-03-31T22:26:39","slug":"italienisches-keratin-granulat-hartkeratin-ersatz-bondings-rebonden-caramelkeratin","status":"publish","type":"product","link":"https:\/\/www.haartick-extensions.de\/fr\/shop\/italienisches-keratin-granulat-hartkeratin-ersatz-bondings-rebonden-caramelkeratin\/","title":{"rendered":"K\u00e9ratine italienne \/ Granul\u00e9s \/ K\u00e9ratine dure \/ Bondings de remplacement \/ Rebonden \/ K\u00e9ratine caramel"},"content":{"rendered":"<p>Les granul\u00e9s de k\u00e9ratine sont utilis\u00e9s pour cr\u00e9er de nouvelles jonctions sur les extensions de collage. La k\u00e9ratine est chauff\u00e9e \u00e0 l'aide d'une pince chauffante et appliqu\u00e9e sur les extensions. Il est ainsi possible de cr\u00e9er des points de jonction individuels. Les granul\u00e9s de k\u00e9ratine sont propos\u00e9s en diff\u00e9rentes couleurs, ce qui permet d'harmoniser la couleur des points de jonction avec celle des cheveux et de rendre les bondings \u00e0 peine visibles dans les cheveux.<\/p>","protected":false},"excerpt":{"rendered":"<p>Les granul\u00e9s de k\u00e9ratine sont utilis\u00e9s pour cr\u00e9er de nouveaux points de jonction dans les extensions de collage. La k\u00e9ratine est chauff\u00e9e \u00e0 l'aide d'une pince chauffante et appliqu\u00e9e sur les points de fixation.<\/p>","protected":false},"featured_media":18165,"comment_status":"open","ping_status":"closed","template":"","meta":{"_joinchat":[]},"product_brand":[],"product_cat":[28],"product_tag":[],"class_list":{"0":"post-18115","1":"product","2":"type-product","3":"status-publish","4":"has-post-thumbnail","6":"product_cat-zubehoer","8":"first","9":"instock","10":"taxable","11":"shipping-taxable","12":"purchasable","13":"product-type-variable","14":"has-default-attributes"},"yoast_head":"<!-- This site is optimized with the Yoast SEO plugin v25.6 - https:\/\/yoast.com\/wordpress\/plugins\/seo\/ -->\n<title>Italienisches Keratin \/ Granulat \/ Hartkeratin \/ Ersatz Bondings \/ Rebonden \/ Caramel Keratin - Haartick-Extensions<\/title>\n<meta name=\"robots\" content=\"index, follow, max-snippet:-1, max-image-preview:large, max-video-preview:-1\" \/>\n<link rel=\"canonical\" href=\"https:\/\/www.haartick-extensions.de\/fr\/shop\/italienisches-keratin-granulat-hartkeratin-ersatz-bondings-rebonden-caramelkeratin\/\" \/>\n<meta property=\"og:locale\" content=\"fr_FR\" \/>\n<meta property=\"og:type\" content=\"article\" \/>\n<meta property=\"og:title\" content=\"Italienisches Keratin \/ Granulat \/ Hartkeratin \/ Ersatz Bondings \/ Rebonden \/ Caramel Keratin - Haartick-Extensions\" \/>\n<meta property=\"og:description\" content=\"Keratingranulat wird genutzt, um neue Verbindungsstellen bei Bonding Extensions herzustellen. Mithilfe einer W\u00e4rmezange wird das Keratin erhitzt und an die\" \/>\n<meta property=\"og:url\" content=\"https:\/\/www.haartick-extensions.de\/fr\/shop\/italienisches-keratin-granulat-hartkeratin-ersatz-bondings-rebonden-caramelkeratin\/\" \/>\n<meta property=\"og:site_name\" content=\"Haartick-Extensions\" \/>\n<meta property=\"article:modified_time\" content=\"2026-03-31T22:26:39+00:00\" \/>\n<meta property=\"og:image\" content=\"https:\/\/www.haartick-extensions.de\/wp-content\/uploads\/2024\/06\/Keratingranulat-caramel.jpg\" \/>\n\t<meta property=\"og:image:width\" content=\"1350\" \/>\n\t<meta property=\"og:image:height\" content=\"1800\" \/>\n\t<meta property=\"og:image:type\" content=\"image\/jpeg\" \/>\n<meta name=\"twitter:card\" content=\"summary_large_image\" \/>\n<meta name=\"twitter:label1\" content=\"Dur\u00e9e de lecture estim\u00e9e\" \/>\n\t<meta name=\"twitter:data1\" content=\"1 minute\" \/>\n<script type=\"application\/ld+json\" class=\"yoast-schema-graph\">{\"@context\":\"https:\/\/schema.org\",\"@graph\":[{\"@type\":\"WebPage\",\"@id\":\"https:\/\/www.haartick-extensions.de\/de\/shop\/italienisches-keratin-granulat-hartkeratin-ersatz-bondings-rebonden-caramelkeratin\/\",\"url\":\"https:\/\/www.haartick-extensions.de\/de\/shop\/italienisches-keratin-granulat-hartkeratin-ersatz-bondings-rebonden-caramelkeratin\/\",\"name\":\"Italienisches Keratin \/ Granulat \/ Hartkeratin \/ Ersatz Bondings \/ Rebonden \/ Caramel Keratin - Haartick-Extensions\",\"isPartOf\":{\"@id\":\"https:\/\/www.haartick-extensions.de\/it\/#website\"},\"primaryImageOfPage\":{\"@id\":\"https:\/\/www.haartick-extensions.de\/de\/shop\/italienisches-keratin-granulat-hartkeratin-ersatz-bondings-rebonden-caramelkeratin\/#primaryimage\"},\"image\":{\"@id\":\"https:\/\/www.haartick-extensions.de\/de\/shop\/italienisches-keratin-granulat-hartkeratin-ersatz-bondings-rebonden-caramelkeratin\/#primaryimage\"},\"thumbnailUrl\":\"https:\/\/www.haartick-extensions.de\/wp-content\/uploads\/2024\/06\/Keratingranulat-caramel.jpg\",\"datePublished\":\"2024-06-29T21:35:26+00:00\",\"dateModified\":\"2026-03-31T22:26:39+00:00\",\"breadcrumb\":{\"@id\":\"https:\/\/www.haartick-extensions.de\/de\/shop\/italienisches-keratin-granulat-hartkeratin-ersatz-bondings-rebonden-caramelkeratin\/#breadcrumb\"},\"inLanguage\":\"fr-FR\",\"potentialAction\":[{\"@type\":\"ReadAction\",\"target\":[\"https:\/\/www.haartick-extensions.de\/de\/shop\/italienisches-keratin-granulat-hartkeratin-ersatz-bondings-rebonden-caramelkeratin\/\"]}]},{\"@type\":\"ImageObject\",\"inLanguage\":\"fr-FR\",\"@id\":\"https:\/\/www.haartick-extensions.de\/de\/shop\/italienisches-keratin-granulat-hartkeratin-ersatz-bondings-rebonden-caramelkeratin\/#primaryimage\",\"url\":\"https:\/\/www.haartick-extensions.de\/wp-content\/uploads\/2024\/06\/Keratingranulat-caramel.jpg\",\"contentUrl\":\"https:\/\/www.haartick-extensions.de\/wp-content\/uploads\/2024\/06\/Keratingranulat-caramel.jpg\",\"width\":1350,\"height\":1800},{\"@type\":\"BreadcrumbList\",\"@id\":\"https:\/\/www.haartick-extensions.de\/de\/shop\/italienisches-keratin-granulat-hartkeratin-ersatz-bondings-rebonden-caramelkeratin\/#breadcrumb\",\"itemListElement\":[{\"@type\":\"ListItem\",\"position\":1,\"name\":\"Startseite\",\"item\":\"https:\/\/www.haartick-extensions.de\/it\/\"},{\"@type\":\"ListItem\",\"position\":2,\"name\":\"Shop\",\"item\":\"https:\/\/www.haartick-extensions.de\/ru\/shop\/\"},{\"@type\":\"ListItem\",\"position\":3,\"name\":\"Italienisches Keratin \/ Granulat \/ Hartkeratin \/ Ersatz Bondings \/ Rebonden \/ Caramel Keratin\"}]},{\"@type\":\"WebSite\",\"@id\":\"https:\/\/www.haartick-extensions.de\/it\/#website\",\"url\":\"https:\/\/www.haartick-extensions.de\/it\/\",\"name\":\"Haartick-Extensions\",\"description\":\"Professionelle Haarverl\u00e4ngerund \/ Haarverdichtung mit 100% Echthaar.\",\"publisher\":{\"@id\":\"https:\/\/www.haartick-extensions.de\/it\/#organization\"},\"potentialAction\":[{\"@type\":\"SearchAction\",\"target\":{\"@type\":\"EntryPoint\",\"urlTemplate\":\"https:\/\/www.haartick-extensions.de\/it\/?s={search_term_string}\"},\"query-input\":{\"@type\":\"PropertyValueSpecification\",\"valueRequired\":true,\"valueName\":\"search_term_string\"}}],\"inLanguage\":\"fr-FR\"},{\"@type\":\"Organization\",\"@id\":\"https:\/\/www.haartick-extensions.de\/it\/#organization\",\"name\":\"Haartick Extensions\",\"url\":\"https:\/\/www.haartick-extensions.de\/it\/\",\"logo\":{\"@type\":\"ImageObject\",\"inLanguage\":\"fr-FR\",\"@id\":\"https:\/\/www.haartick-extensions.de\/it\/#\/schema\/logo\/image\/\",\"url\":\"https:\/\/www.haartick-extensions.de\/wp-content\/uploads\/2024\/05\/cropped-Logo-mark-charm.png\",\"contentUrl\":\"https:\/\/www.haartick-extensions.de\/wp-content\/uploads\/2024\/05\/cropped-Logo-mark-charm.png\",\"width\":512,\"height\":512,\"caption\":\"Haartick Extensions\"},\"image\":{\"@id\":\"https:\/\/www.haartick-extensions.de\/it\/#\/schema\/logo\/image\/\"}}]}<\/script>\n<!-- \/ Yoast SEO plugin. -->","yoast_head_json":{"title":"Italienisches Keratin \/ Granulat \/ Hartkeratin \/ Ersatz Bondings \/ Rebonden \/ Caramel Keratin - Haartick-Extensions","robots":{"index":"index","follow":"follow","max-snippet":"max-snippet:-1","max-image-preview":"max-image-preview:large","max-video-preview":"max-video-preview:-1"},"canonical":"https:\/\/www.haartick-extensions.de\/fr\/shop\/italienisches-keratin-granulat-hartkeratin-ersatz-bondings-rebonden-caramelkeratin\/","og_locale":"fr_FR","og_type":"article","og_title":"Italienisches Keratin \/ Granulat \/ Hartkeratin \/ Ersatz Bondings \/ Rebonden \/ Caramel Keratin - Haartick-Extensions","og_description":"Keratingranulat wird genutzt, um neue Verbindungsstellen bei Bonding Extensions herzustellen. Mithilfe einer W\u00e4rmezange wird das Keratin erhitzt und an die","og_url":"https:\/\/www.haartick-extensions.de\/fr\/shop\/italienisches-keratin-granulat-hartkeratin-ersatz-bondings-rebonden-caramelkeratin\/","og_site_name":"Haartick-Extensions","article_modified_time":"2026-03-31T22:26:39+00:00","og_image":[{"width":1350,"height":1800,"url":"https:\/\/www.haartick-extensions.de\/wp-content\/uploads\/2024\/06\/Keratingranulat-caramel.jpg","type":"image\/jpeg"}],"twitter_card":"summary_large_image","twitter_misc":{"Dur\u00e9e de lecture estim\u00e9e":"1 minute"},"schema":{"@context":"https:\/\/schema.org","@graph":[{"@type":"WebPage","@id":"https:\/\/www.haartick-extensions.de\/de\/shop\/italienisches-keratin-granulat-hartkeratin-ersatz-bondings-rebonden-caramelkeratin\/","url":"https:\/\/www.haartick-extensions.de\/de\/shop\/italienisches-keratin-granulat-hartkeratin-ersatz-bondings-rebonden-caramelkeratin\/","name":"Italienisches Keratin \/ Granulat \/ Hartkeratin \/ Ersatz Bondings \/ Rebonden \/ Caramel Keratin - Haartick-Extensions","isPartOf":{"@id":"https:\/\/www.haartick-extensions.de\/it\/#website"},"primaryImageOfPage":{"@id":"https:\/\/www.haartick-extensions.de\/de\/shop\/italienisches-keratin-granulat-hartkeratin-ersatz-bondings-rebonden-caramelkeratin\/#primaryimage"},"image":{"@id":"https:\/\/www.haartick-extensions.de\/de\/shop\/italienisches-keratin-granulat-hartkeratin-ersatz-bondings-rebonden-caramelkeratin\/#primaryimage"},"thumbnailUrl":"https:\/\/www.haartick-extensions.de\/wp-content\/uploads\/2024\/06\/Keratingranulat-caramel.jpg","datePublished":"2024-06-29T21:35:26+00:00","dateModified":"2026-03-31T22:26:39+00:00","breadcrumb":{"@id":"https:\/\/www.haartick-extensions.de\/de\/shop\/italienisches-keratin-granulat-hartkeratin-ersatz-bondings-rebonden-caramelkeratin\/#breadcrumb"},"inLanguage":"fr-FR","potentialAction":[{"@type":"ReadAction","target":["https:\/\/www.haartick-extensions.de\/de\/shop\/italienisches-keratin-granulat-hartkeratin-ersatz-bondings-rebonden-caramelkeratin\/"]}]},{"@type":"ImageObject","inLanguage":"fr-FR","@id":"https:\/\/www.haartick-extensions.de\/de\/shop\/italienisches-keratin-granulat-hartkeratin-ersatz-bondings-rebonden-caramelkeratin\/#primaryimage","url":"https:\/\/www.haartick-extensions.de\/wp-content\/uploads\/2024\/06\/Keratingranulat-caramel.jpg","contentUrl":"https:\/\/www.haartick-extensions.de\/wp-content\/uploads\/2024\/06\/Keratingranulat-caramel.jpg","width":1350,"height":1800},{"@type":"BreadcrumbList","@id":"https:\/\/www.haartick-extensions.de\/de\/shop\/italienisches-keratin-granulat-hartkeratin-ersatz-bondings-rebonden-caramelkeratin\/#breadcrumb","itemListElement":[{"@type":"ListItem","position":1,"name":"Startseite","item":"https:\/\/www.haartick-extensions.de\/it\/"},{"@type":"ListItem","position":2,"name":"Shop","item":"https:\/\/www.haartick-extensions.de\/ru\/shop\/"},{"@type":"ListItem","position":3,"name":"Italienisches Keratin \/ Granulat \/ Hartkeratin \/ Ersatz Bondings \/ Rebonden \/ Caramel Keratin"}]},{"@type":"WebSite","@id":"https:\/\/www.haartick-extensions.de\/it\/#website","url":"https:\/\/www.haartick-extensions.de\/it\/","name":"Extensions de tic de cheveux","description":"Extension et \u00e9paississement professionnels des cheveux avec 100% cheveux humains.","publisher":{"@id":"https:\/\/www.haartick-extensions.de\/it\/#organization"},"potentialAction":[{"@type":"SearchAction","target":{"@type":"EntryPoint","urlTemplate":"https:\/\/www.haartick-extensions.de\/it\/?s={search_term_string}"},"query-input":{"@type":"PropertyValueSpecification","valueRequired":true,"valueName":"search_term_string"}}],"inLanguage":"fr-FR"},{"@type":"Organization","@id":"https:\/\/www.haartick-extensions.de\/it\/#organization","name":"Extensions de cheveux","url":"https:\/\/www.haartick-extensions.de\/it\/","logo":{"@type":"ImageObject","inLanguage":"fr-FR","@id":"https:\/\/www.haartick-extensions.de\/it\/#\/schema\/logo\/image\/","url":"https:\/\/www.haartick-extensions.de\/wp-content\/uploads\/2024\/05\/cropped-Logo-mark-charm.png","contentUrl":"https:\/\/www.haartick-extensions.de\/wp-content\/uploads\/2024\/05\/cropped-Logo-mark-charm.png","width":512,"height":512,"caption":"Haartick Extensions"},"image":{"@id":"https:\/\/www.haartick-extensions.de\/it\/#\/schema\/logo\/image\/"}}]}},"_links":{"self":[{"href":"https:\/\/www.haartick-extensions.de\/fr\/wp-json\/wp\/v2\/product\/18115","targetHints":{"allow":["GET"]}}],"collection":[{"href":"https:\/\/www.haartick-extensions.de\/fr\/wp-json\/wp\/v2\/product"}],"about":[{"href":"https:\/\/www.haartick-extensions.de\/fr\/wp-json\/wp\/v2\/types\/product"}],"replies":[{"embeddable":true,"href":"https:\/\/www.haartick-extensions.de\/fr\/wp-json\/wp\/v2\/comments?post=18115"}],"version-history":[{"count":0,"href":"https:\/\/www.haartick-extensions.de\/fr\/wp-json\/wp\/v2\/product\/18115\/revisions"}],"wp:featuredmedia":[{"embeddable":true,"href":"https:\/\/www.haartick-extensions.de\/fr\/wp-json\/wp\/v2\/media\/18165"}],"wp:attachment":[{"href":"https:\/\/www.haartick-extensions.de\/fr\/wp-json\/wp\/v2\/media?parent=18115"}],"wp:term":[{"taxonomy":"product_brand","embeddable":true,"href":"https:\/\/www.haartick-extensions.de\/fr\/wp-json\/wp\/v2\/product_brand?post=18115"},{"taxonomy":"product_cat","embeddable":true,"href":"https:\/\/www.haartick-extensions.de\/fr\/wp-json\/wp\/v2\/product_cat?post=18115"},{"taxonomy":"product_tag","embeddable":true,"href":"https:\/\/www.haartick-extensions.de\/fr\/wp-json\/wp\/v2\/product_tag?post=18115"}],"curies":[{"name":"wp","href":"https:\/\/api.w.org\/{rel}","templated":true}]}}