{"id":20108,"date":"2024-09-06T13:04:38","date_gmt":"2024-09-06T13:04:38","guid":{"rendered":"https:\/\/www.haartick-extensions.de\/wordpress\/?post_type=product&#038;p=20108"},"modified":"2026-04-05T01:51:45","modified_gmt":"2026-04-05T01:51:45","slug":"leichte-folie-fuer-tape-extensions-3-meter","status":"publish","type":"product","link":"https:\/\/www.haartick-extensions.de\/fr\/shop\/leichte-folie-fuer-tape-extensions-3-meter\/","title":{"rendered":"Film l\u00e9ger pour extensions Tape 3 m\u00e8tres"},"content":{"rendered":"<p>La colle l\u00e9g\u00e8re utilis\u00e9e dans les extensions de bande pr\u00e9sente de nombreux avantages qui en font un bon choix pour les extensions de cheveux. Malgr\u00e9 sa l\u00e9g\u00e8ret\u00e9, la colle offre une bonne force d'adh\u00e9rence, ce qui garantit que les extensions adh\u00e8rent fermement et durablement aux cheveux naturels. La colle est sp\u00e9cialement formul\u00e9e pour \u00eatre douce pour la peau, ce qui signifie qu'elle ne provoque pas d'irritation ou d'allergie chez la plupart des gens. C'est particuli\u00e8rement important pour ceux qui ont un cuir chevelu sensible. Comme la colle est transparente, elle reste invisible dans les cheveux, ce qui contribue \u00e0 un aspect naturel. Le film fin et l\u00e9ger fait que les extensions sont \u00e0 peine perceptibles et s'int\u00e8grent bien dans les cheveux naturels. La colle est r\u00e9sistante \u00e0 l'eau et r\u00e9siste aux activit\u00e9s quotidiennes telles que la douche, la natation et les activit\u00e9s sportives, sans perdre sa force d'adh\u00e9rence. Cela augmente la long\u00e9vit\u00e9 des extensions et assure une utilisation fiable sur une longue p\u00e9riode. Si n\u00e9cessaire, la colle l\u00e9g\u00e8re peut \u00eatre retir\u00e9e facilement et sans laisser de traces, sans endommager les cheveux naturels. Cela est particuli\u00e8rement pratique pour les applications temporaires ou en cas de changement fr\u00e9quent d'extensions. Dans l'ensemble, la colle l\u00e9g\u00e8re pour extensions \u00e0 bande est jug\u00e9e tr\u00e8s bonne en raison de sa bonne adh\u00e9rence, de sa douceur pour la peau et de son application invisible. Si tu cherches des extensions Tape- de haute qualit\u00e9, ces caract\u00e9ristiques sont certainement un grand avantage. Recommand\u00e9e pour les cheveux fins.<\/p>","protected":false},"excerpt":{"rendered":"<p>Der leichte Kleber, der in Tape-Extensions verwendet wird, hat viele Vorteile, die ihn zu einer guten Wahl f\u00fcr Haarverl\u00e4ngerungen machen.<\/p>","protected":false},"featured_media":22449,"comment_status":"open","ping_status":"closed","template":"","meta":{"_joinchat":[]},"product_brand":[],"product_cat":[28],"product_tag":[],"class_list":{"0":"post-20108","1":"product","2":"type-product","3":"status-publish","4":"has-post-thumbnail","6":"product_cat-zubehoer","8":"first","9":"instock","10":"taxable","11":"shipping-taxable","12":"purchasable","13":"product-type-simple"},"yoast_head":"<!-- This site is optimized with the Yoast SEO plugin v25.6 - https:\/\/yoast.com\/wordpress\/plugins\/seo\/ -->\n<title>Leichte Folie f\u00fcr Tape Extensions 3 Meter - Haartick-Extensions<\/title>\n<meta name=\"robots\" content=\"index, follow, max-snippet:-1, max-image-preview:large, max-video-preview:-1\" \/>\n<link rel=\"canonical\" href=\"https:\/\/www.haartick-extensions.de\/fr\/shop\/leichte-folie-fuer-tape-extensions-3-meter\/\" \/>\n<meta property=\"og:locale\" content=\"fr_FR\" \/>\n<meta property=\"og:type\" content=\"article\" \/>\n<meta property=\"og:title\" content=\"Leichte Folie f\u00fcr Tape Extensions 3 Meter - Haartick-Extensions\" \/>\n<meta property=\"og:description\" content=\"Der leichte Kleber, der in Tape-Extensions verwendet wird, hat viele Vorteile, die ihn zu einer guten Wahl f\u00fcr Haarverl\u00e4ngerungen machen.\" \/>\n<meta property=\"og:url\" content=\"https:\/\/www.haartick-extensions.de\/fr\/shop\/leichte-folie-fuer-tape-extensions-3-meter\/\" \/>\n<meta property=\"og:site_name\" content=\"Haartick-Extensions\" \/>\n<meta property=\"article:modified_time\" content=\"2026-04-05T01:51:45+00:00\" \/>\n<meta property=\"og:image\" content=\"https:\/\/www.haartick-extensions.de\/wp-content\/uploads\/2024\/09\/folie-schwach-1-scaled.jpg\" \/>\n\t<meta property=\"og:image:width\" content=\"1920\" \/>\n\t<meta property=\"og:image:height\" content=\"2560\" \/>\n\t<meta property=\"og:image:type\" content=\"image\/jpeg\" \/>\n<meta name=\"twitter:card\" content=\"summary_large_image\" \/>\n<meta name=\"twitter:label1\" content=\"Dur\u00e9e de lecture estim\u00e9e\" \/>\n\t<meta name=\"twitter:data1\" content=\"2 minutes\" \/>\n<script type=\"application\/ld+json\" class=\"yoast-schema-graph\">{\"@context\":\"https:\/\/schema.org\",\"@graph\":[{\"@type\":\"WebPage\",\"@id\":\"https:\/\/www.haartick-extensions.de\/nl\/shop\/leichte-folie-fuer-tape-extensions-3-meter\/\",\"url\":\"https:\/\/www.haartick-extensions.de\/nl\/shop\/leichte-folie-fuer-tape-extensions-3-meter\/\",\"name\":\"Leichte Folie f\u00fcr Tape Extensions 3 Meter - Haartick-Extensions\",\"isPartOf\":{\"@id\":\"https:\/\/www.haartick-extensions.de\/it\/#website\"},\"primaryImageOfPage\":{\"@id\":\"https:\/\/www.haartick-extensions.de\/nl\/shop\/leichte-folie-fuer-tape-extensions-3-meter\/#primaryimage\"},\"image\":{\"@id\":\"https:\/\/www.haartick-extensions.de\/nl\/shop\/leichte-folie-fuer-tape-extensions-3-meter\/#primaryimage\"},\"thumbnailUrl\":\"https:\/\/www.haartick-extensions.de\/wp-content\/uploads\/2024\/09\/folie-schwach-1-scaled.jpg\",\"datePublished\":\"2024-09-06T13:04:38+00:00\",\"dateModified\":\"2026-04-05T01:51:45+00:00\",\"breadcrumb\":{\"@id\":\"https:\/\/www.haartick-extensions.de\/nl\/shop\/leichte-folie-fuer-tape-extensions-3-meter\/#breadcrumb\"},\"inLanguage\":\"fr-FR\",\"potentialAction\":[{\"@type\":\"ReadAction\",\"target\":[\"https:\/\/www.haartick-extensions.de\/nl\/shop\/leichte-folie-fuer-tape-extensions-3-meter\/\"]}]},{\"@type\":\"ImageObject\",\"inLanguage\":\"fr-FR\",\"@id\":\"https:\/\/www.haartick-extensions.de\/nl\/shop\/leichte-folie-fuer-tape-extensions-3-meter\/#primaryimage\",\"url\":\"https:\/\/www.haartick-extensions.de\/wp-content\/uploads\/2024\/09\/folie-schwach-1-scaled.jpg\",\"contentUrl\":\"https:\/\/www.haartick-extensions.de\/wp-content\/uploads\/2024\/09\/folie-schwach-1-scaled.jpg\",\"width\":1920,\"height\":2560},{\"@type\":\"BreadcrumbList\",\"@id\":\"https:\/\/www.haartick-extensions.de\/nl\/shop\/leichte-folie-fuer-tape-extensions-3-meter\/#breadcrumb\",\"itemListElement\":[{\"@type\":\"ListItem\",\"position\":1,\"name\":\"Startseite\",\"item\":\"https:\/\/www.haartick-extensions.de\/it\/\"},{\"@type\":\"ListItem\",\"position\":2,\"name\":\"Shop\",\"item\":\"https:\/\/www.haartick-extensions.de\/ru\/shop\/\"},{\"@type\":\"ListItem\",\"position\":3,\"name\":\"Leichte Folie f\u00fcr Tape Extensions 3 Meter\"}]},{\"@type\":\"WebSite\",\"@id\":\"https:\/\/www.haartick-extensions.de\/it\/#website\",\"url\":\"https:\/\/www.haartick-extensions.de\/it\/\",\"name\":\"Haartick-Extensions\",\"description\":\"Professionelle Haarverl\u00e4ngerund \/ Haarverdichtung mit 100% Echthaar.\",\"publisher\":{\"@id\":\"https:\/\/www.haartick-extensions.de\/it\/#organization\"},\"potentialAction\":[{\"@type\":\"SearchAction\",\"target\":{\"@type\":\"EntryPoint\",\"urlTemplate\":\"https:\/\/www.haartick-extensions.de\/it\/?s={search_term_string}\"},\"query-input\":{\"@type\":\"PropertyValueSpecification\",\"valueRequired\":true,\"valueName\":\"search_term_string\"}}],\"inLanguage\":\"fr-FR\"},{\"@type\":\"Organization\",\"@id\":\"https:\/\/www.haartick-extensions.de\/it\/#organization\",\"name\":\"Haartick Extensions\",\"url\":\"https:\/\/www.haartick-extensions.de\/it\/\",\"logo\":{\"@type\":\"ImageObject\",\"inLanguage\":\"fr-FR\",\"@id\":\"https:\/\/www.haartick-extensions.de\/it\/#\/schema\/logo\/image\/\",\"url\":\"https:\/\/www.haartick-extensions.de\/wp-content\/uploads\/2024\/05\/cropped-Logo-mark-charm.png\",\"contentUrl\":\"https:\/\/www.haartick-extensions.de\/wp-content\/uploads\/2024\/05\/cropped-Logo-mark-charm.png\",\"width\":512,\"height\":512,\"caption\":\"Haartick Extensions\"},\"image\":{\"@id\":\"https:\/\/www.haartick-extensions.de\/it\/#\/schema\/logo\/image\/\"}}]}<\/script>\n<!-- \/ Yoast SEO plugin. -->","yoast_head_json":{"title":"Leichte Folie f\u00fcr Tape Extensions 3 Meter - Haartick-Extensions","robots":{"index":"index","follow":"follow","max-snippet":"max-snippet:-1","max-image-preview":"max-image-preview:large","max-video-preview":"max-video-preview:-1"},"canonical":"https:\/\/www.haartick-extensions.de\/fr\/shop\/leichte-folie-fuer-tape-extensions-3-meter\/","og_locale":"fr_FR","og_type":"article","og_title":"Leichte Folie f\u00fcr Tape Extensions 3 Meter - Haartick-Extensions","og_description":"Der leichte Kleber, der in Tape-Extensions verwendet wird, hat viele Vorteile, die ihn zu einer guten Wahl f\u00fcr Haarverl\u00e4ngerungen machen.","og_url":"https:\/\/www.haartick-extensions.de\/fr\/shop\/leichte-folie-fuer-tape-extensions-3-meter\/","og_site_name":"Haartick-Extensions","article_modified_time":"2026-04-05T01:51:45+00:00","og_image":[{"width":1920,"height":2560,"url":"https:\/\/www.haartick-extensions.de\/wp-content\/uploads\/2024\/09\/folie-schwach-1-scaled.jpg","type":"image\/jpeg"}],"twitter_card":"summary_large_image","twitter_misc":{"Dur\u00e9e de lecture estim\u00e9e":"2 minutes"},"schema":{"@context":"https:\/\/schema.org","@graph":[{"@type":"WebPage","@id":"https:\/\/www.haartick-extensions.de\/nl\/shop\/leichte-folie-fuer-tape-extensions-3-meter\/","url":"https:\/\/www.haartick-extensions.de\/nl\/shop\/leichte-folie-fuer-tape-extensions-3-meter\/","name":"Leichte Folie f\u00fcr Tape Extensions 3 Meter - Haartick-Extensions","isPartOf":{"@id":"https:\/\/www.haartick-extensions.de\/it\/#website"},"primaryImageOfPage":{"@id":"https:\/\/www.haartick-extensions.de\/nl\/shop\/leichte-folie-fuer-tape-extensions-3-meter\/#primaryimage"},"image":{"@id":"https:\/\/www.haartick-extensions.de\/nl\/shop\/leichte-folie-fuer-tape-extensions-3-meter\/#primaryimage"},"thumbnailUrl":"https:\/\/www.haartick-extensions.de\/wp-content\/uploads\/2024\/09\/folie-schwach-1-scaled.jpg","datePublished":"2024-09-06T13:04:38+00:00","dateModified":"2026-04-05T01:51:45+00:00","breadcrumb":{"@id":"https:\/\/www.haartick-extensions.de\/nl\/shop\/leichte-folie-fuer-tape-extensions-3-meter\/#breadcrumb"},"inLanguage":"fr-FR","potentialAction":[{"@type":"ReadAction","target":["https:\/\/www.haartick-extensions.de\/nl\/shop\/leichte-folie-fuer-tape-extensions-3-meter\/"]}]},{"@type":"ImageObject","inLanguage":"fr-FR","@id":"https:\/\/www.haartick-extensions.de\/nl\/shop\/leichte-folie-fuer-tape-extensions-3-meter\/#primaryimage","url":"https:\/\/www.haartick-extensions.de\/wp-content\/uploads\/2024\/09\/folie-schwach-1-scaled.jpg","contentUrl":"https:\/\/www.haartick-extensions.de\/wp-content\/uploads\/2024\/09\/folie-schwach-1-scaled.jpg","width":1920,"height":2560},{"@type":"BreadcrumbList","@id":"https:\/\/www.haartick-extensions.de\/nl\/shop\/leichte-folie-fuer-tape-extensions-3-meter\/#breadcrumb","itemListElement":[{"@type":"ListItem","position":1,"name":"Startseite","item":"https:\/\/www.haartick-extensions.de\/it\/"},{"@type":"ListItem","position":2,"name":"Shop","item":"https:\/\/www.haartick-extensions.de\/ru\/shop\/"},{"@type":"ListItem","position":3,"name":"Leichte Folie f\u00fcr Tape Extensions 3 Meter"}]},{"@type":"WebSite","@id":"https:\/\/www.haartick-extensions.de\/it\/#website","url":"https:\/\/www.haartick-extensions.de\/it\/","name":"Extensions de tic de cheveux","description":"Extension et \u00e9paississement professionnels des cheveux avec 100% cheveux humains.","publisher":{"@id":"https:\/\/www.haartick-extensions.de\/it\/#organization"},"potentialAction":[{"@type":"SearchAction","target":{"@type":"EntryPoint","urlTemplate":"https:\/\/www.haartick-extensions.de\/it\/?s={search_term_string}"},"query-input":{"@type":"PropertyValueSpecification","valueRequired":true,"valueName":"search_term_string"}}],"inLanguage":"fr-FR"},{"@type":"Organization","@id":"https:\/\/www.haartick-extensions.de\/it\/#organization","name":"Extensions de cheveux","url":"https:\/\/www.haartick-extensions.de\/it\/","logo":{"@type":"ImageObject","inLanguage":"fr-FR","@id":"https:\/\/www.haartick-extensions.de\/it\/#\/schema\/logo\/image\/","url":"https:\/\/www.haartick-extensions.de\/wp-content\/uploads\/2024\/05\/cropped-Logo-mark-charm.png","contentUrl":"https:\/\/www.haartick-extensions.de\/wp-content\/uploads\/2024\/05\/cropped-Logo-mark-charm.png","width":512,"height":512,"caption":"Haartick Extensions"},"image":{"@id":"https:\/\/www.haartick-extensions.de\/it\/#\/schema\/logo\/image\/"}}]}},"_links":{"self":[{"href":"https:\/\/www.haartick-extensions.de\/fr\/wp-json\/wp\/v2\/product\/20108","targetHints":{"allow":["GET"]}}],"collection":[{"href":"https:\/\/www.haartick-extensions.de\/fr\/wp-json\/wp\/v2\/product"}],"about":[{"href":"https:\/\/www.haartick-extensions.de\/fr\/wp-json\/wp\/v2\/types\/product"}],"replies":[{"embeddable":true,"href":"https:\/\/www.haartick-extensions.de\/fr\/wp-json\/wp\/v2\/comments?post=20108"}],"version-history":[{"count":0,"href":"https:\/\/www.haartick-extensions.de\/fr\/wp-json\/wp\/v2\/product\/20108\/revisions"}],"wp:featuredmedia":[{"embeddable":true,"href":"https:\/\/www.haartick-extensions.de\/fr\/wp-json\/wp\/v2\/media\/22449"}],"wp:attachment":[{"href":"https:\/\/www.haartick-extensions.de\/fr\/wp-json\/wp\/v2\/media?parent=20108"}],"wp:term":[{"taxonomy":"product_brand","embeddable":true,"href":"https:\/\/www.haartick-extensions.de\/fr\/wp-json\/wp\/v2\/product_brand?post=20108"},{"taxonomy":"product_cat","embeddable":true,"href":"https:\/\/www.haartick-extensions.de\/fr\/wp-json\/wp\/v2\/product_cat?post=20108"},{"taxonomy":"product_tag","embeddable":true,"href":"https:\/\/www.haartick-extensions.de\/fr\/wp-json\/wp\/v2\/product_tag?post=20108"}],"curies":[{"name":"wp","href":"https:\/\/api.w.org\/{rel}","templated":true}]}}