{"id":20133,"date":"2024-09-06T14:26:22","date_gmt":"2024-09-06T14:26:22","guid":{"rendered":"https:\/\/www.haartick-extensions.de\/wordpress\/?post_type=product&#038;p=20133"},"modified":"2026-04-30T09:41:38","modified_gmt":"2026-04-30T09:41:38","slug":"echosline-keratin-maske","status":"publish","type":"product","link":"https:\/\/www.haartick-extensions.de\/fr\/shop\/echosline-keratin-maske\/","title":{"rendered":"Masque \u00e0 la k\u00e9ratine Echosline"},"content":{"rendered":"<p>- masque capillaire restaurateur intensif pour cheveux color\u00e9s et trait\u00e9s chimiquement<br \/>\n- soigne les cheveux sans les alourdir<br \/>\n- rend les cheveux faciles \u00e0 coiffer, brillants, soyeux et \u00e9lastiques<br \/>\n- sans parab\u00e8nes, SLES et SLS<br \/>\n- convient pour les extensions et apr\u00e8s un traitement \u00e0 la k\u00e9ratine<\/p>\n<p><strong>Application :<\/strong><\/p>\n<p>Apr\u00e8s le shampooing, appliquer le masque sur les longueurs et les pointes des cheveux humides. Apr\u00e8s avoir laiss\u00e9 agir 5 \u00e0 10 minutes, rincer abondamment. Id\u00e9alement, compl\u00e9ter la routine de soins avec le shampooing de la gamme.<\/p>\n<p><strong>Ingr\u00e9dients :<\/strong><\/p>\n<p>Aqua (Water), Cetearyl Alcohol, Cetrimonium Chloride, Glyceryl Laurate, Phenoxyethanol, Amodimethicone, Parfum (Fragrance), Ethylhexyglycerin, Silicone Quaternium-18, Wheat Amino Acids, Soy Amino Acids, Trideceth-10, trideceth-6, Citric Acid, Arginine HCI, Serine, Threonine, Trideceth-12, Argania Spinosa Kernel Oil, Benzyl Alcohol, Potassium Sorbate, Sodium Benzoate.<\/p>\n<p><strong>En raison des mises \u00e0 jour de l'emballage par le fabricant, l'emballage du produit peut diff\u00e9rer de l'illustration.<\/strong><\/p>","protected":false},"excerpt":{"rendered":"<p><strong>Contenu : 300 ml.<\/strong><\/p>\n<p style=\"color: red;\"><strong>Remarque<\/strong>: Les produits d'hygi\u00e8ne tels que les shampooings, les masques, les protections thermiques, les huiles et les solutions pour extensions de cheveux peuvent uniquement \u00eatre repris s'ils n'ont pas \u00e9t\u00e9 utilis\u00e9s, s'ils sont scell\u00e9s d'origine et s'ils sont en parfait \u00e9tat.<\/p>","protected":false},"featured_media":22242,"comment_status":"open","ping_status":"closed","template":"","meta":{"_joinchat":[]},"product_brand":[],"product_cat":[94],"product_tag":[],"class_list":{"0":"post-20133","1":"product","2":"type-product","3":"status-publish","4":"has-post-thumbnail","6":"product_cat-pflegeprodukte","8":"first","9":"instock","10":"taxable","11":"shipping-taxable","12":"purchasable","13":"product-type-simple"},"yoast_head":"<!-- This site is optimized with the Yoast SEO plugin v25.6 - https:\/\/yoast.com\/wordpress\/plugins\/seo\/ -->\n<title>Echosline Keratin Maske - Haartick-Extensions<\/title>\n<meta name=\"robots\" content=\"index, follow, max-snippet:-1, max-image-preview:large, max-video-preview:-1\" \/>\n<link rel=\"canonical\" href=\"https:\/\/www.haartick-extensions.de\/fr\/shop\/echosline-keratin-maske\/\" \/>\n<meta property=\"og:locale\" content=\"fr_FR\" \/>\n<meta property=\"og:type\" content=\"article\" \/>\n<meta property=\"og:title\" content=\"Echosline Keratin Maske - Haartick-Extensions\" \/>\n<meta property=\"og:description\" content=\"Inhalt: 300 ml. Hinweis: Hygieneprodukte wie Shampoos, Masken, Hitzeschutzmittel, \u00d6le und L\u00f6sungen f\u00fcr Haarverl\u00e4ngerungen k\u00f6nnen wir ausschlie\u00dflich zur\u00fccknehmen, wenn sie unbenutzt, originalversiegelt und in einwandfreiem\u00a0Zustand\u00a0sind.\" \/>\n<meta property=\"og:url\" content=\"https:\/\/www.haartick-extensions.de\/fr\/shop\/echosline-keratin-maske\/\" \/>\n<meta property=\"og:site_name\" content=\"Haartick-Extensions\" \/>\n<meta property=\"article:modified_time\" content=\"2026-04-30T09:41:38+00:00\" \/>\n<meta property=\"og:image\" content=\"https:\/\/www.haartick-extensions.de\/wp-content\/uploads\/2024\/09\/echosline-keratin-veg-mask-vegane-restrukturierende-haarmaske-mit-keratin-300ml.jpg\" \/>\n\t<meta property=\"og:image:width\" content=\"800\" \/>\n\t<meta property=\"og:image:height\" content=\"800\" \/>\n\t<meta property=\"og:image:type\" content=\"image\/jpeg\" \/>\n<meta name=\"twitter:card\" content=\"summary_large_image\" \/>\n<meta name=\"twitter:label1\" content=\"Dur\u00e9e de lecture estim\u00e9e\" \/>\n\t<meta name=\"twitter:data1\" content=\"1 minute\" \/>\n<script type=\"application\/ld+json\" class=\"yoast-schema-graph\">{\"@context\":\"https:\/\/schema.org\",\"@graph\":[{\"@type\":\"WebPage\",\"@id\":\"https:\/\/www.haartick-extensions.de\/en\/shop\/echosline-keratin-maske\/\",\"url\":\"https:\/\/www.haartick-extensions.de\/en\/shop\/echosline-keratin-maske\/\",\"name\":\"Echosline Keratin Maske - Haartick-Extensions\",\"isPartOf\":{\"@id\":\"https:\/\/www.haartick-extensions.de\/it\/#website\"},\"primaryImageOfPage\":{\"@id\":\"https:\/\/www.haartick-extensions.de\/en\/shop\/echosline-keratin-maske\/#primaryimage\"},\"image\":{\"@id\":\"https:\/\/www.haartick-extensions.de\/en\/shop\/echosline-keratin-maske\/#primaryimage\"},\"thumbnailUrl\":\"https:\/\/www.haartick-extensions.de\/wp-content\/uploads\/2024\/09\/echosline-keratin-veg-mask-vegane-restrukturierende-haarmaske-mit-keratin-300ml.jpg\",\"datePublished\":\"2024-09-06T14:26:22+00:00\",\"dateModified\":\"2026-04-30T09:41:38+00:00\",\"breadcrumb\":{\"@id\":\"https:\/\/www.haartick-extensions.de\/en\/shop\/echosline-keratin-maske\/#breadcrumb\"},\"inLanguage\":\"fr-FR\",\"potentialAction\":[{\"@type\":\"ReadAction\",\"target\":[\"https:\/\/www.haartick-extensions.de\/en\/shop\/echosline-keratin-maske\/\"]}]},{\"@type\":\"ImageObject\",\"inLanguage\":\"fr-FR\",\"@id\":\"https:\/\/www.haartick-extensions.de\/en\/shop\/echosline-keratin-maske\/#primaryimage\",\"url\":\"https:\/\/www.haartick-extensions.de\/wp-content\/uploads\/2024\/09\/echosline-keratin-veg-mask-vegane-restrukturierende-haarmaske-mit-keratin-300ml.jpg\",\"contentUrl\":\"https:\/\/www.haartick-extensions.de\/wp-content\/uploads\/2024\/09\/echosline-keratin-veg-mask-vegane-restrukturierende-haarmaske-mit-keratin-300ml.jpg\",\"width\":800,\"height\":800},{\"@type\":\"BreadcrumbList\",\"@id\":\"https:\/\/www.haartick-extensions.de\/en\/shop\/echosline-keratin-maske\/#breadcrumb\",\"itemListElement\":[{\"@type\":\"ListItem\",\"position\":1,\"name\":\"Startseite\",\"item\":\"https:\/\/www.haartick-extensions.de\/it\/\"},{\"@type\":\"ListItem\",\"position\":2,\"name\":\"Shop\",\"item\":\"https:\/\/www.haartick-extensions.de\/ru\/shop\/\"},{\"@type\":\"ListItem\",\"position\":3,\"name\":\"Echosline Keratin Maske\"}]},{\"@type\":\"WebSite\",\"@id\":\"https:\/\/www.haartick-extensions.de\/it\/#website\",\"url\":\"https:\/\/www.haartick-extensions.de\/it\/\",\"name\":\"Haartick-Extensions\",\"description\":\"Professionelle Haarverl\u00e4ngerund \/ Haarverdichtung mit 100% Echthaar.\",\"publisher\":{\"@id\":\"https:\/\/www.haartick-extensions.de\/it\/#organization\"},\"potentialAction\":[{\"@type\":\"SearchAction\",\"target\":{\"@type\":\"EntryPoint\",\"urlTemplate\":\"https:\/\/www.haartick-extensions.de\/it\/?s={search_term_string}\"},\"query-input\":{\"@type\":\"PropertyValueSpecification\",\"valueRequired\":true,\"valueName\":\"search_term_string\"}}],\"inLanguage\":\"fr-FR\"},{\"@type\":\"Organization\",\"@id\":\"https:\/\/www.haartick-extensions.de\/it\/#organization\",\"name\":\"Haartick Extensions\",\"url\":\"https:\/\/www.haartick-extensions.de\/it\/\",\"logo\":{\"@type\":\"ImageObject\",\"inLanguage\":\"fr-FR\",\"@id\":\"https:\/\/www.haartick-extensions.de\/it\/#\/schema\/logo\/image\/\",\"url\":\"https:\/\/www.haartick-extensions.de\/wp-content\/uploads\/2024\/05\/cropped-Logo-mark-charm.png\",\"contentUrl\":\"https:\/\/www.haartick-extensions.de\/wp-content\/uploads\/2024\/05\/cropped-Logo-mark-charm.png\",\"width\":512,\"height\":512,\"caption\":\"Haartick Extensions\"},\"image\":{\"@id\":\"https:\/\/www.haartick-extensions.de\/it\/#\/schema\/logo\/image\/\"}}]}<\/script>\n<!-- \/ Yoast SEO plugin. -->","yoast_head_json":{"title":"Echosline Keratin Maske - Haartick-Extensions","robots":{"index":"index","follow":"follow","max-snippet":"max-snippet:-1","max-image-preview":"max-image-preview:large","max-video-preview":"max-video-preview:-1"},"canonical":"https:\/\/www.haartick-extensions.de\/fr\/shop\/echosline-keratin-maske\/","og_locale":"fr_FR","og_type":"article","og_title":"Echosline Keratin Maske - Haartick-Extensions","og_description":"Inhalt: 300 ml. Hinweis: Hygieneprodukte wie Shampoos, Masken, Hitzeschutzmittel, \u00d6le und L\u00f6sungen f\u00fcr Haarverl\u00e4ngerungen k\u00f6nnen wir ausschlie\u00dflich zur\u00fccknehmen, wenn sie unbenutzt, originalversiegelt und in einwandfreiem\u00a0Zustand\u00a0sind.","og_url":"https:\/\/www.haartick-extensions.de\/fr\/shop\/echosline-keratin-maske\/","og_site_name":"Haartick-Extensions","article_modified_time":"2026-04-30T09:41:38+00:00","og_image":[{"width":800,"height":800,"url":"https:\/\/www.haartick-extensions.de\/wp-content\/uploads\/2024\/09\/echosline-keratin-veg-mask-vegane-restrukturierende-haarmaske-mit-keratin-300ml.jpg","type":"image\/jpeg"}],"twitter_card":"summary_large_image","twitter_misc":{"Dur\u00e9e de lecture estim\u00e9e":"1 minute"},"schema":{"@context":"https:\/\/schema.org","@graph":[{"@type":"WebPage","@id":"https:\/\/www.haartick-extensions.de\/en\/shop\/echosline-keratin-maske\/","url":"https:\/\/www.haartick-extensions.de\/en\/shop\/echosline-keratin-maske\/","name":"Echosline Keratin Maske - Haartick-Extensions","isPartOf":{"@id":"https:\/\/www.haartick-extensions.de\/it\/#website"},"primaryImageOfPage":{"@id":"https:\/\/www.haartick-extensions.de\/en\/shop\/echosline-keratin-maske\/#primaryimage"},"image":{"@id":"https:\/\/www.haartick-extensions.de\/en\/shop\/echosline-keratin-maske\/#primaryimage"},"thumbnailUrl":"https:\/\/www.haartick-extensions.de\/wp-content\/uploads\/2024\/09\/echosline-keratin-veg-mask-vegane-restrukturierende-haarmaske-mit-keratin-300ml.jpg","datePublished":"2024-09-06T14:26:22+00:00","dateModified":"2026-04-30T09:41:38+00:00","breadcrumb":{"@id":"https:\/\/www.haartick-extensions.de\/en\/shop\/echosline-keratin-maske\/#breadcrumb"},"inLanguage":"fr-FR","potentialAction":[{"@type":"ReadAction","target":["https:\/\/www.haartick-extensions.de\/en\/shop\/echosline-keratin-maske\/"]}]},{"@type":"ImageObject","inLanguage":"fr-FR","@id":"https:\/\/www.haartick-extensions.de\/en\/shop\/echosline-keratin-maske\/#primaryimage","url":"https:\/\/www.haartick-extensions.de\/wp-content\/uploads\/2024\/09\/echosline-keratin-veg-mask-vegane-restrukturierende-haarmaske-mit-keratin-300ml.jpg","contentUrl":"https:\/\/www.haartick-extensions.de\/wp-content\/uploads\/2024\/09\/echosline-keratin-veg-mask-vegane-restrukturierende-haarmaske-mit-keratin-300ml.jpg","width":800,"height":800},{"@type":"BreadcrumbList","@id":"https:\/\/www.haartick-extensions.de\/en\/shop\/echosline-keratin-maske\/#breadcrumb","itemListElement":[{"@type":"ListItem","position":1,"name":"Startseite","item":"https:\/\/www.haartick-extensions.de\/it\/"},{"@type":"ListItem","position":2,"name":"Shop","item":"https:\/\/www.haartick-extensions.de\/ru\/shop\/"},{"@type":"ListItem","position":3,"name":"Echosline Keratin Maske"}]},{"@type":"WebSite","@id":"https:\/\/www.haartick-extensions.de\/it\/#website","url":"https:\/\/www.haartick-extensions.de\/it\/","name":"Extensions de tic de cheveux","description":"Extension et \u00e9paississement professionnels des cheveux avec 100% cheveux humains.","publisher":{"@id":"https:\/\/www.haartick-extensions.de\/it\/#organization"},"potentialAction":[{"@type":"SearchAction","target":{"@type":"EntryPoint","urlTemplate":"https:\/\/www.haartick-extensions.de\/it\/?s={search_term_string}"},"query-input":{"@type":"PropertyValueSpecification","valueRequired":true,"valueName":"search_term_string"}}],"inLanguage":"fr-FR"},{"@type":"Organization","@id":"https:\/\/www.haartick-extensions.de\/it\/#organization","name":"Extensions de cheveux","url":"https:\/\/www.haartick-extensions.de\/it\/","logo":{"@type":"ImageObject","inLanguage":"fr-FR","@id":"https:\/\/www.haartick-extensions.de\/it\/#\/schema\/logo\/image\/","url":"https:\/\/www.haartick-extensions.de\/wp-content\/uploads\/2024\/05\/cropped-Logo-mark-charm.png","contentUrl":"https:\/\/www.haartick-extensions.de\/wp-content\/uploads\/2024\/05\/cropped-Logo-mark-charm.png","width":512,"height":512,"caption":"Haartick Extensions"},"image":{"@id":"https:\/\/www.haartick-extensions.de\/it\/#\/schema\/logo\/image\/"}}]}},"_links":{"self":[{"href":"https:\/\/www.haartick-extensions.de\/fr\/wp-json\/wp\/v2\/product\/20133","targetHints":{"allow":["GET"]}}],"collection":[{"href":"https:\/\/www.haartick-extensions.de\/fr\/wp-json\/wp\/v2\/product"}],"about":[{"href":"https:\/\/www.haartick-extensions.de\/fr\/wp-json\/wp\/v2\/types\/product"}],"replies":[{"embeddable":true,"href":"https:\/\/www.haartick-extensions.de\/fr\/wp-json\/wp\/v2\/comments?post=20133"}],"version-history":[{"count":0,"href":"https:\/\/www.haartick-extensions.de\/fr\/wp-json\/wp\/v2\/product\/20133\/revisions"}],"wp:featuredmedia":[{"embeddable":true,"href":"https:\/\/www.haartick-extensions.de\/fr\/wp-json\/wp\/v2\/media\/22242"}],"wp:attachment":[{"href":"https:\/\/www.haartick-extensions.de\/fr\/wp-json\/wp\/v2\/media?parent=20133"}],"wp:term":[{"taxonomy":"product_brand","embeddable":true,"href":"https:\/\/www.haartick-extensions.de\/fr\/wp-json\/wp\/v2\/product_brand?post=20133"},{"taxonomy":"product_cat","embeddable":true,"href":"https:\/\/www.haartick-extensions.de\/fr\/wp-json\/wp\/v2\/product_cat?post=20133"},{"taxonomy":"product_tag","embeddable":true,"href":"https:\/\/www.haartick-extensions.de\/fr\/wp-json\/wp\/v2\/product_tag?post=20133"}],"curies":[{"name":"wp","href":"https:\/\/api.w.org\/{rel}","templated":true}]}}