{"id":20225,"date":"2024-09-27T18:17:26","date_gmt":"2024-09-27T18:17:26","guid":{"rendered":"https:\/\/www.haartick-extensions.de\/wordpress\/?post_type=product&#038;p=20225"},"modified":"2026-04-16T15:13:49","modified_gmt":"2026-04-16T15:13:49","slug":"fidentia-tape-und-bondingloeser-spray","status":"publish","type":"product","link":"https:\/\/www.haartick-extensions.de\/fr\/shop\/fidentia-tape-und-bondingloeser-spray\/","title":{"rendered":"Fidentia Tape et Bonding Spray de dissolution"},"content":{"rendered":"<p>Pour d\u00e9tacher en douceur les extensions, les postiches et les perruques<\/p>\n<p>Pr\u00e9serve le cuir chevelu &amp; les extensions<\/p>\n<p>Avec Pro Vitamine B5<\/p>\n<p>Convient pour les bondings \u00e0 la k\u00e9ratine et les tapes<\/p>\n<p>Fabriqu\u00e9 en Allemagne<\/p>\n<p>D\u00e9tachez vos extensions Tape-In, Keratin Bonding ou vos deuxi\u00e8mes cheveux en douceur et \u00e9liminez efficacement les r\u00e9sidus de colle. Renoncez aux produits agressifs qui pourraient nuire \u00e0 vos cheveux et \u00e0 votre sant\u00e9. Le dissolvant Fidentia Tape- &amp; Bonding m\u00e9nage le cuir chevelu et les cheveux humains.<br \/>\nIl est compos\u00e9 d'une formule fabriqu\u00e9e en Allemagne, exclusivement avec des ingr\u00e9dients contr\u00f4l\u00e9s. Une formule de soin soigneusement adapt\u00e9e avec de la provitamine B5 et un mode d'action doux sont particuli\u00e8rement agr\u00e9ables \u00e0 utiliser. Vous vous \u00e9pargnez les frottements et les tiraillements p\u00e9nibles. M\u00eame les fixations \u00e0 la k\u00e9ratine sont \u00e9limin\u00e9es rapidement et sans probl\u00e8me.<\/p>\n<p>\u2013 Pas de tests sur les animaux<br \/>\n\u2013 \u00c9viter la forte concentration de parfums et de conservateurs<\/p>\n<p>Qualit\u00e9 Fidentia (Made in Germany)<\/p>\n<p>Ingr\u00e9dients :<br \/>\nAlcohol Denat, Isopropyl Alcohol, Aqua, Panthenol, Parfum, Benzyl Salicylate, Limonene, Benzyl Benzoate, Geraniol, Citronellol.<\/p>\n<p>Application :<\/p>\n<p>Chez Tape :<br \/>\nVaporiser g\u00e9n\u00e9reusement et retirer lentement. Les r\u00e9sidus de colle sont seulement ramollis, pas dissous. N'utilisez pas de dissolvant agressif ou m\u00eame de dissolvant pour vernis \u00e0 ongles. Prenez plut\u00f4t le temps de vaporiser les restes de colle, de les peigner avec un peigne \u00e0 lentes et de r\u00e9p\u00e9ter cette op\u00e9ration plusieurs fois. Cela peut tout \u00e0 fait durer une heure pour de nombreuses m\u00e8ches. Ensuite, lavez les extensions 2 \u00e0 3 fois avec un shampooing.<\/p>\n<p>Les bondings :<br \/>\nVaporiser et presser doucement les bondings \u00e0 l'aide d'une pince \u00e0 extensions sp\u00e9ciale et ponc\u00e9e, r\u00e9p\u00e9ter si n\u00e9cessaire. Tenir les cheveux \u00e0 la racine et retirer lentement les extensions. Ensuite, d\u00e9m\u00ealer les cheveux et les peigner.<\/p>","protected":false},"excerpt":{"rendered":"<p>Zum schonenden L\u00f6sen von Extensions, Haarteilen &amp; Per\u00fccken Schont Kopfhaut &amp; Extensions Mit Pro Vitamin B5 F\u00fcr Keratinbondings und Tapes<\/p>","protected":false},"featured_media":22376,"comment_status":"open","ping_status":"closed","template":"","meta":{"_joinchat":[]},"product_brand":[],"product_cat":[28],"product_tag":[],"class_list":{"0":"post-20225","1":"product","2":"type-product","3":"status-publish","4":"has-post-thumbnail","6":"product_cat-zubehoer","8":"first","9":"instock","10":"taxable","11":"shipping-taxable","12":"purchasable","13":"product-type-variable","14":"has-default-attributes"},"yoast_head":"<!-- This site is optimized with the Yoast SEO plugin v25.6 - https:\/\/yoast.com\/wordpress\/plugins\/seo\/ -->\n<title>Fidentia Tape- und Bondingl\u00f6ser Spray - Haartick-Extensions<\/title>\n<meta name=\"robots\" content=\"index, follow, max-snippet:-1, max-image-preview:large, max-video-preview:-1\" \/>\n<link rel=\"canonical\" href=\"https:\/\/www.haartick-extensions.de\/fr\/shop\/fidentia-tape-und-bondingloeser-spray\/\" \/>\n<meta property=\"og:locale\" content=\"fr_FR\" \/>\n<meta property=\"og:type\" content=\"article\" \/>\n<meta property=\"og:title\" content=\"Fidentia Tape- und Bondingl\u00f6ser Spray - Haartick-Extensions\" \/>\n<meta property=\"og:description\" content=\"Zum schonenden L\u00f6sen von Extensions, Haarteilen &amp; Per\u00fccken Schont Kopfhaut &amp; Extensions Mit Pro Vitamin B5 F\u00fcr Keratinbondings und Tapes\" \/>\n<meta property=\"og:url\" content=\"https:\/\/www.haartick-extensions.de\/fr\/shop\/fidentia-tape-und-bondingloeser-spray\/\" \/>\n<meta property=\"og:site_name\" content=\"Haartick-Extensions\" \/>\n<meta property=\"article:modified_time\" content=\"2026-04-16T15:13:49+00:00\" \/>\n<meta property=\"og:image\" content=\"https:\/\/www.haartick-extensions.de\/wp-content\/uploads\/2024\/09\/extension-removing-spray@2x-100-scaled-2.webp\" \/>\n\t<meta property=\"og:image:width\" content=\"1920\" \/>\n\t<meta property=\"og:image:height\" content=\"2560\" \/>\n\t<meta property=\"og:image:type\" content=\"image\/jpeg\" \/>\n<meta name=\"twitter:card\" content=\"summary_large_image\" \/>\n<meta name=\"twitter:label1\" content=\"Dur\u00e9e de lecture estim\u00e9e\" \/>\n\t<meta name=\"twitter:data1\" content=\"2 minutes\" \/>\n<script type=\"application\/ld+json\" class=\"yoast-schema-graph\">{\"@context\":\"https:\/\/schema.org\",\"@graph\":[{\"@type\":\"WebPage\",\"@id\":\"https:\/\/www.haartick-extensions.de\/it\/shop\/fidentia-tape-und-bondingloeser-spray\/\",\"url\":\"https:\/\/www.haartick-extensions.de\/it\/shop\/fidentia-tape-und-bondingloeser-spray\/\",\"name\":\"Fidentia Tape- und Bondingl\u00f6ser Spray - Haartick-Extensions\",\"isPartOf\":{\"@id\":\"https:\/\/www.haartick-extensions.de\/it\/#website\"},\"primaryImageOfPage\":{\"@id\":\"https:\/\/www.haartick-extensions.de\/it\/shop\/fidentia-tape-und-bondingloeser-spray\/#primaryimage\"},\"image\":{\"@id\":\"https:\/\/www.haartick-extensions.de\/it\/shop\/fidentia-tape-und-bondingloeser-spray\/#primaryimage\"},\"thumbnailUrl\":\"https:\/\/www.haartick-extensions.de\/wp-content\/uploads\/2024\/09\/extension-removing-spray@2x-100-scaled-2.webp\",\"datePublished\":\"2024-09-27T18:17:26+00:00\",\"dateModified\":\"2026-04-16T15:13:49+00:00\",\"breadcrumb\":{\"@id\":\"https:\/\/www.haartick-extensions.de\/it\/shop\/fidentia-tape-und-bondingloeser-spray\/#breadcrumb\"},\"inLanguage\":\"fr-FR\",\"potentialAction\":[{\"@type\":\"ReadAction\",\"target\":[\"https:\/\/www.haartick-extensions.de\/it\/shop\/fidentia-tape-und-bondingloeser-spray\/\"]}]},{\"@type\":\"ImageObject\",\"inLanguage\":\"fr-FR\",\"@id\":\"https:\/\/www.haartick-extensions.de\/it\/shop\/fidentia-tape-und-bondingloeser-spray\/#primaryimage\",\"url\":\"https:\/\/www.haartick-extensions.de\/wp-content\/uploads\/2024\/09\/extension-removing-spray@2x-100-scaled-2.webp\",\"contentUrl\":\"https:\/\/www.haartick-extensions.de\/wp-content\/uploads\/2024\/09\/extension-removing-spray@2x-100-scaled-2.webp\",\"width\":1920,\"height\":2560},{\"@type\":\"BreadcrumbList\",\"@id\":\"https:\/\/www.haartick-extensions.de\/it\/shop\/fidentia-tape-und-bondingloeser-spray\/#breadcrumb\",\"itemListElement\":[{\"@type\":\"ListItem\",\"position\":1,\"name\":\"Startseite\",\"item\":\"https:\/\/www.haartick-extensions.de\/it\/\"},{\"@type\":\"ListItem\",\"position\":2,\"name\":\"Shop\",\"item\":\"https:\/\/www.haartick-extensions.de\/ru\/shop\/\"},{\"@type\":\"ListItem\",\"position\":3,\"name\":\"Fidentia Tape- und Bondingl\u00f6ser Spray\"}]},{\"@type\":\"WebSite\",\"@id\":\"https:\/\/www.haartick-extensions.de\/it\/#website\",\"url\":\"https:\/\/www.haartick-extensions.de\/it\/\",\"name\":\"Haartick-Extensions\",\"description\":\"Professionelle Haarverl\u00e4ngerund \/ Haarverdichtung mit 100% Echthaar.\",\"publisher\":{\"@id\":\"https:\/\/www.haartick-extensions.de\/it\/#organization\"},\"potentialAction\":[{\"@type\":\"SearchAction\",\"target\":{\"@type\":\"EntryPoint\",\"urlTemplate\":\"https:\/\/www.haartick-extensions.de\/it\/?s={search_term_string}\"},\"query-input\":{\"@type\":\"PropertyValueSpecification\",\"valueRequired\":true,\"valueName\":\"search_term_string\"}}],\"inLanguage\":\"fr-FR\"},{\"@type\":\"Organization\",\"@id\":\"https:\/\/www.haartick-extensions.de\/it\/#organization\",\"name\":\"Haartick Extensions\",\"url\":\"https:\/\/www.haartick-extensions.de\/it\/\",\"logo\":{\"@type\":\"ImageObject\",\"inLanguage\":\"fr-FR\",\"@id\":\"https:\/\/www.haartick-extensions.de\/it\/#\/schema\/logo\/image\/\",\"url\":\"https:\/\/www.haartick-extensions.de\/wp-content\/uploads\/2024\/05\/cropped-Logo-mark-charm.png\",\"contentUrl\":\"https:\/\/www.haartick-extensions.de\/wp-content\/uploads\/2024\/05\/cropped-Logo-mark-charm.png\",\"width\":512,\"height\":512,\"caption\":\"Haartick Extensions\"},\"image\":{\"@id\":\"https:\/\/www.haartick-extensions.de\/it\/#\/schema\/logo\/image\/\"}}]}<\/script>\n<!-- \/ Yoast SEO plugin. -->","yoast_head_json":{"title":"Fidentia Tape- und Bondingl\u00f6ser Spray - Haartick-Extensions","robots":{"index":"index","follow":"follow","max-snippet":"max-snippet:-1","max-image-preview":"max-image-preview:large","max-video-preview":"max-video-preview:-1"},"canonical":"https:\/\/www.haartick-extensions.de\/fr\/shop\/fidentia-tape-und-bondingloeser-spray\/","og_locale":"fr_FR","og_type":"article","og_title":"Fidentia Tape- und Bondingl\u00f6ser Spray - Haartick-Extensions","og_description":"Zum schonenden L\u00f6sen von Extensions, Haarteilen &amp; Per\u00fccken Schont Kopfhaut &amp; Extensions Mit Pro Vitamin B5 F\u00fcr Keratinbondings und Tapes","og_url":"https:\/\/www.haartick-extensions.de\/fr\/shop\/fidentia-tape-und-bondingloeser-spray\/","og_site_name":"Haartick-Extensions","article_modified_time":"2026-04-16T15:13:49+00:00","og_image":[{"width":1920,"height":2560,"url":"https:\/\/www.haartick-extensions.de\/wp-content\/uploads\/2024\/09\/extension-removing-spray@2x-100-scaled-2.webp","type":"image\/jpeg"}],"twitter_card":"summary_large_image","twitter_misc":{"Dur\u00e9e de lecture estim\u00e9e":"2 minutes"},"schema":{"@context":"https:\/\/schema.org","@graph":[{"@type":"WebPage","@id":"https:\/\/www.haartick-extensions.de\/it\/shop\/fidentia-tape-und-bondingloeser-spray\/","url":"https:\/\/www.haartick-extensions.de\/it\/shop\/fidentia-tape-und-bondingloeser-spray\/","name":"Fidentia Tape- und Bondingl\u00f6ser Spray - Haartick-Extensions","isPartOf":{"@id":"https:\/\/www.haartick-extensions.de\/it\/#website"},"primaryImageOfPage":{"@id":"https:\/\/www.haartick-extensions.de\/it\/shop\/fidentia-tape-und-bondingloeser-spray\/#primaryimage"},"image":{"@id":"https:\/\/www.haartick-extensions.de\/it\/shop\/fidentia-tape-und-bondingloeser-spray\/#primaryimage"},"thumbnailUrl":"https:\/\/www.haartick-extensions.de\/wp-content\/uploads\/2024\/09\/extension-removing-spray@2x-100-scaled-2.webp","datePublished":"2024-09-27T18:17:26+00:00","dateModified":"2026-04-16T15:13:49+00:00","breadcrumb":{"@id":"https:\/\/www.haartick-extensions.de\/it\/shop\/fidentia-tape-und-bondingloeser-spray\/#breadcrumb"},"inLanguage":"fr-FR","potentialAction":[{"@type":"ReadAction","target":["https:\/\/www.haartick-extensions.de\/it\/shop\/fidentia-tape-und-bondingloeser-spray\/"]}]},{"@type":"ImageObject","inLanguage":"fr-FR","@id":"https:\/\/www.haartick-extensions.de\/it\/shop\/fidentia-tape-und-bondingloeser-spray\/#primaryimage","url":"https:\/\/www.haartick-extensions.de\/wp-content\/uploads\/2024\/09\/extension-removing-spray@2x-100-scaled-2.webp","contentUrl":"https:\/\/www.haartick-extensions.de\/wp-content\/uploads\/2024\/09\/extension-removing-spray@2x-100-scaled-2.webp","width":1920,"height":2560},{"@type":"BreadcrumbList","@id":"https:\/\/www.haartick-extensions.de\/it\/shop\/fidentia-tape-und-bondingloeser-spray\/#breadcrumb","itemListElement":[{"@type":"ListItem","position":1,"name":"Startseite","item":"https:\/\/www.haartick-extensions.de\/it\/"},{"@type":"ListItem","position":2,"name":"Shop","item":"https:\/\/www.haartick-extensions.de\/ru\/shop\/"},{"@type":"ListItem","position":3,"name":"Fidentia Tape- und Bondingl\u00f6ser Spray"}]},{"@type":"WebSite","@id":"https:\/\/www.haartick-extensions.de\/it\/#website","url":"https:\/\/www.haartick-extensions.de\/it\/","name":"Extensions de tic de cheveux","description":"Extension et \u00e9paississement professionnels des cheveux avec 100% cheveux humains.","publisher":{"@id":"https:\/\/www.haartick-extensions.de\/it\/#organization"},"potentialAction":[{"@type":"SearchAction","target":{"@type":"EntryPoint","urlTemplate":"https:\/\/www.haartick-extensions.de\/it\/?s={search_term_string}"},"query-input":{"@type":"PropertyValueSpecification","valueRequired":true,"valueName":"search_term_string"}}],"inLanguage":"fr-FR"},{"@type":"Organization","@id":"https:\/\/www.haartick-extensions.de\/it\/#organization","name":"Extensions de cheveux","url":"https:\/\/www.haartick-extensions.de\/it\/","logo":{"@type":"ImageObject","inLanguage":"fr-FR","@id":"https:\/\/www.haartick-extensions.de\/it\/#\/schema\/logo\/image\/","url":"https:\/\/www.haartick-extensions.de\/wp-content\/uploads\/2024\/05\/cropped-Logo-mark-charm.png","contentUrl":"https:\/\/www.haartick-extensions.de\/wp-content\/uploads\/2024\/05\/cropped-Logo-mark-charm.png","width":512,"height":512,"caption":"Haartick Extensions"},"image":{"@id":"https:\/\/www.haartick-extensions.de\/it\/#\/schema\/logo\/image\/"}}]}},"_links":{"self":[{"href":"https:\/\/www.haartick-extensions.de\/fr\/wp-json\/wp\/v2\/product\/20225","targetHints":{"allow":["GET"]}}],"collection":[{"href":"https:\/\/www.haartick-extensions.de\/fr\/wp-json\/wp\/v2\/product"}],"about":[{"href":"https:\/\/www.haartick-extensions.de\/fr\/wp-json\/wp\/v2\/types\/product"}],"replies":[{"embeddable":true,"href":"https:\/\/www.haartick-extensions.de\/fr\/wp-json\/wp\/v2\/comments?post=20225"}],"version-history":[{"count":0,"href":"https:\/\/www.haartick-extensions.de\/fr\/wp-json\/wp\/v2\/product\/20225\/revisions"}],"wp:featuredmedia":[{"embeddable":true,"href":"https:\/\/www.haartick-extensions.de\/fr\/wp-json\/wp\/v2\/media\/22376"}],"wp:attachment":[{"href":"https:\/\/www.haartick-extensions.de\/fr\/wp-json\/wp\/v2\/media?parent=20225"}],"wp:term":[{"taxonomy":"product_brand","embeddable":true,"href":"https:\/\/www.haartick-extensions.de\/fr\/wp-json\/wp\/v2\/product_brand?post=20225"},{"taxonomy":"product_cat","embeddable":true,"href":"https:\/\/www.haartick-extensions.de\/fr\/wp-json\/wp\/v2\/product_cat?post=20225"},{"taxonomy":"product_tag","embeddable":true,"href":"https:\/\/www.haartick-extensions.de\/fr\/wp-json\/wp\/v2\/product_tag?post=20225"}],"curies":[{"name":"wp","href":"https:\/\/api.w.org\/{rel}","templated":true}]}}