{"id":22215,"date":"2024-11-12T15:42:04","date_gmt":"2024-11-12T15:42:04","guid":{"rendered":"https:\/\/www.haartick-extensions.de\/wordpress\/?post_type=product&#038;p=22215"},"modified":"2025-08-23T09:42:00","modified_gmt":"2025-08-23T09:42:00","slug":"echosline-volumen-shampoo","status":"publish","type":"product","link":"https:\/\/www.haartick-extensions.de\/fr\/shop\/echosline-volumen-shampoo\/","title":{"rendered":"Shampooing volume Echosline"},"content":{"rendered":"<div>\n<p><strong>Description :<\/strong><\/p>\n<ul>\n<li>Shampooing volumateur pour cheveux fins sans tonus<\/li>\n<\/ul>\n<p><strong>Application :<\/strong><\/p>\n<ul>\n<li>masser doucement sur le cuir chevelu humide et rincer apparemment \u00e0 l'eau claire<\/li>\n<\/ul>\n<p><strong>Ingr\u00e9dients :<\/strong><\/p>\n<ul>\n<li><span style=\"vertical-align: inherit;\"><span style=\"vertical-align: inherit;\"><span style=\"vertical-align: inherit;\"><span style=\"vertical-align: inherit;\">Aqua<\/span><\/span><\/span><\/span><\/li>\n<li><span style=\"vertical-align: inherit;\"><span style=\"vertical-align: inherit;\"><span style=\"vertical-align: inherit;\"><span style=\"vertical-align: inherit;\">Laurylsulfate d'ammonium<\/span><\/span><\/span><\/span><\/li>\n<li><span style=\"vertical-align: inherit;\"><span style=\"vertical-align: inherit;\"><span style=\"vertical-align: inherit;\"><span style=\"vertical-align: inherit;\">R\u00e9thsulfate de sodium<\/span><\/span><\/span><\/span><\/li>\n<li><span style=\"vertical-align: inherit;\"><span style=\"vertical-align: inherit;\"><span style=\"vertical-align: inherit;\"><span style=\"vertical-align: inherit;\">Cocoamphoac\u00e9tate de sodium<\/span><\/span><\/span><\/span><\/li>\n<li><span style=\"vertical-align: inherit;\"><span style=\"vertical-align: inherit;\">Chlorure de sodium<\/span><\/span><\/li>\n<li><span style=\"vertical-align: inherit;\"><span style=\"vertical-align: inherit;\"><span style=\"vertical-align: inherit;\"><span style=\"vertical-align: inherit;\">Parfum<\/span><\/span><\/span><\/span><\/li>\n<li><span style=\"vertical-align: inherit;\"><span style=\"vertical-align: inherit;\">Acide lactique<\/span><\/span><\/li>\n<li><span style=\"vertical-align: inherit;\"><span style=\"vertical-align: inherit;\"><span style=\"vertical-align: inherit;\"><span style=\"vertical-align: inherit;\">Benzoate de sodium<\/span><\/span><\/span><\/span><\/li>\n<li><span style=\"vertical-align: inherit;\"><span style=\"vertical-align: inherit;\"><span style=\"vertical-align: inherit;\"><span style=\"vertical-align: inherit;\">Chlorure de guar-hydroxypropyltrimonium<\/span><\/span><\/span><\/span><\/li>\n<li><span style=\"vertical-align: inherit;\"><span style=\"vertical-align: inherit;\"><span style=\"vertical-align: inherit;\"><span style=\"vertical-align: inherit;\">Hydroxyde de sodium<\/span><\/span><\/span><\/span><\/li>\n<li><span style=\"vertical-align: inherit;\"><span style=\"vertical-align: inherit;\"><span style=\"vertical-align: inherit;\"><span style=\"vertical-align: inherit;\">Cr\u00e9atine<\/span><\/span><\/span><\/span><\/li>\n<li><span style=\"vertical-align: inherit;\"><span style=\"vertical-align: inherit;\"><span style=\"vertical-align: inherit;\"><span style=\"vertical-align: inherit;\">Propanediol<\/span><\/span><\/span><\/span><\/li>\n<li><span style=\"vertical-align: inherit;\"><span style=\"vertical-align: inherit;\">Acide citrique<\/span><\/span><\/li>\n<li><span style=\"vertical-align: inherit;\"><span style=\"vertical-align: inherit;\">Acide tartrique<\/span><\/span><\/li>\n<li><span style=\"vertical-align: inherit;\"><span style=\"vertical-align: inherit;\"><span style=\"vertical-align: inherit;\"><span style=\"vertical-align: inherit;\">Citron vert<\/span><\/span><\/span><\/span><\/li>\n<li><span style=\"vertical-align: inherit;\"><span style=\"vertical-align: inherit;\"><span style=\"vertical-align: inherit;\"><span style=\"vertical-align: inherit;\">Citronellol<\/span><\/span><\/span><\/span><\/li>\n<li><span style=\"vertical-align: inherit;\"><span style=\"vertical-align: inherit;\"><span style=\"vertical-align: inherit;\"><span style=\"vertical-align: inherit;\">G\u00e9raniol<\/span><\/span><\/span><\/span><\/li>\n<li><span style=\"vertical-align: inherit;\"><span style=\"vertical-align: inherit;\">Acide gluconique<\/span><\/span><\/li>\n<\/ul>\n<\/div>\n<p><strong>En raison des mises \u00e0 jour de l'emballage par le fabricant, l'emballage du produit peut diff\u00e9rer de l'illustration.<\/strong><\/p>","protected":false},"excerpt":{"rendered":"<p><strong>Contenu : 300ml.<\/strong><\/p>\n<p style=\"color: red;\"><strong>Remarque<\/strong>: Les produits d'hygi\u00e8ne tels que les shampooings, les masques, les protections thermiques, les huiles et les solutions pour extensions de cheveux peuvent uniquement \u00eatre repris s'ils n'ont pas \u00e9t\u00e9 utilis\u00e9s, s'ils sont scell\u00e9s d'origine et s'ils sont en parfait \u00e9tat.<\/p>","protected":false},"featured_media":22237,"comment_status":"open","ping_status":"closed","template":"","meta":{"_joinchat":[]},"product_brand":[],"product_cat":[94],"product_tag":[],"class_list":{"0":"post-22215","1":"product","2":"type-product","3":"status-publish","4":"has-post-thumbnail","6":"product_cat-pflegeprodukte","8":"first","9":"instock","10":"taxable","11":"shipping-taxable","12":"purchasable","13":"product-type-simple"},"yoast_head":"<!-- This site is optimized with the Yoast SEO plugin v25.6 - https:\/\/yoast.com\/wordpress\/plugins\/seo\/ -->\n<title>Echosline Volumen Shampoo - Haartick-Extensions<\/title>\n<meta name=\"robots\" content=\"index, follow, max-snippet:-1, max-image-preview:large, max-video-preview:-1\" \/>\n<link rel=\"canonical\" href=\"https:\/\/www.haartick-extensions.de\/fr\/shop\/echosline-volumen-shampoo\/\" \/>\n<meta property=\"og:locale\" content=\"fr_FR\" \/>\n<meta property=\"og:type\" content=\"article\" \/>\n<meta property=\"og:title\" content=\"Echosline Volumen Shampoo - Haartick-Extensions\" \/>\n<meta property=\"og:description\" content=\"Inhalt: 300ml. Hinweis: Hygieneprodukte wie Shampoos, Masken, Hitzeschutzmittel, \u00d6le und L\u00f6sungen f\u00fcr Haarverl\u00e4ngerungen k\u00f6nnen wir ausschlie\u00dflich zur\u00fccknehmen, wenn sie unbenutzt, originalversiegelt und in einwandfreiem\u00a0Zustand\u00a0sind.\" \/>\n<meta property=\"og:url\" content=\"https:\/\/www.haartick-extensions.de\/fr\/shop\/echosline-volumen-shampoo\/\" \/>\n<meta property=\"og:site_name\" content=\"Haartick-Extensions\" \/>\n<meta property=\"article:modified_time\" content=\"2025-08-23T09:42:00+00:00\" \/>\n<meta property=\"og:image\" content=\"https:\/\/www.haartick-extensions.de\/wp-content\/uploads\/2024\/11\/echosline-volume-shampoo-veganes-volumenshampoo-300-ml.jpg\" \/>\n\t<meta property=\"og:image:width\" content=\"800\" \/>\n\t<meta property=\"og:image:height\" content=\"800\" \/>\n\t<meta property=\"og:image:type\" content=\"image\/jpeg\" \/>\n<meta name=\"twitter:card\" content=\"summary_large_image\" \/>\n<meta name=\"twitter:label1\" content=\"Dur\u00e9e de lecture estim\u00e9e\" \/>\n\t<meta name=\"twitter:data1\" content=\"1 minute\" \/>\n<script type=\"application\/ld+json\" class=\"yoast-schema-graph\">{\"@context\":\"https:\/\/schema.org\",\"@graph\":[{\"@type\":\"WebPage\",\"@id\":\"https:\/\/www.haartick-extensions.de\/nl\/shop\/echosline-volumen-shampoo\/\",\"url\":\"https:\/\/www.haartick-extensions.de\/nl\/shop\/echosline-volumen-shampoo\/\",\"name\":\"Echosline Volumen Shampoo - Haartick-Extensions\",\"isPartOf\":{\"@id\":\"https:\/\/www.haartick-extensions.de\/it\/#website\"},\"primaryImageOfPage\":{\"@id\":\"https:\/\/www.haartick-extensions.de\/nl\/shop\/echosline-volumen-shampoo\/#primaryimage\"},\"image\":{\"@id\":\"https:\/\/www.haartick-extensions.de\/nl\/shop\/echosline-volumen-shampoo\/#primaryimage\"},\"thumbnailUrl\":\"https:\/\/www.haartick-extensions.de\/wp-content\/uploads\/2024\/11\/echosline-volume-shampoo-veganes-volumenshampoo-300-ml.jpg\",\"datePublished\":\"2024-11-12T15:42:04+00:00\",\"dateModified\":\"2025-08-23T09:42:00+00:00\",\"breadcrumb\":{\"@id\":\"https:\/\/www.haartick-extensions.de\/nl\/shop\/echosline-volumen-shampoo\/#breadcrumb\"},\"inLanguage\":\"fr-FR\",\"potentialAction\":[{\"@type\":\"ReadAction\",\"target\":[\"https:\/\/www.haartick-extensions.de\/nl\/shop\/echosline-volumen-shampoo\/\"]}]},{\"@type\":\"ImageObject\",\"inLanguage\":\"fr-FR\",\"@id\":\"https:\/\/www.haartick-extensions.de\/nl\/shop\/echosline-volumen-shampoo\/#primaryimage\",\"url\":\"https:\/\/www.haartick-extensions.de\/wp-content\/uploads\/2024\/11\/echosline-volume-shampoo-veganes-volumenshampoo-300-ml.jpg\",\"contentUrl\":\"https:\/\/www.haartick-extensions.de\/wp-content\/uploads\/2024\/11\/echosline-volume-shampoo-veganes-volumenshampoo-300-ml.jpg\",\"width\":800,\"height\":800},{\"@type\":\"BreadcrumbList\",\"@id\":\"https:\/\/www.haartick-extensions.de\/nl\/shop\/echosline-volumen-shampoo\/#breadcrumb\",\"itemListElement\":[{\"@type\":\"ListItem\",\"position\":1,\"name\":\"Startseite\",\"item\":\"https:\/\/www.haartick-extensions.de\/it\/\"},{\"@type\":\"ListItem\",\"position\":2,\"name\":\"Shop\",\"item\":\"https:\/\/www.haartick-extensions.de\/ru\/shop\/\"},{\"@type\":\"ListItem\",\"position\":3,\"name\":\"Echosline Volumen Shampoo\"}]},{\"@type\":\"WebSite\",\"@id\":\"https:\/\/www.haartick-extensions.de\/it\/#website\",\"url\":\"https:\/\/www.haartick-extensions.de\/it\/\",\"name\":\"Haartick-Extensions\",\"description\":\"Professionelle Haarverl\u00e4ngerund \/ Haarverdichtung mit 100% Echthaar.\",\"publisher\":{\"@id\":\"https:\/\/www.haartick-extensions.de\/it\/#organization\"},\"potentialAction\":[{\"@type\":\"SearchAction\",\"target\":{\"@type\":\"EntryPoint\",\"urlTemplate\":\"https:\/\/www.haartick-extensions.de\/it\/?s={search_term_string}\"},\"query-input\":{\"@type\":\"PropertyValueSpecification\",\"valueRequired\":true,\"valueName\":\"search_term_string\"}}],\"inLanguage\":\"fr-FR\"},{\"@type\":\"Organization\",\"@id\":\"https:\/\/www.haartick-extensions.de\/it\/#organization\",\"name\":\"Haartick Extensions\",\"url\":\"https:\/\/www.haartick-extensions.de\/it\/\",\"logo\":{\"@type\":\"ImageObject\",\"inLanguage\":\"fr-FR\",\"@id\":\"https:\/\/www.haartick-extensions.de\/it\/#\/schema\/logo\/image\/\",\"url\":\"https:\/\/www.haartick-extensions.de\/wp-content\/uploads\/2024\/05\/cropped-Logo-mark-charm.png\",\"contentUrl\":\"https:\/\/www.haartick-extensions.de\/wp-content\/uploads\/2024\/05\/cropped-Logo-mark-charm.png\",\"width\":512,\"height\":512,\"caption\":\"Haartick Extensions\"},\"image\":{\"@id\":\"https:\/\/www.haartick-extensions.de\/it\/#\/schema\/logo\/image\/\"}}]}<\/script>\n<!-- \/ Yoast SEO plugin. -->","yoast_head_json":{"title":"Echosline Volumen Shampoo - Haartick-Extensions","robots":{"index":"index","follow":"follow","max-snippet":"max-snippet:-1","max-image-preview":"max-image-preview:large","max-video-preview":"max-video-preview:-1"},"canonical":"https:\/\/www.haartick-extensions.de\/fr\/shop\/echosline-volumen-shampoo\/","og_locale":"fr_FR","og_type":"article","og_title":"Echosline Volumen Shampoo - Haartick-Extensions","og_description":"Inhalt: 300ml. Hinweis: Hygieneprodukte wie Shampoos, Masken, Hitzeschutzmittel, \u00d6le und L\u00f6sungen f\u00fcr Haarverl\u00e4ngerungen k\u00f6nnen wir ausschlie\u00dflich zur\u00fccknehmen, wenn sie unbenutzt, originalversiegelt und in einwandfreiem\u00a0Zustand\u00a0sind.","og_url":"https:\/\/www.haartick-extensions.de\/fr\/shop\/echosline-volumen-shampoo\/","og_site_name":"Haartick-Extensions","article_modified_time":"2025-08-23T09:42:00+00:00","og_image":[{"width":800,"height":800,"url":"https:\/\/www.haartick-extensions.de\/wp-content\/uploads\/2024\/11\/echosline-volume-shampoo-veganes-volumenshampoo-300-ml.jpg","type":"image\/jpeg"}],"twitter_card":"summary_large_image","twitter_misc":{"Dur\u00e9e de lecture estim\u00e9e":"1 minute"},"schema":{"@context":"https:\/\/schema.org","@graph":[{"@type":"WebPage","@id":"https:\/\/www.haartick-extensions.de\/nl\/shop\/echosline-volumen-shampoo\/","url":"https:\/\/www.haartick-extensions.de\/nl\/shop\/echosline-volumen-shampoo\/","name":"Echosline Volumen Shampoo - Haartick-Extensions","isPartOf":{"@id":"https:\/\/www.haartick-extensions.de\/it\/#website"},"primaryImageOfPage":{"@id":"https:\/\/www.haartick-extensions.de\/nl\/shop\/echosline-volumen-shampoo\/#primaryimage"},"image":{"@id":"https:\/\/www.haartick-extensions.de\/nl\/shop\/echosline-volumen-shampoo\/#primaryimage"},"thumbnailUrl":"https:\/\/www.haartick-extensions.de\/wp-content\/uploads\/2024\/11\/echosline-volume-shampoo-veganes-volumenshampoo-300-ml.jpg","datePublished":"2024-11-12T15:42:04+00:00","dateModified":"2025-08-23T09:42:00+00:00","breadcrumb":{"@id":"https:\/\/www.haartick-extensions.de\/nl\/shop\/echosline-volumen-shampoo\/#breadcrumb"},"inLanguage":"fr-FR","potentialAction":[{"@type":"ReadAction","target":["https:\/\/www.haartick-extensions.de\/nl\/shop\/echosline-volumen-shampoo\/"]}]},{"@type":"ImageObject","inLanguage":"fr-FR","@id":"https:\/\/www.haartick-extensions.de\/nl\/shop\/echosline-volumen-shampoo\/#primaryimage","url":"https:\/\/www.haartick-extensions.de\/wp-content\/uploads\/2024\/11\/echosline-volume-shampoo-veganes-volumenshampoo-300-ml.jpg","contentUrl":"https:\/\/www.haartick-extensions.de\/wp-content\/uploads\/2024\/11\/echosline-volume-shampoo-veganes-volumenshampoo-300-ml.jpg","width":800,"height":800},{"@type":"BreadcrumbList","@id":"https:\/\/www.haartick-extensions.de\/nl\/shop\/echosline-volumen-shampoo\/#breadcrumb","itemListElement":[{"@type":"ListItem","position":1,"name":"Startseite","item":"https:\/\/www.haartick-extensions.de\/it\/"},{"@type":"ListItem","position":2,"name":"Shop","item":"https:\/\/www.haartick-extensions.de\/ru\/shop\/"},{"@type":"ListItem","position":3,"name":"Echosline Volumen Shampoo"}]},{"@type":"WebSite","@id":"https:\/\/www.haartick-extensions.de\/it\/#website","url":"https:\/\/www.haartick-extensions.de\/it\/","name":"Extensions de tic de cheveux","description":"Extension et \u00e9paississement professionnels des cheveux avec 100% cheveux humains.","publisher":{"@id":"https:\/\/www.haartick-extensions.de\/it\/#organization"},"potentialAction":[{"@type":"SearchAction","target":{"@type":"EntryPoint","urlTemplate":"https:\/\/www.haartick-extensions.de\/it\/?s={search_term_string}"},"query-input":{"@type":"PropertyValueSpecification","valueRequired":true,"valueName":"search_term_string"}}],"inLanguage":"fr-FR"},{"@type":"Organization","@id":"https:\/\/www.haartick-extensions.de\/it\/#organization","name":"Extensions de cheveux","url":"https:\/\/www.haartick-extensions.de\/it\/","logo":{"@type":"ImageObject","inLanguage":"fr-FR","@id":"https:\/\/www.haartick-extensions.de\/it\/#\/schema\/logo\/image\/","url":"https:\/\/www.haartick-extensions.de\/wp-content\/uploads\/2024\/05\/cropped-Logo-mark-charm.png","contentUrl":"https:\/\/www.haartick-extensions.de\/wp-content\/uploads\/2024\/05\/cropped-Logo-mark-charm.png","width":512,"height":512,"caption":"Haartick Extensions"},"image":{"@id":"https:\/\/www.haartick-extensions.de\/it\/#\/schema\/logo\/image\/"}}]}},"_links":{"self":[{"href":"https:\/\/www.haartick-extensions.de\/fr\/wp-json\/wp\/v2\/product\/22215","targetHints":{"allow":["GET"]}}],"collection":[{"href":"https:\/\/www.haartick-extensions.de\/fr\/wp-json\/wp\/v2\/product"}],"about":[{"href":"https:\/\/www.haartick-extensions.de\/fr\/wp-json\/wp\/v2\/types\/product"}],"replies":[{"embeddable":true,"href":"https:\/\/www.haartick-extensions.de\/fr\/wp-json\/wp\/v2\/comments?post=22215"}],"version-history":[{"count":0,"href":"https:\/\/www.haartick-extensions.de\/fr\/wp-json\/wp\/v2\/product\/22215\/revisions"}],"wp:featuredmedia":[{"embeddable":true,"href":"https:\/\/www.haartick-extensions.de\/fr\/wp-json\/wp\/v2\/media\/22237"}],"wp:attachment":[{"href":"https:\/\/www.haartick-extensions.de\/fr\/wp-json\/wp\/v2\/media?parent=22215"}],"wp:term":[{"taxonomy":"product_brand","embeddable":true,"href":"https:\/\/www.haartick-extensions.de\/fr\/wp-json\/wp\/v2\/product_brand?post=22215"},{"taxonomy":"product_cat","embeddable":true,"href":"https:\/\/www.haartick-extensions.de\/fr\/wp-json\/wp\/v2\/product_cat?post=22215"},{"taxonomy":"product_tag","embeddable":true,"href":"https:\/\/www.haartick-extensions.de\/fr\/wp-json\/wp\/v2\/product_tag?post=22215"}],"curies":[{"name":"wp","href":"https:\/\/api.w.org\/{rel}","templated":true}]}}