{"id":22225,"date":"2024-11-12T16:13:21","date_gmt":"2024-11-12T16:13:21","guid":{"rendered":"https:\/\/www.haartick-extensions.de\/wordpress\/?post_type=product&#038;p=22225"},"modified":"2026-05-05T14:03:44","modified_gmt":"2026-05-05T14:03:44","slug":"echosline-curl-mask","status":"publish","type":"product","link":"https:\/\/www.haartick-extensions.de\/fr\/shop\/echosline-curl-mask\/","title":{"rendered":"Echosline Curl Mask"},"content":{"rendered":"<div>\n<p><strong>Description :<\/strong><\/p>\n<ul>\n<li>Masque de soin des boucles<\/li>\n<li>d\u00e9m\u00eale les cheveux boucl\u00e9s et ondul\u00e9s<\/li>\n<li>agit contre les frisottis, l'\u00e9lectricit\u00e9 statique et la formation excessive de boucles due \u00e0 une forte humidit\u00e9<\/li>\n<li>rend les cheveux souples sans les alourdir<\/li>\n<\/ul>\n<p><strong>Application :<\/strong><br \/>\nApr\u00e8s le lavage des cheveux avec le shampooing, appliquer uniform\u00e9ment sur les longueurs et les pointes s\u00e9ch\u00e9es dans une serviette et rincer abondamment apr\u00e8s environ 3 \u00e0 5 minutes d'action.<\/p>\n<p><strong>Ingr\u00e9dients :<\/strong><br \/>\nAqua (Water), Celearyl Alcohol, Cetrimonium Chloride, Amodimelicone, Byrospermum Parkii Butter (Butyrospermum Parkii (Shea) Butter), Parfum (Fragrance), CI.<br \/>\nIS Poreh-7, Laureth-9, Triethylene Glycol, Glycerin, Tridecelh- 12, Benzyl Alcohol, Propylenes C\/col, Phenoxyethanol, Citronellol, Acelic Acid, Trideceth-10, Cl 19140 (FD&amp;C YELOW ) Menylchloroisothiazolinone Methylisothiazolinone, Citric Acid, Magnesium Chloride, Nognesum Nirate, Hydrolyzed Quinoo, Cl 14700 (FD&amp;C RED 4), Ethylexylyein,<br \/>\nSorbate de polsium, benzoale de sodium<\/p>\n<\/div>\n<p><strong>En raison des mises \u00e0 jour de l'emballage par le fabricant, l'emballage du produit peut diff\u00e9rer de l'illustration.<\/strong><\/p>","protected":false},"excerpt":{"rendered":"<p><strong>Contenu : 300ml.<\/strong><\/p>\n<p style=\"color: red;\"><strong>Remarque<\/strong>: Les produits d'hygi\u00e8ne tels que les shampooings, les masques, les protections thermiques, les huiles et les solutions pour extensions de cheveux peuvent uniquement \u00eatre repris s'ils n'ont pas \u00e9t\u00e9 utilis\u00e9s, s'ils sont scell\u00e9s d'origine et s'ils sont en parfait \u00e9tat.<\/p>","protected":false},"featured_media":22226,"comment_status":"open","ping_status":"closed","template":"","meta":{"_joinchat":[]},"product_brand":[],"product_cat":[94],"product_tag":[],"class_list":{"0":"post-22225","1":"product","2":"type-product","3":"status-publish","4":"has-post-thumbnail","6":"product_cat-pflegeprodukte","8":"first","9":"instock","10":"taxable","11":"shipping-taxable","12":"purchasable","13":"product-type-simple"},"yoast_head":"<!-- This site is optimized with the Yoast SEO plugin v25.6 - https:\/\/yoast.com\/wordpress\/plugins\/seo\/ -->\n<title>Echosline Curl Mask - Haartick-Extensions<\/title>\n<meta name=\"robots\" content=\"index, follow, max-snippet:-1, max-image-preview:large, max-video-preview:-1\" \/>\n<link rel=\"canonical\" href=\"https:\/\/www.haartick-extensions.de\/fr\/shop\/echosline-curl-mask\/\" \/>\n<meta property=\"og:locale\" content=\"fr_FR\" \/>\n<meta property=\"og:type\" content=\"article\" \/>\n<meta property=\"og:title\" content=\"Echosline Curl Mask - Haartick-Extensions\" \/>\n<meta property=\"og:description\" content=\"Inhalt: 300ml. Hinweis: Hygieneprodukte wie Shampoos, Masken, Hitzeschutzmittel, \u00d6le und L\u00f6sungen f\u00fcr Haarverl\u00e4ngerungen k\u00f6nnen wir ausschlie\u00dflich zur\u00fccknehmen, wenn sie unbenutzt, originalversiegelt und in einwandfreiem\u00a0Zustand\u00a0sind.\" \/>\n<meta property=\"og:url\" content=\"https:\/\/www.haartick-extensions.de\/fr\/shop\/echosline-curl-mask\/\" \/>\n<meta property=\"og:site_name\" content=\"Haartick-Extensions\" \/>\n<meta property=\"article:modified_time\" content=\"2026-05-05T14:03:44+00:00\" \/>\n<meta property=\"og:image\" content=\"https:\/\/www.haartick-extensions.de\/wp-content\/uploads\/2024\/11\/echosline-curl-veg-vegane-feuchtigkeitsmaske-fuer-lockiges-und-welliges-haar-300ml.jpg\" \/>\n\t<meta property=\"og:image:width\" content=\"800\" \/>\n\t<meta property=\"og:image:height\" content=\"800\" \/>\n\t<meta property=\"og:image:type\" content=\"image\/jpeg\" \/>\n<meta name=\"twitter:card\" content=\"summary_large_image\" \/>\n<meta name=\"twitter:label1\" content=\"Dur\u00e9e de lecture estim\u00e9e\" \/>\n\t<meta name=\"twitter:data1\" content=\"1 minute\" \/>\n<script type=\"application\/ld+json\" class=\"yoast-schema-graph\">{\"@context\":\"https:\/\/schema.org\",\"@graph\":[{\"@type\":\"WebPage\",\"@id\":\"https:\/\/www.haartick-extensions.de\/it\/shop\/echosline-curl-mask\/\",\"url\":\"https:\/\/www.haartick-extensions.de\/it\/shop\/echosline-curl-mask\/\",\"name\":\"Echosline Curl Mask - Haartick-Extensions\",\"isPartOf\":{\"@id\":\"https:\/\/www.haartick-extensions.de\/it\/#website\"},\"primaryImageOfPage\":{\"@id\":\"https:\/\/www.haartick-extensions.de\/it\/shop\/echosline-curl-mask\/#primaryimage\"},\"image\":{\"@id\":\"https:\/\/www.haartick-extensions.de\/it\/shop\/echosline-curl-mask\/#primaryimage\"},\"thumbnailUrl\":\"https:\/\/www.haartick-extensions.de\/wp-content\/uploads\/2024\/11\/echosline-curl-veg-vegane-feuchtigkeitsmaske-fuer-lockiges-und-welliges-haar-300ml.jpg\",\"datePublished\":\"2024-11-12T16:13:21+00:00\",\"dateModified\":\"2026-05-05T14:03:44+00:00\",\"breadcrumb\":{\"@id\":\"https:\/\/www.haartick-extensions.de\/it\/shop\/echosline-curl-mask\/#breadcrumb\"},\"inLanguage\":\"fr-FR\",\"potentialAction\":[{\"@type\":\"ReadAction\",\"target\":[\"https:\/\/www.haartick-extensions.de\/it\/shop\/echosline-curl-mask\/\"]}]},{\"@type\":\"ImageObject\",\"inLanguage\":\"fr-FR\",\"@id\":\"https:\/\/www.haartick-extensions.de\/it\/shop\/echosline-curl-mask\/#primaryimage\",\"url\":\"https:\/\/www.haartick-extensions.de\/wp-content\/uploads\/2024\/11\/echosline-curl-veg-vegane-feuchtigkeitsmaske-fuer-lockiges-und-welliges-haar-300ml.jpg\",\"contentUrl\":\"https:\/\/www.haartick-extensions.de\/wp-content\/uploads\/2024\/11\/echosline-curl-veg-vegane-feuchtigkeitsmaske-fuer-lockiges-und-welliges-haar-300ml.jpg\",\"width\":800,\"height\":800},{\"@type\":\"BreadcrumbList\",\"@id\":\"https:\/\/www.haartick-extensions.de\/it\/shop\/echosline-curl-mask\/#breadcrumb\",\"itemListElement\":[{\"@type\":\"ListItem\",\"position\":1,\"name\":\"Startseite\",\"item\":\"https:\/\/www.haartick-extensions.de\/it\/\"},{\"@type\":\"ListItem\",\"position\":2,\"name\":\"Shop\",\"item\":\"https:\/\/www.haartick-extensions.de\/ru\/shop\/\"},{\"@type\":\"ListItem\",\"position\":3,\"name\":\"Echosline Curl Mask\"}]},{\"@type\":\"WebSite\",\"@id\":\"https:\/\/www.haartick-extensions.de\/it\/#website\",\"url\":\"https:\/\/www.haartick-extensions.de\/it\/\",\"name\":\"Haartick-Extensions\",\"description\":\"Professionelle Haarverl\u00e4ngerund \/ Haarverdichtung mit 100% Echthaar.\",\"publisher\":{\"@id\":\"https:\/\/www.haartick-extensions.de\/it\/#organization\"},\"potentialAction\":[{\"@type\":\"SearchAction\",\"target\":{\"@type\":\"EntryPoint\",\"urlTemplate\":\"https:\/\/www.haartick-extensions.de\/it\/?s={search_term_string}\"},\"query-input\":{\"@type\":\"PropertyValueSpecification\",\"valueRequired\":true,\"valueName\":\"search_term_string\"}}],\"inLanguage\":\"fr-FR\"},{\"@type\":\"Organization\",\"@id\":\"https:\/\/www.haartick-extensions.de\/it\/#organization\",\"name\":\"Haartick Extensions\",\"url\":\"https:\/\/www.haartick-extensions.de\/it\/\",\"logo\":{\"@type\":\"ImageObject\",\"inLanguage\":\"fr-FR\",\"@id\":\"https:\/\/www.haartick-extensions.de\/it\/#\/schema\/logo\/image\/\",\"url\":\"https:\/\/www.haartick-extensions.de\/wp-content\/uploads\/2024\/05\/cropped-Logo-mark-charm.png\",\"contentUrl\":\"https:\/\/www.haartick-extensions.de\/wp-content\/uploads\/2024\/05\/cropped-Logo-mark-charm.png\",\"width\":512,\"height\":512,\"caption\":\"Haartick Extensions\"},\"image\":{\"@id\":\"https:\/\/www.haartick-extensions.de\/it\/#\/schema\/logo\/image\/\"}}]}<\/script>\n<!-- \/ Yoast SEO plugin. -->","yoast_head_json":{"title":"Echosline Curl Mask - Haartick-Extensions","robots":{"index":"index","follow":"follow","max-snippet":"max-snippet:-1","max-image-preview":"max-image-preview:large","max-video-preview":"max-video-preview:-1"},"canonical":"https:\/\/www.haartick-extensions.de\/fr\/shop\/echosline-curl-mask\/","og_locale":"fr_FR","og_type":"article","og_title":"Echosline Curl Mask - Haartick-Extensions","og_description":"Inhalt: 300ml. Hinweis: Hygieneprodukte wie Shampoos, Masken, Hitzeschutzmittel, \u00d6le und L\u00f6sungen f\u00fcr Haarverl\u00e4ngerungen k\u00f6nnen wir ausschlie\u00dflich zur\u00fccknehmen, wenn sie unbenutzt, originalversiegelt und in einwandfreiem\u00a0Zustand\u00a0sind.","og_url":"https:\/\/www.haartick-extensions.de\/fr\/shop\/echosline-curl-mask\/","og_site_name":"Haartick-Extensions","article_modified_time":"2026-05-05T14:03:44+00:00","og_image":[{"width":800,"height":800,"url":"https:\/\/www.haartick-extensions.de\/wp-content\/uploads\/2024\/11\/echosline-curl-veg-vegane-feuchtigkeitsmaske-fuer-lockiges-und-welliges-haar-300ml.jpg","type":"image\/jpeg"}],"twitter_card":"summary_large_image","twitter_misc":{"Dur\u00e9e de lecture estim\u00e9e":"1 minute"},"schema":{"@context":"https:\/\/schema.org","@graph":[{"@type":"WebPage","@id":"https:\/\/www.haartick-extensions.de\/it\/shop\/echosline-curl-mask\/","url":"https:\/\/www.haartick-extensions.de\/it\/shop\/echosline-curl-mask\/","name":"Echosline Curl Mask - Haartick-Extensions","isPartOf":{"@id":"https:\/\/www.haartick-extensions.de\/it\/#website"},"primaryImageOfPage":{"@id":"https:\/\/www.haartick-extensions.de\/it\/shop\/echosline-curl-mask\/#primaryimage"},"image":{"@id":"https:\/\/www.haartick-extensions.de\/it\/shop\/echosline-curl-mask\/#primaryimage"},"thumbnailUrl":"https:\/\/www.haartick-extensions.de\/wp-content\/uploads\/2024\/11\/echosline-curl-veg-vegane-feuchtigkeitsmaske-fuer-lockiges-und-welliges-haar-300ml.jpg","datePublished":"2024-11-12T16:13:21+00:00","dateModified":"2026-05-05T14:03:44+00:00","breadcrumb":{"@id":"https:\/\/www.haartick-extensions.de\/it\/shop\/echosline-curl-mask\/#breadcrumb"},"inLanguage":"fr-FR","potentialAction":[{"@type":"ReadAction","target":["https:\/\/www.haartick-extensions.de\/it\/shop\/echosline-curl-mask\/"]}]},{"@type":"ImageObject","inLanguage":"fr-FR","@id":"https:\/\/www.haartick-extensions.de\/it\/shop\/echosline-curl-mask\/#primaryimage","url":"https:\/\/www.haartick-extensions.de\/wp-content\/uploads\/2024\/11\/echosline-curl-veg-vegane-feuchtigkeitsmaske-fuer-lockiges-und-welliges-haar-300ml.jpg","contentUrl":"https:\/\/www.haartick-extensions.de\/wp-content\/uploads\/2024\/11\/echosline-curl-veg-vegane-feuchtigkeitsmaske-fuer-lockiges-und-welliges-haar-300ml.jpg","width":800,"height":800},{"@type":"BreadcrumbList","@id":"https:\/\/www.haartick-extensions.de\/it\/shop\/echosline-curl-mask\/#breadcrumb","itemListElement":[{"@type":"ListItem","position":1,"name":"Startseite","item":"https:\/\/www.haartick-extensions.de\/it\/"},{"@type":"ListItem","position":2,"name":"Shop","item":"https:\/\/www.haartick-extensions.de\/ru\/shop\/"},{"@type":"ListItem","position":3,"name":"Echosline Curl Mask"}]},{"@type":"WebSite","@id":"https:\/\/www.haartick-extensions.de\/it\/#website","url":"https:\/\/www.haartick-extensions.de\/it\/","name":"Extensions de tic de cheveux","description":"Extension et \u00e9paississement professionnels des cheveux avec 100% cheveux humains.","publisher":{"@id":"https:\/\/www.haartick-extensions.de\/it\/#organization"},"potentialAction":[{"@type":"SearchAction","target":{"@type":"EntryPoint","urlTemplate":"https:\/\/www.haartick-extensions.de\/it\/?s={search_term_string}"},"query-input":{"@type":"PropertyValueSpecification","valueRequired":true,"valueName":"search_term_string"}}],"inLanguage":"fr-FR"},{"@type":"Organization","@id":"https:\/\/www.haartick-extensions.de\/it\/#organization","name":"Extensions de cheveux","url":"https:\/\/www.haartick-extensions.de\/it\/","logo":{"@type":"ImageObject","inLanguage":"fr-FR","@id":"https:\/\/www.haartick-extensions.de\/it\/#\/schema\/logo\/image\/","url":"https:\/\/www.haartick-extensions.de\/wp-content\/uploads\/2024\/05\/cropped-Logo-mark-charm.png","contentUrl":"https:\/\/www.haartick-extensions.de\/wp-content\/uploads\/2024\/05\/cropped-Logo-mark-charm.png","width":512,"height":512,"caption":"Haartick Extensions"},"image":{"@id":"https:\/\/www.haartick-extensions.de\/it\/#\/schema\/logo\/image\/"}}]}},"_links":{"self":[{"href":"https:\/\/www.haartick-extensions.de\/fr\/wp-json\/wp\/v2\/product\/22225","targetHints":{"allow":["GET"]}}],"collection":[{"href":"https:\/\/www.haartick-extensions.de\/fr\/wp-json\/wp\/v2\/product"}],"about":[{"href":"https:\/\/www.haartick-extensions.de\/fr\/wp-json\/wp\/v2\/types\/product"}],"replies":[{"embeddable":true,"href":"https:\/\/www.haartick-extensions.de\/fr\/wp-json\/wp\/v2\/comments?post=22225"}],"version-history":[{"count":0,"href":"https:\/\/www.haartick-extensions.de\/fr\/wp-json\/wp\/v2\/product\/22225\/revisions"}],"wp:featuredmedia":[{"embeddable":true,"href":"https:\/\/www.haartick-extensions.de\/fr\/wp-json\/wp\/v2\/media\/22226"}],"wp:attachment":[{"href":"https:\/\/www.haartick-extensions.de\/fr\/wp-json\/wp\/v2\/media?parent=22225"}],"wp:term":[{"taxonomy":"product_brand","embeddable":true,"href":"https:\/\/www.haartick-extensions.de\/fr\/wp-json\/wp\/v2\/product_brand?post=22225"},{"taxonomy":"product_cat","embeddable":true,"href":"https:\/\/www.haartick-extensions.de\/fr\/wp-json\/wp\/v2\/product_cat?post=22225"},{"taxonomy":"product_tag","embeddable":true,"href":"https:\/\/www.haartick-extensions.de\/fr\/wp-json\/wp\/v2\/product_tag?post=22225"}],"curies":[{"name":"wp","href":"https:\/\/api.w.org\/{rel}","templated":true}]}}