{"id":22850,"date":"2024-11-24T14:26:20","date_gmt":"2024-11-24T14:26:20","guid":{"rendered":"https:\/\/www.haartick-extensions.de\/wordpress\/?post_type=product&#038;p=22850"},"modified":"2026-04-05T01:52:30","modified_gmt":"2026-04-05T01:52:30","slug":"kardaetsche","status":"publish","type":"product","link":"https:\/\/www.haartick-extensions.de\/fr\/shop\/kardaetsche\/","title":{"rendered":"Brosse \u00e0 cardes"},"content":{"rendered":"<p>Une brosse \u00e0 cardes facilite le travail pratique en veillant, gr\u00e2ce \u00e0 ses poils m\u00e9talliques, \u00e0 ce que tout type d'extensions soit bien maintenu et ne glisse pas pendant le travail. Cela garantit un traitement et une utilisation ordonn\u00e9s et sans effort des extensions. Une brosse \u00e0 cardes est particuli\u00e8rement utile pour le tri des diff\u00e9rentes longueurs de cheveux ou le rebond. En outre, gr\u00e2ce \u00e0 son maintien ferme, la brosse \u00e0 carder est id\u00e9ale pour traiter les cheveux en vrac ou pour m\u00e9langer diff\u00e9rentes couleurs de cheveux sans les perdre.<\/p>","protected":false},"excerpt":{"rendered":"<p>Eine Kard\u00e4tsche vereinfacht praktisches Arbeiten, indem sie mit ihren Metallborsten daf\u00fcr sorgt, dass jegliche Art von Extensions sicher gehalten wird<\/p>","protected":false},"featured_media":22851,"comment_status":"open","ping_status":"closed","template":"","meta":{"_joinchat":[]},"product_brand":[],"product_cat":[28],"product_tag":[],"class_list":{"0":"post-22850","1":"product","2":"type-product","3":"status-publish","4":"has-post-thumbnail","6":"product_cat-zubehoer","8":"first","9":"instock","10":"taxable","11":"shipping-taxable","12":"purchasable","13":"product-type-simple"},"yoast_head":"<!-- This site is optimized with the Yoast SEO plugin v25.6 - https:\/\/yoast.com\/wordpress\/plugins\/seo\/ -->\n<title>Kard\u00e4tsche - Haartick-Extensions<\/title>\n<meta name=\"robots\" content=\"index, follow, max-snippet:-1, max-image-preview:large, max-video-preview:-1\" \/>\n<link rel=\"canonical\" href=\"https:\/\/www.haartick-extensions.de\/fr\/shop\/kardaetsche\/\" \/>\n<meta property=\"og:locale\" content=\"fr_FR\" \/>\n<meta property=\"og:type\" content=\"article\" \/>\n<meta property=\"og:title\" content=\"Kard\u00e4tsche - Haartick-Extensions\" \/>\n<meta property=\"og:description\" content=\"Eine Kard\u00e4tsche vereinfacht praktisches Arbeiten, indem sie mit ihren Metallborsten daf\u00fcr sorgt, dass jegliche Art von Extensions sicher gehalten wird\" \/>\n<meta property=\"og:url\" content=\"https:\/\/www.haartick-extensions.de\/fr\/shop\/kardaetsche\/\" \/>\n<meta property=\"og:site_name\" content=\"Haartick-Extensions\" \/>\n<meta property=\"article:modified_time\" content=\"2026-04-05T01:52:30+00:00\" \/>\n<meta property=\"og:image\" content=\"https:\/\/www.haartick-extensions.de\/wp-content\/uploads\/2024\/11\/Karde_01.jpg\" \/>\n\t<meta property=\"og:image:width\" content=\"1800\" \/>\n\t<meta property=\"og:image:height\" content=\"2400\" \/>\n\t<meta property=\"og:image:type\" content=\"image\/jpeg\" \/>\n<meta name=\"twitter:card\" content=\"summary_large_image\" \/>\n<script type=\"application\/ld+json\" class=\"yoast-schema-graph\">{\"@context\":\"https:\/\/schema.org\",\"@graph\":[{\"@type\":\"WebPage\",\"@id\":\"https:\/\/www.haartick-extensions.de\/de\/shop\/kardaetsche\/\",\"url\":\"https:\/\/www.haartick-extensions.de\/de\/shop\/kardaetsche\/\",\"name\":\"Kard\u00e4tsche - Haartick-Extensions\",\"isPartOf\":{\"@id\":\"https:\/\/www.haartick-extensions.de\/it\/#website\"},\"primaryImageOfPage\":{\"@id\":\"https:\/\/www.haartick-extensions.de\/de\/shop\/kardaetsche\/#primaryimage\"},\"image\":{\"@id\":\"https:\/\/www.haartick-extensions.de\/de\/shop\/kardaetsche\/#primaryimage\"},\"thumbnailUrl\":\"https:\/\/www.haartick-extensions.de\/wp-content\/uploads\/2024\/11\/Karde_01.jpg\",\"datePublished\":\"2024-11-24T14:26:20+00:00\",\"dateModified\":\"2026-04-05T01:52:30+00:00\",\"breadcrumb\":{\"@id\":\"https:\/\/www.haartick-extensions.de\/de\/shop\/kardaetsche\/#breadcrumb\"},\"inLanguage\":\"fr-FR\",\"potentialAction\":[{\"@type\":\"ReadAction\",\"target\":[\"https:\/\/www.haartick-extensions.de\/de\/shop\/kardaetsche\/\"]}]},{\"@type\":\"ImageObject\",\"inLanguage\":\"fr-FR\",\"@id\":\"https:\/\/www.haartick-extensions.de\/de\/shop\/kardaetsche\/#primaryimage\",\"url\":\"https:\/\/www.haartick-extensions.de\/wp-content\/uploads\/2024\/11\/Karde_01.jpg\",\"contentUrl\":\"https:\/\/www.haartick-extensions.de\/wp-content\/uploads\/2024\/11\/Karde_01.jpg\",\"width\":1800,\"height\":2400},{\"@type\":\"BreadcrumbList\",\"@id\":\"https:\/\/www.haartick-extensions.de\/de\/shop\/kardaetsche\/#breadcrumb\",\"itemListElement\":[{\"@type\":\"ListItem\",\"position\":1,\"name\":\"Startseite\",\"item\":\"https:\/\/www.haartick-extensions.de\/it\/\"},{\"@type\":\"ListItem\",\"position\":2,\"name\":\"Shop\",\"item\":\"https:\/\/www.haartick-extensions.de\/ru\/shop\/\"},{\"@type\":\"ListItem\",\"position\":3,\"name\":\"Kard\u00e4tsche\"}]},{\"@type\":\"WebSite\",\"@id\":\"https:\/\/www.haartick-extensions.de\/it\/#website\",\"url\":\"https:\/\/www.haartick-extensions.de\/it\/\",\"name\":\"Haartick-Extensions\",\"description\":\"Professionelle Haarverl\u00e4ngerund \/ Haarverdichtung mit 100% Echthaar.\",\"publisher\":{\"@id\":\"https:\/\/www.haartick-extensions.de\/it\/#organization\"},\"potentialAction\":[{\"@type\":\"SearchAction\",\"target\":{\"@type\":\"EntryPoint\",\"urlTemplate\":\"https:\/\/www.haartick-extensions.de\/it\/?s={search_term_string}\"},\"query-input\":{\"@type\":\"PropertyValueSpecification\",\"valueRequired\":true,\"valueName\":\"search_term_string\"}}],\"inLanguage\":\"fr-FR\"},{\"@type\":\"Organization\",\"@id\":\"https:\/\/www.haartick-extensions.de\/it\/#organization\",\"name\":\"Haartick Extensions\",\"url\":\"https:\/\/www.haartick-extensions.de\/it\/\",\"logo\":{\"@type\":\"ImageObject\",\"inLanguage\":\"fr-FR\",\"@id\":\"https:\/\/www.haartick-extensions.de\/it\/#\/schema\/logo\/image\/\",\"url\":\"https:\/\/www.haartick-extensions.de\/wp-content\/uploads\/2024\/05\/cropped-Logo-mark-charm.png\",\"contentUrl\":\"https:\/\/www.haartick-extensions.de\/wp-content\/uploads\/2024\/05\/cropped-Logo-mark-charm.png\",\"width\":512,\"height\":512,\"caption\":\"Haartick Extensions\"},\"image\":{\"@id\":\"https:\/\/www.haartick-extensions.de\/it\/#\/schema\/logo\/image\/\"}}]}<\/script>\n<!-- \/ Yoast SEO plugin. -->","yoast_head_json":{"title":"Kard\u00e4tsche - Haartick-Extensions","robots":{"index":"index","follow":"follow","max-snippet":"max-snippet:-1","max-image-preview":"max-image-preview:large","max-video-preview":"max-video-preview:-1"},"canonical":"https:\/\/www.haartick-extensions.de\/fr\/shop\/kardaetsche\/","og_locale":"fr_FR","og_type":"article","og_title":"Kard\u00e4tsche - Haartick-Extensions","og_description":"Eine Kard\u00e4tsche vereinfacht praktisches Arbeiten, indem sie mit ihren Metallborsten daf\u00fcr sorgt, dass jegliche Art von Extensions sicher gehalten wird","og_url":"https:\/\/www.haartick-extensions.de\/fr\/shop\/kardaetsche\/","og_site_name":"Haartick-Extensions","article_modified_time":"2026-04-05T01:52:30+00:00","og_image":[{"width":1800,"height":2400,"url":"https:\/\/www.haartick-extensions.de\/wp-content\/uploads\/2024\/11\/Karde_01.jpg","type":"image\/jpeg"}],"twitter_card":"summary_large_image","schema":{"@context":"https:\/\/schema.org","@graph":[{"@type":"WebPage","@id":"https:\/\/www.haartick-extensions.de\/de\/shop\/kardaetsche\/","url":"https:\/\/www.haartick-extensions.de\/de\/shop\/kardaetsche\/","name":"Kard\u00e4tsche - Haartick-Extensions","isPartOf":{"@id":"https:\/\/www.haartick-extensions.de\/it\/#website"},"primaryImageOfPage":{"@id":"https:\/\/www.haartick-extensions.de\/de\/shop\/kardaetsche\/#primaryimage"},"image":{"@id":"https:\/\/www.haartick-extensions.de\/de\/shop\/kardaetsche\/#primaryimage"},"thumbnailUrl":"https:\/\/www.haartick-extensions.de\/wp-content\/uploads\/2024\/11\/Karde_01.jpg","datePublished":"2024-11-24T14:26:20+00:00","dateModified":"2026-04-05T01:52:30+00:00","breadcrumb":{"@id":"https:\/\/www.haartick-extensions.de\/de\/shop\/kardaetsche\/#breadcrumb"},"inLanguage":"fr-FR","potentialAction":[{"@type":"ReadAction","target":["https:\/\/www.haartick-extensions.de\/de\/shop\/kardaetsche\/"]}]},{"@type":"ImageObject","inLanguage":"fr-FR","@id":"https:\/\/www.haartick-extensions.de\/de\/shop\/kardaetsche\/#primaryimage","url":"https:\/\/www.haartick-extensions.de\/wp-content\/uploads\/2024\/11\/Karde_01.jpg","contentUrl":"https:\/\/www.haartick-extensions.de\/wp-content\/uploads\/2024\/11\/Karde_01.jpg","width":1800,"height":2400},{"@type":"BreadcrumbList","@id":"https:\/\/www.haartick-extensions.de\/de\/shop\/kardaetsche\/#breadcrumb","itemListElement":[{"@type":"ListItem","position":1,"name":"Startseite","item":"https:\/\/www.haartick-extensions.de\/it\/"},{"@type":"ListItem","position":2,"name":"Shop","item":"https:\/\/www.haartick-extensions.de\/ru\/shop\/"},{"@type":"ListItem","position":3,"name":"Kard\u00e4tsche"}]},{"@type":"WebSite","@id":"https:\/\/www.haartick-extensions.de\/it\/#website","url":"https:\/\/www.haartick-extensions.de\/it\/","name":"Extensions de tic de cheveux","description":"Extension et \u00e9paississement professionnels des cheveux avec 100% cheveux humains.","publisher":{"@id":"https:\/\/www.haartick-extensions.de\/it\/#organization"},"potentialAction":[{"@type":"SearchAction","target":{"@type":"EntryPoint","urlTemplate":"https:\/\/www.haartick-extensions.de\/it\/?s={search_term_string}"},"query-input":{"@type":"PropertyValueSpecification","valueRequired":true,"valueName":"search_term_string"}}],"inLanguage":"fr-FR"},{"@type":"Organization","@id":"https:\/\/www.haartick-extensions.de\/it\/#organization","name":"Extensions de cheveux","url":"https:\/\/www.haartick-extensions.de\/it\/","logo":{"@type":"ImageObject","inLanguage":"fr-FR","@id":"https:\/\/www.haartick-extensions.de\/it\/#\/schema\/logo\/image\/","url":"https:\/\/www.haartick-extensions.de\/wp-content\/uploads\/2024\/05\/cropped-Logo-mark-charm.png","contentUrl":"https:\/\/www.haartick-extensions.de\/wp-content\/uploads\/2024\/05\/cropped-Logo-mark-charm.png","width":512,"height":512,"caption":"Haartick Extensions"},"image":{"@id":"https:\/\/www.haartick-extensions.de\/it\/#\/schema\/logo\/image\/"}}]}},"_links":{"self":[{"href":"https:\/\/www.haartick-extensions.de\/fr\/wp-json\/wp\/v2\/product\/22850","targetHints":{"allow":["GET"]}}],"collection":[{"href":"https:\/\/www.haartick-extensions.de\/fr\/wp-json\/wp\/v2\/product"}],"about":[{"href":"https:\/\/www.haartick-extensions.de\/fr\/wp-json\/wp\/v2\/types\/product"}],"replies":[{"embeddable":true,"href":"https:\/\/www.haartick-extensions.de\/fr\/wp-json\/wp\/v2\/comments?post=22850"}],"version-history":[{"count":0,"href":"https:\/\/www.haartick-extensions.de\/fr\/wp-json\/wp\/v2\/product\/22850\/revisions"}],"wp:featuredmedia":[{"embeddable":true,"href":"https:\/\/www.haartick-extensions.de\/fr\/wp-json\/wp\/v2\/media\/22851"}],"wp:attachment":[{"href":"https:\/\/www.haartick-extensions.de\/fr\/wp-json\/wp\/v2\/media?parent=22850"}],"wp:term":[{"taxonomy":"product_brand","embeddable":true,"href":"https:\/\/www.haartick-extensions.de\/fr\/wp-json\/wp\/v2\/product_brand?post=22850"},{"taxonomy":"product_cat","embeddable":true,"href":"https:\/\/www.haartick-extensions.de\/fr\/wp-json\/wp\/v2\/product_cat?post=22850"},{"taxonomy":"product_tag","embeddable":true,"href":"https:\/\/www.haartick-extensions.de\/fr\/wp-json\/wp\/v2\/product_tag?post=22850"}],"curies":[{"name":"wp","href":"https:\/\/api.w.org\/{rel}","templated":true}]}}