{"id":23903,"date":"2025-05-02T16:55:16","date_gmt":"2025-05-02T16:55:16","guid":{"rendered":"https:\/\/www.haartick-extensions.de\/?post_type=product&#038;p=23903"},"modified":"2026-04-05T01:47:32","modified_gmt":"2026-04-05T01:47:32","slug":"inebrya-ice-cream-style-in-volume-spray-fuer-volumen-und-lifting-vom-ansatz","status":"publish","type":"product","link":"https:\/\/www.haartick-extensions.de\/fr\/shop\/inebrya-ice-cream-style-in-volume-spray-fuer-volumen-und-lifting-vom-ansatz\/","title":{"rendered":"INEBRYA ICE CREAM STYLE-IN VOLUME Spray pour le volume et le lifting des racines"},"content":{"rendered":"<div>\n<p><strong>Description :<\/strong><br \/>\n- Spray volumateur pour les racines<br \/>\n- id\u00e9al pour les cheveux fins et sans force<br \/>\n- donne du tonus et du volume directement \u00e0 partir des racines<br \/>\n- brillance et souplesse gr\u00e2ce au film protecteur \u00e9lastique r\u00e9sistant<\/p>\n<p><strong>Application :<\/strong><br \/>\nVaporiser le spray volumateur sur les cheveux s\u00e9ch\u00e9s \u00e0 la serviette, de mani\u00e8re uniforme des racines aux longueurs - il apporte un suppl\u00e9ment de volume, en particulier aux racines.<br \/>\nSelon la densit\u00e9 des cheveux, nous recommandons 5 \u00e0 10 pressions de pompe. Ne pas rincer.<br \/>\nS\u00e9chez vos cheveux au s\u00e8che-cheveux ou coiffez-les comme d'habitude, de pr\u00e9f\u00e9rence \u00e0 l'aide d'une brosse ronde pour augmenter encore le volume.<\/p>\n<p><strong>Ingr\u00e9dients :<\/strong><br \/>\nAqua (eau), Alcohol Denat, Copolymer, Phenoxyethanol, Propylene Glycol, Panthenol, Hydrogenated Castor Oil, Parfum, Ethylhexylglycerin, Citric Acid, Limonene, Benzyl Alcohol, Citronellol, Geraniol, Simethicone, Polyamide-2<\/p>\n<\/div>\n<p><strong>En raison des mises \u00e0 jour de l'emballage par le fabricant, l'emballage du produit peut diff\u00e9rer de l'illustration.<\/strong><\/p>","protected":false},"excerpt":{"rendered":"<p><strong>Contenu : 200ml.<\/strong><\/p>\n<p style=\"color: red;\"><strong>Remarque<\/strong>: Les produits d'hygi\u00e8ne tels que les shampooings, les masques, les protections thermiques, les huiles et les solutions pour extensions de cheveux peuvent uniquement \u00eatre repris s'ils n'ont pas \u00e9t\u00e9 utilis\u00e9s, s'ils sont scell\u00e9s d'origine et s'ils sont en parfait \u00e9tat.<\/p>","protected":false},"featured_media":23904,"comment_status":"open","ping_status":"closed","template":"","meta":{"_joinchat":[]},"product_brand":[],"product_cat":[94],"product_tag":[],"class_list":{"0":"post-23903","1":"product","2":"type-product","3":"status-publish","4":"has-post-thumbnail","6":"product_cat-pflegeprodukte","8":"first","9":"instock","10":"taxable","11":"shipping-taxable","12":"purchasable","13":"product-type-simple"},"yoast_head":"<!-- This site is optimized with the Yoast SEO plugin v25.6 - https:\/\/yoast.com\/wordpress\/plugins\/seo\/ -->\n<title>INEBRYA ICE CREAM STYLE-IN VOLUME Spray f\u00fcr Volumen und Lifting vom Ansatz - Haartick-Extensions<\/title>\n<meta name=\"robots\" content=\"index, follow, max-snippet:-1, max-image-preview:large, max-video-preview:-1\" \/>\n<link rel=\"canonical\" href=\"https:\/\/www.haartick-extensions.de\/fr\/shop\/inebrya-ice-cream-style-in-volume-spray-fuer-volumen-und-lifting-vom-ansatz\/\" \/>\n<meta property=\"og:locale\" content=\"fr_FR\" \/>\n<meta property=\"og:type\" content=\"article\" \/>\n<meta property=\"og:title\" content=\"INEBRYA ICE CREAM STYLE-IN VOLUME Spray f\u00fcr Volumen und Lifting vom Ansatz - Haartick-Extensions\" \/>\n<meta property=\"og:description\" content=\"Inhalt: 200ml. Hinweis: Hygieneprodukte wie Shampoos, Masken, Hitzeschutzmittel, \u00d6le und L\u00f6sungen f\u00fcr Haarverl\u00e4ngerungen k\u00f6nnen wir ausschlie\u00dflich zur\u00fccknehmen, wenn sie unbenutzt, originalversiegelt und in einwandfreiem\u00a0Zustand\u00a0sind.\" \/>\n<meta property=\"og:url\" content=\"https:\/\/www.haartick-extensions.de\/fr\/shop\/inebrya-ice-cream-style-in-volume-spray-fuer-volumen-und-lifting-vom-ansatz\/\" \/>\n<meta property=\"og:site_name\" content=\"Haartick-Extensions\" \/>\n<meta property=\"article:modified_time\" content=\"2026-04-05T01:47:32+00:00\" \/>\n<meta property=\"og:image\" content=\"https:\/\/www.haartick-extensions.de\/wp-content\/uploads\/2025\/05\/inebrya-ice-cream-style-in-volume-spray-fuer-volumen-und-lifting-vom-ansatz-200ml.jpg\" \/>\n\t<meta property=\"og:image:width\" content=\"800\" \/>\n\t<meta property=\"og:image:height\" content=\"800\" \/>\n\t<meta property=\"og:image:type\" content=\"image\/jpeg\" \/>\n<meta name=\"twitter:card\" content=\"summary_large_image\" \/>\n<meta name=\"twitter:label1\" content=\"Dur\u00e9e de lecture estim\u00e9e\" \/>\n\t<meta name=\"twitter:data1\" content=\"1 minute\" \/>\n<script type=\"application\/ld+json\" class=\"yoast-schema-graph\">{\"@context\":\"https:\/\/schema.org\",\"@graph\":[{\"@type\":\"WebPage\",\"@id\":\"https:\/\/www.haartick-extensions.de\/it\/shop\/inebrya-ice-cream-style-in-volume-spray-fuer-volumen-und-lifting-vom-ansatz\/\",\"url\":\"https:\/\/www.haartick-extensions.de\/it\/shop\/inebrya-ice-cream-style-in-volume-spray-fuer-volumen-und-lifting-vom-ansatz\/\",\"name\":\"INEBRYA ICE CREAM STYLE-IN VOLUME Spray f\u00fcr Volumen und Lifting vom Ansatz - Haartick-Extensions\",\"isPartOf\":{\"@id\":\"https:\/\/www.haartick-extensions.de\/it\/#website\"},\"primaryImageOfPage\":{\"@id\":\"https:\/\/www.haartick-extensions.de\/it\/shop\/inebrya-ice-cream-style-in-volume-spray-fuer-volumen-und-lifting-vom-ansatz\/#primaryimage\"},\"image\":{\"@id\":\"https:\/\/www.haartick-extensions.de\/it\/shop\/inebrya-ice-cream-style-in-volume-spray-fuer-volumen-und-lifting-vom-ansatz\/#primaryimage\"},\"thumbnailUrl\":\"https:\/\/www.haartick-extensions.de\/wp-content\/uploads\/2025\/05\/inebrya-ice-cream-style-in-volume-spray-fuer-volumen-und-lifting-vom-ansatz-200ml.jpg\",\"datePublished\":\"2025-05-02T16:55:16+00:00\",\"dateModified\":\"2026-04-05T01:47:32+00:00\",\"breadcrumb\":{\"@id\":\"https:\/\/www.haartick-extensions.de\/it\/shop\/inebrya-ice-cream-style-in-volume-spray-fuer-volumen-und-lifting-vom-ansatz\/#breadcrumb\"},\"inLanguage\":\"fr-FR\",\"potentialAction\":[{\"@type\":\"ReadAction\",\"target\":[\"https:\/\/www.haartick-extensions.de\/it\/shop\/inebrya-ice-cream-style-in-volume-spray-fuer-volumen-und-lifting-vom-ansatz\/\"]}]},{\"@type\":\"ImageObject\",\"inLanguage\":\"fr-FR\",\"@id\":\"https:\/\/www.haartick-extensions.de\/it\/shop\/inebrya-ice-cream-style-in-volume-spray-fuer-volumen-und-lifting-vom-ansatz\/#primaryimage\",\"url\":\"https:\/\/www.haartick-extensions.de\/wp-content\/uploads\/2025\/05\/inebrya-ice-cream-style-in-volume-spray-fuer-volumen-und-lifting-vom-ansatz-200ml.jpg\",\"contentUrl\":\"https:\/\/www.haartick-extensions.de\/wp-content\/uploads\/2025\/05\/inebrya-ice-cream-style-in-volume-spray-fuer-volumen-und-lifting-vom-ansatz-200ml.jpg\",\"width\":800,\"height\":800},{\"@type\":\"BreadcrumbList\",\"@id\":\"https:\/\/www.haartick-extensions.de\/it\/shop\/inebrya-ice-cream-style-in-volume-spray-fuer-volumen-und-lifting-vom-ansatz\/#breadcrumb\",\"itemListElement\":[{\"@type\":\"ListItem\",\"position\":1,\"name\":\"Startseite\",\"item\":\"https:\/\/www.haartick-extensions.de\/it\/\"},{\"@type\":\"ListItem\",\"position\":2,\"name\":\"Shop\",\"item\":\"https:\/\/www.haartick-extensions.de\/ru\/shop\/\"},{\"@type\":\"ListItem\",\"position\":3,\"name\":\"INEBRYA ICE CREAM STYLE-IN VOLUME Spray f\u00fcr Volumen und Lifting vom Ansatz\"}]},{\"@type\":\"WebSite\",\"@id\":\"https:\/\/www.haartick-extensions.de\/it\/#website\",\"url\":\"https:\/\/www.haartick-extensions.de\/it\/\",\"name\":\"Haartick-Extensions\",\"description\":\"Professionelle Haarverl\u00e4ngerund \/ Haarverdichtung mit 100% Echthaar.\",\"publisher\":{\"@id\":\"https:\/\/www.haartick-extensions.de\/it\/#organization\"},\"potentialAction\":[{\"@type\":\"SearchAction\",\"target\":{\"@type\":\"EntryPoint\",\"urlTemplate\":\"https:\/\/www.haartick-extensions.de\/it\/?s={search_term_string}\"},\"query-input\":{\"@type\":\"PropertyValueSpecification\",\"valueRequired\":true,\"valueName\":\"search_term_string\"}}],\"inLanguage\":\"fr-FR\"},{\"@type\":\"Organization\",\"@id\":\"https:\/\/www.haartick-extensions.de\/it\/#organization\",\"name\":\"Haartick Extensions\",\"url\":\"https:\/\/www.haartick-extensions.de\/it\/\",\"logo\":{\"@type\":\"ImageObject\",\"inLanguage\":\"fr-FR\",\"@id\":\"https:\/\/www.haartick-extensions.de\/it\/#\/schema\/logo\/image\/\",\"url\":\"https:\/\/www.haartick-extensions.de\/wp-content\/uploads\/2024\/05\/cropped-Logo-mark-charm.png\",\"contentUrl\":\"https:\/\/www.haartick-extensions.de\/wp-content\/uploads\/2024\/05\/cropped-Logo-mark-charm.png\",\"width\":512,\"height\":512,\"caption\":\"Haartick Extensions\"},\"image\":{\"@id\":\"https:\/\/www.haartick-extensions.de\/it\/#\/schema\/logo\/image\/\"}}]}<\/script>\n<!-- \/ Yoast SEO plugin. -->","yoast_head_json":{"title":"INEBRYA ICE CREAM STYLE-IN VOLUME Spray f\u00fcr Volumen und Lifting vom Ansatz - Haartick-Extensions","robots":{"index":"index","follow":"follow","max-snippet":"max-snippet:-1","max-image-preview":"max-image-preview:large","max-video-preview":"max-video-preview:-1"},"canonical":"https:\/\/www.haartick-extensions.de\/fr\/shop\/inebrya-ice-cream-style-in-volume-spray-fuer-volumen-und-lifting-vom-ansatz\/","og_locale":"fr_FR","og_type":"article","og_title":"INEBRYA ICE CREAM STYLE-IN VOLUME Spray f\u00fcr Volumen und Lifting vom Ansatz - Haartick-Extensions","og_description":"Inhalt: 200ml. Hinweis: Hygieneprodukte wie Shampoos, Masken, Hitzeschutzmittel, \u00d6le und L\u00f6sungen f\u00fcr Haarverl\u00e4ngerungen k\u00f6nnen wir ausschlie\u00dflich zur\u00fccknehmen, wenn sie unbenutzt, originalversiegelt und in einwandfreiem\u00a0Zustand\u00a0sind.","og_url":"https:\/\/www.haartick-extensions.de\/fr\/shop\/inebrya-ice-cream-style-in-volume-spray-fuer-volumen-und-lifting-vom-ansatz\/","og_site_name":"Haartick-Extensions","article_modified_time":"2026-04-05T01:47:32+00:00","og_image":[{"width":800,"height":800,"url":"https:\/\/www.haartick-extensions.de\/wp-content\/uploads\/2025\/05\/inebrya-ice-cream-style-in-volume-spray-fuer-volumen-und-lifting-vom-ansatz-200ml.jpg","type":"image\/jpeg"}],"twitter_card":"summary_large_image","twitter_misc":{"Dur\u00e9e de lecture estim\u00e9e":"1 minute"},"schema":{"@context":"https:\/\/schema.org","@graph":[{"@type":"WebPage","@id":"https:\/\/www.haartick-extensions.de\/it\/shop\/inebrya-ice-cream-style-in-volume-spray-fuer-volumen-und-lifting-vom-ansatz\/","url":"https:\/\/www.haartick-extensions.de\/it\/shop\/inebrya-ice-cream-style-in-volume-spray-fuer-volumen-und-lifting-vom-ansatz\/","name":"INEBRYA ICE CREAM STYLE-IN VOLUME Spray f\u00fcr Volumen und Lifting vom Ansatz - Haartick-Extensions","isPartOf":{"@id":"https:\/\/www.haartick-extensions.de\/it\/#website"},"primaryImageOfPage":{"@id":"https:\/\/www.haartick-extensions.de\/it\/shop\/inebrya-ice-cream-style-in-volume-spray-fuer-volumen-und-lifting-vom-ansatz\/#primaryimage"},"image":{"@id":"https:\/\/www.haartick-extensions.de\/it\/shop\/inebrya-ice-cream-style-in-volume-spray-fuer-volumen-und-lifting-vom-ansatz\/#primaryimage"},"thumbnailUrl":"https:\/\/www.haartick-extensions.de\/wp-content\/uploads\/2025\/05\/inebrya-ice-cream-style-in-volume-spray-fuer-volumen-und-lifting-vom-ansatz-200ml.jpg","datePublished":"2025-05-02T16:55:16+00:00","dateModified":"2026-04-05T01:47:32+00:00","breadcrumb":{"@id":"https:\/\/www.haartick-extensions.de\/it\/shop\/inebrya-ice-cream-style-in-volume-spray-fuer-volumen-und-lifting-vom-ansatz\/#breadcrumb"},"inLanguage":"fr-FR","potentialAction":[{"@type":"ReadAction","target":["https:\/\/www.haartick-extensions.de\/it\/shop\/inebrya-ice-cream-style-in-volume-spray-fuer-volumen-und-lifting-vom-ansatz\/"]}]},{"@type":"ImageObject","inLanguage":"fr-FR","@id":"https:\/\/www.haartick-extensions.de\/it\/shop\/inebrya-ice-cream-style-in-volume-spray-fuer-volumen-und-lifting-vom-ansatz\/#primaryimage","url":"https:\/\/www.haartick-extensions.de\/wp-content\/uploads\/2025\/05\/inebrya-ice-cream-style-in-volume-spray-fuer-volumen-und-lifting-vom-ansatz-200ml.jpg","contentUrl":"https:\/\/www.haartick-extensions.de\/wp-content\/uploads\/2025\/05\/inebrya-ice-cream-style-in-volume-spray-fuer-volumen-und-lifting-vom-ansatz-200ml.jpg","width":800,"height":800},{"@type":"BreadcrumbList","@id":"https:\/\/www.haartick-extensions.de\/it\/shop\/inebrya-ice-cream-style-in-volume-spray-fuer-volumen-und-lifting-vom-ansatz\/#breadcrumb","itemListElement":[{"@type":"ListItem","position":1,"name":"Startseite","item":"https:\/\/www.haartick-extensions.de\/it\/"},{"@type":"ListItem","position":2,"name":"Shop","item":"https:\/\/www.haartick-extensions.de\/ru\/shop\/"},{"@type":"ListItem","position":3,"name":"INEBRYA ICE CREAM STYLE-IN VOLUME Spray f\u00fcr Volumen und Lifting vom Ansatz"}]},{"@type":"WebSite","@id":"https:\/\/www.haartick-extensions.de\/it\/#website","url":"https:\/\/www.haartick-extensions.de\/it\/","name":"Extensions de tic de cheveux","description":"Extension et \u00e9paississement professionnels des cheveux avec 100% cheveux humains.","publisher":{"@id":"https:\/\/www.haartick-extensions.de\/it\/#organization"},"potentialAction":[{"@type":"SearchAction","target":{"@type":"EntryPoint","urlTemplate":"https:\/\/www.haartick-extensions.de\/it\/?s={search_term_string}"},"query-input":{"@type":"PropertyValueSpecification","valueRequired":true,"valueName":"search_term_string"}}],"inLanguage":"fr-FR"},{"@type":"Organization","@id":"https:\/\/www.haartick-extensions.de\/it\/#organization","name":"Extensions de cheveux","url":"https:\/\/www.haartick-extensions.de\/it\/","logo":{"@type":"ImageObject","inLanguage":"fr-FR","@id":"https:\/\/www.haartick-extensions.de\/it\/#\/schema\/logo\/image\/","url":"https:\/\/www.haartick-extensions.de\/wp-content\/uploads\/2024\/05\/cropped-Logo-mark-charm.png","contentUrl":"https:\/\/www.haartick-extensions.de\/wp-content\/uploads\/2024\/05\/cropped-Logo-mark-charm.png","width":512,"height":512,"caption":"Haartick Extensions"},"image":{"@id":"https:\/\/www.haartick-extensions.de\/it\/#\/schema\/logo\/image\/"}}]}},"_links":{"self":[{"href":"https:\/\/www.haartick-extensions.de\/fr\/wp-json\/wp\/v2\/product\/23903","targetHints":{"allow":["GET"]}}],"collection":[{"href":"https:\/\/www.haartick-extensions.de\/fr\/wp-json\/wp\/v2\/product"}],"about":[{"href":"https:\/\/www.haartick-extensions.de\/fr\/wp-json\/wp\/v2\/types\/product"}],"replies":[{"embeddable":true,"href":"https:\/\/www.haartick-extensions.de\/fr\/wp-json\/wp\/v2\/comments?post=23903"}],"version-history":[{"count":0,"href":"https:\/\/www.haartick-extensions.de\/fr\/wp-json\/wp\/v2\/product\/23903\/revisions"}],"wp:featuredmedia":[{"embeddable":true,"href":"https:\/\/www.haartick-extensions.de\/fr\/wp-json\/wp\/v2\/media\/23904"}],"wp:attachment":[{"href":"https:\/\/www.haartick-extensions.de\/fr\/wp-json\/wp\/v2\/media?parent=23903"}],"wp:term":[{"taxonomy":"product_brand","embeddable":true,"href":"https:\/\/www.haartick-extensions.de\/fr\/wp-json\/wp\/v2\/product_brand?post=23903"},{"taxonomy":"product_cat","embeddable":true,"href":"https:\/\/www.haartick-extensions.de\/fr\/wp-json\/wp\/v2\/product_cat?post=23903"},{"taxonomy":"product_tag","embeddable":true,"href":"https:\/\/www.haartick-extensions.de\/fr\/wp-json\/wp\/v2\/product_tag?post=23903"}],"curies":[{"name":"wp","href":"https:\/\/api.w.org\/{rel}","templated":true}]}}