{"id":25135,"date":"2026-02-20T15:55:23","date_gmt":"2026-02-20T15:55:23","guid":{"rendered":"https:\/\/www.haartick-extensions.de\/?post_type=product&#038;p=25135"},"modified":"2026-03-10T08:35:57","modified_gmt":"2026-03-10T08:35:57","slug":"botanic-harmony-oel","status":"publish","type":"product","link":"https:\/\/www.haartick-extensions.de\/fr\/shop\/botanic-harmony-oel\/","title":{"rendered":"Huile Botanic Harmony"},"content":{"rendered":"<div>\n<p><strong>Description :<\/strong><\/p>\n<p>Une huile l\u00e9g\u00e8re et naturelle pour le soin de tous les types de cheveux qui ont besoin de brillance et de soin. Fabriqu\u00e9e \u00e0 base d'\u00e9mollients naturels avec l'ajout d'huiles press\u00e9es \u00e0 froid de graines de framboise et d'argousier, elle apporte de la douceur et une brillance incroyable. Elle emp\u00eache les cheveux de friser sans les alourdir. La composition de l'huile est enrichie en vitamine E, connue pour ses propri\u00e9t\u00e9s antioxydantes. Ce n'est rien d'autre qu'une protection contre les effets nocifs des facteurs externes. Parfait pour le soin des extensions et des propres cheveux.<\/p>\n<p>- Il prot\u00e8ge et soigne<br \/>\n- Donne de la brillance et de la douceur<br \/>\n- Pr\u00e9vient les frisottis<br \/>\n- Prot\u00e8ge contre les effets nocifs des facteurs externes<\/p>\n<p><strong>Ingr\u00e9dients :<\/strong><\/p>\n<p>- 99,4 % Ingr\u00e9dients d'origine naturelle<br \/>\n- formule l\u00e9g\u00e8re qui n'alourdit pas la peau<br \/>\n- Contient des huiles press\u00e9es \u00e0 froid et de la vitamine E<br \/>\n- Ne contient pas de parab\u00e8nes, SLS, SLES et de colorants artificiels<\/p>\n<p><strong>Application :<\/strong><\/p>\n<ul>\n<li>Frotter 3-4 gouttes d'huile dans les mains et appliquer sur les cheveux secs ou l\u00e9g\u00e8rement humides. Laisser agir sans rincer.<\/li>\n<\/ul>\n<\/div>\n<p><strong>En raison des mises \u00e0 jour de l'emballage par le fabricant, l'emballage du produit peut diff\u00e9rer de l'illustration.<\/strong><\/p>","protected":false},"excerpt":{"rendered":"<p><strong>Contenu : 28ml.<\/strong><\/p>\n<p style=\"color: red;\"><strong>Remarque<\/strong>: Nous ne pouvons reprendre les produits d'hygi\u00e8ne tels que les shampooings, les masques, les protections thermiques, les huiles et les solutions pour extensions de cheveux que s'ils n'ont pas \u00e9t\u00e9 utilis\u00e9s, s'ils sont scell\u00e9s d'origine et s'ils sont en parfait \u00e9tat. Ce produit de soin peut entra\u00eener une d\u00e9coloration des extensions plus claires\/cendantes. Ne convient que pour les extensions fonc\u00e9es.<\/p>","protected":false},"featured_media":25136,"comment_status":"open","ping_status":"closed","template":"","meta":{"_joinchat":[]},"product_brand":[],"product_cat":[94],"product_tag":[],"class_list":{"0":"post-25135","1":"product","2":"type-product","3":"status-publish","4":"has-post-thumbnail","6":"product_cat-pflegeprodukte","8":"first","9":"instock","10":"taxable","11":"shipping-taxable","12":"purchasable","13":"product-type-simple"},"yoast_head":"<!-- This site is optimized with the Yoast SEO plugin v25.6 - https:\/\/yoast.com\/wordpress\/plugins\/seo\/ -->\n<title>Botanic Harmony \u00d6l - Haartick-Extensions<\/title>\n<meta name=\"robots\" content=\"index, follow, max-snippet:-1, max-image-preview:large, max-video-preview:-1\" \/>\n<link rel=\"canonical\" href=\"https:\/\/www.haartick-extensions.de\/fr\/shop\/botanic-harmony-oel\/\" \/>\n<meta property=\"og:locale\" content=\"fr_FR\" \/>\n<meta property=\"og:type\" content=\"article\" \/>\n<meta property=\"og:title\" content=\"Botanic Harmony \u00d6l - Haartick-Extensions\" \/>\n<meta property=\"og:description\" content=\"Inhalt: 28ml. Hinweis: Hygieneprodukte wie Shampoos, Masken, Hitzeschutzmittel, \u00d6le und L\u00f6sungen f\u00fcr Haarverl\u00e4ngerungen k\u00f6nnen wir ausschlie\u00dflich zur\u00fccknehmen, wenn sie unbenutzt, originalversiegelt und in einwandfreiem Zustand sind. Dieses Pflegeprodukt kann bei helleren\/aschigen Extensions zu Verf\u00e4rbungen f\u00fchren. Nur f\u00fcr dunkle Extensions geeignet.\" \/>\n<meta property=\"og:url\" content=\"https:\/\/www.haartick-extensions.de\/fr\/shop\/botanic-harmony-oel\/\" \/>\n<meta property=\"og:site_name\" content=\"Haartick-Extensions\" \/>\n<meta property=\"article:modified_time\" content=\"2026-03-10T08:35:57+00:00\" \/>\n<meta property=\"og:image\" content=\"https:\/\/www.haartick-extensions.de\/wp-content\/uploads\/2026\/02\/stapiz-professional-botanic-harmony-oil-naturalny-olejek-nadajacy-polysk-i-miekkosc-28ml_8f56488d-4ea4-4324-89d2-d1f6365b14b7.jpg.jpeg\" \/>\n\t<meta property=\"og:image:width\" content=\"550\" \/>\n\t<meta property=\"og:image:height\" content=\"550\" \/>\n\t<meta property=\"og:image:type\" content=\"image\/jpeg\" \/>\n<meta name=\"twitter:card\" content=\"summary_large_image\" \/>\n<meta name=\"twitter:label1\" content=\"Dur\u00e9e de lecture estim\u00e9e\" \/>\n\t<meta name=\"twitter:data1\" content=\"2 minutes\" \/>\n<script type=\"application\/ld+json\" class=\"yoast-schema-graph\">{\"@context\":\"https:\/\/schema.org\",\"@graph\":[{\"@type\":\"WebPage\",\"@id\":\"https:\/\/www.haartick-extensions.de\/de\/shop\/botanic-harmony-oel\/\",\"url\":\"https:\/\/www.haartick-extensions.de\/de\/shop\/botanic-harmony-oel\/\",\"name\":\"Botanic Harmony \u00d6l - Haartick-Extensions\",\"isPartOf\":{\"@id\":\"https:\/\/www.haartick-extensions.de\/it\/#website\"},\"primaryImageOfPage\":{\"@id\":\"https:\/\/www.haartick-extensions.de\/de\/shop\/botanic-harmony-oel\/#primaryimage\"},\"image\":{\"@id\":\"https:\/\/www.haartick-extensions.de\/de\/shop\/botanic-harmony-oel\/#primaryimage\"},\"thumbnailUrl\":\"https:\/\/www.haartick-extensions.de\/wp-content\/uploads\/2026\/02\/stapiz-professional-botanic-harmony-oil-naturalny-olejek-nadajacy-polysk-i-miekkosc-28ml_8f56488d-4ea4-4324-89d2-d1f6365b14b7.jpg.jpeg\",\"datePublished\":\"2026-02-20T15:55:23+00:00\",\"dateModified\":\"2026-03-10T08:35:57+00:00\",\"breadcrumb\":{\"@id\":\"https:\/\/www.haartick-extensions.de\/de\/shop\/botanic-harmony-oel\/#breadcrumb\"},\"inLanguage\":\"fr-FR\",\"potentialAction\":[{\"@type\":\"ReadAction\",\"target\":[\"https:\/\/www.haartick-extensions.de\/de\/shop\/botanic-harmony-oel\/\"]}]},{\"@type\":\"ImageObject\",\"inLanguage\":\"fr-FR\",\"@id\":\"https:\/\/www.haartick-extensions.de\/de\/shop\/botanic-harmony-oel\/#primaryimage\",\"url\":\"https:\/\/www.haartick-extensions.de\/wp-content\/uploads\/2026\/02\/stapiz-professional-botanic-harmony-oil-naturalny-olejek-nadajacy-polysk-i-miekkosc-28ml_8f56488d-4ea4-4324-89d2-d1f6365b14b7.jpg.jpeg\",\"contentUrl\":\"https:\/\/www.haartick-extensions.de\/wp-content\/uploads\/2026\/02\/stapiz-professional-botanic-harmony-oil-naturalny-olejek-nadajacy-polysk-i-miekkosc-28ml_8f56488d-4ea4-4324-89d2-d1f6365b14b7.jpg.jpeg\",\"width\":550,\"height\":550},{\"@type\":\"BreadcrumbList\",\"@id\":\"https:\/\/www.haartick-extensions.de\/de\/shop\/botanic-harmony-oel\/#breadcrumb\",\"itemListElement\":[{\"@type\":\"ListItem\",\"position\":1,\"name\":\"Startseite\",\"item\":\"https:\/\/www.haartick-extensions.de\/it\/\"},{\"@type\":\"ListItem\",\"position\":2,\"name\":\"Shop\",\"item\":\"https:\/\/www.haartick-extensions.de\/ru\/shop\/\"},{\"@type\":\"ListItem\",\"position\":3,\"name\":\"Botanic Harmony \u00d6l\"}]},{\"@type\":\"WebSite\",\"@id\":\"https:\/\/www.haartick-extensions.de\/it\/#website\",\"url\":\"https:\/\/www.haartick-extensions.de\/it\/\",\"name\":\"Haartick-Extensions\",\"description\":\"Professionelle Haarverl\u00e4ngerund \/ Haarverdichtung mit 100% Echthaar.\",\"publisher\":{\"@id\":\"https:\/\/www.haartick-extensions.de\/it\/#organization\"},\"potentialAction\":[{\"@type\":\"SearchAction\",\"target\":{\"@type\":\"EntryPoint\",\"urlTemplate\":\"https:\/\/www.haartick-extensions.de\/it\/?s={search_term_string}\"},\"query-input\":{\"@type\":\"PropertyValueSpecification\",\"valueRequired\":true,\"valueName\":\"search_term_string\"}}],\"inLanguage\":\"fr-FR\"},{\"@type\":\"Organization\",\"@id\":\"https:\/\/www.haartick-extensions.de\/it\/#organization\",\"name\":\"Haartick Extensions\",\"url\":\"https:\/\/www.haartick-extensions.de\/it\/\",\"logo\":{\"@type\":\"ImageObject\",\"inLanguage\":\"fr-FR\",\"@id\":\"https:\/\/www.haartick-extensions.de\/it\/#\/schema\/logo\/image\/\",\"url\":\"https:\/\/www.haartick-extensions.de\/wp-content\/uploads\/2024\/05\/cropped-Logo-mark-charm.png\",\"contentUrl\":\"https:\/\/www.haartick-extensions.de\/wp-content\/uploads\/2024\/05\/cropped-Logo-mark-charm.png\",\"width\":512,\"height\":512,\"caption\":\"Haartick Extensions\"},\"image\":{\"@id\":\"https:\/\/www.haartick-extensions.de\/it\/#\/schema\/logo\/image\/\"}}]}<\/script>\n<!-- \/ Yoast SEO plugin. -->","yoast_head_json":{"title":"Botanic Harmony \u00d6l - Haartick-Extensions","robots":{"index":"index","follow":"follow","max-snippet":"max-snippet:-1","max-image-preview":"max-image-preview:large","max-video-preview":"max-video-preview:-1"},"canonical":"https:\/\/www.haartick-extensions.de\/fr\/shop\/botanic-harmony-oel\/","og_locale":"fr_FR","og_type":"article","og_title":"Botanic Harmony \u00d6l - Haartick-Extensions","og_description":"Inhalt: 28ml. Hinweis: Hygieneprodukte wie Shampoos, Masken, Hitzeschutzmittel, \u00d6le und L\u00f6sungen f\u00fcr Haarverl\u00e4ngerungen k\u00f6nnen wir ausschlie\u00dflich zur\u00fccknehmen, wenn sie unbenutzt, originalversiegelt und in einwandfreiem Zustand sind. Dieses Pflegeprodukt kann bei helleren\/aschigen Extensions zu Verf\u00e4rbungen f\u00fchren. Nur f\u00fcr dunkle Extensions geeignet.","og_url":"https:\/\/www.haartick-extensions.de\/fr\/shop\/botanic-harmony-oel\/","og_site_name":"Haartick-Extensions","article_modified_time":"2026-03-10T08:35:57+00:00","og_image":[{"width":550,"height":550,"url":"https:\/\/www.haartick-extensions.de\/wp-content\/uploads\/2026\/02\/stapiz-professional-botanic-harmony-oil-naturalny-olejek-nadajacy-polysk-i-miekkosc-28ml_8f56488d-4ea4-4324-89d2-d1f6365b14b7.jpg.jpeg","type":"image\/jpeg"}],"twitter_card":"summary_large_image","twitter_misc":{"Dur\u00e9e de lecture estim\u00e9e":"2 minutes"},"schema":{"@context":"https:\/\/schema.org","@graph":[{"@type":"WebPage","@id":"https:\/\/www.haartick-extensions.de\/de\/shop\/botanic-harmony-oel\/","url":"https:\/\/www.haartick-extensions.de\/de\/shop\/botanic-harmony-oel\/","name":"Botanic Harmony \u00d6l - Haartick-Extensions","isPartOf":{"@id":"https:\/\/www.haartick-extensions.de\/it\/#website"},"primaryImageOfPage":{"@id":"https:\/\/www.haartick-extensions.de\/de\/shop\/botanic-harmony-oel\/#primaryimage"},"image":{"@id":"https:\/\/www.haartick-extensions.de\/de\/shop\/botanic-harmony-oel\/#primaryimage"},"thumbnailUrl":"https:\/\/www.haartick-extensions.de\/wp-content\/uploads\/2026\/02\/stapiz-professional-botanic-harmony-oil-naturalny-olejek-nadajacy-polysk-i-miekkosc-28ml_8f56488d-4ea4-4324-89d2-d1f6365b14b7.jpg.jpeg","datePublished":"2026-02-20T15:55:23+00:00","dateModified":"2026-03-10T08:35:57+00:00","breadcrumb":{"@id":"https:\/\/www.haartick-extensions.de\/de\/shop\/botanic-harmony-oel\/#breadcrumb"},"inLanguage":"fr-FR","potentialAction":[{"@type":"ReadAction","target":["https:\/\/www.haartick-extensions.de\/de\/shop\/botanic-harmony-oel\/"]}]},{"@type":"ImageObject","inLanguage":"fr-FR","@id":"https:\/\/www.haartick-extensions.de\/de\/shop\/botanic-harmony-oel\/#primaryimage","url":"https:\/\/www.haartick-extensions.de\/wp-content\/uploads\/2026\/02\/stapiz-professional-botanic-harmony-oil-naturalny-olejek-nadajacy-polysk-i-miekkosc-28ml_8f56488d-4ea4-4324-89d2-d1f6365b14b7.jpg.jpeg","contentUrl":"https:\/\/www.haartick-extensions.de\/wp-content\/uploads\/2026\/02\/stapiz-professional-botanic-harmony-oil-naturalny-olejek-nadajacy-polysk-i-miekkosc-28ml_8f56488d-4ea4-4324-89d2-d1f6365b14b7.jpg.jpeg","width":550,"height":550},{"@type":"BreadcrumbList","@id":"https:\/\/www.haartick-extensions.de\/de\/shop\/botanic-harmony-oel\/#breadcrumb","itemListElement":[{"@type":"ListItem","position":1,"name":"Startseite","item":"https:\/\/www.haartick-extensions.de\/it\/"},{"@type":"ListItem","position":2,"name":"Shop","item":"https:\/\/www.haartick-extensions.de\/ru\/shop\/"},{"@type":"ListItem","position":3,"name":"Botanic Harmony \u00d6l"}]},{"@type":"WebSite","@id":"https:\/\/www.haartick-extensions.de\/it\/#website","url":"https:\/\/www.haartick-extensions.de\/it\/","name":"Extensions de tic de cheveux","description":"Extension et \u00e9paississement professionnels des cheveux avec 100% cheveux humains.","publisher":{"@id":"https:\/\/www.haartick-extensions.de\/it\/#organization"},"potentialAction":[{"@type":"SearchAction","target":{"@type":"EntryPoint","urlTemplate":"https:\/\/www.haartick-extensions.de\/it\/?s={search_term_string}"},"query-input":{"@type":"PropertyValueSpecification","valueRequired":true,"valueName":"search_term_string"}}],"inLanguage":"fr-FR"},{"@type":"Organization","@id":"https:\/\/www.haartick-extensions.de\/it\/#organization","name":"Extensions de cheveux","url":"https:\/\/www.haartick-extensions.de\/it\/","logo":{"@type":"ImageObject","inLanguage":"fr-FR","@id":"https:\/\/www.haartick-extensions.de\/it\/#\/schema\/logo\/image\/","url":"https:\/\/www.haartick-extensions.de\/wp-content\/uploads\/2024\/05\/cropped-Logo-mark-charm.png","contentUrl":"https:\/\/www.haartick-extensions.de\/wp-content\/uploads\/2024\/05\/cropped-Logo-mark-charm.png","width":512,"height":512,"caption":"Haartick Extensions"},"image":{"@id":"https:\/\/www.haartick-extensions.de\/it\/#\/schema\/logo\/image\/"}}]}},"_links":{"self":[{"href":"https:\/\/www.haartick-extensions.de\/fr\/wp-json\/wp\/v2\/product\/25135","targetHints":{"allow":["GET"]}}],"collection":[{"href":"https:\/\/www.haartick-extensions.de\/fr\/wp-json\/wp\/v2\/product"}],"about":[{"href":"https:\/\/www.haartick-extensions.de\/fr\/wp-json\/wp\/v2\/types\/product"}],"replies":[{"embeddable":true,"href":"https:\/\/www.haartick-extensions.de\/fr\/wp-json\/wp\/v2\/comments?post=25135"}],"version-history":[{"count":0,"href":"https:\/\/www.haartick-extensions.de\/fr\/wp-json\/wp\/v2\/product\/25135\/revisions"}],"wp:featuredmedia":[{"embeddable":true,"href":"https:\/\/www.haartick-extensions.de\/fr\/wp-json\/wp\/v2\/media\/25136"}],"wp:attachment":[{"href":"https:\/\/www.haartick-extensions.de\/fr\/wp-json\/wp\/v2\/media?parent=25135"}],"wp:term":[{"taxonomy":"product_brand","embeddable":true,"href":"https:\/\/www.haartick-extensions.de\/fr\/wp-json\/wp\/v2\/product_brand?post=25135"},{"taxonomy":"product_cat","embeddable":true,"href":"https:\/\/www.haartick-extensions.de\/fr\/wp-json\/wp\/v2\/product_cat?post=25135"},{"taxonomy":"product_tag","embeddable":true,"href":"https:\/\/www.haartick-extensions.de\/fr\/wp-json\/wp\/v2\/product_tag?post=25135"}],"curies":[{"name":"wp","href":"https:\/\/api.w.org\/{rel}","templated":true}]}}