{"id":25248,"date":"2026-03-28T11:11:38","date_gmt":"2026-03-28T11:11:38","guid":{"rendered":"https:\/\/www.haartick-extensions.de\/?post_type=product&#038;p=25248"},"modified":"2026-04-16T14:41:21","modified_gmt":"2026-04-16T14:41:21","slug":"taperolle-starke-folie-12-meter","status":"publish","type":"product","link":"https:\/\/www.haartick-extensions.de\/fr\/shop\/taperolle-starke-folie-12-meter\/","title":{"rendered":"Taperolle Film fort 12 m\u00e8tres"},"content":{"rendered":"<p>La colle de Tapes pour extensions de cheveux est sp\u00e9cialement con\u00e7ue pour garantir une fixation durable et s\u00fbre. Elle offre une forte force d'adh\u00e9rence qui garantit que les extensions tiennent fermement et s\u00fbrement \u00e0 vos cheveux naturels, sans glisser. Cette colle est particuli\u00e8rement bien tol\u00e9r\u00e9e par la peau et a \u00e9t\u00e9 test\u00e9e pour minimiser les irritations ou les allergies, ce qui la rend id\u00e9ale pour les cuirs chevelus sensibles.<\/p>\n<p>Gr\u00e2ce \u00e0 sa formule transparente, la colle reste invisible et s'int\u00e8gre parfaitement \u00e0 vos cheveux, garantissant ainsi un aspect naturel. Il est \u00e9galement imperm\u00e9able et r\u00e9siste aux agressions quotidiennes telles que la douche, la natation et les activit\u00e9s sportives, sans perdre sa tenue.<\/p>\n<p>Dans l'ensemble, l'adh\u00e9sif des bandes pour extensions de cheveux offre une solution fiable, agr\u00e9able pour la peau et invisible pour donner plus de volume et de longueur \u00e0 vos cheveux. Nous utilisons \u00e9galement ce film adh\u00e9sif pour nos extensions de cheveux \u00e0 bandes dans notre boutique. Il est recommand\u00e9 pour tous les types de cheveux, en particulier pour les cheveux \u00e9pais.<\/p>","protected":false},"excerpt":{"rendered":"<p>Der Kleber von Tapes f\u00fcr Haar-Extensions ist speziell entwickelt, um eine langanhaltende und sichere Befestigung zu gew\u00e4hrleisten. Er bietet eine<\/p>","protected":false},"featured_media":25243,"comment_status":"open","ping_status":"closed","template":"","meta":{"_joinchat":[]},"product_brand":[],"product_cat":[28],"product_tag":[],"class_list":{"0":"post-25248","1":"product","2":"type-product","3":"status-publish","4":"has-post-thumbnail","6":"product_cat-zubehoer","8":"first","9":"instock","10":"taxable","11":"shipping-taxable","12":"purchasable","13":"product-type-simple"},"yoast_head":"<!-- This site is optimized with the Yoast SEO plugin v25.6 - https:\/\/yoast.com\/wordpress\/plugins\/seo\/ -->\n<title>Taperolle Starke Folie 12 Meter - Haartick-Extensions<\/title>\n<meta name=\"robots\" content=\"index, follow, max-snippet:-1, max-image-preview:large, max-video-preview:-1\" \/>\n<link rel=\"canonical\" href=\"https:\/\/www.haartick-extensions.de\/fr\/shop\/taperolle-starke-folie-12-meter\/\" \/>\n<meta property=\"og:locale\" content=\"fr_FR\" \/>\n<meta property=\"og:type\" content=\"article\" \/>\n<meta property=\"og:title\" content=\"Taperolle Starke Folie 12 Meter - Haartick-Extensions\" \/>\n<meta property=\"og:description\" content=\"Der Kleber von Tapes f\u00fcr Haar-Extensions ist speziell entwickelt, um eine langanhaltende und sichere Befestigung zu gew\u00e4hrleisten. Er bietet eine\" \/>\n<meta property=\"og:url\" content=\"https:\/\/www.haartick-extensions.de\/fr\/shop\/taperolle-starke-folie-12-meter\/\" \/>\n<meta property=\"og:site_name\" content=\"Haartick-Extensions\" \/>\n<meta property=\"article:modified_time\" content=\"2026-04-16T14:41:21+00:00\" \/>\n<meta property=\"og:image\" content=\"https:\/\/www.haartick-extensions.de\/wp-content\/uploads\/2026\/03\/tape-rolle-dunkelblau.webp\" \/>\n\t<meta property=\"og:image:width\" content=\"1920\" \/>\n\t<meta property=\"og:image:height\" content=\"2560\" \/>\n\t<meta property=\"og:image:type\" content=\"image\/webp\" \/>\n<meta name=\"twitter:card\" content=\"summary_large_image\" \/>\n<meta name=\"twitter:label1\" content=\"Dur\u00e9e de lecture estim\u00e9e\" \/>\n\t<meta name=\"twitter:data1\" content=\"2 minutes\" \/>\n<script type=\"application\/ld+json\" class=\"yoast-schema-graph\">{\"@context\":\"https:\/\/schema.org\",\"@graph\":[{\"@type\":\"WebPage\",\"@id\":\"https:\/\/www.haartick-extensions.de\/de\/shop\/taperolle-starke-folie-12-meter\/\",\"url\":\"https:\/\/www.haartick-extensions.de\/de\/shop\/taperolle-starke-folie-12-meter\/\",\"name\":\"Taperolle Starke Folie 12 Meter - Haartick-Extensions\",\"isPartOf\":{\"@id\":\"https:\/\/www.haartick-extensions.de\/it\/#website\"},\"primaryImageOfPage\":{\"@id\":\"https:\/\/www.haartick-extensions.de\/de\/shop\/taperolle-starke-folie-12-meter\/#primaryimage\"},\"image\":{\"@id\":\"https:\/\/www.haartick-extensions.de\/de\/shop\/taperolle-starke-folie-12-meter\/#primaryimage\"},\"thumbnailUrl\":\"https:\/\/www.haartick-extensions.de\/wp-content\/uploads\/2026\/03\/tape-rolle-dunkelblau.webp\",\"datePublished\":\"2026-03-28T11:11:38+00:00\",\"dateModified\":\"2026-04-16T14:41:21+00:00\",\"breadcrumb\":{\"@id\":\"https:\/\/www.haartick-extensions.de\/de\/shop\/taperolle-starke-folie-12-meter\/#breadcrumb\"},\"inLanguage\":\"fr-FR\",\"potentialAction\":[{\"@type\":\"ReadAction\",\"target\":[\"https:\/\/www.haartick-extensions.de\/de\/shop\/taperolle-starke-folie-12-meter\/\"]}]},{\"@type\":\"ImageObject\",\"inLanguage\":\"fr-FR\",\"@id\":\"https:\/\/www.haartick-extensions.de\/de\/shop\/taperolle-starke-folie-12-meter\/#primaryimage\",\"url\":\"https:\/\/www.haartick-extensions.de\/wp-content\/uploads\/2026\/03\/tape-rolle-dunkelblau.webp\",\"contentUrl\":\"https:\/\/www.haartick-extensions.de\/wp-content\/uploads\/2026\/03\/tape-rolle-dunkelblau.webp\",\"width\":1920,\"height\":2560},{\"@type\":\"BreadcrumbList\",\"@id\":\"https:\/\/www.haartick-extensions.de\/de\/shop\/taperolle-starke-folie-12-meter\/#breadcrumb\",\"itemListElement\":[{\"@type\":\"ListItem\",\"position\":1,\"name\":\"Startseite\",\"item\":\"https:\/\/www.haartick-extensions.de\/it\/\"},{\"@type\":\"ListItem\",\"position\":2,\"name\":\"Shop\",\"item\":\"https:\/\/www.haartick-extensions.de\/ru\/shop\/\"},{\"@type\":\"ListItem\",\"position\":3,\"name\":\"Taperolle Starke Folie 12 Meter\"}]},{\"@type\":\"WebSite\",\"@id\":\"https:\/\/www.haartick-extensions.de\/it\/#website\",\"url\":\"https:\/\/www.haartick-extensions.de\/it\/\",\"name\":\"Haartick-Extensions\",\"description\":\"Professionelle Haarverl\u00e4ngerund \/ Haarverdichtung mit 100% Echthaar.\",\"publisher\":{\"@id\":\"https:\/\/www.haartick-extensions.de\/it\/#organization\"},\"potentialAction\":[{\"@type\":\"SearchAction\",\"target\":{\"@type\":\"EntryPoint\",\"urlTemplate\":\"https:\/\/www.haartick-extensions.de\/it\/?s={search_term_string}\"},\"query-input\":{\"@type\":\"PropertyValueSpecification\",\"valueRequired\":true,\"valueName\":\"search_term_string\"}}],\"inLanguage\":\"fr-FR\"},{\"@type\":\"Organization\",\"@id\":\"https:\/\/www.haartick-extensions.de\/it\/#organization\",\"name\":\"Haartick Extensions\",\"url\":\"https:\/\/www.haartick-extensions.de\/it\/\",\"logo\":{\"@type\":\"ImageObject\",\"inLanguage\":\"fr-FR\",\"@id\":\"https:\/\/www.haartick-extensions.de\/it\/#\/schema\/logo\/image\/\",\"url\":\"https:\/\/www.haartick-extensions.de\/wp-content\/uploads\/2024\/05\/cropped-Logo-mark-charm.png\",\"contentUrl\":\"https:\/\/www.haartick-extensions.de\/wp-content\/uploads\/2024\/05\/cropped-Logo-mark-charm.png\",\"width\":512,\"height\":512,\"caption\":\"Haartick Extensions\"},\"image\":{\"@id\":\"https:\/\/www.haartick-extensions.de\/it\/#\/schema\/logo\/image\/\"}}]}<\/script>\n<!-- \/ Yoast SEO plugin. -->","yoast_head_json":{"title":"Taperolle Starke Folie 12 Meter - Haartick-Extensions","robots":{"index":"index","follow":"follow","max-snippet":"max-snippet:-1","max-image-preview":"max-image-preview:large","max-video-preview":"max-video-preview:-1"},"canonical":"https:\/\/www.haartick-extensions.de\/fr\/shop\/taperolle-starke-folie-12-meter\/","og_locale":"fr_FR","og_type":"article","og_title":"Taperolle Starke Folie 12 Meter - Haartick-Extensions","og_description":"Der Kleber von Tapes f\u00fcr Haar-Extensions ist speziell entwickelt, um eine langanhaltende und sichere Befestigung zu gew\u00e4hrleisten. Er bietet eine","og_url":"https:\/\/www.haartick-extensions.de\/fr\/shop\/taperolle-starke-folie-12-meter\/","og_site_name":"Haartick-Extensions","article_modified_time":"2026-04-16T14:41:21+00:00","og_image":[{"width":1920,"height":2560,"url":"https:\/\/www.haartick-extensions.de\/wp-content\/uploads\/2026\/03\/tape-rolle-dunkelblau.webp","type":"image\/webp"}],"twitter_card":"summary_large_image","twitter_misc":{"Dur\u00e9e de lecture estim\u00e9e":"2 minutes"},"schema":{"@context":"https:\/\/schema.org","@graph":[{"@type":"WebPage","@id":"https:\/\/www.haartick-extensions.de\/de\/shop\/taperolle-starke-folie-12-meter\/","url":"https:\/\/www.haartick-extensions.de\/de\/shop\/taperolle-starke-folie-12-meter\/","name":"Taperolle Starke Folie 12 Meter - Haartick-Extensions","isPartOf":{"@id":"https:\/\/www.haartick-extensions.de\/it\/#website"},"primaryImageOfPage":{"@id":"https:\/\/www.haartick-extensions.de\/de\/shop\/taperolle-starke-folie-12-meter\/#primaryimage"},"image":{"@id":"https:\/\/www.haartick-extensions.de\/de\/shop\/taperolle-starke-folie-12-meter\/#primaryimage"},"thumbnailUrl":"https:\/\/www.haartick-extensions.de\/wp-content\/uploads\/2026\/03\/tape-rolle-dunkelblau.webp","datePublished":"2026-03-28T11:11:38+00:00","dateModified":"2026-04-16T14:41:21+00:00","breadcrumb":{"@id":"https:\/\/www.haartick-extensions.de\/de\/shop\/taperolle-starke-folie-12-meter\/#breadcrumb"},"inLanguage":"fr-FR","potentialAction":[{"@type":"ReadAction","target":["https:\/\/www.haartick-extensions.de\/de\/shop\/taperolle-starke-folie-12-meter\/"]}]},{"@type":"ImageObject","inLanguage":"fr-FR","@id":"https:\/\/www.haartick-extensions.de\/de\/shop\/taperolle-starke-folie-12-meter\/#primaryimage","url":"https:\/\/www.haartick-extensions.de\/wp-content\/uploads\/2026\/03\/tape-rolle-dunkelblau.webp","contentUrl":"https:\/\/www.haartick-extensions.de\/wp-content\/uploads\/2026\/03\/tape-rolle-dunkelblau.webp","width":1920,"height":2560},{"@type":"BreadcrumbList","@id":"https:\/\/www.haartick-extensions.de\/de\/shop\/taperolle-starke-folie-12-meter\/#breadcrumb","itemListElement":[{"@type":"ListItem","position":1,"name":"Startseite","item":"https:\/\/www.haartick-extensions.de\/it\/"},{"@type":"ListItem","position":2,"name":"Shop","item":"https:\/\/www.haartick-extensions.de\/ru\/shop\/"},{"@type":"ListItem","position":3,"name":"Taperolle Starke Folie 12 Meter"}]},{"@type":"WebSite","@id":"https:\/\/www.haartick-extensions.de\/it\/#website","url":"https:\/\/www.haartick-extensions.de\/it\/","name":"Extensions de tic de cheveux","description":"Extension et \u00e9paississement professionnels des cheveux avec 100% cheveux humains.","publisher":{"@id":"https:\/\/www.haartick-extensions.de\/it\/#organization"},"potentialAction":[{"@type":"SearchAction","target":{"@type":"EntryPoint","urlTemplate":"https:\/\/www.haartick-extensions.de\/it\/?s={search_term_string}"},"query-input":{"@type":"PropertyValueSpecification","valueRequired":true,"valueName":"search_term_string"}}],"inLanguage":"fr-FR"},{"@type":"Organization","@id":"https:\/\/www.haartick-extensions.de\/it\/#organization","name":"Extensions de cheveux","url":"https:\/\/www.haartick-extensions.de\/it\/","logo":{"@type":"ImageObject","inLanguage":"fr-FR","@id":"https:\/\/www.haartick-extensions.de\/it\/#\/schema\/logo\/image\/","url":"https:\/\/www.haartick-extensions.de\/wp-content\/uploads\/2024\/05\/cropped-Logo-mark-charm.png","contentUrl":"https:\/\/www.haartick-extensions.de\/wp-content\/uploads\/2024\/05\/cropped-Logo-mark-charm.png","width":512,"height":512,"caption":"Haartick Extensions"},"image":{"@id":"https:\/\/www.haartick-extensions.de\/it\/#\/schema\/logo\/image\/"}}]}},"_links":{"self":[{"href":"https:\/\/www.haartick-extensions.de\/fr\/wp-json\/wp\/v2\/product\/25248","targetHints":{"allow":["GET"]}}],"collection":[{"href":"https:\/\/www.haartick-extensions.de\/fr\/wp-json\/wp\/v2\/product"}],"about":[{"href":"https:\/\/www.haartick-extensions.de\/fr\/wp-json\/wp\/v2\/types\/product"}],"replies":[{"embeddable":true,"href":"https:\/\/www.haartick-extensions.de\/fr\/wp-json\/wp\/v2\/comments?post=25248"}],"version-history":[{"count":0,"href":"https:\/\/www.haartick-extensions.de\/fr\/wp-json\/wp\/v2\/product\/25248\/revisions"}],"wp:featuredmedia":[{"embeddable":true,"href":"https:\/\/www.haartick-extensions.de\/fr\/wp-json\/wp\/v2\/media\/25243"}],"wp:attachment":[{"href":"https:\/\/www.haartick-extensions.de\/fr\/wp-json\/wp\/v2\/media?parent=25248"}],"wp:term":[{"taxonomy":"product_brand","embeddable":true,"href":"https:\/\/www.haartick-extensions.de\/fr\/wp-json\/wp\/v2\/product_brand?post=25248"},{"taxonomy":"product_cat","embeddable":true,"href":"https:\/\/www.haartick-extensions.de\/fr\/wp-json\/wp\/v2\/product_cat?post=25248"},{"taxonomy":"product_tag","embeddable":true,"href":"https:\/\/www.haartick-extensions.de\/fr\/wp-json\/wp\/v2\/product_tag?post=25248"}],"curies":[{"name":"wp","href":"https:\/\/api.w.org\/{rel}","templated":true}]}}