{"id":17797,"date":"2024-11-26T14:32:41","date_gmt":"2024-11-26T14:32:41","guid":{"rendered":"https:\/\/www.haartick-extensions.de\/wordpress\/?page_id=17797"},"modified":"2024-11-26T14:32:41","modified_gmt":"2024-11-26T14:32:41","slug":"widerruf","status":"publish","type":"page","link":"https:\/\/www.haartick-extensions.de\/it\/widerruf\/","title":{"rendered":"Revoca"},"content":{"rendered":"<div data-elementor-type=\"wp-page\" data-elementor-id=\"17797\" class=\"elementor elementor-17797\" data-elementor-post-type=\"page\">\n\t\t\t\t<div class=\"wd-negative-gap elementor-element elementor-element-6520e74 e-flex e-con-boxed e-con e-parent\" data-id=\"6520e74\" data-element_type=\"container\">\n\t\t\t\t\t<div class=\"e-con-inner\">\n\t\t\t\t\t<\/div>\n\t\t\t\t<\/div>\n\t\t<div class=\"wd-negative-gap elementor-element elementor-element-fb3e2cb e-flex e-con-boxed e-con e-parent\" data-id=\"fb3e2cb\" data-element_type=\"container\">\n\t\t\t\t\t<div class=\"e-con-inner\">\n\t\t\t\t<div class=\"elementor-element elementor-element-c2500e4 color-scheme-inherit text-left elementor-widget elementor-widget-text-editor\" data-id=\"c2500e4\" data-element_type=\"widget\" data-widget_type=\"text-editor.default\">\n\t\t\t\t<div class=\"elementor-widget-container\">\n\t\t\t\t\t\t\t\t\t<div  class=\"agb_content agb_revocation  notranslate\"><div><h2>A. Politica di cancellazione<\/h2>\n\n<h3>Introduzione<\/h3>\n\n<p>I consumatori hanno diritto al recesso in conformit\u00e0 alle seguenti disposizioni, in base alle quali per consumatore si intende qualsiasi persona fisica che conclude un negozio giuridico per scopi che non possono essere prevalentemente attribuiti n\u00e9 alla sua attivit\u00e0 commerciale n\u00e9 alla sua attivit\u00e0 professionale indipendente:<\/p>\n\n<h3>Diritto di cancellazione<\/h3>\n\n<p>Il cliente ha il diritto di recedere dal contratto entro quattordici giorni senza fornire alcuna motivazione.<\/p>\n\n<p>Il termine di cancellazione \u00e8 di quattordici giorni dal giorno in cui il cliente o un terzo da lui nominato, che non sia il vettore, \u00e8 entrato in possesso dell'ultima merce.<\/p>\n\n<p>Per esercitare il diritto di recesso, \u00e8 necessario informare la societ\u00e0 (Alina Jureva, Hauptstra\u00dfe 369, 53639 K\u00f6nigswinter, Deutschland, Tel.: +49 174 3786091, E-Mail: info@haartick-extensions.de) della propria decisione di recedere dal presente contratto mediante una dichiarazione chiara (ad esempio, una lettera inviata per posta o per e-mail). \u00c8 possibile utilizzare il modulo di recesso allegato, ma non \u00e8 obbligatorio.<\/p>\n\n<p>Per rispettare il termine di cancellazione, \u00e8 sufficiente che il cliente invii la notifica di esercizio del diritto di cancellazione prima della scadenza del periodo di cancellazione.<\/p>\n\n<h3>Conseguenze della cancellazione<\/h3>\n\n<p>Se Lei recede dal presente contratto, Le rimborseremo tutti i pagamenti da Lei ricevuti, compresi i costi di consegna (ad eccezione dei costi supplementari derivanti dalla Sua scelta di un tipo di consegna diverso dal tipo meno costoso di consegna standard da noi offerto), senza indebito ritardo e in ogni caso non oltre 14 giorni dal giorno in cui siamo informati della Sua decisione di recedere dal presente contratto. Per questo rimborso, utilizzeremo lo stesso mezzo di pagamento che avete utilizzato per la transazione originale, a meno che non sia stato espressamente concordato diversamente con voi; in nessun caso vi saranno addebitate spese per questo rimborso. Potremo trattenere il rimborso finch\u00e9 non avremo ricevuto la merce o finch\u00e9 il cliente non avr\u00e0 fornito la prova di averla restituita, a seconda di quale delle due condizioni si verifichi per prima.<\/p>\n\n<p>Dovete restituirci o consegnarci la merce immediatamente e comunque entro e non oltre quattordici giorni dal giorno in cui ci avete informato della cancellazione del presente contratto. Il termine \u00e8 rispettato se la merce viene spedita prima della scadenza del periodo di quattordici giorni.<\/p>\n\n<p>I costi diretti della restituzione della merce sono a carico del cliente.<\/p>\n\n<p>Il cliente \u00e8 tenuto a pagare l'eventuale perdita di valore della merce solo se tale perdita di valore \u00e8 dovuta a una manipolazione della merce non necessaria per verificarne lo stato, le propriet\u00e0 e la funzionalit\u00e0.<\/p>\n\n<h3>Esclusione o scadenza anticipata del diritto di recesso<\/h3>\n\n<p>Il diritto di recesso non si applica ai contratti per la consegna di beni che non sono prefabbricati e per la cui fabbricazione \u00e8 determinante una scelta o una determinazione individuale da parte del consumatore o che sono chiaramente adattati alle esigenze personali del consumatore.<\/p>\n\n<h3>Informazioni generali<\/h3>\n\n<p>1) Evitare di danneggiare o contaminare la merce. Restituire la merce nella confezione originale con tutti gli accessori e i componenti dell'imballaggio. Se necessario, utilizzare un imballaggio esterno protettivo. Se non si dispone pi\u00f9 dell'imballaggio originale, si prega di utilizzare un imballaggio adeguato per garantire una protezione adeguata contro i danni da trasporto.<br \/>\n2) Si prega di non rispedire la merce in porto assegnato.<br \/>\n3) Si prega di notare che le suddette clausole 1-2 non costituiscono un prerequisito per l'effettivo esercizio del diritto di recesso.<\/p>\n\n<h2>B. Modulo di cancellazione<\/h2>\n\n<p>Se si desidera annullare il contratto, si prega di compilare e restituire il presente modulo.<\/p>\n\n<p>A<\/p>\n\n<p>Alina Jureva<br \/>\nStrada principale 369<br \/>\n53639 K\u00f6nigswinter<br \/>\nGermania<\/p>\n\n<p>E-mail: info@haartick-extensions.de<\/p>\n\n<p>Con la presente io\/noi (*) revochiamo il contratto stipulato da me\/noi (*) per l'acquisto dei seguenti beni (*)\/la fornitura del seguente servizio (*)<\/p>\n\n<p>_______________________________________________________<\/p>\n\n<p>_______________________________________________________<\/p>\n\n<p>Ordinato il (*) ____________ \/ ricevuto il (*) __________________<\/p>\n\n<p>________________________________________________________<br \/>\nNome del\/i consumatore\/i<\/p>\n\n<p>________________________________________________________<br \/>\nIndirizzo del\/i consumatore\/i<\/p>\n\n<p>________________________________________________________<br \/>\nFirma del\/i consumatore\/i (solo per la notifica su carta)<\/p>\n\n<p>_________________________<br \/>\ndata<\/p>\n\n<p>(*) Cancellare la dicitura non pertinente<\/p><\/div><div id=\"itkanzlei_txt_copyright\" style=\"font-size: 12px; margin-top: 8em;\"><div style=\"display: inline-block; vertical-align: top;\"><a href=\"https:\/\/www.it-recht-kanzlei.de\/\" target=\"_blank\"><img decoding=\"async\" src=\"https:\/\/www.it-recht-kanzlei.de\/logo\/Copyright-Logo_Widerrufsbelehrung.png?i=57a70-3e1f2-39c9-907f-1\" id=\"itkanzlei_img_copyright\" alt=\"&copy; IT-Recht Kanzlei\" title=\"Studio legale IT\" style=\"margin-top: -20px; border-style: none; max-width: 100%;\" \/><\/a><\/div><div style=\"display: inline-block; vertical-align: top; margin-left: 5px; float: right; white-space: nowrap;\">Stato: 26\/11\/2024, 15:32:37<\/div><div style=\"clear: right;\"><\/div><\/div><\/div>\n\n<style>\n*{text-transform: none !important;}\n<\/style>\t\t\t\t\t\t\t\t<\/div>\n\t\t\t\t<\/div>\n\t\t\t\t\t<\/div>\n\t\t\t\t<\/div>\n\t\t\t\t<\/div>","protected":false},"excerpt":{"rendered":"<p>*{text-transform: none !important;}<\/p>","protected":false},"author":1,"featured_media":0,"parent":0,"menu_order":0,"comment_status":"closed","ping_status":"closed","template":"","meta":{"_joinchat":[],"footnotes":""},"class_list":["post-17797","page","type-page","status-publish","hentry"],"yoast_head":"<!-- This site is optimized with the Yoast SEO plugin v25.6 - https:\/\/yoast.com\/wordpress\/plugins\/seo\/ -->\n<title>Widerruf - Haartick-Extensions<\/title>\n<meta name=\"robots\" content=\"index, follow, max-snippet:-1, max-image-preview:large, max-video-preview:-1\" \/>\n<link rel=\"canonical\" href=\"https:\/\/www.haartick-extensions.de\/it\/widerruf\/\" \/>\n<meta property=\"og:locale\" content=\"it_IT\" \/>\n<meta property=\"og:type\" content=\"article\" \/>\n<meta property=\"og:title\" content=\"Widerruf - Haartick-Extensions\" \/>\n<meta property=\"og:description\" content=\"*{text-transform: none !important;}\" \/>\n<meta property=\"og:url\" content=\"https:\/\/www.haartick-extensions.de\/it\/widerruf\/\" \/>\n<meta property=\"og:site_name\" content=\"Haartick-Extensions\" \/>\n<meta name=\"twitter:card\" content=\"summary_large_image\" \/>\n<script type=\"application\/ld+json\" class=\"yoast-schema-graph\">{\"@context\":\"https:\/\/schema.org\",\"@graph\":[{\"@type\":\"WebPage\",\"@id\":\"https:\/\/www.haartick-extensions.de\/it\/widerruf\/\",\"url\":\"https:\/\/www.haartick-extensions.de\/it\/widerruf\/\",\"name\":\"Widerruf - Haartick-Extensions\",\"isPartOf\":{\"@id\":\"https:\/\/www.haartick-extensions.de\/it\/#website\"},\"datePublished\":\"2024-11-26T14:32:41+00:00\",\"breadcrumb\":{\"@id\":\"https:\/\/www.haartick-extensions.de\/it\/widerruf\/#breadcrumb\"},\"inLanguage\":\"it-IT\",\"potentialAction\":[{\"@type\":\"ReadAction\",\"target\":[\"https:\/\/www.haartick-extensions.de\/it\/widerruf\/\"]}]},{\"@type\":\"BreadcrumbList\",\"@id\":\"https:\/\/www.haartick-extensions.de\/it\/widerruf\/#breadcrumb\",\"itemListElement\":[{\"@type\":\"ListItem\",\"position\":1,\"name\":\"Startseite\",\"item\":\"https:\/\/www.haartick-extensions.de\/it\/\"},{\"@type\":\"ListItem\",\"position\":2,\"name\":\"Widerruf\"}]},{\"@type\":\"WebSite\",\"@id\":\"https:\/\/www.haartick-extensions.de\/it\/#website\",\"url\":\"https:\/\/www.haartick-extensions.de\/it\/\",\"name\":\"Haartick-Extensions\",\"description\":\"Professionelle Haarverl\u00e4ngerund \/ Haarverdichtung mit 100% Echthaar.\",\"publisher\":{\"@id\":\"https:\/\/www.haartick-extensions.de\/it\/#organization\"},\"potentialAction\":[{\"@type\":\"SearchAction\",\"target\":{\"@type\":\"EntryPoint\",\"urlTemplate\":\"https:\/\/www.haartick-extensions.de\/it\/?s={search_term_string}\"},\"query-input\":{\"@type\":\"PropertyValueSpecification\",\"valueRequired\":true,\"valueName\":\"search_term_string\"}}],\"inLanguage\":\"it-IT\"},{\"@type\":\"Organization\",\"@id\":\"https:\/\/www.haartick-extensions.de\/it\/#organization\",\"name\":\"Haartick Extensions\",\"url\":\"https:\/\/www.haartick-extensions.de\/it\/\",\"logo\":{\"@type\":\"ImageObject\",\"inLanguage\":\"it-IT\",\"@id\":\"https:\/\/www.haartick-extensions.de\/it\/#\/schema\/logo\/image\/\",\"url\":\"https:\/\/www.haartick-extensions.de\/wp-content\/uploads\/2024\/05\/cropped-Logo-mark-charm.png\",\"contentUrl\":\"https:\/\/www.haartick-extensions.de\/wp-content\/uploads\/2024\/05\/cropped-Logo-mark-charm.png\",\"width\":512,\"height\":512,\"caption\":\"Haartick Extensions\"},\"image\":{\"@id\":\"https:\/\/www.haartick-extensions.de\/it\/#\/schema\/logo\/image\/\"}}]}<\/script>\n<!-- \/ Yoast SEO plugin. -->","yoast_head_json":{"title":"Widerruf - Haartick-Extensions","robots":{"index":"index","follow":"follow","max-snippet":"max-snippet:-1","max-image-preview":"max-image-preview:large","max-video-preview":"max-video-preview:-1"},"canonical":"https:\/\/www.haartick-extensions.de\/it\/widerruf\/","og_locale":"it_IT","og_type":"article","og_title":"Widerruf - Haartick-Extensions","og_description":"*{text-transform: none !important;}","og_url":"https:\/\/www.haartick-extensions.de\/it\/widerruf\/","og_site_name":"Haartick-Extensions","twitter_card":"summary_large_image","schema":{"@context":"https:\/\/schema.org","@graph":[{"@type":"WebPage","@id":"https:\/\/www.haartick-extensions.de\/it\/widerruf\/","url":"https:\/\/www.haartick-extensions.de\/it\/widerruf\/","name":"Widerruf - Haartick-Extensions","isPartOf":{"@id":"https:\/\/www.haartick-extensions.de\/it\/#website"},"datePublished":"2024-11-26T14:32:41+00:00","breadcrumb":{"@id":"https:\/\/www.haartick-extensions.de\/it\/widerruf\/#breadcrumb"},"inLanguage":"it-IT","potentialAction":[{"@type":"ReadAction","target":["https:\/\/www.haartick-extensions.de\/it\/widerruf\/"]}]},{"@type":"BreadcrumbList","@id":"https:\/\/www.haartick-extensions.de\/it\/widerruf\/#breadcrumb","itemListElement":[{"@type":"ListItem","position":1,"name":"Startseite","item":"https:\/\/www.haartick-extensions.de\/it\/"},{"@type":"ListItem","position":2,"name":"Widerruf"}]},{"@type":"WebSite","@id":"https:\/\/www.haartick-extensions.de\/it\/#website","url":"https:\/\/www.haartick-extensions.de\/it\/","name":"Estensioni a bastoncino per capelli","description":"Allungamento e infoltimento professionale con capelli umani 100%.","publisher":{"@id":"https:\/\/www.haartick-extensions.de\/it\/#organization"},"potentialAction":[{"@type":"SearchAction","target":{"@type":"EntryPoint","urlTemplate":"https:\/\/www.haartick-extensions.de\/it\/?s={search_term_string}"},"query-input":{"@type":"PropertyValueSpecification","valueRequired":true,"valueName":"search_term_string"}}],"inLanguage":"it-IT"},{"@type":"Organization","@id":"https:\/\/www.haartick-extensions.de\/it\/#organization","name":"Estensioni Haartick","url":"https:\/\/www.haartick-extensions.de\/it\/","logo":{"@type":"ImageObject","inLanguage":"it-IT","@id":"https:\/\/www.haartick-extensions.de\/it\/#\/schema\/logo\/image\/","url":"https:\/\/www.haartick-extensions.de\/wp-content\/uploads\/2024\/05\/cropped-Logo-mark-charm.png","contentUrl":"https:\/\/www.haartick-extensions.de\/wp-content\/uploads\/2024\/05\/cropped-Logo-mark-charm.png","width":512,"height":512,"caption":"Haartick Extensions"},"image":{"@id":"https:\/\/www.haartick-extensions.de\/it\/#\/schema\/logo\/image\/"}}]}},"_links":{"self":[{"href":"https:\/\/www.haartick-extensions.de\/it\/wp-json\/wp\/v2\/pages\/17797","targetHints":{"allow":["GET"]}}],"collection":[{"href":"https:\/\/www.haartick-extensions.de\/it\/wp-json\/wp\/v2\/pages"}],"about":[{"href":"https:\/\/www.haartick-extensions.de\/it\/wp-json\/wp\/v2\/types\/page"}],"author":[{"embeddable":true,"href":"https:\/\/www.haartick-extensions.de\/it\/wp-json\/wp\/v2\/users\/1"}],"replies":[{"embeddable":true,"href":"https:\/\/www.haartick-extensions.de\/it\/wp-json\/wp\/v2\/comments?post=17797"}],"version-history":[{"count":0,"href":"https:\/\/www.haartick-extensions.de\/it\/wp-json\/wp\/v2\/pages\/17797\/revisions"}],"wp:attachment":[{"href":"https:\/\/www.haartick-extensions.de\/it\/wp-json\/wp\/v2\/media?parent=17797"}],"curies":[{"name":"wp","href":"https:\/\/api.w.org\/{rel}","templated":true}]}}