{"id":21641,"date":"2024-10-24T11:27:52","date_gmt":"2024-10-24T11:27:52","guid":{"rendered":"https:\/\/www.haartick-extensions.de\/wordpress\/?page_id=21641"},"modified":"2025-06-03T17:17:23","modified_gmt":"2025-06-03T17:17:23","slug":"garantiebedingungen","status":"publish","type":"page","link":"https:\/\/www.haartick-extensions.de\/it\/garantiebedingungen\/","title":{"rendered":"Condizioni di garanzia"},"content":{"rendered":"<div data-elementor-type=\"wp-page\" data-elementor-id=\"21641\" class=\"elementor elementor-21641\" data-elementor-post-type=\"page\">\n\t\t\t\t\t\t<section class=\"wd-negative-gap elementor-section elementor-top-section elementor-element elementor-element-8bf3fc7 elementor-section-content-middle elementor-reverse-tablet elementor-reverse-mobile elementor-section-boxed elementor-section-height-default elementor-section-height-default\" data-id=\"8bf3fc7\" data-element_type=\"section\">\n\t\t\t\t\t\t<div class=\"elementor-container elementor-column-gap-extended\">\n\t\t\t\t\t<div class=\"elementor-column elementor-col-100 elementor-top-column elementor-element elementor-element-1a19c7a\" data-id=\"1a19c7a\" data-element_type=\"column\">\n\t\t\t<div class=\"elementor-widget-wrap elementor-element-populated\">\n\t\t\t\t\t\t<div class=\"elementor-element elementor-element-46dc4da wd-width-100 elementor-widget elementor-widget-wd_title\" data-id=\"46dc4da\" data-element_type=\"widget\" data-widget_type=\"wd_title.default\">\n\t\t\t\t<div class=\"elementor-widget-container\">\n\t\t\t\t\t\t\t<div class=\"title-wrapper wd-set-mb reset-last-child wd-title-color-default wd-title-style-default wd-title-size-default text-left\">\n\n\t\t\t\n\t\t\t<div class=\"liner-continer\">\n\t\t\t\t<h4 class=\"woodmart-title-container title wd-fontsize-l\">Le condizioni di garanzia:<\/h4> \n\t\t\t\t\t\t\t<\/div>\n\n\t\t\t\t\t<\/div>\n\t\t\t\t\t\t<\/div>\n\t\t\t\t<\/div>\n\t\t\t\t<div class=\"elementor-element elementor-element-5b99400 elementor-widget elementor-widget-wd_text_block\" data-id=\"5b99400\" data-element_type=\"widget\" data-widget_type=\"wd_text_block.default\">\n\t\t\t\t<div class=\"elementor-widget-container\">\n\t\t\t\t\t\t\t<div class=\"wd-text-block reset-last-child text-left\">\n\t\t\t\n\t\t\t<p>Poich\u00e9 siamo convinti della qualit\u00e0 delle nostre estensioni, vi offriamo una garanzia volontaria di 3 mesi.<\/p><p><span style=\"font-size: 13px; text-align: var(--text-align);\">La garanzia decorre dalla data di acquisto. Se le extension di capelli umani sono aggrovigliate o annodate nelle lunghezze e nelle punte, riceverete un articolo sostitutivo di pari valore non appena le extension danneggiate ci saranno restituite. Il fornitore si riserva il diritto di rifiutare una consegna sostitutiva in caso di manipolazione impropria o di danni intenzionali alle extension. Le richieste di risarcimento sono limitate alle sole extension, non all'installazione e alla rimozione delle extension o ad altri costi che possono essere associati alle extension.<\/span><\/p><p>Il presupposto per la garanzia \u00e8 che oltre alle extension nel nostro negozio vengano acquistati i prodotti per la cura che offriamo (shampoo, maschera, olio per capelli e protezione termica). La garanzia decade se si utilizzano altri prodotti di cura. Se un particolare prodotto \u00e8 essenziale per voi per motivi di salute, questo deve essere concordato con noi in anticipo. Un'eccezione pu\u00f2 essere concessa, ma deve essere confermata da noi per iscritto o via e-mail. \u00c8 inoltre necessario attenersi alle nostre istruzioni di manutenzione. Qualsiasi inosservanza riconoscibile comporter\u00e0 il decadimento totale della garanzia. Anche qualsiasi trattamento chimico delle extension, come colorazione, tintura, decolorazione o permanente dei capelli, invalider\u00e0 la garanzia.<\/p><p>Un diritto di garanzia esiste solo se le estensioni <b>sono inutilizzabili, nonostante la corretta applicazione della nostra <a href=\"https:\/\/www.haartick-extensions.de\/it\/pflegetipps\/\"><span style=\"text-decoration: underline;\">Istruzioni per la cura<\/span><\/a><\/b>. Sono esclusi dalla garanzia i normali segni di usura come le doppie punte, le punte secche o la rottura dei capelli. Sono escluse anche le decolorazioni dovute, ad esempio, alla luce del sole, al sale e all'acqua clorata. Non garantiamo le onde e i ricci delle extension. Il mantenimento dei ricci \u00e8 a carico dell'utente. Saremo lieti di fornirvi consigli in merito. Sono escluse le richieste di garanzia dovute ad allergie a capelli estranei ed elementi di connessione.<\/p><p>In caso di richiesta di garanzia, contattare:<\/p><p><b>Estensioni a bastoncino per capelli<\/b><\/p><p><b style=\"font-size: 13px; text-align: var(--text-align); color: var(--wd-text-color);\">Alina Jureva<\/b><\/p><p><b>Strada principale 369<\/b><\/p><p><b>53639 K\u00f6nigswinter<\/b><\/p><p><b>Germania<\/b><\/p><p><b>info@haartick-extensions.de<\/b><\/p><p>Per presentare un reclamo in garanzia, la merce deve essere inviata al garante per l'ispezione. Assicurarsi che l'imballaggio sia sicuro per evitare danni da trasporto.<\/p><p>Per richiedere l'assistenza in garanzia, il garante pu\u00f2 richiedere la prova d'acquisto delle extension reali, ad esempio sotto forma di copia della fattura originale. Inoltre, \u00e8 necessario indicare il nome e l'indirizzo dell'acquirente se questi non sono evidenti dalla prova d'acquisto o sono cambiati. Le restituzioni saranno effettuate in porto franco fornendo un'etichetta di restituzione.<\/p><p>Si prega di notare che i diritti legali dell'utente in caso di difetti non sono limitati dalla presente garanzia e possono continuare a essere utilizzati senza limitazioni. La presente garanzia non pregiudica pertanto i diritti di garanzia previsti dalla legge.<\/p>\n\t\t\t\t\t<\/div>\n\t\t\t\t\t\t<\/div>\n\t\t\t\t<\/div>\n\t\t\t\t\t<\/div>\n\t\t<\/div>\n\t\t\t\t\t<\/div>\n\t\t<\/section>\n\t\t\t\t<\/div>","protected":false},"excerpt":{"rendered":"<p>Zu den Garantiebedingungen: Da wir von der Qualit\u00e4t unserer Extensions \u00fcberzeugt sind, bieten wir Ihnen eine freiwillige 3-monatige Garantie. Die<\/p>","protected":false},"author":1,"featured_media":0,"parent":0,"menu_order":0,"comment_status":"closed","ping_status":"closed","template":"","meta":{"_joinchat":[],"footnotes":""},"class_list":["post-21641","page","type-page","status-publish","hentry"],"yoast_head":"<!-- This site is optimized with the Yoast SEO plugin v25.6 - https:\/\/yoast.com\/wordpress\/plugins\/seo\/ -->\n<title>Garantiebedingungen - Haartick-Extensions<\/title>\n<meta name=\"robots\" content=\"index, follow, max-snippet:-1, max-image-preview:large, max-video-preview:-1\" \/>\n<link rel=\"canonical\" href=\"https:\/\/www.haartick-extensions.de\/it\/garantiebedingungen\/\" \/>\n<meta property=\"og:locale\" content=\"it_IT\" \/>\n<meta property=\"og:type\" content=\"article\" \/>\n<meta property=\"og:title\" content=\"Garantiebedingungen - Haartick-Extensions\" \/>\n<meta property=\"og:description\" content=\"Zu den Garantiebedingungen: Da wir von der Qualit\u00e4t unserer Extensions \u00fcberzeugt sind, bieten wir Ihnen eine freiwillige 3-monatige Garantie. Die\" \/>\n<meta property=\"og:url\" content=\"https:\/\/www.haartick-extensions.de\/it\/garantiebedingungen\/\" \/>\n<meta property=\"og:site_name\" content=\"Haartick-Extensions\" \/>\n<meta property=\"article:modified_time\" content=\"2025-06-03T17:17:23+00:00\" \/>\n<meta name=\"twitter:card\" content=\"summary_large_image\" \/>\n<meta name=\"twitter:label1\" content=\"Tempo di lettura stimato\" \/>\n\t<meta name=\"twitter:data1\" content=\"2 minuti\" \/>\n<script type=\"application\/ld+json\" class=\"yoast-schema-graph\">{\"@context\":\"https:\/\/schema.org\",\"@graph\":[{\"@type\":\"WebPage\",\"@id\":\"https:\/\/www.haartick-extensions.de\/it\/garantiebedingungen\/\",\"url\":\"https:\/\/www.haartick-extensions.de\/it\/garantiebedingungen\/\",\"name\":\"Garantiebedingungen - Haartick-Extensions\",\"isPartOf\":{\"@id\":\"https:\/\/www.haartick-extensions.de\/it\/#website\"},\"datePublished\":\"2024-10-24T11:27:52+00:00\",\"dateModified\":\"2025-06-03T17:17:23+00:00\",\"breadcrumb\":{\"@id\":\"https:\/\/www.haartick-extensions.de\/it\/garantiebedingungen\/#breadcrumb\"},\"inLanguage\":\"it-IT\",\"potentialAction\":[{\"@type\":\"ReadAction\",\"target\":[\"https:\/\/www.haartick-extensions.de\/it\/garantiebedingungen\/\"]}]},{\"@type\":\"BreadcrumbList\",\"@id\":\"https:\/\/www.haartick-extensions.de\/it\/garantiebedingungen\/#breadcrumb\",\"itemListElement\":[{\"@type\":\"ListItem\",\"position\":1,\"name\":\"Startseite\",\"item\":\"https:\/\/www.haartick-extensions.de\/it\/\"},{\"@type\":\"ListItem\",\"position\":2,\"name\":\"Garantiebedingungen\"}]},{\"@type\":\"WebSite\",\"@id\":\"https:\/\/www.haartick-extensions.de\/it\/#website\",\"url\":\"https:\/\/www.haartick-extensions.de\/it\/\",\"name\":\"Haartick-Extensions\",\"description\":\"Professionelle Haarverl\u00e4ngerund \/ Haarverdichtung mit 100% Echthaar.\",\"publisher\":{\"@id\":\"https:\/\/www.haartick-extensions.de\/it\/#organization\"},\"potentialAction\":[{\"@type\":\"SearchAction\",\"target\":{\"@type\":\"EntryPoint\",\"urlTemplate\":\"https:\/\/www.haartick-extensions.de\/it\/?s={search_term_string}\"},\"query-input\":{\"@type\":\"PropertyValueSpecification\",\"valueRequired\":true,\"valueName\":\"search_term_string\"}}],\"inLanguage\":\"it-IT\"},{\"@type\":\"Organization\",\"@id\":\"https:\/\/www.haartick-extensions.de\/it\/#organization\",\"name\":\"Haartick Extensions\",\"url\":\"https:\/\/www.haartick-extensions.de\/it\/\",\"logo\":{\"@type\":\"ImageObject\",\"inLanguage\":\"it-IT\",\"@id\":\"https:\/\/www.haartick-extensions.de\/it\/#\/schema\/logo\/image\/\",\"url\":\"https:\/\/www.haartick-extensions.de\/wp-content\/uploads\/2024\/05\/cropped-Logo-mark-charm.png\",\"contentUrl\":\"https:\/\/www.haartick-extensions.de\/wp-content\/uploads\/2024\/05\/cropped-Logo-mark-charm.png\",\"width\":512,\"height\":512,\"caption\":\"Haartick Extensions\"},\"image\":{\"@id\":\"https:\/\/www.haartick-extensions.de\/it\/#\/schema\/logo\/image\/\"}}]}<\/script>\n<!-- \/ Yoast SEO plugin. -->","yoast_head_json":{"title":"Garantiebedingungen - Haartick-Extensions","robots":{"index":"index","follow":"follow","max-snippet":"max-snippet:-1","max-image-preview":"max-image-preview:large","max-video-preview":"max-video-preview:-1"},"canonical":"https:\/\/www.haartick-extensions.de\/it\/garantiebedingungen\/","og_locale":"it_IT","og_type":"article","og_title":"Garantiebedingungen - Haartick-Extensions","og_description":"Zu den Garantiebedingungen: Da wir von der Qualit\u00e4t unserer Extensions \u00fcberzeugt sind, bieten wir Ihnen eine freiwillige 3-monatige Garantie. Die","og_url":"https:\/\/www.haartick-extensions.de\/it\/garantiebedingungen\/","og_site_name":"Haartick-Extensions","article_modified_time":"2025-06-03T17:17:23+00:00","twitter_card":"summary_large_image","twitter_misc":{"Tempo di lettura stimato":"2 minuti"},"schema":{"@context":"https:\/\/schema.org","@graph":[{"@type":"WebPage","@id":"https:\/\/www.haartick-extensions.de\/it\/garantiebedingungen\/","url":"https:\/\/www.haartick-extensions.de\/it\/garantiebedingungen\/","name":"Garantiebedingungen - Haartick-Extensions","isPartOf":{"@id":"https:\/\/www.haartick-extensions.de\/it\/#website"},"datePublished":"2024-10-24T11:27:52+00:00","dateModified":"2025-06-03T17:17:23+00:00","breadcrumb":{"@id":"https:\/\/www.haartick-extensions.de\/it\/garantiebedingungen\/#breadcrumb"},"inLanguage":"it-IT","potentialAction":[{"@type":"ReadAction","target":["https:\/\/www.haartick-extensions.de\/it\/garantiebedingungen\/"]}]},{"@type":"BreadcrumbList","@id":"https:\/\/www.haartick-extensions.de\/it\/garantiebedingungen\/#breadcrumb","itemListElement":[{"@type":"ListItem","position":1,"name":"Startseite","item":"https:\/\/www.haartick-extensions.de\/it\/"},{"@type":"ListItem","position":2,"name":"Garantiebedingungen"}]},{"@type":"WebSite","@id":"https:\/\/www.haartick-extensions.de\/it\/#website","url":"https:\/\/www.haartick-extensions.de\/it\/","name":"Estensioni a bastoncino per capelli","description":"Allungamento e infoltimento professionale con capelli umani 100%.","publisher":{"@id":"https:\/\/www.haartick-extensions.de\/it\/#organization"},"potentialAction":[{"@type":"SearchAction","target":{"@type":"EntryPoint","urlTemplate":"https:\/\/www.haartick-extensions.de\/it\/?s={search_term_string}"},"query-input":{"@type":"PropertyValueSpecification","valueRequired":true,"valueName":"search_term_string"}}],"inLanguage":"it-IT"},{"@type":"Organization","@id":"https:\/\/www.haartick-extensions.de\/it\/#organization","name":"Estensioni Haartick","url":"https:\/\/www.haartick-extensions.de\/it\/","logo":{"@type":"ImageObject","inLanguage":"it-IT","@id":"https:\/\/www.haartick-extensions.de\/it\/#\/schema\/logo\/image\/","url":"https:\/\/www.haartick-extensions.de\/wp-content\/uploads\/2024\/05\/cropped-Logo-mark-charm.png","contentUrl":"https:\/\/www.haartick-extensions.de\/wp-content\/uploads\/2024\/05\/cropped-Logo-mark-charm.png","width":512,"height":512,"caption":"Haartick Extensions"},"image":{"@id":"https:\/\/www.haartick-extensions.de\/it\/#\/schema\/logo\/image\/"}}]}},"_links":{"self":[{"href":"https:\/\/www.haartick-extensions.de\/it\/wp-json\/wp\/v2\/pages\/21641","targetHints":{"allow":["GET"]}}],"collection":[{"href":"https:\/\/www.haartick-extensions.de\/it\/wp-json\/wp\/v2\/pages"}],"about":[{"href":"https:\/\/www.haartick-extensions.de\/it\/wp-json\/wp\/v2\/types\/page"}],"author":[{"embeddable":true,"href":"https:\/\/www.haartick-extensions.de\/it\/wp-json\/wp\/v2\/users\/1"}],"replies":[{"embeddable":true,"href":"https:\/\/www.haartick-extensions.de\/it\/wp-json\/wp\/v2\/comments?post=21641"}],"version-history":[{"count":0,"href":"https:\/\/www.haartick-extensions.de\/it\/wp-json\/wp\/v2\/pages\/21641\/revisions"}],"wp:attachment":[{"href":"https:\/\/www.haartick-extensions.de\/it\/wp-json\/wp\/v2\/media?parent=21641"}],"curies":[{"name":"wp","href":"https:\/\/api.w.org\/{rel}","templated":true}]}}