{"id":21647,"date":"2024-10-24T11:41:56","date_gmt":"2024-10-24T11:41:56","guid":{"rendered":"https:\/\/www.haartick-extensions.de\/wordpress\/?page_id=21647"},"modified":"2025-05-08T12:16:42","modified_gmt":"2025-05-08T12:16:42","slug":"ruecksendung-und-versand","status":"publish","type":"page","link":"https:\/\/www.haartick-extensions.de\/it\/ruecksendung-und-versand\/","title":{"rendered":"Restituzione e spedizione"},"content":{"rendered":"<div data-elementor-type=\"wp-page\" data-elementor-id=\"21647\" class=\"elementor elementor-21647\" data-elementor-post-type=\"page\">\n\t\t\t\t\t\t<section class=\"wd-negative-gap elementor-section elementor-top-section elementor-element elementor-element-d947561 elementor-section-content-middle elementor-reverse-tablet elementor-reverse-mobile elementor-section-boxed elementor-section-height-default elementor-section-height-default\" data-id=\"d947561\" data-element_type=\"section\">\n\t\t\t\t\t\t<div class=\"elementor-container elementor-column-gap-extended\">\n\t\t\t\t\t<div class=\"elementor-column elementor-col-100 elementor-top-column elementor-element elementor-element-3fbe701\" data-id=\"3fbe701\" data-element_type=\"column\">\n\t\t\t<div class=\"elementor-widget-wrap elementor-element-populated\">\n\t\t\t\t\t\t<div class=\"elementor-element elementor-element-ee4fc28 elementor-widget elementor-widget-wd_text_block\" data-id=\"ee4fc28\" data-element_type=\"widget\" data-widget_type=\"wd_text_block.default\">\n\t\t\t\t<div class=\"elementor-widget-container\">\n\t\t\t\t\t\t\t<div class=\"wd-text-block reset-last-child text-left\">\n\t\t\t\n\t\t\t<h4><strong>Spedizione di ritorno<\/strong><\/h4><p>\u00c8 possibile restituire i prodotti indesiderati entro 14 giorni senza alcuna complicazione. Si noti che gli articoli con sigilli igienici possono essere restituiti solo se integri. Tuttavia, \u00e8 possibile estrarre i prodotti dalla confezione per toccarli e verificare la qualit\u00e0 o la tonalit\u00e0 del colore. Tuttavia, quando si restituiscono gli articoli, non tagliare i punti di connessione, non tingere i capelli e non maneggiare o danneggiare gli articoli in altro modo.<\/p><h4><strong>Scambio<\/strong><\/h4><p>Se si desidera un cambio, \u00e8 sufficiente rispedire l'articolo come un normale reso e ordinare nuovamente il prodotto sostitutivo desiderato nel nostro negozio online. I prodotti personalizzati non possono essere sostituiti.<\/p><h4><strong>Procedura di restituzione<\/strong><\/h4><p>Purtroppo, dovrete sostenere voi stessi i costi della restituzione e della spedizione originale. Rimborseremo solo i costi del prodotto. Non possiamo accettare spedizioni in porto assegnato. Per comunicarci la restituzione, vi preghiamo di inviarci un'e-mail.<strong>Posta<\/strong> su <a href=\"mailto:info@haartick-extensions.de\">info@haartick-extensions.de<\/a>.<\/p><h4><strong>Tempi di elaborazione e rimborso<\/strong><\/h4><p>Cerchiamo di elaborare il vostro reso entro una settimana dal ricevimento, spesso anche pi\u00f9 velocemente. Il rimborso del prezzo di acquisto verr\u00e0 effettuato tramite il metodo di pagamento utilizzato al momento dell'ordine, subito dopo l'elaborazione.<\/p><p>Ulteriori informazioni sono disponibili nella nostra politica di cancellazione.<\/p><h4><strong>Informazioni sulla spedizione<\/strong><\/h4><p>Gli ordini ricevuti entro le ore 15:00 dei giorni lavorativi vengono solitamente spediti il giorno stesso con un pacco DHL.<\/p><h4><strong>Costi di spedizione e tempi di consegna<\/strong><\/h4>\n\t\t\t\t\t<\/div>\n\t\t\t\t\t\t<\/div>\n\t\t\t\t<\/div>\n\t\t\t\t<div class=\"elementor-element elementor-element-e12067c elementor-widget elementor-widget-wd_accordion\" data-id=\"e12067c\" data-element_type=\"widget\" data-widget_type=\"wd_accordion.default\">\n\t\t\t\t<div class=\"elementor-widget-container\">\n\t\t\t\t\t\n\t\t<div class=\"wd-accordion wd-style-default wd-border-off wd-titles-left wd-opener-pos-right wd-opener-style-arrow\" data-state=\"all_closed\">\n\t\t\t\t\t\t\t\n\t\t\t\t<div class=\"wd-accordion-item\">\n\t\t\t\t\t<div class=\"wd-accordion-title wd-role-btn\" data-accordion-index=\"0\" tabindex=\"0\">\n\t\t\t\t\t\t<div class=\"wd-accordion-title-text\">\n\t\t\t\t\t\t\t\t\t\t\t\t\t\t<span>\n\t\t\t\t\t\t\t\tGermania\t\t\t\t\t\t\t<\/span>\n\t\t\t\t\t\t<\/div>\n\t\t\t\t\t\t<span class=\"wd-accordion-opener\"><\/span>\n\t\t\t\t\t<\/div>\n\n\t\t\t\t\t<div class=\"wd-accordion-content wd-entry-content\" data-accordion-index=\"0\">\n\t\t\t\t\t\t\t\t\t\t\t\t\t\n\t\t\t\t\t\t\t<ul><li>Spedizione gratuita in Germania a partire da un valore d'ordine di 49 euro; al di sotto di questo valore si applicano le spese di spedizione di 6,19 euro.<\/li><li>Per la spedizione di merci ingombranti addebitiamo 36,36 \u20ac. La merce ingombrante \u00e8 indicata come tale nella descrizione dell'articolo.<\/li><li>Possibilit\u00e0 di consegna presso le stazioni di imballaggio DHL in Germania.<\/li><li>Tempi di consegna: 1-2 giorni lavorativi<\/li><li>Metodo di spedizione: pacco DHL<\/li><\/ul>\n\t\t\t\t\t\t\t\t\t\t\t\t\t\t\t\t\t\t<\/div>\n\t\t\t\t<\/div>\n\t\t\t\t\t\t\t\n\t\t\t\t<div class=\"wd-accordion-item\">\n\t\t\t\t\t<div class=\"wd-accordion-title wd-role-btn\" data-accordion-index=\"1\" tabindex=\"0\">\n\t\t\t\t\t\t<div class=\"wd-accordion-title-text\">\n\t\t\t\t\t\t\t\t\t\t\t\t\t\t<span>\n\t\t\t\t\t\t\t\tUnione Europea\t\t\t\t\t\t\t<\/span>\n\t\t\t\t\t\t<\/div>\n\t\t\t\t\t\t<span class=\"wd-accordion-opener\"><\/span>\n\t\t\t\t\t<\/div>\n\n\t\t\t\t\t<div class=\"wd-accordion-content wd-entry-content\" data-accordion-index=\"1\">\n\t\t\t\t\t\t\t\t\t\t\t\t\t\n\t\t\t\t\t\t\t<ul><li>Spese di spedizione: 14,49 \u20ac<\/li><li>Per la spedizione di merci ingombranti addebitiamo 46,99 \u20ac. La merce ingombrante \u00e8 indicata come tale nella descrizione dell'articolo.<\/li><li>Tempi di consegna: 1-3 giorni lavorativi<\/li><li>Eventuali dazi doganali e tasse sono a carico del cliente.<\/li><li>Metodo di spedizione: pacco DHL<\/li><\/ul>\n\t\t\t\t\t\t\t\t\t\t\t\t\t\t\t\t\t\t<\/div>\n\t\t\t\t<\/div>\n\t\t\t\t\t\t\t\n\t\t\t\t<div class=\"wd-accordion-item\">\n\t\t\t\t\t<div class=\"wd-accordion-title wd-role-btn\" data-accordion-index=\"2\" tabindex=\"0\">\n\t\t\t\t\t\t<div class=\"wd-accordion-title-text\">\n\t\t\t\t\t\t\t\t\t\t\t\t\t\t<span>\n\t\t\t\t\t\t\t\tGran Bretagna, Irlanda del Nord, Svizzera\t\t\t\t\t\t\t<\/span>\n\t\t\t\t\t\t<\/div>\n\t\t\t\t\t\t<span class=\"wd-accordion-opener\"><\/span>\n\t\t\t\t\t<\/div>\n\n\t\t\t\t\t<div class=\"wd-accordion-content wd-entry-content\" data-accordion-index=\"2\">\n\t\t\t\t\t\t\t\t\t\t\t\t\t\n\t\t\t\t\t\t\t<ul><li>Spese di spedizione: 26,99 \u20ac<\/li><li>Per la spedizione di merci ingombranti addebitiamo 56,99 \u20ac. Le merci ingombranti sono indicate come tali nella descrizione dell'articolo.<\/li><li>Tempi di consegna: 5-10 giorni lavorativi<\/li><li>Metodo di spedizione: pacco DHL<\/li><\/ul>\n\t\t\t\t\t\t\t\t\t\t\t\t\t\t\t\t\t\t<\/div>\n\t\t\t\t<\/div>\n\t\t\t\t\t\t\t\n\t\t\t\t<div class=\"wd-accordion-item\">\n\t\t\t\t\t<div class=\"wd-accordion-title wd-role-btn\" data-accordion-index=\"3\" tabindex=\"0\">\n\t\t\t\t\t\t<div class=\"wd-accordion-title-text\">\n\t\t\t\t\t\t\t\t\t\t\t\t\t\t<span>\n\t\t\t\t\t\t\t\tResto d'Europa\t\t\t\t\t\t\t<\/span>\n\t\t\t\t\t\t<\/div>\n\t\t\t\t\t\t<span class=\"wd-accordion-opener\"><\/span>\n\t\t\t\t\t<\/div>\n\n\t\t\t\t\t<div class=\"wd-accordion-content wd-entry-content\" data-accordion-index=\"3\">\n\t\t\t\t\t\t\t\t\t\t\t\t\t\n\t\t\t\t\t\t\t<ul><li>Spese di spedizione: 29,99 \u20ac<\/li><li>Per la spedizione di merci ingombranti addebitiamo 59,99 \u20ac. Le merci ingombranti sono indicate come tali nella descrizione dell'articolo.<\/li><li>Tempi di consegna: 5-10 giorni lavorativi<\/li><li>Eventuali dazi doganali e tasse sono a carico del cliente.<\/li><li>Metodo di spedizione: pacco DHL<\/li><\/ul>\n\t\t\t\t\t\t\t\t\t\t\t\t\t\t\t\t\t\t<\/div>\n\t\t\t\t<\/div>\n\t\t\t\t\t\t\t\n\t\t\t\t<div class=\"wd-accordion-item\">\n\t\t\t\t\t<div class=\"wd-accordion-title wd-role-btn\" data-accordion-index=\"4\" tabindex=\"0\">\n\t\t\t\t\t\t<div class=\"wd-accordion-title-text\">\n\t\t\t\t\t\t\t\t\t\t\t\t\t\t<span>\n\t\t\t\t\t\t\t\tFederazione Russa\t\t\t\t\t\t\t<\/span>\n\t\t\t\t\t\t<\/div>\n\t\t\t\t\t\t<span class=\"wd-accordion-opener\"><\/span>\n\t\t\t\t\t<\/div>\n\n\t\t\t\t\t<div class=\"wd-accordion-content wd-entry-content\" data-accordion-index=\"4\">\n\t\t\t\t\t\t\t\t\t\t\t\t\t\n\t\t\t\t\t\t\t<ul><li>Spese di spedizione: 34,99 \u20ac<\/li><li>Non \u00e8 possibile inviare merci ingombranti in questa regione. Le merci ingombranti sono indicate come tali nella descrizione dell'articolo.<\/li><li>Tempi di consegna: 5-10 giorni lavorativi<\/li><li>Eventuali dazi doganali e tasse sono a carico del cliente.<\/li><li>Metodo di spedizione: pacco DHL<\/li><\/ul>\n\t\t\t\t\t\t\t\t\t\t\t\t\t\t\t\t\t\t<\/div>\n\t\t\t\t<\/div>\n\t\t\t\t\t\t\t\n\t\t\t\t<div class=\"wd-accordion-item\">\n\t\t\t\t\t<div class=\"wd-accordion-title wd-role-btn\" data-accordion-index=\"5\" tabindex=\"0\">\n\t\t\t\t\t\t<div class=\"wd-accordion-title-text\">\n\t\t\t\t\t\t\t\t\t\t\t\t\t\t<span>\n\t\t\t\t\t\t\t\tNord, Centro e Sud America\t\t\t\t\t\t\t<\/span>\n\t\t\t\t\t\t<\/div>\n\t\t\t\t\t\t<span class=\"wd-accordion-opener\"><\/span>\n\t\t\t\t\t<\/div>\n\n\t\t\t\t\t<div class=\"wd-accordion-content wd-entry-content\" data-accordion-index=\"5\">\n\t\t\t\t\t\t\t\t\t\t\t\t\t\n\t\t\t\t\t\t\t<ul><li>Spese di spedizione: 47,99 \u20ac<\/li><li><span style=\"font-family: 'Readex Pro', Arial, Helvetica, sans-serif; font-size: 13px; font-style: normal; font-variant-ligatures: normal; font-variant-caps: normal; font-weight: 400;\">Non \u00e8 possibile spedire merci ingombranti in questa regione.<\/span>. Le merci ingombranti sono indicate come tali nella descrizione dell'articolo.<\/li><li>Tempi di consegna: 7-21 giorni lavorativi<\/li><li>Eventuali dazi doganali e tasse sono a carico del cliente.<\/li><li>Metodo di spedizione: pacco DHL<\/li><\/ul>\n\t\t\t\t\t\t\t\t\t\t\t\t\t\t\t\t\t\t<\/div>\n\t\t\t\t<\/div>\n\t\t\t\t\t\t\t\n\t\t\t\t<div class=\"wd-accordion-item\">\n\t\t\t\t\t<div class=\"wd-accordion-title wd-role-btn\" data-accordion-index=\"6\" tabindex=\"0\">\n\t\t\t\t\t\t<div class=\"wd-accordion-title-text\">\n\t\t\t\t\t\t\t\t\t\t\t\t\t\t<span>\n\t\t\t\t\t\t\t\tNord Africa, Medio Oriente\t\t\t\t\t\t\t<\/span>\n\t\t\t\t\t\t<\/div>\n\t\t\t\t\t\t<span class=\"wd-accordion-opener\"><\/span>\n\t\t\t\t\t<\/div>\n\n\t\t\t\t\t<div class=\"wd-accordion-content wd-entry-content\" data-accordion-index=\"6\">\n\t\t\t\t\t\t\t\t\t\t\t\t\t\n\t\t\t\t\t\t\t<ul><li>Spese di spedizione: 47,99 \u20ac<\/li><li>Per la spedizione di merci ingombranti addebitiamo \u20ac 77,99. La merce ingombrante \u00e8 indicata come tale nella descrizione dell'articolo.<\/li><li>Tempi di consegna: 7-21 giorni lavorativi<\/li><li>Eventuali dazi doganali e tasse sono a carico del cliente.<\/li><li>Metodo di spedizione: pacco DHL<\/li><\/ul>\n\t\t\t\t\t\t\t\t\t\t\t\t\t\t\t\t\t\t<\/div>\n\t\t\t\t<\/div>\n\t\t\t\t\t\t\t\n\t\t\t\t<div class=\"wd-accordion-item\">\n\t\t\t\t\t<div class=\"wd-accordion-title wd-role-btn\" data-accordion-index=\"7\" tabindex=\"0\">\n\t\t\t\t\t\t<div class=\"wd-accordion-title-text\">\n\t\t\t\t\t\t\t\t\t\t\t\t\t\t<span>\n\t\t\t\t\t\t\t\tAsia, Africa (escluso Nord Africa e Medio Oriente)  \t\t\t\t\t\t\t<\/span>\n\t\t\t\t\t\t<\/div>\n\t\t\t\t\t\t<span class=\"wd-accordion-opener\"><\/span>\n\t\t\t\t\t<\/div>\n\n\t\t\t\t\t<div class=\"wd-accordion-content wd-entry-content\" data-accordion-index=\"7\">\n\t\t\t\t\t\t\t\t\t\t\t\t\t\n\t\t\t\t\t\t\t<ul><li>Spese di spedizione: 45,99 \u20ac<\/li><li>Per la spedizione di merci ingombranti addebitiamo 75,99 \u20ac. La merce ingombrante \u00e8 indicata come tale nella descrizione dell'articolo.<\/li><li>Tempi di consegna: 7-21 giorni lavorativi<\/li><li>Eventuali dazi doganali e tasse sono a carico del cliente.<\/li><li>Metodo di spedizione: pacco DHL<\/li><\/ul>\n\t\t\t\t\t\t\t\t\t\t\t\t\t\t\t\t\t\t<\/div>\n\t\t\t\t<\/div>\n\t\t\t\t\t\t\t\n\t\t\t\t<div class=\"wd-accordion-item\">\n\t\t\t\t\t<div class=\"wd-accordion-title wd-role-btn\" data-accordion-index=\"8\" tabindex=\"0\">\n\t\t\t\t\t\t<div class=\"wd-accordion-title-text\">\n\t\t\t\t\t\t\t\t\t\t\t\t\t\t<span>\n\t\t\t\t\t\t\t\tAustralia, Oceania\t\t\t\t\t\t\t<\/span>\n\t\t\t\t\t\t<\/div>\n\t\t\t\t\t\t<span class=\"wd-accordion-opener\"><\/span>\n\t\t\t\t\t<\/div>\n\n\t\t\t\t\t<div class=\"wd-accordion-content wd-entry-content\" data-accordion-index=\"8\">\n\t\t\t\t\t\t\t\t\t\t\t\t\t\n\t\t\t\t\t\t\t<ul><li>Spese di spedizione: 49,99 \u20ac<\/li><li><span style=\"font-family: 'Readex Pro', Arial, Helvetica, sans-serif; font-size: 13px; font-style: normal; font-variant-ligatures: normal; font-variant-caps: normal; font-weight: 400;\">Non \u00e8 possibile spedire merci ingombranti in questa regione.<\/span>. Le merci ingombranti sono indicate come tali nella descrizione dell'articolo.<\/li><li>Tempi di consegna: 7-21 giorni lavorativi<\/li><li>Eventuali dazi doganali e tasse sono a carico del cliente.<\/li><li>Metodo di spedizione: pacco DHL<\/li><\/ul>\n\t\t\t\t\t\t\t\t\t\t\t\t\t\t\t\t\t\t<\/div>\n\t\t\t\t<\/div>\n\t\t\t\t\t<\/div>\n\t\t\t\t\t\t<\/div>\n\t\t\t\t<\/div>\n\t\t\t\t\t<\/div>\n\t\t<\/div>\n\t\t\t\t\t<\/div>\n\t\t<\/section>\n\t\t\t\t<\/div>","protected":false},"excerpt":{"rendered":"<p>R\u00fccksendung Sie haben die M\u00f6glichkeit, innerhalb von 14 Tagen unerw\u00fcnschte Produkte unkompliziert zur\u00fcckzusenden. Beachten Sie bitte, dass Artikel mit Hygienesiegeln<\/p>","protected":false},"author":1,"featured_media":0,"parent":0,"menu_order":0,"comment_status":"closed","ping_status":"closed","template":"","meta":{"_joinchat":[],"footnotes":""},"class_list":["post-21647","page","type-page","status-publish","hentry"],"yoast_head":"<!-- This site is optimized with the Yoast SEO plugin v25.6 - https:\/\/yoast.com\/wordpress\/plugins\/seo\/ -->\n<title>R\u00fccksendung und Versand - Haartick-Extensions<\/title>\n<meta name=\"robots\" content=\"index, follow, max-snippet:-1, max-image-preview:large, max-video-preview:-1\" \/>\n<link rel=\"canonical\" href=\"https:\/\/www.haartick-extensions.de\/it\/ruecksendung-und-versand\/\" \/>\n<meta property=\"og:locale\" content=\"it_IT\" \/>\n<meta property=\"og:type\" content=\"article\" \/>\n<meta property=\"og:title\" content=\"R\u00fccksendung und Versand - Haartick-Extensions\" \/>\n<meta property=\"og:description\" content=\"R\u00fccksendung Sie haben die M\u00f6glichkeit, innerhalb von 14 Tagen unerw\u00fcnschte Produkte unkompliziert zur\u00fcckzusenden. Beachten Sie bitte, dass Artikel mit Hygienesiegeln\" \/>\n<meta property=\"og:url\" content=\"https:\/\/www.haartick-extensions.de\/it\/ruecksendung-und-versand\/\" \/>\n<meta property=\"og:site_name\" content=\"Haartick-Extensions\" \/>\n<meta property=\"article:modified_time\" content=\"2025-05-08T12:16:42+00:00\" \/>\n<meta name=\"twitter:card\" content=\"summary_large_image\" \/>\n<meta name=\"twitter:label1\" content=\"Tempo di lettura stimato\" \/>\n\t<meta name=\"twitter:data1\" content=\"3 minuti\" \/>\n<script type=\"application\/ld+json\" class=\"yoast-schema-graph\">{\"@context\":\"https:\/\/schema.org\",\"@graph\":[{\"@type\":\"WebPage\",\"@id\":\"https:\/\/www.haartick-extensions.de\/fr\/ruecksendung-und-versand\/\",\"url\":\"https:\/\/www.haartick-extensions.de\/fr\/ruecksendung-und-versand\/\",\"name\":\"R\u00fccksendung und Versand - Haartick-Extensions\",\"isPartOf\":{\"@id\":\"https:\/\/www.haartick-extensions.de\/it\/#website\"},\"datePublished\":\"2024-10-24T11:41:56+00:00\",\"dateModified\":\"2025-05-08T12:16:42+00:00\",\"breadcrumb\":{\"@id\":\"https:\/\/www.haartick-extensions.de\/fr\/ruecksendung-und-versand\/#breadcrumb\"},\"inLanguage\":\"it-IT\",\"potentialAction\":[{\"@type\":\"ReadAction\",\"target\":[\"https:\/\/www.haartick-extensions.de\/fr\/ruecksendung-und-versand\/\"]}]},{\"@type\":\"BreadcrumbList\",\"@id\":\"https:\/\/www.haartick-extensions.de\/fr\/ruecksendung-und-versand\/#breadcrumb\",\"itemListElement\":[{\"@type\":\"ListItem\",\"position\":1,\"name\":\"Startseite\",\"item\":\"https:\/\/www.haartick-extensions.de\/it\/\"},{\"@type\":\"ListItem\",\"position\":2,\"name\":\"R\u00fccksendung und Versand\"}]},{\"@type\":\"WebSite\",\"@id\":\"https:\/\/www.haartick-extensions.de\/it\/#website\",\"url\":\"https:\/\/www.haartick-extensions.de\/it\/\",\"name\":\"Haartick-Extensions\",\"description\":\"Professionelle Haarverl\u00e4ngerund \/ Haarverdichtung mit 100% Echthaar.\",\"publisher\":{\"@id\":\"https:\/\/www.haartick-extensions.de\/it\/#organization\"},\"potentialAction\":[{\"@type\":\"SearchAction\",\"target\":{\"@type\":\"EntryPoint\",\"urlTemplate\":\"https:\/\/www.haartick-extensions.de\/it\/?s={search_term_string}\"},\"query-input\":{\"@type\":\"PropertyValueSpecification\",\"valueRequired\":true,\"valueName\":\"search_term_string\"}}],\"inLanguage\":\"it-IT\"},{\"@type\":\"Organization\",\"@id\":\"https:\/\/www.haartick-extensions.de\/it\/#organization\",\"name\":\"Haartick Extensions\",\"url\":\"https:\/\/www.haartick-extensions.de\/it\/\",\"logo\":{\"@type\":\"ImageObject\",\"inLanguage\":\"it-IT\",\"@id\":\"https:\/\/www.haartick-extensions.de\/it\/#\/schema\/logo\/image\/\",\"url\":\"https:\/\/www.haartick-extensions.de\/wp-content\/uploads\/2024\/05\/cropped-Logo-mark-charm.png\",\"contentUrl\":\"https:\/\/www.haartick-extensions.de\/wp-content\/uploads\/2024\/05\/cropped-Logo-mark-charm.png\",\"width\":512,\"height\":512,\"caption\":\"Haartick Extensions\"},\"image\":{\"@id\":\"https:\/\/www.haartick-extensions.de\/it\/#\/schema\/logo\/image\/\"}}]}<\/script>\n<!-- \/ Yoast SEO plugin. -->","yoast_head_json":{"title":"R\u00fccksendung und Versand - Haartick-Extensions","robots":{"index":"index","follow":"follow","max-snippet":"max-snippet:-1","max-image-preview":"max-image-preview:large","max-video-preview":"max-video-preview:-1"},"canonical":"https:\/\/www.haartick-extensions.de\/it\/ruecksendung-und-versand\/","og_locale":"it_IT","og_type":"article","og_title":"R\u00fccksendung und Versand - Haartick-Extensions","og_description":"R\u00fccksendung Sie haben die M\u00f6glichkeit, innerhalb von 14 Tagen unerw\u00fcnschte Produkte unkompliziert zur\u00fcckzusenden. Beachten Sie bitte, dass Artikel mit Hygienesiegeln","og_url":"https:\/\/www.haartick-extensions.de\/it\/ruecksendung-und-versand\/","og_site_name":"Haartick-Extensions","article_modified_time":"2025-05-08T12:16:42+00:00","twitter_card":"summary_large_image","twitter_misc":{"Tempo di lettura stimato":"3 minuti"},"schema":{"@context":"https:\/\/schema.org","@graph":[{"@type":"WebPage","@id":"https:\/\/www.haartick-extensions.de\/fr\/ruecksendung-und-versand\/","url":"https:\/\/www.haartick-extensions.de\/fr\/ruecksendung-und-versand\/","name":"R\u00fccksendung und Versand - Haartick-Extensions","isPartOf":{"@id":"https:\/\/www.haartick-extensions.de\/it\/#website"},"datePublished":"2024-10-24T11:41:56+00:00","dateModified":"2025-05-08T12:16:42+00:00","breadcrumb":{"@id":"https:\/\/www.haartick-extensions.de\/fr\/ruecksendung-und-versand\/#breadcrumb"},"inLanguage":"it-IT","potentialAction":[{"@type":"ReadAction","target":["https:\/\/www.haartick-extensions.de\/fr\/ruecksendung-und-versand\/"]}]},{"@type":"BreadcrumbList","@id":"https:\/\/www.haartick-extensions.de\/fr\/ruecksendung-und-versand\/#breadcrumb","itemListElement":[{"@type":"ListItem","position":1,"name":"Startseite","item":"https:\/\/www.haartick-extensions.de\/it\/"},{"@type":"ListItem","position":2,"name":"R\u00fccksendung und Versand"}]},{"@type":"WebSite","@id":"https:\/\/www.haartick-extensions.de\/it\/#website","url":"https:\/\/www.haartick-extensions.de\/it\/","name":"Estensioni a bastoncino per capelli","description":"Allungamento e infoltimento professionale con capelli umani 100%.","publisher":{"@id":"https:\/\/www.haartick-extensions.de\/it\/#organization"},"potentialAction":[{"@type":"SearchAction","target":{"@type":"EntryPoint","urlTemplate":"https:\/\/www.haartick-extensions.de\/it\/?s={search_term_string}"},"query-input":{"@type":"PropertyValueSpecification","valueRequired":true,"valueName":"search_term_string"}}],"inLanguage":"it-IT"},{"@type":"Organization","@id":"https:\/\/www.haartick-extensions.de\/it\/#organization","name":"Estensioni Haartick","url":"https:\/\/www.haartick-extensions.de\/it\/","logo":{"@type":"ImageObject","inLanguage":"it-IT","@id":"https:\/\/www.haartick-extensions.de\/it\/#\/schema\/logo\/image\/","url":"https:\/\/www.haartick-extensions.de\/wp-content\/uploads\/2024\/05\/cropped-Logo-mark-charm.png","contentUrl":"https:\/\/www.haartick-extensions.de\/wp-content\/uploads\/2024\/05\/cropped-Logo-mark-charm.png","width":512,"height":512,"caption":"Haartick Extensions"},"image":{"@id":"https:\/\/www.haartick-extensions.de\/it\/#\/schema\/logo\/image\/"}}]}},"_links":{"self":[{"href":"https:\/\/www.haartick-extensions.de\/it\/wp-json\/wp\/v2\/pages\/21647","targetHints":{"allow":["GET"]}}],"collection":[{"href":"https:\/\/www.haartick-extensions.de\/it\/wp-json\/wp\/v2\/pages"}],"about":[{"href":"https:\/\/www.haartick-extensions.de\/it\/wp-json\/wp\/v2\/types\/page"}],"author":[{"embeddable":true,"href":"https:\/\/www.haartick-extensions.de\/it\/wp-json\/wp\/v2\/users\/1"}],"replies":[{"embeddable":true,"href":"https:\/\/www.haartick-extensions.de\/it\/wp-json\/wp\/v2\/comments?post=21647"}],"version-history":[{"count":0,"href":"https:\/\/www.haartick-extensions.de\/it\/wp-json\/wp\/v2\/pages\/21647\/revisions"}],"wp:attachment":[{"href":"https:\/\/www.haartick-extensions.de\/it\/wp-json\/wp\/v2\/media?parent=21647"}],"curies":[{"name":"wp","href":"https:\/\/api.w.org\/{rel}","templated":true}]}}