{"id":22045,"date":"2024-11-01T11:43:45","date_gmt":"2024-11-01T11:43:45","guid":{"rendered":"https:\/\/www.haartick-extensions.de\/wordpress\/?page_id=22045"},"modified":"2025-08-28T16:54:08","modified_gmt":"2025-08-28T16:54:08","slug":"faq-haarverlaengerung-antworten-zu-extensions-pflege","status":"publish","type":"page","link":"https:\/\/www.haartick-extensions.de\/it\/faq-haarverlaengerung-antworten-zu-extensions-pflege\/","title":{"rendered":"DOMANDE E RISPOSTE"},"content":{"rendered":"<div data-elementor-type=\"wp-page\" data-elementor-id=\"22045\" class=\"elementor elementor-22045\" data-elementor-post-type=\"page\">\n\t\t\t\t<div class=\"wd-negative-gap elementor-element elementor-element-83884ab e-flex e-con-boxed e-con e-parent\" data-id=\"83884ab\" data-element_type=\"container\">\n\t\t\t\t\t<div class=\"e-con-inner\">\n\t\t\t\t<div class=\"elementor-element elementor-element-0f8e80b elementor-widget elementor-widget-wd_accordion\" data-id=\"0f8e80b\" data-element_type=\"widget\" data-widget_type=\"wd_accordion.default\">\n\t\t\t\t<div class=\"elementor-widget-container\">\n\t\t\t\t\t\n\t\t<div class=\"wd-accordion wd-style-default wd-border-off wd-titles-left wd-opener-pos-right wd-opener-style-arrow\" data-state=\"all_closed\">\n\t\t\t\t\t\t\t\n\t\t\t\t<div class=\"wd-accordion-item\">\n\t\t\t\t\t<div class=\"wd-accordion-title wd-role-btn\" data-accordion-index=\"0\" tabindex=\"0\">\n\t\t\t\t\t\t<div class=\"wd-accordion-title-text\">\n\t\t\t\t\t\t\t\t\t\t\t\t\t\t<span>\n\t\t\t\t\t\t\t\tLe extension danneggiano i capelli?\t\t\t\t\t\t\t<\/span>\n\t\t\t\t\t\t<\/div>\n\t\t\t\t\t\t<span class=\"wd-accordion-opener\"><\/span>\n\t\t\t\t\t<\/div>\n\n\t\t\t\t\t<div class=\"wd-accordion-content wd-entry-content\" data-accordion-index=\"0\">\n\t\t\t\t\t\t\t\t\t\t\t\t\t\n\t\t\t\t\t\t\t<p>Se le extension vengono applicate e rimosse da un parrucchiere esperto o da un professionista del settore dopo che le ciocche sono cresciute, e se ci si prende cura dei capelli in modo adeguato, non ci sono rischi per i propri capelli.<\/p>\n\t\t\t\t\t\t\t\t\t\t\t\t\t\t\t\t\t\t<\/div>\n\t\t\t\t<\/div>\n\t\t\t\t\t\t\t\n\t\t\t\t<div class=\"wd-accordion-item\">\n\t\t\t\t\t<div class=\"wd-accordion-title wd-role-btn\" data-accordion-index=\"1\" tabindex=\"0\">\n\t\t\t\t\t\t<div class=\"wd-accordion-title-text\">\n\t\t\t\t\t\t\t\t\t\t\t\t\t\t<span>\n\t\t\t\t\t\t\t\tCome vengono applicate le extension? Per quanto tempo posso indossare le extension?\t\t\t\t\t\t\t<\/span>\n\t\t\t\t\t\t<\/div>\n\t\t\t\t\t\t<span class=\"wd-accordion-opener\"><\/span>\n\t\t\t\t\t<\/div>\n\n\t\t\t\t\t<div class=\"wd-accordion-content wd-entry-content\" data-accordion-index=\"1\">\n\t\t\t\t\t\t\t\t\t\t\t\t\t\n\t\t\t\t\t\t\t<p><strong>Metodo di incollaggio:<\/strong><\/p><p>Le extension vengono attaccate ai capelli con delle pinze termiche. In questo modo non si danneggiano i capelli. Con questo metodo, le extension durano fino a 6 mesi.<\/p><p><strong>Metodo a nastro:<\/strong><\/p><p>I capelli vengono inseriti con strisce adesive. Anche in questo caso, non c'\u00e8 alcun rischio per i propri capelli. Con questo metodo, le extension durano fino a 8 settimane.<\/p>\n\t\t\t\t\t\t\t\t\t\t\t\t\t\t\t\t\t\t<\/div>\n\t\t\t\t<\/div>\n\t\t\t\t\t\t\t\n\t\t\t\t<div class=\"wd-accordion-item\">\n\t\t\t\t\t<div class=\"wd-accordion-title wd-role-btn\" data-accordion-index=\"2\" tabindex=\"0\">\n\t\t\t\t\t\t<div class=\"wd-accordion-title-text\">\n\t\t\t\t\t\t\t\t\t\t\t\t\t\t<span>\n\t\t\t\t\t\t\t\tQuale metodo di estensione \u00e8 pi\u00f9 adatto a me?\t\t\t\t\t\t\t<\/span>\n\t\t\t\t\t\t<\/div>\n\t\t\t\t\t\t<span class=\"wd-accordion-opener\"><\/span>\n\t\t\t\t\t<\/div>\n\n\t\t\t\t\t<div class=\"wd-accordion-content wd-entry-content\" data-accordion-index=\"2\">\n\t\t\t\t\t\t\t\t\t\t\t\t\t\n\t\t\t\t\t\t\t<p>Fare <span style=\"text-decoration: underline;\"><strong><a href=\"https:\/\/www.haartick-extensions.de\/it\/finde-deine-perfekte-extensions-methode\/\">qui<\/a><\/strong><\/span>\u00a0rispondere a un breve quiz e ricevere direttamente la nostra raccomandazione.<\/p>\n\t\t\t\t\t\t\t\t\t\t\t\t\t\t\t\t\t\t<\/div>\n\t\t\t\t<\/div>\n\t\t\t\t\t\t\t\n\t\t\t\t<div class=\"wd-accordion-item\">\n\t\t\t\t\t<div class=\"wd-accordion-title wd-role-btn\" data-accordion-index=\"3\" tabindex=\"0\">\n\t\t\t\t\t\t<div class=\"wd-accordion-title-text\">\n\t\t\t\t\t\t\t\t\t\t\t\t\t\t<span>\n\t\t\t\t\t\t\t\tQuantit\u00e0 consigliata\t\t\t\t\t\t\t<\/span>\n\t\t\t\t\t\t<\/div>\n\t\t\t\t\t\t<span class=\"wd-accordion-opener\"><\/span>\n\t\t\t\t\t<\/div>\n\n\t\t\t\t\t<div class=\"wd-accordion-content wd-entry-content\" data-accordion-index=\"3\">\n\t\t\t\t\t\t\t\t\t\t\t\t\t\n\t\t\t\t\t\t\t<p>Cliccare <span style=\"text-decoration: underline;\"><a href=\"https:\/\/www.haartick-extensions.de\/it\/mengenempfehlung\/\"><b>qui<\/b><\/a><\/span>\u00a0per una panoramica<\/p>\n\t\t\t\t\t\t\t\t\t\t\t\t\t\t\t\t\t\t<\/div>\n\t\t\t\t<\/div>\n\t\t\t\t\t\t\t\n\t\t\t\t<div class=\"wd-accordion-item\">\n\t\t\t\t\t<div class=\"wd-accordion-title wd-role-btn\" data-accordion-index=\"4\" tabindex=\"0\">\n\t\t\t\t\t\t<div class=\"wd-accordion-title-text\">\n\t\t\t\t\t\t\t\t\t\t\t\t\t\t<span>\n\t\t\t\t\t\t\t\tRischi ed effetti collaterali\t\t\t\t\t\t\t<\/span>\n\t\t\t\t\t\t<\/div>\n\t\t\t\t\t\t<span class=\"wd-accordion-opener\"><\/span>\n\t\t\t\t\t<\/div>\n\n\t\t\t\t\t<div class=\"wd-accordion-content wd-entry-content\" data-accordion-index=\"4\">\n\t\t\t\t\t\t\t\t\t\t\t\t\t\n\t\t\t\t\t\t\t<p><b>Le estensioni cadono:<\/b><\/p><p>Questo pu\u00f2 essere causato da capelli estremamente lisci, dall'effetto del calore sui legami di cheratina, da un cuoio capelluto oleoso o da prodotti di cura errati. In casi estremi, rivolgersi al proprio parrucchiere.<b><\/b><\/p><p><b>I capelli sembrano secchi:<\/b><\/p><p>Come i capelli naturali, anche i capelli umani possono essere soggetti a secchezza e doppie punte. Leggere la sezione \"Cura\" e seguire i consigli per la cura.<b><\/b><\/p><p><b>Annodare i capelli:<\/b><\/p><p>Questo accade se la cura non \u00e8 corretta. Spazzolare regolarmente i capelli con una spazzola speciale per extension e asciugare sempre i capelli dopo il lavaggio.<b><\/b><\/p><p><b>Il pelo si opacizza:<\/b><\/p><p>Questo pu\u00f2 essere causato da una cura impropria o da capelli fortemente stressati (trattamenti chimici). Utilizzare trattamenti intensivi e fluidi per capelli<b>.<\/b><\/p><p><b>Prurito:<\/b><\/p><p>All'inizio le extension possono causare prurito. Utilizzare uno shampoo delicato ed evitare lo shampoo antiforfora.<b>.<\/b><\/p><p><b>Mal di testa:<\/b><\/p><p>I primi mal di testa sono normali e scompariranno non appena il cuoio capelluto si abituer\u00e0 al peso extra.<b><\/b><\/p><p><b>Le estensioni si allentano:<\/b><\/p><p>Questo pu\u00f2 essere causato da trattamenti chimici o da una cura non corretta. In casi estremi, contattate il vostro parrucchiere.<b><\/b><\/p><p><b>Il legame con la cheratina \u00e8 morbido e appiccicoso:<\/b><\/p><p>L'uso prolungato quando \u00e8 bagnato o l'eccessiva sudorazione possono rendere fragile la cheratina.<b>.<\/b><\/p><p><b>Cosa devo considerare prima dell'inserimento?<\/b><\/p><p>Indipendentemente dal fatto che si opti per le extension con bonding o con nastro, i capelli devono essere lavati accuratamente con uno shampoo detergente prima dell'inserimento. Se i capelli non sono stati puliti a fondo e ci sono ancora residui di prodotti per lo styling sui capelli, ad esempio, la cheratina o l'adesivo non saranno in grado di legarsi ai capelli. Ci\u00f2 pu\u00f2 causare lo scivolamento delle extension.<\/p>\n\t\t\t\t\t\t\t\t\t\t\t\t\t\t\t\t\t\t<\/div>\n\t\t\t\t<\/div>\n\t\t\t\t\t\t\t\n\t\t\t\t<div class=\"wd-accordion-item\">\n\t\t\t\t\t<div class=\"wd-accordion-title wd-role-btn\" data-accordion-index=\"5\" tabindex=\"0\">\n\t\t\t\t\t\t<div class=\"wd-accordion-title-text\">\n\t\t\t\t\t\t\t\t\t\t\t\t\t\t<span>\n\t\t\t\t\t\t\t\t\u00c8 possibile ordinare per telefono?\t\t\t\t\t\t\t<\/span>\n\t\t\t\t\t\t<\/div>\n\t\t\t\t\t\t<span class=\"wd-accordion-opener\"><\/span>\n\t\t\t\t\t<\/div>\n\n\t\t\t\t\t<div class=\"wd-accordion-content wd-entry-content\" data-accordion-index=\"5\">\n\t\t\t\t\t\t\t\t\t\t\t\t\t\n\t\t\t\t\t\t\t<p>Siamo anche lieti di ricevere il vostro ordine per telefono al numero +491743786091. Tuttavia, in caso di ordine telefonico, possiamo offrire solo i metodi di pagamento Paypal, bonifico bancario istantaneo, pagamento anticipato o contanti al ritiro.<\/p>\n\t\t\t\t\t\t\t\t\t\t\t\t\t\t\t\t\t\t<\/div>\n\t\t\t\t<\/div>\n\t\t\t\t\t\t\t\n\t\t\t\t<div class=\"wd-accordion-item\">\n\t\t\t\t\t<div class=\"wd-accordion-title wd-role-btn\" data-accordion-index=\"6\" tabindex=\"0\">\n\t\t\t\t\t\t<div class=\"wd-accordion-title-text\">\n\t\t\t\t\t\t\t\t\t\t\t\t\t\t<span>\n\t\t\t\t\t\t\t\tRicever\u00f2 una conferma d'ordine?\t\t\t\t\t\t\t<\/span>\n\t\t\t\t\t\t<\/div>\n\t\t\t\t\t\t<span class=\"wd-accordion-opener\"><\/span>\n\t\t\t\t\t<\/div>\n\n\t\t\t\t\t<div class=\"wd-accordion-content wd-entry-content\" data-accordion-index=\"6\">\n\t\t\t\t\t\t\t\t\t\t\t\t\t\n\t\t\t\t\t\t\t<p>S\u00ec, riceverete una conferma d'ordine via e-mail una volta ricevuto l'ordine. Se disponete di un conto cliente, potete visualizzare i vostri ordini anche l\u00ec.<\/p>\n\t\t\t\t\t\t\t\t\t\t\t\t\t\t\t\t\t\t<\/div>\n\t\t\t\t<\/div>\n\t\t\t\t\t\t\t\n\t\t\t\t<div class=\"wd-accordion-item\">\n\t\t\t\t\t<div class=\"wd-accordion-title wd-role-btn\" data-accordion-index=\"7\" tabindex=\"0\">\n\t\t\t\t\t\t<div class=\"wd-accordion-title-text\">\n\t\t\t\t\t\t\t\t\t\t\t\t\t\t<span>\n\t\t\t\t\t\t\t\tHo bisogno di un account cliente per effettuare un ordine?\t\t\t\t\t\t\t<\/span>\n\t\t\t\t\t\t<\/div>\n\t\t\t\t\t\t<span class=\"wd-accordion-opener\"><\/span>\n\t\t\t\t\t<\/div>\n\n\t\t\t\t\t<div class=\"wd-accordion-content wd-entry-content\" data-accordion-index=\"7\">\n\t\t\t\t\t\t\t\t\t\t\t\t\t\n\t\t\t\t\t\t\t<p>No, \u00e8 possibile ordinare come ospite anche senza un account cliente. Tuttavia, la creazione di un account cliente consente di visualizzare gli ordini e lo stato di spedizione.<\/p>\n\t\t\t\t\t\t\t\t\t\t\t\t\t\t\t\t\t\t<\/div>\n\t\t\t\t<\/div>\n\t\t\t\t\t\t\t\n\t\t\t\t<div class=\"wd-accordion-item\">\n\t\t\t\t\t<div class=\"wd-accordion-title wd-role-btn\" data-accordion-index=\"8\" tabindex=\"0\">\n\t\t\t\t\t\t<div class=\"wd-accordion-title-text\">\n\t\t\t\t\t\t\t\t\t\t\t\t\t\t<span>\n\t\t\t\t\t\t\t\tCosa devo fare se voglio cambiare la password del mio account cliente o se l'ho dimenticata?\t\t\t\t\t\t\t<\/span>\n\t\t\t\t\t\t<\/div>\n\t\t\t\t\t\t<span class=\"wd-accordion-opener\"><\/span>\n\t\t\t\t\t<\/div>\n\n\t\t\t\t\t<div class=\"wd-accordion-content wd-entry-content\" data-accordion-index=\"8\">\n\t\t\t\t\t\t\t\t\t\t\t\t\t\n\t\t\t\t\t\t\t<p>Se si desidera modificare la password o se la si \u00e8 dimenticata, \u00e8 possibile farlo utilizzando il pulsante <a href=\"https:\/\/www.haartick-extensions.de\/it\/mein-konto\/lost-password\/\">\"Password dimenticata\"<\/a> creare una nuova password.<\/p>\n\t\t\t\t\t\t\t\t\t\t\t\t\t\t\t\t\t\t<\/div>\n\t\t\t\t<\/div>\n\t\t\t\t\t\t\t\n\t\t\t\t<div class=\"wd-accordion-item\">\n\t\t\t\t\t<div class=\"wd-accordion-title wd-role-btn\" data-accordion-index=\"9\" tabindex=\"0\">\n\t\t\t\t\t\t<div class=\"wd-accordion-title-text\">\n\t\t\t\t\t\t\t\t\t\t\t\t\t\t<span>\n\t\t\t\t\t\t\t\tCosa posso fare se l'articolo che desidero \u00e8 esaurito?\t\t\t\t\t\t\t<\/span>\n\t\t\t\t\t\t<\/div>\n\t\t\t\t\t\t<span class=\"wd-accordion-opener\"><\/span>\n\t\t\t\t\t<\/div>\n\n\t\t\t\t\t<div class=\"wd-accordion-content wd-entry-content\" data-accordion-index=\"9\">\n\t\t\t\t\t\t\t\t\t\t\t\t\t\n\t\t\t\t\t\t\t<p>Avete la possibilit\u00e0 di registrarvi per ricevere una notifica direttamente nel prodotto con il vostro indirizzo e-mail. Non appena l'articolo sar\u00e0 nuovamente disponibile, vi informeremo immediatamente via e-mail. <br \/>Potete anche contattarci via WhatsApp o per telefono, in modo che possiamo consigliarvi se necessario e suggerirvi colori e prodotti alternativi disponibili.<\/p>\n\t\t\t\t\t\t\t\t\t\t\t\t\t\t\t\t\t\t<\/div>\n\t\t\t\t<\/div>\n\t\t\t\t\t\t\t\n\t\t\t\t<div class=\"wd-accordion-item\">\n\t\t\t\t\t<div class=\"wd-accordion-title wd-role-btn\" data-accordion-index=\"10\" tabindex=\"0\">\n\t\t\t\t\t\t<div class=\"wd-accordion-title-text\">\n\t\t\t\t\t\t\t\t\t\t\t\t\t\t<span>\n\t\t\t\t\t\t\t\tHo dimenticato di riscattare il mio codice sconto. \u00c8 possibile farlo a posteriori?\t\t\t\t\t\t\t<\/span>\n\t\t\t\t\t\t<\/div>\n\t\t\t\t\t\t<span class=\"wd-accordion-opener\"><\/span>\n\t\t\t\t\t<\/div>\n\n\t\t\t\t\t<div class=\"wd-accordion-content wd-entry-content\" data-accordion-index=\"10\">\n\t\t\t\t\t\t\t\t\t\t\t\t\t\n\t\t\t\t\t\t\t<p>No, purtroppo non \u00e8 possibile riscattare i codici sconto in modo retroattivo. Tuttavia, \u00e8 possibile utilizzarlo per il prossimo ordine.<\/p>\n\t\t\t\t\t\t\t\t\t\t\t\t\t\t\t\t\t\t<\/div>\n\t\t\t\t<\/div>\n\t\t\t\t\t\t\t\n\t\t\t\t<div class=\"wd-accordion-item\">\n\t\t\t\t\t<div class=\"wd-accordion-title wd-role-btn\" data-accordion-index=\"11\" tabindex=\"0\">\n\t\t\t\t\t\t<div class=\"wd-accordion-title-text\">\n\t\t\t\t\t\t\t\t\t\t\t\t\t\t<span>\n\t\t\t\t\t\t\t\tPosso modificare\/annullare successivamente il mio ordine o cambiare il mio indirizzo di consegna?\t\t\t\t\t\t\t<\/span>\n\t\t\t\t\t\t<\/div>\n\t\t\t\t\t\t<span class=\"wd-accordion-opener\"><\/span>\n\t\t\t\t\t<\/div>\n\n\t\t\t\t\t<div class=\"wd-accordion-content wd-entry-content\" data-accordion-index=\"11\">\n\t\t\t\t\t\t\t\t\t\t\t\t\t\n\t\t\t\t\t\t\t<p>Vi chiediamo di comprendere che non potrete apportare modifiche una volta ricevuto l'ordine, perch\u00e9 solo cos\u00ec possiamo offrirvi tempi di consegna pi\u00f9 rapidi.<\/p>\n\t\t\t\t\t\t\t\t\t\t\t\t\t\t\t\t\t\t<\/div>\n\t\t\t\t<\/div>\n\t\t\t\t\t\t\t\n\t\t\t\t<div class=\"wd-accordion-item\">\n\t\t\t\t\t<div class=\"wd-accordion-title wd-role-btn\" data-accordion-index=\"12\" tabindex=\"0\">\n\t\t\t\t\t\t<div class=\"wd-accordion-title-text\">\n\t\t\t\t\t\t\t\t\t\t\t\t\t\t<span>\n\t\t\t\t\t\t\t\t\u00c8 possibile restituire o cambiare il prodotto se non mi piace?\t\t\t\t\t\t\t<\/span>\n\t\t\t\t\t\t<\/div>\n\t\t\t\t\t\t<span class=\"wd-accordion-opener\"><\/span>\n\t\t\t\t\t<\/div>\n\n\t\t\t\t\t<div class=\"wd-accordion-content wd-entry-content\" data-accordion-index=\"12\">\n\t\t\t\t\t\t\t\t\t\t\t\t\t\n\t\t\t\t\t\t\t<p>Avete la possibilit\u00e0 di restituire i prodotti indesiderati entro 14 giorni come un normale reso senza alcuna complicazione. <br \/>Si prega di notare che gli articoli con sigilli igienici possono essere restituiti solo se integri. Tuttavia, \u00e8 possibile rimuovere i prodotti dalla confezione per toccarli e verificare la qualit\u00e0 o la tonalit\u00e0 del colore. Tuttavia, quando si restituiscono gli articoli, non tagliare i punti di connessione, non tingere i capelli e non maneggiare o danneggiare gli articoli in altro modo. <br \/>Se desiderate un prodotto sostitutivo, ordinatelo nuovamente nel nostro negozio online. <br \/>I prodotti personalizzati e gli ordini speciali non possono essere sostituiti.<\/p>\n\t\t\t\t\t\t\t\t\t\t\t\t\t\t\t\t\t\t<\/div>\n\t\t\t\t<\/div>\n\t\t\t\t\t<\/div>\n\t\t\t\t\t\t<\/div>\n\t\t\t\t<\/div>\n\t\t\t\t\t<\/div>\n\t\t\t\t<\/div>\n\t\t\t\t<\/div>","protected":false},"excerpt":{"rendered":"<p>Schaden Extensions dem eigenen Haar? Wenn Sie die Extensions von einem erfahrenen Friseur oder Profi im Bereich Haarverl\u00e4ngerung einarbeiten und<\/p>","protected":false},"author":1,"featured_media":0,"parent":0,"menu_order":0,"comment_status":"closed","ping_status":"closed","template":"elementor_header_footer","meta":{"_joinchat":[],"footnotes":""},"class_list":["post-22045","page","type-page","status-publish","hentry"],"yoast_head":"<!-- This site is optimized with the Yoast SEO plugin v25.6 - https:\/\/yoast.com\/wordpress\/plugins\/seo\/ -->\n<title>Q&amp;A - Haartick-Extensions<\/title>\n<meta name=\"description\" content=\"Hier findest du alle wichtigen Antworten zu Haarverl\u00e4ngerung, Echthaar Extensions und Pflege. Klare Tipps und Infos f\u00fcr deine perfekte Haarverl\u00e4ngerung.\" \/>\n<meta name=\"robots\" content=\"index, follow, max-snippet:-1, max-image-preview:large, max-video-preview:-1\" \/>\n<link rel=\"canonical\" href=\"https:\/\/www.haartick-extensions.de\/it\/faq-haarverlaengerung-antworten-zu-extensions-pflege\/\" \/>\n<meta property=\"og:locale\" content=\"it_IT\" \/>\n<meta property=\"og:type\" content=\"article\" \/>\n<meta property=\"og:title\" content=\"FAQ Haarverl\u00e4ngerung \u2013 Antworten zu Extensions &amp; Pflege\" \/>\n<meta property=\"og:description\" content=\"Hier findest du alle wichtigen Antworten zu Haarverl\u00e4ngerung, Echthaar Extensions und Pflege. Klare Tipps und Infos f\u00fcr deine perfekte Haarverl\u00e4ngerung.\" \/>\n<meta property=\"og:url\" content=\"https:\/\/www.haartick-extensions.de\/it\/faq-haarverlaengerung-antworten-zu-extensions-pflege\/\" \/>\n<meta property=\"og:site_name\" content=\"Haartick-Extensions\" \/>\n<meta property=\"article:modified_time\" content=\"2025-08-28T16:54:08+00:00\" \/>\n<meta name=\"twitter:card\" content=\"summary_large_image\" \/>\n<meta name=\"twitter:label1\" content=\"Tempo di lettura stimato\" \/>\n\t<meta name=\"twitter:data1\" content=\"5 minuti\" \/>\n<script type=\"application\/ld+json\" class=\"yoast-schema-graph\">{\"@context\":\"https:\/\/schema.org\",\"@graph\":[{\"@type\":\"WebPage\",\"@id\":\"https:\/\/www.haartick-extensions.de\/it\/faq-haarverlaengerung-antworten-zu-extensions-pflege\/\",\"url\":\"https:\/\/www.haartick-extensions.de\/it\/faq-haarverlaengerung-antworten-zu-extensions-pflege\/\",\"name\":\"Q&A - Haartick-Extensions\",\"isPartOf\":{\"@id\":\"https:\/\/www.haartick-extensions.de\/it\/#website\"},\"datePublished\":\"2024-11-01T11:43:45+00:00\",\"dateModified\":\"2025-08-28T16:54:08+00:00\",\"description\":\"Hier findest du alle wichtigen Antworten zu Haarverl\u00e4ngerung, Echthaar Extensions und Pflege. Klare Tipps und Infos f\u00fcr deine perfekte Haarverl\u00e4ngerung.\",\"breadcrumb\":{\"@id\":\"https:\/\/www.haartick-extensions.de\/it\/faq-haarverlaengerung-antworten-zu-extensions-pflege\/#breadcrumb\"},\"inLanguage\":\"it-IT\",\"potentialAction\":[{\"@type\":\"ReadAction\",\"target\":[\"https:\/\/www.haartick-extensions.de\/it\/faq-haarverlaengerung-antworten-zu-extensions-pflege\/\"]}]},{\"@type\":\"BreadcrumbList\",\"@id\":\"https:\/\/www.haartick-extensions.de\/it\/faq-haarverlaengerung-antworten-zu-extensions-pflege\/#breadcrumb\",\"itemListElement\":[{\"@type\":\"ListItem\",\"position\":1,\"name\":\"Startseite\",\"item\":\"https:\/\/www.haartick-extensions.de\/it\/\"},{\"@type\":\"ListItem\",\"position\":2,\"name\":\"Q&#038;A\"}]},{\"@type\":\"WebSite\",\"@id\":\"https:\/\/www.haartick-extensions.de\/it\/#website\",\"url\":\"https:\/\/www.haartick-extensions.de\/it\/\",\"name\":\"Haartick-Extensions\",\"description\":\"Professionelle Haarverl\u00e4ngerund \/ Haarverdichtung mit 100% Echthaar.\",\"publisher\":{\"@id\":\"https:\/\/www.haartick-extensions.de\/it\/#organization\"},\"potentialAction\":[{\"@type\":\"SearchAction\",\"target\":{\"@type\":\"EntryPoint\",\"urlTemplate\":\"https:\/\/www.haartick-extensions.de\/it\/?s={search_term_string}\"},\"query-input\":{\"@type\":\"PropertyValueSpecification\",\"valueRequired\":true,\"valueName\":\"search_term_string\"}}],\"inLanguage\":\"it-IT\"},{\"@type\":\"Organization\",\"@id\":\"https:\/\/www.haartick-extensions.de\/it\/#organization\",\"name\":\"Haartick Extensions\",\"url\":\"https:\/\/www.haartick-extensions.de\/it\/\",\"logo\":{\"@type\":\"ImageObject\",\"inLanguage\":\"it-IT\",\"@id\":\"https:\/\/www.haartick-extensions.de\/it\/#\/schema\/logo\/image\/\",\"url\":\"https:\/\/www.haartick-extensions.de\/wp-content\/uploads\/2024\/05\/cropped-Logo-mark-charm.png\",\"contentUrl\":\"https:\/\/www.haartick-extensions.de\/wp-content\/uploads\/2024\/05\/cropped-Logo-mark-charm.png\",\"width\":512,\"height\":512,\"caption\":\"Haartick Extensions\"},\"image\":{\"@id\":\"https:\/\/www.haartick-extensions.de\/it\/#\/schema\/logo\/image\/\"}}]}<\/script>\n<!-- \/ Yoast SEO plugin. -->","yoast_head_json":{"title":"Q&A - Haartick-Extensions","description":"Hier findest du alle wichtigen Antworten zu Haarverl\u00e4ngerung, Echthaar Extensions und Pflege. Klare Tipps und Infos f\u00fcr deine perfekte Haarverl\u00e4ngerung.","robots":{"index":"index","follow":"follow","max-snippet":"max-snippet:-1","max-image-preview":"max-image-preview:large","max-video-preview":"max-video-preview:-1"},"canonical":"https:\/\/www.haartick-extensions.de\/it\/faq-haarverlaengerung-antworten-zu-extensions-pflege\/","og_locale":"it_IT","og_type":"article","og_title":"FAQ Haarverl\u00e4ngerung \u2013 Antworten zu Extensions & Pflege","og_description":"Hier findest du alle wichtigen Antworten zu Haarverl\u00e4ngerung, Echthaar Extensions und Pflege. Klare Tipps und Infos f\u00fcr deine perfekte Haarverl\u00e4ngerung.","og_url":"https:\/\/www.haartick-extensions.de\/it\/faq-haarverlaengerung-antworten-zu-extensions-pflege\/","og_site_name":"Haartick-Extensions","article_modified_time":"2025-08-28T16:54:08+00:00","twitter_card":"summary_large_image","twitter_misc":{"Tempo di lettura stimato":"5 minuti"},"schema":{"@context":"https:\/\/schema.org","@graph":[{"@type":"WebPage","@id":"https:\/\/www.haartick-extensions.de\/it\/faq-haarverlaengerung-antworten-zu-extensions-pflege\/","url":"https:\/\/www.haartick-extensions.de\/it\/faq-haarverlaengerung-antworten-zu-extensions-pflege\/","name":"Q&A - Haartick-Extensions","isPartOf":{"@id":"https:\/\/www.haartick-extensions.de\/it\/#website"},"datePublished":"2024-11-01T11:43:45+00:00","dateModified":"2025-08-28T16:54:08+00:00","description":"Hier findest du alle wichtigen Antworten zu Haarverl\u00e4ngerung, Echthaar Extensions und Pflege. Klare Tipps und Infos f\u00fcr deine perfekte Haarverl\u00e4ngerung.","breadcrumb":{"@id":"https:\/\/www.haartick-extensions.de\/it\/faq-haarverlaengerung-antworten-zu-extensions-pflege\/#breadcrumb"},"inLanguage":"it-IT","potentialAction":[{"@type":"ReadAction","target":["https:\/\/www.haartick-extensions.de\/it\/faq-haarverlaengerung-antworten-zu-extensions-pflege\/"]}]},{"@type":"BreadcrumbList","@id":"https:\/\/www.haartick-extensions.de\/it\/faq-haarverlaengerung-antworten-zu-extensions-pflege\/#breadcrumb","itemListElement":[{"@type":"ListItem","position":1,"name":"Startseite","item":"https:\/\/www.haartick-extensions.de\/it\/"},{"@type":"ListItem","position":2,"name":"Q&#038;A"}]},{"@type":"WebSite","@id":"https:\/\/www.haartick-extensions.de\/it\/#website","url":"https:\/\/www.haartick-extensions.de\/it\/","name":"Estensioni a bastoncino per capelli","description":"Allungamento e infoltimento professionale con capelli umani 100%.","publisher":{"@id":"https:\/\/www.haartick-extensions.de\/it\/#organization"},"potentialAction":[{"@type":"SearchAction","target":{"@type":"EntryPoint","urlTemplate":"https:\/\/www.haartick-extensions.de\/it\/?s={search_term_string}"},"query-input":{"@type":"PropertyValueSpecification","valueRequired":true,"valueName":"search_term_string"}}],"inLanguage":"it-IT"},{"@type":"Organization","@id":"https:\/\/www.haartick-extensions.de\/it\/#organization","name":"Estensioni Haartick","url":"https:\/\/www.haartick-extensions.de\/it\/","logo":{"@type":"ImageObject","inLanguage":"it-IT","@id":"https:\/\/www.haartick-extensions.de\/it\/#\/schema\/logo\/image\/","url":"https:\/\/www.haartick-extensions.de\/wp-content\/uploads\/2024\/05\/cropped-Logo-mark-charm.png","contentUrl":"https:\/\/www.haartick-extensions.de\/wp-content\/uploads\/2024\/05\/cropped-Logo-mark-charm.png","width":512,"height":512,"caption":"Haartick Extensions"},"image":{"@id":"https:\/\/www.haartick-extensions.de\/it\/#\/schema\/logo\/image\/"}}]}},"_links":{"self":[{"href":"https:\/\/www.haartick-extensions.de\/it\/wp-json\/wp\/v2\/pages\/22045","targetHints":{"allow":["GET"]}}],"collection":[{"href":"https:\/\/www.haartick-extensions.de\/it\/wp-json\/wp\/v2\/pages"}],"about":[{"href":"https:\/\/www.haartick-extensions.de\/it\/wp-json\/wp\/v2\/types\/page"}],"author":[{"embeddable":true,"href":"https:\/\/www.haartick-extensions.de\/it\/wp-json\/wp\/v2\/users\/1"}],"replies":[{"embeddable":true,"href":"https:\/\/www.haartick-extensions.de\/it\/wp-json\/wp\/v2\/comments?post=22045"}],"version-history":[{"count":0,"href":"https:\/\/www.haartick-extensions.de\/it\/wp-json\/wp\/v2\/pages\/22045\/revisions"}],"wp:attachment":[{"href":"https:\/\/www.haartick-extensions.de\/it\/wp-json\/wp\/v2\/media?parent=22045"}],"curies":[{"name":"wp","href":"https:\/\/api.w.org\/{rel}","templated":true}]}}