{"id":20108,"date":"2024-09-06T13:04:38","date_gmt":"2024-09-06T13:04:38","guid":{"rendered":"https:\/\/www.haartick-extensions.de\/wordpress\/?post_type=product&#038;p=20108"},"modified":"2026-04-05T01:51:45","modified_gmt":"2026-04-05T01:51:45","slug":"leichte-folie-fuer-tape-extensions-3-meter","status":"publish","type":"product","link":"https:\/\/www.haartick-extensions.de\/it\/shop\/leichte-folie-fuer-tape-extensions-3-meter\/","title":{"rendered":"Pellicola leggera per prolunghe a nastro da 3 metri"},"content":{"rendered":"<p>L'adesivo leggero utilizzato per le extension a nastro presenta molti vantaggi che lo rendono una buona scelta per le extension di capelli. Nonostante la sua leggerezza, l'adesivo offre un buon potere di tenuta, che assicura che le extension aderiscano saldamente e in modo duraturo ai capelli naturali. La colla \u00e8 appositamente formulata per essere rispettosa della pelle, il che significa che non provoca irritazioni o allergie nella maggior parte delle persone. Questo \u00e8 particolarmente importante per chi ha il cuoio capelluto sensibile. Poich\u00e9 l'adesivo \u00e8 trasparente, rimane invisibile tra i capelli, contribuendo a creare un look naturale. La pellicola sottile e leggera fa s\u00ec che le extension si notino appena e si confondano bene con i capelli naturali. L'adesivo \u00e8 impermeabile e pu\u00f2 resistere alle attivit\u00e0 quotidiane come la doccia, il nuoto e le attivit\u00e0 sportive senza perdere la sua forza adesiva. Ci\u00f2 aumenta la longevit\u00e0 delle extension e garantisce un'applicazione affidabile per un periodo di tempo pi\u00f9 lungo. L'adesivo leggero pu\u00f2 essere facilmente rimosso senza lasciare residui e senza danneggiare i capelli naturali. Questo \u00e8 particolarmente pratico per le applicazioni temporanee o se le extension vengono cambiate frequentemente. Nel complesso, l'adesivo leggero per le extension a nastro \u00e8 giudicato molto buono grazie alla sua buona forza adesiva, alla facilit\u00e0 di applicazione sulla cute e all'invisibilit\u00e0. Se siete alla ricerca di extension a nastro di alta qualit\u00e0, queste propriet\u00e0 sono sicuramente un grande vantaggio. Consigliato per capelli fini.<\/p>","protected":false},"excerpt":{"rendered":"<p>L'adesivo leggero utilizzato per le estensioni a nastro presenta molti vantaggi che lo rendono una buona scelta per le estensioni dei capelli.<\/p>","protected":false},"featured_media":22449,"comment_status":"open","ping_status":"closed","template":"","meta":{"_joinchat":[]},"product_brand":[],"product_cat":[28],"product_tag":[],"class_list":{"0":"post-20108","1":"product","2":"type-product","3":"status-publish","4":"has-post-thumbnail","6":"product_cat-zubehoer","8":"first","9":"instock","10":"taxable","11":"shipping-taxable","12":"purchasable","13":"product-type-simple"},"yoast_head":"<!-- This site is optimized with the Yoast SEO plugin v25.6 - https:\/\/yoast.com\/wordpress\/plugins\/seo\/ -->\n<title>Leichte Folie f\u00fcr Tape Extensions 3 Meter - Haartick-Extensions<\/title>\n<meta name=\"robots\" content=\"index, follow, max-snippet:-1, max-image-preview:large, max-video-preview:-1\" \/>\n<link rel=\"canonical\" href=\"https:\/\/www.haartick-extensions.de\/it\/shop\/leichte-folie-fuer-tape-extensions-3-meter\/\" \/>\n<meta property=\"og:locale\" content=\"it_IT\" \/>\n<meta property=\"og:type\" content=\"article\" \/>\n<meta property=\"og:title\" content=\"Leichte Folie f\u00fcr Tape Extensions 3 Meter - Haartick-Extensions\" \/>\n<meta property=\"og:description\" content=\"Der leichte Kleber, der in Tape-Extensions verwendet wird, hat viele Vorteile, die ihn zu einer guten Wahl f\u00fcr Haarverl\u00e4ngerungen machen.\" \/>\n<meta property=\"og:url\" content=\"https:\/\/www.haartick-extensions.de\/it\/shop\/leichte-folie-fuer-tape-extensions-3-meter\/\" \/>\n<meta property=\"og:site_name\" content=\"Haartick-Extensions\" \/>\n<meta property=\"article:modified_time\" content=\"2026-04-05T01:51:45+00:00\" \/>\n<meta property=\"og:image\" content=\"https:\/\/www.haartick-extensions.de\/wp-content\/uploads\/2024\/09\/folie-schwach-1-scaled.jpg\" \/>\n\t<meta property=\"og:image:width\" content=\"1920\" \/>\n\t<meta property=\"og:image:height\" content=\"2560\" \/>\n\t<meta property=\"og:image:type\" content=\"image\/jpeg\" \/>\n<meta name=\"twitter:card\" content=\"summary_large_image\" \/>\n<meta name=\"twitter:label1\" content=\"Tempo di lettura stimato\" \/>\n\t<meta name=\"twitter:data1\" content=\"2 minuti\" \/>\n<script type=\"application\/ld+json\" class=\"yoast-schema-graph\">{\"@context\":\"https:\/\/schema.org\",\"@graph\":[{\"@type\":\"WebPage\",\"@id\":\"https:\/\/www.haartick-extensions.de\/nl\/shop\/leichte-folie-fuer-tape-extensions-3-meter\/\",\"url\":\"https:\/\/www.haartick-extensions.de\/nl\/shop\/leichte-folie-fuer-tape-extensions-3-meter\/\",\"name\":\"Leichte Folie f\u00fcr Tape Extensions 3 Meter - Haartick-Extensions\",\"isPartOf\":{\"@id\":\"https:\/\/www.haartick-extensions.de\/it\/#website\"},\"primaryImageOfPage\":{\"@id\":\"https:\/\/www.haartick-extensions.de\/nl\/shop\/leichte-folie-fuer-tape-extensions-3-meter\/#primaryimage\"},\"image\":{\"@id\":\"https:\/\/www.haartick-extensions.de\/nl\/shop\/leichte-folie-fuer-tape-extensions-3-meter\/#primaryimage\"},\"thumbnailUrl\":\"https:\/\/www.haartick-extensions.de\/wp-content\/uploads\/2024\/09\/folie-schwach-1-scaled.jpg\",\"datePublished\":\"2024-09-06T13:04:38+00:00\",\"dateModified\":\"2026-04-05T01:51:45+00:00\",\"breadcrumb\":{\"@id\":\"https:\/\/www.haartick-extensions.de\/nl\/shop\/leichte-folie-fuer-tape-extensions-3-meter\/#breadcrumb\"},\"inLanguage\":\"it-IT\",\"potentialAction\":[{\"@type\":\"ReadAction\",\"target\":[\"https:\/\/www.haartick-extensions.de\/nl\/shop\/leichte-folie-fuer-tape-extensions-3-meter\/\"]}]},{\"@type\":\"ImageObject\",\"inLanguage\":\"it-IT\",\"@id\":\"https:\/\/www.haartick-extensions.de\/nl\/shop\/leichte-folie-fuer-tape-extensions-3-meter\/#primaryimage\",\"url\":\"https:\/\/www.haartick-extensions.de\/wp-content\/uploads\/2024\/09\/folie-schwach-1-scaled.jpg\",\"contentUrl\":\"https:\/\/www.haartick-extensions.de\/wp-content\/uploads\/2024\/09\/folie-schwach-1-scaled.jpg\",\"width\":1920,\"height\":2560},{\"@type\":\"BreadcrumbList\",\"@id\":\"https:\/\/www.haartick-extensions.de\/nl\/shop\/leichte-folie-fuer-tape-extensions-3-meter\/#breadcrumb\",\"itemListElement\":[{\"@type\":\"ListItem\",\"position\":1,\"name\":\"Startseite\",\"item\":\"https:\/\/www.haartick-extensions.de\/it\/\"},{\"@type\":\"ListItem\",\"position\":2,\"name\":\"Shop\",\"item\":\"https:\/\/www.haartick-extensions.de\/ru\/shop\/\"},{\"@type\":\"ListItem\",\"position\":3,\"name\":\"Leichte Folie f\u00fcr Tape Extensions 3 Meter\"}]},{\"@type\":\"WebSite\",\"@id\":\"https:\/\/www.haartick-extensions.de\/it\/#website\",\"url\":\"https:\/\/www.haartick-extensions.de\/it\/\",\"name\":\"Haartick-Extensions\",\"description\":\"Professionelle Haarverl\u00e4ngerund \/ Haarverdichtung mit 100% Echthaar.\",\"publisher\":{\"@id\":\"https:\/\/www.haartick-extensions.de\/it\/#organization\"},\"potentialAction\":[{\"@type\":\"SearchAction\",\"target\":{\"@type\":\"EntryPoint\",\"urlTemplate\":\"https:\/\/www.haartick-extensions.de\/it\/?s={search_term_string}\"},\"query-input\":{\"@type\":\"PropertyValueSpecification\",\"valueRequired\":true,\"valueName\":\"search_term_string\"}}],\"inLanguage\":\"it-IT\"},{\"@type\":\"Organization\",\"@id\":\"https:\/\/www.haartick-extensions.de\/it\/#organization\",\"name\":\"Haartick Extensions\",\"url\":\"https:\/\/www.haartick-extensions.de\/it\/\",\"logo\":{\"@type\":\"ImageObject\",\"inLanguage\":\"it-IT\",\"@id\":\"https:\/\/www.haartick-extensions.de\/it\/#\/schema\/logo\/image\/\",\"url\":\"https:\/\/www.haartick-extensions.de\/wp-content\/uploads\/2024\/05\/cropped-Logo-mark-charm.png\",\"contentUrl\":\"https:\/\/www.haartick-extensions.de\/wp-content\/uploads\/2024\/05\/cropped-Logo-mark-charm.png\",\"width\":512,\"height\":512,\"caption\":\"Haartick Extensions\"},\"image\":{\"@id\":\"https:\/\/www.haartick-extensions.de\/it\/#\/schema\/logo\/image\/\"}}]}<\/script>\n<!-- \/ Yoast SEO plugin. -->","yoast_head_json":{"title":"Leichte Folie f\u00fcr Tape Extensions 3 Meter - Haartick-Extensions","robots":{"index":"index","follow":"follow","max-snippet":"max-snippet:-1","max-image-preview":"max-image-preview:large","max-video-preview":"max-video-preview:-1"},"canonical":"https:\/\/www.haartick-extensions.de\/it\/shop\/leichte-folie-fuer-tape-extensions-3-meter\/","og_locale":"it_IT","og_type":"article","og_title":"Leichte Folie f\u00fcr Tape Extensions 3 Meter - Haartick-Extensions","og_description":"Der leichte Kleber, der in Tape-Extensions verwendet wird, hat viele Vorteile, die ihn zu einer guten Wahl f\u00fcr Haarverl\u00e4ngerungen machen.","og_url":"https:\/\/www.haartick-extensions.de\/it\/shop\/leichte-folie-fuer-tape-extensions-3-meter\/","og_site_name":"Haartick-Extensions","article_modified_time":"2026-04-05T01:51:45+00:00","og_image":[{"width":1920,"height":2560,"url":"https:\/\/www.haartick-extensions.de\/wp-content\/uploads\/2024\/09\/folie-schwach-1-scaled.jpg","type":"image\/jpeg"}],"twitter_card":"summary_large_image","twitter_misc":{"Tempo di lettura stimato":"2 minuti"},"schema":{"@context":"https:\/\/schema.org","@graph":[{"@type":"WebPage","@id":"https:\/\/www.haartick-extensions.de\/nl\/shop\/leichte-folie-fuer-tape-extensions-3-meter\/","url":"https:\/\/www.haartick-extensions.de\/nl\/shop\/leichte-folie-fuer-tape-extensions-3-meter\/","name":"Leichte Folie f\u00fcr Tape Extensions 3 Meter - Haartick-Extensions","isPartOf":{"@id":"https:\/\/www.haartick-extensions.de\/it\/#website"},"primaryImageOfPage":{"@id":"https:\/\/www.haartick-extensions.de\/nl\/shop\/leichte-folie-fuer-tape-extensions-3-meter\/#primaryimage"},"image":{"@id":"https:\/\/www.haartick-extensions.de\/nl\/shop\/leichte-folie-fuer-tape-extensions-3-meter\/#primaryimage"},"thumbnailUrl":"https:\/\/www.haartick-extensions.de\/wp-content\/uploads\/2024\/09\/folie-schwach-1-scaled.jpg","datePublished":"2024-09-06T13:04:38+00:00","dateModified":"2026-04-05T01:51:45+00:00","breadcrumb":{"@id":"https:\/\/www.haartick-extensions.de\/nl\/shop\/leichte-folie-fuer-tape-extensions-3-meter\/#breadcrumb"},"inLanguage":"it-IT","potentialAction":[{"@type":"ReadAction","target":["https:\/\/www.haartick-extensions.de\/nl\/shop\/leichte-folie-fuer-tape-extensions-3-meter\/"]}]},{"@type":"ImageObject","inLanguage":"it-IT","@id":"https:\/\/www.haartick-extensions.de\/nl\/shop\/leichte-folie-fuer-tape-extensions-3-meter\/#primaryimage","url":"https:\/\/www.haartick-extensions.de\/wp-content\/uploads\/2024\/09\/folie-schwach-1-scaled.jpg","contentUrl":"https:\/\/www.haartick-extensions.de\/wp-content\/uploads\/2024\/09\/folie-schwach-1-scaled.jpg","width":1920,"height":2560},{"@type":"BreadcrumbList","@id":"https:\/\/www.haartick-extensions.de\/nl\/shop\/leichte-folie-fuer-tape-extensions-3-meter\/#breadcrumb","itemListElement":[{"@type":"ListItem","position":1,"name":"Startseite","item":"https:\/\/www.haartick-extensions.de\/it\/"},{"@type":"ListItem","position":2,"name":"Shop","item":"https:\/\/www.haartick-extensions.de\/ru\/shop\/"},{"@type":"ListItem","position":3,"name":"Leichte Folie f\u00fcr Tape Extensions 3 Meter"}]},{"@type":"WebSite","@id":"https:\/\/www.haartick-extensions.de\/it\/#website","url":"https:\/\/www.haartick-extensions.de\/it\/","name":"Estensioni a bastoncino per capelli","description":"Allungamento e infoltimento professionale con capelli umani 100%.","publisher":{"@id":"https:\/\/www.haartick-extensions.de\/it\/#organization"},"potentialAction":[{"@type":"SearchAction","target":{"@type":"EntryPoint","urlTemplate":"https:\/\/www.haartick-extensions.de\/it\/?s={search_term_string}"},"query-input":{"@type":"PropertyValueSpecification","valueRequired":true,"valueName":"search_term_string"}}],"inLanguage":"it-IT"},{"@type":"Organization","@id":"https:\/\/www.haartick-extensions.de\/it\/#organization","name":"Estensioni Haartick","url":"https:\/\/www.haartick-extensions.de\/it\/","logo":{"@type":"ImageObject","inLanguage":"it-IT","@id":"https:\/\/www.haartick-extensions.de\/it\/#\/schema\/logo\/image\/","url":"https:\/\/www.haartick-extensions.de\/wp-content\/uploads\/2024\/05\/cropped-Logo-mark-charm.png","contentUrl":"https:\/\/www.haartick-extensions.de\/wp-content\/uploads\/2024\/05\/cropped-Logo-mark-charm.png","width":512,"height":512,"caption":"Haartick Extensions"},"image":{"@id":"https:\/\/www.haartick-extensions.de\/it\/#\/schema\/logo\/image\/"}}]}},"_links":{"self":[{"href":"https:\/\/www.haartick-extensions.de\/it\/wp-json\/wp\/v2\/product\/20108","targetHints":{"allow":["GET"]}}],"collection":[{"href":"https:\/\/www.haartick-extensions.de\/it\/wp-json\/wp\/v2\/product"}],"about":[{"href":"https:\/\/www.haartick-extensions.de\/it\/wp-json\/wp\/v2\/types\/product"}],"replies":[{"embeddable":true,"href":"https:\/\/www.haartick-extensions.de\/it\/wp-json\/wp\/v2\/comments?post=20108"}],"version-history":[{"count":0,"href":"https:\/\/www.haartick-extensions.de\/it\/wp-json\/wp\/v2\/product\/20108\/revisions"}],"wp:featuredmedia":[{"embeddable":true,"href":"https:\/\/www.haartick-extensions.de\/it\/wp-json\/wp\/v2\/media\/22449"}],"wp:attachment":[{"href":"https:\/\/www.haartick-extensions.de\/it\/wp-json\/wp\/v2\/media?parent=20108"}],"wp:term":[{"taxonomy":"product_brand","embeddable":true,"href":"https:\/\/www.haartick-extensions.de\/it\/wp-json\/wp\/v2\/product_brand?post=20108"},{"taxonomy":"product_cat","embeddable":true,"href":"https:\/\/www.haartick-extensions.de\/it\/wp-json\/wp\/v2\/product_cat?post=20108"},{"taxonomy":"product_tag","embeddable":true,"href":"https:\/\/www.haartick-extensions.de\/it\/wp-json\/wp\/v2\/product_tag?post=20108"}],"curies":[{"name":"wp","href":"https:\/\/api.w.org\/{rel}","templated":true}]}}