{"id":20174,"date":"2024-09-07T11:38:48","date_gmt":"2024-09-07T11:38:48","guid":{"rendered":"https:\/\/www.haartick-extensions.de\/wordpress\/?post_type=product&#038;p=20174"},"modified":"2026-05-05T14:05:15","modified_gmt":"2026-05-05T14:05:15","slug":"echosline-maqui-3-all-in-oil-brightening-vegan-two-phase-oil-for-dry-and-treated-hair","status":"publish","type":"product","link":"https:\/\/www.haartick-extensions.de\/it\/shop\/echosline-maqui-3-all-in-oil-brightening-vegan-two-phase-oil-for-dry-and-treated-hair\/","title":{"rendered":"Olio a base d'acqua con protezione termica | Echosline Maqui 3 All-In Oil Olio bifasico illuminante vegano per capelli secchi e trattati"},"content":{"rendered":"<p>Olio bifasico lucidante per capelli secchi e trattati<br \/>\n- Riduce l'effetto crespo<br \/>\n- Fornisce elasticit\u00e0 e cura<br \/>\n- Ha un effetto anticrespo<br \/>\n- Formula vegana<br \/>\n- Senza siliconi, parabeni e solfati<\/p>\n<p><strong>Applicazione:<\/strong><\/p>\n<p>Vaporizzare sui capelli tamponati, non risciacquare e poi acconciare. Agitare prima dell'uso.<\/p>\n<p><strong>Ingredienti:<\/strong><\/p>\n<p>Aqua (Acqua), Dicaprylyl Carbonate, Phenoxyethanol, Cocos Nucifera (Coconut) Water, Parfum (Fragranza), Polyquaternium-7, Sodium Gluconate, Hydrolyzed Vegetable Protein PG-Propyl Silanetriol, Ethylhexylglycerin, Linalool, Limonene, Leuconostoc\/Radish Root Ferment Filtrate, Disodium EDTA, Potassium Sorbate, Citronellolo, Tocoferolo, Geraniolo, Olio di semi di Macadamia Ternifolia, Olio di Cocos Nucifera (Olio di cocco), Olio di Persea Gratissima (Olio di avocado), Olio di semi di Simmondsia Chinensis (Olio di semi di jojoba), Acetato di tocoferile, Propandiolo, Estratto di foglie di Aristotelia chilensis.<\/p>\n<p><strong>A causa di aggiornamenti dell'imballaggio da parte del produttore, la confezione del prodotto pu\u00f2 differire dall'illustrazione.<\/strong><\/p>","protected":false},"excerpt":{"rendered":"<p><strong>Contenuto: 100 ml.<\/strong><\/p>\n<p style=\"color: red;\"><strong>Suggerimento<\/strong>I prodotti per l'igiene come shampoo, maschere, prodotti per la protezione dal calore, oli e soluzioni per le extension possono essere ritirati solo se inutilizzati, sigillati all'origine e in perfette condizioni.<\/p>","protected":false},"featured_media":22742,"comment_status":"open","ping_status":"closed","template":"","meta":{"_joinchat":[]},"product_brand":[],"product_cat":[94],"product_tag":[],"class_list":{"0":"post-20174","1":"product","2":"type-product","3":"status-publish","4":"has-post-thumbnail","6":"product_cat-pflegeprodukte","8":"first","9":"instock","10":"taxable","11":"shipping-taxable","12":"purchasable","13":"product-type-simple"},"yoast_head":"<!-- This site is optimized with the Yoast SEO plugin v25.6 - https:\/\/yoast.com\/wordpress\/plugins\/seo\/ -->\n<title>\u00d6l auf Wasserbasis mit Hitzeschutz Anteil | Echosline Maqui 3 All-In Oil Brightening Vegan Two Phase Oil for Dry and Treated Hair - Haartick-Extensions<\/title>\n<meta name=\"robots\" content=\"index, follow, max-snippet:-1, max-image-preview:large, max-video-preview:-1\" \/>\n<link rel=\"canonical\" href=\"https:\/\/www.haartick-extensions.de\/it\/shop\/echosline-maqui-3-all-in-oil-brightening-vegan-two-phase-oil-for-dry-and-treated-hair\/\" \/>\n<meta property=\"og:locale\" content=\"it_IT\" \/>\n<meta property=\"og:type\" content=\"article\" \/>\n<meta property=\"og:title\" content=\"\u00d6l auf Wasserbasis mit Hitzeschutz Anteil | Echosline Maqui 3 All-In Oil Brightening Vegan Two Phase Oil for Dry and Treated Hair - Haartick-Extensions\" \/>\n<meta property=\"og:description\" content=\"Inhalt: 100ml. Hinweis: Hygieneprodukte wie Shampoos, Masken, Hitzeschutzmittel, \u00d6le und L\u00f6sungen f\u00fcr Haarverl\u00e4ngerungen k\u00f6nnen wir ausschlie\u00dflich zur\u00fccknehmen, wenn sie unbenutzt, originalversiegelt und in einwandfreiem\u00a0Zustand\u00a0sind.\" \/>\n<meta property=\"og:url\" content=\"https:\/\/www.haartick-extensions.de\/it\/shop\/echosline-maqui-3-all-in-oil-brightening-vegan-two-phase-oil-for-dry-and-treated-hair\/\" \/>\n<meta property=\"og:site_name\" content=\"Haartick-Extensions\" \/>\n<meta property=\"article:modified_time\" content=\"2026-05-05T14:05:15+00:00\" \/>\n<meta property=\"og:image\" content=\"https:\/\/www.haartick-extensions.de\/wp-content\/uploads\/2024\/09\/ECHOS-LINE-Maqui-3-All-In-Oil-Brightening-Vegan-TwoPhase-Oil-for-Dry-and-Treated-Hair-100-ml-1.webp\" \/>\n\t<meta property=\"og:image:width\" content=\"800\" \/>\n\t<meta property=\"og:image:height\" content=\"800\" \/>\n\t<meta property=\"og:image:type\" content=\"image\/webp\" \/>\n<meta name=\"twitter:card\" content=\"summary_large_image\" \/>\n<meta name=\"twitter:label1\" content=\"Tempo di lettura stimato\" \/>\n\t<meta name=\"twitter:data1\" content=\"1 minuto\" \/>\n<script type=\"application\/ld+json\" class=\"yoast-schema-graph\">{\"@context\":\"https:\/\/schema.org\",\"@graph\":[{\"@type\":\"WebPage\",\"@id\":\"https:\/\/www.haartick-extensions.de\/es\/shop\/echosline-maqui-3-all-in-oil-brightening-vegan-two-phase-oil-for-dry-and-treated-hair\/\",\"url\":\"https:\/\/www.haartick-extensions.de\/es\/shop\/echosline-maqui-3-all-in-oil-brightening-vegan-two-phase-oil-for-dry-and-treated-hair\/\",\"name\":\"\u00d6l auf Wasserbasis mit Hitzeschutz Anteil | Echosline Maqui 3 All-In Oil Brightening Vegan Two Phase Oil for Dry and Treated Hair - Haartick-Extensions\",\"isPartOf\":{\"@id\":\"https:\/\/www.haartick-extensions.de\/it\/#website\"},\"primaryImageOfPage\":{\"@id\":\"https:\/\/www.haartick-extensions.de\/es\/shop\/echosline-maqui-3-all-in-oil-brightening-vegan-two-phase-oil-for-dry-and-treated-hair\/#primaryimage\"},\"image\":{\"@id\":\"https:\/\/www.haartick-extensions.de\/es\/shop\/echosline-maqui-3-all-in-oil-brightening-vegan-two-phase-oil-for-dry-and-treated-hair\/#primaryimage\"},\"thumbnailUrl\":\"https:\/\/www.haartick-extensions.de\/wp-content\/uploads\/2024\/09\/ECHOS-LINE-Maqui-3-All-In-Oil-Brightening-Vegan-TwoPhase-Oil-for-Dry-and-Treated-Hair-100-ml-1.webp\",\"datePublished\":\"2024-09-07T11:38:48+00:00\",\"dateModified\":\"2026-05-05T14:05:15+00:00\",\"breadcrumb\":{\"@id\":\"https:\/\/www.haartick-extensions.de\/es\/shop\/echosline-maqui-3-all-in-oil-brightening-vegan-two-phase-oil-for-dry-and-treated-hair\/#breadcrumb\"},\"inLanguage\":\"it-IT\",\"potentialAction\":[{\"@type\":\"ReadAction\",\"target\":[\"https:\/\/www.haartick-extensions.de\/es\/shop\/echosline-maqui-3-all-in-oil-brightening-vegan-two-phase-oil-for-dry-and-treated-hair\/\"]}]},{\"@type\":\"ImageObject\",\"inLanguage\":\"it-IT\",\"@id\":\"https:\/\/www.haartick-extensions.de\/es\/shop\/echosline-maqui-3-all-in-oil-brightening-vegan-two-phase-oil-for-dry-and-treated-hair\/#primaryimage\",\"url\":\"https:\/\/www.haartick-extensions.de\/wp-content\/uploads\/2024\/09\/ECHOS-LINE-Maqui-3-All-In-Oil-Brightening-Vegan-TwoPhase-Oil-for-Dry-and-Treated-Hair-100-ml-1.webp\",\"contentUrl\":\"https:\/\/www.haartick-extensions.de\/wp-content\/uploads\/2024\/09\/ECHOS-LINE-Maqui-3-All-In-Oil-Brightening-Vegan-TwoPhase-Oil-for-Dry-and-Treated-Hair-100-ml-1.webp\",\"width\":800,\"height\":800},{\"@type\":\"BreadcrumbList\",\"@id\":\"https:\/\/www.haartick-extensions.de\/es\/shop\/echosline-maqui-3-all-in-oil-brightening-vegan-two-phase-oil-for-dry-and-treated-hair\/#breadcrumb\",\"itemListElement\":[{\"@type\":\"ListItem\",\"position\":1,\"name\":\"Startseite\",\"item\":\"https:\/\/www.haartick-extensions.de\/it\/\"},{\"@type\":\"ListItem\",\"position\":2,\"name\":\"Shop\",\"item\":\"https:\/\/www.haartick-extensions.de\/ru\/shop\/\"},{\"@type\":\"ListItem\",\"position\":3,\"name\":\"\u00d6l auf Wasserbasis mit Hitzeschutz Anteil | Echosline Maqui 3 All-In Oil Brightening Vegan Two Phase Oil for Dry and Treated Hair\"}]},{\"@type\":\"WebSite\",\"@id\":\"https:\/\/www.haartick-extensions.de\/it\/#website\",\"url\":\"https:\/\/www.haartick-extensions.de\/it\/\",\"name\":\"Haartick-Extensions\",\"description\":\"Professionelle Haarverl\u00e4ngerund \/ Haarverdichtung mit 100% Echthaar.\",\"publisher\":{\"@id\":\"https:\/\/www.haartick-extensions.de\/it\/#organization\"},\"potentialAction\":[{\"@type\":\"SearchAction\",\"target\":{\"@type\":\"EntryPoint\",\"urlTemplate\":\"https:\/\/www.haartick-extensions.de\/it\/?s={search_term_string}\"},\"query-input\":{\"@type\":\"PropertyValueSpecification\",\"valueRequired\":true,\"valueName\":\"search_term_string\"}}],\"inLanguage\":\"it-IT\"},{\"@type\":\"Organization\",\"@id\":\"https:\/\/www.haartick-extensions.de\/it\/#organization\",\"name\":\"Haartick Extensions\",\"url\":\"https:\/\/www.haartick-extensions.de\/it\/\",\"logo\":{\"@type\":\"ImageObject\",\"inLanguage\":\"it-IT\",\"@id\":\"https:\/\/www.haartick-extensions.de\/it\/#\/schema\/logo\/image\/\",\"url\":\"https:\/\/www.haartick-extensions.de\/wp-content\/uploads\/2024\/05\/cropped-Logo-mark-charm.png\",\"contentUrl\":\"https:\/\/www.haartick-extensions.de\/wp-content\/uploads\/2024\/05\/cropped-Logo-mark-charm.png\",\"width\":512,\"height\":512,\"caption\":\"Haartick Extensions\"},\"image\":{\"@id\":\"https:\/\/www.haartick-extensions.de\/it\/#\/schema\/logo\/image\/\"}}]}<\/script>\n<!-- \/ Yoast SEO plugin. -->","yoast_head_json":{"title":"\u00d6l auf Wasserbasis mit Hitzeschutz Anteil | Echosline Maqui 3 All-In Oil Brightening Vegan Two Phase Oil for Dry and Treated Hair - Haartick-Extensions","robots":{"index":"index","follow":"follow","max-snippet":"max-snippet:-1","max-image-preview":"max-image-preview:large","max-video-preview":"max-video-preview:-1"},"canonical":"https:\/\/www.haartick-extensions.de\/it\/shop\/echosline-maqui-3-all-in-oil-brightening-vegan-two-phase-oil-for-dry-and-treated-hair\/","og_locale":"it_IT","og_type":"article","og_title":"\u00d6l auf Wasserbasis mit Hitzeschutz Anteil | Echosline Maqui 3 All-In Oil Brightening Vegan Two Phase Oil for Dry and Treated Hair - Haartick-Extensions","og_description":"Inhalt: 100ml. Hinweis: Hygieneprodukte wie Shampoos, Masken, Hitzeschutzmittel, \u00d6le und L\u00f6sungen f\u00fcr Haarverl\u00e4ngerungen k\u00f6nnen wir ausschlie\u00dflich zur\u00fccknehmen, wenn sie unbenutzt, originalversiegelt und in einwandfreiem\u00a0Zustand\u00a0sind.","og_url":"https:\/\/www.haartick-extensions.de\/it\/shop\/echosline-maqui-3-all-in-oil-brightening-vegan-two-phase-oil-for-dry-and-treated-hair\/","og_site_name":"Haartick-Extensions","article_modified_time":"2026-05-05T14:05:15+00:00","og_image":[{"width":800,"height":800,"url":"https:\/\/www.haartick-extensions.de\/wp-content\/uploads\/2024\/09\/ECHOS-LINE-Maqui-3-All-In-Oil-Brightening-Vegan-TwoPhase-Oil-for-Dry-and-Treated-Hair-100-ml-1.webp","type":"image\/webp"}],"twitter_card":"summary_large_image","twitter_misc":{"Tempo di lettura stimato":"1 minuto"},"schema":{"@context":"https:\/\/schema.org","@graph":[{"@type":"WebPage","@id":"https:\/\/www.haartick-extensions.de\/es\/shop\/echosline-maqui-3-all-in-oil-brightening-vegan-two-phase-oil-for-dry-and-treated-hair\/","url":"https:\/\/www.haartick-extensions.de\/es\/shop\/echosline-maqui-3-all-in-oil-brightening-vegan-two-phase-oil-for-dry-and-treated-hair\/","name":"\u00d6l auf Wasserbasis mit Hitzeschutz Anteil | Echosline Maqui 3 All-In Oil Brightening Vegan Two Phase Oil for Dry and Treated Hair - Haartick-Extensions","isPartOf":{"@id":"https:\/\/www.haartick-extensions.de\/it\/#website"},"primaryImageOfPage":{"@id":"https:\/\/www.haartick-extensions.de\/es\/shop\/echosline-maqui-3-all-in-oil-brightening-vegan-two-phase-oil-for-dry-and-treated-hair\/#primaryimage"},"image":{"@id":"https:\/\/www.haartick-extensions.de\/es\/shop\/echosline-maqui-3-all-in-oil-brightening-vegan-two-phase-oil-for-dry-and-treated-hair\/#primaryimage"},"thumbnailUrl":"https:\/\/www.haartick-extensions.de\/wp-content\/uploads\/2024\/09\/ECHOS-LINE-Maqui-3-All-In-Oil-Brightening-Vegan-TwoPhase-Oil-for-Dry-and-Treated-Hair-100-ml-1.webp","datePublished":"2024-09-07T11:38:48+00:00","dateModified":"2026-05-05T14:05:15+00:00","breadcrumb":{"@id":"https:\/\/www.haartick-extensions.de\/es\/shop\/echosline-maqui-3-all-in-oil-brightening-vegan-two-phase-oil-for-dry-and-treated-hair\/#breadcrumb"},"inLanguage":"it-IT","potentialAction":[{"@type":"ReadAction","target":["https:\/\/www.haartick-extensions.de\/es\/shop\/echosline-maqui-3-all-in-oil-brightening-vegan-two-phase-oil-for-dry-and-treated-hair\/"]}]},{"@type":"ImageObject","inLanguage":"it-IT","@id":"https:\/\/www.haartick-extensions.de\/es\/shop\/echosline-maqui-3-all-in-oil-brightening-vegan-two-phase-oil-for-dry-and-treated-hair\/#primaryimage","url":"https:\/\/www.haartick-extensions.de\/wp-content\/uploads\/2024\/09\/ECHOS-LINE-Maqui-3-All-In-Oil-Brightening-Vegan-TwoPhase-Oil-for-Dry-and-Treated-Hair-100-ml-1.webp","contentUrl":"https:\/\/www.haartick-extensions.de\/wp-content\/uploads\/2024\/09\/ECHOS-LINE-Maqui-3-All-In-Oil-Brightening-Vegan-TwoPhase-Oil-for-Dry-and-Treated-Hair-100-ml-1.webp","width":800,"height":800},{"@type":"BreadcrumbList","@id":"https:\/\/www.haartick-extensions.de\/es\/shop\/echosline-maqui-3-all-in-oil-brightening-vegan-two-phase-oil-for-dry-and-treated-hair\/#breadcrumb","itemListElement":[{"@type":"ListItem","position":1,"name":"Startseite","item":"https:\/\/www.haartick-extensions.de\/it\/"},{"@type":"ListItem","position":2,"name":"Shop","item":"https:\/\/www.haartick-extensions.de\/ru\/shop\/"},{"@type":"ListItem","position":3,"name":"\u00d6l auf Wasserbasis mit Hitzeschutz Anteil | Echosline Maqui 3 All-In Oil Brightening Vegan Two Phase Oil for Dry and Treated Hair"}]},{"@type":"WebSite","@id":"https:\/\/www.haartick-extensions.de\/it\/#website","url":"https:\/\/www.haartick-extensions.de\/it\/","name":"Estensioni a bastoncino per capelli","description":"Allungamento e infoltimento professionale con capelli umani 100%.","publisher":{"@id":"https:\/\/www.haartick-extensions.de\/it\/#organization"},"potentialAction":[{"@type":"SearchAction","target":{"@type":"EntryPoint","urlTemplate":"https:\/\/www.haartick-extensions.de\/it\/?s={search_term_string}"},"query-input":{"@type":"PropertyValueSpecification","valueRequired":true,"valueName":"search_term_string"}}],"inLanguage":"it-IT"},{"@type":"Organization","@id":"https:\/\/www.haartick-extensions.de\/it\/#organization","name":"Estensioni Haartick","url":"https:\/\/www.haartick-extensions.de\/it\/","logo":{"@type":"ImageObject","inLanguage":"it-IT","@id":"https:\/\/www.haartick-extensions.de\/it\/#\/schema\/logo\/image\/","url":"https:\/\/www.haartick-extensions.de\/wp-content\/uploads\/2024\/05\/cropped-Logo-mark-charm.png","contentUrl":"https:\/\/www.haartick-extensions.de\/wp-content\/uploads\/2024\/05\/cropped-Logo-mark-charm.png","width":512,"height":512,"caption":"Haartick Extensions"},"image":{"@id":"https:\/\/www.haartick-extensions.de\/it\/#\/schema\/logo\/image\/"}}]}},"_links":{"self":[{"href":"https:\/\/www.haartick-extensions.de\/it\/wp-json\/wp\/v2\/product\/20174","targetHints":{"allow":["GET"]}}],"collection":[{"href":"https:\/\/www.haartick-extensions.de\/it\/wp-json\/wp\/v2\/product"}],"about":[{"href":"https:\/\/www.haartick-extensions.de\/it\/wp-json\/wp\/v2\/types\/product"}],"replies":[{"embeddable":true,"href":"https:\/\/www.haartick-extensions.de\/it\/wp-json\/wp\/v2\/comments?post=20174"}],"version-history":[{"count":0,"href":"https:\/\/www.haartick-extensions.de\/it\/wp-json\/wp\/v2\/product\/20174\/revisions"}],"wp:featuredmedia":[{"embeddable":true,"href":"https:\/\/www.haartick-extensions.de\/it\/wp-json\/wp\/v2\/media\/22742"}],"wp:attachment":[{"href":"https:\/\/www.haartick-extensions.de\/it\/wp-json\/wp\/v2\/media?parent=20174"}],"wp:term":[{"taxonomy":"product_brand","embeddable":true,"href":"https:\/\/www.haartick-extensions.de\/it\/wp-json\/wp\/v2\/product_brand?post=20174"},{"taxonomy":"product_cat","embeddable":true,"href":"https:\/\/www.haartick-extensions.de\/it\/wp-json\/wp\/v2\/product_cat?post=20174"},{"taxonomy":"product_tag","embeddable":true,"href":"https:\/\/www.haartick-extensions.de\/it\/wp-json\/wp\/v2\/product_tag?post=20174"}],"curies":[{"name":"wp","href":"https:\/\/api.w.org\/{rel}","templated":true}]}}