{"id":20209,"date":"2024-09-25T11:08:30","date_gmt":"2024-09-25T11:08:30","guid":{"rendered":"https:\/\/www.haartick-extensions.de\/wordpress\/?post_type=product&#038;p=20209"},"modified":"2025-08-23T09:43:59","modified_gmt":"2025-08-23T09:43:59","slug":"fidentia-tiefenreinigungs-shampoo","status":"publish","type":"product","link":"https:\/\/www.haartick-extensions.de\/it\/shop\/fidentia-tiefenreinigungs-shampoo\/","title":{"rendered":"Shampoo detergente profondo Fidentia"},"content":{"rendered":"<p>- Per sciogliere e pulire i prodotti per l'infoltimento dei capelli<br \/>\n- Pulizia accurata dei residui di adesivo, ad esempio dopo la rimozione delle estensioni.<br \/>\n- Preparare i capelli in modo ideale per la prossima applicazione di infoltimento o di estensione.<br \/>\n- Migliore tenuta di spray, polveri o nastri dopo il lavaggio<br \/>\n- Senza parabeni e siliconi<\/p>\n<p><strong>Applicazione:<\/strong><\/p>\n<p>Utilizzate lo shampoo detergente profondo Fidentia per eliminare gli addensanti o i residui di colla dai capelli senza lasciare residui e per prepararli in modo ottimale a una nuova applicazione. Applicare una piccola quantit\u00e0 di shampoo sui capelli umidi e massaggiare delicatamente. Lasciare agire per 2 minuti e poi risciacquare bene.<\/p>\n<p><strong>Ingredienti:<\/strong><\/p>\n<p>Aqua, Sodium Laureth Sulfate, Cocamidopropyl Betaine, Cocamidopropyl Amine Oxide, Sodium Chloride, Parfum, Panthenol, Salicylic Acid, PEG-7 Glyceryl Cocoate, Guar Hydroxypropyltrimonium Chloride, Propylene Glycol, Urtica Dioica (Nettle) Leaf Extract, Estratto di fiori di Chamomilla Recutita (Matricaria), Estratto di foglie di Hamamelis Virginiana, Niacinamide, Acido citrico, Alcool benzilico, Metilcloroisotiazolinone, Metilisotiazolinone, Acido benzoico, Limonene, Salicilato di benzile, Fenossietanolo.<\/p>\n<p><strong>A causa di aggiornamenti dell'imballaggio da parte del produttore, la confezione del prodotto pu\u00f2 differire dall'illustrazione.<\/strong><\/p>","protected":false},"excerpt":{"rendered":"<p><strong>Contenuto: 250 ml.<\/strong><\/p>\n<p style=\"color: red;\"><strong>Suggerimento<\/strong>I prodotti per l'igiene come shampoo, maschere, prodotti per la protezione dal calore, oli e soluzioni per le extension possono essere ritirati solo se inutilizzati, sigillati all'origine e in perfette condizioni.<\/p>","protected":false},"featured_media":22747,"comment_status":"open","ping_status":"closed","template":"","meta":{"_joinchat":[]},"product_brand":[],"product_cat":[94],"product_tag":[],"class_list":{"0":"post-20209","1":"product","2":"type-product","3":"status-publish","4":"has-post-thumbnail","6":"product_cat-pflegeprodukte","8":"first","9":"instock","10":"taxable","11":"shipping-taxable","12":"purchasable","13":"product-type-simple"},"yoast_head":"<!-- This site is optimized with the Yoast SEO plugin v25.6 - https:\/\/yoast.com\/wordpress\/plugins\/seo\/ -->\n<title>Fidentia Tiefenreinigungs-Shampoo - Haartick-Extensions<\/title>\n<meta name=\"robots\" content=\"index, follow, max-snippet:-1, max-image-preview:large, max-video-preview:-1\" \/>\n<link rel=\"canonical\" href=\"https:\/\/www.haartick-extensions.de\/it\/shop\/fidentia-tiefenreinigungs-shampoo\/\" \/>\n<meta property=\"og:locale\" content=\"it_IT\" \/>\n<meta property=\"og:type\" content=\"article\" \/>\n<meta property=\"og:title\" content=\"Fidentia Tiefenreinigungs-Shampoo - Haartick-Extensions\" \/>\n<meta property=\"og:description\" content=\"Inhalt: 250ml. Hinweis: Hygieneprodukte wie Shampoos, Masken, Hitzeschutzmittel, \u00d6le und L\u00f6sungen f\u00fcr Haarverl\u00e4ngerungen k\u00f6nnen wir ausschlie\u00dflich zur\u00fccknehmen, wenn sie unbenutzt, originalversiegelt und in einwandfreiem\u00a0Zustand\u00a0sind.\" \/>\n<meta property=\"og:url\" content=\"https:\/\/www.haartick-extensions.de\/it\/shop\/fidentia-tiefenreinigungs-shampoo\/\" \/>\n<meta property=\"og:site_name\" content=\"Haartick-Extensions\" \/>\n<meta property=\"article:modified_time\" content=\"2025-08-23T09:43:59+00:00\" \/>\n<meta property=\"og:image\" content=\"https:\/\/www.haartick-extensions.de\/wp-content\/uploads\/2024\/09\/shampoo-1.webp\" \/>\n\t<meta property=\"og:image:width\" content=\"800\" \/>\n\t<meta property=\"og:image:height\" content=\"800\" \/>\n\t<meta property=\"og:image:type\" content=\"image\/webp\" \/>\n<meta name=\"twitter:card\" content=\"summary_large_image\" \/>\n<meta name=\"twitter:label1\" content=\"Tempo di lettura stimato\" \/>\n\t<meta name=\"twitter:data1\" content=\"2 minuti\" \/>\n<script type=\"application\/ld+json\" class=\"yoast-schema-graph\">{\"@context\":\"https:\/\/schema.org\",\"@graph\":[{\"@type\":\"WebPage\",\"@id\":\"https:\/\/www.haartick-extensions.de\/ru\/shop\/fidentia-tiefenreinigungs-shampoo\/\",\"url\":\"https:\/\/www.haartick-extensions.de\/ru\/shop\/fidentia-tiefenreinigungs-shampoo\/\",\"name\":\"Fidentia Tiefenreinigungs-Shampoo - Haartick-Extensions\",\"isPartOf\":{\"@id\":\"https:\/\/www.haartick-extensions.de\/it\/#website\"},\"primaryImageOfPage\":{\"@id\":\"https:\/\/www.haartick-extensions.de\/ru\/shop\/fidentia-tiefenreinigungs-shampoo\/#primaryimage\"},\"image\":{\"@id\":\"https:\/\/www.haartick-extensions.de\/ru\/shop\/fidentia-tiefenreinigungs-shampoo\/#primaryimage\"},\"thumbnailUrl\":\"https:\/\/www.haartick-extensions.de\/wp-content\/uploads\/2024\/09\/shampoo-1.webp\",\"datePublished\":\"2024-09-25T11:08:30+00:00\",\"dateModified\":\"2025-08-23T09:43:59+00:00\",\"breadcrumb\":{\"@id\":\"https:\/\/www.haartick-extensions.de\/ru\/shop\/fidentia-tiefenreinigungs-shampoo\/#breadcrumb\"},\"inLanguage\":\"it-IT\",\"potentialAction\":[{\"@type\":\"ReadAction\",\"target\":[\"https:\/\/www.haartick-extensions.de\/ru\/shop\/fidentia-tiefenreinigungs-shampoo\/\"]}]},{\"@type\":\"ImageObject\",\"inLanguage\":\"it-IT\",\"@id\":\"https:\/\/www.haartick-extensions.de\/ru\/shop\/fidentia-tiefenreinigungs-shampoo\/#primaryimage\",\"url\":\"https:\/\/www.haartick-extensions.de\/wp-content\/uploads\/2024\/09\/shampoo-1.webp\",\"contentUrl\":\"https:\/\/www.haartick-extensions.de\/wp-content\/uploads\/2024\/09\/shampoo-1.webp\",\"width\":800,\"height\":800},{\"@type\":\"BreadcrumbList\",\"@id\":\"https:\/\/www.haartick-extensions.de\/ru\/shop\/fidentia-tiefenreinigungs-shampoo\/#breadcrumb\",\"itemListElement\":[{\"@type\":\"ListItem\",\"position\":1,\"name\":\"Startseite\",\"item\":\"https:\/\/www.haartick-extensions.de\/it\/\"},{\"@type\":\"ListItem\",\"position\":2,\"name\":\"Shop\",\"item\":\"https:\/\/www.haartick-extensions.de\/ru\/shop\/\"},{\"@type\":\"ListItem\",\"position\":3,\"name\":\"Fidentia Tiefenreinigungs-Shampoo\"}]},{\"@type\":\"WebSite\",\"@id\":\"https:\/\/www.haartick-extensions.de\/it\/#website\",\"url\":\"https:\/\/www.haartick-extensions.de\/it\/\",\"name\":\"Haartick-Extensions\",\"description\":\"Professionelle Haarverl\u00e4ngerund \/ Haarverdichtung mit 100% Echthaar.\",\"publisher\":{\"@id\":\"https:\/\/www.haartick-extensions.de\/it\/#organization\"},\"potentialAction\":[{\"@type\":\"SearchAction\",\"target\":{\"@type\":\"EntryPoint\",\"urlTemplate\":\"https:\/\/www.haartick-extensions.de\/it\/?s={search_term_string}\"},\"query-input\":{\"@type\":\"PropertyValueSpecification\",\"valueRequired\":true,\"valueName\":\"search_term_string\"}}],\"inLanguage\":\"it-IT\"},{\"@type\":\"Organization\",\"@id\":\"https:\/\/www.haartick-extensions.de\/it\/#organization\",\"name\":\"Haartick Extensions\",\"url\":\"https:\/\/www.haartick-extensions.de\/it\/\",\"logo\":{\"@type\":\"ImageObject\",\"inLanguage\":\"it-IT\",\"@id\":\"https:\/\/www.haartick-extensions.de\/it\/#\/schema\/logo\/image\/\",\"url\":\"https:\/\/www.haartick-extensions.de\/wp-content\/uploads\/2024\/05\/cropped-Logo-mark-charm.png\",\"contentUrl\":\"https:\/\/www.haartick-extensions.de\/wp-content\/uploads\/2024\/05\/cropped-Logo-mark-charm.png\",\"width\":512,\"height\":512,\"caption\":\"Haartick Extensions\"},\"image\":{\"@id\":\"https:\/\/www.haartick-extensions.de\/it\/#\/schema\/logo\/image\/\"}}]}<\/script>\n<!-- \/ Yoast SEO plugin. -->","yoast_head_json":{"title":"Fidentia Tiefenreinigungs-Shampoo - Haartick-Extensions","robots":{"index":"index","follow":"follow","max-snippet":"max-snippet:-1","max-image-preview":"max-image-preview:large","max-video-preview":"max-video-preview:-1"},"canonical":"https:\/\/www.haartick-extensions.de\/it\/shop\/fidentia-tiefenreinigungs-shampoo\/","og_locale":"it_IT","og_type":"article","og_title":"Fidentia Tiefenreinigungs-Shampoo - Haartick-Extensions","og_description":"Inhalt: 250ml. Hinweis: Hygieneprodukte wie Shampoos, Masken, Hitzeschutzmittel, \u00d6le und L\u00f6sungen f\u00fcr Haarverl\u00e4ngerungen k\u00f6nnen wir ausschlie\u00dflich zur\u00fccknehmen, wenn sie unbenutzt, originalversiegelt und in einwandfreiem\u00a0Zustand\u00a0sind.","og_url":"https:\/\/www.haartick-extensions.de\/it\/shop\/fidentia-tiefenreinigungs-shampoo\/","og_site_name":"Haartick-Extensions","article_modified_time":"2025-08-23T09:43:59+00:00","og_image":[{"width":800,"height":800,"url":"https:\/\/www.haartick-extensions.de\/wp-content\/uploads\/2024\/09\/shampoo-1.webp","type":"image\/webp"}],"twitter_card":"summary_large_image","twitter_misc":{"Tempo di lettura stimato":"2 minuti"},"schema":{"@context":"https:\/\/schema.org","@graph":[{"@type":"WebPage","@id":"https:\/\/www.haartick-extensions.de\/ru\/shop\/fidentia-tiefenreinigungs-shampoo\/","url":"https:\/\/www.haartick-extensions.de\/ru\/shop\/fidentia-tiefenreinigungs-shampoo\/","name":"Fidentia Tiefenreinigungs-Shampoo - Haartick-Extensions","isPartOf":{"@id":"https:\/\/www.haartick-extensions.de\/it\/#website"},"primaryImageOfPage":{"@id":"https:\/\/www.haartick-extensions.de\/ru\/shop\/fidentia-tiefenreinigungs-shampoo\/#primaryimage"},"image":{"@id":"https:\/\/www.haartick-extensions.de\/ru\/shop\/fidentia-tiefenreinigungs-shampoo\/#primaryimage"},"thumbnailUrl":"https:\/\/www.haartick-extensions.de\/wp-content\/uploads\/2024\/09\/shampoo-1.webp","datePublished":"2024-09-25T11:08:30+00:00","dateModified":"2025-08-23T09:43:59+00:00","breadcrumb":{"@id":"https:\/\/www.haartick-extensions.de\/ru\/shop\/fidentia-tiefenreinigungs-shampoo\/#breadcrumb"},"inLanguage":"it-IT","potentialAction":[{"@type":"ReadAction","target":["https:\/\/www.haartick-extensions.de\/ru\/shop\/fidentia-tiefenreinigungs-shampoo\/"]}]},{"@type":"ImageObject","inLanguage":"it-IT","@id":"https:\/\/www.haartick-extensions.de\/ru\/shop\/fidentia-tiefenreinigungs-shampoo\/#primaryimage","url":"https:\/\/www.haartick-extensions.de\/wp-content\/uploads\/2024\/09\/shampoo-1.webp","contentUrl":"https:\/\/www.haartick-extensions.de\/wp-content\/uploads\/2024\/09\/shampoo-1.webp","width":800,"height":800},{"@type":"BreadcrumbList","@id":"https:\/\/www.haartick-extensions.de\/ru\/shop\/fidentia-tiefenreinigungs-shampoo\/#breadcrumb","itemListElement":[{"@type":"ListItem","position":1,"name":"Startseite","item":"https:\/\/www.haartick-extensions.de\/it\/"},{"@type":"ListItem","position":2,"name":"Shop","item":"https:\/\/www.haartick-extensions.de\/ru\/shop\/"},{"@type":"ListItem","position":3,"name":"Fidentia Tiefenreinigungs-Shampoo"}]},{"@type":"WebSite","@id":"https:\/\/www.haartick-extensions.de\/it\/#website","url":"https:\/\/www.haartick-extensions.de\/it\/","name":"Estensioni a bastoncino per capelli","description":"Allungamento e infoltimento professionale con capelli umani 100%.","publisher":{"@id":"https:\/\/www.haartick-extensions.de\/it\/#organization"},"potentialAction":[{"@type":"SearchAction","target":{"@type":"EntryPoint","urlTemplate":"https:\/\/www.haartick-extensions.de\/it\/?s={search_term_string}"},"query-input":{"@type":"PropertyValueSpecification","valueRequired":true,"valueName":"search_term_string"}}],"inLanguage":"it-IT"},{"@type":"Organization","@id":"https:\/\/www.haartick-extensions.de\/it\/#organization","name":"Estensioni Haartick","url":"https:\/\/www.haartick-extensions.de\/it\/","logo":{"@type":"ImageObject","inLanguage":"it-IT","@id":"https:\/\/www.haartick-extensions.de\/it\/#\/schema\/logo\/image\/","url":"https:\/\/www.haartick-extensions.de\/wp-content\/uploads\/2024\/05\/cropped-Logo-mark-charm.png","contentUrl":"https:\/\/www.haartick-extensions.de\/wp-content\/uploads\/2024\/05\/cropped-Logo-mark-charm.png","width":512,"height":512,"caption":"Haartick Extensions"},"image":{"@id":"https:\/\/www.haartick-extensions.de\/it\/#\/schema\/logo\/image\/"}}]}},"_links":{"self":[{"href":"https:\/\/www.haartick-extensions.de\/it\/wp-json\/wp\/v2\/product\/20209","targetHints":{"allow":["GET"]}}],"collection":[{"href":"https:\/\/www.haartick-extensions.de\/it\/wp-json\/wp\/v2\/product"}],"about":[{"href":"https:\/\/www.haartick-extensions.de\/it\/wp-json\/wp\/v2\/types\/product"}],"replies":[{"embeddable":true,"href":"https:\/\/www.haartick-extensions.de\/it\/wp-json\/wp\/v2\/comments?post=20209"}],"version-history":[{"count":0,"href":"https:\/\/www.haartick-extensions.de\/it\/wp-json\/wp\/v2\/product\/20209\/revisions"}],"wp:featuredmedia":[{"embeddable":true,"href":"https:\/\/www.haartick-extensions.de\/it\/wp-json\/wp\/v2\/media\/22747"}],"wp:attachment":[{"href":"https:\/\/www.haartick-extensions.de\/it\/wp-json\/wp\/v2\/media?parent=20209"}],"wp:term":[{"taxonomy":"product_brand","embeddable":true,"href":"https:\/\/www.haartick-extensions.de\/it\/wp-json\/wp\/v2\/product_brand?post=20209"},{"taxonomy":"product_cat","embeddable":true,"href":"https:\/\/www.haartick-extensions.de\/it\/wp-json\/wp\/v2\/product_cat?post=20209"},{"taxonomy":"product_tag","embeddable":true,"href":"https:\/\/www.haartick-extensions.de\/it\/wp-json\/wp\/v2\/product_tag?post=20209"}],"curies":[{"name":"wp","href":"https:\/\/api.w.org\/{rel}","templated":true}]}}