{"id":22212,"date":"2024-11-12T15:38:04","date_gmt":"2024-11-12T15:38:04","guid":{"rendered":"https:\/\/www.haartick-extensions.de\/wordpress\/?post_type=product&#038;p=22212"},"modified":"2026-04-30T09:40:58","modified_gmt":"2026-04-30T09:40:58","slug":"kallos-cosmetics-vegan-soul-hair-mask","status":"publish","type":"product","link":"https:\/\/www.haartick-extensions.de\/it\/shop\/kallos-cosmetics-vegan-soul-hair-mask\/","title":{"rendered":"Kallos Cosmetics Maschera per capelli dell'anima vegana"},"content":{"rendered":"<div><strong>Descrizione:<\/strong><\/div>\n<ul>\n<li>Ideale per capelli fini<\/li>\n<li>Contiene una speciale miscela di vitamine fortificanti, estratto di bamb\u00f9, estratto di ginseng e olio di cocco.<\/li>\n<li>Migliora la flessibilit\u00e0 e dona ai capelli una maggiore lucentezza<\/li>\n<li>Privo di parabeni, siliconi e ingredienti di origine animale<\/li>\n<\/ul>\n<div><\/div>\n<div><strong>Applicazione:<\/strong><\/div>\n<ul>\n<li>Dopo lo shampoo, applicare sui capelli tamponati e lasciare agire per 5 minuti, quindi risciacquare accuratamente.<\/li>\n<li>Per le estensioni, applicare solo sulle lunghezze e sulle punte.<\/li>\n<\/ul>\n<div><\/div>\n<div><strong>Ingredienti:<\/strong><\/div>\n<div>Aqua, Alcool cetearilico, Cloruro di cetrimonio, Parfum, Glicerina, Ciclopentasilossano, Dimeticonolo, Succo di foglie di Aloe Barbadensis, Olio di semi di Helianthus Annuus, Olio di semi di Linum Usitatissimum, Olio di Persea Gratissima, Olio di nocciolo di Argania Spinosa, Estratto di foglie di Equisetum Arvense, Estratto di radice di Panax Ginseng, Estratto di foglie\/steli di Bambusa Vulgaris, Olio di Cocos Nucifera, Olio di frutta di Olea Europaea, Acetato di tocoferile, Pantenolo, Fosfato di ascorbile, Benzoato di sodio, Sorbato di potassio, Glicole propilenico, Alcool benzilico, Fenossietanolo, Etilesilglicerina, Acido citrico, Idrossicitronellale, Linalolo, Esilcinnamale<\/div>\n<p><strong>A causa di aggiornamenti dell'imballaggio da parte del produttore, la confezione del prodotto pu\u00f2 differire dall'illustrazione.<\/strong><\/p>","protected":false},"excerpt":{"rendered":"<p><strong>Contenuto: 1000ml.<\/strong><\/p>\n<p style=\"color: red;\"><strong>Suggerimento<\/strong>I prodotti per l'igiene come shampoo, maschere, prodotti per la protezione dal calore, oli e soluzioni per le extension possono essere ritirati solo se inutilizzati, sigillati all'origine e in perfette condizioni.<\/p>","protected":false},"featured_media":22208,"comment_status":"open","ping_status":"closed","template":"","meta":{"_joinchat":[]},"product_brand":[],"product_cat":[94],"product_tag":[],"class_list":{"0":"post-22212","1":"product","2":"type-product","3":"status-publish","4":"has-post-thumbnail","6":"product_cat-pflegeprodukte","8":"first","9":"instock","10":"taxable","11":"shipping-taxable","12":"purchasable","13":"product-type-simple"},"yoast_head":"<!-- This site is optimized with the Yoast SEO plugin v25.6 - https:\/\/yoast.com\/wordpress\/plugins\/seo\/ -->\n<title>Kallos Cosmetics Vegan Soul Hair Mask - Haartick-Extensions<\/title>\n<meta name=\"robots\" content=\"index, follow, max-snippet:-1, max-image-preview:large, max-video-preview:-1\" \/>\n<link rel=\"canonical\" href=\"https:\/\/www.haartick-extensions.de\/it\/shop\/kallos-cosmetics-vegan-soul-hair-mask\/\" \/>\n<meta property=\"og:locale\" content=\"it_IT\" \/>\n<meta property=\"og:type\" content=\"article\" \/>\n<meta property=\"og:title\" content=\"Kallos Cosmetics Vegan Soul Hair Mask - Haartick-Extensions\" \/>\n<meta property=\"og:description\" content=\"Inhalt: 1000ml. Hinweis: Hygieneprodukte wie Shampoos, Masken, Hitzeschutzmittel, \u00d6le und L\u00f6sungen f\u00fcr Haarverl\u00e4ngerungen k\u00f6nnen wir ausschlie\u00dflich zur\u00fccknehmen, wenn sie unbenutzt, originalversiegelt und in einwandfreiem\u00a0Zustand\u00a0sind.\" \/>\n<meta property=\"og:url\" content=\"https:\/\/www.haartick-extensions.de\/it\/shop\/kallos-cosmetics-vegan-soul-hair-mask\/\" \/>\n<meta property=\"og:site_name\" content=\"Haartick-Extensions\" \/>\n<meta property=\"article:modified_time\" content=\"2026-04-30T09:40:58+00:00\" \/>\n<meta property=\"og:image\" content=\"https:\/\/www.haartick-extensions.de\/wp-content\/uploads\/2024\/11\/kls-vegan-soul-volumizing-mask-1l.jpg\" \/>\n\t<meta property=\"og:image:width\" content=\"800\" \/>\n\t<meta property=\"og:image:height\" content=\"800\" \/>\n\t<meta property=\"og:image:type\" content=\"image\/jpeg\" \/>\n<meta name=\"twitter:card\" content=\"summary_large_image\" \/>\n<meta name=\"twitter:label1\" content=\"Tempo di lettura stimato\" \/>\n\t<meta name=\"twitter:data1\" content=\"1 minuto\" \/>\n<script type=\"application\/ld+json\" class=\"yoast-schema-graph\">{\"@context\":\"https:\/\/schema.org\",\"@graph\":[{\"@type\":\"WebPage\",\"@id\":\"https:\/\/www.haartick-extensions.de\/fr\/shop\/kallos-cosmetics-vegan-soul-hair-mask\/\",\"url\":\"https:\/\/www.haartick-extensions.de\/fr\/shop\/kallos-cosmetics-vegan-soul-hair-mask\/\",\"name\":\"Kallos Cosmetics Vegan Soul Hair Mask - Haartick-Extensions\",\"isPartOf\":{\"@id\":\"https:\/\/www.haartick-extensions.de\/it\/#website\"},\"primaryImageOfPage\":{\"@id\":\"https:\/\/www.haartick-extensions.de\/fr\/shop\/kallos-cosmetics-vegan-soul-hair-mask\/#primaryimage\"},\"image\":{\"@id\":\"https:\/\/www.haartick-extensions.de\/fr\/shop\/kallos-cosmetics-vegan-soul-hair-mask\/#primaryimage\"},\"thumbnailUrl\":\"https:\/\/www.haartick-extensions.de\/wp-content\/uploads\/2024\/11\/kls-vegan-soul-volumizing-mask-1l.jpg\",\"datePublished\":\"2024-11-12T15:38:04+00:00\",\"dateModified\":\"2026-04-30T09:40:58+00:00\",\"breadcrumb\":{\"@id\":\"https:\/\/www.haartick-extensions.de\/fr\/shop\/kallos-cosmetics-vegan-soul-hair-mask\/#breadcrumb\"},\"inLanguage\":\"it-IT\",\"potentialAction\":[{\"@type\":\"ReadAction\",\"target\":[\"https:\/\/www.haartick-extensions.de\/fr\/shop\/kallos-cosmetics-vegan-soul-hair-mask\/\"]}]},{\"@type\":\"ImageObject\",\"inLanguage\":\"it-IT\",\"@id\":\"https:\/\/www.haartick-extensions.de\/fr\/shop\/kallos-cosmetics-vegan-soul-hair-mask\/#primaryimage\",\"url\":\"https:\/\/www.haartick-extensions.de\/wp-content\/uploads\/2024\/11\/kls-vegan-soul-volumizing-mask-1l.jpg\",\"contentUrl\":\"https:\/\/www.haartick-extensions.de\/wp-content\/uploads\/2024\/11\/kls-vegan-soul-volumizing-mask-1l.jpg\",\"width\":800,\"height\":800},{\"@type\":\"BreadcrumbList\",\"@id\":\"https:\/\/www.haartick-extensions.de\/fr\/shop\/kallos-cosmetics-vegan-soul-hair-mask\/#breadcrumb\",\"itemListElement\":[{\"@type\":\"ListItem\",\"position\":1,\"name\":\"Startseite\",\"item\":\"https:\/\/www.haartick-extensions.de\/it\/\"},{\"@type\":\"ListItem\",\"position\":2,\"name\":\"Shop\",\"item\":\"https:\/\/www.haartick-extensions.de\/ru\/shop\/\"},{\"@type\":\"ListItem\",\"position\":3,\"name\":\"Kallos Cosmetics Vegan Soul Hair Mask\"}]},{\"@type\":\"WebSite\",\"@id\":\"https:\/\/www.haartick-extensions.de\/it\/#website\",\"url\":\"https:\/\/www.haartick-extensions.de\/it\/\",\"name\":\"Haartick-Extensions\",\"description\":\"Professionelle Haarverl\u00e4ngerund \/ Haarverdichtung mit 100% Echthaar.\",\"publisher\":{\"@id\":\"https:\/\/www.haartick-extensions.de\/it\/#organization\"},\"potentialAction\":[{\"@type\":\"SearchAction\",\"target\":{\"@type\":\"EntryPoint\",\"urlTemplate\":\"https:\/\/www.haartick-extensions.de\/it\/?s={search_term_string}\"},\"query-input\":{\"@type\":\"PropertyValueSpecification\",\"valueRequired\":true,\"valueName\":\"search_term_string\"}}],\"inLanguage\":\"it-IT\"},{\"@type\":\"Organization\",\"@id\":\"https:\/\/www.haartick-extensions.de\/it\/#organization\",\"name\":\"Haartick Extensions\",\"url\":\"https:\/\/www.haartick-extensions.de\/it\/\",\"logo\":{\"@type\":\"ImageObject\",\"inLanguage\":\"it-IT\",\"@id\":\"https:\/\/www.haartick-extensions.de\/it\/#\/schema\/logo\/image\/\",\"url\":\"https:\/\/www.haartick-extensions.de\/wp-content\/uploads\/2024\/05\/cropped-Logo-mark-charm.png\",\"contentUrl\":\"https:\/\/www.haartick-extensions.de\/wp-content\/uploads\/2024\/05\/cropped-Logo-mark-charm.png\",\"width\":512,\"height\":512,\"caption\":\"Haartick Extensions\"},\"image\":{\"@id\":\"https:\/\/www.haartick-extensions.de\/it\/#\/schema\/logo\/image\/\"}}]}<\/script>\n<!-- \/ Yoast SEO plugin. -->","yoast_head_json":{"title":"Kallos Cosmetics Vegan Soul Hair Mask - Haartick-Extensions","robots":{"index":"index","follow":"follow","max-snippet":"max-snippet:-1","max-image-preview":"max-image-preview:large","max-video-preview":"max-video-preview:-1"},"canonical":"https:\/\/www.haartick-extensions.de\/it\/shop\/kallos-cosmetics-vegan-soul-hair-mask\/","og_locale":"it_IT","og_type":"article","og_title":"Kallos Cosmetics Vegan Soul Hair Mask - Haartick-Extensions","og_description":"Inhalt: 1000ml. Hinweis: Hygieneprodukte wie Shampoos, Masken, Hitzeschutzmittel, \u00d6le und L\u00f6sungen f\u00fcr Haarverl\u00e4ngerungen k\u00f6nnen wir ausschlie\u00dflich zur\u00fccknehmen, wenn sie unbenutzt, originalversiegelt und in einwandfreiem\u00a0Zustand\u00a0sind.","og_url":"https:\/\/www.haartick-extensions.de\/it\/shop\/kallos-cosmetics-vegan-soul-hair-mask\/","og_site_name":"Haartick-Extensions","article_modified_time":"2026-04-30T09:40:58+00:00","og_image":[{"width":800,"height":800,"url":"https:\/\/www.haartick-extensions.de\/wp-content\/uploads\/2024\/11\/kls-vegan-soul-volumizing-mask-1l.jpg","type":"image\/jpeg"}],"twitter_card":"summary_large_image","twitter_misc":{"Tempo di lettura stimato":"1 minuto"},"schema":{"@context":"https:\/\/schema.org","@graph":[{"@type":"WebPage","@id":"https:\/\/www.haartick-extensions.de\/fr\/shop\/kallos-cosmetics-vegan-soul-hair-mask\/","url":"https:\/\/www.haartick-extensions.de\/fr\/shop\/kallos-cosmetics-vegan-soul-hair-mask\/","name":"Kallos Cosmetics Vegan Soul Hair Mask - Haartick-Extensions","isPartOf":{"@id":"https:\/\/www.haartick-extensions.de\/it\/#website"},"primaryImageOfPage":{"@id":"https:\/\/www.haartick-extensions.de\/fr\/shop\/kallos-cosmetics-vegan-soul-hair-mask\/#primaryimage"},"image":{"@id":"https:\/\/www.haartick-extensions.de\/fr\/shop\/kallos-cosmetics-vegan-soul-hair-mask\/#primaryimage"},"thumbnailUrl":"https:\/\/www.haartick-extensions.de\/wp-content\/uploads\/2024\/11\/kls-vegan-soul-volumizing-mask-1l.jpg","datePublished":"2024-11-12T15:38:04+00:00","dateModified":"2026-04-30T09:40:58+00:00","breadcrumb":{"@id":"https:\/\/www.haartick-extensions.de\/fr\/shop\/kallos-cosmetics-vegan-soul-hair-mask\/#breadcrumb"},"inLanguage":"it-IT","potentialAction":[{"@type":"ReadAction","target":["https:\/\/www.haartick-extensions.de\/fr\/shop\/kallos-cosmetics-vegan-soul-hair-mask\/"]}]},{"@type":"ImageObject","inLanguage":"it-IT","@id":"https:\/\/www.haartick-extensions.de\/fr\/shop\/kallos-cosmetics-vegan-soul-hair-mask\/#primaryimage","url":"https:\/\/www.haartick-extensions.de\/wp-content\/uploads\/2024\/11\/kls-vegan-soul-volumizing-mask-1l.jpg","contentUrl":"https:\/\/www.haartick-extensions.de\/wp-content\/uploads\/2024\/11\/kls-vegan-soul-volumizing-mask-1l.jpg","width":800,"height":800},{"@type":"BreadcrumbList","@id":"https:\/\/www.haartick-extensions.de\/fr\/shop\/kallos-cosmetics-vegan-soul-hair-mask\/#breadcrumb","itemListElement":[{"@type":"ListItem","position":1,"name":"Startseite","item":"https:\/\/www.haartick-extensions.de\/it\/"},{"@type":"ListItem","position":2,"name":"Shop","item":"https:\/\/www.haartick-extensions.de\/ru\/shop\/"},{"@type":"ListItem","position":3,"name":"Kallos Cosmetics Vegan Soul Hair Mask"}]},{"@type":"WebSite","@id":"https:\/\/www.haartick-extensions.de\/it\/#website","url":"https:\/\/www.haartick-extensions.de\/it\/","name":"Estensioni a bastoncino per capelli","description":"Allungamento e infoltimento professionale con capelli umani 100%.","publisher":{"@id":"https:\/\/www.haartick-extensions.de\/it\/#organization"},"potentialAction":[{"@type":"SearchAction","target":{"@type":"EntryPoint","urlTemplate":"https:\/\/www.haartick-extensions.de\/it\/?s={search_term_string}"},"query-input":{"@type":"PropertyValueSpecification","valueRequired":true,"valueName":"search_term_string"}}],"inLanguage":"it-IT"},{"@type":"Organization","@id":"https:\/\/www.haartick-extensions.de\/it\/#organization","name":"Estensioni Haartick","url":"https:\/\/www.haartick-extensions.de\/it\/","logo":{"@type":"ImageObject","inLanguage":"it-IT","@id":"https:\/\/www.haartick-extensions.de\/it\/#\/schema\/logo\/image\/","url":"https:\/\/www.haartick-extensions.de\/wp-content\/uploads\/2024\/05\/cropped-Logo-mark-charm.png","contentUrl":"https:\/\/www.haartick-extensions.de\/wp-content\/uploads\/2024\/05\/cropped-Logo-mark-charm.png","width":512,"height":512,"caption":"Haartick Extensions"},"image":{"@id":"https:\/\/www.haartick-extensions.de\/it\/#\/schema\/logo\/image\/"}}]}},"_links":{"self":[{"href":"https:\/\/www.haartick-extensions.de\/it\/wp-json\/wp\/v2\/product\/22212","targetHints":{"allow":["GET"]}}],"collection":[{"href":"https:\/\/www.haartick-extensions.de\/it\/wp-json\/wp\/v2\/product"}],"about":[{"href":"https:\/\/www.haartick-extensions.de\/it\/wp-json\/wp\/v2\/types\/product"}],"replies":[{"embeddable":true,"href":"https:\/\/www.haartick-extensions.de\/it\/wp-json\/wp\/v2\/comments?post=22212"}],"version-history":[{"count":0,"href":"https:\/\/www.haartick-extensions.de\/it\/wp-json\/wp\/v2\/product\/22212\/revisions"}],"wp:featuredmedia":[{"embeddable":true,"href":"https:\/\/www.haartick-extensions.de\/it\/wp-json\/wp\/v2\/media\/22208"}],"wp:attachment":[{"href":"https:\/\/www.haartick-extensions.de\/it\/wp-json\/wp\/v2\/media?parent=22212"}],"wp:term":[{"taxonomy":"product_brand","embeddable":true,"href":"https:\/\/www.haartick-extensions.de\/it\/wp-json\/wp\/v2\/product_brand?post=22212"},{"taxonomy":"product_cat","embeddable":true,"href":"https:\/\/www.haartick-extensions.de\/it\/wp-json\/wp\/v2\/product_cat?post=22212"},{"taxonomy":"product_tag","embeddable":true,"href":"https:\/\/www.haartick-extensions.de\/it\/wp-json\/wp\/v2\/product_tag?post=22212"}],"curies":[{"name":"wp","href":"https:\/\/api.w.org\/{rel}","templated":true}]}}