{"id":25135,"date":"2026-02-20T15:55:23","date_gmt":"2026-02-20T15:55:23","guid":{"rendered":"https:\/\/www.haartick-extensions.de\/?post_type=product&#038;p=25135"},"modified":"2026-03-10T08:35:57","modified_gmt":"2026-03-10T08:35:57","slug":"botanic-harmony-oel","status":"publish","type":"product","link":"https:\/\/www.haartick-extensions.de\/it\/shop\/botanic-harmony-oel\/","title":{"rendered":"Olio Botanic Harmony"},"content":{"rendered":"<div>\n<p><strong>Descrizione:<\/strong><\/p>\n<p>Un olio leggero e naturale per la cura di tutti i tipi di capelli che necessitano di lucentezza e cura. Realizzato a base di emollienti naturali con l'aggiunta di oli spremuti a freddo di lampone e semi di olivello spinoso, dona morbidezza e incredibile lucentezza. Previene l'effetto crespo senza appesantire i capelli. La composizione dell'olio \u00e8 arricchita con vitamina E, nota per le sue propriet\u00e0 antiossidanti. Non \u00e8 altro che una protezione contro gli effetti nocivi dei fattori esterni. Perfetto per la cura delle extension e dei propri capelli.<\/p>\n<p>- Protegge e cura<br \/>\n- Dona lucentezza e morbidezza<br \/>\n- Previene l'effetto crespo<br \/>\n- Protegge dagli effetti nocivi dei fattori esterni<\/p>\n<p><strong>Ingredienti:<\/strong><\/p>\n<p>- 99,4 % Ingredienti di origine naturale<br \/>\n- Formula leggera e non pesante<br \/>\n- Contiene oli spremuti a freddo e vitamina E<br \/>\n- Non contiene parabeni, SLS, SLES e coloranti artificiali.<\/p>\n<p><strong>Applicazione:<\/strong><\/p>\n<ul>\n<li>Strofinare 3-4 gocce di olio tra le mani e applicare sui capelli asciutti o leggermente umidi. Lasciare in posa senza risciacquare.<\/li>\n<\/ul>\n<\/div>\n<p><strong>A causa di aggiornamenti dell'imballaggio da parte del produttore, la confezione del prodotto pu\u00f2 differire dall'illustrazione.<\/strong><\/p>","protected":false},"excerpt":{"rendered":"<p><strong>Contenuto: 28 ml.<\/strong><\/p>\n<p style=\"color: red;\"><strong>Suggerimento<\/strong>I prodotti per l'igiene come shampoo, maschere, protettori termici, oli e soluzioni per le extension possono essere restituiti solo se inutilizzati, sigillati all'origine e in perfette condizioni. Questo prodotto per l'igiene pu\u00f2 provocare lo scolorimento delle extension pi\u00f9 chiare\/piene di cenere. Adatto solo per extension di colore scuro.<\/p>","protected":false},"featured_media":25136,"comment_status":"open","ping_status":"closed","template":"","meta":{"_joinchat":[]},"product_brand":[],"product_cat":[94],"product_tag":[],"class_list":{"0":"post-25135","1":"product","2":"type-product","3":"status-publish","4":"has-post-thumbnail","6":"product_cat-pflegeprodukte","8":"first","9":"instock","10":"taxable","11":"shipping-taxable","12":"purchasable","13":"product-type-simple"},"yoast_head":"<!-- This site is optimized with the Yoast SEO plugin v25.6 - https:\/\/yoast.com\/wordpress\/plugins\/seo\/ -->\n<title>Botanic Harmony \u00d6l - Haartick-Extensions<\/title>\n<meta name=\"robots\" content=\"index, follow, max-snippet:-1, max-image-preview:large, max-video-preview:-1\" \/>\n<link rel=\"canonical\" href=\"https:\/\/www.haartick-extensions.de\/it\/shop\/botanic-harmony-oel\/\" \/>\n<meta property=\"og:locale\" content=\"it_IT\" \/>\n<meta property=\"og:type\" content=\"article\" \/>\n<meta property=\"og:title\" content=\"Botanic Harmony \u00d6l - Haartick-Extensions\" \/>\n<meta property=\"og:description\" content=\"Inhalt: 28ml. Hinweis: Hygieneprodukte wie Shampoos, Masken, Hitzeschutzmittel, \u00d6le und L\u00f6sungen f\u00fcr Haarverl\u00e4ngerungen k\u00f6nnen wir ausschlie\u00dflich zur\u00fccknehmen, wenn sie unbenutzt, originalversiegelt und in einwandfreiem Zustand sind. Dieses Pflegeprodukt kann bei helleren\/aschigen Extensions zu Verf\u00e4rbungen f\u00fchren. Nur f\u00fcr dunkle Extensions geeignet.\" \/>\n<meta property=\"og:url\" content=\"https:\/\/www.haartick-extensions.de\/it\/shop\/botanic-harmony-oel\/\" \/>\n<meta property=\"og:site_name\" content=\"Haartick-Extensions\" \/>\n<meta property=\"article:modified_time\" content=\"2026-03-10T08:35:57+00:00\" \/>\n<meta property=\"og:image\" content=\"https:\/\/www.haartick-extensions.de\/wp-content\/uploads\/2026\/02\/stapiz-professional-botanic-harmony-oil-naturalny-olejek-nadajacy-polysk-i-miekkosc-28ml_8f56488d-4ea4-4324-89d2-d1f6365b14b7.jpg.jpeg\" \/>\n\t<meta property=\"og:image:width\" content=\"550\" \/>\n\t<meta property=\"og:image:height\" content=\"550\" \/>\n\t<meta property=\"og:image:type\" content=\"image\/jpeg\" \/>\n<meta name=\"twitter:card\" content=\"summary_large_image\" \/>\n<meta name=\"twitter:label1\" content=\"Tempo di lettura stimato\" \/>\n\t<meta name=\"twitter:data1\" content=\"2 minuti\" \/>\n<script type=\"application\/ld+json\" class=\"yoast-schema-graph\">{\"@context\":\"https:\/\/schema.org\",\"@graph\":[{\"@type\":\"WebPage\",\"@id\":\"https:\/\/www.haartick-extensions.de\/de\/shop\/botanic-harmony-oel\/\",\"url\":\"https:\/\/www.haartick-extensions.de\/de\/shop\/botanic-harmony-oel\/\",\"name\":\"Botanic Harmony \u00d6l - Haartick-Extensions\",\"isPartOf\":{\"@id\":\"https:\/\/www.haartick-extensions.de\/it\/#website\"},\"primaryImageOfPage\":{\"@id\":\"https:\/\/www.haartick-extensions.de\/de\/shop\/botanic-harmony-oel\/#primaryimage\"},\"image\":{\"@id\":\"https:\/\/www.haartick-extensions.de\/de\/shop\/botanic-harmony-oel\/#primaryimage\"},\"thumbnailUrl\":\"https:\/\/www.haartick-extensions.de\/wp-content\/uploads\/2026\/02\/stapiz-professional-botanic-harmony-oil-naturalny-olejek-nadajacy-polysk-i-miekkosc-28ml_8f56488d-4ea4-4324-89d2-d1f6365b14b7.jpg.jpeg\",\"datePublished\":\"2026-02-20T15:55:23+00:00\",\"dateModified\":\"2026-03-10T08:35:57+00:00\",\"breadcrumb\":{\"@id\":\"https:\/\/www.haartick-extensions.de\/de\/shop\/botanic-harmony-oel\/#breadcrumb\"},\"inLanguage\":\"it-IT\",\"potentialAction\":[{\"@type\":\"ReadAction\",\"target\":[\"https:\/\/www.haartick-extensions.de\/de\/shop\/botanic-harmony-oel\/\"]}]},{\"@type\":\"ImageObject\",\"inLanguage\":\"it-IT\",\"@id\":\"https:\/\/www.haartick-extensions.de\/de\/shop\/botanic-harmony-oel\/#primaryimage\",\"url\":\"https:\/\/www.haartick-extensions.de\/wp-content\/uploads\/2026\/02\/stapiz-professional-botanic-harmony-oil-naturalny-olejek-nadajacy-polysk-i-miekkosc-28ml_8f56488d-4ea4-4324-89d2-d1f6365b14b7.jpg.jpeg\",\"contentUrl\":\"https:\/\/www.haartick-extensions.de\/wp-content\/uploads\/2026\/02\/stapiz-professional-botanic-harmony-oil-naturalny-olejek-nadajacy-polysk-i-miekkosc-28ml_8f56488d-4ea4-4324-89d2-d1f6365b14b7.jpg.jpeg\",\"width\":550,\"height\":550},{\"@type\":\"BreadcrumbList\",\"@id\":\"https:\/\/www.haartick-extensions.de\/de\/shop\/botanic-harmony-oel\/#breadcrumb\",\"itemListElement\":[{\"@type\":\"ListItem\",\"position\":1,\"name\":\"Startseite\",\"item\":\"https:\/\/www.haartick-extensions.de\/it\/\"},{\"@type\":\"ListItem\",\"position\":2,\"name\":\"Shop\",\"item\":\"https:\/\/www.haartick-extensions.de\/ru\/shop\/\"},{\"@type\":\"ListItem\",\"position\":3,\"name\":\"Botanic Harmony \u00d6l\"}]},{\"@type\":\"WebSite\",\"@id\":\"https:\/\/www.haartick-extensions.de\/it\/#website\",\"url\":\"https:\/\/www.haartick-extensions.de\/it\/\",\"name\":\"Haartick-Extensions\",\"description\":\"Professionelle Haarverl\u00e4ngerund \/ Haarverdichtung mit 100% Echthaar.\",\"publisher\":{\"@id\":\"https:\/\/www.haartick-extensions.de\/it\/#organization\"},\"potentialAction\":[{\"@type\":\"SearchAction\",\"target\":{\"@type\":\"EntryPoint\",\"urlTemplate\":\"https:\/\/www.haartick-extensions.de\/it\/?s={search_term_string}\"},\"query-input\":{\"@type\":\"PropertyValueSpecification\",\"valueRequired\":true,\"valueName\":\"search_term_string\"}}],\"inLanguage\":\"it-IT\"},{\"@type\":\"Organization\",\"@id\":\"https:\/\/www.haartick-extensions.de\/it\/#organization\",\"name\":\"Haartick Extensions\",\"url\":\"https:\/\/www.haartick-extensions.de\/it\/\",\"logo\":{\"@type\":\"ImageObject\",\"inLanguage\":\"it-IT\",\"@id\":\"https:\/\/www.haartick-extensions.de\/it\/#\/schema\/logo\/image\/\",\"url\":\"https:\/\/www.haartick-extensions.de\/wp-content\/uploads\/2024\/05\/cropped-Logo-mark-charm.png\",\"contentUrl\":\"https:\/\/www.haartick-extensions.de\/wp-content\/uploads\/2024\/05\/cropped-Logo-mark-charm.png\",\"width\":512,\"height\":512,\"caption\":\"Haartick Extensions\"},\"image\":{\"@id\":\"https:\/\/www.haartick-extensions.de\/it\/#\/schema\/logo\/image\/\"}}]}<\/script>\n<!-- \/ Yoast SEO plugin. -->","yoast_head_json":{"title":"Botanic Harmony \u00d6l - Haartick-Extensions","robots":{"index":"index","follow":"follow","max-snippet":"max-snippet:-1","max-image-preview":"max-image-preview:large","max-video-preview":"max-video-preview:-1"},"canonical":"https:\/\/www.haartick-extensions.de\/it\/shop\/botanic-harmony-oel\/","og_locale":"it_IT","og_type":"article","og_title":"Botanic Harmony \u00d6l - Haartick-Extensions","og_description":"Inhalt: 28ml. Hinweis: Hygieneprodukte wie Shampoos, Masken, Hitzeschutzmittel, \u00d6le und L\u00f6sungen f\u00fcr Haarverl\u00e4ngerungen k\u00f6nnen wir ausschlie\u00dflich zur\u00fccknehmen, wenn sie unbenutzt, originalversiegelt und in einwandfreiem Zustand sind. Dieses Pflegeprodukt kann bei helleren\/aschigen Extensions zu Verf\u00e4rbungen f\u00fchren. Nur f\u00fcr dunkle Extensions geeignet.","og_url":"https:\/\/www.haartick-extensions.de\/it\/shop\/botanic-harmony-oel\/","og_site_name":"Haartick-Extensions","article_modified_time":"2026-03-10T08:35:57+00:00","og_image":[{"width":550,"height":550,"url":"https:\/\/www.haartick-extensions.de\/wp-content\/uploads\/2026\/02\/stapiz-professional-botanic-harmony-oil-naturalny-olejek-nadajacy-polysk-i-miekkosc-28ml_8f56488d-4ea4-4324-89d2-d1f6365b14b7.jpg.jpeg","type":"image\/jpeg"}],"twitter_card":"summary_large_image","twitter_misc":{"Tempo di lettura stimato":"2 minuti"},"schema":{"@context":"https:\/\/schema.org","@graph":[{"@type":"WebPage","@id":"https:\/\/www.haartick-extensions.de\/de\/shop\/botanic-harmony-oel\/","url":"https:\/\/www.haartick-extensions.de\/de\/shop\/botanic-harmony-oel\/","name":"Botanic Harmony \u00d6l - Haartick-Extensions","isPartOf":{"@id":"https:\/\/www.haartick-extensions.de\/it\/#website"},"primaryImageOfPage":{"@id":"https:\/\/www.haartick-extensions.de\/de\/shop\/botanic-harmony-oel\/#primaryimage"},"image":{"@id":"https:\/\/www.haartick-extensions.de\/de\/shop\/botanic-harmony-oel\/#primaryimage"},"thumbnailUrl":"https:\/\/www.haartick-extensions.de\/wp-content\/uploads\/2026\/02\/stapiz-professional-botanic-harmony-oil-naturalny-olejek-nadajacy-polysk-i-miekkosc-28ml_8f56488d-4ea4-4324-89d2-d1f6365b14b7.jpg.jpeg","datePublished":"2026-02-20T15:55:23+00:00","dateModified":"2026-03-10T08:35:57+00:00","breadcrumb":{"@id":"https:\/\/www.haartick-extensions.de\/de\/shop\/botanic-harmony-oel\/#breadcrumb"},"inLanguage":"it-IT","potentialAction":[{"@type":"ReadAction","target":["https:\/\/www.haartick-extensions.de\/de\/shop\/botanic-harmony-oel\/"]}]},{"@type":"ImageObject","inLanguage":"it-IT","@id":"https:\/\/www.haartick-extensions.de\/de\/shop\/botanic-harmony-oel\/#primaryimage","url":"https:\/\/www.haartick-extensions.de\/wp-content\/uploads\/2026\/02\/stapiz-professional-botanic-harmony-oil-naturalny-olejek-nadajacy-polysk-i-miekkosc-28ml_8f56488d-4ea4-4324-89d2-d1f6365b14b7.jpg.jpeg","contentUrl":"https:\/\/www.haartick-extensions.de\/wp-content\/uploads\/2026\/02\/stapiz-professional-botanic-harmony-oil-naturalny-olejek-nadajacy-polysk-i-miekkosc-28ml_8f56488d-4ea4-4324-89d2-d1f6365b14b7.jpg.jpeg","width":550,"height":550},{"@type":"BreadcrumbList","@id":"https:\/\/www.haartick-extensions.de\/de\/shop\/botanic-harmony-oel\/#breadcrumb","itemListElement":[{"@type":"ListItem","position":1,"name":"Startseite","item":"https:\/\/www.haartick-extensions.de\/it\/"},{"@type":"ListItem","position":2,"name":"Shop","item":"https:\/\/www.haartick-extensions.de\/ru\/shop\/"},{"@type":"ListItem","position":3,"name":"Botanic Harmony \u00d6l"}]},{"@type":"WebSite","@id":"https:\/\/www.haartick-extensions.de\/it\/#website","url":"https:\/\/www.haartick-extensions.de\/it\/","name":"Estensioni a bastoncino per capelli","description":"Allungamento e infoltimento professionale con capelli umani 100%.","publisher":{"@id":"https:\/\/www.haartick-extensions.de\/it\/#organization"},"potentialAction":[{"@type":"SearchAction","target":{"@type":"EntryPoint","urlTemplate":"https:\/\/www.haartick-extensions.de\/it\/?s={search_term_string}"},"query-input":{"@type":"PropertyValueSpecification","valueRequired":true,"valueName":"search_term_string"}}],"inLanguage":"it-IT"},{"@type":"Organization","@id":"https:\/\/www.haartick-extensions.de\/it\/#organization","name":"Estensioni Haartick","url":"https:\/\/www.haartick-extensions.de\/it\/","logo":{"@type":"ImageObject","inLanguage":"it-IT","@id":"https:\/\/www.haartick-extensions.de\/it\/#\/schema\/logo\/image\/","url":"https:\/\/www.haartick-extensions.de\/wp-content\/uploads\/2024\/05\/cropped-Logo-mark-charm.png","contentUrl":"https:\/\/www.haartick-extensions.de\/wp-content\/uploads\/2024\/05\/cropped-Logo-mark-charm.png","width":512,"height":512,"caption":"Haartick Extensions"},"image":{"@id":"https:\/\/www.haartick-extensions.de\/it\/#\/schema\/logo\/image\/"}}]}},"_links":{"self":[{"href":"https:\/\/www.haartick-extensions.de\/it\/wp-json\/wp\/v2\/product\/25135","targetHints":{"allow":["GET"]}}],"collection":[{"href":"https:\/\/www.haartick-extensions.de\/it\/wp-json\/wp\/v2\/product"}],"about":[{"href":"https:\/\/www.haartick-extensions.de\/it\/wp-json\/wp\/v2\/types\/product"}],"replies":[{"embeddable":true,"href":"https:\/\/www.haartick-extensions.de\/it\/wp-json\/wp\/v2\/comments?post=25135"}],"version-history":[{"count":0,"href":"https:\/\/www.haartick-extensions.de\/it\/wp-json\/wp\/v2\/product\/25135\/revisions"}],"wp:featuredmedia":[{"embeddable":true,"href":"https:\/\/www.haartick-extensions.de\/it\/wp-json\/wp\/v2\/media\/25136"}],"wp:attachment":[{"href":"https:\/\/www.haartick-extensions.de\/it\/wp-json\/wp\/v2\/media?parent=25135"}],"wp:term":[{"taxonomy":"product_brand","embeddable":true,"href":"https:\/\/www.haartick-extensions.de\/it\/wp-json\/wp\/v2\/product_brand?post=25135"},{"taxonomy":"product_cat","embeddable":true,"href":"https:\/\/www.haartick-extensions.de\/it\/wp-json\/wp\/v2\/product_cat?post=25135"},{"taxonomy":"product_tag","embeddable":true,"href":"https:\/\/www.haartick-extensions.de\/it\/wp-json\/wp\/v2\/product_tag?post=25135"}],"curies":[{"name":"wp","href":"https:\/\/api.w.org\/{rel}","templated":true}]}}