{"id":25248,"date":"2026-03-28T11:11:38","date_gmt":"2026-03-28T11:11:38","guid":{"rendered":"https:\/\/www.haartick-extensions.de\/?post_type=product&#038;p=25248"},"modified":"2026-04-16T14:41:21","modified_gmt":"2026-04-16T14:41:21","slug":"taperolle-starke-folie-12-meter","status":"publish","type":"product","link":"https:\/\/www.haartick-extensions.de\/it\/shop\/taperolle-starke-folie-12-meter\/","title":{"rendered":"Rotolo conico film forte 12 metri"},"content":{"rendered":"<p>L'adesivo di Tapes per le extension \u00e8 stato appositamente sviluppato per garantire un fissaggio sicuro e duraturo. Fornisce una forte forza adesiva che assicura che le extension rimangano saldamente attaccate ai capelli naturali senza scivolare. Questo adesivo \u00e8 particolarmente delicato per la pelle ed \u00e8 stato testato per ridurre al minimo le irritazioni o le allergie, rendendolo ideale per il cuoio capelluto sensibile.<\/p>\n<p>Grazie alla sua formula trasparente, l'adesivo rimane invisibile e si fonde perfettamente con i capelli, garantendo un aspetto naturale. \u00c8 inoltre impermeabile e pu\u00f2 resistere all'usura quotidiana, come la doccia, il nuoto e le attivit\u00e0 sportive, senza perdere la sua tenuta.<\/p>\n<p>Nel complesso, il nastro adesivo per le estensioni dei capelli offre una soluzione affidabile, rispettosa della cute e invisibile per dare ai capelli pi\u00f9 volume e lunghezza. Anche noi utilizziamo questa pellicola adesiva per le extension a nastro del nostro negozio. Consigliato per tutti i tipi di capelli, soprattutto per quelli spessi.<\/p>","protected":false},"excerpt":{"rendered":"<p>L'adesivo di Tapes per le extension \u00e8 stato appositamente sviluppato per garantire un fissaggio sicuro e duraturo. Offre una<\/p>","protected":false},"featured_media":25243,"comment_status":"open","ping_status":"closed","template":"","meta":{"_joinchat":[]},"product_brand":[],"product_cat":[28],"product_tag":[],"class_list":{"0":"post-25248","1":"product","2":"type-product","3":"status-publish","4":"has-post-thumbnail","6":"product_cat-zubehoer","8":"first","9":"instock","10":"taxable","11":"shipping-taxable","12":"purchasable","13":"product-type-simple"},"yoast_head":"<!-- This site is optimized with the Yoast SEO plugin v25.6 - https:\/\/yoast.com\/wordpress\/plugins\/seo\/ -->\n<title>Taperolle Starke Folie 12 Meter - Haartick-Extensions<\/title>\n<meta name=\"robots\" content=\"index, follow, max-snippet:-1, max-image-preview:large, max-video-preview:-1\" \/>\n<link rel=\"canonical\" href=\"https:\/\/www.haartick-extensions.de\/it\/shop\/taperolle-starke-folie-12-meter\/\" \/>\n<meta property=\"og:locale\" content=\"it_IT\" \/>\n<meta property=\"og:type\" content=\"article\" \/>\n<meta property=\"og:title\" content=\"Taperolle Starke Folie 12 Meter - Haartick-Extensions\" \/>\n<meta property=\"og:description\" content=\"Der Kleber von Tapes f\u00fcr Haar-Extensions ist speziell entwickelt, um eine langanhaltende und sichere Befestigung zu gew\u00e4hrleisten. Er bietet eine\" \/>\n<meta property=\"og:url\" content=\"https:\/\/www.haartick-extensions.de\/it\/shop\/taperolle-starke-folie-12-meter\/\" \/>\n<meta property=\"og:site_name\" content=\"Haartick-Extensions\" \/>\n<meta property=\"article:modified_time\" content=\"2026-04-16T14:41:21+00:00\" \/>\n<meta property=\"og:image\" content=\"https:\/\/www.haartick-extensions.de\/wp-content\/uploads\/2026\/03\/tape-rolle-dunkelblau.webp\" \/>\n\t<meta property=\"og:image:width\" content=\"1920\" \/>\n\t<meta property=\"og:image:height\" content=\"2560\" \/>\n\t<meta property=\"og:image:type\" content=\"image\/webp\" \/>\n<meta name=\"twitter:card\" content=\"summary_large_image\" \/>\n<meta name=\"twitter:label1\" content=\"Tempo di lettura stimato\" \/>\n\t<meta name=\"twitter:data1\" content=\"2 minuti\" \/>\n<script type=\"application\/ld+json\" class=\"yoast-schema-graph\">{\"@context\":\"https:\/\/schema.org\",\"@graph\":[{\"@type\":\"WebPage\",\"@id\":\"https:\/\/www.haartick-extensions.de\/de\/shop\/taperolle-starke-folie-12-meter\/\",\"url\":\"https:\/\/www.haartick-extensions.de\/de\/shop\/taperolle-starke-folie-12-meter\/\",\"name\":\"Taperolle Starke Folie 12 Meter - Haartick-Extensions\",\"isPartOf\":{\"@id\":\"https:\/\/www.haartick-extensions.de\/it\/#website\"},\"primaryImageOfPage\":{\"@id\":\"https:\/\/www.haartick-extensions.de\/de\/shop\/taperolle-starke-folie-12-meter\/#primaryimage\"},\"image\":{\"@id\":\"https:\/\/www.haartick-extensions.de\/de\/shop\/taperolle-starke-folie-12-meter\/#primaryimage\"},\"thumbnailUrl\":\"https:\/\/www.haartick-extensions.de\/wp-content\/uploads\/2026\/03\/tape-rolle-dunkelblau.webp\",\"datePublished\":\"2026-03-28T11:11:38+00:00\",\"dateModified\":\"2026-04-16T14:41:21+00:00\",\"breadcrumb\":{\"@id\":\"https:\/\/www.haartick-extensions.de\/de\/shop\/taperolle-starke-folie-12-meter\/#breadcrumb\"},\"inLanguage\":\"it-IT\",\"potentialAction\":[{\"@type\":\"ReadAction\",\"target\":[\"https:\/\/www.haartick-extensions.de\/de\/shop\/taperolle-starke-folie-12-meter\/\"]}]},{\"@type\":\"ImageObject\",\"inLanguage\":\"it-IT\",\"@id\":\"https:\/\/www.haartick-extensions.de\/de\/shop\/taperolle-starke-folie-12-meter\/#primaryimage\",\"url\":\"https:\/\/www.haartick-extensions.de\/wp-content\/uploads\/2026\/03\/tape-rolle-dunkelblau.webp\",\"contentUrl\":\"https:\/\/www.haartick-extensions.de\/wp-content\/uploads\/2026\/03\/tape-rolle-dunkelblau.webp\",\"width\":1920,\"height\":2560},{\"@type\":\"BreadcrumbList\",\"@id\":\"https:\/\/www.haartick-extensions.de\/de\/shop\/taperolle-starke-folie-12-meter\/#breadcrumb\",\"itemListElement\":[{\"@type\":\"ListItem\",\"position\":1,\"name\":\"Startseite\",\"item\":\"https:\/\/www.haartick-extensions.de\/it\/\"},{\"@type\":\"ListItem\",\"position\":2,\"name\":\"Shop\",\"item\":\"https:\/\/www.haartick-extensions.de\/ru\/shop\/\"},{\"@type\":\"ListItem\",\"position\":3,\"name\":\"Taperolle Starke Folie 12 Meter\"}]},{\"@type\":\"WebSite\",\"@id\":\"https:\/\/www.haartick-extensions.de\/it\/#website\",\"url\":\"https:\/\/www.haartick-extensions.de\/it\/\",\"name\":\"Haartick-Extensions\",\"description\":\"Professionelle Haarverl\u00e4ngerund \/ Haarverdichtung mit 100% Echthaar.\",\"publisher\":{\"@id\":\"https:\/\/www.haartick-extensions.de\/it\/#organization\"},\"potentialAction\":[{\"@type\":\"SearchAction\",\"target\":{\"@type\":\"EntryPoint\",\"urlTemplate\":\"https:\/\/www.haartick-extensions.de\/it\/?s={search_term_string}\"},\"query-input\":{\"@type\":\"PropertyValueSpecification\",\"valueRequired\":true,\"valueName\":\"search_term_string\"}}],\"inLanguage\":\"it-IT\"},{\"@type\":\"Organization\",\"@id\":\"https:\/\/www.haartick-extensions.de\/it\/#organization\",\"name\":\"Haartick Extensions\",\"url\":\"https:\/\/www.haartick-extensions.de\/it\/\",\"logo\":{\"@type\":\"ImageObject\",\"inLanguage\":\"it-IT\",\"@id\":\"https:\/\/www.haartick-extensions.de\/it\/#\/schema\/logo\/image\/\",\"url\":\"https:\/\/www.haartick-extensions.de\/wp-content\/uploads\/2024\/05\/cropped-Logo-mark-charm.png\",\"contentUrl\":\"https:\/\/www.haartick-extensions.de\/wp-content\/uploads\/2024\/05\/cropped-Logo-mark-charm.png\",\"width\":512,\"height\":512,\"caption\":\"Haartick Extensions\"},\"image\":{\"@id\":\"https:\/\/www.haartick-extensions.de\/it\/#\/schema\/logo\/image\/\"}}]}<\/script>\n<!-- \/ Yoast SEO plugin. -->","yoast_head_json":{"title":"Taperolle Starke Folie 12 Meter - Haartick-Extensions","robots":{"index":"index","follow":"follow","max-snippet":"max-snippet:-1","max-image-preview":"max-image-preview:large","max-video-preview":"max-video-preview:-1"},"canonical":"https:\/\/www.haartick-extensions.de\/it\/shop\/taperolle-starke-folie-12-meter\/","og_locale":"it_IT","og_type":"article","og_title":"Taperolle Starke Folie 12 Meter - Haartick-Extensions","og_description":"Der Kleber von Tapes f\u00fcr Haar-Extensions ist speziell entwickelt, um eine langanhaltende und sichere Befestigung zu gew\u00e4hrleisten. Er bietet eine","og_url":"https:\/\/www.haartick-extensions.de\/it\/shop\/taperolle-starke-folie-12-meter\/","og_site_name":"Haartick-Extensions","article_modified_time":"2026-04-16T14:41:21+00:00","og_image":[{"width":1920,"height":2560,"url":"https:\/\/www.haartick-extensions.de\/wp-content\/uploads\/2026\/03\/tape-rolle-dunkelblau.webp","type":"image\/webp"}],"twitter_card":"summary_large_image","twitter_misc":{"Tempo di lettura stimato":"2 minuti"},"schema":{"@context":"https:\/\/schema.org","@graph":[{"@type":"WebPage","@id":"https:\/\/www.haartick-extensions.de\/de\/shop\/taperolle-starke-folie-12-meter\/","url":"https:\/\/www.haartick-extensions.de\/de\/shop\/taperolle-starke-folie-12-meter\/","name":"Taperolle Starke Folie 12 Meter - Haartick-Extensions","isPartOf":{"@id":"https:\/\/www.haartick-extensions.de\/it\/#website"},"primaryImageOfPage":{"@id":"https:\/\/www.haartick-extensions.de\/de\/shop\/taperolle-starke-folie-12-meter\/#primaryimage"},"image":{"@id":"https:\/\/www.haartick-extensions.de\/de\/shop\/taperolle-starke-folie-12-meter\/#primaryimage"},"thumbnailUrl":"https:\/\/www.haartick-extensions.de\/wp-content\/uploads\/2026\/03\/tape-rolle-dunkelblau.webp","datePublished":"2026-03-28T11:11:38+00:00","dateModified":"2026-04-16T14:41:21+00:00","breadcrumb":{"@id":"https:\/\/www.haartick-extensions.de\/de\/shop\/taperolle-starke-folie-12-meter\/#breadcrumb"},"inLanguage":"it-IT","potentialAction":[{"@type":"ReadAction","target":["https:\/\/www.haartick-extensions.de\/de\/shop\/taperolle-starke-folie-12-meter\/"]}]},{"@type":"ImageObject","inLanguage":"it-IT","@id":"https:\/\/www.haartick-extensions.de\/de\/shop\/taperolle-starke-folie-12-meter\/#primaryimage","url":"https:\/\/www.haartick-extensions.de\/wp-content\/uploads\/2026\/03\/tape-rolle-dunkelblau.webp","contentUrl":"https:\/\/www.haartick-extensions.de\/wp-content\/uploads\/2026\/03\/tape-rolle-dunkelblau.webp","width":1920,"height":2560},{"@type":"BreadcrumbList","@id":"https:\/\/www.haartick-extensions.de\/de\/shop\/taperolle-starke-folie-12-meter\/#breadcrumb","itemListElement":[{"@type":"ListItem","position":1,"name":"Startseite","item":"https:\/\/www.haartick-extensions.de\/it\/"},{"@type":"ListItem","position":2,"name":"Shop","item":"https:\/\/www.haartick-extensions.de\/ru\/shop\/"},{"@type":"ListItem","position":3,"name":"Taperolle Starke Folie 12 Meter"}]},{"@type":"WebSite","@id":"https:\/\/www.haartick-extensions.de\/it\/#website","url":"https:\/\/www.haartick-extensions.de\/it\/","name":"Estensioni a bastoncino per capelli","description":"Allungamento e infoltimento professionale con capelli umani 100%.","publisher":{"@id":"https:\/\/www.haartick-extensions.de\/it\/#organization"},"potentialAction":[{"@type":"SearchAction","target":{"@type":"EntryPoint","urlTemplate":"https:\/\/www.haartick-extensions.de\/it\/?s={search_term_string}"},"query-input":{"@type":"PropertyValueSpecification","valueRequired":true,"valueName":"search_term_string"}}],"inLanguage":"it-IT"},{"@type":"Organization","@id":"https:\/\/www.haartick-extensions.de\/it\/#organization","name":"Estensioni Haartick","url":"https:\/\/www.haartick-extensions.de\/it\/","logo":{"@type":"ImageObject","inLanguage":"it-IT","@id":"https:\/\/www.haartick-extensions.de\/it\/#\/schema\/logo\/image\/","url":"https:\/\/www.haartick-extensions.de\/wp-content\/uploads\/2024\/05\/cropped-Logo-mark-charm.png","contentUrl":"https:\/\/www.haartick-extensions.de\/wp-content\/uploads\/2024\/05\/cropped-Logo-mark-charm.png","width":512,"height":512,"caption":"Haartick Extensions"},"image":{"@id":"https:\/\/www.haartick-extensions.de\/it\/#\/schema\/logo\/image\/"}}]}},"_links":{"self":[{"href":"https:\/\/www.haartick-extensions.de\/it\/wp-json\/wp\/v2\/product\/25248","targetHints":{"allow":["GET"]}}],"collection":[{"href":"https:\/\/www.haartick-extensions.de\/it\/wp-json\/wp\/v2\/product"}],"about":[{"href":"https:\/\/www.haartick-extensions.de\/it\/wp-json\/wp\/v2\/types\/product"}],"replies":[{"embeddable":true,"href":"https:\/\/www.haartick-extensions.de\/it\/wp-json\/wp\/v2\/comments?post=25248"}],"version-history":[{"count":0,"href":"https:\/\/www.haartick-extensions.de\/it\/wp-json\/wp\/v2\/product\/25248\/revisions"}],"wp:featuredmedia":[{"embeddable":true,"href":"https:\/\/www.haartick-extensions.de\/it\/wp-json\/wp\/v2\/media\/25243"}],"wp:attachment":[{"href":"https:\/\/www.haartick-extensions.de\/it\/wp-json\/wp\/v2\/media?parent=25248"}],"wp:term":[{"taxonomy":"product_brand","embeddable":true,"href":"https:\/\/www.haartick-extensions.de\/it\/wp-json\/wp\/v2\/product_brand?post=25248"},{"taxonomy":"product_cat","embeddable":true,"href":"https:\/\/www.haartick-extensions.de\/it\/wp-json\/wp\/v2\/product_cat?post=25248"},{"taxonomy":"product_tag","embeddable":true,"href":"https:\/\/www.haartick-extensions.de\/it\/wp-json\/wp\/v2\/product_tag?post=25248"}],"curies":[{"name":"wp","href":"https:\/\/api.w.org\/{rel}","templated":true}]}}