{"id":21647,"date":"2024-10-24T11:41:56","date_gmt":"2024-10-24T11:41:56","guid":{"rendered":"https:\/\/www.haartick-extensions.de\/wordpress\/?page_id=21647"},"modified":"2025-05-08T12:16:42","modified_gmt":"2025-05-08T12:16:42","slug":"ruecksendung-und-versand","status":"publish","type":"page","link":"https:\/\/www.haartick-extensions.de\/nl\/ruecksendung-und-versand\/","title":{"rendered":"Retourneren en verzenden"},"content":{"rendered":"<div data-elementor-type=\"wp-page\" data-elementor-id=\"21647\" class=\"elementor elementor-21647\" data-elementor-post-type=\"page\">\n\t\t\t\t\t\t<section class=\"wd-negative-gap elementor-section elementor-top-section elementor-element elementor-element-d947561 elementor-section-content-middle elementor-reverse-tablet elementor-reverse-mobile elementor-section-boxed elementor-section-height-default elementor-section-height-default\" data-id=\"d947561\" data-element_type=\"section\">\n\t\t\t\t\t\t<div class=\"elementor-container elementor-column-gap-extended\">\n\t\t\t\t\t<div class=\"elementor-column elementor-col-100 elementor-top-column elementor-element elementor-element-3fbe701\" data-id=\"3fbe701\" data-element_type=\"column\">\n\t\t\t<div class=\"elementor-widget-wrap elementor-element-populated\">\n\t\t\t\t\t\t<div class=\"elementor-element elementor-element-ee4fc28 elementor-widget elementor-widget-wd_text_block\" data-id=\"ee4fc28\" data-element_type=\"widget\" data-widget_type=\"wd_text_block.default\">\n\t\t\t\t<div class=\"elementor-widget-container\">\n\t\t\t\t\t\t\t<div class=\"wd-text-block reset-last-child text-left\">\n\t\t\t\n\t\t\t<h4><strong>Retourzending<\/strong><\/h4><p>Je hebt de mogelijkheid om ongewenste producten binnen 14 dagen zonder problemen te retourneren. Houd er rekening mee dat artikelen met een hygi\u00ebnezegel alleen kunnen worden geretourneerd als ze onbeschadigd zijn. Je kunt de producten wel uit de verpakking halen om ze aan te raken en de kwaliteit of kleur te controleren. Knip bij het retourneren echter geen verbindingspunten door, verf geen haren en hanteer of beschadig de artikelen niet op een andere manier.<\/p><h4><strong>Uitwisseling<\/strong><\/h4><p>Als je een omruiling wilt, stuur je het artikel gewoon terug als een normale retourzending en bestel je het gewenste vervangende product opnieuw in onze online shop. Houd er rekening mee dat aangepaste producten niet geruild kunnen worden.<\/p><h4><strong>Retourprocedure<\/strong><\/h4><p>Helaas moet je de kosten voor de retourzending en de oorspronkelijke verzending zelf dragen. We vergoeden alleen de productkosten. Wij kunnen geen retourzendingen accepteren. Stuur ons een e-mail om de retourzending aan te melden.<strong>Mail<\/strong> op <a href=\"mailto:info@haartick-extensions.de\">info@haartick-extensions.de<\/a>.<\/p><h4><strong>Verwerkingstijd en terugbetaling<\/strong><\/h4><p>We streven ernaar om je retourzending binnen een week na ontvangst te verwerken, en dit is vaak sneller. De terugbetaling van het aankoopbedrag wordt direct na verwerking uitgevoerd via de betaalmethode die je hebt gebruikt bij het plaatsen van de bestelling.<\/p><p>Meer informatie vindt u in onze annuleringsvoorwaarden.<\/p><h4><strong>Verzendinformatie<\/strong><\/h4><p>Bestellingen die op werkdagen v\u00f3\u00f3r 15.00 uur worden ontvangen, worden meestal dezelfde dag nog verzonden als een DHL-pakket.<\/p><h4><strong>Verzendkosten &amp; levertijden<\/strong><\/h4>\n\t\t\t\t\t<\/div>\n\t\t\t\t\t\t<\/div>\n\t\t\t\t<\/div>\n\t\t\t\t<div class=\"elementor-element elementor-element-e12067c elementor-widget elementor-widget-wd_accordion\" data-id=\"e12067c\" data-element_type=\"widget\" data-widget_type=\"wd_accordion.default\">\n\t\t\t\t<div class=\"elementor-widget-container\">\n\t\t\t\t\t\n\t\t<div class=\"wd-accordion wd-style-default wd-border-off wd-titles-left wd-opener-pos-right wd-opener-style-arrow\" data-state=\"all_closed\">\n\t\t\t\t\t\t\t\n\t\t\t\t<div class=\"wd-accordion-item\">\n\t\t\t\t\t<div class=\"wd-accordion-title wd-role-btn\" data-accordion-index=\"0\" tabindex=\"0\">\n\t\t\t\t\t\t<div class=\"wd-accordion-title-text\">\n\t\t\t\t\t\t\t\t\t\t\t\t\t\t<span>\n\t\t\t\t\t\t\t\tDuitsland\t\t\t\t\t\t\t<\/span>\n\t\t\t\t\t\t<\/div>\n\t\t\t\t\t\t<span class=\"wd-accordion-opener\"><\/span>\n\t\t\t\t\t<\/div>\n\n\t\t\t\t\t<div class=\"wd-accordion-content wd-entry-content\" data-accordion-index=\"0\">\n\t\t\t\t\t\t\t\t\t\t\t\t\t\n\t\t\t\t\t\t\t<ul><li>Gratis verzending binnen Duitsland vanaf een bestelwaarde van \u20ac49, daaronder gelden \u20ac6,19 verzendkosten.<\/li><li>We brengen \u20ac36,36 in rekening voor de verzending van volumineuze goederen. Volumineuze goederen staan als zodanig vermeld in de artikelomschrijving.<\/li><li>Levering aan DHL-verpakkingsstations in Duitsland mogelijk.<\/li><li>Levertijd: 1-2 werkdagen<\/li><li>Verzendmethode: DHL pakket<\/li><\/ul>\n\t\t\t\t\t\t\t\t\t\t\t\t\t\t\t\t\t\t<\/div>\n\t\t\t\t<\/div>\n\t\t\t\t\t\t\t\n\t\t\t\t<div class=\"wd-accordion-item\">\n\t\t\t\t\t<div class=\"wd-accordion-title wd-role-btn\" data-accordion-index=\"1\" tabindex=\"0\">\n\t\t\t\t\t\t<div class=\"wd-accordion-title-text\">\n\t\t\t\t\t\t\t\t\t\t\t\t\t\t<span>\n\t\t\t\t\t\t\t\tEuropese Unie\t\t\t\t\t\t\t<\/span>\n\t\t\t\t\t\t<\/div>\n\t\t\t\t\t\t<span class=\"wd-accordion-opener\"><\/span>\n\t\t\t\t\t<\/div>\n\n\t\t\t\t\t<div class=\"wd-accordion-content wd-entry-content\" data-accordion-index=\"1\">\n\t\t\t\t\t\t\t\t\t\t\t\t\t\n\t\t\t\t\t\t\t<ul><li>Verzendkosten: 14,49 \u20ac<\/li><li>We brengen \u20ac46,99 in rekening voor de verzending van volumineuze goederen. Grote goederen worden als zodanig vermeld in de artikelbeschrijving.<\/li><li>Levertijd: 1-3 werkdagen<\/li><li>Eventuele douanerechten en belastingen zijn voor uw rekening.<\/li><li>Verzendmethode: DHL pakket<\/li><\/ul>\n\t\t\t\t\t\t\t\t\t\t\t\t\t\t\t\t\t\t<\/div>\n\t\t\t\t<\/div>\n\t\t\t\t\t\t\t\n\t\t\t\t<div class=\"wd-accordion-item\">\n\t\t\t\t\t<div class=\"wd-accordion-title wd-role-btn\" data-accordion-index=\"2\" tabindex=\"0\">\n\t\t\t\t\t\t<div class=\"wd-accordion-title-text\">\n\t\t\t\t\t\t\t\t\t\t\t\t\t\t<span>\n\t\t\t\t\t\t\t\tGroot-Brittanni\u00eb, Noord-Ierland, Zwitserland\t\t\t\t\t\t\t<\/span>\n\t\t\t\t\t\t<\/div>\n\t\t\t\t\t\t<span class=\"wd-accordion-opener\"><\/span>\n\t\t\t\t\t<\/div>\n\n\t\t\t\t\t<div class=\"wd-accordion-content wd-entry-content\" data-accordion-index=\"2\">\n\t\t\t\t\t\t\t\t\t\t\t\t\t\n\t\t\t\t\t\t\t<ul><li>Verzendkosten: 26,99 \u20ac<\/li><li>We brengen \u20ac56,99 in rekening voor de verzending van volumineuze goederen. Volumineuze goederen staan als zodanig vermeld in de artikelbeschrijving.<\/li><li>Levertijd: 5-10 werkdagen<\/li><li>Verzendmethode: DHL pakket<\/li><\/ul>\n\t\t\t\t\t\t\t\t\t\t\t\t\t\t\t\t\t\t<\/div>\n\t\t\t\t<\/div>\n\t\t\t\t\t\t\t\n\t\t\t\t<div class=\"wd-accordion-item\">\n\t\t\t\t\t<div class=\"wd-accordion-title wd-role-btn\" data-accordion-index=\"3\" tabindex=\"0\">\n\t\t\t\t\t\t<div class=\"wd-accordion-title-text\">\n\t\t\t\t\t\t\t\t\t\t\t\t\t\t<span>\n\t\t\t\t\t\t\t\tRest van Europa\t\t\t\t\t\t\t<\/span>\n\t\t\t\t\t\t<\/div>\n\t\t\t\t\t\t<span class=\"wd-accordion-opener\"><\/span>\n\t\t\t\t\t<\/div>\n\n\t\t\t\t\t<div class=\"wd-accordion-content wd-entry-content\" data-accordion-index=\"3\">\n\t\t\t\t\t\t\t\t\t\t\t\t\t\n\t\t\t\t\t\t\t<ul><li>Verzendkosten: 29,99 \u20ac<\/li><li>We brengen \u20ac59,99 in rekening voor de verzending van volumineuze goederen. Grote goederen worden als zodanig vermeld in de artikelbeschrijving.<\/li><li>Levertijd: 5-10 werkdagen<\/li><li>Eventuele douanerechten en belastingen zijn voor uw rekening.<\/li><li>Verzendmethode: DHL pakket<\/li><\/ul>\n\t\t\t\t\t\t\t\t\t\t\t\t\t\t\t\t\t\t<\/div>\n\t\t\t\t<\/div>\n\t\t\t\t\t\t\t\n\t\t\t\t<div class=\"wd-accordion-item\">\n\t\t\t\t\t<div class=\"wd-accordion-title wd-role-btn\" data-accordion-index=\"4\" tabindex=\"0\">\n\t\t\t\t\t\t<div class=\"wd-accordion-title-text\">\n\t\t\t\t\t\t\t\t\t\t\t\t\t\t<span>\n\t\t\t\t\t\t\t\tRussische Federatie\t\t\t\t\t\t\t<\/span>\n\t\t\t\t\t\t<\/div>\n\t\t\t\t\t\t<span class=\"wd-accordion-opener\"><\/span>\n\t\t\t\t\t<\/div>\n\n\t\t\t\t\t<div class=\"wd-accordion-content wd-entry-content\" data-accordion-index=\"4\">\n\t\t\t\t\t\t\t\t\t\t\t\t\t\n\t\t\t\t\t\t\t<ul><li>Verzendkosten: 34,99 \u20ac<\/li><li>Het is niet mogelijk om omvangrijke goederen naar deze regio te verzenden. Omvangrijke goederen worden als zodanig gemarkeerd in de artikelbeschrijving.<\/li><li>Levertijd: 5-10 werkdagen<\/li><li>Eventuele douanerechten en belastingen zijn voor uw rekening.<\/li><li>Verzendmethode: DHL pakket<\/li><\/ul>\n\t\t\t\t\t\t\t\t\t\t\t\t\t\t\t\t\t\t<\/div>\n\t\t\t\t<\/div>\n\t\t\t\t\t\t\t\n\t\t\t\t<div class=\"wd-accordion-item\">\n\t\t\t\t\t<div class=\"wd-accordion-title wd-role-btn\" data-accordion-index=\"5\" tabindex=\"0\">\n\t\t\t\t\t\t<div class=\"wd-accordion-title-text\">\n\t\t\t\t\t\t\t\t\t\t\t\t\t\t<span>\n\t\t\t\t\t\t\t\tNoord-, Midden- en Zuid-Amerika\t\t\t\t\t\t\t<\/span>\n\t\t\t\t\t\t<\/div>\n\t\t\t\t\t\t<span class=\"wd-accordion-opener\"><\/span>\n\t\t\t\t\t<\/div>\n\n\t\t\t\t\t<div class=\"wd-accordion-content wd-entry-content\" data-accordion-index=\"5\">\n\t\t\t\t\t\t\t\t\t\t\t\t\t\n\t\t\t\t\t\t\t<ul><li>Verzendkosten: 47,99 \u20ac<\/li><li><span style=\"font-family: 'Readex Pro', Arial, Helvetica, sans-serif; font-size: 13px; font-style: normal; font-variant-ligatures: normal; font-variant-caps: normal; font-weight: 400;\">Het is niet mogelijk om omvangrijke goederen naar deze regio te verzenden<\/span>. Bulkgoederen worden als zodanig gemarkeerd in de artikelbeschrijving.<\/li><li>Levertijd: 7-21 werkdagen<\/li><li>Eventuele douanerechten en belastingen zijn voor uw rekening.<\/li><li>Verzendmethode: DHL pakket<\/li><\/ul>\n\t\t\t\t\t\t\t\t\t\t\t\t\t\t\t\t\t\t<\/div>\n\t\t\t\t<\/div>\n\t\t\t\t\t\t\t\n\t\t\t\t<div class=\"wd-accordion-item\">\n\t\t\t\t\t<div class=\"wd-accordion-title wd-role-btn\" data-accordion-index=\"6\" tabindex=\"0\">\n\t\t\t\t\t\t<div class=\"wd-accordion-title-text\">\n\t\t\t\t\t\t\t\t\t\t\t\t\t\t<span>\n\t\t\t\t\t\t\t\tNoord-Afrika, Midden-Oosten\t\t\t\t\t\t\t<\/span>\n\t\t\t\t\t\t<\/div>\n\t\t\t\t\t\t<span class=\"wd-accordion-opener\"><\/span>\n\t\t\t\t\t<\/div>\n\n\t\t\t\t\t<div class=\"wd-accordion-content wd-entry-content\" data-accordion-index=\"6\">\n\t\t\t\t\t\t\t\t\t\t\t\t\t\n\t\t\t\t\t\t\t<ul><li>Verzendkosten: 47,99 \u20ac<\/li><li>We brengen \u20ac77,99 in rekening voor de verzending van volumineuze goederen. Grote goederen worden als zodanig vermeld in de artikelbeschrijving.<\/li><li>Levertijd: 7-21 werkdagen<\/li><li>Eventuele douanerechten en belastingen zijn voor uw rekening.<\/li><li>Verzendmethode: DHL pakket<\/li><\/ul>\n\t\t\t\t\t\t\t\t\t\t\t\t\t\t\t\t\t\t<\/div>\n\t\t\t\t<\/div>\n\t\t\t\t\t\t\t\n\t\t\t\t<div class=\"wd-accordion-item\">\n\t\t\t\t\t<div class=\"wd-accordion-title wd-role-btn\" data-accordion-index=\"7\" tabindex=\"0\">\n\t\t\t\t\t\t<div class=\"wd-accordion-title-text\">\n\t\t\t\t\t\t\t\t\t\t\t\t\t\t<span>\n\t\t\t\t\t\t\t\tAzi\u00eb, Afrika (uitgezonderd Noord-Afrika, Midden-Oosten)  \t\t\t\t\t\t\t<\/span>\n\t\t\t\t\t\t<\/div>\n\t\t\t\t\t\t<span class=\"wd-accordion-opener\"><\/span>\n\t\t\t\t\t<\/div>\n\n\t\t\t\t\t<div class=\"wd-accordion-content wd-entry-content\" data-accordion-index=\"7\">\n\t\t\t\t\t\t\t\t\t\t\t\t\t\n\t\t\t\t\t\t\t<ul><li>Verzendkosten: 45,99 \u20ac<\/li><li>We brengen \u20ac75,99 in rekening voor de verzending van bulkgoederen. Grote goederen worden als zodanig vermeld in de artikelbeschrijving.<\/li><li>Levertijd: 7-21 werkdagen<\/li><li>Eventuele douanerechten en belastingen zijn voor uw rekening.<\/li><li>Verzendmethode: DHL pakket<\/li><\/ul>\n\t\t\t\t\t\t\t\t\t\t\t\t\t\t\t\t\t\t<\/div>\n\t\t\t\t<\/div>\n\t\t\t\t\t\t\t\n\t\t\t\t<div class=\"wd-accordion-item\">\n\t\t\t\t\t<div class=\"wd-accordion-title wd-role-btn\" data-accordion-index=\"8\" tabindex=\"0\">\n\t\t\t\t\t\t<div class=\"wd-accordion-title-text\">\n\t\t\t\t\t\t\t\t\t\t\t\t\t\t<span>\n\t\t\t\t\t\t\t\tAustrali\u00eb, Oceani\u00eb\t\t\t\t\t\t\t<\/span>\n\t\t\t\t\t\t<\/div>\n\t\t\t\t\t\t<span class=\"wd-accordion-opener\"><\/span>\n\t\t\t\t\t<\/div>\n\n\t\t\t\t\t<div class=\"wd-accordion-content wd-entry-content\" data-accordion-index=\"8\">\n\t\t\t\t\t\t\t\t\t\t\t\t\t\n\t\t\t\t\t\t\t<ul><li>Verzendkosten: 49,99 \u20ac<\/li><li><span style=\"font-family: 'Readex Pro', Arial, Helvetica, sans-serif; font-size: 13px; font-style: normal; font-variant-ligatures: normal; font-variant-caps: normal; font-weight: 400;\">Het is niet mogelijk om omvangrijke goederen naar deze regio te verzenden<\/span>. Bulkgoederen worden als zodanig gemarkeerd in de artikelbeschrijving.<\/li><li>Levertijd: 7-21 werkdagen<\/li><li>Eventuele douanerechten en belastingen zijn voor uw rekening.<\/li><li>Verzendmethode: DHL pakket<\/li><\/ul>\n\t\t\t\t\t\t\t\t\t\t\t\t\t\t\t\t\t\t<\/div>\n\t\t\t\t<\/div>\n\t\t\t\t\t<\/div>\n\t\t\t\t\t\t<\/div>\n\t\t\t\t<\/div>\n\t\t\t\t\t<\/div>\n\t\t<\/div>\n\t\t\t\t\t<\/div>\n\t\t<\/section>\n\t\t\t\t<\/div>","protected":false},"excerpt":{"rendered":"<p>R\u00fccksendung Sie haben die M\u00f6glichkeit, innerhalb von 14 Tagen unerw\u00fcnschte Produkte unkompliziert zur\u00fcckzusenden. Beachten Sie bitte, dass Artikel mit Hygienesiegeln<\/p>","protected":false},"author":1,"featured_media":0,"parent":0,"menu_order":0,"comment_status":"closed","ping_status":"closed","template":"","meta":{"_joinchat":[],"footnotes":""},"class_list":["post-21647","page","type-page","status-publish","hentry"],"yoast_head":"<!-- This site is optimized with the Yoast SEO plugin v25.6 - https:\/\/yoast.com\/wordpress\/plugins\/seo\/ -->\n<title>R\u00fccksendung und Versand - Haartick-Extensions<\/title>\n<meta name=\"robots\" content=\"index, follow, max-snippet:-1, max-image-preview:large, max-video-preview:-1\" \/>\n<link rel=\"canonical\" href=\"https:\/\/www.haartick-extensions.de\/nl\/ruecksendung-und-versand\/\" \/>\n<meta property=\"og:locale\" content=\"nl_NL\" \/>\n<meta property=\"og:type\" content=\"article\" \/>\n<meta property=\"og:title\" content=\"R\u00fccksendung und Versand - Haartick-Extensions\" \/>\n<meta property=\"og:description\" content=\"R\u00fccksendung Sie haben die M\u00f6glichkeit, innerhalb von 14 Tagen unerw\u00fcnschte Produkte unkompliziert zur\u00fcckzusenden. Beachten Sie bitte, dass Artikel mit Hygienesiegeln\" \/>\n<meta property=\"og:url\" content=\"https:\/\/www.haartick-extensions.de\/nl\/ruecksendung-und-versand\/\" \/>\n<meta property=\"og:site_name\" content=\"Haartick-Extensions\" \/>\n<meta property=\"article:modified_time\" content=\"2025-05-08T12:16:42+00:00\" \/>\n<meta name=\"twitter:card\" content=\"summary_large_image\" \/>\n<meta name=\"twitter:label1\" content=\"Geschatte leestijd\" \/>\n\t<meta name=\"twitter:data1\" content=\"3 minuten\" \/>\n<script type=\"application\/ld+json\" class=\"yoast-schema-graph\">{\"@context\":\"https:\/\/schema.org\",\"@graph\":[{\"@type\":\"WebPage\",\"@id\":\"https:\/\/www.haartick-extensions.de\/fr\/ruecksendung-und-versand\/\",\"url\":\"https:\/\/www.haartick-extensions.de\/fr\/ruecksendung-und-versand\/\",\"name\":\"R\u00fccksendung und Versand - Haartick-Extensions\",\"isPartOf\":{\"@id\":\"https:\/\/www.haartick-extensions.de\/it\/#website\"},\"datePublished\":\"2024-10-24T11:41:56+00:00\",\"dateModified\":\"2025-05-08T12:16:42+00:00\",\"breadcrumb\":{\"@id\":\"https:\/\/www.haartick-extensions.de\/fr\/ruecksendung-und-versand\/#breadcrumb\"},\"inLanguage\":\"nl-NL\",\"potentialAction\":[{\"@type\":\"ReadAction\",\"target\":[\"https:\/\/www.haartick-extensions.de\/fr\/ruecksendung-und-versand\/\"]}]},{\"@type\":\"BreadcrumbList\",\"@id\":\"https:\/\/www.haartick-extensions.de\/fr\/ruecksendung-und-versand\/#breadcrumb\",\"itemListElement\":[{\"@type\":\"ListItem\",\"position\":1,\"name\":\"Startseite\",\"item\":\"https:\/\/www.haartick-extensions.de\/it\/\"},{\"@type\":\"ListItem\",\"position\":2,\"name\":\"R\u00fccksendung und Versand\"}]},{\"@type\":\"WebSite\",\"@id\":\"https:\/\/www.haartick-extensions.de\/it\/#website\",\"url\":\"https:\/\/www.haartick-extensions.de\/it\/\",\"name\":\"Haartick-Extensions\",\"description\":\"Professionelle Haarverl\u00e4ngerund \/ Haarverdichtung mit 100% Echthaar.\",\"publisher\":{\"@id\":\"https:\/\/www.haartick-extensions.de\/it\/#organization\"},\"potentialAction\":[{\"@type\":\"SearchAction\",\"target\":{\"@type\":\"EntryPoint\",\"urlTemplate\":\"https:\/\/www.haartick-extensions.de\/it\/?s={search_term_string}\"},\"query-input\":{\"@type\":\"PropertyValueSpecification\",\"valueRequired\":true,\"valueName\":\"search_term_string\"}}],\"inLanguage\":\"nl-NL\"},{\"@type\":\"Organization\",\"@id\":\"https:\/\/www.haartick-extensions.de\/it\/#organization\",\"name\":\"Haartick Extensions\",\"url\":\"https:\/\/www.haartick-extensions.de\/it\/\",\"logo\":{\"@type\":\"ImageObject\",\"inLanguage\":\"nl-NL\",\"@id\":\"https:\/\/www.haartick-extensions.de\/it\/#\/schema\/logo\/image\/\",\"url\":\"https:\/\/www.haartick-extensions.de\/wp-content\/uploads\/2024\/05\/cropped-Logo-mark-charm.png\",\"contentUrl\":\"https:\/\/www.haartick-extensions.de\/wp-content\/uploads\/2024\/05\/cropped-Logo-mark-charm.png\",\"width\":512,\"height\":512,\"caption\":\"Haartick Extensions\"},\"image\":{\"@id\":\"https:\/\/www.haartick-extensions.de\/it\/#\/schema\/logo\/image\/\"}}]}<\/script>\n<!-- \/ Yoast SEO plugin. -->","yoast_head_json":{"title":"R\u00fccksendung und Versand - Haartick-Extensions","robots":{"index":"index","follow":"follow","max-snippet":"max-snippet:-1","max-image-preview":"max-image-preview:large","max-video-preview":"max-video-preview:-1"},"canonical":"https:\/\/www.haartick-extensions.de\/nl\/ruecksendung-und-versand\/","og_locale":"nl_NL","og_type":"article","og_title":"R\u00fccksendung und Versand - Haartick-Extensions","og_description":"R\u00fccksendung Sie haben die M\u00f6glichkeit, innerhalb von 14 Tagen unerw\u00fcnschte Produkte unkompliziert zur\u00fcckzusenden. Beachten Sie bitte, dass Artikel mit Hygienesiegeln","og_url":"https:\/\/www.haartick-extensions.de\/nl\/ruecksendung-und-versand\/","og_site_name":"Haartick-Extensions","article_modified_time":"2025-05-08T12:16:42+00:00","twitter_card":"summary_large_image","twitter_misc":{"Geschatte leestijd":"3 minuten"},"schema":{"@context":"https:\/\/schema.org","@graph":[{"@type":"WebPage","@id":"https:\/\/www.haartick-extensions.de\/fr\/ruecksendung-und-versand\/","url":"https:\/\/www.haartick-extensions.de\/fr\/ruecksendung-und-versand\/","name":"R\u00fccksendung und Versand - Haartick-Extensions","isPartOf":{"@id":"https:\/\/www.haartick-extensions.de\/it\/#website"},"datePublished":"2024-10-24T11:41:56+00:00","dateModified":"2025-05-08T12:16:42+00:00","breadcrumb":{"@id":"https:\/\/www.haartick-extensions.de\/fr\/ruecksendung-und-versand\/#breadcrumb"},"inLanguage":"nl-NL","potentialAction":[{"@type":"ReadAction","target":["https:\/\/www.haartick-extensions.de\/fr\/ruecksendung-und-versand\/"]}]},{"@type":"BreadcrumbList","@id":"https:\/\/www.haartick-extensions.de\/fr\/ruecksendung-und-versand\/#breadcrumb","itemListElement":[{"@type":"ListItem","position":1,"name":"Startseite","item":"https:\/\/www.haartick-extensions.de\/it\/"},{"@type":"ListItem","position":2,"name":"R\u00fccksendung und Versand"}]},{"@type":"WebSite","@id":"https:\/\/www.haartick-extensions.de\/it\/#website","url":"https:\/\/www.haartick-extensions.de\/it\/","name":"Haarstick extensies","description":"Professionele haarverlenging en -verdikking met 100% menselijk haar.","publisher":{"@id":"https:\/\/www.haartick-extensions.de\/it\/#organization"},"potentialAction":[{"@type":"SearchAction","target":{"@type":"EntryPoint","urlTemplate":"https:\/\/www.haartick-extensions.de\/it\/?s={search_term_string}"},"query-input":{"@type":"PropertyValueSpecification","valueRequired":true,"valueName":"search_term_string"}}],"inLanguage":"nl-NL"},{"@type":"Organization","@id":"https:\/\/www.haartick-extensions.de\/it\/#organization","name":"Haartick uitbreidingen","url":"https:\/\/www.haartick-extensions.de\/it\/","logo":{"@type":"ImageObject","inLanguage":"nl-NL","@id":"https:\/\/www.haartick-extensions.de\/it\/#\/schema\/logo\/image\/","url":"https:\/\/www.haartick-extensions.de\/wp-content\/uploads\/2024\/05\/cropped-Logo-mark-charm.png","contentUrl":"https:\/\/www.haartick-extensions.de\/wp-content\/uploads\/2024\/05\/cropped-Logo-mark-charm.png","width":512,"height":512,"caption":"Haartick Extensions"},"image":{"@id":"https:\/\/www.haartick-extensions.de\/it\/#\/schema\/logo\/image\/"}}]}},"_links":{"self":[{"href":"https:\/\/www.haartick-extensions.de\/nl\/wp-json\/wp\/v2\/pages\/21647","targetHints":{"allow":["GET"]}}],"collection":[{"href":"https:\/\/www.haartick-extensions.de\/nl\/wp-json\/wp\/v2\/pages"}],"about":[{"href":"https:\/\/www.haartick-extensions.de\/nl\/wp-json\/wp\/v2\/types\/page"}],"author":[{"embeddable":true,"href":"https:\/\/www.haartick-extensions.de\/nl\/wp-json\/wp\/v2\/users\/1"}],"replies":[{"embeddable":true,"href":"https:\/\/www.haartick-extensions.de\/nl\/wp-json\/wp\/v2\/comments?post=21647"}],"version-history":[{"count":0,"href":"https:\/\/www.haartick-extensions.de\/nl\/wp-json\/wp\/v2\/pages\/21647\/revisions"}],"wp:attachment":[{"href":"https:\/\/www.haartick-extensions.de\/nl\/wp-json\/wp\/v2\/media?parent=21647"}],"curies":[{"name":"wp","href":"https:\/\/api.w.org\/{rel}","templated":true}]}}