{"id":22045,"date":"2024-11-01T11:43:45","date_gmt":"2024-11-01T11:43:45","guid":{"rendered":"https:\/\/www.haartick-extensions.de\/wordpress\/?page_id=22045"},"modified":"2025-08-28T16:54:08","modified_gmt":"2025-08-28T16:54:08","slug":"faq-haarverlaengerung-antworten-zu-extensions-pflege","status":"publish","type":"page","link":"https:\/\/www.haartick-extensions.de\/nl\/faq-haarverlaengerung-antworten-zu-extensions-pflege\/","title":{"rendered":"VRAGEN EN ANTWOORDEN"},"content":{"rendered":"<div data-elementor-type=\"wp-page\" data-elementor-id=\"22045\" class=\"elementor elementor-22045\" data-elementor-post-type=\"page\">\n\t\t\t\t<div class=\"wd-negative-gap elementor-element elementor-element-83884ab e-flex e-con-boxed e-con e-parent\" data-id=\"83884ab\" data-element_type=\"container\">\n\t\t\t\t\t<div class=\"e-con-inner\">\n\t\t\t\t<div class=\"elementor-element elementor-element-0f8e80b elementor-widget elementor-widget-wd_accordion\" data-id=\"0f8e80b\" data-element_type=\"widget\" data-widget_type=\"wd_accordion.default\">\n\t\t\t\t<div class=\"elementor-widget-container\">\n\t\t\t\t\t\n\t\t<div class=\"wd-accordion wd-style-default wd-border-off wd-titles-left wd-opener-pos-right wd-opener-style-arrow\" data-state=\"all_closed\">\n\t\t\t\t\t\t\t\n\t\t\t\t<div class=\"wd-accordion-item\">\n\t\t\t\t\t<div class=\"wd-accordion-title wd-role-btn\" data-accordion-index=\"0\" tabindex=\"0\">\n\t\t\t\t\t\t<div class=\"wd-accordion-title-text\">\n\t\t\t\t\t\t\t\t\t\t\t\t\t\t<span>\n\t\t\t\t\t\t\t\tBeschadigen extensions je eigen haar?\t\t\t\t\t\t\t<\/span>\n\t\t\t\t\t\t<\/div>\n\t\t\t\t\t\t<span class=\"wd-accordion-opener\"><\/span>\n\t\t\t\t\t<\/div>\n\n\t\t\t\t\t<div class=\"wd-accordion-content wd-entry-content\" data-accordion-index=\"0\">\n\t\t\t\t\t\t\t\t\t\t\t\t\t\n\t\t\t\t\t\t\t<p>Als je de extensions laat zetten en verwijderen door een ervaren kapper of professional op het gebied van hairextensions nadat de strengen zijn uitgegroeid, en als je het haar goed verzorgt, is er geen risico voor je eigen haar.<\/p>\n\t\t\t\t\t\t\t\t\t\t\t\t\t\t\t\t\t\t<\/div>\n\t\t\t\t<\/div>\n\t\t\t\t\t\t\t\n\t\t\t\t<div class=\"wd-accordion-item\">\n\t\t\t\t\t<div class=\"wd-accordion-title wd-role-btn\" data-accordion-index=\"1\" tabindex=\"0\">\n\t\t\t\t\t\t<div class=\"wd-accordion-title-text\">\n\t\t\t\t\t\t\t\t\t\t\t\t\t\t<span>\n\t\t\t\t\t\t\t\tHoe worden de extensions bevestigd? Hoe lang kan ik de extensions dragen?\t\t\t\t\t\t\t<\/span>\n\t\t\t\t\t\t<\/div>\n\t\t\t\t\t\t<span class=\"wd-accordion-opener\"><\/span>\n\t\t\t\t\t<\/div>\n\n\t\t\t\t\t<div class=\"wd-accordion-content wd-entry-content\" data-accordion-index=\"1\">\n\t\t\t\t\t\t\t\t\t\t\t\t\t\n\t\t\t\t\t\t\t<p><strong>Hechtmethode:<\/strong><\/p><p>Extensions worden met een warmtetang aan je eigen haar bevestigd. Hierdoor wordt je eigen haar niet beschadigd. Met deze methode gaan de extensions tot 6 maanden mee.<\/p><p><strong>Tape methode:<\/strong><\/p><p>Het haar wordt ingebracht met zelfklevende strips. Ook hier is er geen risico voor je eigen haar. Met deze methode gaan de extensions tot 8 weken mee.<\/p>\n\t\t\t\t\t\t\t\t\t\t\t\t\t\t\t\t\t\t<\/div>\n\t\t\t\t<\/div>\n\t\t\t\t\t\t\t\n\t\t\t\t<div class=\"wd-accordion-item\">\n\t\t\t\t\t<div class=\"wd-accordion-title wd-role-btn\" data-accordion-index=\"2\" tabindex=\"0\">\n\t\t\t\t\t\t<div class=\"wd-accordion-title-text\">\n\t\t\t\t\t\t\t\t\t\t\t\t\t\t<span>\n\t\t\t\t\t\t\t\tWelke verlengmethode past het best bij mij?\t\t\t\t\t\t\t<\/span>\n\t\t\t\t\t\t<\/div>\n\t\t\t\t\t\t<span class=\"wd-accordion-opener\"><\/span>\n\t\t\t\t\t<\/div>\n\n\t\t\t\t\t<div class=\"wd-accordion-content wd-entry-content\" data-accordion-index=\"2\">\n\t\t\t\t\t\t\t\t\t\t\t\t\t\n\t\t\t\t\t\t\t<p>Maak <span style=\"text-decoration: underline;\"><strong><a href=\"https:\/\/www.haartick-extensions.de\/nl\/finde-deine-perfekte-extensions-methode\/\">hier<\/a><\/strong><\/span>\u00a0Doe een korte quiz en ontvang direct onze aanbeveling.<\/p>\n\t\t\t\t\t\t\t\t\t\t\t\t\t\t\t\t\t\t<\/div>\n\t\t\t\t<\/div>\n\t\t\t\t\t\t\t\n\t\t\t\t<div class=\"wd-accordion-item\">\n\t\t\t\t\t<div class=\"wd-accordion-title wd-role-btn\" data-accordion-index=\"3\" tabindex=\"0\">\n\t\t\t\t\t\t<div class=\"wd-accordion-title-text\">\n\t\t\t\t\t\t\t\t\t\t\t\t\t\t<span>\n\t\t\t\t\t\t\t\tAanbevolen hoeveelheid\t\t\t\t\t\t\t<\/span>\n\t\t\t\t\t\t<\/div>\n\t\t\t\t\t\t<span class=\"wd-accordion-opener\"><\/span>\n\t\t\t\t\t<\/div>\n\n\t\t\t\t\t<div class=\"wd-accordion-content wd-entry-content\" data-accordion-index=\"3\">\n\t\t\t\t\t\t\t\t\t\t\t\t\t\n\t\t\t\t\t\t\t<p>Klik op <span style=\"text-decoration: underline;\"><a href=\"https:\/\/www.haartick-extensions.de\/nl\/mengenempfehlung\/\"><b>hier<\/b><\/a><\/span>\u00a0voor een overzicht<\/p>\n\t\t\t\t\t\t\t\t\t\t\t\t\t\t\t\t\t\t<\/div>\n\t\t\t\t<\/div>\n\t\t\t\t\t\t\t\n\t\t\t\t<div class=\"wd-accordion-item\">\n\t\t\t\t\t<div class=\"wd-accordion-title wd-role-btn\" data-accordion-index=\"4\" tabindex=\"0\">\n\t\t\t\t\t\t<div class=\"wd-accordion-title-text\">\n\t\t\t\t\t\t\t\t\t\t\t\t\t\t<span>\n\t\t\t\t\t\t\t\tRisico's en bijwerkingen\t\t\t\t\t\t\t<\/span>\n\t\t\t\t\t\t<\/div>\n\t\t\t\t\t\t<span class=\"wd-accordion-opener\"><\/span>\n\t\t\t\t\t<\/div>\n\n\t\t\t\t\t<div class=\"wd-accordion-content wd-entry-content\" data-accordion-index=\"4\">\n\t\t\t\t\t\t\t\t\t\t\t\t\t\n\t\t\t\t\t\t\t<p><b>Extensies vallen uit:<\/b><\/p><p>Dit kan worden veroorzaakt door extreem steil haar, het effect van hitte op de keratineverbindingen, een vette hoofdhuid of verkeerde verzorgingsproducten. Neem in extreme gevallen contact op met je stylist.<b><\/b><\/p><p><b>Het haar ziet er droog uit:<\/b><\/p><p>Net als natuurlijk haar kan menselijk haar gevoelig zijn voor droogheid en gespleten haarpunten. Lees het gedeelte \"Onderhoud\" en volg de verzorgingstips.<b><\/b><\/p><p><b>Knoop het haar:<\/b><\/p><p>Dit gebeurt als de verzorging niet goed is. Borstel het haar regelmatig met een speciale extension borstel en f\u00f6hn het haar altijd na het wassen.<b><\/b><\/p><p><b>Het haar wordt klitten:<\/b><\/p><p>Dit kan veroorzaakt worden door verkeerde verzorging of zwaar gestrest haar (chemische behandelingen). Gebruik intensieve verzorgingsbehandelingen en haartipvloeistof<b>.<\/b><\/p><p><b>Jeuk:<\/b><\/p><p>Hairextensions kunnen in het begin jeuk veroorzaken. Gebruik een milde shampoo en vermijd shampoo tegen roos.<b>.<\/b><\/p><p><b>Hoofdpijn:<\/b><\/p><p>De eerste hoofdpijn is normaal en zal verdwijnen zodra je hoofdhuid gewend is aan het extra gewicht.<b><\/b><\/p><p><b>De extensies komen los:<\/b><\/p><p>Dit kan worden veroorzaakt door chemische behandelingen of verkeerde verzorging. Neem in extreme gevallen contact op met je stylist.<b><\/b><\/p><p><b>Keratine hechting is zacht en plakkerig:<\/b><\/p><p>Langdurig dragen als het nat is of overmatig zweten kan de keratine broos maken<b>.<\/b><\/p><p><b>Waar moet ik rekening mee houden voordat ik ga plaatsen?<\/b><\/p><p>Ongeacht of je kiest voor bonding of tape extensions, je eigen haar moet grondig gewassen worden met een diepreinigende shampoo voordat je het inbrengt. Als het haar niet grondig gereinigd is en er bijvoorbeeld nog resten van stylingproducten op je haar zitten, kan de keratine of lijm niet hechten aan je eigen haar. Hierdoor kunnen de extensions afzakken.<\/p>\n\t\t\t\t\t\t\t\t\t\t\t\t\t\t\t\t\t\t<\/div>\n\t\t\t\t<\/div>\n\t\t\t\t\t\t\t\n\t\t\t\t<div class=\"wd-accordion-item\">\n\t\t\t\t\t<div class=\"wd-accordion-title wd-role-btn\" data-accordion-index=\"5\" tabindex=\"0\">\n\t\t\t\t\t\t<div class=\"wd-accordion-title-text\">\n\t\t\t\t\t\t\t\t\t\t\t\t\t\t<span>\n\t\t\t\t\t\t\t\tIs het mogelijk om telefonisch te bestellen?\t\t\t\t\t\t\t<\/span>\n\t\t\t\t\t\t<\/div>\n\t\t\t\t\t\t<span class=\"wd-accordion-opener\"><\/span>\n\t\t\t\t\t<\/div>\n\n\t\t\t\t\t<div class=\"wd-accordion-content wd-entry-content\" data-accordion-index=\"5\">\n\t\t\t\t\t\t\t\t\t\t\t\t\t\n\t\t\t\t\t\t\t<p>We nemen je bestelling ook graag telefonisch aan op +491743786091. We kunnen je echter alleen de betaalmethoden Paypal, directe bankoverschrijving, vooruitbetaling of contant geld bij afhalen aanbieden als je telefonisch bestelt.<\/p>\n\t\t\t\t\t\t\t\t\t\t\t\t\t\t\t\t\t\t<\/div>\n\t\t\t\t<\/div>\n\t\t\t\t\t\t\t\n\t\t\t\t<div class=\"wd-accordion-item\">\n\t\t\t\t\t<div class=\"wd-accordion-title wd-role-btn\" data-accordion-index=\"6\" tabindex=\"0\">\n\t\t\t\t\t\t<div class=\"wd-accordion-title-text\">\n\t\t\t\t\t\t\t\t\t\t\t\t\t\t<span>\n\t\t\t\t\t\t\t\tOntvang ik een orderbevestiging?\t\t\t\t\t\t\t<\/span>\n\t\t\t\t\t\t<\/div>\n\t\t\t\t\t\t<span class=\"wd-accordion-opener\"><\/span>\n\t\t\t\t\t<\/div>\n\n\t\t\t\t\t<div class=\"wd-accordion-content wd-entry-content\" data-accordion-index=\"6\">\n\t\t\t\t\t\t\t\t\t\t\t\t\t\n\t\t\t\t\t\t\t<p>Ja, je ontvangt van ons een orderbevestiging per e-mail zodra we je bestelling hebben ontvangen. Als je een klantenaccount hebt, kun je daar ook je bestellingen bekijken.<\/p>\n\t\t\t\t\t\t\t\t\t\t\t\t\t\t\t\t\t\t<\/div>\n\t\t\t\t<\/div>\n\t\t\t\t\t\t\t\n\t\t\t\t<div class=\"wd-accordion-item\">\n\t\t\t\t\t<div class=\"wd-accordion-title wd-role-btn\" data-accordion-index=\"7\" tabindex=\"0\">\n\t\t\t\t\t\t<div class=\"wd-accordion-title-text\">\n\t\t\t\t\t\t\t\t\t\t\t\t\t\t<span>\n\t\t\t\t\t\t\t\tHeb ik een klantenaccount nodig om een bestelling te plaatsen?\t\t\t\t\t\t\t<\/span>\n\t\t\t\t\t\t<\/div>\n\t\t\t\t\t\t<span class=\"wd-accordion-opener\"><\/span>\n\t\t\t\t\t<\/div>\n\n\t\t\t\t\t<div class=\"wd-accordion-content wd-entry-content\" data-accordion-index=\"7\">\n\t\t\t\t\t\t\t\t\t\t\t\t\t\n\t\t\t\t\t\t\t<p>Nee, je kunt ook als gast bestellen zonder klantenaccount. Als je echter een klantenaccount aanmaakt, kun je je bestellingen en de verzendstatus bekijken.<\/p>\n\t\t\t\t\t\t\t\t\t\t\t\t\t\t\t\t\t\t<\/div>\n\t\t\t\t<\/div>\n\t\t\t\t\t\t\t\n\t\t\t\t<div class=\"wd-accordion-item\">\n\t\t\t\t\t<div class=\"wd-accordion-title wd-role-btn\" data-accordion-index=\"8\" tabindex=\"0\">\n\t\t\t\t\t\t<div class=\"wd-accordion-title-text\">\n\t\t\t\t\t\t\t\t\t\t\t\t\t\t<span>\n\t\t\t\t\t\t\t\tWat moet ik doen als ik het wachtwoord voor mijn klantenaccount wil wijzigen of als ik het vergeten ben?\t\t\t\t\t\t\t<\/span>\n\t\t\t\t\t\t<\/div>\n\t\t\t\t\t\t<span class=\"wd-accordion-opener\"><\/span>\n\t\t\t\t\t<\/div>\n\n\t\t\t\t\t<div class=\"wd-accordion-content wd-entry-content\" data-accordion-index=\"8\">\n\t\t\t\t\t\t\t\t\t\t\t\t\t\n\t\t\t\t\t\t\t<p>Als u uw wachtwoord wilt wijzigen of als u het bent vergeten, kunt u dit doen met de knop <a href=\"https:\/\/www.haartick-extensions.de\/nl\/mein-konto\/lost-password\/\">\"Wachtwoord vergeten\".<\/a> een nieuw wachtwoord aanmaken.<\/p>\n\t\t\t\t\t\t\t\t\t\t\t\t\t\t\t\t\t\t<\/div>\n\t\t\t\t<\/div>\n\t\t\t\t\t\t\t\n\t\t\t\t<div class=\"wd-accordion-item\">\n\t\t\t\t\t<div class=\"wd-accordion-title wd-role-btn\" data-accordion-index=\"9\" tabindex=\"0\">\n\t\t\t\t\t\t<div class=\"wd-accordion-title-text\">\n\t\t\t\t\t\t\t\t\t\t\t\t\t\t<span>\n\t\t\t\t\t\t\t\tWat kan ik doen als het artikel dat ik wil hebben is uitverkocht?\t\t\t\t\t\t\t<\/span>\n\t\t\t\t\t\t<\/div>\n\t\t\t\t\t\t<span class=\"wd-accordion-opener\"><\/span>\n\t\t\t\t\t<\/div>\n\n\t\t\t\t\t<div class=\"wd-accordion-content wd-entry-content\" data-accordion-index=\"9\">\n\t\t\t\t\t\t\t\t\t\t\t\t\t\n\t\t\t\t\t\t\t<p>Je hebt de mogelijkheid om je direct bij het product te registreren met je e-mailadres. Zodra het artikel weer beschikbaar is, informeren we je direct per e-mail. <br \/>Je kunt ook contact met ons opnemen via WhatsApp of per telefoon, zodat we je indien nodig kunnen adviseren en alternatieve kleuren en producten kunnen aanbevelen.<\/p>\n\t\t\t\t\t\t\t\t\t\t\t\t\t\t\t\t\t\t<\/div>\n\t\t\t\t<\/div>\n\t\t\t\t\t\t\t\n\t\t\t\t<div class=\"wd-accordion-item\">\n\t\t\t\t\t<div class=\"wd-accordion-title wd-role-btn\" data-accordion-index=\"10\" tabindex=\"0\">\n\t\t\t\t\t\t<div class=\"wd-accordion-title-text\">\n\t\t\t\t\t\t\t\t\t\t\t\t\t\t<span>\n\t\t\t\t\t\t\t\tIk ben vergeten mijn kortingscode in te wisselen. Is het mogelijk om dit achteraf alsnog te doen?\t\t\t\t\t\t\t<\/span>\n\t\t\t\t\t\t<\/div>\n\t\t\t\t\t\t<span class=\"wd-accordion-opener\"><\/span>\n\t\t\t\t\t<\/div>\n\n\t\t\t\t\t<div class=\"wd-accordion-content wd-entry-content\" data-accordion-index=\"10\">\n\t\t\t\t\t\t\t\t\t\t\t\t\t\n\t\t\t\t\t\t\t<p>Nee, helaas kun je kortingscodes niet met terugwerkende kracht inwisselen. Je kunt deze echter wel gebruiken op je volgende bestelling.<\/p>\n\t\t\t\t\t\t\t\t\t\t\t\t\t\t\t\t\t\t<\/div>\n\t\t\t\t<\/div>\n\t\t\t\t\t\t\t\n\t\t\t\t<div class=\"wd-accordion-item\">\n\t\t\t\t\t<div class=\"wd-accordion-title wd-role-btn\" data-accordion-index=\"11\" tabindex=\"0\">\n\t\t\t\t\t\t<div class=\"wd-accordion-title-text\">\n\t\t\t\t\t\t\t\t\t\t\t\t\t\t<span>\n\t\t\t\t\t\t\t\tKan ik mijn bestelling achteraf bewerken\/annuleren of mijn afleveradres wijzigen?\t\t\t\t\t\t\t<\/span>\n\t\t\t\t\t\t<\/div>\n\t\t\t\t\t\t<span class=\"wd-accordion-opener\"><\/span>\n\t\t\t\t\t<\/div>\n\n\t\t\t\t\t<div class=\"wd-accordion-content wd-entry-content\" data-accordion-index=\"11\">\n\t\t\t\t\t\t\t\t\t\t\t\t\t\n\t\t\t\t\t\t\t<p>We vragen je begrip voor het feit dat je geen wijzigingen meer kunt aanbrengen zodra je bestelling succesvol is ontvangen, omdat dit de enige manier is waarop we je de snelst mogelijke levertijden kunnen bieden.<\/p>\n\t\t\t\t\t\t\t\t\t\t\t\t\t\t\t\t\t\t<\/div>\n\t\t\t\t<\/div>\n\t\t\t\t\t\t\t\n\t\t\t\t<div class=\"wd-accordion-item\">\n\t\t\t\t\t<div class=\"wd-accordion-title wd-role-btn\" data-accordion-index=\"12\" tabindex=\"0\">\n\t\t\t\t\t\t<div class=\"wd-accordion-title-text\">\n\t\t\t\t\t\t\t\t\t\t\t\t\t\t<span>\n\t\t\t\t\t\t\t\tIs het mogelijk om het product terug te sturen of te ruilen als het niet bevalt?\t\t\t\t\t\t\t<\/span>\n\t\t\t\t\t\t<\/div>\n\t\t\t\t\t\t<span class=\"wd-accordion-opener\"><\/span>\n\t\t\t\t\t<\/div>\n\n\t\t\t\t\t<div class=\"wd-accordion-content wd-entry-content\" data-accordion-index=\"12\">\n\t\t\t\t\t\t\t\t\t\t\t\t\t\n\t\t\t\t\t\t\t<p>Je hebt de mogelijkheid om ongewenste producten binnen 14 dagen zonder problemen te retourneren. <br \/>Houd er rekening mee dat artikelen met een hygi\u00ebnezegel alleen in onbeschadigde staat kunnen worden geretourneerd. Je mag de producten echter wel uit de verpakking halen om ze aan te raken en de kwaliteit of kleur te controleren. Knip bij het retourneren echter geen verbindingspunten door, verf geen haar en hanteer of beschadig de artikelen niet op een andere manier. <br \/>Als je een vervangend product wilt, bestel dit dan opnieuw in onze online winkel. <br \/>Houd er rekening mee dat aangepaste producten en speciale bestellingen niet geruild kunnen worden.<\/p>\n\t\t\t\t\t\t\t\t\t\t\t\t\t\t\t\t\t\t<\/div>\n\t\t\t\t<\/div>\n\t\t\t\t\t<\/div>\n\t\t\t\t\t\t<\/div>\n\t\t\t\t<\/div>\n\t\t\t\t\t<\/div>\n\t\t\t\t<\/div>\n\t\t\t\t<\/div>","protected":false},"excerpt":{"rendered":"<p>Schaden Extensions dem eigenen Haar? Wenn Sie die Extensions von einem erfahrenen Friseur oder Profi im Bereich Haarverl\u00e4ngerung einarbeiten und<\/p>","protected":false},"author":1,"featured_media":0,"parent":0,"menu_order":0,"comment_status":"closed","ping_status":"closed","template":"elementor_header_footer","meta":{"_joinchat":[],"footnotes":""},"class_list":["post-22045","page","type-page","status-publish","hentry"],"yoast_head":"<!-- This site is optimized with the Yoast SEO plugin v25.6 - https:\/\/yoast.com\/wordpress\/plugins\/seo\/ -->\n<title>Q&amp;A - Haartick-Extensions<\/title>\n<meta name=\"description\" content=\"Hier findest du alle wichtigen Antworten zu Haarverl\u00e4ngerung, Echthaar Extensions und Pflege. Klare Tipps und Infos f\u00fcr deine perfekte Haarverl\u00e4ngerung.\" \/>\n<meta name=\"robots\" content=\"index, follow, max-snippet:-1, max-image-preview:large, max-video-preview:-1\" \/>\n<link rel=\"canonical\" href=\"https:\/\/www.haartick-extensions.de\/nl\/faq-haarverlaengerung-antworten-zu-extensions-pflege\/\" \/>\n<meta property=\"og:locale\" content=\"nl_NL\" \/>\n<meta property=\"og:type\" content=\"article\" \/>\n<meta property=\"og:title\" content=\"FAQ Haarverl\u00e4ngerung \u2013 Antworten zu Extensions &amp; Pflege\" \/>\n<meta property=\"og:description\" content=\"Hier findest du alle wichtigen Antworten zu Haarverl\u00e4ngerung, Echthaar Extensions und Pflege. Klare Tipps und Infos f\u00fcr deine perfekte Haarverl\u00e4ngerung.\" \/>\n<meta property=\"og:url\" content=\"https:\/\/www.haartick-extensions.de\/nl\/faq-haarverlaengerung-antworten-zu-extensions-pflege\/\" \/>\n<meta property=\"og:site_name\" content=\"Haartick-Extensions\" \/>\n<meta property=\"article:modified_time\" content=\"2025-08-28T16:54:08+00:00\" \/>\n<meta name=\"twitter:card\" content=\"summary_large_image\" \/>\n<meta name=\"twitter:label1\" content=\"Geschatte leestijd\" \/>\n\t<meta name=\"twitter:data1\" content=\"5 minuten\" \/>\n<script type=\"application\/ld+json\" class=\"yoast-schema-graph\">{\"@context\":\"https:\/\/schema.org\",\"@graph\":[{\"@type\":\"WebPage\",\"@id\":\"https:\/\/www.haartick-extensions.de\/it\/faq-haarverlaengerung-antworten-zu-extensions-pflege\/\",\"url\":\"https:\/\/www.haartick-extensions.de\/it\/faq-haarverlaengerung-antworten-zu-extensions-pflege\/\",\"name\":\"Q&A - Haartick-Extensions\",\"isPartOf\":{\"@id\":\"https:\/\/www.haartick-extensions.de\/it\/#website\"},\"datePublished\":\"2024-11-01T11:43:45+00:00\",\"dateModified\":\"2025-08-28T16:54:08+00:00\",\"description\":\"Hier findest du alle wichtigen Antworten zu Haarverl\u00e4ngerung, Echthaar Extensions und Pflege. Klare Tipps und Infos f\u00fcr deine perfekte Haarverl\u00e4ngerung.\",\"breadcrumb\":{\"@id\":\"https:\/\/www.haartick-extensions.de\/it\/faq-haarverlaengerung-antworten-zu-extensions-pflege\/#breadcrumb\"},\"inLanguage\":\"nl-NL\",\"potentialAction\":[{\"@type\":\"ReadAction\",\"target\":[\"https:\/\/www.haartick-extensions.de\/it\/faq-haarverlaengerung-antworten-zu-extensions-pflege\/\"]}]},{\"@type\":\"BreadcrumbList\",\"@id\":\"https:\/\/www.haartick-extensions.de\/it\/faq-haarverlaengerung-antworten-zu-extensions-pflege\/#breadcrumb\",\"itemListElement\":[{\"@type\":\"ListItem\",\"position\":1,\"name\":\"Startseite\",\"item\":\"https:\/\/www.haartick-extensions.de\/it\/\"},{\"@type\":\"ListItem\",\"position\":2,\"name\":\"Q&#038;A\"}]},{\"@type\":\"WebSite\",\"@id\":\"https:\/\/www.haartick-extensions.de\/it\/#website\",\"url\":\"https:\/\/www.haartick-extensions.de\/it\/\",\"name\":\"Haartick-Extensions\",\"description\":\"Professionelle Haarverl\u00e4ngerund \/ Haarverdichtung mit 100% Echthaar.\",\"publisher\":{\"@id\":\"https:\/\/www.haartick-extensions.de\/it\/#organization\"},\"potentialAction\":[{\"@type\":\"SearchAction\",\"target\":{\"@type\":\"EntryPoint\",\"urlTemplate\":\"https:\/\/www.haartick-extensions.de\/it\/?s={search_term_string}\"},\"query-input\":{\"@type\":\"PropertyValueSpecification\",\"valueRequired\":true,\"valueName\":\"search_term_string\"}}],\"inLanguage\":\"nl-NL\"},{\"@type\":\"Organization\",\"@id\":\"https:\/\/www.haartick-extensions.de\/it\/#organization\",\"name\":\"Haartick Extensions\",\"url\":\"https:\/\/www.haartick-extensions.de\/it\/\",\"logo\":{\"@type\":\"ImageObject\",\"inLanguage\":\"nl-NL\",\"@id\":\"https:\/\/www.haartick-extensions.de\/it\/#\/schema\/logo\/image\/\",\"url\":\"https:\/\/www.haartick-extensions.de\/wp-content\/uploads\/2024\/05\/cropped-Logo-mark-charm.png\",\"contentUrl\":\"https:\/\/www.haartick-extensions.de\/wp-content\/uploads\/2024\/05\/cropped-Logo-mark-charm.png\",\"width\":512,\"height\":512,\"caption\":\"Haartick Extensions\"},\"image\":{\"@id\":\"https:\/\/www.haartick-extensions.de\/it\/#\/schema\/logo\/image\/\"}}]}<\/script>\n<!-- \/ Yoast SEO plugin. -->","yoast_head_json":{"title":"Q&A - Haartick-Extensions","description":"Hier findest du alle wichtigen Antworten zu Haarverl\u00e4ngerung, Echthaar Extensions und Pflege. Klare Tipps und Infos f\u00fcr deine perfekte Haarverl\u00e4ngerung.","robots":{"index":"index","follow":"follow","max-snippet":"max-snippet:-1","max-image-preview":"max-image-preview:large","max-video-preview":"max-video-preview:-1"},"canonical":"https:\/\/www.haartick-extensions.de\/nl\/faq-haarverlaengerung-antworten-zu-extensions-pflege\/","og_locale":"nl_NL","og_type":"article","og_title":"FAQ Haarverl\u00e4ngerung \u2013 Antworten zu Extensions & Pflege","og_description":"Hier findest du alle wichtigen Antworten zu Haarverl\u00e4ngerung, Echthaar Extensions und Pflege. Klare Tipps und Infos f\u00fcr deine perfekte Haarverl\u00e4ngerung.","og_url":"https:\/\/www.haartick-extensions.de\/nl\/faq-haarverlaengerung-antworten-zu-extensions-pflege\/","og_site_name":"Haartick-Extensions","article_modified_time":"2025-08-28T16:54:08+00:00","twitter_card":"summary_large_image","twitter_misc":{"Geschatte leestijd":"5 minuten"},"schema":{"@context":"https:\/\/schema.org","@graph":[{"@type":"WebPage","@id":"https:\/\/www.haartick-extensions.de\/it\/faq-haarverlaengerung-antworten-zu-extensions-pflege\/","url":"https:\/\/www.haartick-extensions.de\/it\/faq-haarverlaengerung-antworten-zu-extensions-pflege\/","name":"Q&A - Haartick-Extensions","isPartOf":{"@id":"https:\/\/www.haartick-extensions.de\/it\/#website"},"datePublished":"2024-11-01T11:43:45+00:00","dateModified":"2025-08-28T16:54:08+00:00","description":"Hier findest du alle wichtigen Antworten zu Haarverl\u00e4ngerung, Echthaar Extensions und Pflege. Klare Tipps und Infos f\u00fcr deine perfekte Haarverl\u00e4ngerung.","breadcrumb":{"@id":"https:\/\/www.haartick-extensions.de\/it\/faq-haarverlaengerung-antworten-zu-extensions-pflege\/#breadcrumb"},"inLanguage":"nl-NL","potentialAction":[{"@type":"ReadAction","target":["https:\/\/www.haartick-extensions.de\/it\/faq-haarverlaengerung-antworten-zu-extensions-pflege\/"]}]},{"@type":"BreadcrumbList","@id":"https:\/\/www.haartick-extensions.de\/it\/faq-haarverlaengerung-antworten-zu-extensions-pflege\/#breadcrumb","itemListElement":[{"@type":"ListItem","position":1,"name":"Startseite","item":"https:\/\/www.haartick-extensions.de\/it\/"},{"@type":"ListItem","position":2,"name":"Q&#038;A"}]},{"@type":"WebSite","@id":"https:\/\/www.haartick-extensions.de\/it\/#website","url":"https:\/\/www.haartick-extensions.de\/it\/","name":"Haarstick extensies","description":"Professionele haarverlenging en -verdikking met 100% menselijk haar.","publisher":{"@id":"https:\/\/www.haartick-extensions.de\/it\/#organization"},"potentialAction":[{"@type":"SearchAction","target":{"@type":"EntryPoint","urlTemplate":"https:\/\/www.haartick-extensions.de\/it\/?s={search_term_string}"},"query-input":{"@type":"PropertyValueSpecification","valueRequired":true,"valueName":"search_term_string"}}],"inLanguage":"nl-NL"},{"@type":"Organization","@id":"https:\/\/www.haartick-extensions.de\/it\/#organization","name":"Haartick uitbreidingen","url":"https:\/\/www.haartick-extensions.de\/it\/","logo":{"@type":"ImageObject","inLanguage":"nl-NL","@id":"https:\/\/www.haartick-extensions.de\/it\/#\/schema\/logo\/image\/","url":"https:\/\/www.haartick-extensions.de\/wp-content\/uploads\/2024\/05\/cropped-Logo-mark-charm.png","contentUrl":"https:\/\/www.haartick-extensions.de\/wp-content\/uploads\/2024\/05\/cropped-Logo-mark-charm.png","width":512,"height":512,"caption":"Haartick Extensions"},"image":{"@id":"https:\/\/www.haartick-extensions.de\/it\/#\/schema\/logo\/image\/"}}]}},"_links":{"self":[{"href":"https:\/\/www.haartick-extensions.de\/nl\/wp-json\/wp\/v2\/pages\/22045","targetHints":{"allow":["GET"]}}],"collection":[{"href":"https:\/\/www.haartick-extensions.de\/nl\/wp-json\/wp\/v2\/pages"}],"about":[{"href":"https:\/\/www.haartick-extensions.de\/nl\/wp-json\/wp\/v2\/types\/page"}],"author":[{"embeddable":true,"href":"https:\/\/www.haartick-extensions.de\/nl\/wp-json\/wp\/v2\/users\/1"}],"replies":[{"embeddable":true,"href":"https:\/\/www.haartick-extensions.de\/nl\/wp-json\/wp\/v2\/comments?post=22045"}],"version-history":[{"count":0,"href":"https:\/\/www.haartick-extensions.de\/nl\/wp-json\/wp\/v2\/pages\/22045\/revisions"}],"wp:attachment":[{"href":"https:\/\/www.haartick-extensions.de\/nl\/wp-json\/wp\/v2\/media?parent=22045"}],"curies":[{"name":"wp","href":"https:\/\/api.w.org\/{rel}","templated":true}]}}